{"id":1488,"date":"2023-12-07T14:14:17","date_gmt":"2023-12-07T14:14:17","guid":{"rendered":"https:\/\/tropicalwingsbirds.shop\/?post_type=product&#038;p=1488"},"modified":"2023-12-07T14:16:49","modified_gmt":"2023-12-07T14:16:49","slug":"buy-conure-parrots-eggs-for-sale-online","status":"publish","type":"product","link":"https:\/\/tropicalwingsbirds.shop\/af\/winkel\/buy-conure-parrots-eggs-for-sale-online\/","title":{"rendered":"Koop Conure Papegaaie Eiers Te Koop Aanlyn"},"content":{"rendered":"<p>Te koop, algemeen gevind in die noordoostelike streke van Suid-Amerika<strong>,\u00a0<\/strong>is &#039;n helderkleurige spesie wat baie soos die jenday-conure en groenwang-conure lyk. Aangesien dit as &#039;n monomorfiese spesie bestaan, deel die mannetjies en wyfies dieselfde fisiese kenmerke.<\/p>\n<h4><span id=\"How_many_clutches_is_safe_for_a_conure_to_have_in_a_year\"><strong>Hoeveel broeisels is veilig vir &#039;n conure om in &#039;n jaar te h\u00ea?<\/strong><\/span><\/h4>\n<p>In die wilde conure is die broeiseisoen in die lente\/somer. Mak conures kan egter die hele jaar deur eiers l\u00ea. Dit beteken ook dat conures verskeie broeisels in &#039;n broeiseisoen kan l\u00ea, alhoewel dit gesondheidsimpakte kan h\u00ea. Ideaal gesproke moet jy jou conure toelaat om 2-3 broeisels te l\u00ea.<\/p>\n<h4><b><strong>Son Conure Papegaaie Eiers<\/strong><\/b><\/h4>\n<ul>\n<li>Conures begin hul adolessensiefase deurgaan op ongeveer 12-18 maande ouderdom.<\/li>\n<li>Dit kan met &#039;n magdom gedragsveranderinge gepaardgaan namate hul hormone &#039;n styging in vlakke bereik.\u00a0<strong>Son Conure Papegaaie Eiers<\/strong><\/li>\n<li>Maak gereed vir &#039;n humeurige tiener in vo\u00eblvorm!<\/li>\n<li>&#039;n Algemene wanopvatting is dat puberteit dieselfde is as seksuele volwassenheid.<\/li>\n<li>Conures sal egter nie volle seksuele volwassenheid bereik totdat hulle 2 jaar oud is nie.<\/li>\n<li>Om &#039;n wyfie te vroeg te teel, kan gesondheidsprobleme veroorsaak en sy is dalk nie volwasse genoeg om op &#039;n broeisel te wil sit nie.<\/li>\n<li>Conures kan eiers begin l\u00ea op enige ouderdom van 1-2 jaar.<\/li>\n<li>Dit is &#039;n normale deel van die grootwordproses.<\/li>\n<li>Selfs al l\u00ea jou conure eiers, word dit aanbeveel om nie conures te teel totdat albei ouer as 2 jaar is nie.<\/li>\n<li>Die ouderdom waarop conures ophou om eiers te l\u00ea, wissel na gelang van die individu en hoeveel broeisels hulle gehad het.<\/li>\n<li>Die gemiddelde ouderdom is 7-10 jaar.<\/li>\n<li>Op hierdie stadium sal hulle nie meer geteel kan word nie.<\/li>\n<li>Jou vo\u00ebl het egter nog baie lewe voor hulle, aangesien conures gewoonlik ongeveer 15-20 jaar oud word.<\/li>\n<\/ul>","protected":false},"excerpt":{"rendered":"<p>For Sale, found commonly in the northeastern regions of South America,\u00a0is a brightly-colored\u00a0that closely resembles the\u00a0jenday conure\u00a0and green-cheeked conure. Since it exists as a monomorphic species, the males and females share the same physical features. How many clutches is safe for a conure to have in a year? In the wild conure breeding season is [&hellip;]<\/p>","protected":false},"featured_media":1525,"comment_status":"closed","ping_status":"closed","template":"","meta":{"site-sidebar-layout":"default","site-content-layout":"","ast-site-content-layout":"default","site-content-style":"default","site-sidebar-style":"default","ast-global-header-display":"","ast-banner-title-visibility":"","ast-main-header-display":"","ast-hfb-above-header-display":"","ast-hfb-below-header-display":"","ast-hfb-mobile-header-display":"","site-post-title":"","ast-breadcrumbs-content":"","ast-featured-img":"","footer-sml-layout":"","theme-transparent-header-meta":"","adv-header-id-meta":"","stick-header-meta":"","header-above-stick-meta":"","header-main-stick-meta":"","header-below-stick-meta":"","astra-migrate-meta-layouts":"default","ast-page-background-enabled":"default","ast-page-background-meta":{"desktop":{"background-color":"var(--ast-global-color-4)","background-image":"","background-repeat":"repeat","background-position":"center center","background-size":"auto","background-attachment":"scroll","background-type":"","background-media":"","overlay-type":"","overlay-color":"","overlay-opacity":"","overlay-gradient":""},"tablet":{"background-color":"","background-image":"","background-repeat":"repeat","background-position":"center center","background-size":"auto","background-attachment":"scroll","background-type":"","background-media":"","overlay-type":"","overlay-color":"","overlay-opacity":"","overlay-gradient":""},"mobile":{"background-color":"","background-image":"","background-repeat":"repeat","background-position":"center center","background-size":"auto","background-attachment":"scroll","background-type":"","background-media":"","overlay-type":"","overlay-color":"","overlay-opacity":"","overlay-gradient":""}},"ast-content-background-meta":{"desktop":{"background-color":"var(--ast-global-color-5)","background-image":"","background-repeat":"repeat","background-position":"center center","background-size":"auto","background-attachment":"scroll","background-type":"","background-media":"","overlay-type":"","overlay-color":"","overlay-opacity":"","overlay-gradient":""},"tablet":{"background-color":"var(--ast-global-color-5)","background-image":"","background-repeat":"repeat","background-position":"center center","background-size":"auto","background-attachment":"scroll","background-type":"","background-media":"","overlay-type":"","overlay-color":"","overlay-opacity":"","overlay-gradient":""},"mobile":{"background-color":"var(--ast-global-color-5)","background-image":"","background-repeat":"repeat","background-position":"center center","background-size":"auto","background-attachment":"scroll","background-type":"","background-media":"","overlay-type":"","overlay-color":"","overlay-opacity":"","overlay-gradient":""}}},"product_brand":[],"product_cat":[463,486],"product_tag":[1254,1255,1256,1257,1258,1259,1260,1261,1262,724,725,1263,726,1264,1265,1266,1267,1268,1269,1270,1271,1272,1273,1274,1275,1276,1277,1278,1279,1280,1281,1282,1283,1284,1285,1286,1287,1288,1289,1290,1291,1292,1293,1294,1295,1296,1297,1298,1299,1300,1301,1302,1303,1304,1305,732,1306,1307,1308,1309,1310,1311,1312,1313,1314,1315,1316,1317,1318,1319,1320,1321],"class_list":{"0":"post-1488","1":"product","2":"type-product","3":"status-publish","4":"has-post-thumbnail","6":"product_cat-conure-parrots","7":"product_cat-fertile-parrot-eggs","8":"product_tag-are-eggs-safe-for-parrots","9":"product_tag-black-cap-conures-parrot-eggs-for-sale","10":"product_tag-black-capped-conures-parrot-eggs-for-sale","11":"product_tag-blue-crowned-conures-parrot-eggs-for-sale","12":"product_tag-can-conures-live-with-other-birds","13":"product_tag-can-parrots-mate-with-other-birds","14":"product_tag-conure-bird-eggs","15":"product_tag-conure-bird-eggs-for-sale","16":"product_tag-conure-egg-binding","17":"product_tag-conure-eggs","18":"product_tag-conure-eggs-fertile","19":"product_tag-conure-eggs-for-sale","20":"product_tag-conure-eggs-hatching","21":"product_tag-conure-parrot-eggs-cage","22":"product_tag-conure-parrot-eggs-can-they-talk","23":"product_tag-conure-parrot-eggs-care","24":"product_tag-conure-parrots-eggs-allrecipes","25":"product_tag-conure-parrots-eggs-and-ham","26":"product_tag-conure-parrots-eggs-are-bad","27":"product_tag-conure-parrots-eggs-as-pets","28":"product_tag-conure-parrots-eggs-bad-for-you","29":"product_tag-conure-parrots-eggs-beak","30":"product_tag-conure-parrots-eggs-behavior","31":"product_tag-conure-parrots-eggs-benedict","32":"product_tag-conure-parrots-eggs-benedict-recipe","33":"product_tag-conure-parrots-eggs-best","34":"product_tag-conure-parrots-eggs-blue","35":"product_tag-conure-parrots-eggs-boiled","36":"product_tag-conure-parrots-eggs-breeding-cage","37":"product_tag-conure-parrots-eggs-cafe","38":"product_tag-conure-parrots-eggs-calories","39":"product_tag-conure-parrots-eggs-chart","40":"product_tag-conure-parrots-eggs-color","41":"product_tag-conure-parrots-eggs-color-chart","42":"product_tag-conure-parrots-eggs-come-from","43":"product_tag-conure-parrots-eggs-cost","44":"product_tag-conure-parrots-eggs-daily","45":"product_tag-conure-parrots-eggs-dairy","46":"product_tag-conure-parrots-eggs-dates","47":"product_tag-conure-parrots-eggs-dead","48":"product_tag-conure-parrots-eggs-diet","49":"product_tag-conure-parrots-eggs-different-colors","50":"product_tag-conure-parrots-eggs-do","51":"product_tag-conure-parrots-eggs-does","52":"product_tag-conure-parrots-eggs-does-a-woman-have","53":"product_tag-conure-parrots-eggs-getting-bigger","54":"product_tag-conure-parrots-eggs-go-bad","55":"product_tag-conure-parrots-eggs-good","56":"product_tag-conure-parrots-eggs-good-or-bad","57":"product_tag-conure-parrots-eggs-good-pets","58":"product_tag-conure-parrots-eggs-good-to-eat","59":"product_tag-conure-parrots-eggs-green","60":"product_tag-crimson-bellied-conure-parrot-eggs-for-sale","61":"product_tag-do-conure-birds-make-good-pets","62":"product_tag-dusky-headed-conure-parrot-eggs-for-sale","63":"product_tag-eggs-for-parrots","64":"product_tag-gold-capped-conures-parrot-eggs-for-sale","65":"product_tag-golden-conures-parrot-eggs-for-sale","66":"product_tag-green-cheeked-conure-parrot-eggs-for-sale","67":"product_tag-half-moon-conures-parrot-eggs-for-sale","68":"product_tag-how-long-do-parrots-eggs-take-to-hatch","69":"product_tag-how-to-tell-if-a-conure-egg-is-fertile","70":"product_tag-how-to-tell-if-conure-eggs-are-fertile","71":"product_tag-is-a-conure-a-good-first-bird","72":"product_tag-jenday-conure-parrot-eggs-for-sale","73":"product_tag-maroon-bellied-conure-parrot-eggs-for-sale","74":"product_tag-nanday-conure-parrot-eggs-for-sale","75":"product_tag-pineapple-colored-conures-parrot-eggs-for-sale","76":"product_tag-red-masked-conure-parrot-eggs-for-sale","77":"product_tag-scrambled-eggs-for-parrots","78":"product_tag-sun-conure-parrot-eggs-for-sale","79":"product_tag-turquoise-green-cheek-conures-parrot-eggs-for-sale","80":"desktop-align-left","81":"tablet-align-left","82":"mobile-align-left","83":"ast-product-gallery-layout-horizontal-slider","84":"ast-product-gallery-with-no-image","85":"ast-product-single-variable","86":"ast-product-tabs-layout-horizontal","87":"ast-qv-on-image","89":"first","90":"instock","91":"shipping-taxable","92":"product-type-variable"},"yoast_head":"<!-- This site is optimized with the Yoast SEO Premium plugin v23.2 (Yoast SEO v26.8) - https:\/\/yoast.com\/product\/yoast-seo-premium-wordpress\/ -->\n<title>Buy Conure Parrots Eggs For Sale Online - Tropical Wings Birds<\/title>\n<meta name=\"robots\" content=\"index, follow, max-snippet:-1, max-image-preview:large, max-video-preview:-1\" \/>\n<link rel=\"canonical\" href=\"https:\/\/tropicalwingsbirds.shop\/af\/winkel\/buy-conure-parrots-eggs-for-sale-online\/\" \/>\n<meta property=\"og:locale\" content=\"en_US\" \/>\n<meta property=\"og:type\" content=\"article\" \/>\n<meta property=\"og:title\" content=\"Buy Conure Parrots Eggs For Sale Online\" \/>\n<meta property=\"og:description\" content=\"For Sale, found commonly in the northeastern regions of South America,\u00a0is a brightly-colored\u00a0that closely resembles the\u00a0jenday conure\u00a0and green-cheeked conure. Since it exists as a monomorphic species, the males and females share the same physical features. How many clutches is safe for a conure to have in a year? In the wild conure breeding season is [&hellip;]\" \/>\n<meta property=\"og:url\" content=\"https:\/\/tropicalwingsbirds.shop\/af\/winkel\/buy-conure-parrots-eggs-for-sale-online\/\" \/>\n<meta property=\"og:site_name\" content=\"Tropical Wings Birds\" \/>\n<meta property=\"article:publisher\" content=\"https:\/\/web.facebook.com\/profile.php?id=61551502767851&amp;mibextid=2JQ9oc&amp;_rdc=1&amp;_rdr\" \/>\n<meta property=\"article:modified_time\" content=\"2023-12-07T14:16:49+00:00\" \/>\n<meta property=\"og:image\" content=\"https:\/\/tropicalwingsbirds.shop\/wp-content\/uploads\/2023\/12\/9.jpeg\" \/>\n\t<meta property=\"og:image:width\" content=\"1080\" \/>\n\t<meta property=\"og:image:height\" content=\"1080\" \/>\n\t<meta property=\"og:image:type\" content=\"image\/jpeg\" \/>\n<meta name=\"twitter:card\" content=\"summary_large_image\" \/>\n<meta name=\"twitter:label1\" content=\"Availability\" \/>\n\t<meta name=\"twitter:data1\" content=\"In stock\" \/>\n<script type=\"application\/ld+json\" class=\"yoast-schema-graph\">{\"@context\":\"https:\/\/schema.org\",\"@graph\":[{\"@type\":\"WebPage\",\"@id\":\"https:\/\/tropicalwingsbirds.shop\/shop\/buy-conure-parrots-eggs-for-sale-online\/\",\"url\":\"https:\/\/tropicalwingsbirds.shop\/shop\/buy-conure-parrots-eggs-for-sale-online\/\",\"name\":\"Buy Conure Parrots Eggs For Sale Online - Tropical Wings Birds\",\"isPartOf\":{\"@id\":\"https:\/\/tropicalwingsbirds.shop\/#website\"},\"primaryImageOfPage\":{\"@id\":\"https:\/\/tropicalwingsbirds.shop\/shop\/buy-conure-parrots-eggs-for-sale-online\/#primaryimage\"},\"image\":{\"@id\":\"https:\/\/tropicalwingsbirds.shop\/shop\/buy-conure-parrots-eggs-for-sale-online\/#primaryimage\"},\"thumbnailUrl\":\"https:\/\/tropicalwingsbirds.shop\/wp-content\/uploads\/2023\/12\/9.jpeg\",\"datePublished\":\"2023-12-07T14:14:17+00:00\",\"dateModified\":\"2023-12-07T14:16:49+00:00\",\"breadcrumb\":{\"@id\":\"https:\/\/tropicalwingsbirds.shop\/shop\/buy-conure-parrots-eggs-for-sale-online\/#breadcrumb\"},\"inLanguage\":\"af-ZA\",\"potentialAction\":[{\"@type\":\"ReadAction\",\"target\":[\"https:\/\/tropicalwingsbirds.shop\/shop\/buy-conure-parrots-eggs-for-sale-online\/\"]}]},{\"@type\":\"ImageObject\",\"inLanguage\":\"af-ZA\",\"@id\":\"https:\/\/tropicalwingsbirds.shop\/shop\/buy-conure-parrots-eggs-for-sale-online\/#primaryimage\",\"url\":\"https:\/\/tropicalwingsbirds.shop\/wp-content\/uploads\/2023\/12\/9.jpeg\",\"contentUrl\":\"https:\/\/tropicalwingsbirds.shop\/wp-content\/uploads\/2023\/12\/9.jpeg\",\"width\":1080,\"height\":1080},{\"@type\":\"BreadcrumbList\",\"@id\":\"https:\/\/tropicalwingsbirds.shop\/shop\/buy-conure-parrots-eggs-for-sale-online\/#breadcrumb\",\"itemListElement\":[{\"@type\":\"ListItem\",\"position\":1,\"name\":\"Home\",\"item\":\"https:\/\/tropicalwingsbirds.shop\/\"},{\"@type\":\"ListItem\",\"position\":2,\"name\":\"Shop\",\"item\":\"https:\/\/tropicalwingsbirds.shop\/shop\/\"},{\"@type\":\"ListItem\",\"position\":3,\"name\":\"Buy Conure Parrots Eggs For Sale Online\"}]},{\"@type\":\"WebSite\",\"@id\":\"https:\/\/tropicalwingsbirds.shop\/#website\",\"url\":\"https:\/\/tropicalwingsbirds.shop\/\",\"name\":\"Tropical Wings Birds\",\"description\":\"Best Exotic birds breeders online\",\"publisher\":{\"@id\":\"https:\/\/tropicalwingsbirds.shop\/#organization\"},\"potentialAction\":[{\"@type\":\"SearchAction\",\"target\":{\"@type\":\"EntryPoint\",\"urlTemplate\":\"https:\/\/tropicalwingsbirds.shop\/?s={search_term_string}\"},\"query-input\":{\"@type\":\"PropertyValueSpecification\",\"valueRequired\":true,\"valueName\":\"search_term_string\"}}],\"inLanguage\":\"af-ZA\"},{\"@type\":[\"Organization\",\"Place\",\"PetStore\"],\"@id\":\"https:\/\/tropicalwingsbirds.shop\/#organization\",\"name\":\"Tropical Wings Birds Shop\",\"alternateName\":\"TPWB\",\"url\":\"https:\/\/tropicalwingsbirds.shop\/\",\"logo\":{\"@id\":\"https:\/\/tropicalwingsbirds.shop\/shop\/buy-conure-parrots-eggs-for-sale-online\/#local-main-organization-logo\"},\"image\":{\"@id\":\"https:\/\/tropicalwingsbirds.shop\/shop\/buy-conure-parrots-eggs-for-sale-online\/#local-main-organization-logo\"},\"sameAs\":[\"https:\/\/web.facebook.com\/profile.php?id=61551502767851&mibextid=2JQ9oc&_rdc=1&_rdr\"],\"description\":\"Tropical Wings Birds is your destination for exotic avian companionship. Our boutique aviary in United States offers a curated selection of vibrant tropical birds sourced from reputable breeders worldwide. With a focus on welfare and expertise, our dedicated team is here to guide you on your journey to finding the perfect feathered friend. Visit us today and experience the magic of avian companionship at Tropical Wings Birds.\",\"legalName\":\"Tropical Wings Birds\",\"foundingDate\":\"2019-02-14\",\"numberOfEmployees\":{\"@type\":\"QuantitativeValue\",\"minValue\":\"1\",\"maxValue\":\"10\"},\"address\":{\"@id\":\"https:\/\/tropicalwingsbirds.shop\/shop\/buy-conure-parrots-eggs-for-sale-online\/#local-main-place-address\"},\"geo\":{\"@type\":\"GeoCoordinates\",\"latitude\":\"40.5976725\",\"longitude\":\"-122.3716346\"},\"telephone\":[\"+1 707-733-4623\",\"+1 707-733-4623\"],\"contactPoint\":{\"@type\":\"ContactPoint\",\"telephone\":\"+1 707-733-4623\",\"email\":\"sales@tropicalwingsbirds.shop\"},\"openingHoursSpecification\":{\"@type\":\"OpeningHoursSpecification\",\"dayOfWeek\":[\"Monday\",\"Tuesday\",\"Wednesday\",\"Thursday\",\"Friday\",\"Saturday\",\"Sunday\"],\"opens\":\"00:00\",\"closes\":\"23:59\"},\"email\":\"sales@tropicalwingsbirds.shop\",\"faxNumber\":\"+1 707-733-4623\",\"areaServed\":\"United states, Porto Rico, Canada, Australia\",\"priceRange\":\"$\",\"currenciesAccepted\":\"USD, CAD, AUD,\",\"paymentAccepted\":\"Zelle, Paypal, Bitcoin, Apple pay, Credit cards, Bank transfers\"},{\"@type\":\"PostalAddress\",\"@id\":\"https:\/\/tropicalwingsbirds.shop\/shop\/buy-conure-parrots-eggs-for-sale-online\/#local-main-place-address\",\"streetAddress\":\"500 Hilltop Dr,\",\"addressLocality\":\"Redding\",\"postalCode\":\"96003\",\"addressRegion\":\"California\",\"addressCountry\":\"US\"},{\"@type\":\"ImageObject\",\"inLanguage\":\"af-ZA\",\"@id\":\"https:\/\/tropicalwingsbirds.shop\/shop\/buy-conure-parrots-eggs-for-sale-online\/#local-main-organization-logo\",\"url\":\"https:\/\/tropicalwingsbirds.shop\/wp-content\/uploads\/2024\/01\/tropical-wings-1.webp\",\"contentUrl\":\"https:\/\/tropicalwingsbirds.shop\/wp-content\/uploads\/2024\/01\/tropical-wings-1.webp\",\"width\":500,\"height\":500,\"caption\":\"Tropical Wings Birds Shop\"}]}<\/script>\n<meta property=\"og:availability\" content=\"instock\" \/>\n<meta property=\"product:availability\" content=\"instock\" \/>\n<meta property=\"product:condition\" content=\"new\" \/>\n<meta name=\"geo.placename\" content=\"Redding\" \/>\n<meta name=\"geo.position\" content=\"40.5976725;-122.3716346\" \/>\n<meta name=\"geo.region\" content=\"United States (US)\" \/>\n<!-- \/ Yoast SEO Premium plugin. -->","yoast_head_json":{"title":"Buy Conure Parrots Eggs For Sale Online - Tropical Wings Birds","robots":{"index":"index","follow":"follow","max-snippet":"max-snippet:-1","max-image-preview":"max-image-preview:large","max-video-preview":"max-video-preview:-1"},"canonical":"https:\/\/tropicalwingsbirds.shop\/af\/winkel\/buy-conure-parrots-eggs-for-sale-online\/","og_locale":"en_US","og_type":"article","og_title":"Buy Conure Parrots Eggs For Sale Online","og_description":"For Sale, found commonly in the northeastern regions of South America,\u00a0is a brightly-colored\u00a0that closely resembles the\u00a0jenday conure\u00a0and green-cheeked conure. Since it exists as a monomorphic species, the males and females share the same physical features. How many clutches is safe for a conure to have in a year? In the wild conure breeding season is [&hellip;]","og_url":"https:\/\/tropicalwingsbirds.shop\/af\/winkel\/buy-conure-parrots-eggs-for-sale-online\/","og_site_name":"Tropical Wings Birds","article_publisher":"https:\/\/web.facebook.com\/profile.php?id=61551502767851&mibextid=2JQ9oc&_rdc=1&_rdr","article_modified_time":"2023-12-07T14:16:49+00:00","og_image":[{"width":1080,"height":1080,"url":"https:\/\/tropicalwingsbirds.shop\/wp-content\/uploads\/2023\/12\/9.jpeg","type":"image\/jpeg"}],"twitter_card":"summary_large_image","twitter_misc":{"Availability":"In stock"},"schema":{"@context":"https:\/\/schema.org","@graph":[{"@type":"WebPage","@id":"https:\/\/tropicalwingsbirds.shop\/shop\/buy-conure-parrots-eggs-for-sale-online\/","url":"https:\/\/tropicalwingsbirds.shop\/shop\/buy-conure-parrots-eggs-for-sale-online\/","name":"Buy Conure Parrots Eggs For Sale Online - Tropical Wings Birds","isPartOf":{"@id":"https:\/\/tropicalwingsbirds.shop\/#website"},"primaryImageOfPage":{"@id":"https:\/\/tropicalwingsbirds.shop\/shop\/buy-conure-parrots-eggs-for-sale-online\/#primaryimage"},"image":{"@id":"https:\/\/tropicalwingsbirds.shop\/shop\/buy-conure-parrots-eggs-for-sale-online\/#primaryimage"},"thumbnailUrl":"https:\/\/tropicalwingsbirds.shop\/wp-content\/uploads\/2023\/12\/9.jpeg","datePublished":"2023-12-07T14:14:17+00:00","dateModified":"2023-12-07T14:16:49+00:00","breadcrumb":{"@id":"https:\/\/tropicalwingsbirds.shop\/shop\/buy-conure-parrots-eggs-for-sale-online\/#breadcrumb"},"inLanguage":"af-ZA","potentialAction":[{"@type":"ReadAction","target":["https:\/\/tropicalwingsbirds.shop\/shop\/buy-conure-parrots-eggs-for-sale-online\/"]}]},{"@type":"ImageObject","inLanguage":"af-ZA","@id":"https:\/\/tropicalwingsbirds.shop\/shop\/buy-conure-parrots-eggs-for-sale-online\/#primaryimage","url":"https:\/\/tropicalwingsbirds.shop\/wp-content\/uploads\/2023\/12\/9.jpeg","contentUrl":"https:\/\/tropicalwingsbirds.shop\/wp-content\/uploads\/2023\/12\/9.jpeg","width":1080,"height":1080},{"@type":"BreadcrumbList","@id":"https:\/\/tropicalwingsbirds.shop\/shop\/buy-conure-parrots-eggs-for-sale-online\/#breadcrumb","itemListElement":[{"@type":"ListItem","position":1,"name":"Home","item":"https:\/\/tropicalwingsbirds.shop\/"},{"@type":"ListItem","position":2,"name":"Shop","item":"https:\/\/tropicalwingsbirds.shop\/shop\/"},{"@type":"ListItem","position":3,"name":"Buy Conure Parrots Eggs For Sale Online"}]},{"@type":"WebSite","@id":"https:\/\/tropicalwingsbirds.shop\/#website","url":"https:\/\/tropicalwingsbirds.shop\/","name":"Tropiese Vlerke Vo\u00ebls","description":"Beste eksotiese vo\u00ebltelers aanlyn","publisher":{"@id":"https:\/\/tropicalwingsbirds.shop\/#organization"},"potentialAction":[{"@type":"SearchAction","target":{"@type":"EntryPoint","urlTemplate":"https:\/\/tropicalwingsbirds.shop\/?s={search_term_string}"},"query-input":{"@type":"PropertyValueSpecification","valueRequired":true,"valueName":"search_term_string"}}],"inLanguage":"af-ZA"},{"@type":["Organization","Place","PetStore"],"@id":"https:\/\/tropicalwingsbirds.shop\/#organization","name":"Tropical Wings Birds Shop","alternateName":"TPWB","url":"https:\/\/tropicalwingsbirds.shop\/","logo":{"@id":"https:\/\/tropicalwingsbirds.shop\/shop\/buy-conure-parrots-eggs-for-sale-online\/#local-main-organization-logo"},"image":{"@id":"https:\/\/tropicalwingsbirds.shop\/shop\/buy-conure-parrots-eggs-for-sale-online\/#local-main-organization-logo"},"sameAs":["https:\/\/web.facebook.com\/profile.php?id=61551502767851&mibextid=2JQ9oc&_rdc=1&_rdr"],"description":"Tropical Wings Birds is jou bestemming vir eksotiese vo\u00eblgeselskap. Ons boetiekvo\u00eblhok in die Verenigde State bied &#039;n saamgestelde seleksie van lewendige tropiese vo\u00ebls wat van betroubare telers w\u00eareldwyd verkry word. Met &#039;n fokus op welsyn en kundigheid, is ons toegewyde span hier om jou te lei op jou reis om die perfekte geveerde vriend te vind. Besoek ons vandag en ervaar die magie van vo\u00eblgeselskap by Tropical Wings Birds.","legalName":"Tropical Wings Birds","foundingDate":"2019-02-14","numberOfEmployees":{"@type":"QuantitativeValue","minValue":"1","maxValue":"10"},"address":{"@id":"https:\/\/tropicalwingsbirds.shop\/shop\/buy-conure-parrots-eggs-for-sale-online\/#local-main-place-address"},"geo":{"@type":"GeoCoordinates","latitude":"40.5976725","longitude":"-122.3716346"},"telephone":["+1 707-733-4623","+1 707-733-4623"],"contactPoint":{"@type":"ContactPoint","telephone":"+1 707-733-4623","email":"sales@tropicalwingsbirds.shop"},"openingHoursSpecification":{"@type":"OpeningHoursSpecification","dayOfWeek":["Monday","Tuesday","Wednesday","Thursday","Friday","Saturday","Sunday"],"opens":"00:00","closes":"23:59"},"email":"sales@tropicalwingsbirds.shop","faxNumber":"+1 707-733-4623","areaServed":"United states, Porto Rico, Canada, Australia","priceRange":"$","currenciesAccepted":"USD, CAD, AUD,","paymentAccepted":"Zelle, Paypal, Bitcoin, Apple pay, Credit cards, Bank transfers"},{"@type":"PostalAddress","@id":"https:\/\/tropicalwingsbirds.shop\/shop\/buy-conure-parrots-eggs-for-sale-online\/#local-main-place-address","streetAddress":"500 Hilltop Dr,","addressLocality":"Redding","postalCode":"96003","addressRegion":"California","addressCountry":"US"},{"@type":"ImageObject","inLanguage":"af-ZA","@id":"https:\/\/tropicalwingsbirds.shop\/shop\/buy-conure-parrots-eggs-for-sale-online\/#local-main-organization-logo","url":"https:\/\/tropicalwingsbirds.shop\/wp-content\/uploads\/2024\/01\/tropical-wings-1.webp","contentUrl":"https:\/\/tropicalwingsbirds.shop\/wp-content\/uploads\/2024\/01\/tropical-wings-1.webp","width":500,"height":500,"caption":"Tropical Wings Birds Shop"}]},"og_availability":"instock","product_availability":"instock","product_condition":"new","geo.placename":"Redding","geo.position":{"lat":"40.5976725","long":"-122.3716346"},"geo.region":"United States (US)"},"_links":{"self":[{"href":"https:\/\/tropicalwingsbirds.shop\/af\/wp-json\/wp\/v2\/product\/1488","targetHints":{"allow":["GET"]}}],"collection":[{"href":"https:\/\/tropicalwingsbirds.shop\/af\/wp-json\/wp\/v2\/product"}],"about":[{"href":"https:\/\/tropicalwingsbirds.shop\/af\/wp-json\/wp\/v2\/types\/product"}],"replies":[{"embeddable":true,"href":"https:\/\/tropicalwingsbirds.shop\/af\/wp-json\/wp\/v2\/comments?post=1488"}],"wp:featuredmedia":[{"embeddable":true,"href":"https:\/\/tropicalwingsbirds.shop\/af\/wp-json\/wp\/v2\/media\/1525"}],"wp:attachment":[{"href":"https:\/\/tropicalwingsbirds.shop\/af\/wp-json\/wp\/v2\/media?parent=1488"}],"wp:term":[{"taxonomy":"product_brand","embeddable":true,"href":"https:\/\/tropicalwingsbirds.shop\/af\/wp-json\/wp\/v2\/product_brand?post=1488"},{"taxonomy":"product_cat","embeddable":true,"href":"https:\/\/tropicalwingsbirds.shop\/af\/wp-json\/wp\/v2\/product_cat?post=1488"},{"taxonomy":"product_tag","embeddable":true,"href":"https:\/\/tropicalwingsbirds.shop\/af\/wp-json\/wp\/v2\/product_tag?post=1488"}],"curies":[{"name":"wp","href":"https:\/\/api.w.org\/{rel}","templated":true}]}}