{"id":2592,"date":"2023-12-07T16:33:58","date_gmt":"2023-12-07T16:33:58","guid":{"rendered":"https:\/\/tropicalwingsbirds.shop\/?post_type=product&#038;p=2592"},"modified":"2024-02-03T06:03:22","modified_gmt":"2024-02-03T06:03:22","slug":"buy-variegated-canary-online","status":"publish","type":"product","link":"https:\/\/tropicalwingsbirds.shop\/af\/winkel\/buy-variegated-canary-online\/","title":{"rendered":"Koop Gevlekte Kanarie Aanlyn"},"content":{"rendered":"<h2>Koop Gevlekte Kanarie Aanlyn<\/h2>\n<p>Buy Variegated Canary Online. The American Singer Canary (<em>Serinus canaria),\u00a0<\/em>also known as the Yellow Variegated Canary is a popular song canary that is a cross between a Border canary (one-third) and a German roller canary (two-thirds). The resulting American singer canary possesses the best traits of both: the musical song of the roller and the sweet looks of the border. The combination makes it one of the most popular canaries in the United States. The Finch Farm offers beautiful yellow and red variegated canaries for sale. You can\u2019t go wrong as the Variegated Canary is not only pleasant to the ear with its melodious song but pleasant to the eye as well with its striking beauty.<\/p>\n<p><strong>Geografie:\u00a0<\/strong>The\u00a0United States<\/p>\n<p><strong>Grootte \/ Gewig:\u00a0<\/strong>5.75\u2033<\/p>\n<p><strong>Geslagbepaling:\u00a0<\/strong>Monomorfies (visueel moeilik om te geslag). DNS-toetse is beskikbaar om die verlangde geslag te verseker.<\/p>\n<p><strong>Temperament:\u00a0<\/strong>The Variegated or American Singer Canary is a favorite among bird owners because of its pleasant, outgoing personality and its beautiful singing. It was originally bred to be both musical and attractive, and it is prized for its song, which is louder, freer, and more varied than that of roller canary but softer than the border canary\u2019s more choppy song. They are good-natured, social birds that are also active, lively, and hardy. Additionally, males can be territorial and should be kept separately. They like to bathe daily and should be given water to do so. Their environment should not be wet, cool, or drafty, and if they are given space to sunbathe, they should also have a shaded area to protect them from too much sun. Keep perches clean to avoid any foot problems. Buy Variegated Canary Online<\/p>\n<p><strong>Teling:\u00a0<\/strong>The American Singer \/ Variegated Canary is generally easy to breed. Most canaries breed easily and readily if provided with quality food, lighting, secure surroundings, and conditioning. The breeding season for most canaries is usually from December to April.<\/p>\n<p><strong>Lewensduur:\u00a0<\/strong>10 years<\/p>\n<p><strong>Dieet:\u00a0<\/strong>Variegated Canaries eat mainly Canary Seed, Australian Blend Goldenfeast, and rapeseed. Greens are also enjoyed and can be offered daily along with a little calcium in the form of a Cuttlefish Bone.<\/p>\n<p>DNS-toetsing<\/p>\n<p>Indien daar geen geslagsopsie vir &#039;n vo\u00ebl op ons webwerf gelys word nie, is daardie spesifieke spesie &#039;monomorfies&#039;, wat beteken dat ons nie die geslag kan bepaal sonder om DNS-toetse aan te koop nie. DNS-toetse kos &#039;n bykomende $149 per vo\u00ebl om die voorkeurgeslag te waarborg. DNS-toetse kan &#039;n bykomende 3-6 plus weke by die beraamde afleweringstyd voeg om geslagsresultate toe te laat. Sien ons Gereelde Vrae vir meer inligting.<\/p>\n<p>&nbsp;<\/p>","protected":false},"excerpt":{"rendered":"<p>Buy Variegated Canary Online. The American Singer Canary (<em>Serinus canaria),\u00a0<\/em>also known as the Yellow Variegated Canary is a popular song canary that is a cross between a Border canary (one-third) and a German roller canary (two-thirds). The resulting American singer canary possesses the best traits of both: the musical song of the roller and the sweet looks of the border. The combination makes it one of the most popular canaries in the United States. We offer beautiful yellow and red variegated canaries for sale. You can\u2019t go wrong as the Variegated Canary is not only pleasant to the ear with its melodious song but pleasant to the eye as well with its striking beauty.<\/p>","protected":false},"featured_media":2653,"comment_status":"closed","ping_status":"closed","template":"","meta":{"site-sidebar-layout":"default","site-content-layout":"","ast-site-content-layout":"default","site-content-style":"default","site-sidebar-style":"default","ast-global-header-display":"","ast-banner-title-visibility":"","ast-main-header-display":"","ast-hfb-above-header-display":"","ast-hfb-below-header-display":"","ast-hfb-mobile-header-display":"","site-post-title":"","ast-breadcrumbs-content":"","ast-featured-img":"","footer-sml-layout":"","theme-transparent-header-meta":"default","adv-header-id-meta":"","stick-header-meta":"default","header-above-stick-meta":"","header-main-stick-meta":"","header-below-stick-meta":"","astra-migrate-meta-layouts":"set","ast-page-background-enabled":"default","ast-page-background-meta":{"desktop":{"background-color":"var(--ast-global-color-4)","background-image":"","background-repeat":"repeat","background-position":"center center","background-size":"auto","background-attachment":"scroll","background-type":"","background-media":"","overlay-type":"","overlay-color":"","overlay-opacity":"","overlay-gradient":""},"tablet":{"background-color":"","background-image":"","background-repeat":"repeat","background-position":"center center","background-size":"auto","background-attachment":"scroll","background-type":"","background-media":"","overlay-type":"","overlay-color":"","overlay-opacity":"","overlay-gradient":""},"mobile":{"background-color":"","background-image":"","background-repeat":"repeat","background-position":"center center","background-size":"auto","background-attachment":"scroll","background-type":"","background-media":"","overlay-type":"","overlay-color":"","overlay-opacity":"","overlay-gradient":""}},"ast-content-background-meta":{"desktop":{"background-color":"var(--ast-global-color-5)","background-image":"","background-repeat":"repeat","background-position":"center center","background-size":"auto","background-attachment":"scroll","background-type":"","background-media":"","overlay-type":"","overlay-color":"","overlay-opacity":"","overlay-gradient":""},"tablet":{"background-color":"var(--ast-global-color-5)","background-image":"","background-repeat":"repeat","background-position":"center center","background-size":"auto","background-attachment":"scroll","background-type":"","background-media":"","overlay-type":"","overlay-color":"","overlay-opacity":"","overlay-gradient":""},"mobile":{"background-color":"var(--ast-global-color-5)","background-image":"","background-repeat":"repeat","background-position":"center center","background-size":"auto","background-attachment":"scroll","background-type":"","background-media":"","overlay-type":"","overlay-color":"","overlay-opacity":"","overlay-gradient":""}}},"product_brand":[],"product_cat":[37],"product_tag":[2128,363,2129,2130,2131,2132,2133,2134,2135,2136,2137,2138,2139,2140,2141,2142,2143,2144,2145,2146,2147,2148,2149,2150,2151,2152,2153,2154,2155,2156,2157,2158,2159,2160,2161,2162],"class_list":{"0":"post-2592","1":"product","2":"type-product","3":"status-publish","4":"has-post-thumbnail","6":"product_cat-canary","7":"product_tag-american-singer-canaries-for-sale","8":"product_tag-birds-for-sale","9":"product_tag-blue-canaries-for-sale","10":"product_tag-blue-canary-bird","11":"product_tag-buy-canary-birds-for-sale","12":"product_tag-buy-red-factor-canary","13":"product_tag-canaries-for-sale","14":"product_tag-canaries-for-sale-in-florida","15":"product_tag-canaries-for-sale-in-ohio","16":"product_tag-canaries-for-sale-near-me","17":"product_tag-canaries-for-sale-ny","18":"product_tag-canarios-for-sale","19":"product_tag-canary-bird-price","20":"product_tag-canary-bird-red","21":"product_tag-canary-bird-singing","22":"product_tag-canary-breeders","23":"product_tag-canary-for-sale","24":"product_tag-canary-for-sale-near-me","25":"product_tag-canary-for-sale-online","26":"product_tag-canary-price","27":"product_tag-colour-feeding-red-factor-canaries","28":"product_tag-exotic-birds-for-sale","29":"product_tag-fancy-canary-bird","30":"product_tag-female-canary-for-sale","31":"product_tag-green-canaries","32":"product_tag-male-canary-for-sale","33":"product_tag-orange-canary-for-sale","34":"product_tag-pet-birds","35":"product_tag-red-canary-bird-for-sale","36":"product_tag-red-factor-canary","37":"product_tag-red-factor-canary-for-sale","38":"product_tag-red-factor-canary-for-sale-in-california","39":"product_tag-red-factor-canary-for-sale-near-me","40":"product_tag-singing-canaries-for-sale","41":"product_tag-singing-canaries-for-sale-near-me","42":"product_tag-yellow-canary-birds-for-sale","43":"desktop-align-left","44":"tablet-align-left","45":"mobile-align-left","46":"ast-product-gallery-layout-horizontal-slider","47":"ast-product-gallery-with-no-image","48":"ast-product-tabs-layout-horizontal","49":"ast-qv-on-image","51":"first","52":"instock","53":"shipping-taxable","54":"product-type-simple"},"yoast_head":"<!-- This site is optimized with the Yoast SEO Premium plugin v23.2 (Yoast SEO v26.8) - https:\/\/yoast.com\/product\/yoast-seo-premium-wordpress\/ -->\n<title>Buy Variegated Canary Online - Tropical Wings Birds<\/title>\n<meta name=\"robots\" content=\"index, follow, max-snippet:-1, max-image-preview:large, max-video-preview:-1\" \/>\n<link rel=\"canonical\" href=\"https:\/\/tropicalwingsbirds.shop\/af\/winkel\/buy-variegated-canary-online\/\" \/>\n<meta property=\"og:locale\" content=\"en_US\" \/>\n<meta property=\"og:type\" content=\"article\" \/>\n<meta property=\"og:title\" content=\"Buy Variegated Canary Online\" \/>\n<meta property=\"og:description\" content=\"Buy Variegated Canary Online. The American Singer Canary (Serinus canaria),\u00a0also known as the Yellow Variegated Canary is a popular song canary that is a cross between a Border canary (one-third) and a German roller canary (two-thirds). The resulting American singer canary possesses the best traits of both: the musical song of the roller and the sweet looks of the border. The combination makes it one of the most popular canaries in the United States. We offer beautiful yellow and red variegated canaries for sale. You can\u2019t go wrong as the Variegated Canary is not only pleasant to the ear with its melodious song but pleasant to the eye as well with its striking beauty.\" \/>\n<meta property=\"og:url\" content=\"https:\/\/tropicalwingsbirds.shop\/af\/winkel\/buy-variegated-canary-online\/\" \/>\n<meta property=\"og:site_name\" content=\"Tropical Wings Birds\" \/>\n<meta property=\"article:publisher\" content=\"https:\/\/web.facebook.com\/profile.php?id=61551502767851&amp;mibextid=2JQ9oc&amp;_rdc=1&amp;_rdr\" \/>\n<meta property=\"article:modified_time\" content=\"2024-02-03T06:03:22+00:00\" \/>\n<meta property=\"og:image\" content=\"https:\/\/tropicalwingsbirds.shop\/wp-content\/uploads\/2023\/12\/VARIEGATED_CANARY__82738.1573212578.jpg\" \/>\n\t<meta property=\"og:image:width\" content=\"1024\" \/>\n\t<meta property=\"og:image:height\" content=\"788\" \/>\n\t<meta property=\"og:image:type\" content=\"image\/jpeg\" \/>\n<meta name=\"twitter:card\" content=\"summary_large_image\" \/>\n<meta name=\"twitter:label1\" content=\"Price\" \/>\n\t<meta name=\"twitter:data1\" content=\"\" \/>\n\t<meta name=\"twitter:label2\" content=\"Availability\" \/>\n\t<meta name=\"twitter:data2\" content=\"In stock\" \/>\n<script type=\"application\/ld+json\" class=\"yoast-schema-graph\">{\"@context\":\"https:\/\/schema.org\",\"@graph\":[{\"@type\":\"WebPage\",\"@id\":\"https:\/\/tropicalwingsbirds.shop\/shop\/buy-variegated-canary-online\/\",\"url\":\"https:\/\/tropicalwingsbirds.shop\/shop\/buy-variegated-canary-online\/\",\"name\":\"Buy Variegated Canary Online - Tropical Wings Birds\",\"isPartOf\":{\"@id\":\"https:\/\/tropicalwingsbirds.shop\/#website\"},\"primaryImageOfPage\":{\"@id\":\"https:\/\/tropicalwingsbirds.shop\/shop\/buy-variegated-canary-online\/#primaryimage\"},\"image\":{\"@id\":\"https:\/\/tropicalwingsbirds.shop\/shop\/buy-variegated-canary-online\/#primaryimage\"},\"thumbnailUrl\":\"https:\/\/tropicalwingsbirds.shop\/wp-content\/uploads\/2023\/12\/VARIEGATED_CANARY__82738.1573212578.jpg\",\"datePublished\":\"2023-12-07T16:33:58+00:00\",\"dateModified\":\"2024-02-03T06:03:22+00:00\",\"breadcrumb\":{\"@id\":\"https:\/\/tropicalwingsbirds.shop\/shop\/buy-variegated-canary-online\/#breadcrumb\"},\"inLanguage\":\"af-ZA\",\"potentialAction\":[{\"@type\":\"ReadAction\",\"target\":[\"https:\/\/tropicalwingsbirds.shop\/shop\/buy-variegated-canary-online\/\"]}]},{\"@type\":\"ImageObject\",\"inLanguage\":\"af-ZA\",\"@id\":\"https:\/\/tropicalwingsbirds.shop\/shop\/buy-variegated-canary-online\/#primaryimage\",\"url\":\"https:\/\/tropicalwingsbirds.shop\/wp-content\/uploads\/2023\/12\/VARIEGATED_CANARY__82738.1573212578.jpg\",\"contentUrl\":\"https:\/\/tropicalwingsbirds.shop\/wp-content\/uploads\/2023\/12\/VARIEGATED_CANARY__82738.1573212578.jpg\",\"width\":1024,\"height\":788},{\"@type\":\"BreadcrumbList\",\"@id\":\"https:\/\/tropicalwingsbirds.shop\/shop\/buy-variegated-canary-online\/#breadcrumb\",\"itemListElement\":[{\"@type\":\"ListItem\",\"position\":1,\"name\":\"Home\",\"item\":\"https:\/\/tropicalwingsbirds.shop\/\"},{\"@type\":\"ListItem\",\"position\":2,\"name\":\"Shop\",\"item\":\"https:\/\/tropicalwingsbirds.shop\/shop\/\"},{\"@type\":\"ListItem\",\"position\":3,\"name\":\"Buy Variegated Canary Online\"}]},{\"@type\":\"WebSite\",\"@id\":\"https:\/\/tropicalwingsbirds.shop\/#website\",\"url\":\"https:\/\/tropicalwingsbirds.shop\/\",\"name\":\"Tropical Wings Birds\",\"description\":\"Best Exotic birds breeders online\",\"publisher\":{\"@id\":\"https:\/\/tropicalwingsbirds.shop\/#organization\"},\"potentialAction\":[{\"@type\":\"SearchAction\",\"target\":{\"@type\":\"EntryPoint\",\"urlTemplate\":\"https:\/\/tropicalwingsbirds.shop\/?s={search_term_string}\"},\"query-input\":{\"@type\":\"PropertyValueSpecification\",\"valueRequired\":true,\"valueName\":\"search_term_string\"}}],\"inLanguage\":\"af-ZA\"},{\"@type\":[\"Organization\",\"Place\",\"PetStore\"],\"@id\":\"https:\/\/tropicalwingsbirds.shop\/#organization\",\"name\":\"Tropical Wings Birds Shop\",\"alternateName\":\"TPWB\",\"url\":\"https:\/\/tropicalwingsbirds.shop\/\",\"logo\":{\"@id\":\"https:\/\/tropicalwingsbirds.shop\/shop\/buy-variegated-canary-online\/#local-main-organization-logo\"},\"image\":{\"@id\":\"https:\/\/tropicalwingsbirds.shop\/shop\/buy-variegated-canary-online\/#local-main-organization-logo\"},\"sameAs\":[\"https:\/\/web.facebook.com\/profile.php?id=61551502767851&mibextid=2JQ9oc&_rdc=1&_rdr\"],\"description\":\"Tropical Wings Birds is your destination for exotic avian companionship. Our boutique aviary in United States offers a curated selection of vibrant tropical birds sourced from reputable breeders worldwide. With a focus on welfare and expertise, our dedicated team is here to guide you on your journey to finding the perfect feathered friend. Visit us today and experience the magic of avian companionship at Tropical Wings Birds.\",\"legalName\":\"Tropical Wings Birds\",\"foundingDate\":\"2019-02-14\",\"numberOfEmployees\":{\"@type\":\"QuantitativeValue\",\"minValue\":\"1\",\"maxValue\":\"10\"},\"address\":{\"@id\":\"https:\/\/tropicalwingsbirds.shop\/shop\/buy-variegated-canary-online\/#local-main-place-address\"},\"geo\":{\"@type\":\"GeoCoordinates\",\"latitude\":\"40.5976725\",\"longitude\":\"-122.3716346\"},\"telephone\":[\"+1 707-733-4623\",\"+1 707-733-4623\"],\"contactPoint\":{\"@type\":\"ContactPoint\",\"telephone\":\"+1 707-733-4623\",\"email\":\"sales@tropicalwingsbirds.shop\"},\"openingHoursSpecification\":{\"@type\":\"OpeningHoursSpecification\",\"dayOfWeek\":[\"Monday\",\"Tuesday\",\"Wednesday\",\"Thursday\",\"Friday\",\"Saturday\",\"Sunday\"],\"opens\":\"00:00\",\"closes\":\"23:59\"},\"email\":\"sales@tropicalwingsbirds.shop\",\"faxNumber\":\"+1 707-733-4623\",\"areaServed\":\"United states, Porto Rico, Canada, Australia\",\"priceRange\":\"$\",\"currenciesAccepted\":\"USD, CAD, AUD,\",\"paymentAccepted\":\"Zelle, Paypal, Bitcoin, Apple pay, Credit cards, Bank transfers\"},{\"@type\":\"PostalAddress\",\"@id\":\"https:\/\/tropicalwingsbirds.shop\/shop\/buy-variegated-canary-online\/#local-main-place-address\",\"streetAddress\":\"500 Hilltop Dr,\",\"addressLocality\":\"Redding\",\"postalCode\":\"96003\",\"addressRegion\":\"California\",\"addressCountry\":\"US\"},{\"@type\":\"ImageObject\",\"inLanguage\":\"af-ZA\",\"@id\":\"https:\/\/tropicalwingsbirds.shop\/shop\/buy-variegated-canary-online\/#local-main-organization-logo\",\"url\":\"https:\/\/tropicalwingsbirds.shop\/wp-content\/uploads\/2024\/01\/tropical-wings-1.webp\",\"contentUrl\":\"https:\/\/tropicalwingsbirds.shop\/wp-content\/uploads\/2024\/01\/tropical-wings-1.webp\",\"width\":500,\"height\":500,\"caption\":\"Tropical Wings Birds Shop\"}]}<\/script>\n<meta property=\"product:price:currency\" content=\"USD\" \/>\n<meta property=\"og:availability\" content=\"instock\" \/>\n<meta property=\"product:availability\" content=\"instock\" \/>\n<meta property=\"product:condition\" content=\"new\" \/>\n<meta name=\"geo.placename\" content=\"Redding\" \/>\n<meta name=\"geo.position\" content=\"40.5976725;-122.3716346\" \/>\n<meta name=\"geo.region\" content=\"United States (US)\" \/>\n<!-- \/ Yoast SEO Premium plugin. -->","yoast_head_json":{"title":"Buy Variegated Canary Online - Tropical Wings Birds","robots":{"index":"index","follow":"follow","max-snippet":"max-snippet:-1","max-image-preview":"max-image-preview:large","max-video-preview":"max-video-preview:-1"},"canonical":"https:\/\/tropicalwingsbirds.shop\/af\/winkel\/buy-variegated-canary-online\/","og_locale":"en_US","og_type":"article","og_title":"Buy Variegated Canary Online","og_description":"Buy Variegated Canary Online. The American Singer Canary (Serinus canaria),\u00a0also known as the Yellow Variegated Canary is a popular song canary that is a cross between a Border canary (one-third) and a German roller canary (two-thirds). The resulting American singer canary possesses the best traits of both: the musical song of the roller and the sweet looks of the border. The combination makes it one of the most popular canaries in the United States. We offer beautiful yellow and red variegated canaries for sale. You can\u2019t go wrong as the Variegated Canary is not only pleasant to the ear with its melodious song but pleasant to the eye as well with its striking beauty.","og_url":"https:\/\/tropicalwingsbirds.shop\/af\/winkel\/buy-variegated-canary-online\/","og_site_name":"Tropical Wings Birds","article_publisher":"https:\/\/web.facebook.com\/profile.php?id=61551502767851&mibextid=2JQ9oc&_rdc=1&_rdr","article_modified_time":"2024-02-03T06:03:22+00:00","og_image":[{"width":1024,"height":788,"url":"https:\/\/tropicalwingsbirds.shop\/wp-content\/uploads\/2023\/12\/VARIEGATED_CANARY__82738.1573212578.jpg","type":"image\/jpeg"}],"twitter_card":"summary_large_image","twitter_misc":{"Price":"","Availability":"In stock"},"schema":{"@context":"https:\/\/schema.org","@graph":[{"@type":"WebPage","@id":"https:\/\/tropicalwingsbirds.shop\/shop\/buy-variegated-canary-online\/","url":"https:\/\/tropicalwingsbirds.shop\/shop\/buy-variegated-canary-online\/","name":"Buy Variegated Canary Online - Tropical Wings Birds","isPartOf":{"@id":"https:\/\/tropicalwingsbirds.shop\/#website"},"primaryImageOfPage":{"@id":"https:\/\/tropicalwingsbirds.shop\/shop\/buy-variegated-canary-online\/#primaryimage"},"image":{"@id":"https:\/\/tropicalwingsbirds.shop\/shop\/buy-variegated-canary-online\/#primaryimage"},"thumbnailUrl":"https:\/\/tropicalwingsbirds.shop\/wp-content\/uploads\/2023\/12\/VARIEGATED_CANARY__82738.1573212578.jpg","datePublished":"2023-12-07T16:33:58+00:00","dateModified":"2024-02-03T06:03:22+00:00","breadcrumb":{"@id":"https:\/\/tropicalwingsbirds.shop\/shop\/buy-variegated-canary-online\/#breadcrumb"},"inLanguage":"af-ZA","potentialAction":[{"@type":"ReadAction","target":["https:\/\/tropicalwingsbirds.shop\/shop\/buy-variegated-canary-online\/"]}]},{"@type":"ImageObject","inLanguage":"af-ZA","@id":"https:\/\/tropicalwingsbirds.shop\/shop\/buy-variegated-canary-online\/#primaryimage","url":"https:\/\/tropicalwingsbirds.shop\/wp-content\/uploads\/2023\/12\/VARIEGATED_CANARY__82738.1573212578.jpg","contentUrl":"https:\/\/tropicalwingsbirds.shop\/wp-content\/uploads\/2023\/12\/VARIEGATED_CANARY__82738.1573212578.jpg","width":1024,"height":788},{"@type":"BreadcrumbList","@id":"https:\/\/tropicalwingsbirds.shop\/shop\/buy-variegated-canary-online\/#breadcrumb","itemListElement":[{"@type":"ListItem","position":1,"name":"Home","item":"https:\/\/tropicalwingsbirds.shop\/"},{"@type":"ListItem","position":2,"name":"Shop","item":"https:\/\/tropicalwingsbirds.shop\/shop\/"},{"@type":"ListItem","position":3,"name":"Buy Variegated Canary Online"}]},{"@type":"WebSite","@id":"https:\/\/tropicalwingsbirds.shop\/#website","url":"https:\/\/tropicalwingsbirds.shop\/","name":"Tropiese Vlerke Vo\u00ebls","description":"Beste eksotiese vo\u00ebltelers aanlyn","publisher":{"@id":"https:\/\/tropicalwingsbirds.shop\/#organization"},"potentialAction":[{"@type":"SearchAction","target":{"@type":"EntryPoint","urlTemplate":"https:\/\/tropicalwingsbirds.shop\/?s={search_term_string}"},"query-input":{"@type":"PropertyValueSpecification","valueRequired":true,"valueName":"search_term_string"}}],"inLanguage":"af-ZA"},{"@type":["Organization","Place","PetStore"],"@id":"https:\/\/tropicalwingsbirds.shop\/#organization","name":"Tropical Wings Birds Shop","alternateName":"TPWB","url":"https:\/\/tropicalwingsbirds.shop\/","logo":{"@id":"https:\/\/tropicalwingsbirds.shop\/shop\/buy-variegated-canary-online\/#local-main-organization-logo"},"image":{"@id":"https:\/\/tropicalwingsbirds.shop\/shop\/buy-variegated-canary-online\/#local-main-organization-logo"},"sameAs":["https:\/\/web.facebook.com\/profile.php?id=61551502767851&mibextid=2JQ9oc&_rdc=1&_rdr"],"description":"Tropical Wings Birds is jou bestemming vir eksotiese vo\u00eblgeselskap. Ons boetiekvo\u00eblhok in die Verenigde State bied &#039;n saamgestelde seleksie van lewendige tropiese vo\u00ebls wat van betroubare telers w\u00eareldwyd verkry word. Met &#039;n fokus op welsyn en kundigheid, is ons toegewyde span hier om jou te lei op jou reis om die perfekte geveerde vriend te vind. Besoek ons vandag en ervaar die magie van vo\u00eblgeselskap by Tropical Wings Birds.","legalName":"Tropical Wings Birds","foundingDate":"2019-02-14","numberOfEmployees":{"@type":"QuantitativeValue","minValue":"1","maxValue":"10"},"address":{"@id":"https:\/\/tropicalwingsbirds.shop\/shop\/buy-variegated-canary-online\/#local-main-place-address"},"geo":{"@type":"GeoCoordinates","latitude":"40.5976725","longitude":"-122.3716346"},"telephone":["+1 707-733-4623","+1 707-733-4623"],"contactPoint":{"@type":"ContactPoint","telephone":"+1 707-733-4623","email":"sales@tropicalwingsbirds.shop"},"openingHoursSpecification":{"@type":"OpeningHoursSpecification","dayOfWeek":["Monday","Tuesday","Wednesday","Thursday","Friday","Saturday","Sunday"],"opens":"00:00","closes":"23:59"},"email":"sales@tropicalwingsbirds.shop","faxNumber":"+1 707-733-4623","areaServed":"United states, Porto Rico, Canada, Australia","priceRange":"$","currenciesAccepted":"USD, CAD, AUD,","paymentAccepted":"Zelle, Paypal, Bitcoin, Apple pay, Credit cards, Bank transfers"},{"@type":"PostalAddress","@id":"https:\/\/tropicalwingsbirds.shop\/shop\/buy-variegated-canary-online\/#local-main-place-address","streetAddress":"500 Hilltop Dr,","addressLocality":"Redding","postalCode":"96003","addressRegion":"California","addressCountry":"US"},{"@type":"ImageObject","inLanguage":"af-ZA","@id":"https:\/\/tropicalwingsbirds.shop\/shop\/buy-variegated-canary-online\/#local-main-organization-logo","url":"https:\/\/tropicalwingsbirds.shop\/wp-content\/uploads\/2024\/01\/tropical-wings-1.webp","contentUrl":"https:\/\/tropicalwingsbirds.shop\/wp-content\/uploads\/2024\/01\/tropical-wings-1.webp","width":500,"height":500,"caption":"Tropical Wings Birds Shop"}]},"product_price_currency":"USD","og_availability":"instock","product_availability":"instock","product_condition":"new","geo.placename":"Redding","geo.position":{"lat":"40.5976725","long":"-122.3716346"},"geo.region":"United States (US)"},"_links":{"self":[{"href":"https:\/\/tropicalwingsbirds.shop\/af\/wp-json\/wp\/v2\/product\/2592","targetHints":{"allow":["GET"]}}],"collection":[{"href":"https:\/\/tropicalwingsbirds.shop\/af\/wp-json\/wp\/v2\/product"}],"about":[{"href":"https:\/\/tropicalwingsbirds.shop\/af\/wp-json\/wp\/v2\/types\/product"}],"replies":[{"embeddable":true,"href":"https:\/\/tropicalwingsbirds.shop\/af\/wp-json\/wp\/v2\/comments?post=2592"}],"wp:featuredmedia":[{"embeddable":true,"href":"https:\/\/tropicalwingsbirds.shop\/af\/wp-json\/wp\/v2\/media\/2653"}],"wp:attachment":[{"href":"https:\/\/tropicalwingsbirds.shop\/af\/wp-json\/wp\/v2\/media?parent=2592"}],"wp:term":[{"taxonomy":"product_brand","embeddable":true,"href":"https:\/\/tropicalwingsbirds.shop\/af\/wp-json\/wp\/v2\/product_brand?post=2592"},{"taxonomy":"product_cat","embeddable":true,"href":"https:\/\/tropicalwingsbirds.shop\/af\/wp-json\/wp\/v2\/product_cat?post=2592"},{"taxonomy":"product_tag","embeddable":true,"href":"https:\/\/tropicalwingsbirds.shop\/af\/wp-json\/wp\/v2\/product_tag?post=2592"}],"curies":[{"name":"wp","href":"https:\/\/api.w.org\/{rel}","templated":true}]}}