{"id":2621,"date":"2023-12-07T16:36:19","date_gmt":"2023-12-07T16:36:19","guid":{"rendered":"https:\/\/tropicalwingsbirds.shop\/?post_type=product&#038;p=2621"},"modified":"2024-02-02T23:26:10","modified_gmt":"2024-02-02T23:26:10","slug":"rooi-faktor-kanarie-te-koop","status":"publish","type":"product","link":"https:\/\/tropicalwingsbirds.shop\/af\/winkel\/rooi-faktor-kanarie-te-koop\/","title":{"rendered":"ROOI FAKTOR KANARIE TE KOOP"},"content":{"rendered":"<h1>Rooi faktor kanarie te koop<\/h1>\n<p>Rooifaktor-kanarie te koop, vernoem na sy pragtige verekleed, is Rooifaktor-kanarie een van die gewildste kanaries. Dit is aktief en lewendig, en word geniet deur beide diegene wat &#039;n troeteldierkanarie wil aanhou, sowel as diegene wat spesialiseer in vertonings. Dit is &#039;n heerlike, vermaaklike vo\u00ebltjie, gehard en baie maklik om te onderhou. Hulle is egter nie maklik om te teel nie, so hulle sal &#039;n meer gevorderde oppasser vir hierdie doel benodig.<\/p>\n<p>Hulle is aktief, vrolik, pragtig en het &#039;n heerlik lieflike liedjie! Met so &#039;n besige w\u00eareld vandag, kan troeteldierkanaries &#039;n ideale metgesel vir baie mense wees. Kanariese troeteldiervo\u00ebls is kleurvol en het aangename persoonlikhede. Daar is niks soos &#039;n vreedsame, mooi kanariesang om senuwees aan die einde van die dag te ontrafel nie.<\/p>\n<p>Die meeste soorte kanaries kan sing, alhoewel hulle dalk nie heeltyd sing nie. &#039;n Kanarie wat sing is op sigself vermaaklik, maar hulle het ook ander baie wenslike eienskappe. Om &#039;n troeteldierkanarie by jou huis te voeg, voeg nie &#039;n onwelkome las by nie. Hulle is klein, so die aanhou van kanaries neem baie min spasie op. Hulle is ook goedkoper om aan te skaf as baie van die groter papegaaie en sommige van die ander sagtebekvo\u00ebls.<\/p>\n<h2>Sorg en voeding van Rooifaktor-kanarie te koop<\/h2>\n<p>Die kanaries hou van wye oop ruimtes, so sorg vir &#039;n ruim hok. Voorsien &#039;n hok met vertikale tralies en klein sitplekke van verskillende groottes vir voetoefening. Hou ten minste een sitplek hoog in die hok sodat die kanarie kan slaap. Die hok moet hoog geplaas word, sodat die kanarie so te s\u00ea op ons kan neerkyk.<br \/>\nDie kanaries eet hoofsaaklik kanarie- en raapsaadsaad. Vitamienbedekte kanarie-saadmengsels is geredelik by &#039;n troeteldierwinkel beskikbaar. Groente word ook geniet en kan daagliks saam met &#039;n bietjie kalsium in die vorm van &#039;n seekat aangebied word.<br \/>\nGevolglik vereis die Rooi Faktor Kanarie ook &#039;n spesiale dieet om sy intense kleur te behou.<br \/>\nKleurvoeding beteken om kos te voer wat spesifiek ontwerp is om kleur te verbeter.<br \/>\nBessies, beet, patats, skorsies, tamaties en kersies bevat karoteno\u00efede wat kleur verbeter.<br \/>\nAlle kanaries hou daarvan om te bad, so hulle moet &#039;n vo\u00eblbad aangebied word. Hok skoonmaak en toonnael knip is omtrent al wat kanaries nodig het.<\/p>\n<h4>Teling\/Voortplanting<\/h4>\n<p>Die Rooi Faktor Kanarie is moeiliker om te teel en daarom word dit aanbeveel vir &#039;n meer gevorderde bewaarder. Die meeste kanaries teel maklik en geredelik as hulle voorsien word van kwaliteit kos, beligting, veilige omgewing en kondisionering. Die broeiseisoen vir die meeste kanaries is gewoonlik van Desember tot April. Hulle word die beste in teelhokke geteel. Hulle l\u00ea hul eiers in &#039;n nes. Die wyfie sal 3 tot 6 eiers l\u00ea, een per dag. Dit is die beste om &#039;n hen slegs twee broeisels te laat h\u00ea.<\/p>","protected":false},"excerpt":{"rendered":"<h1>Rooi faktor kanarie te koop<\/h1>\n<p>Rooifaktor-kanarie te koop, vernoem na sy pragtige verekleed, is Rooifaktor-kanarie een van die gewildste kanaries. Dit is aktief en lewendig, en word geniet deur beide diegene wat &#039;n troeteldierkanarie wil aanhou, sowel as diegene wat spesialiseer in vertonings. Dit is &#039;n heerlike, vermaaklike vo\u00ebltjie, gehard en baie maklik om te onderhou. Hulle is egter nie maklik om te teel nie, so hulle sal &#039;n meer gevorderde oppasser vir hierdie doel benodig.<\/p>","protected":false},"featured_media":2661,"comment_status":"closed","ping_status":"closed","template":"","meta":{"site-sidebar-layout":"default","site-content-layout":"","ast-site-content-layout":"default","site-content-style":"default","site-sidebar-style":"default","ast-global-header-display":"","ast-banner-title-visibility":"","ast-main-header-display":"","ast-hfb-above-header-display":"","ast-hfb-below-header-display":"","ast-hfb-mobile-header-display":"","site-post-title":"","ast-breadcrumbs-content":"","ast-featured-img":"","footer-sml-layout":"","theme-transparent-header-meta":"default","adv-header-id-meta":"","stick-header-meta":"default","header-above-stick-meta":"","header-main-stick-meta":"","header-below-stick-meta":"","astra-migrate-meta-layouts":"set","ast-page-background-enabled":"default","ast-page-background-meta":{"desktop":{"background-color":"var(--ast-global-color-4)","background-image":"","background-repeat":"repeat","background-position":"center center","background-size":"auto","background-attachment":"scroll","background-type":"","background-media":"","overlay-type":"","overlay-color":"","overlay-opacity":"","overlay-gradient":""},"tablet":{"background-color":"","background-image":"","background-repeat":"repeat","background-position":"center center","background-size":"auto","background-attachment":"scroll","background-type":"","background-media":"","overlay-type":"","overlay-color":"","overlay-opacity":"","overlay-gradient":""},"mobile":{"background-color":"","background-image":"","background-repeat":"repeat","background-position":"center center","background-size":"auto","background-attachment":"scroll","background-type":"","background-media":"","overlay-type":"","overlay-color":"","overlay-opacity":"","overlay-gradient":""}},"ast-content-background-meta":{"desktop":{"background-color":"var(--ast-global-color-5)","background-image":"","background-repeat":"repeat","background-position":"center center","background-size":"auto","background-attachment":"scroll","background-type":"","background-media":"","overlay-type":"","overlay-color":"","overlay-opacity":"","overlay-gradient":""},"tablet":{"background-color":"var(--ast-global-color-5)","background-image":"","background-repeat":"repeat","background-position":"center center","background-size":"auto","background-attachment":"scroll","background-type":"","background-media":"","overlay-type":"","overlay-color":"","overlay-opacity":"","overlay-gradient":""},"mobile":{"background-color":"var(--ast-global-color-5)","background-image":"","background-repeat":"repeat","background-position":"center center","background-size":"auto","background-attachment":"scroll","background-type":"","background-media":"","overlay-type":"","overlay-color":"","overlay-opacity":"","overlay-gradient":""}}},"product_brand":[],"product_cat":[37],"product_tag":[2128,363,2129,2130,2131,2132,2133,2134,2135,2136,2137,2138,2139,2140,2141,2142,2143,2144,2145,2146,2147,2148,2149,2150,2151,2152,2153,2154,2155,2156,2157,2158,2159,2160,2161,2162],"class_list":{"0":"post-2621","1":"product","2":"type-product","3":"status-publish","4":"has-post-thumbnail","6":"product_cat-canary","7":"product_tag-american-singer-canaries-for-sale","8":"product_tag-birds-for-sale","9":"product_tag-blue-canaries-for-sale","10":"product_tag-blue-canary-bird","11":"product_tag-buy-canary-birds-for-sale","12":"product_tag-buy-red-factor-canary","13":"product_tag-canaries-for-sale","14":"product_tag-canaries-for-sale-in-florida","15":"product_tag-canaries-for-sale-in-ohio","16":"product_tag-canaries-for-sale-near-me","17":"product_tag-canaries-for-sale-ny","18":"product_tag-canarios-for-sale","19":"product_tag-canary-bird-price","20":"product_tag-canary-bird-red","21":"product_tag-canary-bird-singing","22":"product_tag-canary-breeders","23":"product_tag-canary-for-sale","24":"product_tag-canary-for-sale-near-me","25":"product_tag-canary-for-sale-online","26":"product_tag-canary-price","27":"product_tag-colour-feeding-red-factor-canaries","28":"product_tag-exotic-birds-for-sale","29":"product_tag-fancy-canary-bird","30":"product_tag-female-canary-for-sale","31":"product_tag-green-canaries","32":"product_tag-male-canary-for-sale","33":"product_tag-orange-canary-for-sale","34":"product_tag-pet-birds","35":"product_tag-red-canary-bird-for-sale","36":"product_tag-red-factor-canary","37":"product_tag-red-factor-canary-for-sale","38":"product_tag-red-factor-canary-for-sale-in-california","39":"product_tag-red-factor-canary-for-sale-near-me","40":"product_tag-singing-canaries-for-sale","41":"product_tag-singing-canaries-for-sale-near-me","42":"product_tag-yellow-canary-birds-for-sale","43":"desktop-align-left","44":"tablet-align-left","45":"mobile-align-left","46":"ast-product-gallery-layout-horizontal-slider","47":"ast-product-tabs-layout-horizontal","48":"ast-qv-on-image","50":"first","51":"instock","52":"shipping-taxable","53":"product-type-simple"},"yoast_head":"<!-- This site is optimized with the Yoast SEO Premium plugin v23.2 (Yoast SEO v26.8) - https:\/\/yoast.com\/product\/yoast-seo-premium-wordpress\/ -->\n<title>RED FACTOR CANARY FOR SALE - Tropical Wings Birds<\/title>\n<meta name=\"robots\" content=\"index, follow, max-snippet:-1, max-image-preview:large, max-video-preview:-1\" \/>\n<link rel=\"canonical\" href=\"https:\/\/tropicalwingsbirds.shop\/af\/winkel\/rooi-faktor-kanarie-te-koop\/\" \/>\n<meta property=\"og:locale\" content=\"en_US\" \/>\n<meta property=\"og:type\" content=\"article\" \/>\n<meta property=\"og:title\" content=\"RED FACTOR CANARY FOR SALE\" \/>\n<meta property=\"og:description\" content=\"Red factor canary for sale Red factor canary for sale, named after its beautiful plumage, Red Factor Canary is one of the most popular canaries. It is active and lively, enjoyed by both those who wish to keep a pet canary as well as those who specialize in showing. A delightful entertaining little bird, it is hardy and very easy to keep. However they are not easy to breed, so they will need a more advanced keeper for this purpose.\" \/>\n<meta property=\"og:url\" content=\"https:\/\/tropicalwingsbirds.shop\/af\/winkel\/rooi-faktor-kanarie-te-koop\/\" \/>\n<meta property=\"og:site_name\" content=\"Tropical Wings Birds\" \/>\n<meta property=\"article:publisher\" content=\"https:\/\/web.facebook.com\/profile.php?id=61551502767851&amp;mibextid=2JQ9oc&amp;_rdc=1&amp;_rdr\" \/>\n<meta property=\"article:modified_time\" content=\"2024-02-02T23:26:10+00:00\" \/>\n<meta property=\"og:image\" content=\"https:\/\/tropicalwingsbirds.shop\/wp-content\/uploads\/2023\/12\/Red-factor-canary-for-sale-1.jpg\" \/>\n\t<meta property=\"og:image:width\" content=\"425\" \/>\n\t<meta property=\"og:image:height\" content=\"567\" \/>\n\t<meta property=\"og:image:type\" content=\"image\/jpeg\" \/>\n<meta name=\"twitter:card\" content=\"summary_large_image\" \/>\n<meta name=\"twitter:label1\" content=\"Price\" \/>\n\t<meta name=\"twitter:data1\" content=\"\" \/>\n\t<meta name=\"twitter:label2\" content=\"Availability\" \/>\n\t<meta name=\"twitter:data2\" content=\"In stock\" \/>\n<script type=\"application\/ld+json\" class=\"yoast-schema-graph\">{\"@context\":\"https:\/\/schema.org\",\"@graph\":[{\"@type\":\"WebPage\",\"@id\":\"https:\/\/tropicalwingsbirds.shop\/shop\/red-factor-canary-for-sale\/\",\"url\":\"https:\/\/tropicalwingsbirds.shop\/shop\/red-factor-canary-for-sale\/\",\"name\":\"RED FACTOR CANARY FOR SALE - Tropical Wings Birds\",\"isPartOf\":{\"@id\":\"https:\/\/tropicalwingsbirds.shop\/#website\"},\"primaryImageOfPage\":{\"@id\":\"https:\/\/tropicalwingsbirds.shop\/shop\/red-factor-canary-for-sale\/#primaryimage\"},\"image\":{\"@id\":\"https:\/\/tropicalwingsbirds.shop\/shop\/red-factor-canary-for-sale\/#primaryimage\"},\"thumbnailUrl\":\"https:\/\/tropicalwingsbirds.shop\/wp-content\/uploads\/2023\/12\/Red-factor-canary-for-sale-1.jpg\",\"datePublished\":\"2023-12-07T16:36:19+00:00\",\"dateModified\":\"2024-02-02T23:26:10+00:00\",\"breadcrumb\":{\"@id\":\"https:\/\/tropicalwingsbirds.shop\/shop\/red-factor-canary-for-sale\/#breadcrumb\"},\"inLanguage\":\"af-ZA\",\"potentialAction\":[{\"@type\":\"ReadAction\",\"target\":[\"https:\/\/tropicalwingsbirds.shop\/shop\/red-factor-canary-for-sale\/\"]}]},{\"@type\":\"ImageObject\",\"inLanguage\":\"af-ZA\",\"@id\":\"https:\/\/tropicalwingsbirds.shop\/shop\/red-factor-canary-for-sale\/#primaryimage\",\"url\":\"https:\/\/tropicalwingsbirds.shop\/wp-content\/uploads\/2023\/12\/Red-factor-canary-for-sale-1.jpg\",\"contentUrl\":\"https:\/\/tropicalwingsbirds.shop\/wp-content\/uploads\/2023\/12\/Red-factor-canary-for-sale-1.jpg\",\"width\":425,\"height\":567},{\"@type\":\"BreadcrumbList\",\"@id\":\"https:\/\/tropicalwingsbirds.shop\/shop\/red-factor-canary-for-sale\/#breadcrumb\",\"itemListElement\":[{\"@type\":\"ListItem\",\"position\":1,\"name\":\"Home\",\"item\":\"https:\/\/tropicalwingsbirds.shop\/\"},{\"@type\":\"ListItem\",\"position\":2,\"name\":\"Shop\",\"item\":\"https:\/\/tropicalwingsbirds.shop\/shop\/\"},{\"@type\":\"ListItem\",\"position\":3,\"name\":\"RED FACTOR CANARY FOR SALE\"}]},{\"@type\":\"WebSite\",\"@id\":\"https:\/\/tropicalwingsbirds.shop\/#website\",\"url\":\"https:\/\/tropicalwingsbirds.shop\/\",\"name\":\"Tropical Wings Birds\",\"description\":\"Best Exotic birds breeders online\",\"publisher\":{\"@id\":\"https:\/\/tropicalwingsbirds.shop\/#organization\"},\"potentialAction\":[{\"@type\":\"SearchAction\",\"target\":{\"@type\":\"EntryPoint\",\"urlTemplate\":\"https:\/\/tropicalwingsbirds.shop\/?s={search_term_string}\"},\"query-input\":{\"@type\":\"PropertyValueSpecification\",\"valueRequired\":true,\"valueName\":\"search_term_string\"}}],\"inLanguage\":\"af-ZA\"},{\"@type\":[\"Organization\",\"Place\",\"PetStore\"],\"@id\":\"https:\/\/tropicalwingsbirds.shop\/#organization\",\"name\":\"Tropical Wings Birds Shop\",\"alternateName\":\"TPWB\",\"url\":\"https:\/\/tropicalwingsbirds.shop\/\",\"logo\":{\"@id\":\"https:\/\/tropicalwingsbirds.shop\/shop\/red-factor-canary-for-sale\/#local-main-organization-logo\"},\"image\":{\"@id\":\"https:\/\/tropicalwingsbirds.shop\/shop\/red-factor-canary-for-sale\/#local-main-organization-logo\"},\"sameAs\":[\"https:\/\/web.facebook.com\/profile.php?id=61551502767851&mibextid=2JQ9oc&_rdc=1&_rdr\"],\"description\":\"Tropical Wings Birds is your destination for exotic avian companionship. Our boutique aviary in United States offers a curated selection of vibrant tropical birds sourced from reputable breeders worldwide. With a focus on welfare and expertise, our dedicated team is here to guide you on your journey to finding the perfect feathered friend. Visit us today and experience the magic of avian companionship at Tropical Wings Birds.\",\"legalName\":\"Tropical Wings Birds\",\"foundingDate\":\"2019-02-14\",\"numberOfEmployees\":{\"@type\":\"QuantitativeValue\",\"minValue\":\"1\",\"maxValue\":\"10\"},\"address\":{\"@id\":\"https:\/\/tropicalwingsbirds.shop\/shop\/red-factor-canary-for-sale\/#local-main-place-address\"},\"geo\":{\"@type\":\"GeoCoordinates\",\"latitude\":\"40.5976725\",\"longitude\":\"-122.3716346\"},\"telephone\":[\"+1 707-733-4623\",\"+1 707-733-4623\"],\"contactPoint\":{\"@type\":\"ContactPoint\",\"telephone\":\"+1 707-733-4623\",\"email\":\"sales@tropicalwingsbirds.shop\"},\"openingHoursSpecification\":{\"@type\":\"OpeningHoursSpecification\",\"dayOfWeek\":[\"Monday\",\"Tuesday\",\"Wednesday\",\"Thursday\",\"Friday\",\"Saturday\",\"Sunday\"],\"opens\":\"00:00\",\"closes\":\"23:59\"},\"email\":\"sales@tropicalwingsbirds.shop\",\"faxNumber\":\"+1 707-733-4623\",\"areaServed\":\"United states, Porto Rico, Canada, Australia\",\"priceRange\":\"$\",\"currenciesAccepted\":\"USD, CAD, AUD,\",\"paymentAccepted\":\"Zelle, Paypal, Bitcoin, Apple pay, Credit cards, Bank transfers\"},{\"@type\":\"PostalAddress\",\"@id\":\"https:\/\/tropicalwingsbirds.shop\/shop\/red-factor-canary-for-sale\/#local-main-place-address\",\"streetAddress\":\"500 Hilltop Dr,\",\"addressLocality\":\"Redding\",\"postalCode\":\"96003\",\"addressRegion\":\"California\",\"addressCountry\":\"US\"},{\"@type\":\"ImageObject\",\"inLanguage\":\"af-ZA\",\"@id\":\"https:\/\/tropicalwingsbirds.shop\/shop\/red-factor-canary-for-sale\/#local-main-organization-logo\",\"url\":\"https:\/\/tropicalwingsbirds.shop\/wp-content\/uploads\/2024\/01\/tropical-wings-1.webp\",\"contentUrl\":\"https:\/\/tropicalwingsbirds.shop\/wp-content\/uploads\/2024\/01\/tropical-wings-1.webp\",\"width\":500,\"height\":500,\"caption\":\"Tropical Wings Birds Shop\"}]}<\/script>\n<meta property=\"product:price:currency\" content=\"USD\" \/>\n<meta property=\"og:availability\" content=\"instock\" \/>\n<meta property=\"product:availability\" content=\"instock\" \/>\n<meta property=\"product:condition\" content=\"new\" \/>\n<meta name=\"geo.placename\" content=\"Redding\" \/>\n<meta name=\"geo.position\" content=\"40.5976725;-122.3716346\" \/>\n<meta name=\"geo.region\" content=\"United States (US)\" \/>\n<!-- \/ Yoast SEO Premium plugin. -->","yoast_head_json":{"title":"ROOI FAKTOR KANARIE TE KOOP - Tropiese Vlerkvo\u00ebls","robots":{"index":"index","follow":"follow","max-snippet":"max-snippet:-1","max-image-preview":"max-image-preview:large","max-video-preview":"max-video-preview:-1"},"canonical":"https:\/\/tropicalwingsbirds.shop\/af\/winkel\/rooi-faktor-kanarie-te-koop\/","og_locale":"en_US","og_type":"article","og_title":"RED FACTOR CANARY FOR SALE","og_description":"Red factor canary for sale Red factor canary for sale, named after its beautiful plumage, Red Factor Canary is one of the most popular canaries. It is active and lively, enjoyed by both those who wish to keep a pet canary as well as those who specialize in showing. A delightful entertaining little bird, it is hardy and very easy to keep. However they are not easy to breed, so they will need a more advanced keeper for this purpose.","og_url":"https:\/\/tropicalwingsbirds.shop\/af\/winkel\/rooi-faktor-kanarie-te-koop\/","og_site_name":"Tropical Wings Birds","article_publisher":"https:\/\/web.facebook.com\/profile.php?id=61551502767851&mibextid=2JQ9oc&_rdc=1&_rdr","article_modified_time":"2024-02-02T23:26:10+00:00","og_image":[{"width":425,"height":567,"url":"https:\/\/tropicalwingsbirds.shop\/wp-content\/uploads\/2023\/12\/Red-factor-canary-for-sale-1.jpg","type":"image\/jpeg"}],"twitter_card":"summary_large_image","twitter_misc":{"Price":"","Availability":"In stock"},"schema":{"@context":"https:\/\/schema.org","@graph":[{"@type":"WebPage","@id":"https:\/\/tropicalwingsbirds.shop\/shop\/red-factor-canary-for-sale\/","url":"https:\/\/tropicalwingsbirds.shop\/shop\/red-factor-canary-for-sale\/","name":"ROOI FAKTOR KANARIE TE KOOP - Tropiese Vlerkvo\u00ebls","isPartOf":{"@id":"https:\/\/tropicalwingsbirds.shop\/#website"},"primaryImageOfPage":{"@id":"https:\/\/tropicalwingsbirds.shop\/shop\/red-factor-canary-for-sale\/#primaryimage"},"image":{"@id":"https:\/\/tropicalwingsbirds.shop\/shop\/red-factor-canary-for-sale\/#primaryimage"},"thumbnailUrl":"https:\/\/tropicalwingsbirds.shop\/wp-content\/uploads\/2023\/12\/Red-factor-canary-for-sale-1.jpg","datePublished":"2023-12-07T16:36:19+00:00","dateModified":"2024-02-02T23:26:10+00:00","breadcrumb":{"@id":"https:\/\/tropicalwingsbirds.shop\/shop\/red-factor-canary-for-sale\/#breadcrumb"},"inLanguage":"af-ZA","potentialAction":[{"@type":"ReadAction","target":["https:\/\/tropicalwingsbirds.shop\/shop\/red-factor-canary-for-sale\/"]}]},{"@type":"ImageObject","inLanguage":"af-ZA","@id":"https:\/\/tropicalwingsbirds.shop\/shop\/red-factor-canary-for-sale\/#primaryimage","url":"https:\/\/tropicalwingsbirds.shop\/wp-content\/uploads\/2023\/12\/Red-factor-canary-for-sale-1.jpg","contentUrl":"https:\/\/tropicalwingsbirds.shop\/wp-content\/uploads\/2023\/12\/Red-factor-canary-for-sale-1.jpg","width":425,"height":567},{"@type":"BreadcrumbList","@id":"https:\/\/tropicalwingsbirds.shop\/shop\/red-factor-canary-for-sale\/#breadcrumb","itemListElement":[{"@type":"ListItem","position":1,"name":"Home","item":"https:\/\/tropicalwingsbirds.shop\/"},{"@type":"ListItem","position":2,"name":"Shop","item":"https:\/\/tropicalwingsbirds.shop\/shop\/"},{"@type":"ListItem","position":3,"name":"RED FACTOR CANARY FOR SALE"}]},{"@type":"WebSite","@id":"https:\/\/tropicalwingsbirds.shop\/#website","url":"https:\/\/tropicalwingsbirds.shop\/","name":"Tropiese Vlerke Vo\u00ebls","description":"Beste eksotiese vo\u00ebltelers aanlyn","publisher":{"@id":"https:\/\/tropicalwingsbirds.shop\/#organization"},"potentialAction":[{"@type":"SearchAction","target":{"@type":"EntryPoint","urlTemplate":"https:\/\/tropicalwingsbirds.shop\/?s={search_term_string}"},"query-input":{"@type":"PropertyValueSpecification","valueRequired":true,"valueName":"search_term_string"}}],"inLanguage":"af-ZA"},{"@type":["Organization","Place","PetStore"],"@id":"https:\/\/tropicalwingsbirds.shop\/#organization","name":"Tropical Wings Birds Shop","alternateName":"TPWB","url":"https:\/\/tropicalwingsbirds.shop\/","logo":{"@id":"https:\/\/tropicalwingsbirds.shop\/shop\/red-factor-canary-for-sale\/#local-main-organization-logo"},"image":{"@id":"https:\/\/tropicalwingsbirds.shop\/shop\/red-factor-canary-for-sale\/#local-main-organization-logo"},"sameAs":["https:\/\/web.facebook.com\/profile.php?id=61551502767851&mibextid=2JQ9oc&_rdc=1&_rdr"],"description":"Tropical Wings Birds is jou bestemming vir eksotiese vo\u00eblgeselskap. Ons boetiekvo\u00eblhok in die Verenigde State bied &#039;n saamgestelde seleksie van lewendige tropiese vo\u00ebls wat van betroubare telers w\u00eareldwyd verkry word. Met &#039;n fokus op welsyn en kundigheid, is ons toegewyde span hier om jou te lei op jou reis om die perfekte geveerde vriend te vind. Besoek ons vandag en ervaar die magie van vo\u00eblgeselskap by Tropical Wings Birds.","legalName":"Tropical Wings Birds","foundingDate":"2019-02-14","numberOfEmployees":{"@type":"QuantitativeValue","minValue":"1","maxValue":"10"},"address":{"@id":"https:\/\/tropicalwingsbirds.shop\/shop\/red-factor-canary-for-sale\/#local-main-place-address"},"geo":{"@type":"GeoCoordinates","latitude":"40.5976725","longitude":"-122.3716346"},"telephone":["+1 707-733-4623","+1 707-733-4623"],"contactPoint":{"@type":"ContactPoint","telephone":"+1 707-733-4623","email":"sales@tropicalwingsbirds.shop"},"openingHoursSpecification":{"@type":"OpeningHoursSpecification","dayOfWeek":["Monday","Tuesday","Wednesday","Thursday","Friday","Saturday","Sunday"],"opens":"00:00","closes":"23:59"},"email":"sales@tropicalwingsbirds.shop","faxNumber":"+1 707-733-4623","areaServed":"United states, Porto Rico, Canada, Australia","priceRange":"$","currenciesAccepted":"USD, CAD, AUD,","paymentAccepted":"Zelle, Paypal, Bitcoin, Apple pay, Credit cards, Bank transfers"},{"@type":"PostalAddress","@id":"https:\/\/tropicalwingsbirds.shop\/shop\/red-factor-canary-for-sale\/#local-main-place-address","streetAddress":"500 Hilltop Dr,","addressLocality":"Redding","postalCode":"96003","addressRegion":"California","addressCountry":"US"},{"@type":"ImageObject","inLanguage":"af-ZA","@id":"https:\/\/tropicalwingsbirds.shop\/shop\/red-factor-canary-for-sale\/#local-main-organization-logo","url":"https:\/\/tropicalwingsbirds.shop\/wp-content\/uploads\/2024\/01\/tropical-wings-1.webp","contentUrl":"https:\/\/tropicalwingsbirds.shop\/wp-content\/uploads\/2024\/01\/tropical-wings-1.webp","width":500,"height":500,"caption":"Tropical Wings Birds Shop"}]},"product_price_currency":"USD","og_availability":"instock","product_availability":"instock","product_condition":"new","geo.placename":"Redding","geo.position":{"lat":"40.5976725","long":"-122.3716346"},"geo.region":"United States (US)"},"_links":{"self":[{"href":"https:\/\/tropicalwingsbirds.shop\/af\/wp-json\/wp\/v2\/product\/2621","targetHints":{"allow":["GET"]}}],"collection":[{"href":"https:\/\/tropicalwingsbirds.shop\/af\/wp-json\/wp\/v2\/product"}],"about":[{"href":"https:\/\/tropicalwingsbirds.shop\/af\/wp-json\/wp\/v2\/types\/product"}],"replies":[{"embeddable":true,"href":"https:\/\/tropicalwingsbirds.shop\/af\/wp-json\/wp\/v2\/comments?post=2621"}],"wp:featuredmedia":[{"embeddable":true,"href":"https:\/\/tropicalwingsbirds.shop\/af\/wp-json\/wp\/v2\/media\/2661"}],"wp:attachment":[{"href":"https:\/\/tropicalwingsbirds.shop\/af\/wp-json\/wp\/v2\/media?parent=2621"}],"wp:term":[{"taxonomy":"product_brand","embeddable":true,"href":"https:\/\/tropicalwingsbirds.shop\/af\/wp-json\/wp\/v2\/product_brand?post=2621"},{"taxonomy":"product_cat","embeddable":true,"href":"https:\/\/tropicalwingsbirds.shop\/af\/wp-json\/wp\/v2\/product_cat?post=2621"},{"taxonomy":"product_tag","embeddable":true,"href":"https:\/\/tropicalwingsbirds.shop\/af\/wp-json\/wp\/v2\/product_tag?post=2621"}],"curies":[{"name":"wp","href":"https:\/\/api.w.org\/{rel}","templated":true}]}}