{"id":584,"date":"2023-12-03T14:05:59","date_gmt":"2023-12-03T14:05:59","guid":{"rendered":"https:\/\/tropicalwingsbirds.shop\/?post_type=product&#038;p=584"},"modified":"2023-12-03T14:07:15","modified_gmt":"2023-12-03T14:07:15","slug":"koop-skarlaken-aras","status":"publish","type":"product","link":"https:\/\/tropicalwingsbirds.shop\/af\/winkel\/koop-skarlaken-aras\/","title":{"rendered":"Koop Skarlaken Ara&#039;s"},"content":{"rendered":"<div class=\"large-10 col pb-0 mb-0\">\n<div class=\"panel entry-content\">\n<div class=\"large-10 col pb-0 mb-0\">\n<div class=\"panel entry-content\">\n<div class=\"row\">\n<div class=\"col-md-12 centered\">\n<h2>Skarlaken Ara te koop<\/h2>\n<div>Skarlakenraapa is ongeveer 81 sentimeter (32 duim) lank, waarvan meer as die helfte die puntige, gegradeerde stert is wat tipies is van alle ara&#039;s, hoewel die Skarlakenraapa te koop &#039;n groter persentasie stert het as die ander groot ara&#039;s. Die gemiddelde gewig is ongeveer 1 kilogram (2.2 lb). Die verekleed is meestal Skarlakenraapa te koop, maar die kruis- en stertdekvere is ligblou, die groter boonste vlerkdekvere is geel, die boonste kante van die vlugvere van die vlerke is donkerblou, asook die punte van die stertvere, en die onderkante van die vlerk- en stertvlugvere is donkerrooi met metaalgoud irisering. Sommige individue mag groen in die vlerke h\u00ea.<\/div>\n<div><\/div>\n<div>Daar is kaal wit vel om die oog en van daar af tot by die snawel. Hulle het klein wit vere wat op die gesigvlek voorkom. Die boonste mandibel is meestal lighoring van kleur en die onderste is swart. Jongmense het donker o\u00eb; volwassenes het liggeel o\u00eb.<\/div>\n<div><\/div>\n<div>Skarlakenraapapegaaivo\u00ebls word gereeld verwar met die effens groter groenvlerkara. Hierdie vo\u00ebls het meer duidelike rooi lyne op die gesig en geen geel op die vlerk nie. Kry Skarlakenraapa nou te koop by jou huis.<\/div>\n<div><\/div>\n<div>Skarlakenraatjies maak baie harde, ho\u00eb en soms lae, keelagtige gekras en geskreeu wat ontwerp is om baie kilometers te dra om na hul groepe te roep.<\/div>\n<div>Die skarlakenrooi ara kan tot 75 of selfs 90 jaar in gevangenskap leef, hoewel &#039;n meer tipiese lewensduur 40 tot 50 jaar is.<\/div>\n<h2>Voeding<\/h2>\n<div>Skarlaken ara&#039;s eet meestal vrugte, neute en sade, insluitend groot, harde sade en natriumryke grond. Die prys van die skarlaken ara is bo die ara-beeld.<\/div>\n<h2>Teling<\/h2>\n<div>Alhoewel hulle die meeste tye van die jaar relatief mak is, kan skarlaken ara&#039;s gedurende teeltyd geweldig aggressief wees. Skarlaken ara&#039;s is monogame vo\u00ebls, met individue wat hul hele lewe lank by een maat bly. Die hen l\u00ea twee of drie wit eiers in &#039;n boomholte. <a href=\"https:\/\/timiesbirds.com\/product\/buy-scarlet-macaws\/\">Koop Skarlaken Ara<\/a>Die wyfie broei die <a href=\"https:\/\/mozillabirdsfarm.com\/product\/scarlet-macaw-eggs\/\">vrugbare papegaaie-eiers<\/a> vir ongeveer vyf weke en die kuikens verlaat die nes ongeveer 90 dae nadat hulle uitgebroei het. Hulle verlaat hul ouers ongeveer &#039;n jaar later. Jong kuikens bereik seksuele volwassenheid op vyfjarige ouderdom.<\/div>\n<h2>Skarlaken ara prys<\/h2>\n<div>Ons skarlakenrooi ara-prys begin by 1000 dollar, maar as jy &#039;n terugkerende kli\u00ebnt is, kan jy vir 1000 dollar minder koop vir die lojaliteitsbonus, <a href=\"https:\/\/timiesbirds.com\/product\/buy-scarlet-macaws\/\">KOOP SKARLAAKARAAN ARA AANLYN<\/a><\/div>\n<\/p><\/div>\n<\/p><\/div>\n<\/p><\/div>\n<\/p><\/div>\n<\/p><\/div>\n<\/p><\/div>","protected":false},"excerpt":{"rendered":"<p>Die skarlakenrooi is &#039;n &quot;sassige&quot; vo\u00ebl, gevul met energie en persoonlikheid. Dit is hoogs intelligent, sowel as &#039;n bekwame ontsnappingskunstenaar. Dit het duidelike voor- en afkeure, en kan &#039;n &quot;eenpersoonvo\u00ebl&quot; word as daar nie sorg gedra word om die vo\u00ebl anders op te lei nie.<\/p>\n<p>Ons het manlike en vroulike baba-skarlaken ara-papegaaie te koop. Hierdie 14 weke - 11 maande oue papegaaie word tans in &#039;n pragtige omgewing grootgemaak en is gereed om w\u00eareldwyd verskeep te word. Al ons babas is baie vriendelik, vermaaklik en baie goed gesosialiseerd. Al ons papegaaie kom met &#039;n gesondheidsertifikaat van &#039;n vo\u00eblveearts en alle babas is ook SIEKTVRY.<\/p>","protected":false},"featured_media":654,"comment_status":"closed","ping_status":"closed","template":"","meta":{"site-sidebar-layout":"default","site-content-layout":"","ast-site-content-layout":"default","site-content-style":"default","site-sidebar-style":"default","ast-global-header-display":"","ast-banner-title-visibility":"","ast-main-header-display":"","ast-hfb-above-header-display":"","ast-hfb-below-header-display":"","ast-hfb-mobile-header-display":"","site-post-title":"","ast-breadcrumbs-content":"","ast-featured-img":"","footer-sml-layout":"","theme-transparent-header-meta":"","adv-header-id-meta":"","stick-header-meta":"","header-above-stick-meta":"","header-main-stick-meta":"","header-below-stick-meta":"","astra-migrate-meta-layouts":"default","ast-page-background-enabled":"default","ast-page-background-meta":{"desktop":{"background-color":"var(--ast-global-color-4)","background-image":"","background-repeat":"repeat","background-position":"center center","background-size":"auto","background-attachment":"scroll","background-type":"","background-media":"","overlay-type":"","overlay-color":"","overlay-opacity":"","overlay-gradient":""},"tablet":{"background-color":"","background-image":"","background-repeat":"repeat","background-position":"center center","background-size":"auto","background-attachment":"scroll","background-type":"","background-media":"","overlay-type":"","overlay-color":"","overlay-opacity":"","overlay-gradient":""},"mobile":{"background-color":"","background-image":"","background-repeat":"repeat","background-position":"center center","background-size":"auto","background-attachment":"scroll","background-type":"","background-media":"","overlay-type":"","overlay-color":"","overlay-opacity":"","overlay-gradient":""}},"ast-content-background-meta":{"desktop":{"background-color":"var(--ast-global-color-5)","background-image":"","background-repeat":"repeat","background-position":"center center","background-size":"auto","background-attachment":"scroll","background-type":"","background-media":"","overlay-type":"","overlay-color":"","overlay-opacity":"","overlay-gradient":""},"tablet":{"background-color":"var(--ast-global-color-5)","background-image":"","background-repeat":"repeat","background-position":"center center","background-size":"auto","background-attachment":"scroll","background-type":"","background-media":"","overlay-type":"","overlay-color":"","overlay-opacity":"","overlay-gradient":""},"mobile":{"background-color":"var(--ast-global-color-5)","background-image":"","background-repeat":"repeat","background-position":"center center","background-size":"auto","background-attachment":"scroll","background-type":"","background-media":"","overlay-type":"","overlay-color":"","overlay-opacity":"","overlay-gradient":""}}},"product_brand":[],"product_cat":[51,156],"product_tag":[239,240,241,242,243,244,245,246,247,248,249,250,251,252,253,254,255,256,68,257,258],"class_list":{"0":"post-584","1":"product","2":"type-product","3":"status-publish","4":"has-post-thumbnail","6":"product_cat-macaws","7":"product_cat-parrots","8":"product_tag-ara-macao","9":"product_tag-baby-scarlet-macaw-parrot-for-sale","10":"product_tag-buy-baby-scarlet-macaw-online","11":"product_tag-buy-cheap-macaw-parrots-online","12":"product_tag-buy-hybrid-scarlet-macaw","13":"product_tag-buy-scarlet-macaw","14":"product_tag-buy-scarlet-macaw-parrot","15":"product_tag-buy-scarlet-macaw-parrot-online","16":"product_tag-buy-scarlet-macaw-parrot-online-cheap","17":"product_tag-buy-scarlet-macaws","18":"product_tag-buy-scarlet-macaws-online","19":"product_tag-cheap-scarlet-macaw-parrot","20":"product_tag-hybrid-macaw","21":"product_tag-incubate-scarlet-macaw-parrot-eggs","22":"product_tag-looking-for-baby-scarlet-macaw","23":"product_tag-scarlet-macaw-for-adoption","24":"product_tag-scarlet-macaw-for-sale","25":"product_tag-scarlet-macaw-offer","26":"product_tag-scarlet-macaw-parrot","27":"product_tag-scarlet-macaws","28":"product_tag-scarlet-macaws-online","29":"desktop-align-left","30":"tablet-align-left","31":"mobile-align-left","32":"ast-product-gallery-layout-horizontal-slider","33":"ast-product-tabs-layout-horizontal","34":"ast-qv-on-image","36":"first","37":"instock","38":"shipping-taxable","39":"product-type-simple"},"yoast_head":"<!-- This site is optimized with the Yoast SEO Premium plugin v23.2 (Yoast SEO v26.8) - https:\/\/yoast.com\/product\/yoast-seo-premium-wordpress\/ -->\n<title>Buy Scarlet Macaws - Tropical Wings Birds<\/title>\n<meta name=\"robots\" content=\"index, follow, max-snippet:-1, max-image-preview:large, max-video-preview:-1\" \/>\n<link rel=\"canonical\" href=\"https:\/\/tropicalwingsbirds.shop\/af\/winkel\/koop-skarlaken-aras\/\" \/>\n<meta property=\"og:locale\" content=\"en_US\" \/>\n<meta property=\"og:type\" content=\"article\" \/>\n<meta property=\"og:title\" content=\"Buy Scarlet Macaws\" \/>\n<meta property=\"og:description\" content=\"The scarlet is a \u201csassy\u201d bird, filled with energy and personality. It\u2019s highly intelligent, as well as a capable escape artist. It has distinct likes and dislikes, and can become a \u201cone person bird\u201d if care is not taken to train the bird otherwise. We have Male and Female baby Scarlet Macaw Parrots available for sale. These 14 weeks -11 months\u00a0 old parrots are currently being nurtured in a beautiful environment and ready to be shipped worldwide. All our babies are very friendly, entertaining and very well socialized. All our parrots come with a health certificate from an Avian vet and all babies are also DISEASE-FREE.\" \/>\n<meta property=\"og:url\" content=\"https:\/\/tropicalwingsbirds.shop\/af\/winkel\/koop-skarlaken-aras\/\" \/>\n<meta property=\"og:site_name\" content=\"Tropical Wings Birds\" \/>\n<meta property=\"article:publisher\" content=\"https:\/\/web.facebook.com\/profile.php?id=61551502767851&amp;mibextid=2JQ9oc&amp;_rdc=1&amp;_rdr\" \/>\n<meta property=\"article:modified_time\" content=\"2023-12-03T14:07:15+00:00\" \/>\n<meta property=\"og:image\" content=\"https:\/\/tropicalwingsbirds.shop\/wp-content\/uploads\/2023\/12\/WhatsApp-Image-2021-04-17-at-00.50.22.jpeg\" \/>\n\t<meta property=\"og:image:width\" content=\"1080\" \/>\n\t<meta property=\"og:image:height\" content=\"1080\" \/>\n\t<meta property=\"og:image:type\" content=\"image\/jpeg\" \/>\n<meta name=\"twitter:card\" content=\"summary_large_image\" \/>\n<meta name=\"twitter:label1\" content=\"Price\" \/>\n\t<meta name=\"twitter:data1\" content=\"\" \/>\n\t<meta name=\"twitter:label2\" content=\"Availability\" \/>\n\t<meta name=\"twitter:data2\" content=\"In stock\" \/>\n<script type=\"application\/ld+json\" class=\"yoast-schema-graph\">{\"@context\":\"https:\/\/schema.org\",\"@graph\":[{\"@type\":\"WebPage\",\"@id\":\"https:\/\/tropicalwingsbirds.shop\/shop\/buy-scarlet-macaws\/\",\"url\":\"https:\/\/tropicalwingsbirds.shop\/shop\/buy-scarlet-macaws\/\",\"name\":\"Buy Scarlet Macaws - Tropical Wings Birds\",\"isPartOf\":{\"@id\":\"https:\/\/tropicalwingsbirds.shop\/#website\"},\"primaryImageOfPage\":{\"@id\":\"https:\/\/tropicalwingsbirds.shop\/shop\/buy-scarlet-macaws\/#primaryimage\"},\"image\":{\"@id\":\"https:\/\/tropicalwingsbirds.shop\/shop\/buy-scarlet-macaws\/#primaryimage\"},\"thumbnailUrl\":\"https:\/\/tropicalwingsbirds.shop\/wp-content\/uploads\/2023\/12\/WhatsApp-Image-2021-04-17-at-00.50.22.jpeg\",\"datePublished\":\"2023-12-03T14:05:59+00:00\",\"dateModified\":\"2023-12-03T14:07:15+00:00\",\"breadcrumb\":{\"@id\":\"https:\/\/tropicalwingsbirds.shop\/shop\/buy-scarlet-macaws\/#breadcrumb\"},\"inLanguage\":\"af-ZA\",\"potentialAction\":[{\"@type\":\"ReadAction\",\"target\":[\"https:\/\/tropicalwingsbirds.shop\/shop\/buy-scarlet-macaws\/\"]}]},{\"@type\":\"ImageObject\",\"inLanguage\":\"af-ZA\",\"@id\":\"https:\/\/tropicalwingsbirds.shop\/shop\/buy-scarlet-macaws\/#primaryimage\",\"url\":\"https:\/\/tropicalwingsbirds.shop\/wp-content\/uploads\/2023\/12\/WhatsApp-Image-2021-04-17-at-00.50.22.jpeg\",\"contentUrl\":\"https:\/\/tropicalwingsbirds.shop\/wp-content\/uploads\/2023\/12\/WhatsApp-Image-2021-04-17-at-00.50.22.jpeg\",\"width\":1080,\"height\":1080},{\"@type\":\"BreadcrumbList\",\"@id\":\"https:\/\/tropicalwingsbirds.shop\/shop\/buy-scarlet-macaws\/#breadcrumb\",\"itemListElement\":[{\"@type\":\"ListItem\",\"position\":1,\"name\":\"Home\",\"item\":\"https:\/\/tropicalwingsbirds.shop\/\"},{\"@type\":\"ListItem\",\"position\":2,\"name\":\"Shop\",\"item\":\"https:\/\/tropicalwingsbirds.shop\/shop\/\"},{\"@type\":\"ListItem\",\"position\":3,\"name\":\"Buy Scarlet Macaws\"}]},{\"@type\":\"WebSite\",\"@id\":\"https:\/\/tropicalwingsbirds.shop\/#website\",\"url\":\"https:\/\/tropicalwingsbirds.shop\/\",\"name\":\"Tropical Wings Birds\",\"description\":\"Best Exotic birds breeders online\",\"publisher\":{\"@id\":\"https:\/\/tropicalwingsbirds.shop\/#organization\"},\"potentialAction\":[{\"@type\":\"SearchAction\",\"target\":{\"@type\":\"EntryPoint\",\"urlTemplate\":\"https:\/\/tropicalwingsbirds.shop\/?s={search_term_string}\"},\"query-input\":{\"@type\":\"PropertyValueSpecification\",\"valueRequired\":true,\"valueName\":\"search_term_string\"}}],\"inLanguage\":\"af-ZA\"},{\"@type\":[\"Organization\",\"Place\",\"PetStore\"],\"@id\":\"https:\/\/tropicalwingsbirds.shop\/#organization\",\"name\":\"Tropical Wings Birds Shop\",\"alternateName\":\"TPWB\",\"url\":\"https:\/\/tropicalwingsbirds.shop\/\",\"logo\":{\"@id\":\"https:\/\/tropicalwingsbirds.shop\/shop\/buy-scarlet-macaws\/#local-main-organization-logo\"},\"image\":{\"@id\":\"https:\/\/tropicalwingsbirds.shop\/shop\/buy-scarlet-macaws\/#local-main-organization-logo\"},\"sameAs\":[\"https:\/\/web.facebook.com\/profile.php?id=61551502767851&mibextid=2JQ9oc&_rdc=1&_rdr\"],\"description\":\"Tropical Wings Birds is your destination for exotic avian companionship. Our boutique aviary in United States offers a curated selection of vibrant tropical birds sourced from reputable breeders worldwide. With a focus on welfare and expertise, our dedicated team is here to guide you on your journey to finding the perfect feathered friend. Visit us today and experience the magic of avian companionship at Tropical Wings Birds.\",\"legalName\":\"Tropical Wings Birds\",\"foundingDate\":\"2019-02-14\",\"numberOfEmployees\":{\"@type\":\"QuantitativeValue\",\"minValue\":\"1\",\"maxValue\":\"10\"},\"address\":{\"@id\":\"https:\/\/tropicalwingsbirds.shop\/shop\/buy-scarlet-macaws\/#local-main-place-address\"},\"geo\":{\"@type\":\"GeoCoordinates\",\"latitude\":\"40.5976725\",\"longitude\":\"-122.3716346\"},\"telephone\":[\"+1 707-733-4623\",\"+1 707-733-4623\"],\"contactPoint\":{\"@type\":\"ContactPoint\",\"telephone\":\"+1 707-733-4623\",\"email\":\"sales@tropicalwingsbirds.shop\"},\"openingHoursSpecification\":{\"@type\":\"OpeningHoursSpecification\",\"dayOfWeek\":[\"Monday\",\"Tuesday\",\"Wednesday\",\"Thursday\",\"Friday\",\"Saturday\",\"Sunday\"],\"opens\":\"00:00\",\"closes\":\"23:59\"},\"email\":\"sales@tropicalwingsbirds.shop\",\"faxNumber\":\"+1 707-733-4623\",\"areaServed\":\"United states, Porto Rico, Canada, Australia\",\"priceRange\":\"$\",\"currenciesAccepted\":\"USD, CAD, AUD,\",\"paymentAccepted\":\"Zelle, Paypal, Bitcoin, Apple pay, Credit cards, Bank transfers\"},{\"@type\":\"PostalAddress\",\"@id\":\"https:\/\/tropicalwingsbirds.shop\/shop\/buy-scarlet-macaws\/#local-main-place-address\",\"streetAddress\":\"500 Hilltop Dr,\",\"addressLocality\":\"Redding\",\"postalCode\":\"96003\",\"addressRegion\":\"California\",\"addressCountry\":\"US\"},{\"@type\":\"ImageObject\",\"inLanguage\":\"af-ZA\",\"@id\":\"https:\/\/tropicalwingsbirds.shop\/shop\/buy-scarlet-macaws\/#local-main-organization-logo\",\"url\":\"https:\/\/tropicalwingsbirds.shop\/wp-content\/uploads\/2024\/01\/tropical-wings-1.webp\",\"contentUrl\":\"https:\/\/tropicalwingsbirds.shop\/wp-content\/uploads\/2024\/01\/tropical-wings-1.webp\",\"width\":500,\"height\":500,\"caption\":\"Tropical Wings Birds Shop\"}]}<\/script>\n<meta property=\"product:price:currency\" content=\"USD\" \/>\n<meta property=\"og:availability\" content=\"instock\" \/>\n<meta property=\"product:availability\" content=\"instock\" \/>\n<meta property=\"product:condition\" content=\"new\" \/>\n<meta name=\"geo.placename\" content=\"Redding\" \/>\n<meta name=\"geo.position\" content=\"40.5976725;-122.3716346\" \/>\n<meta name=\"geo.region\" content=\"United States (US)\" \/>\n<!-- \/ Yoast SEO Premium plugin. -->","yoast_head_json":{"title":"Koop Skarlaken Ara&#039;s - Tropiese Vlerkvo\u00ebls","robots":{"index":"index","follow":"follow","max-snippet":"max-snippet:-1","max-image-preview":"max-image-preview:large","max-video-preview":"max-video-preview:-1"},"canonical":"https:\/\/tropicalwingsbirds.shop\/af\/winkel\/koop-skarlaken-aras\/","og_locale":"en_US","og_type":"article","og_title":"Buy Scarlet Macaws","og_description":"The scarlet is a \u201csassy\u201d bird, filled with energy and personality. It\u2019s highly intelligent, as well as a capable escape artist. It has distinct likes and dislikes, and can become a \u201cone person bird\u201d if care is not taken to train the bird otherwise. We have Male and Female baby Scarlet Macaw Parrots available for sale. These 14 weeks -11 months\u00a0 old parrots are currently being nurtured in a beautiful environment and ready to be shipped worldwide. All our babies are very friendly, entertaining and very well socialized. All our parrots come with a health certificate from an Avian vet and all babies are also DISEASE-FREE.","og_url":"https:\/\/tropicalwingsbirds.shop\/af\/winkel\/koop-skarlaken-aras\/","og_site_name":"Tropical Wings Birds","article_publisher":"https:\/\/web.facebook.com\/profile.php?id=61551502767851&mibextid=2JQ9oc&_rdc=1&_rdr","article_modified_time":"2023-12-03T14:07:15+00:00","og_image":[{"width":1080,"height":1080,"url":"https:\/\/tropicalwingsbirds.shop\/wp-content\/uploads\/2023\/12\/WhatsApp-Image-2021-04-17-at-00.50.22.jpeg","type":"image\/jpeg"}],"twitter_card":"summary_large_image","twitter_misc":{"Price":"","Availability":"In stock"},"schema":{"@context":"https:\/\/schema.org","@graph":[{"@type":"WebPage","@id":"https:\/\/tropicalwingsbirds.shop\/shop\/buy-scarlet-macaws\/","url":"https:\/\/tropicalwingsbirds.shop\/shop\/buy-scarlet-macaws\/","name":"Koop Skarlaken Ara&#039;s - Tropiese Vlerkvo\u00ebls","isPartOf":{"@id":"https:\/\/tropicalwingsbirds.shop\/#website"},"primaryImageOfPage":{"@id":"https:\/\/tropicalwingsbirds.shop\/shop\/buy-scarlet-macaws\/#primaryimage"},"image":{"@id":"https:\/\/tropicalwingsbirds.shop\/shop\/buy-scarlet-macaws\/#primaryimage"},"thumbnailUrl":"https:\/\/tropicalwingsbirds.shop\/wp-content\/uploads\/2023\/12\/WhatsApp-Image-2021-04-17-at-00.50.22.jpeg","datePublished":"2023-12-03T14:05:59+00:00","dateModified":"2023-12-03T14:07:15+00:00","breadcrumb":{"@id":"https:\/\/tropicalwingsbirds.shop\/shop\/buy-scarlet-macaws\/#breadcrumb"},"inLanguage":"af-ZA","potentialAction":[{"@type":"ReadAction","target":["https:\/\/tropicalwingsbirds.shop\/shop\/buy-scarlet-macaws\/"]}]},{"@type":"ImageObject","inLanguage":"af-ZA","@id":"https:\/\/tropicalwingsbirds.shop\/shop\/buy-scarlet-macaws\/#primaryimage","url":"https:\/\/tropicalwingsbirds.shop\/wp-content\/uploads\/2023\/12\/WhatsApp-Image-2021-04-17-at-00.50.22.jpeg","contentUrl":"https:\/\/tropicalwingsbirds.shop\/wp-content\/uploads\/2023\/12\/WhatsApp-Image-2021-04-17-at-00.50.22.jpeg","width":1080,"height":1080},{"@type":"BreadcrumbList","@id":"https:\/\/tropicalwingsbirds.shop\/shop\/buy-scarlet-macaws\/#breadcrumb","itemListElement":[{"@type":"ListItem","position":1,"name":"Home","item":"https:\/\/tropicalwingsbirds.shop\/"},{"@type":"ListItem","position":2,"name":"Shop","item":"https:\/\/tropicalwingsbirds.shop\/shop\/"},{"@type":"ListItem","position":3,"name":"Buy Scarlet Macaws"}]},{"@type":"WebSite","@id":"https:\/\/tropicalwingsbirds.shop\/#website","url":"https:\/\/tropicalwingsbirds.shop\/","name":"Tropiese Vlerke Vo\u00ebls","description":"Beste eksotiese vo\u00ebltelers aanlyn","publisher":{"@id":"https:\/\/tropicalwingsbirds.shop\/#organization"},"potentialAction":[{"@type":"SearchAction","target":{"@type":"EntryPoint","urlTemplate":"https:\/\/tropicalwingsbirds.shop\/?s={search_term_string}"},"query-input":{"@type":"PropertyValueSpecification","valueRequired":true,"valueName":"search_term_string"}}],"inLanguage":"af-ZA"},{"@type":["Organization","Place","PetStore"],"@id":"https:\/\/tropicalwingsbirds.shop\/#organization","name":"Tropical Wings Birds Shop","alternateName":"TPWB","url":"https:\/\/tropicalwingsbirds.shop\/","logo":{"@id":"https:\/\/tropicalwingsbirds.shop\/shop\/buy-scarlet-macaws\/#local-main-organization-logo"},"image":{"@id":"https:\/\/tropicalwingsbirds.shop\/shop\/buy-scarlet-macaws\/#local-main-organization-logo"},"sameAs":["https:\/\/web.facebook.com\/profile.php?id=61551502767851&mibextid=2JQ9oc&_rdc=1&_rdr"],"description":"Tropical Wings Birds is jou bestemming vir eksotiese vo\u00eblgeselskap. Ons boetiekvo\u00eblhok in die Verenigde State bied &#039;n saamgestelde seleksie van lewendige tropiese vo\u00ebls wat van betroubare telers w\u00eareldwyd verkry word. Met &#039;n fokus op welsyn en kundigheid, is ons toegewyde span hier om jou te lei op jou reis om die perfekte geveerde vriend te vind. Besoek ons vandag en ervaar die magie van vo\u00eblgeselskap by Tropical Wings Birds.","legalName":"Tropical Wings Birds","foundingDate":"2019-02-14","numberOfEmployees":{"@type":"QuantitativeValue","minValue":"1","maxValue":"10"},"address":{"@id":"https:\/\/tropicalwingsbirds.shop\/shop\/buy-scarlet-macaws\/#local-main-place-address"},"geo":{"@type":"GeoCoordinates","latitude":"40.5976725","longitude":"-122.3716346"},"telephone":["+1 707-733-4623","+1 707-733-4623"],"contactPoint":{"@type":"ContactPoint","telephone":"+1 707-733-4623","email":"sales@tropicalwingsbirds.shop"},"openingHoursSpecification":{"@type":"OpeningHoursSpecification","dayOfWeek":["Monday","Tuesday","Wednesday","Thursday","Friday","Saturday","Sunday"],"opens":"00:00","closes":"23:59"},"email":"sales@tropicalwingsbirds.shop","faxNumber":"+1 707-733-4623","areaServed":"United states, Porto Rico, Canada, Australia","priceRange":"$","currenciesAccepted":"USD, CAD, AUD,","paymentAccepted":"Zelle, Paypal, Bitcoin, Apple pay, Credit cards, Bank transfers"},{"@type":"PostalAddress","@id":"https:\/\/tropicalwingsbirds.shop\/shop\/buy-scarlet-macaws\/#local-main-place-address","streetAddress":"500 Hilltop Dr,","addressLocality":"Redding","postalCode":"96003","addressRegion":"California","addressCountry":"US"},{"@type":"ImageObject","inLanguage":"af-ZA","@id":"https:\/\/tropicalwingsbirds.shop\/shop\/buy-scarlet-macaws\/#local-main-organization-logo","url":"https:\/\/tropicalwingsbirds.shop\/wp-content\/uploads\/2024\/01\/tropical-wings-1.webp","contentUrl":"https:\/\/tropicalwingsbirds.shop\/wp-content\/uploads\/2024\/01\/tropical-wings-1.webp","width":500,"height":500,"caption":"Tropical Wings Birds Shop"}]},"product_price_currency":"USD","og_availability":"instock","product_availability":"instock","product_condition":"new","geo.placename":"Redding","geo.position":{"lat":"40.5976725","long":"-122.3716346"},"geo.region":"United States (US)"},"_links":{"self":[{"href":"https:\/\/tropicalwingsbirds.shop\/af\/wp-json\/wp\/v2\/product\/584","targetHints":{"allow":["GET"]}}],"collection":[{"href":"https:\/\/tropicalwingsbirds.shop\/af\/wp-json\/wp\/v2\/product"}],"about":[{"href":"https:\/\/tropicalwingsbirds.shop\/af\/wp-json\/wp\/v2\/types\/product"}],"replies":[{"embeddable":true,"href":"https:\/\/tropicalwingsbirds.shop\/af\/wp-json\/wp\/v2\/comments?post=584"}],"wp:featuredmedia":[{"embeddable":true,"href":"https:\/\/tropicalwingsbirds.shop\/af\/wp-json\/wp\/v2\/media\/654"}],"wp:attachment":[{"href":"https:\/\/tropicalwingsbirds.shop\/af\/wp-json\/wp\/v2\/media?parent=584"}],"wp:term":[{"taxonomy":"product_brand","embeddable":true,"href":"https:\/\/tropicalwingsbirds.shop\/af\/wp-json\/wp\/v2\/product_brand?post=584"},{"taxonomy":"product_cat","embeddable":true,"href":"https:\/\/tropicalwingsbirds.shop\/af\/wp-json\/wp\/v2\/product_cat?post=584"},{"taxonomy":"product_tag","embeddable":true,"href":"https:\/\/tropicalwingsbirds.shop\/af\/wp-json\/wp\/v2\/product_tag?post=584"}],"curies":[{"name":"wp","href":"https:\/\/api.w.org\/{rel}","templated":true}]}}