{"id":586,"date":"2023-12-03T14:05:59","date_gmt":"2023-12-03T14:05:59","guid":{"rendered":"https:\/\/tropicalwingsbirds.shop\/?post_type=product&#038;p=586"},"modified":"2023-12-03T14:07:25","modified_gmt":"2023-12-03T14:07:25","slug":"hiasint-ara-te-koop","status":"publish","type":"product","link":"https:\/\/tropicalwingsbirds.shop\/af\/winkel\/hiasint-ara-te-koop\/","title":{"rendered":"Hiasint Ara te koop"},"content":{"rendered":"<div class=\"large-10 col pb-0 mb-0\">\n<div class=\"panel entry-content\">\n<h2>Hiasint-ara te koop<\/h2>\n<div>Hyasint Ara is die <a href=\"https:\/\/en.wikipedia.org\/wiki\/Hyacinth_macaw\" target=\"_blank\" rel=\"noopener\">langste papegaai<\/a> ter w\u00eareld, wat &#039;n massiewe 100 sentimeter lank bereik. Soos hul naam aandui, is hulle bedek met helderblou vere. Hulle het kaal geel oogringe om groot swart o\u00eb, &#039;n geel ken, &#039;n sterk gehaakte snawel en voete (2 tone wat vorentoe wys en 2 tone wat agtertoe wys). Hyacint Macaw te koop het &#039;n lewensduur wat ook tot 70 jaar kan wees as behoorlike sorg verskaf word. Hul snawel kan ongeveer 200 pond druk per duim dra, wat aandui dat hulle &#039;n halwe besemstok in net een breek kan breek.<\/div>\n<div><\/div>\n<div>Klas: Aves<\/div>\n<div>Familie: Psittacidae<\/div>\n<div>Koninkryk: Animalia<\/div>\n<div>Lewensduur: 50 jaar (In die natuur)<\/div>\n<div>Lengte: 100 cm (Volwassene)<\/div>\n<div>Wetenskaplike naam: Anodorhynchus hyacinthinus<\/div>\n<div><\/div>\n<div>Die verlengde lyf van die Hyacint-ara bereik ongeveer 95 cm (37 duim) in lengte en dit het &#039;n indrukwekkende vlerkspan van tot ongeveer 112 cm (42 duim) breed, wat die grootste papegaai ter w\u00eareld is. Maar die Hyacint is nie so stewig nie, dit weeg slegs tot ongeveer 1,7 kg (3,7 lb).<\/div>\n<div><\/div>\n<div>Die pragtige Hyacint-ara is so mooi soos &#039;n groot ara in &#039;n geheel en al blou. Die ryk kobaltblou van sy kleur het sy naam be\u00efnvloed. Dit is &#039;n kalm ara en bekend as &#039;n uitstekende troeteldier. Hyacint-ara&#039;s het &#039;n baie egalige temperament. Hulle is soet, uiters saggeaard en is nie geneig om baie geraas te maak nie. Hulle is liefdevol en speels en raak baie geheg aan hul menslike families. <a href=\"https:\/\/timiesbirds.com\/product\/buy-hyacinth-macaw\/\">Koop Hiasint Ara aanlyn<\/a><\/div>\n<div><\/div>\n<h2>Persoonlikheid van Hyacint Macaw<\/h2>\n<div>Hierdie troeteldier-ara mag dalk een persoon uitkies vir spesiale liefde, maar Hyacint-ara&#039;s te koop is meer geneig om deel van die hele gesin te wees en is goed met kinders. As hulle op &#039;n jong ouderdom gesosialiseer word, is hierdie ara&#039;s ook baie gretig om nuwe mense te ontmoet en met hulle te speel.<\/div>\n<div><\/div>\n<div>Die Hiasint is nogal intelligent en geneig om grappe te maak. Grappe kan insluit om van &#039;n afstand op jou of jou geselskap se kop te spring. Met sy grootte is dit nogal snaaks. &#039;n Goeie grap is om op sy rug te l\u00ea met sy voete regop en dood te maak. Hulle sal gereeld van die plafonwaaier af na jou staar (maak seker dit is af!) of uit hul hok breek. Hulle vernietig nie die hok nie, maar is meer geneig om net die slot af te haal. Hierdie papegaaie is nuuskierig en nogal vermaaklik.<\/div>\n<div><\/div>\n<div>Hiasint-ara&#039;s praat wel, alhoewel hul vermo\u00eb hiervoor beperk is. Tog maak hulle hul begeertes bekend. Sodra hul bewaarders hul roep vir speel, drukkies of spesiale kos verstaan, is daar &#039;n definitiewe verhouding wat ontwikkel tussen hierdie pragtige geveerde troeteldier en sy mense.<\/div>\n<h3>Sorg en Voeding vir Hyacint Macaw<\/h3>\n<div>\n<p>Ons Hyacint-ara-papegaaie is volledig gespeen en gereed vir hul ewige gesinne. Hyacint-ara&#039;s maak absoluut uitstekende metgeselle. Hulle is gewild vir hul kalmte, soetheid. Hulle benodig &#039;n baie vetryke dieet, wat hoofsaaklik uit Makadamianeute bestaan, aangevul met ander boomneute, sade, korrels, vrugte en groente.<\/p>\n<\/p><\/div>\n<p>&nbsp;<\/p>\n<h2><\/h2>\n<\/p><\/div>\n<\/p><\/div>","protected":false},"excerpt":{"rendered":"<p><strong>Koop Hyacint Macaw<\/strong><\/p>\n<p>Die hiasint-ara se pragtige kobaltblou kleur en massiewe grootte sal enigiemand laat stilstaan en aandag daaraan skenk. Heldergeel rondom die o\u00eb en by die basis en die hoeke van die snawel laat die grootste van die ara-spesies lyk asof hulle &#039;n ewige glimlag het. Dit is &#039;n papegaai vir iemand wat &#039;n stewige prys kan bekostig en wat ruimte oor het.<\/p>\n<p>Spesie: Hiasint-ara <br data-rich-text-line-break=\"true\" \/>Geslag: Manlik \/ Vroulik (Let op geslagsvoorkeur en ouderdomsgroep wanneer u u bestelling plaas)<br data-rich-text-line-break=\"true\" \/>Ouderdom: 11 maande tot 2 jaar beskikbaar, Babas 14 weke oud <br data-rich-text-line-break=\"true\" \/>Grootte: groot (Handgetem en gespeen \u2013 Kan self eet)<br data-rich-text-line-break=\"true\" \/>Gesondheid: 100% gewaarborg<br data-rich-text-line-break=\"true\" \/>Versending: Ingesluit in prys, w\u00eareldwye versending (<a href=\"https:\/\/timiesbirds.com\/shipping\/\">Meer oor Versending<\/a>)<\/p>\n<p>Al die papegaaie sal verkoop word met &#039;n gesondheidsertifikaat en ID-staalringe (geslote sport) aan hul pote en 24 uur nasorgdiens vir totale gemoedsrus. Ons help graag met enige vrae of bekommernisse wat u voor aankoop mag h\u00ea rakende hokke, behuising, dieet of enige ander bekommernis wat u mag h\u00ea, ons sal u graag help. Die volwasse vo\u00ebls kan reeds &#039;n paar woorde ops\u00ea, hou van fluit en sing, ons het ook baba-papegaaie en<a href=\"https:\/\/timiesbirds.com\/product-category\/parrot-eggs\/\"> Vrugbare papegaai-eiers<\/a> beskikbaar.<\/p>\n<p>&nbsp;<\/p>","protected":false},"featured_media":662,"comment_status":"closed","ping_status":"closed","template":"","meta":{"site-sidebar-layout":"default","site-content-layout":"","ast-site-content-layout":"default","site-content-style":"default","site-sidebar-style":"default","ast-global-header-display":"","ast-banner-title-visibility":"","ast-main-header-display":"","ast-hfb-above-header-display":"","ast-hfb-below-header-display":"","ast-hfb-mobile-header-display":"","site-post-title":"","ast-breadcrumbs-content":"","ast-featured-img":"","footer-sml-layout":"","theme-transparent-header-meta":"","adv-header-id-meta":"","stick-header-meta":"","header-above-stick-meta":"","header-main-stick-meta":"","header-below-stick-meta":"","astra-migrate-meta-layouts":"default","ast-page-background-enabled":"default","ast-page-background-meta":{"desktop":{"background-color":"var(--ast-global-color-4)","background-image":"","background-repeat":"repeat","background-position":"center center","background-size":"auto","background-attachment":"scroll","background-type":"","background-media":"","overlay-type":"","overlay-color":"","overlay-opacity":"","overlay-gradient":""},"tablet":{"background-color":"","background-image":"","background-repeat":"repeat","background-position":"center center","background-size":"auto","background-attachment":"scroll","background-type":"","background-media":"","overlay-type":"","overlay-color":"","overlay-opacity":"","overlay-gradient":""},"mobile":{"background-color":"","background-image":"","background-repeat":"repeat","background-position":"center center","background-size":"auto","background-attachment":"scroll","background-type":"","background-media":"","overlay-type":"","overlay-color":"","overlay-opacity":"","overlay-gradient":""}},"ast-content-background-meta":{"desktop":{"background-color":"var(--ast-global-color-5)","background-image":"","background-repeat":"repeat","background-position":"center center","background-size":"auto","background-attachment":"scroll","background-type":"","background-media":"","overlay-type":"","overlay-color":"","overlay-opacity":"","overlay-gradient":""},"tablet":{"background-color":"var(--ast-global-color-5)","background-image":"","background-repeat":"repeat","background-position":"center center","background-size":"auto","background-attachment":"scroll","background-type":"","background-media":"","overlay-type":"","overlay-color":"","overlay-opacity":"","overlay-gradient":""},"mobile":{"background-color":"var(--ast-global-color-5)","background-image":"","background-repeat":"repeat","background-position":"center center","background-size":"auto","background-attachment":"scroll","background-type":"","background-media":"","overlay-type":"","overlay-color":"","overlay-opacity":"","overlay-gradient":""}}},"product_brand":[],"product_cat":[51,156],"product_tag":[269,270,271,272],"class_list":{"0":"post-586","1":"product","2":"type-product","3":"status-publish","4":"has-post-thumbnail","6":"product_cat-macaws","7":"product_cat-parrots","8":"product_tag-buy-hyacinth-macaw","9":"product_tag-buy-hyacinth-macaw-online","10":"product_tag-hyacinth-macaw","11":"product_tag-hyacinth-macaw-online","12":"desktop-align-left","13":"tablet-align-left","14":"mobile-align-left","15":"ast-product-gallery-layout-horizontal-slider","16":"ast-product-tabs-layout-horizontal","17":"ast-qv-on-image","19":"first","20":"instock","21":"shipping-taxable","22":"product-type-simple"},"yoast_head":"<!-- This site is optimized with the Yoast SEO Premium plugin v23.2 (Yoast SEO v26.8) - https:\/\/yoast.com\/product\/yoast-seo-premium-wordpress\/ -->\n<title>Hyacinth Macaw for sale - Tropical Wings Birds<\/title>\n<meta name=\"robots\" content=\"index, follow, max-snippet:-1, max-image-preview:large, max-video-preview:-1\" \/>\n<link rel=\"canonical\" href=\"https:\/\/tropicalwingsbirds.shop\/af\/winkel\/hiasint-ara-te-koop\/\" \/>\n<meta property=\"og:locale\" content=\"en_US\" \/>\n<meta property=\"og:type\" content=\"article\" \/>\n<meta property=\"og:title\" content=\"Hyacinth Macaw for sale\" \/>\n<meta property=\"og:description\" content=\"Buy Hyacinth Macaw The hyacinth macaw&#8217;s stunning cobalt-blue coloring and massive size will cause anyone to pause and take notice. Bright yellow around the eyes and at the base and the corners of the beak makes the largest of the macaw species appear to be in a perpetual smile. This is a parrot for someone who afford a hefty price tag and who has space to spare. Species: Hyacinth Macaw Sex: Male \/ Female ( Note Sex Preference and age range when placing your order )Age: 11 Months to 2 years available, Babies 14 weeks old Size: large (Hand Tamed &amp; Weaned \u2013 Can eat by themselves)Health: 100% guaranteedShipping: Inclusive in Price, worldwide shipping (More about Shipping) All the parrots will be sold with a health certificate and ID steel rings (close rung) on their legs and 24 hrs aftercare service for total peace of mind. We are happy to help with any questions or concerns you may have prior to purchasing regarding cages, housing, diet, or any other concern you may have we will be happy to help. The adult birds can already recite a few words, likes whistling and singing, we also have baby parrots and Fertile parrot eggs available. &nbsp;\" \/>\n<meta property=\"og:url\" content=\"https:\/\/tropicalwingsbirds.shop\/af\/winkel\/hiasint-ara-te-koop\/\" \/>\n<meta property=\"og:site_name\" content=\"Tropical Wings Birds\" \/>\n<meta property=\"article:publisher\" content=\"https:\/\/web.facebook.com\/profile.php?id=61551502767851&amp;mibextid=2JQ9oc&amp;_rdc=1&amp;_rdr\" \/>\n<meta property=\"article:modified_time\" content=\"2023-12-03T14:07:25+00:00\" \/>\n<meta property=\"og:image\" content=\"https:\/\/tropicalwingsbirds.shop\/wp-content\/uploads\/2023\/12\/WhatsApp-Image-2021-04-17-at-01.48.00.jpeg\" \/>\n\t<meta property=\"og:image:width\" content=\"1080\" \/>\n\t<meta property=\"og:image:height\" content=\"1080\" \/>\n\t<meta property=\"og:image:type\" content=\"image\/jpeg\" \/>\n<meta name=\"twitter:card\" content=\"summary_large_image\" \/>\n<meta name=\"twitter:label1\" content=\"Price\" \/>\n\t<meta name=\"twitter:data1\" content=\"\" \/>\n\t<meta name=\"twitter:label2\" content=\"Availability\" \/>\n\t<meta name=\"twitter:data2\" content=\"In stock\" \/>\n<script type=\"application\/ld+json\" class=\"yoast-schema-graph\">{\"@context\":\"https:\/\/schema.org\",\"@graph\":[{\"@type\":\"WebPage\",\"@id\":\"https:\/\/tropicalwingsbirds.shop\/shop\/hyacinth-macaw-for-sale\/\",\"url\":\"https:\/\/tropicalwingsbirds.shop\/shop\/hyacinth-macaw-for-sale\/\",\"name\":\"Hyacinth Macaw for sale - Tropical Wings Birds\",\"isPartOf\":{\"@id\":\"https:\/\/tropicalwingsbirds.shop\/#website\"},\"primaryImageOfPage\":{\"@id\":\"https:\/\/tropicalwingsbirds.shop\/shop\/hyacinth-macaw-for-sale\/#primaryimage\"},\"image\":{\"@id\":\"https:\/\/tropicalwingsbirds.shop\/shop\/hyacinth-macaw-for-sale\/#primaryimage\"},\"thumbnailUrl\":\"https:\/\/tropicalwingsbirds.shop\/wp-content\/uploads\/2023\/12\/WhatsApp-Image-2021-04-17-at-01.48.00.jpeg\",\"datePublished\":\"2023-12-03T14:05:59+00:00\",\"dateModified\":\"2023-12-03T14:07:25+00:00\",\"breadcrumb\":{\"@id\":\"https:\/\/tropicalwingsbirds.shop\/shop\/hyacinth-macaw-for-sale\/#breadcrumb\"},\"inLanguage\":\"af-ZA\",\"potentialAction\":[{\"@type\":\"ReadAction\",\"target\":[\"https:\/\/tropicalwingsbirds.shop\/shop\/hyacinth-macaw-for-sale\/\"]}]},{\"@type\":\"ImageObject\",\"inLanguage\":\"af-ZA\",\"@id\":\"https:\/\/tropicalwingsbirds.shop\/shop\/hyacinth-macaw-for-sale\/#primaryimage\",\"url\":\"https:\/\/tropicalwingsbirds.shop\/wp-content\/uploads\/2023\/12\/WhatsApp-Image-2021-04-17-at-01.48.00.jpeg\",\"contentUrl\":\"https:\/\/tropicalwingsbirds.shop\/wp-content\/uploads\/2023\/12\/WhatsApp-Image-2021-04-17-at-01.48.00.jpeg\",\"width\":1080,\"height\":1080},{\"@type\":\"BreadcrumbList\",\"@id\":\"https:\/\/tropicalwingsbirds.shop\/shop\/hyacinth-macaw-for-sale\/#breadcrumb\",\"itemListElement\":[{\"@type\":\"ListItem\",\"position\":1,\"name\":\"Home\",\"item\":\"https:\/\/tropicalwingsbirds.shop\/\"},{\"@type\":\"ListItem\",\"position\":2,\"name\":\"Shop\",\"item\":\"https:\/\/tropicalwingsbirds.shop\/shop\/\"},{\"@type\":\"ListItem\",\"position\":3,\"name\":\"Hyacinth Macaw for sale\"}]},{\"@type\":\"WebSite\",\"@id\":\"https:\/\/tropicalwingsbirds.shop\/#website\",\"url\":\"https:\/\/tropicalwingsbirds.shop\/\",\"name\":\"Tropical Wings Birds\",\"description\":\"Best Exotic birds breeders online\",\"publisher\":{\"@id\":\"https:\/\/tropicalwingsbirds.shop\/#organization\"},\"potentialAction\":[{\"@type\":\"SearchAction\",\"target\":{\"@type\":\"EntryPoint\",\"urlTemplate\":\"https:\/\/tropicalwingsbirds.shop\/?s={search_term_string}\"},\"query-input\":{\"@type\":\"PropertyValueSpecification\",\"valueRequired\":true,\"valueName\":\"search_term_string\"}}],\"inLanguage\":\"af-ZA\"},{\"@type\":[\"Organization\",\"Place\",\"PetStore\"],\"@id\":\"https:\/\/tropicalwingsbirds.shop\/#organization\",\"name\":\"Tropical Wings Birds Shop\",\"alternateName\":\"TPWB\",\"url\":\"https:\/\/tropicalwingsbirds.shop\/\",\"logo\":{\"@id\":\"https:\/\/tropicalwingsbirds.shop\/shop\/hyacinth-macaw-for-sale\/#local-main-organization-logo\"},\"image\":{\"@id\":\"https:\/\/tropicalwingsbirds.shop\/shop\/hyacinth-macaw-for-sale\/#local-main-organization-logo\"},\"sameAs\":[\"https:\/\/web.facebook.com\/profile.php?id=61551502767851&mibextid=2JQ9oc&_rdc=1&_rdr\"],\"description\":\"Tropical Wings Birds is your destination for exotic avian companionship. Our boutique aviary in United States offers a curated selection of vibrant tropical birds sourced from reputable breeders worldwide. With a focus on welfare and expertise, our dedicated team is here to guide you on your journey to finding the perfect feathered friend. Visit us today and experience the magic of avian companionship at Tropical Wings Birds.\",\"legalName\":\"Tropical Wings Birds\",\"foundingDate\":\"2019-02-14\",\"numberOfEmployees\":{\"@type\":\"QuantitativeValue\",\"minValue\":\"1\",\"maxValue\":\"10\"},\"address\":{\"@id\":\"https:\/\/tropicalwingsbirds.shop\/shop\/hyacinth-macaw-for-sale\/#local-main-place-address\"},\"geo\":{\"@type\":\"GeoCoordinates\",\"latitude\":\"40.5976725\",\"longitude\":\"-122.3716346\"},\"telephone\":[\"+1 707-733-4623\",\"+1 707-733-4623\"],\"contactPoint\":{\"@type\":\"ContactPoint\",\"telephone\":\"+1 707-733-4623\",\"email\":\"sales@tropicalwingsbirds.shop\"},\"openingHoursSpecification\":{\"@type\":\"OpeningHoursSpecification\",\"dayOfWeek\":[\"Monday\",\"Tuesday\",\"Wednesday\",\"Thursday\",\"Friday\",\"Saturday\",\"Sunday\"],\"opens\":\"00:00\",\"closes\":\"23:59\"},\"email\":\"sales@tropicalwingsbirds.shop\",\"faxNumber\":\"+1 707-733-4623\",\"areaServed\":\"United states, Porto Rico, Canada, Australia\",\"priceRange\":\"$\",\"currenciesAccepted\":\"USD, CAD, AUD,\",\"paymentAccepted\":\"Zelle, Paypal, Bitcoin, Apple pay, Credit cards, Bank transfers\"},{\"@type\":\"PostalAddress\",\"@id\":\"https:\/\/tropicalwingsbirds.shop\/shop\/hyacinth-macaw-for-sale\/#local-main-place-address\",\"streetAddress\":\"500 Hilltop Dr,\",\"addressLocality\":\"Redding\",\"postalCode\":\"96003\",\"addressRegion\":\"California\",\"addressCountry\":\"US\"},{\"@type\":\"ImageObject\",\"inLanguage\":\"af-ZA\",\"@id\":\"https:\/\/tropicalwingsbirds.shop\/shop\/hyacinth-macaw-for-sale\/#local-main-organization-logo\",\"url\":\"https:\/\/tropicalwingsbirds.shop\/wp-content\/uploads\/2024\/01\/tropical-wings-1.webp\",\"contentUrl\":\"https:\/\/tropicalwingsbirds.shop\/wp-content\/uploads\/2024\/01\/tropical-wings-1.webp\",\"width\":500,\"height\":500,\"caption\":\"Tropical Wings Birds Shop\"}]}<\/script>\n<meta property=\"product:price:currency\" content=\"USD\" \/>\n<meta property=\"og:availability\" content=\"instock\" \/>\n<meta property=\"product:availability\" content=\"instock\" \/>\n<meta property=\"product:condition\" content=\"new\" \/>\n<meta name=\"geo.placename\" content=\"Redding\" \/>\n<meta name=\"geo.position\" content=\"40.5976725;-122.3716346\" \/>\n<meta name=\"geo.region\" content=\"United States (US)\" \/>\n<!-- \/ Yoast SEO Premium plugin. -->","yoast_head_json":{"title":"Hiasint Ara te koop - Tropiese Vlerkvo\u00ebls","robots":{"index":"index","follow":"follow","max-snippet":"max-snippet:-1","max-image-preview":"max-image-preview:large","max-video-preview":"max-video-preview:-1"},"canonical":"https:\/\/tropicalwingsbirds.shop\/af\/winkel\/hiasint-ara-te-koop\/","og_locale":"en_US","og_type":"article","og_title":"Hyacinth Macaw for sale","og_description":"Buy Hyacinth Macaw The hyacinth macaw&#8217;s stunning cobalt-blue coloring and massive size will cause anyone to pause and take notice. Bright yellow around the eyes and at the base and the corners of the beak makes the largest of the macaw species appear to be in a perpetual smile. This is a parrot for someone who afford a hefty price tag and who has space to spare. Species: Hyacinth Macaw Sex: Male \/ Female ( Note Sex Preference and age range when placing your order )Age: 11 Months to 2 years available, Babies 14 weeks old Size: large (Hand Tamed &amp; Weaned \u2013 Can eat by themselves)Health: 100% guaranteedShipping: Inclusive in Price, worldwide shipping (More about Shipping) All the parrots will be sold with a health certificate and ID steel rings (close rung) on their legs and 24 hrs aftercare service for total peace of mind. We are happy to help with any questions or concerns you may have prior to purchasing regarding cages, housing, diet, or any other concern you may have we will be happy to help. The adult birds can already recite a few words, likes whistling and singing, we also have baby parrots and Fertile parrot eggs available. &nbsp;","og_url":"https:\/\/tropicalwingsbirds.shop\/af\/winkel\/hiasint-ara-te-koop\/","og_site_name":"Tropical Wings Birds","article_publisher":"https:\/\/web.facebook.com\/profile.php?id=61551502767851&mibextid=2JQ9oc&_rdc=1&_rdr","article_modified_time":"2023-12-03T14:07:25+00:00","og_image":[{"width":1080,"height":1080,"url":"https:\/\/tropicalwingsbirds.shop\/wp-content\/uploads\/2023\/12\/WhatsApp-Image-2021-04-17-at-01.48.00.jpeg","type":"image\/jpeg"}],"twitter_card":"summary_large_image","twitter_misc":{"Price":"","Availability":"In stock"},"schema":{"@context":"https:\/\/schema.org","@graph":[{"@type":"WebPage","@id":"https:\/\/tropicalwingsbirds.shop\/shop\/hyacinth-macaw-for-sale\/","url":"https:\/\/tropicalwingsbirds.shop\/shop\/hyacinth-macaw-for-sale\/","name":"Hiasint Ara te koop - Tropiese Vlerkvo\u00ebls","isPartOf":{"@id":"https:\/\/tropicalwingsbirds.shop\/#website"},"primaryImageOfPage":{"@id":"https:\/\/tropicalwingsbirds.shop\/shop\/hyacinth-macaw-for-sale\/#primaryimage"},"image":{"@id":"https:\/\/tropicalwingsbirds.shop\/shop\/hyacinth-macaw-for-sale\/#primaryimage"},"thumbnailUrl":"https:\/\/tropicalwingsbirds.shop\/wp-content\/uploads\/2023\/12\/WhatsApp-Image-2021-04-17-at-01.48.00.jpeg","datePublished":"2023-12-03T14:05:59+00:00","dateModified":"2023-12-03T14:07:25+00:00","breadcrumb":{"@id":"https:\/\/tropicalwingsbirds.shop\/shop\/hyacinth-macaw-for-sale\/#breadcrumb"},"inLanguage":"af-ZA","potentialAction":[{"@type":"ReadAction","target":["https:\/\/tropicalwingsbirds.shop\/shop\/hyacinth-macaw-for-sale\/"]}]},{"@type":"ImageObject","inLanguage":"af-ZA","@id":"https:\/\/tropicalwingsbirds.shop\/shop\/hyacinth-macaw-for-sale\/#primaryimage","url":"https:\/\/tropicalwingsbirds.shop\/wp-content\/uploads\/2023\/12\/WhatsApp-Image-2021-04-17-at-01.48.00.jpeg","contentUrl":"https:\/\/tropicalwingsbirds.shop\/wp-content\/uploads\/2023\/12\/WhatsApp-Image-2021-04-17-at-01.48.00.jpeg","width":1080,"height":1080},{"@type":"BreadcrumbList","@id":"https:\/\/tropicalwingsbirds.shop\/shop\/hyacinth-macaw-for-sale\/#breadcrumb","itemListElement":[{"@type":"ListItem","position":1,"name":"Home","item":"https:\/\/tropicalwingsbirds.shop\/"},{"@type":"ListItem","position":2,"name":"Shop","item":"https:\/\/tropicalwingsbirds.shop\/shop\/"},{"@type":"ListItem","position":3,"name":"Hyacinth Macaw for sale"}]},{"@type":"WebSite","@id":"https:\/\/tropicalwingsbirds.shop\/#website","url":"https:\/\/tropicalwingsbirds.shop\/","name":"Tropiese Vlerke Vo\u00ebls","description":"Beste eksotiese vo\u00ebltelers aanlyn","publisher":{"@id":"https:\/\/tropicalwingsbirds.shop\/#organization"},"potentialAction":[{"@type":"SearchAction","target":{"@type":"EntryPoint","urlTemplate":"https:\/\/tropicalwingsbirds.shop\/?s={search_term_string}"},"query-input":{"@type":"PropertyValueSpecification","valueRequired":true,"valueName":"search_term_string"}}],"inLanguage":"af-ZA"},{"@type":["Organization","Place","PetStore"],"@id":"https:\/\/tropicalwingsbirds.shop\/#organization","name":"Tropical Wings Birds Shop","alternateName":"TPWB","url":"https:\/\/tropicalwingsbirds.shop\/","logo":{"@id":"https:\/\/tropicalwingsbirds.shop\/shop\/hyacinth-macaw-for-sale\/#local-main-organization-logo"},"image":{"@id":"https:\/\/tropicalwingsbirds.shop\/shop\/hyacinth-macaw-for-sale\/#local-main-organization-logo"},"sameAs":["https:\/\/web.facebook.com\/profile.php?id=61551502767851&mibextid=2JQ9oc&_rdc=1&_rdr"],"description":"Tropical Wings Birds is jou bestemming vir eksotiese vo\u00eblgeselskap. Ons boetiekvo\u00eblhok in die Verenigde State bied &#039;n saamgestelde seleksie van lewendige tropiese vo\u00ebls wat van betroubare telers w\u00eareldwyd verkry word. Met &#039;n fokus op welsyn en kundigheid, is ons toegewyde span hier om jou te lei op jou reis om die perfekte geveerde vriend te vind. Besoek ons vandag en ervaar die magie van vo\u00eblgeselskap by Tropical Wings Birds.","legalName":"Tropical Wings Birds","foundingDate":"2019-02-14","numberOfEmployees":{"@type":"QuantitativeValue","minValue":"1","maxValue":"10"},"address":{"@id":"https:\/\/tropicalwingsbirds.shop\/shop\/hyacinth-macaw-for-sale\/#local-main-place-address"},"geo":{"@type":"GeoCoordinates","latitude":"40.5976725","longitude":"-122.3716346"},"telephone":["+1 707-733-4623","+1 707-733-4623"],"contactPoint":{"@type":"ContactPoint","telephone":"+1 707-733-4623","email":"sales@tropicalwingsbirds.shop"},"openingHoursSpecification":{"@type":"OpeningHoursSpecification","dayOfWeek":["Monday","Tuesday","Wednesday","Thursday","Friday","Saturday","Sunday"],"opens":"00:00","closes":"23:59"},"email":"sales@tropicalwingsbirds.shop","faxNumber":"+1 707-733-4623","areaServed":"United states, Porto Rico, Canada, Australia","priceRange":"$","currenciesAccepted":"USD, CAD, AUD,","paymentAccepted":"Zelle, Paypal, Bitcoin, Apple pay, Credit cards, Bank transfers"},{"@type":"PostalAddress","@id":"https:\/\/tropicalwingsbirds.shop\/shop\/hyacinth-macaw-for-sale\/#local-main-place-address","streetAddress":"500 Hilltop Dr,","addressLocality":"Redding","postalCode":"96003","addressRegion":"California","addressCountry":"US"},{"@type":"ImageObject","inLanguage":"af-ZA","@id":"https:\/\/tropicalwingsbirds.shop\/shop\/hyacinth-macaw-for-sale\/#local-main-organization-logo","url":"https:\/\/tropicalwingsbirds.shop\/wp-content\/uploads\/2024\/01\/tropical-wings-1.webp","contentUrl":"https:\/\/tropicalwingsbirds.shop\/wp-content\/uploads\/2024\/01\/tropical-wings-1.webp","width":500,"height":500,"caption":"Tropical Wings Birds Shop"}]},"product_price_currency":"USD","og_availability":"instock","product_availability":"instock","product_condition":"new","geo.placename":"Redding","geo.position":{"lat":"40.5976725","long":"-122.3716346"},"geo.region":"United States (US)"},"jetpack_sharing_enabled":true,"_links":{"self":[{"href":"https:\/\/tropicalwingsbirds.shop\/af\/wp-json\/wp\/v2\/product\/586","targetHints":{"allow":["GET"]}}],"collection":[{"href":"https:\/\/tropicalwingsbirds.shop\/af\/wp-json\/wp\/v2\/product"}],"about":[{"href":"https:\/\/tropicalwingsbirds.shop\/af\/wp-json\/wp\/v2\/types\/product"}],"replies":[{"embeddable":true,"href":"https:\/\/tropicalwingsbirds.shop\/af\/wp-json\/wp\/v2\/comments?post=586"}],"wp:featuredmedia":[{"embeddable":true,"href":"https:\/\/tropicalwingsbirds.shop\/af\/wp-json\/wp\/v2\/media\/662"}],"wp:attachment":[{"href":"https:\/\/tropicalwingsbirds.shop\/af\/wp-json\/wp\/v2\/media?parent=586"}],"wp:term":[{"taxonomy":"product_brand","embeddable":true,"href":"https:\/\/tropicalwingsbirds.shop\/af\/wp-json\/wp\/v2\/product_brand?post=586"},{"taxonomy":"product_cat","embeddable":true,"href":"https:\/\/tropicalwingsbirds.shop\/af\/wp-json\/wp\/v2\/product_cat?post=586"},{"taxonomy":"product_tag","embeddable":true,"href":"https:\/\/tropicalwingsbirds.shop\/af\/wp-json\/wp\/v2\/product_tag?post=586"}],"curies":[{"name":"wp","href":"https:\/\/api.w.org\/{rel}","templated":true}]}}