{"id":820,"date":"2023-12-03T14:24:20","date_gmt":"2023-12-03T14:24:20","guid":{"rendered":"https:\/\/tropicalwingsbirds.shop\/?post_type=product&#038;p=820"},"modified":"2023-12-03T14:33:46","modified_gmt":"2023-12-03T14:33:46","slug":"rooibektoekans-te-koop","status":"publish","type":"product","link":"https:\/\/tropicalwingsbirds.shop\/af\/winkel\/rooibektoekans-te-koop\/","title":{"rendered":"Rooibektoekans te koop"},"content":{"rendered":"<h1>Rooibektoekans te koop<\/h1>\n<p>Red-Billed Toucans For Sale, Red Bill Toucan (Ramphastos tucanus) is the third largest of the black toucans, and nearly identical in size to the Swainson\u2019s toucan. It is a common species of Colombia, Venezuela, Guyana and Surinam, and is not to be confused with the Couvier\u2019s toucan(R. tucanus couvieri) a subspecies. The Red Bill was not seen in the U.S. until 1983, when it was first imported. The first Red Bill was bred in captivity in 1984 by Jerry Jennings, but has bred only moderately well since, and the numbers are limited.<\/p>\n<p>The Red Bill toucan is an active, curious bird that makes a great addition to the toucan breeder\u2019s collection. It is robust and hardy and makes both an excellent display bird for zoos, and a wonderful pet. It has a distinctive voice that truly brings the \u201csounds of the rainforest\u201d to the garden aviary.<\/p>\n<p>First captive breeding May 30, 1984; Jerry Jennings.<br \/> CITES status: Appendix II<\/p>\n<h2>Toekanversorging<\/h2>\n<p>As jy belangstel om &#039;n toekan as troeteldier te koop, beveel ons sterk aan dat jy lees voordat jy koop. Toekans is eksotiese diere wat spesiale aandag benodig wanneer hul dieet, behuising en versoenbaarheid met ander diere oorweeg word. Lees asseblief hierdie bladsy om jouself vertroud te maak met toekans en wat dit verg om &#039;n suksesvolle toekan-eienaar te wees.<\/p>\n<h3 class=\"fw-special-title h2\"><small>Toekan<\/small>\u00a0Kom saam?<\/h3>\n<p><strong>Ja<\/strong>, afhangende van die omstandighede. Daar is verskeie plekke wat jy kan besoek, waar jy verskeie spesies toekans saam met ander soorte vo\u00ebls in vryvlug-vo\u00eblhokke kan sien meng. Die mees noemenswaardige van hierdie fasiliteite is die Matsue Vogel Park in Japan en die Dallas World Aquarium in Dallas, Texas.<\/p>\n<p>Die gemiddelde toekan-eienaar sal waarskynlik net een toekan en miskien &#039;n paar ander troetelvo\u00ebls by die huis h\u00ea. As al die vo\u00ebls in die huis is\u00a0<strong>vlerk geknip<\/strong>\u00a0en nie kan vlieg nie, dan is vryvliegende interaktiewe vo\u00ebls nie moontlik nie.<\/p>\n<p>Nietemin, toekans kan en sal met ander vo\u00ebls oor die weg kom indien hulle behoorlik opgelei word, en hierdie opleiding word die beste met jong vo\u00ebls gedoen. Toekans sal vreedsaam langs ander vo\u00ebls op sitplekke en in aangrensende hokke sit. Soms kan &#039;n geringe konflik ontstaan, maar opleiding sal hierdie probleem oplos. Groot papegaaie soos ara&#039;s is potensieel gevaarlik vir ander vo\u00ebls as hulle naby kom, so as toekans met ara&#039;s meng, maak seker dat die ara&#039;s nie sal probeer om die toekan te byt nie. &#039;n Ara-byt kan vinnig die tone en bene van ander vo\u00ebls verwyder, asook die snawels beskadig.<\/p>\n<p>Wanneer jy vo\u00ebls gemeng, of dit nou toekans met toekans, toekans met papegaaie, of papegaaie met papegaaie is, beplan altyd om aansienlike tyd te spandeer om die vo\u00ebls van &#039;n afstand af dop te hou om seker te maak dat daar geen aggressie sal wees nie. Indien aggressie voorkom, is dit moontlik om dit met opleiding uit te skakel. Alles is moontlik met geduld en deursettingsvermo\u00eb.<\/p>\n<p>kielbektoekan, toekan te koop in Illinois, minitoekan, kielbektoekanversorging, rooibektoekans te koop, kielbektoekan troeteldier, toekaneiers te koop, toekanbek te koop, Kielbektoekan, Kielbektoekan te koop, Kielbektoekan troeteldier, Kielbektoekanvo\u00ebl, Kielbektoekanfeite, Toekans te koop Kaliforni\u00eb, Klein Toekans te koop, Toekan te koop Florida, kielbektoekan te koop, re\u00ebnboogbektoekan, kielbektoekanvo\u00ebl, kielbektoekanfeite, rooibektoekan, kielbektoekan troeteldier, groenbektoekan, toekanvoete, babatoekan te koop Florida, toekan te koop in Illinois, aracari te koop, toekan te koop Kaliforni\u00eb, toekan te koop nj, toekans te koop in Georgi\u00eb, toekans as troeteldiere, Amasone-re\u00ebnwoudtoekan, Kanaalbektoekan, Re\u00ebnwoudtoekan, Toekanfeite vir kinders, Kielbektoekan, Toekanre\u00ebnwoudvo\u00ebls, Toekanbaba, Toekanfeite, Toekanvo\u00ebls, Eksotiese vo\u00ebls te koop, Smaragdtoekanet, klein toekans te koop, toekanvo\u00ebls te koop goedkoop, toekantoekan te koop, kielbektoekan te koop, goedkoop toekans te koop<\/p>","protected":false},"excerpt":{"rendered":"<p>Lengte: 12\u201315 cm<br \/> Gewig: 500-876 gram<br \/> Gebandeer: Ja<br \/> DNA Geslag: Mans<\/p>","protected":false},"featured_media":941,"comment_status":"closed","ping_status":"closed","template":"","meta":{"site-sidebar-layout":"default","site-content-layout":"","ast-site-content-layout":"default","site-content-style":"default","site-sidebar-style":"default","ast-global-header-display":"","ast-banner-title-visibility":"","ast-main-header-display":"","ast-hfb-above-header-display":"","ast-hfb-below-header-display":"","ast-hfb-mobile-header-display":"","site-post-title":"","ast-breadcrumbs-content":"","ast-featured-img":"","footer-sml-layout":"","theme-transparent-header-meta":"","adv-header-id-meta":"","stick-header-meta":"","header-above-stick-meta":"","header-main-stick-meta":"","header-below-stick-meta":"","astra-migrate-meta-layouts":"default","ast-page-background-enabled":"default","ast-page-background-meta":{"desktop":{"background-color":"var(--ast-global-color-4)","background-image":"","background-repeat":"repeat","background-position":"center center","background-size":"auto","background-attachment":"scroll","background-type":"","background-media":"","overlay-type":"","overlay-color":"","overlay-opacity":"","overlay-gradient":""},"tablet":{"background-color":"","background-image":"","background-repeat":"repeat","background-position":"center center","background-size":"auto","background-attachment":"scroll","background-type":"","background-media":"","overlay-type":"","overlay-color":"","overlay-opacity":"","overlay-gradient":""},"mobile":{"background-color":"","background-image":"","background-repeat":"repeat","background-position":"center center","background-size":"auto","background-attachment":"scroll","background-type":"","background-media":"","overlay-type":"","overlay-color":"","overlay-opacity":"","overlay-gradient":""}},"ast-content-background-meta":{"desktop":{"background-color":"var(--ast-global-color-5)","background-image":"","background-repeat":"repeat","background-position":"center center","background-size":"auto","background-attachment":"scroll","background-type":"","background-media":"","overlay-type":"","overlay-color":"","overlay-opacity":"","overlay-gradient":""},"tablet":{"background-color":"var(--ast-global-color-5)","background-image":"","background-repeat":"repeat","background-position":"center center","background-size":"auto","background-attachment":"scroll","background-type":"","background-media":"","overlay-type":"","overlay-color":"","overlay-opacity":"","overlay-gradient":""},"mobile":{"background-color":"var(--ast-global-color-5)","background-image":"","background-repeat":"repeat","background-position":"center center","background-size":"auto","background-attachment":"scroll","background-type":"","background-media":"","overlay-type":"","overlay-color":"","overlay-opacity":"","overlay-gradient":""}}},"product_brand":[],"product_cat":[442],"product_tag":[443],"class_list":{"0":"post-820","1":"product","2":"type-product","3":"status-publish","4":"has-post-thumbnail","6":"product_cat-toucans","7":"product_tag-banded","8":"desktop-align-left","9":"tablet-align-left","10":"mobile-align-left","11":"ast-product-gallery-layout-horizontal-slider","12":"ast-product-tabs-layout-horizontal","13":"ast-qv-on-image","15":"first","16":"instock","17":"shipping-taxable","18":"product-type-simple"},"yoast_head":"<!-- This site is optimized with the Yoast SEO Premium plugin v23.2 (Yoast SEO v26.8) - https:\/\/yoast.com\/product\/yoast-seo-premium-wordpress\/ -->\n<title>Red-Billed Toucans For Sale - Tropical Wings Birds<\/title>\n<meta name=\"robots\" content=\"index, follow, max-snippet:-1, max-image-preview:large, max-video-preview:-1\" \/>\n<link rel=\"canonical\" href=\"https:\/\/tropicalwingsbirds.shop\/af\/winkel\/rooibektoekans-te-koop\/\" \/>\n<meta property=\"og:locale\" content=\"en_US\" \/>\n<meta property=\"og:type\" content=\"article\" \/>\n<meta property=\"og:title\" content=\"Red-Billed Toucans For Sale\" \/>\n<meta property=\"og:description\" content=\"Length: 12\u201315 cm Weight: 500-876 grams Banded: Yes DNA Sex: Males\" \/>\n<meta property=\"og:url\" content=\"https:\/\/tropicalwingsbirds.shop\/af\/winkel\/rooibektoekans-te-koop\/\" \/>\n<meta property=\"og:site_name\" content=\"Tropical Wings Birds\" \/>\n<meta property=\"article:publisher\" content=\"https:\/\/web.facebook.com\/profile.php?id=61551502767851&amp;mibextid=2JQ9oc&amp;_rdc=1&amp;_rdr\" \/>\n<meta property=\"article:modified_time\" content=\"2023-12-03T14:33:46+00:00\" \/>\n<meta property=\"og:image\" content=\"https:\/\/tropicalwingsbirds.shop\/wp-content\/uploads\/2023\/12\/F10552371_10152835095038619_1514029822341630485_n.jpg\" \/>\n\t<meta property=\"og:image:width\" content=\"960\" \/>\n\t<meta property=\"og:image:height\" content=\"722\" \/>\n\t<meta property=\"og:image:type\" content=\"image\/jpeg\" \/>\n<meta name=\"twitter:card\" content=\"summary_large_image\" \/>\n<meta name=\"twitter:label1\" content=\"Price\" \/>\n\t<meta name=\"twitter:data1\" content=\"\" \/>\n\t<meta name=\"twitter:label2\" content=\"Availability\" \/>\n\t<meta name=\"twitter:data2\" content=\"In stock\" \/>\n<script type=\"application\/ld+json\" class=\"yoast-schema-graph\">{\"@context\":\"https:\/\/schema.org\",\"@graph\":[{\"@type\":\"WebPage\",\"@id\":\"https:\/\/tropicalwingsbirds.shop\/shop\/red-billed-toucans-for-sale\/\",\"url\":\"https:\/\/tropicalwingsbirds.shop\/shop\/red-billed-toucans-for-sale\/\",\"name\":\"Red-Billed Toucans For Sale - Tropical Wings Birds\",\"isPartOf\":{\"@id\":\"https:\/\/tropicalwingsbirds.shop\/#website\"},\"primaryImageOfPage\":{\"@id\":\"https:\/\/tropicalwingsbirds.shop\/shop\/red-billed-toucans-for-sale\/#primaryimage\"},\"image\":{\"@id\":\"https:\/\/tropicalwingsbirds.shop\/shop\/red-billed-toucans-for-sale\/#primaryimage\"},\"thumbnailUrl\":\"https:\/\/tropicalwingsbirds.shop\/wp-content\/uploads\/2023\/12\/F10552371_10152835095038619_1514029822341630485_n.jpg\",\"datePublished\":\"2023-12-03T14:24:20+00:00\",\"dateModified\":\"2023-12-03T14:33:46+00:00\",\"breadcrumb\":{\"@id\":\"https:\/\/tropicalwingsbirds.shop\/shop\/red-billed-toucans-for-sale\/#breadcrumb\"},\"inLanguage\":\"af-ZA\",\"potentialAction\":[{\"@type\":\"ReadAction\",\"target\":[\"https:\/\/tropicalwingsbirds.shop\/shop\/red-billed-toucans-for-sale\/\"]}]},{\"@type\":\"ImageObject\",\"inLanguage\":\"af-ZA\",\"@id\":\"https:\/\/tropicalwingsbirds.shop\/shop\/red-billed-toucans-for-sale\/#primaryimage\",\"url\":\"https:\/\/tropicalwingsbirds.shop\/wp-content\/uploads\/2023\/12\/F10552371_10152835095038619_1514029822341630485_n.jpg\",\"contentUrl\":\"https:\/\/tropicalwingsbirds.shop\/wp-content\/uploads\/2023\/12\/F10552371_10152835095038619_1514029822341630485_n.jpg\",\"width\":960,\"height\":722},{\"@type\":\"BreadcrumbList\",\"@id\":\"https:\/\/tropicalwingsbirds.shop\/shop\/red-billed-toucans-for-sale\/#breadcrumb\",\"itemListElement\":[{\"@type\":\"ListItem\",\"position\":1,\"name\":\"Home\",\"item\":\"https:\/\/tropicalwingsbirds.shop\/\"},{\"@type\":\"ListItem\",\"position\":2,\"name\":\"Shop\",\"item\":\"https:\/\/tropicalwingsbirds.shop\/shop\/\"},{\"@type\":\"ListItem\",\"position\":3,\"name\":\"Red-Billed Toucans For Sale\"}]},{\"@type\":\"WebSite\",\"@id\":\"https:\/\/tropicalwingsbirds.shop\/#website\",\"url\":\"https:\/\/tropicalwingsbirds.shop\/\",\"name\":\"Tropical Wings Birds\",\"description\":\"Best Exotic birds breeders online\",\"publisher\":{\"@id\":\"https:\/\/tropicalwingsbirds.shop\/#organization\"},\"potentialAction\":[{\"@type\":\"SearchAction\",\"target\":{\"@type\":\"EntryPoint\",\"urlTemplate\":\"https:\/\/tropicalwingsbirds.shop\/?s={search_term_string}\"},\"query-input\":{\"@type\":\"PropertyValueSpecification\",\"valueRequired\":true,\"valueName\":\"search_term_string\"}}],\"inLanguage\":\"af-ZA\"},{\"@type\":[\"Organization\",\"Place\",\"PetStore\"],\"@id\":\"https:\/\/tropicalwingsbirds.shop\/#organization\",\"name\":\"Tropical Wings Birds Shop\",\"alternateName\":\"TPWB\",\"url\":\"https:\/\/tropicalwingsbirds.shop\/\",\"logo\":{\"@id\":\"https:\/\/tropicalwingsbirds.shop\/shop\/red-billed-toucans-for-sale\/#local-main-organization-logo\"},\"image\":{\"@id\":\"https:\/\/tropicalwingsbirds.shop\/shop\/red-billed-toucans-for-sale\/#local-main-organization-logo\"},\"sameAs\":[\"https:\/\/web.facebook.com\/profile.php?id=61551502767851&mibextid=2JQ9oc&_rdc=1&_rdr\"],\"description\":\"Tropical Wings Birds is your destination for exotic avian companionship. Our boutique aviary in United States offers a curated selection of vibrant tropical birds sourced from reputable breeders worldwide. With a focus on welfare and expertise, our dedicated team is here to guide you on your journey to finding the perfect feathered friend. Visit us today and experience the magic of avian companionship at Tropical Wings Birds.\",\"legalName\":\"Tropical Wings Birds\",\"foundingDate\":\"2019-02-14\",\"numberOfEmployees\":{\"@type\":\"QuantitativeValue\",\"minValue\":\"1\",\"maxValue\":\"10\"},\"address\":{\"@id\":\"https:\/\/tropicalwingsbirds.shop\/shop\/red-billed-toucans-for-sale\/#local-main-place-address\"},\"geo\":{\"@type\":\"GeoCoordinates\",\"latitude\":\"40.5976725\",\"longitude\":\"-122.3716346\"},\"telephone\":[\"+1 707-733-4623\",\"+1 707-733-4623\"],\"contactPoint\":{\"@type\":\"ContactPoint\",\"telephone\":\"+1 707-733-4623\",\"email\":\"sales@tropicalwingsbirds.shop\"},\"openingHoursSpecification\":{\"@type\":\"OpeningHoursSpecification\",\"dayOfWeek\":[\"Monday\",\"Tuesday\",\"Wednesday\",\"Thursday\",\"Friday\",\"Saturday\",\"Sunday\"],\"opens\":\"00:00\",\"closes\":\"23:59\"},\"email\":\"sales@tropicalwingsbirds.shop\",\"faxNumber\":\"+1 707-733-4623\",\"areaServed\":\"United states, Porto Rico, Canada, Australia\",\"priceRange\":\"$\",\"currenciesAccepted\":\"USD, CAD, AUD,\",\"paymentAccepted\":\"Zelle, Paypal, Bitcoin, Apple pay, Credit cards, Bank transfers\"},{\"@type\":\"PostalAddress\",\"@id\":\"https:\/\/tropicalwingsbirds.shop\/shop\/red-billed-toucans-for-sale\/#local-main-place-address\",\"streetAddress\":\"500 Hilltop Dr,\",\"addressLocality\":\"Redding\",\"postalCode\":\"96003\",\"addressRegion\":\"California\",\"addressCountry\":\"US\"},{\"@type\":\"ImageObject\",\"inLanguage\":\"af-ZA\",\"@id\":\"https:\/\/tropicalwingsbirds.shop\/shop\/red-billed-toucans-for-sale\/#local-main-organization-logo\",\"url\":\"https:\/\/tropicalwingsbirds.shop\/wp-content\/uploads\/2024\/01\/tropical-wings-1.webp\",\"contentUrl\":\"https:\/\/tropicalwingsbirds.shop\/wp-content\/uploads\/2024\/01\/tropical-wings-1.webp\",\"width\":500,\"height\":500,\"caption\":\"Tropical Wings Birds Shop\"}]}<\/script>\n<meta property=\"product:price:currency\" content=\"USD\" \/>\n<meta property=\"og:availability\" content=\"instock\" \/>\n<meta property=\"product:availability\" content=\"instock\" \/>\n<meta property=\"product:condition\" content=\"new\" \/>\n<meta name=\"geo.placename\" content=\"Redding\" \/>\n<meta name=\"geo.position\" content=\"40.5976725;-122.3716346\" \/>\n<meta name=\"geo.region\" content=\"United States (US)\" \/>\n<!-- \/ Yoast SEO Premium plugin. -->","yoast_head_json":{"title":"Red-Billed Toucans For Sale - Tropical Wings Birds","robots":{"index":"index","follow":"follow","max-snippet":"max-snippet:-1","max-image-preview":"max-image-preview:large","max-video-preview":"max-video-preview:-1"},"canonical":"https:\/\/tropicalwingsbirds.shop\/af\/winkel\/rooibektoekans-te-koop\/","og_locale":"en_US","og_type":"article","og_title":"Red-Billed Toucans For Sale","og_description":"Length: 12\u201315 cm Weight: 500-876 grams Banded: Yes DNA Sex: Males","og_url":"https:\/\/tropicalwingsbirds.shop\/af\/winkel\/rooibektoekans-te-koop\/","og_site_name":"Tropical Wings Birds","article_publisher":"https:\/\/web.facebook.com\/profile.php?id=61551502767851&mibextid=2JQ9oc&_rdc=1&_rdr","article_modified_time":"2023-12-03T14:33:46+00:00","og_image":[{"width":960,"height":722,"url":"https:\/\/tropicalwingsbirds.shop\/wp-content\/uploads\/2023\/12\/F10552371_10152835095038619_1514029822341630485_n.jpg","type":"image\/jpeg"}],"twitter_card":"summary_large_image","twitter_misc":{"Price":"","Availability":"In stock"},"schema":{"@context":"https:\/\/schema.org","@graph":[{"@type":"WebPage","@id":"https:\/\/tropicalwingsbirds.shop\/shop\/red-billed-toucans-for-sale\/","url":"https:\/\/tropicalwingsbirds.shop\/shop\/red-billed-toucans-for-sale\/","name":"Red-Billed Toucans For Sale - Tropical Wings Birds","isPartOf":{"@id":"https:\/\/tropicalwingsbirds.shop\/#website"},"primaryImageOfPage":{"@id":"https:\/\/tropicalwingsbirds.shop\/shop\/red-billed-toucans-for-sale\/#primaryimage"},"image":{"@id":"https:\/\/tropicalwingsbirds.shop\/shop\/red-billed-toucans-for-sale\/#primaryimage"},"thumbnailUrl":"https:\/\/tropicalwingsbirds.shop\/wp-content\/uploads\/2023\/12\/F10552371_10152835095038619_1514029822341630485_n.jpg","datePublished":"2023-12-03T14:24:20+00:00","dateModified":"2023-12-03T14:33:46+00:00","breadcrumb":{"@id":"https:\/\/tropicalwingsbirds.shop\/shop\/red-billed-toucans-for-sale\/#breadcrumb"},"inLanguage":"af-ZA","potentialAction":[{"@type":"ReadAction","target":["https:\/\/tropicalwingsbirds.shop\/shop\/red-billed-toucans-for-sale\/"]}]},{"@type":"ImageObject","inLanguage":"af-ZA","@id":"https:\/\/tropicalwingsbirds.shop\/shop\/red-billed-toucans-for-sale\/#primaryimage","url":"https:\/\/tropicalwingsbirds.shop\/wp-content\/uploads\/2023\/12\/F10552371_10152835095038619_1514029822341630485_n.jpg","contentUrl":"https:\/\/tropicalwingsbirds.shop\/wp-content\/uploads\/2023\/12\/F10552371_10152835095038619_1514029822341630485_n.jpg","width":960,"height":722},{"@type":"BreadcrumbList","@id":"https:\/\/tropicalwingsbirds.shop\/shop\/red-billed-toucans-for-sale\/#breadcrumb","itemListElement":[{"@type":"ListItem","position":1,"name":"Home","item":"https:\/\/tropicalwingsbirds.shop\/"},{"@type":"ListItem","position":2,"name":"Shop","item":"https:\/\/tropicalwingsbirds.shop\/shop\/"},{"@type":"ListItem","position":3,"name":"Red-Billed Toucans For Sale"}]},{"@type":"WebSite","@id":"https:\/\/tropicalwingsbirds.shop\/#website","url":"https:\/\/tropicalwingsbirds.shop\/","name":"Tropiese Vlerke Vo\u00ebls","description":"Beste eksotiese vo\u00ebltelers aanlyn","publisher":{"@id":"https:\/\/tropicalwingsbirds.shop\/#organization"},"potentialAction":[{"@type":"SearchAction","target":{"@type":"EntryPoint","urlTemplate":"https:\/\/tropicalwingsbirds.shop\/?s={search_term_string}"},"query-input":{"@type":"PropertyValueSpecification","valueRequired":true,"valueName":"search_term_string"}}],"inLanguage":"af-ZA"},{"@type":["Organization","Place","PetStore"],"@id":"https:\/\/tropicalwingsbirds.shop\/#organization","name":"Tropical Wings Birds Shop","alternateName":"TPWB","url":"https:\/\/tropicalwingsbirds.shop\/","logo":{"@id":"https:\/\/tropicalwingsbirds.shop\/shop\/red-billed-toucans-for-sale\/#local-main-organization-logo"},"image":{"@id":"https:\/\/tropicalwingsbirds.shop\/shop\/red-billed-toucans-for-sale\/#local-main-organization-logo"},"sameAs":["https:\/\/web.facebook.com\/profile.php?id=61551502767851&mibextid=2JQ9oc&_rdc=1&_rdr"],"description":"Tropical Wings Birds is jou bestemming vir eksotiese vo\u00eblgeselskap. Ons boetiekvo\u00eblhok in die Verenigde State bied &#039;n saamgestelde seleksie van lewendige tropiese vo\u00ebls wat van betroubare telers w\u00eareldwyd verkry word. Met &#039;n fokus op welsyn en kundigheid, is ons toegewyde span hier om jou te lei op jou reis om die perfekte geveerde vriend te vind. Besoek ons vandag en ervaar die magie van vo\u00eblgeselskap by Tropical Wings Birds.","legalName":"Tropical Wings Birds","foundingDate":"2019-02-14","numberOfEmployees":{"@type":"QuantitativeValue","minValue":"1","maxValue":"10"},"address":{"@id":"https:\/\/tropicalwingsbirds.shop\/shop\/red-billed-toucans-for-sale\/#local-main-place-address"},"geo":{"@type":"GeoCoordinates","latitude":"40.5976725","longitude":"-122.3716346"},"telephone":["+1 707-733-4623","+1 707-733-4623"],"contactPoint":{"@type":"ContactPoint","telephone":"+1 707-733-4623","email":"sales@tropicalwingsbirds.shop"},"openingHoursSpecification":{"@type":"OpeningHoursSpecification","dayOfWeek":["Monday","Tuesday","Wednesday","Thursday","Friday","Saturday","Sunday"],"opens":"00:00","closes":"23:59"},"email":"sales@tropicalwingsbirds.shop","faxNumber":"+1 707-733-4623","areaServed":"United states, Porto Rico, Canada, Australia","priceRange":"$","currenciesAccepted":"USD, CAD, AUD,","paymentAccepted":"Zelle, Paypal, Bitcoin, Apple pay, Credit cards, Bank transfers"},{"@type":"PostalAddress","@id":"https:\/\/tropicalwingsbirds.shop\/shop\/red-billed-toucans-for-sale\/#local-main-place-address","streetAddress":"500 Hilltop Dr,","addressLocality":"Redding","postalCode":"96003","addressRegion":"California","addressCountry":"US"},{"@type":"ImageObject","inLanguage":"af-ZA","@id":"https:\/\/tropicalwingsbirds.shop\/shop\/red-billed-toucans-for-sale\/#local-main-organization-logo","url":"https:\/\/tropicalwingsbirds.shop\/wp-content\/uploads\/2024\/01\/tropical-wings-1.webp","contentUrl":"https:\/\/tropicalwingsbirds.shop\/wp-content\/uploads\/2024\/01\/tropical-wings-1.webp","width":500,"height":500,"caption":"Tropical Wings Birds Shop"}]},"product_price_currency":"USD","og_availability":"instock","product_availability":"instock","product_condition":"new","geo.placename":"Redding","geo.position":{"lat":"40.5976725","long":"-122.3716346"},"geo.region":"United States (US)"},"_links":{"self":[{"href":"https:\/\/tropicalwingsbirds.shop\/af\/wp-json\/wp\/v2\/product\/820","targetHints":{"allow":["GET"]}}],"collection":[{"href":"https:\/\/tropicalwingsbirds.shop\/af\/wp-json\/wp\/v2\/product"}],"about":[{"href":"https:\/\/tropicalwingsbirds.shop\/af\/wp-json\/wp\/v2\/types\/product"}],"replies":[{"embeddable":true,"href":"https:\/\/tropicalwingsbirds.shop\/af\/wp-json\/wp\/v2\/comments?post=820"}],"wp:featuredmedia":[{"embeddable":true,"href":"https:\/\/tropicalwingsbirds.shop\/af\/wp-json\/wp\/v2\/media\/941"}],"wp:attachment":[{"href":"https:\/\/tropicalwingsbirds.shop\/af\/wp-json\/wp\/v2\/media?parent=820"}],"wp:term":[{"taxonomy":"product_brand","embeddable":true,"href":"https:\/\/tropicalwingsbirds.shop\/af\/wp-json\/wp\/v2\/product_brand?post=820"},{"taxonomy":"product_cat","embeddable":true,"href":"https:\/\/tropicalwingsbirds.shop\/af\/wp-json\/wp\/v2\/product_cat?post=820"},{"taxonomy":"product_tag","embeddable":true,"href":"https:\/\/tropicalwingsbirds.shop\/af\/wp-json\/wp\/v2\/product_tag?post=820"}],"curies":[{"name":"wp","href":"https:\/\/api.w.org\/{rel}","templated":true}]}}