{"id":964,"date":"2023-12-03T14:35:07","date_gmt":"2023-12-03T14:35:07","guid":{"rendered":"https:\/\/tropicalwingsbirds.shop\/?post_type=product&#038;p=964"},"modified":"2026-04-17T22:03:52","modified_gmt":"2026-04-17T22:03:52","slug":"r-com-rcom-juragon-pro-90-px-r90","status":"publish","type":"product","link":"https:\/\/tropicalwingsbirds.shop\/af\/winkel\/r-com-rcom-juragon-pro-90-px-r90\/","title":{"rendered":"R-com Rcom Juragon Pro 90 PX R90"},"content":{"rendered":"<h1>Rcom Juragon Pro 90-PX-R90<\/h1>\n<p><a href=\"https:\/\/birdmanspetsource.com\/product\/hyacinth-macaw-3\/\">Rcom<\/a> Juragon Pro 90-PX-R90, <b>As gevolg van verhoogde aanvraag, het ons tydelik &#039;n verminderde produkkeuse beskikbaar vir aflewering in u streek. Ons werk daaraan om die beskikbaarheid van die keuse so gou as moontlik te verbeter. Rcom Juragon Pro 90-PX-R<a href=\"https:\/\/en.wikipedia.org\/wiki\/Reliance_Group\">90<\/a>.\u00a0<\/b><\/p>\n<h2 class=\"a-spacing-small\">Spesifikasies vir hierdie item<\/h2>\n<div class=\"a-row\">\n<div class=\"a-column a-span12 a-span-last\">\n<div class=\"a-expander-collapsed-height a-row a-expander-container a-expander-partial-collapse-container\" data-a-expander-name=\"psw_table_expander\" data-a-expander-collapsed-height=\"300\">\n<div class=\"a-expander-content a-expander-partial-collapse-content a-expander-content-expanded\">\n<table id=\"product-specification-table\" class=\"a-keyvalue\">\n<tbody>\n<tr>\n<th class=\"a-span4 a-text-right\">\n<h3>Handelsmerknaam<\/h3>\n<\/th>\n<td>\n<h3>R+Ko<\/h3>\n<\/td>\n<\/tr>\n<tr>\n<th class=\"a-span4 a-text-right\">\n<h3>Kleur<\/h3>\n<\/th>\n<td>\n<h3>Wit<\/h3>\n<\/td>\n<\/tr>\n<tr>\n<th class=\"a-span4 a-text-right\">\n<h3>Ean<\/h3>\n<\/th>\n<td>\n<h3>0738283665318<\/h3>\n<\/td>\n<\/tr>\n<tr>\n<th class=\"a-span4 a-text-right\">\n<h3>Hoogte<\/h3>\n<\/th>\n<td>\n<h3>7.0 duim<\/h3>\n<\/td>\n<\/tr>\n<tr>\n<th class=\"a-span4 a-text-right\">\n<h3>Ingesluite komponente<\/h3>\n<\/th>\n<td>\n<h3>Inkubator, kragtoevoer<\/h3>\n<\/td>\n<\/tr>\n<tr>\n<th class=\"a-span4 a-text-right\">\n<h3>Item Gewig<\/h3>\n<\/th>\n<td>\n<h3>10.00 pond<\/h3>\n<\/td>\n<\/tr>\n<tr>\n<th class=\"a-span4 a-text-right\">\n<h3>Lengte<\/h3>\n<\/th>\n<td>\n<h3>25.0 duim<\/h3>\n<\/td>\n<\/tr>\n<tr>\n<th class=\"a-span4 a-text-right\">\n<h3>Materiaal<\/h3>\n<\/th>\n<td>\n<h3>Metaal\/Plastiek<\/h3>\n<\/td>\n<\/tr>\n<tr>\n<th class=\"a-span4 a-text-right\">\n<h3>Modelnommer<\/h3>\n<\/th>\n<td>\n<h3>PX-R90<\/h3>\n<\/td>\n<\/tr>\n<tr>\n<th class=\"a-span4 a-text-right\">\n<h3>Aantal items<\/h3>\n<\/th>\n<td>\n<h3>1<\/h3>\n<\/td>\n<\/tr>\n<tr>\n<th class=\"a-span4 a-text-right\">\n<h3>Onderdeelnommer<\/h3>\n<\/th>\n<td>\n<h3>PX-R90<\/h3>\n<\/td>\n<\/tr>\n<tr>\n<th class=\"a-span4 a-text-right\">\n<h3>Kragbron Tipe<\/h3>\n<\/th>\n<td>\n<h3>Elektries<\/h3>\n<\/td>\n<\/tr>\n<tr>\n<th class=\"a-span4 a-text-right\">\n<h3>UNSPSC-kode<\/h3>\n<\/th>\n<td>\n<h3>41000000<\/h3>\n<\/td>\n<\/tr>\n<tr>\n<th class=\"a-span4 a-text-right\">\n<h3>UPC<\/h3>\n<\/th>\n<td>\n<h3>738283665318<\/h3>\n<\/td>\n<\/tr>\n<tr>\n<th class=\"a-span4 a-text-right\">\n<h3>Spanning<\/h3>\n<\/th>\n<td>\n<h3>110.00 volt<\/h3>\n<\/td>\n<\/tr>\n<tr>\n<th class=\"a-span4 a-text-right\">\n<h3>Waarborgbeskrywing<\/h3>\n<\/th>\n<td>\n<h3>1 Jaar Vervaardigerwaarborg. A&amp;I Broeikaste en Inkubators Dienssentrum gele\u00eb in Florida, VSA<\/h3>\n<\/td>\n<\/tr>\n<tr>\n<th class=\"a-span4 a-text-right\">\n<h3>Breedte<\/h3>\n<\/th>\n<td>\n<h3>20.0 duim<\/h3>\n<\/td>\n<\/tr>\n<\/tbody>\n<\/table>\n<h3 class=\"default\">Produkbeskrywing<\/h3>\n<div id=\"productDescription\" class=\"a-section a-spacing-small\">\n<p>Outomatiese temperatuurinstelling en -beheer. Outomatiese humiditeitsinstelling en -beheer. Verwisselbaar van Fahrenheit na Celsius. Alarmfunksies vir aflesing. Kapasiteit 10 \u2013 120 eiers. Groot, deursigtige deksel bied maklike besigtiging van eiers. Groot skerm vir alle lesings, instellings en kontroles. Hoorbare alarm as die waterreservoir laag raak (humiditeit). Mikroverwerker-skyfie beheer alle inkubasietoestande vir verskeie reptielspesies, wat maklike gebruik vir beginners moontlik maak. Geanimeerde LCD-grafika bied maklike status van alle funksies. Onderlyf kan vinnig losgemaak word vir maklike skoonmaak tussen uitbroeiings. Daaglikse temperatuurgaping-instelling beskikbaar. BLDC-waaier om &#039;n egalige temperatuurgaping te handhaaf. Berekening van waaierbeweging word waargeneem. Maklike sluitknoppies om boonste en onderste liggaamsdele te beveilig. Tydens kragonderbrekings stoor die eenheid alle bedryfsdata om dieselfde instelling te hervat wanneer die eenheid afgeskakel is.<\/p>\n<\/p><\/div>\n<table id=\"productDetailsTable\" border=\"0\" cellspacing=\"0\" cellpadding=\"0\">\n<tbody>\n<tr>\n<td class=\"bucket\">\n<h4>Produkbesonderhede<\/h4>\n<div class=\"content\">\n<ul>\n<li><b>Produk Dimensies:\u00a0<\/b>18 x 17 x 9 duim; 10 pond<\/li>\n<li><b>Versendingsgewig:<\/b>\u00a012.8 pond (Sien verskepingstariewe en -beleide)<\/li>\n<li><b>ASIN:<\/b>\u00a0B0196G9ZGI<\/li>\n<li><b>Itemmodelnommer:<\/b>\u00a0PX-R90<\/li>\n<\/ul><\/div>\n<\/td>\n<\/tr>\n<\/tbody>\n<\/table><\/div>\n<\/p><\/div>\n<\/p><\/div>\n<\/p><\/div>","protected":false},"excerpt":{"rendered":"<p>GTIN: 0738283665325<br \/> HANDELSMERK: Rcom<br \/> MPN: PXR90<br \/> UPC: 0738283665325<br \/> Model: Pro 90<br \/> Tipe: Digitale Inkubators<\/p>","protected":false},"featured_media":1050,"comment_status":"closed","ping_status":"closed","template":"","meta":{"site-sidebar-layout":"","site-content-layout":"","ast-site-content-layout":"","site-content-style":"","site-sidebar-style":"","ast-global-header-display":"","ast-banner-title-visibility":"","ast-main-header-display":"","ast-hfb-above-header-display":"","ast-hfb-below-header-display":"","ast-hfb-mobile-header-display":"","site-post-title":"","ast-breadcrumbs-content":"","ast-featured-img":"","footer-sml-layout":"","theme-transparent-header-meta":"","adv-header-id-meta":"","stick-header-meta":"","header-above-stick-meta":"","header-main-stick-meta":"","header-below-stick-meta":"","astra-migrate-meta-layouts":"","ast-page-background-enabled":"default","ast-page-background-meta":{"desktop":{"background-color":"var(--ast-global-color-4)","background-image":"","background-repeat":"repeat","background-position":"center center","background-size":"auto","background-attachment":"scroll","background-type":"","background-media":"","overlay-type":"","overlay-color":"","overlay-opacity":"","overlay-gradient":""},"tablet":{"background-color":"","background-image":"","background-repeat":"repeat","background-position":"center center","background-size":"auto","background-attachment":"scroll","background-type":"","background-media":"","overlay-type":"","overlay-color":"","overlay-opacity":"","overlay-gradient":""},"mobile":{"background-color":"","background-image":"","background-repeat":"repeat","background-position":"center center","background-size":"auto","background-attachment":"scroll","background-type":"","background-media":"","overlay-type":"","overlay-color":"","overlay-opacity":"","overlay-gradient":""}},"ast-content-background-meta":{"desktop":{"background-color":"var(--ast-global-color-5)","background-image":"","background-repeat":"repeat","background-position":"center center","background-size":"auto","background-attachment":"scroll","background-type":"","background-media":"","overlay-type":"","overlay-color":"","overlay-opacity":"","overlay-gradient":""},"tablet":{"background-color":"var(--ast-global-color-5)","background-image":"","background-repeat":"repeat","background-position":"center center","background-size":"auto","background-attachment":"scroll","background-type":"","background-media":"","overlay-type":"","overlay-color":"","overlay-opacity":"","overlay-gradient":""},"mobile":{"background-color":"var(--ast-global-color-5)","background-image":"","background-repeat":"repeat","background-position":"center center","background-size":"auto","background-attachment":"scroll","background-type":"","background-media":"","overlay-type":"","overlay-color":"","overlay-opacity":"","overlay-gradient":""}}},"product_brand":[],"product_cat":[2316],"product_tag":[460],"class_list":{"0":"post-964","1":"product","2":"type-product","3":"status-publish","4":"has-post-thumbnail","6":"product_cat-incubators-brooders-2","7":"product_tag-digital-incubators","8":"desktop-align-left","9":"tablet-align-left","10":"mobile-align-left","11":"ast-product-gallery-layout-horizontal-slider","12":"ast-product-tabs-layout-horizontal","13":"ast-qv-on-image","15":"first","16":"instock","17":"shipping-taxable","18":"product-type-simple"},"yoast_head":"<!-- This site is optimized with the Yoast SEO Premium plugin v23.2 (Yoast SEO v26.8) - https:\/\/yoast.com\/product\/yoast-seo-premium-wordpress\/ -->\n<title>Buy R-com Rcom Juragon Pro 90 PX R90 | Tropical Wings Birds<\/title>\n<meta name=\"description\" content=\"Buy a r-com rcom juragon pro 90 px r90 from a trusted breeder. Hand-fed, health-certified, closed-leg-ringed with full documentation. Worldwide...\" \/>\n<meta name=\"robots\" content=\"index, follow, max-snippet:-1, max-image-preview:large, max-video-preview:-1\" \/>\n<link rel=\"canonical\" href=\"https:\/\/tropicalwingsbirds.shop\/af\/winkel\/r-com-rcom-juragon-pro-90-px-r90\/\" \/>\n<meta property=\"og:locale\" content=\"en_US\" \/>\n<meta property=\"og:type\" content=\"article\" \/>\n<meta property=\"og:title\" content=\"R-com Rcom Juragon Pro 90 PX R90\" \/>\n<meta property=\"og:description\" content=\"Buy a r-com rcom juragon pro 90 px r90 from a trusted breeder. Hand-fed, health-certified, closed-leg-ringed with full documentation. Worldwide...\" \/>\n<meta property=\"og:url\" content=\"https:\/\/tropicalwingsbirds.shop\/af\/winkel\/r-com-rcom-juragon-pro-90-px-r90\/\" \/>\n<meta property=\"og:site_name\" content=\"Tropical Wings Birds\" \/>\n<meta property=\"article:publisher\" content=\"https:\/\/web.facebook.com\/profile.php?id=61551502767851&amp;mibextid=2JQ9oc&amp;_rdc=1&amp;_rdr\" \/>\n<meta property=\"article:modified_time\" content=\"2026-04-17T22:03:52+00:00\" \/>\n<meta property=\"og:image\" content=\"https:\/\/tropicalwingsbirds.shop\/wp-content\/uploads\/2023\/12\/23423.jpg\" \/>\n\t<meta property=\"og:image:width\" content=\"750\" \/>\n\t<meta property=\"og:image:height\" content=\"512\" \/>\n\t<meta property=\"og:image:type\" content=\"image\/jpeg\" \/>\n<meta name=\"twitter:card\" content=\"summary_large_image\" \/>\n<meta name=\"twitter:label1\" content=\"Price\" \/>\n\t<meta name=\"twitter:data1\" content=\"\" \/>\n\t<meta name=\"twitter:label2\" content=\"Availability\" \/>\n\t<meta name=\"twitter:data2\" content=\"In stock\" \/>\n<script type=\"application\/ld+json\" class=\"yoast-schema-graph\">{\"@context\":\"https:\/\/schema.org\",\"@graph\":[{\"@type\":\"WebPage\",\"@id\":\"https:\/\/tropicalwingsbirds.shop\/shop\/r-com-rcom-juragon-pro-90-px-r90\/\",\"url\":\"https:\/\/tropicalwingsbirds.shop\/shop\/r-com-rcom-juragon-pro-90-px-r90\/\",\"name\":\"Buy R-com Rcom Juragon Pro 90 PX R90 | Tropical Wings Birds\",\"isPartOf\":{\"@id\":\"https:\/\/tropicalwingsbirds.shop\/#website\"},\"primaryImageOfPage\":{\"@id\":\"https:\/\/tropicalwingsbirds.shop\/shop\/r-com-rcom-juragon-pro-90-px-r90\/#primaryimage\"},\"image\":{\"@id\":\"https:\/\/tropicalwingsbirds.shop\/shop\/r-com-rcom-juragon-pro-90-px-r90\/#primaryimage\"},\"thumbnailUrl\":\"https:\/\/tropicalwingsbirds.shop\/wp-content\/uploads\/2023\/12\/23423.jpg\",\"datePublished\":\"2023-12-03T14:35:07+00:00\",\"dateModified\":\"2026-04-17T22:03:52+00:00\",\"description\":\"Buy a r-com rcom juragon pro 90 px r90 from a trusted breeder. Hand-fed, health-certified, closed-leg-ringed with full documentation. Worldwide...\",\"breadcrumb\":{\"@id\":\"https:\/\/tropicalwingsbirds.shop\/shop\/r-com-rcom-juragon-pro-90-px-r90\/#breadcrumb\"},\"inLanguage\":\"af-ZA\",\"potentialAction\":[{\"@type\":\"ReadAction\",\"target\":[\"https:\/\/tropicalwingsbirds.shop\/shop\/r-com-rcom-juragon-pro-90-px-r90\/\"]}]},{\"@type\":\"ImageObject\",\"inLanguage\":\"af-ZA\",\"@id\":\"https:\/\/tropicalwingsbirds.shop\/shop\/r-com-rcom-juragon-pro-90-px-r90\/#primaryimage\",\"url\":\"https:\/\/tropicalwingsbirds.shop\/wp-content\/uploads\/2023\/12\/23423.jpg\",\"contentUrl\":\"https:\/\/tropicalwingsbirds.shop\/wp-content\/uploads\/2023\/12\/23423.jpg\",\"width\":750,\"height\":512},{\"@type\":\"BreadcrumbList\",\"@id\":\"https:\/\/tropicalwingsbirds.shop\/shop\/r-com-rcom-juragon-pro-90-px-r90\/#breadcrumb\",\"itemListElement\":[{\"@type\":\"ListItem\",\"position\":1,\"name\":\"Home\",\"item\":\"https:\/\/tropicalwingsbirds.shop\/\"},{\"@type\":\"ListItem\",\"position\":2,\"name\":\"Shop\",\"item\":\"https:\/\/tropicalwingsbirds.shop\/shop\/\"},{\"@type\":\"ListItem\",\"position\":3,\"name\":\"R-com Rcom Juragon Pro 90 PX R90\"}]},{\"@type\":\"WebSite\",\"@id\":\"https:\/\/tropicalwingsbirds.shop\/#website\",\"url\":\"https:\/\/tropicalwingsbirds.shop\/\",\"name\":\"Tropical Wings Birds\",\"description\":\"Best Exotic birds breeders online\",\"publisher\":{\"@id\":\"https:\/\/tropicalwingsbirds.shop\/#organization\"},\"potentialAction\":[{\"@type\":\"SearchAction\",\"target\":{\"@type\":\"EntryPoint\",\"urlTemplate\":\"https:\/\/tropicalwingsbirds.shop\/?s={search_term_string}\"},\"query-input\":{\"@type\":\"PropertyValueSpecification\",\"valueRequired\":true,\"valueName\":\"search_term_string\"}}],\"inLanguage\":\"af-ZA\"},{\"@type\":[\"Organization\",\"Place\",\"PetStore\"],\"@id\":\"https:\/\/tropicalwingsbirds.shop\/#organization\",\"name\":\"Tropical Wings Birds Shop\",\"alternateName\":\"TPWB\",\"url\":\"https:\/\/tropicalwingsbirds.shop\/\",\"logo\":{\"@id\":\"https:\/\/tropicalwingsbirds.shop\/shop\/r-com-rcom-juragon-pro-90-px-r90\/#local-main-organization-logo\"},\"image\":{\"@id\":\"https:\/\/tropicalwingsbirds.shop\/shop\/r-com-rcom-juragon-pro-90-px-r90\/#local-main-organization-logo\"},\"sameAs\":[\"https:\/\/web.facebook.com\/profile.php?id=61551502767851&mibextid=2JQ9oc&_rdc=1&_rdr\"],\"description\":\"Tropical Wings Birds is your destination for exotic avian companionship. Our boutique aviary in United States offers a curated selection of vibrant tropical birds sourced from reputable breeders worldwide. With a focus on welfare and expertise, our dedicated team is here to guide you on your journey to finding the perfect feathered friend. Visit us today and experience the magic of avian companionship at Tropical Wings Birds.\",\"legalName\":\"Tropical Wings Birds\",\"foundingDate\":\"2019-02-14\",\"numberOfEmployees\":{\"@type\":\"QuantitativeValue\",\"minValue\":\"1\",\"maxValue\":\"10\"},\"address\":{\"@id\":\"https:\/\/tropicalwingsbirds.shop\/shop\/r-com-rcom-juragon-pro-90-px-r90\/#local-main-place-address\"},\"geo\":{\"@type\":\"GeoCoordinates\",\"latitude\":\"40.5976725\",\"longitude\":\"-122.3716346\"},\"telephone\":[\"+1 707-733-4623\",\"+1 707-733-4623\"],\"contactPoint\":{\"@type\":\"ContactPoint\",\"telephone\":\"+1 707-733-4623\",\"email\":\"sales@tropicalwingsbirds.shop\"},\"openingHoursSpecification\":{\"@type\":\"OpeningHoursSpecification\",\"dayOfWeek\":[\"Monday\",\"Tuesday\",\"Wednesday\",\"Thursday\",\"Friday\",\"Saturday\",\"Sunday\"],\"opens\":\"00:00\",\"closes\":\"23:59\"},\"email\":\"sales@tropicalwingsbirds.shop\",\"faxNumber\":\"+1 707-733-4623\",\"areaServed\":\"United states, Porto Rico, Canada, Australia\",\"priceRange\":\"$\",\"currenciesAccepted\":\"USD, CAD, AUD,\",\"paymentAccepted\":\"Zelle, Paypal, Bitcoin, Apple pay, Credit cards, Bank transfers\"},{\"@type\":\"PostalAddress\",\"@id\":\"https:\/\/tropicalwingsbirds.shop\/shop\/r-com-rcom-juragon-pro-90-px-r90\/#local-main-place-address\",\"streetAddress\":\"500 Hilltop Dr,\",\"addressLocality\":\"Redding\",\"postalCode\":\"96003\",\"addressRegion\":\"California\",\"addressCountry\":\"US\"},{\"@type\":\"ImageObject\",\"inLanguage\":\"af-ZA\",\"@id\":\"https:\/\/tropicalwingsbirds.shop\/shop\/r-com-rcom-juragon-pro-90-px-r90\/#local-main-organization-logo\",\"url\":\"https:\/\/tropicalwingsbirds.shop\/wp-content\/uploads\/2024\/01\/tropical-wings-1.webp\",\"contentUrl\":\"https:\/\/tropicalwingsbirds.shop\/wp-content\/uploads\/2024\/01\/tropical-wings-1.webp\",\"width\":500,\"height\":500,\"caption\":\"Tropical Wings Birds Shop\"}]}<\/script>\n<meta property=\"product:price:currency\" content=\"USD\" \/>\n<meta property=\"og:availability\" content=\"instock\" \/>\n<meta property=\"product:availability\" content=\"instock\" \/>\n<meta property=\"product:condition\" content=\"new\" \/>\n<meta name=\"geo.placename\" content=\"Redding\" \/>\n<meta name=\"geo.position\" content=\"40.5976725;-122.3716346\" \/>\n<meta name=\"geo.region\" content=\"United States (US)\" \/>\n<!-- \/ Yoast SEO Premium plugin. -->","yoast_head_json":{"title":"Buy R-com Rcom Juragon Pro 90 PX R90 | Tropical Wings Birds","description":"Buy a r-com rcom juragon pro 90 px r90 from a trusted breeder. Hand-fed, health-certified, closed-leg-ringed with full documentation. Worldwide...","robots":{"index":"index","follow":"follow","max-snippet":"max-snippet:-1","max-image-preview":"max-image-preview:large","max-video-preview":"max-video-preview:-1"},"canonical":"https:\/\/tropicalwingsbirds.shop\/af\/winkel\/r-com-rcom-juragon-pro-90-px-r90\/","og_locale":"en_US","og_type":"article","og_title":"R-com Rcom Juragon Pro 90 PX R90","og_description":"Buy a r-com rcom juragon pro 90 px r90 from a trusted breeder. Hand-fed, health-certified, closed-leg-ringed with full documentation. Worldwide...","og_url":"https:\/\/tropicalwingsbirds.shop\/af\/winkel\/r-com-rcom-juragon-pro-90-px-r90\/","og_site_name":"Tropical Wings Birds","article_publisher":"https:\/\/web.facebook.com\/profile.php?id=61551502767851&mibextid=2JQ9oc&_rdc=1&_rdr","article_modified_time":"2026-04-17T22:03:52+00:00","og_image":[{"width":750,"height":512,"url":"https:\/\/tropicalwingsbirds.shop\/wp-content\/uploads\/2023\/12\/23423.jpg","type":"image\/jpeg"}],"twitter_card":"summary_large_image","twitter_misc":{"Price":"","Availability":"In stock"},"schema":{"@context":"https:\/\/schema.org","@graph":[{"@type":"WebPage","@id":"https:\/\/tropicalwingsbirds.shop\/shop\/r-com-rcom-juragon-pro-90-px-r90\/","url":"https:\/\/tropicalwingsbirds.shop\/shop\/r-com-rcom-juragon-pro-90-px-r90\/","name":"Buy R-com Rcom Juragon Pro 90 PX R90 | Tropical Wings Birds","isPartOf":{"@id":"https:\/\/tropicalwingsbirds.shop\/#website"},"primaryImageOfPage":{"@id":"https:\/\/tropicalwingsbirds.shop\/shop\/r-com-rcom-juragon-pro-90-px-r90\/#primaryimage"},"image":{"@id":"https:\/\/tropicalwingsbirds.shop\/shop\/r-com-rcom-juragon-pro-90-px-r90\/#primaryimage"},"thumbnailUrl":"https:\/\/tropicalwingsbirds.shop\/wp-content\/uploads\/2023\/12\/23423.jpg","datePublished":"2023-12-03T14:35:07+00:00","dateModified":"2026-04-17T22:03:52+00:00","description":"Buy a r-com rcom juragon pro 90 px r90 from a trusted breeder. Hand-fed, health-certified, closed-leg-ringed with full documentation. Worldwide...","breadcrumb":{"@id":"https:\/\/tropicalwingsbirds.shop\/shop\/r-com-rcom-juragon-pro-90-px-r90\/#breadcrumb"},"inLanguage":"af-ZA","potentialAction":[{"@type":"ReadAction","target":["https:\/\/tropicalwingsbirds.shop\/shop\/r-com-rcom-juragon-pro-90-px-r90\/"]}]},{"@type":"ImageObject","inLanguage":"af-ZA","@id":"https:\/\/tropicalwingsbirds.shop\/shop\/r-com-rcom-juragon-pro-90-px-r90\/#primaryimage","url":"https:\/\/tropicalwingsbirds.shop\/wp-content\/uploads\/2023\/12\/23423.jpg","contentUrl":"https:\/\/tropicalwingsbirds.shop\/wp-content\/uploads\/2023\/12\/23423.jpg","width":750,"height":512},{"@type":"BreadcrumbList","@id":"https:\/\/tropicalwingsbirds.shop\/shop\/r-com-rcom-juragon-pro-90-px-r90\/#breadcrumb","itemListElement":[{"@type":"ListItem","position":1,"name":"Home","item":"https:\/\/tropicalwingsbirds.shop\/"},{"@type":"ListItem","position":2,"name":"Shop","item":"https:\/\/tropicalwingsbirds.shop\/shop\/"},{"@type":"ListItem","position":3,"name":"R-com Rcom Juragon Pro 90 PX R90"}]},{"@type":"WebSite","@id":"https:\/\/tropicalwingsbirds.shop\/#website","url":"https:\/\/tropicalwingsbirds.shop\/","name":"Tropiese Vlerke Vo\u00ebls","description":"Beste eksotiese vo\u00ebltelers aanlyn","publisher":{"@id":"https:\/\/tropicalwingsbirds.shop\/#organization"},"potentialAction":[{"@type":"SearchAction","target":{"@type":"EntryPoint","urlTemplate":"https:\/\/tropicalwingsbirds.shop\/?s={search_term_string}"},"query-input":{"@type":"PropertyValueSpecification","valueRequired":true,"valueName":"search_term_string"}}],"inLanguage":"af-ZA"},{"@type":["Organization","Place","PetStore"],"@id":"https:\/\/tropicalwingsbirds.shop\/#organization","name":"Tropical Wings Birds Shop","alternateName":"TPWB","url":"https:\/\/tropicalwingsbirds.shop\/","logo":{"@id":"https:\/\/tropicalwingsbirds.shop\/shop\/r-com-rcom-juragon-pro-90-px-r90\/#local-main-organization-logo"},"image":{"@id":"https:\/\/tropicalwingsbirds.shop\/shop\/r-com-rcom-juragon-pro-90-px-r90\/#local-main-organization-logo"},"sameAs":["https:\/\/web.facebook.com\/profile.php?id=61551502767851&mibextid=2JQ9oc&_rdc=1&_rdr"],"description":"Tropical Wings Birds is jou bestemming vir eksotiese vo\u00eblgeselskap. Ons boetiekvo\u00eblhok in die Verenigde State bied &#039;n saamgestelde seleksie van lewendige tropiese vo\u00ebls wat van betroubare telers w\u00eareldwyd verkry word. Met &#039;n fokus op welsyn en kundigheid, is ons toegewyde span hier om jou te lei op jou reis om die perfekte geveerde vriend te vind. Besoek ons vandag en ervaar die magie van vo\u00eblgeselskap by Tropical Wings Birds.","legalName":"Tropical Wings Birds","foundingDate":"2019-02-14","numberOfEmployees":{"@type":"QuantitativeValue","minValue":"1","maxValue":"10"},"address":{"@id":"https:\/\/tropicalwingsbirds.shop\/shop\/r-com-rcom-juragon-pro-90-px-r90\/#local-main-place-address"},"geo":{"@type":"GeoCoordinates","latitude":"40.5976725","longitude":"-122.3716346"},"telephone":["+1 707-733-4623","+1 707-733-4623"],"contactPoint":{"@type":"ContactPoint","telephone":"+1 707-733-4623","email":"sales@tropicalwingsbirds.shop"},"openingHoursSpecification":{"@type":"OpeningHoursSpecification","dayOfWeek":["Monday","Tuesday","Wednesday","Thursday","Friday","Saturday","Sunday"],"opens":"00:00","closes":"23:59"},"email":"sales@tropicalwingsbirds.shop","faxNumber":"+1 707-733-4623","areaServed":"United states, Porto Rico, Canada, Australia","priceRange":"$","currenciesAccepted":"USD, CAD, AUD,","paymentAccepted":"Zelle, Paypal, Bitcoin, Apple pay, Credit cards, Bank transfers"},{"@type":"PostalAddress","@id":"https:\/\/tropicalwingsbirds.shop\/shop\/r-com-rcom-juragon-pro-90-px-r90\/#local-main-place-address","streetAddress":"500 Hilltop Dr,","addressLocality":"Redding","postalCode":"96003","addressRegion":"California","addressCountry":"US"},{"@type":"ImageObject","inLanguage":"af-ZA","@id":"https:\/\/tropicalwingsbirds.shop\/shop\/r-com-rcom-juragon-pro-90-px-r90\/#local-main-organization-logo","url":"https:\/\/tropicalwingsbirds.shop\/wp-content\/uploads\/2024\/01\/tropical-wings-1.webp","contentUrl":"https:\/\/tropicalwingsbirds.shop\/wp-content\/uploads\/2024\/01\/tropical-wings-1.webp","width":500,"height":500,"caption":"Tropical Wings Birds Shop"}]},"product_price_currency":"USD","og_availability":"instock","product_availability":"instock","product_condition":"new","geo.placename":"Redding","geo.position":{"lat":"40.5976725","long":"-122.3716346"},"geo.region":"United States (US)"},"jetpack_sharing_enabled":true,"_links":{"self":[{"href":"https:\/\/tropicalwingsbirds.shop\/af\/wp-json\/wp\/v2\/product\/964","targetHints":{"allow":["GET"]}}],"collection":[{"href":"https:\/\/tropicalwingsbirds.shop\/af\/wp-json\/wp\/v2\/product"}],"about":[{"href":"https:\/\/tropicalwingsbirds.shop\/af\/wp-json\/wp\/v2\/types\/product"}],"replies":[{"embeddable":true,"href":"https:\/\/tropicalwingsbirds.shop\/af\/wp-json\/wp\/v2\/comments?post=964"}],"wp:featuredmedia":[{"embeddable":true,"href":"https:\/\/tropicalwingsbirds.shop\/af\/wp-json\/wp\/v2\/media\/1050"}],"wp:attachment":[{"href":"https:\/\/tropicalwingsbirds.shop\/af\/wp-json\/wp\/v2\/media?parent=964"}],"wp:term":[{"taxonomy":"product_brand","embeddable":true,"href":"https:\/\/tropicalwingsbirds.shop\/af\/wp-json\/wp\/v2\/product_brand?post=964"},{"taxonomy":"product_cat","embeddable":true,"href":"https:\/\/tropicalwingsbirds.shop\/af\/wp-json\/wp\/v2\/product_cat?post=964"},{"taxonomy":"product_tag","embeddable":true,"href":"https:\/\/tropicalwingsbirds.shop\/af\/wp-json\/wp\/v2\/product_tag?post=964"}],"curies":[{"name":"wp","href":"https:\/\/api.w.org\/{rel}","templated":true}]}}