{"id":1788,"date":"2023-12-07T14:25:23","date_gmt":"2023-12-07T14:25:23","guid":{"rendered":"https:\/\/tropicalwingsbirds.shop\/?page_id=1788"},"modified":"2024-02-01T02:33:19","modified_gmt":"2024-02-01T02:33:19","slug":"sobre-nosaltres","status":"publish","type":"page","link":"https:\/\/tropicalwingsbirds.shop\/ca\/sobre-nosaltres\/","title":{"rendered":"Sobre nosaltres"},"content":{"rendered":"<div data-elementor-type=\"wp-page\" data-elementor-id=\"1788\" class=\"elementor elementor-1788\" data-elementor-post-type=\"page\">\n\t\t\t\t<div class=\"elementor-element elementor-element-c45cd13 e-flex e-con-boxed e-con e-parent\" data-id=\"c45cd13\" data-element_type=\"container\" data-e-type=\"container\" data-settings=\"{&quot;background_background&quot;:&quot;classic&quot;}\">\n\t\t\t\t\t<div class=\"e-con-inner\">\n\t\t\t\t<div class=\"elementor-element elementor-element-0aca4d9 elementor-widget elementor-widget-heading\" data-id=\"0aca4d9\" data-element_type=\"widget\" data-e-type=\"widget\" data-widget_type=\"heading.default\">\n\t\t\t\t\t<h2 class=\"elementor-heading-title elementor-size-default\">Benvinguts a Tropical Wings Birds<\/h2>\t\t\t\t<\/div>\n\t\t\t\t<div class=\"elementor-element elementor-element-5d98ada elementor-widget elementor-widget-text-editor\" data-id=\"5d98ada\" data-element_type=\"widget\" data-e-type=\"widget\" data-widget_type=\"text-editor.default\">\n\t\t\t\t\t\t\t\t\t<hr \/><p>A Tropical Wings Birds, el nostre amor pels ocells va m\u00e9s enll\u00e0 de la passi\u00f3: \u00e9s una forma de vida. Fundats amb la visi\u00f3 de proporcionar als entusiastes de les aus un refugi per a la companyia dels ocells tropicals, ens dediquem a oferir la millor selecci\u00f3 d&#039;ocells ex\u00f2tics i un servei al client inigualable.<\/p><h3><strong>La nostra missi\u00f3<\/strong><\/h3><p>La nostra missi\u00f3 a Tropical Wings Birds \u00e9s simple: enriquir vides a trav\u00e9s de la companyia dels ocells tropicals. Estem compromesos a promoure la tinen\u00e7a responsable d&#039;ocells, fomentar un sentit de comunitat entre els entusiastes dels ocells i defensar el benestar i la conservaci\u00f3 de les esp\u00e8cies d&#039;ocells tropicals a tot el m\u00f3n.<\/p><h3><strong>Coneix el nostre equip<\/strong><\/h3><p>Darrere de cada ocell amb plomes a Tropical Wings Birds hi ha un equip de professionals dedicats que comparteixen un profund apreci per la companyia aviar. Des dels nostres experts en ornitologia fins als nostres representants d&#039;atenci\u00f3 al client, cada membre del nostre equip est\u00e0 comprom\u00e8s a garantir la salut, la felicitat i el benestar de cada ocell que tenim a c\u00e0rrec.<\/p><h3><strong>Els nostres valors<\/strong><\/h3><p>A Tropical Wings Birds, ens adherim a un conjunt de valors fonamentals que guien tot el que fem:<\/p><ol><li><strong>Passi\u00f3:<\/strong> Ens apassionen els ocells i ens dediquem a proporcionar-los la millor cura i el millor entorn possibles.<\/li><li><strong>Integritat:<\/strong> Mantenim els m\u00e9s alts est\u00e0ndards \u00e8tics en totes les nostres pr\u00e0ctiques, garantint el benestar dels nostres ocells per sobre de tot.<\/li><li><strong>Qualitat:<\/strong> Creiem en oferir nom\u00e9s ocells tropicals de la m\u00e9s alta qualitat, seleccionats a m\u00e0 per la seva salut, temperament i bellesa.<\/li><li><strong>Comunitat:<\/strong> Estem compromesos a fomentar una comunitat solid\u00e0ria i inclusiva d&#039;entusiastes dels ocells tropicals, on es comparteixen i se celebren els coneixements i les experi\u00e8ncies.<\/li><\/ol><h3><strong>Contacta&#039;ns<\/strong><\/h3><p>Tant si sou propietaris d&#039;aus experimentats com si sou aficionats per primera vegada, us convidem a unir-vos a nosaltres en la nostra missi\u00f3 de celebrar la bellesa i la companyia dels ocells tropicals. Visiteu-nos a la nostra botiga, poseu-vos en contacte amb nosaltres en l\u00ednia o seguiu-nos a les xarxes socials per mantenir-vos connectats i aprendre m\u00e9s sobre el meravell\u00f3s m\u00f3n de la companyia de les aus tropicals.<\/p>\t\t\t\t\t\t\t\t<\/div>\n\t\t\t\t\t<\/div>\n\t\t\t\t<\/div>\n\t\t\t\t<\/div>","protected":false},"excerpt":{"rendered":"<p>Welcome to Tropical Wings Birds At Tropical Wings Birds, our love for birds goes beyond passion \u2013 it&#8217;s a way of life. Founded with a vision to provide avian enthusiasts with a haven for tropical bird companionship, we&#8217;re dedicated to offering the finest selection of exotic birds and unparalleled customer service. Our Mission Our mission [&hellip;]<\/p>\n","protected":false},"author":1,"featured_media":0,"parent":0,"menu_order":0,"comment_status":"closed","ping_status":"closed","template":"","meta":{"site-sidebar-layout":"default","site-content-layout":"","ast-site-content-layout":"default","site-content-style":"default","site-sidebar-style":"default","ast-global-header-display":"","ast-banner-title-visibility":"","ast-main-header-display":"","ast-hfb-above-header-display":"","ast-hfb-below-header-display":"","ast-hfb-mobile-header-display":"","site-post-title":"","ast-breadcrumbs-content":"","ast-featured-img":"","footer-sml-layout":"","ast-disable-related-posts":"","theme-transparent-header-meta":"","adv-header-id-meta":"","stick-header-meta":"","header-above-stick-meta":"","header-main-stick-meta":"","header-below-stick-meta":"","astra-migrate-meta-layouts":"default","ast-page-background-enabled":"default","ast-page-background-meta":{"desktop":{"background-color":"var(--ast-global-color-4)","background-image":"","background-repeat":"repeat","background-position":"center center","background-size":"auto","background-attachment":"scroll","background-type":"","background-media":"","overlay-type":"","overlay-color":"","overlay-opacity":"","overlay-gradient":""},"tablet":{"background-color":"","background-image":"","background-repeat":"repeat","background-position":"center center","background-size":"auto","background-attachment":"scroll","background-type":"","background-media":"","overlay-type":"","overlay-color":"","overlay-opacity":"","overlay-gradient":""},"mobile":{"background-color":"","background-image":"","background-repeat":"repeat","background-position":"center center","background-size":"auto","background-attachment":"scroll","background-type":"","background-media":"","overlay-type":"","overlay-color":"","overlay-opacity":"","overlay-gradient":""}},"ast-content-background-meta":{"desktop":{"background-color":"var(--ast-global-color-5)","background-image":"","background-repeat":"repeat","background-position":"center center","background-size":"auto","background-attachment":"scroll","background-type":"","background-media":"","overlay-type":"","overlay-color":"","overlay-opacity":"","overlay-gradient":""},"tablet":{"background-color":"var(--ast-global-color-5)","background-image":"","background-repeat":"repeat","background-position":"center center","background-size":"auto","background-attachment":"scroll","background-type":"","background-media":"","overlay-type":"","overlay-color":"","overlay-opacity":"","overlay-gradient":""},"mobile":{"background-color":"var(--ast-global-color-5)","background-image":"","background-repeat":"repeat","background-position":"center center","background-size":"auto","background-attachment":"scroll","background-type":"","background-media":"","overlay-type":"","overlay-color":"","overlay-opacity":"","overlay-gradient":""}},"footnotes":""},"class_list":["post-1788","page","type-page","status-publish","hentry"],"yoast_head":"<!-- This site is optimized with the Yoast SEO Premium plugin v23.2 (Yoast SEO v27.4) - https:\/\/yoast.com\/product\/yoast-seo-premium-wordpress\/ -->\n<title>About Us - Best Exotic birds breeders online<\/title>\n<meta name=\"description\" content=\"Welcome to Tropical Wings Birds At Tropical Wings Birds, our love for birds goes beyond passion \u2013 it&#039;s a way of life. Founded with a vision to provide\" \/>\n<meta name=\"robots\" content=\"index, follow, max-snippet:-1, max-image-preview:large, max-video-preview:-1\" \/>\n<link rel=\"canonical\" href=\"https:\/\/tropicalwingsbirds.shop\/ca\/sobre-nosaltres\/\" \/>\n<meta property=\"og:locale\" content=\"ca_ES\" \/>\n<meta property=\"og:type\" content=\"article\" \/>\n<meta property=\"og:title\" content=\"About Us\" \/>\n<meta property=\"og:description\" content=\"Welcome to Tropical Wings Birds At Tropical Wings Birds, our love for birds goes beyond passion \u2013 it&#039;s a way of life. Founded with a vision to provide\" \/>\n<meta property=\"og:url\" content=\"https:\/\/tropicalwingsbirds.shop\/ca\/sobre-nosaltres\/\" \/>\n<meta property=\"og:site_name\" content=\"Tropical Wings Birds\" \/>\n<meta property=\"article:publisher\" content=\"https:\/\/web.facebook.com\/profile.php?id=61551502767851&amp;mibextid=2JQ9oc&amp;_rdc=1&amp;_rdr\" \/>\n<meta property=\"article:modified_time\" content=\"2024-02-01T02:33:19+00:00\" \/>\n<meta property=\"og:image\" content=\"https:\/\/tropicalwingsbirds.shop\/wp-content\/uploads\/2024\/01\/thumbnail_large-1-1.webp\" \/>\n\t<meta property=\"og:image:width\" content=\"550\" \/>\n\t<meta property=\"og:image:height\" content=\"550\" \/>\n\t<meta property=\"og:image:type\" content=\"image\/webp\" \/>\n<meta name=\"twitter:card\" content=\"summary_large_image\" \/>\n<meta name=\"twitter:label1\" content=\"Temps estimat de lectura\" \/>\n\t<meta name=\"twitter:data1\" content=\"2 minuts\" \/>\n<script type=\"application\/ld+json\" class=\"yoast-schema-graph\">{\"@context\":\"https:\\\/\\\/schema.org\",\"@graph\":[{\"@type\":\"WebPage\",\"@id\":\"https:\\\/\\\/tropicalwingsbirds.shop\\\/about-us\\\/\",\"url\":\"https:\\\/\\\/tropicalwingsbirds.shop\\\/about-us\\\/\",\"name\":\"About Us - Best Exotic birds breeders online\",\"isPartOf\":{\"@id\":\"https:\\\/\\\/tropicalwingsbirds.shop\\\/#website\"},\"datePublished\":\"2023-12-07T14:25:23+00:00\",\"dateModified\":\"2024-02-01T02:33:19+00:00\",\"description\":\"Welcome to Tropical Wings Birds At Tropical Wings Birds, our love for birds goes beyond passion \u2013 it's a way of life. Founded with a vision to provide\",\"breadcrumb\":{\"@id\":\"https:\\\/\\\/tropicalwingsbirds.shop\\\/about-us\\\/#breadcrumb\"},\"inLanguage\":\"ca\",\"potentialAction\":[{\"@type\":\"ReadAction\",\"target\":[\"https:\\\/\\\/tropicalwingsbirds.shop\\\/about-us\\\/\"]}]},{\"@type\":\"BreadcrumbList\",\"@id\":\"https:\\\/\\\/tropicalwingsbirds.shop\\\/about-us\\\/#breadcrumb\",\"itemListElement\":[{\"@type\":\"ListItem\",\"position\":1,\"name\":\"Home\",\"item\":\"https:\\\/\\\/tropicalwingsbirds.shop\\\/\"},{\"@type\":\"ListItem\",\"position\":2,\"name\":\"About Us\"}]},{\"@type\":\"WebSite\",\"@id\":\"https:\\\/\\\/tropicalwingsbirds.shop\\\/#website\",\"url\":\"https:\\\/\\\/tropicalwingsbirds.shop\\\/\",\"name\":\"Tropical Wings Birds\",\"description\":\"Best Exotic birds breeders online\",\"publisher\":{\"@id\":\"https:\\\/\\\/tropicalwingsbirds.shop\\\/#organization\"},\"potentialAction\":[{\"@type\":\"SearchAction\",\"target\":{\"@type\":\"EntryPoint\",\"urlTemplate\":\"https:\\\/\\\/tropicalwingsbirds.shop\\\/?s={search_term_string}\"},\"query-input\":{\"@type\":\"PropertyValueSpecification\",\"valueRequired\":true,\"valueName\":\"search_term_string\"}}],\"inLanguage\":\"ca\"},{\"@type\":[\"Organization\",\"Place\",\"PetStore\"],\"@id\":\"https:\\\/\\\/tropicalwingsbirds.shop\\\/#organization\",\"name\":\"Tropical Wings Birds Shop\",\"alternateName\":\"TPWB\",\"url\":\"https:\\\/\\\/tropicalwingsbirds.shop\\\/\",\"logo\":{\"@id\":\"https:\\\/\\\/tropicalwingsbirds.shop\\\/about-us\\\/#local-main-organization-logo\"},\"image\":{\"@id\":\"https:\\\/\\\/tropicalwingsbirds.shop\\\/about-us\\\/#local-main-organization-logo\"},\"sameAs\":[\"https:\\\/\\\/web.facebook.com\\\/profile.php?id=61551502767851&mibextid=2JQ9oc&_rdc=1&_rdr\"],\"description\":\"Tropical Wings Birds is your destination for exotic avian companionship. Our boutique aviary in United States offers a curated selection of vibrant tropical birds sourced from reputable breeders worldwide. With a focus on welfare and expertise, our dedicated team is here to guide you on your journey to finding the perfect feathered friend. Visit us today and experience the magic of avian companionship at Tropical Wings Birds.\",\"legalName\":\"Tropical Wings Birds\",\"foundingDate\":\"2019-02-14\",\"numberOfEmployees\":{\"@type\":\"QuantitativeValue\",\"minValue\":\"1\",\"maxValue\":\"10\"},\"address\":{\"@id\":\"https:\\\/\\\/tropicalwingsbirds.shop\\\/about-us\\\/#local-main-place-address\"},\"geo\":{\"@type\":\"GeoCoordinates\",\"latitude\":\"40.5976725\",\"longitude\":\"-122.3716346\"},\"telephone\":[\"+1 707-733-4623\",\"+1 707-733-4623\"],\"contactPoint\":{\"@type\":\"ContactPoint\",\"telephone\":\"+1 707-733-4623\",\"email\":\"sales@tropicalwingsbirds.shop\"},\"openingHoursSpecification\":{\"@type\":\"OpeningHoursSpecification\",\"dayOfWeek\":[\"Monday\",\"Tuesday\",\"Wednesday\",\"Thursday\",\"Friday\",\"Saturday\",\"Sunday\"],\"opens\":\"00:00\",\"closes\":\"23:59\"},\"email\":\"sales@tropicalwingsbirds.shop\",\"faxNumber\":\"+1 707-733-4623\",\"areaServed\":\"United states, Porto Rico, Canada, Australia\",\"priceRange\":\"$\",\"currenciesAccepted\":\"USD, CAD, AUD,\",\"paymentAccepted\":\"Zelle, Paypal, Bitcoin, Apple pay, Credit cards, Bank transfers\"},{\"@type\":\"PostalAddress\",\"@id\":\"https:\\\/\\\/tropicalwingsbirds.shop\\\/about-us\\\/#local-main-place-address\",\"streetAddress\":\"500 Hilltop Dr,\",\"addressLocality\":\"Redding\",\"postalCode\":\"96003\",\"addressRegion\":\"California\",\"addressCountry\":\"US\"},{\"@type\":\"ImageObject\",\"inLanguage\":\"ca\",\"@id\":\"https:\\\/\\\/tropicalwingsbirds.shop\\\/about-us\\\/#local-main-organization-logo\",\"url\":\"https:\\\/\\\/tropicalwingsbirds.shop\\\/wp-content\\\/uploads\\\/2024\\\/01\\\/tropical-wings-1.webp\",\"contentUrl\":\"https:\\\/\\\/tropicalwingsbirds.shop\\\/wp-content\\\/uploads\\\/2024\\\/01\\\/tropical-wings-1.webp\",\"width\":500,\"height\":500,\"caption\":\"Tropical Wings Birds Shop\"}]}<\/script>\n<meta name=\"geo.placename\" content=\"Redding\" \/>\n<meta name=\"geo.position\" content=\"40.5976725;-122.3716346\" \/>\n<meta name=\"geo.region\" content=\"Estats Units (US)\" \/>\n<!-- \/ Yoast SEO Premium plugin. -->","yoast_head_json":{"title":"Sobre nosaltres - Els millors criadors d&#039;aus ex\u00f2tiques en l\u00ednia","description":"Benvinguts a Tropical Wings Birds. A Tropical Wings Birds, el nostre amor pels ocells va m\u00e9s enll\u00e0 de la passi\u00f3: \u00e9s una forma de vida. Fundada amb la visi\u00f3 de proporcionar","robots":{"index":"index","follow":"follow","max-snippet":"max-snippet:-1","max-image-preview":"max-image-preview:large","max-video-preview":"max-video-preview:-1"},"canonical":"https:\/\/tropicalwingsbirds.shop\/ca\/sobre-nosaltres\/","og_locale":"ca_ES","og_type":"article","og_title":"About Us","og_description":"Welcome to Tropical Wings Birds At Tropical Wings Birds, our love for birds goes beyond passion \u2013 it's a way of life. Founded with a vision to provide","og_url":"https:\/\/tropicalwingsbirds.shop\/ca\/sobre-nosaltres\/","og_site_name":"Tropical Wings Birds","article_publisher":"https:\/\/web.facebook.com\/profile.php?id=61551502767851&mibextid=2JQ9oc&_rdc=1&_rdr","article_modified_time":"2024-02-01T02:33:19+00:00","og_image":[{"width":550,"height":550,"url":"https:\/\/tropicalwingsbirds.shop\/wp-content\/uploads\/2024\/01\/thumbnail_large-1-1.webp","type":"image\/webp"}],"twitter_card":"summary_large_image","twitter_misc":{"Temps estimat de lectura":"2 minuts"},"schema":{"@context":"https:\/\/schema.org","@graph":[{"@type":"WebPage","@id":"https:\/\/tropicalwingsbirds.shop\/about-us\/","url":"https:\/\/tropicalwingsbirds.shop\/about-us\/","name":"Sobre nosaltres - Els millors criadors d&#039;aus ex\u00f2tiques en l\u00ednia","isPartOf":{"@id":"https:\/\/tropicalwingsbirds.shop\/#website"},"datePublished":"2023-12-07T14:25:23+00:00","dateModified":"2024-02-01T02:33:19+00:00","description":"Benvinguts a Tropical Wings Birds. A Tropical Wings Birds, el nostre amor pels ocells va m\u00e9s enll\u00e0 de la passi\u00f3: \u00e9s una forma de vida. Fundada amb la visi\u00f3 de proporcionar","breadcrumb":{"@id":"https:\/\/tropicalwingsbirds.shop\/about-us\/#breadcrumb"},"inLanguage":"ca","potentialAction":[{"@type":"ReadAction","target":["https:\/\/tropicalwingsbirds.shop\/about-us\/"]}]},{"@type":"BreadcrumbList","@id":"https:\/\/tropicalwingsbirds.shop\/about-us\/#breadcrumb","itemListElement":[{"@type":"ListItem","position":1,"name":"Home","item":"https:\/\/tropicalwingsbirds.shop\/"},{"@type":"ListItem","position":2,"name":"About Us"}]},{"@type":"WebSite","@id":"https:\/\/tropicalwingsbirds.shop\/#website","url":"https:\/\/tropicalwingsbirds.shop\/","name":"Ales tropicals d&#039;ocells","description":"Els millors criadors d&#039;aus ex\u00f2tiques en l\u00ednia","publisher":{"@id":"https:\/\/tropicalwingsbirds.shop\/#organization"},"potentialAction":[{"@type":"SearchAction","target":{"@type":"EntryPoint","urlTemplate":"https:\/\/tropicalwingsbirds.shop\/?s={search_term_string}"},"query-input":{"@type":"PropertyValueSpecification","valueRequired":true,"valueName":"search_term_string"}}],"inLanguage":"ca"},{"@type":["Organization","Place","PetStore"],"@id":"https:\/\/tropicalwingsbirds.shop\/#organization","name":"Tropical Wings Birds Shop","alternateName":"TPWB","url":"https:\/\/tropicalwingsbirds.shop\/","logo":{"@id":"https:\/\/tropicalwingsbirds.shop\/about-us\/#local-main-organization-logo"},"image":{"@id":"https:\/\/tropicalwingsbirds.shop\/about-us\/#local-main-organization-logo"},"sameAs":["https:\/\/web.facebook.com\/profile.php?id=61551502767851&mibextid=2JQ9oc&_rdc=1&_rdr"],"description":"Tropical Wings Birds \u00e9s la vostra destinaci\u00f3 per a la companyia d&#039;aus ex\u00f2tiques. El nostre aviari boutique als Estats Units ofereix una selecci\u00f3 curada d&#039;aus tropicals vibrants procedents de criadors de renom a tot el m\u00f3n. Amb un enfocament en el benestar i l&#039;experi\u00e8ncia, el nostre equip dedicat est\u00e0 aqu\u00ed per guiar-vos en el vostre viatge per trobar l&#039;amic amb plomes perfecte. Visiteu-nos avui mateix i experimenteu la m\u00e0gia de la companyia aviar a Tropical Wings Birds.","legalName":"Tropical Wings Birds","foundingDate":"2019-02-14","numberOfEmployees":{"@type":"QuantitativeValue","minValue":"1","maxValue":"10"},"address":{"@id":"https:\/\/tropicalwingsbirds.shop\/about-us\/#local-main-place-address"},"geo":{"@type":"GeoCoordinates","latitude":"40.5976725","longitude":"-122.3716346"},"telephone":["+1 707-733-4623","+1 707-733-4623"],"contactPoint":{"@type":"ContactPoint","telephone":"+1 707-733-4623","email":"sales@tropicalwingsbirds.shop"},"openingHoursSpecification":{"@type":"OpeningHoursSpecification","dayOfWeek":["Monday","Tuesday","Wednesday","Thursday","Friday","Saturday","Sunday"],"opens":"00:00","closes":"23:59"},"email":"sales@tropicalwingsbirds.shop","faxNumber":"+1 707-733-4623","areaServed":"United states, Porto Rico, Canada, Australia","priceRange":"$","currenciesAccepted":"USD, CAD, AUD,","paymentAccepted":"Zelle, Paypal, Bitcoin, Apple pay, Credit cards, Bank transfers"},{"@type":"PostalAddress","@id":"https:\/\/tropicalwingsbirds.shop\/about-us\/#local-main-place-address","streetAddress":"500 Hilltop Dr,","addressLocality":"Redding","postalCode":"96003","addressRegion":"California","addressCountry":"US"},{"@type":"ImageObject","inLanguage":"ca","@id":"https:\/\/tropicalwingsbirds.shop\/about-us\/#local-main-organization-logo","url":"https:\/\/tropicalwingsbirds.shop\/wp-content\/uploads\/2024\/01\/tropical-wings-1.webp","contentUrl":"https:\/\/tropicalwingsbirds.shop\/wp-content\/uploads\/2024\/01\/tropical-wings-1.webp","width":500,"height":500,"caption":"Tropical Wings Birds Shop"}]},"geo.placename":"Redding","geo.position":{"lat":"40.5976725","long":"-122.3716346"},"geo.region":"Estats Units (US)"},"_hostinger_reach_plugin_has_subscription_block":false,"_hostinger_reach_plugin_is_elementor":false,"jetpack_sharing_enabled":true,"_links":{"self":[{"href":"https:\/\/tropicalwingsbirds.shop\/ca\/wp-json\/wp\/v2\/pages\/1788","targetHints":{"allow":["GET"]}}],"collection":[{"href":"https:\/\/tropicalwingsbirds.shop\/ca\/wp-json\/wp\/v2\/pages"}],"about":[{"href":"https:\/\/tropicalwingsbirds.shop\/ca\/wp-json\/wp\/v2\/types\/page"}],"author":[{"embeddable":true,"href":"https:\/\/tropicalwingsbirds.shop\/ca\/wp-json\/wp\/v2\/users\/1"}],"replies":[{"embeddable":true,"href":"https:\/\/tropicalwingsbirds.shop\/ca\/wp-json\/wp\/v2\/comments?post=1788"}],"version-history":[{"count":0,"href":"https:\/\/tropicalwingsbirds.shop\/ca\/wp-json\/wp\/v2\/pages\/1788\/revisions"}],"wp:attachment":[{"href":"https:\/\/tropicalwingsbirds.shop\/ca\/wp-json\/wp\/v2\/media?parent=1788"}],"curies":[{"name":"wp","href":"https:\/\/api.w.org\/{rel}","templated":true}]}}