{"id":1427,"date":"2023-12-07T14:11:10","date_gmt":"2023-12-07T14:11:10","guid":{"rendered":"https:\/\/tropicalwingsbirds.shop\/?post_type=product&#038;p=1427"},"modified":"2026-04-17T22:04:02","modified_gmt":"2026-04-17T22:04:02","slug":"comprar-incubadores-dous-amb-voltejador-automatic-per-a-ous-incubables-amb-espelmador-dous-en-linia","status":"publish","type":"product","link":"https:\/\/tropicalwingsbirds.shop\/ca\/botiga\/comprar-incubadores-dous-amb-voltejador-automatic-per-a-ous-incubables-amb-espelmador-dous-en-linia\/","title":{"rendered":"Compreu incubadores d&#039;ous amb voltejador autom\u00e0tic d&#039;ous per incubar ous amb velador d&#039;ous en l\u00ednia"},"content":{"rendered":"<p>par\u00e0metres de l&#039;incubadora<br \/> Tensi\u00f3 de funcionament: AC95~125V \/ 50Hz<br \/> Pot\u00e8ncia: &lt;41W<br \/> Dimensions: (L x A x A) 32 cm x 21 cm x 12,5 cm<br \/> Aspectes destacats del disseny de les incubadores Triocottage<br \/> 1, Incubadora d&#039;ous de gallina amb espelmador d&#039;ous gratu\u00eft, f\u00e0cil d&#039;utilitzar, nom\u00e9s un clic<br \/> 2, Les incubadores per incubar ous amb voltejador autom\u00e0tic s\u00f3n completament sense intervenci\u00f3, per\u00f2 tamb\u00e9 podeu pr\u00e9mer i mantenir premut manualment el bot\u00f3 LED durant 3 segons per iniciar el treball de volteig una vegada<br \/> 3, La placa de cable calefactor de gran superf\u00edcie i el ventilador turbo integrat fan que la calor es distribueixi uniformement, el bastidor principal \u00e9s durador, resistent al desgast i t\u00e9 una llarga vida \u00fatil.<br \/> 4, la pica esglaonada mant\u00e9 la humitat perfecta a la incubadora d&#039;ous, pot controlar efica\u00e7ment la humitat, tamb\u00e9 podeu augmentar o disminuir el nombre de piques utilitzades segons la humitat ambiental<br \/> 5, la capa a\u00efllant de PS a mida per a incubadores pot estabilitzar la temperatura per a l&#039;eclosi\u00f3 dels ous, estalviar energia i millorar la taxa d&#039;eclosi\u00f3<br \/> \u00c0mbit d&#039;aplicaci\u00f3<br \/> La petita incubadora digital Triocottage \u00e9s ideal per aprendre i gaudir del proc\u00e9s d&#039;incubaci\u00f3, a les aules de les escoles i fins i tot als laboratoris de ci\u00e8ncies.<br \/> La incubadora d&#039;ous autom\u00e0tica \u00e9s perfecta per a un petit galliner de jard\u00ed, el model mini no ocupa espai.<br \/> La mini incubadora \u00e9s adequada per a tots els ous d&#039;aus i aus de corral, per exemple,: 3-6 ous d&#039;oca; 18-21 ous de colom; 12-15 ous de gallina; 24-28 ous de guatlla, ous de quaker o lloro, ous de guacamau, ous de Silkies, ous d&#039;ocell enamorat, ous de Guinea; si voleu fer ous m\u00e9s grans com el gall dindi o ous m\u00e9s petits com els ous de guatlla o els ous de gallina de mida Jumbo, no hi ha cap problema.<br \/> Postvenda<br \/> Si hi ha un mal funcionament en un termini de 90 dies a partir del lliurament, poseu-vos en contacte amb el servei postvenda i us canviarem la incubadora gratu\u00eftament.<br \/> Si hi ha algun problema en el termini d&#039;1 any des del lliurament, poseu-vos en contacte amb l&#039;adre\u00e7a de correu electr\u00f2nic postvenda i us enviarem els accessoris de la incubadora gratu\u00eftament.<\/p>","protected":false},"excerpt":{"rendered":"<p>incubator parameters Working voltage: AC95~125V \/ 50Hz Power: &lt;41W Dimensions: (L x W x H)32 cm x 21 cm x 12.5 cm Triocottage incubators design highlights 1, Chicken egg incubator with free egg candler, easy to use, only one click 2, The incubators for hatching eggs with automatic turner is completely hands-off however you can [&hellip;]<\/p>\n","protected":false},"featured_media":1461,"comment_status":"closed","ping_status":"closed","template":"","meta":{"site-sidebar-layout":"","site-content-layout":"","ast-site-content-layout":"","site-content-style":"","site-sidebar-style":"","ast-global-header-display":"","ast-banner-title-visibility":"","ast-main-header-display":"","ast-hfb-above-header-display":"","ast-hfb-below-header-display":"","ast-hfb-mobile-header-display":"","site-post-title":"","ast-breadcrumbs-content":"","ast-featured-img":"","footer-sml-layout":"","theme-transparent-header-meta":"","adv-header-id-meta":"","stick-header-meta":"","header-above-stick-meta":"","header-main-stick-meta":"","header-below-stick-meta":"","astra-migrate-meta-layouts":"","ast-page-background-enabled":"default","ast-page-background-meta":{"desktop":{"background-color":"var(--ast-global-color-4)","background-image":"","background-repeat":"repeat","background-position":"center center","background-size":"auto","background-attachment":"scroll","background-type":"","background-media":"","overlay-type":"","overlay-color":"","overlay-opacity":"","overlay-gradient":""},"tablet":{"background-color":"","background-image":"","background-repeat":"repeat","background-position":"center center","background-size":"auto","background-attachment":"scroll","background-type":"","background-media":"","overlay-type":"","overlay-color":"","overlay-opacity":"","overlay-gradient":""},"mobile":{"background-color":"","background-image":"","background-repeat":"repeat","background-position":"center center","background-size":"auto","background-attachment":"scroll","background-type":"","background-media":"","overlay-type":"","overlay-color":"","overlay-opacity":"","overlay-gradient":""}},"ast-content-background-meta":{"desktop":{"background-color":"var(--ast-global-color-5)","background-image":"","background-repeat":"repeat","background-position":"center center","background-size":"auto","background-attachment":"scroll","background-type":"","background-media":"","overlay-type":"","overlay-color":"","overlay-opacity":"","overlay-gradient":""},"tablet":{"background-color":"var(--ast-global-color-5)","background-image":"","background-repeat":"repeat","background-position":"center center","background-size":"auto","background-attachment":"scroll","background-type":"","background-media":"","overlay-type":"","overlay-color":"","overlay-opacity":"","overlay-gradient":""},"mobile":{"background-color":"var(--ast-global-color-5)","background-image":"","background-repeat":"repeat","background-position":"center center","background-size":"auto","background-attachment":"scroll","background-type":"","background-media":"","overlay-type":"","overlay-color":"","overlay-opacity":"","overlay-gradient":""}}},"product_brand":[],"product_cat":[485],"product_tag":[],"class_list":{"0":"post-1427","1":"product","2":"type-product","3":"status-publish","4":"has-post-thumbnail","6":"product_cat-incubators-brooders","7":"desktop-align-left","8":"tablet-align-left","9":"mobile-align-left","10":"ast-product-gallery-layout-horizontal-slider","11":"ast-product-gallery-with-no-image","12":"ast-product-tabs-layout-horizontal","13":"ast-qv-on-image","15":"first","16":"instock","17":"shipping-taxable","18":"product-type-simple"},"yoast_head":"<!-- This site is optimized with the Yoast SEO Premium plugin v23.2 (Yoast SEO v26.8) - https:\/\/yoast.com\/product\/yoast-seo-premium-wordpress\/ -->\n<title>Egg Incubators with Automatic Egg Turning | Tropical Wings<\/title>\n<meta name=\"description\" content=\"Buy egg incubators with automatic egg turning turner for hatching eggs with egg candler online \u2014 candled, fertile eggs from proven breeding pairs with...\" \/>\n<meta name=\"robots\" content=\"index, follow, max-snippet:-1, max-image-preview:large, max-video-preview:-1\" \/>\n<link rel=\"canonical\" href=\"https:\/\/tropicalwingsbirds.shop\/ca\/botiga\/comprar-incubadores-dous-amb-voltejador-automatic-per-a-ous-incubables-amb-espelmador-dous-en-linia\/\" \/>\n<meta property=\"og:locale\" content=\"ca_ES\" \/>\n<meta property=\"og:type\" content=\"article\" \/>\n<meta property=\"og:title\" content=\"Buy Egg Incubators with Automatic Egg Turning Turner for Hatching Eggs with Egg Candler Online\" \/>\n<meta property=\"og:description\" content=\"Buy egg incubators with automatic egg turning turner for hatching eggs with egg candler online \u2014 candled, fertile eggs from proven breeding pairs with...\" \/>\n<meta property=\"og:url\" content=\"https:\/\/tropicalwingsbirds.shop\/ca\/botiga\/comprar-incubadores-dous-amb-voltejador-automatic-per-a-ous-incubables-amb-espelmador-dous-en-linia\/\" \/>\n<meta property=\"og:site_name\" content=\"Tropical Wings Birds\" \/>\n<meta property=\"article:publisher\" content=\"https:\/\/web.facebook.com\/profile.php?id=61551502767851&amp;mibextid=2JQ9oc&amp;_rdc=1&amp;_rdr\" \/>\n<meta property=\"article:modified_time\" content=\"2026-04-17T22:04:02+00:00\" \/>\n<meta property=\"og:image\" content=\"https:\/\/tropicalwingsbirds.shop\/wp-content\/uploads\/2023\/12\/Egg-Incubators-with-Automatic-Egg-Turning-Turner-for-Hatching-Eggs-with-Egg-Candler.jpg\" \/>\n\t<meta property=\"og:image:width\" content=\"600\" \/>\n\t<meta property=\"og:image:height\" content=\"600\" \/>\n\t<meta property=\"og:image:type\" content=\"image\/jpeg\" \/>\n<meta name=\"twitter:card\" content=\"summary_large_image\" \/>\n<meta name=\"twitter:label1\" content=\"Preu\" \/>\n\t<meta name=\"twitter:data1\" content=\"\" \/>\n\t<meta name=\"twitter:label2\" content=\"Disponibilitat\" \/>\n\t<meta name=\"twitter:data2\" content=\"En estoc\" \/>\n<script type=\"application\/ld+json\" class=\"yoast-schema-graph\">{\"@context\":\"https:\/\/schema.org\",\"@graph\":[{\"@type\":\"WebPage\",\"@id\":\"https:\/\/tropicalwingsbirds.shop\/shop\/buy-egg-incubators-with-automatic-egg-turning-turner-for-hatching-eggs-with-egg-candler-online\/\",\"url\":\"https:\/\/tropicalwingsbirds.shop\/shop\/buy-egg-incubators-with-automatic-egg-turning-turner-for-hatching-eggs-with-egg-candler-online\/\",\"name\":\"Egg Incubators with Automatic Egg Turning | Tropical Wings\",\"isPartOf\":{\"@id\":\"https:\/\/tropicalwingsbirds.shop\/#website\"},\"primaryImageOfPage\":{\"@id\":\"https:\/\/tropicalwingsbirds.shop\/shop\/buy-egg-incubators-with-automatic-egg-turning-turner-for-hatching-eggs-with-egg-candler-online\/#primaryimage\"},\"image\":{\"@id\":\"https:\/\/tropicalwingsbirds.shop\/shop\/buy-egg-incubators-with-automatic-egg-turning-turner-for-hatching-eggs-with-egg-candler-online\/#primaryimage\"},\"thumbnailUrl\":\"https:\/\/tropicalwingsbirds.shop\/wp-content\/uploads\/2023\/12\/Egg-Incubators-with-Automatic-Egg-Turning-Turner-for-Hatching-Eggs-with-Egg-Candler.jpg\",\"datePublished\":\"2023-12-07T14:11:10+00:00\",\"dateModified\":\"2026-04-17T22:04:02+00:00\",\"description\":\"Buy egg incubators with automatic egg turning turner for hatching eggs with egg candler online \u2014 candled, fertile eggs from proven breeding pairs with...\",\"breadcrumb\":{\"@id\":\"https:\/\/tropicalwingsbirds.shop\/shop\/buy-egg-incubators-with-automatic-egg-turning-turner-for-hatching-eggs-with-egg-candler-online\/#breadcrumb\"},\"inLanguage\":\"ca\",\"potentialAction\":[{\"@type\":\"ReadAction\",\"target\":[\"https:\/\/tropicalwingsbirds.shop\/shop\/buy-egg-incubators-with-automatic-egg-turning-turner-for-hatching-eggs-with-egg-candler-online\/\"]}]},{\"@type\":\"ImageObject\",\"inLanguage\":\"ca\",\"@id\":\"https:\/\/tropicalwingsbirds.shop\/shop\/buy-egg-incubators-with-automatic-egg-turning-turner-for-hatching-eggs-with-egg-candler-online\/#primaryimage\",\"url\":\"https:\/\/tropicalwingsbirds.shop\/wp-content\/uploads\/2023\/12\/Egg-Incubators-with-Automatic-Egg-Turning-Turner-for-Hatching-Eggs-with-Egg-Candler.jpg\",\"contentUrl\":\"https:\/\/tropicalwingsbirds.shop\/wp-content\/uploads\/2023\/12\/Egg-Incubators-with-Automatic-Egg-Turning-Turner-for-Hatching-Eggs-with-Egg-Candler.jpg\",\"width\":600,\"height\":600},{\"@type\":\"BreadcrumbList\",\"@id\":\"https:\/\/tropicalwingsbirds.shop\/shop\/buy-egg-incubators-with-automatic-egg-turning-turner-for-hatching-eggs-with-egg-candler-online\/#breadcrumb\",\"itemListElement\":[{\"@type\":\"ListItem\",\"position\":1,\"name\":\"Home\",\"item\":\"https:\/\/tropicalwingsbirds.shop\/\"},{\"@type\":\"ListItem\",\"position\":2,\"name\":\"Shop\",\"item\":\"https:\/\/tropicalwingsbirds.shop\/shop\/\"},{\"@type\":\"ListItem\",\"position\":3,\"name\":\"Buy Egg Incubators with Automatic Egg Turning Turner for Hatching Eggs with Egg Candler Online\"}]},{\"@type\":\"WebSite\",\"@id\":\"https:\/\/tropicalwingsbirds.shop\/#website\",\"url\":\"https:\/\/tropicalwingsbirds.shop\/\",\"name\":\"Tropical Wings Birds\",\"description\":\"Best Exotic birds breeders online\",\"publisher\":{\"@id\":\"https:\/\/tropicalwingsbirds.shop\/#organization\"},\"potentialAction\":[{\"@type\":\"SearchAction\",\"target\":{\"@type\":\"EntryPoint\",\"urlTemplate\":\"https:\/\/tropicalwingsbirds.shop\/?s={search_term_string}\"},\"query-input\":{\"@type\":\"PropertyValueSpecification\",\"valueRequired\":true,\"valueName\":\"search_term_string\"}}],\"inLanguage\":\"ca\"},{\"@type\":[\"Organization\",\"Place\",\"PetStore\"],\"@id\":\"https:\/\/tropicalwingsbirds.shop\/#organization\",\"name\":\"Tropical Wings Birds Shop\",\"alternateName\":\"TPWB\",\"url\":\"https:\/\/tropicalwingsbirds.shop\/\",\"logo\":{\"@id\":\"https:\/\/tropicalwingsbirds.shop\/shop\/buy-egg-incubators-with-automatic-egg-turning-turner-for-hatching-eggs-with-egg-candler-online\/#local-main-organization-logo\"},\"image\":{\"@id\":\"https:\/\/tropicalwingsbirds.shop\/shop\/buy-egg-incubators-with-automatic-egg-turning-turner-for-hatching-eggs-with-egg-candler-online\/#local-main-organization-logo\"},\"sameAs\":[\"https:\/\/web.facebook.com\/profile.php?id=61551502767851&mibextid=2JQ9oc&_rdc=1&_rdr\"],\"description\":\"Tropical Wings Birds is your destination for exotic avian companionship. Our boutique aviary in United States offers a curated selection of vibrant tropical birds sourced from reputable breeders worldwide. With a focus on welfare and expertise, our dedicated team is here to guide you on your journey to finding the perfect feathered friend. Visit us today and experience the magic of avian companionship at Tropical Wings Birds.\",\"legalName\":\"Tropical Wings Birds\",\"foundingDate\":\"2019-02-14\",\"numberOfEmployees\":{\"@type\":\"QuantitativeValue\",\"minValue\":\"1\",\"maxValue\":\"10\"},\"address\":{\"@id\":\"https:\/\/tropicalwingsbirds.shop\/shop\/buy-egg-incubators-with-automatic-egg-turning-turner-for-hatching-eggs-with-egg-candler-online\/#local-main-place-address\"},\"geo\":{\"@type\":\"GeoCoordinates\",\"latitude\":\"40.5976725\",\"longitude\":\"-122.3716346\"},\"telephone\":[\"+1 707-733-4623\",\"+1 707-733-4623\"],\"contactPoint\":{\"@type\":\"ContactPoint\",\"telephone\":\"+1 707-733-4623\",\"email\":\"sales@tropicalwingsbirds.shop\"},\"openingHoursSpecification\":{\"@type\":\"OpeningHoursSpecification\",\"dayOfWeek\":[\"Monday\",\"Tuesday\",\"Wednesday\",\"Thursday\",\"Friday\",\"Saturday\",\"Sunday\"],\"opens\":\"00:00\",\"closes\":\"23:59\"},\"email\":\"sales@tropicalwingsbirds.shop\",\"faxNumber\":\"+1 707-733-4623\",\"areaServed\":\"United states, Porto Rico, Canada, Australia\",\"priceRange\":\"$\",\"currenciesAccepted\":\"USD, CAD, AUD,\",\"paymentAccepted\":\"Zelle, Paypal, Bitcoin, Apple pay, Credit cards, Bank transfers\"},{\"@type\":\"PostalAddress\",\"@id\":\"https:\/\/tropicalwingsbirds.shop\/shop\/buy-egg-incubators-with-automatic-egg-turning-turner-for-hatching-eggs-with-egg-candler-online\/#local-main-place-address\",\"streetAddress\":\"500 Hilltop Dr,\",\"addressLocality\":\"Redding\",\"postalCode\":\"96003\",\"addressRegion\":\"California\",\"addressCountry\":\"US\"},{\"@type\":\"ImageObject\",\"inLanguage\":\"ca\",\"@id\":\"https:\/\/tropicalwingsbirds.shop\/shop\/buy-egg-incubators-with-automatic-egg-turning-turner-for-hatching-eggs-with-egg-candler-online\/#local-main-organization-logo\",\"url\":\"https:\/\/tropicalwingsbirds.shop\/wp-content\/uploads\/2024\/01\/tropical-wings-1.webp\",\"contentUrl\":\"https:\/\/tropicalwingsbirds.shop\/wp-content\/uploads\/2024\/01\/tropical-wings-1.webp\",\"width\":500,\"height\":500,\"caption\":\"Tropical Wings Birds Shop\"}]}<\/script>\n<meta property=\"product:price:currency\" content=\"USD\" \/>\n<meta property=\"og:availability\" content=\"instock\" \/>\n<meta property=\"product:availability\" content=\"instock\" \/>\n<meta property=\"product:condition\" content=\"new\" \/>\n<meta name=\"geo.placename\" content=\"Redding\" \/>\n<meta name=\"geo.position\" content=\"40.5976725;-122.3716346\" \/>\n<meta name=\"geo.region\" content=\"Estats Units (US)\" \/>\n<!-- \/ Yoast SEO Premium plugin. -->","yoast_head_json":{"title":"Egg Incubators with Automatic Egg Turning | Tropical Wings","description":"Buy egg incubators with automatic egg turning turner for hatching eggs with egg candler online \u2014 candled, fertile eggs from proven breeding pairs with...","robots":{"index":"index","follow":"follow","max-snippet":"max-snippet:-1","max-image-preview":"max-image-preview:large","max-video-preview":"max-video-preview:-1"},"canonical":"https:\/\/tropicalwingsbirds.shop\/ca\/botiga\/comprar-incubadores-dous-amb-voltejador-automatic-per-a-ous-incubables-amb-espelmador-dous-en-linia\/","og_locale":"ca_ES","og_type":"article","og_title":"Buy Egg Incubators with Automatic Egg Turning Turner for Hatching Eggs with Egg Candler Online","og_description":"Buy egg incubators with automatic egg turning turner for hatching eggs with egg candler online \u2014 candled, fertile eggs from proven breeding pairs with...","og_url":"https:\/\/tropicalwingsbirds.shop\/ca\/botiga\/comprar-incubadores-dous-amb-voltejador-automatic-per-a-ous-incubables-amb-espelmador-dous-en-linia\/","og_site_name":"Tropical Wings Birds","article_publisher":"https:\/\/web.facebook.com\/profile.php?id=61551502767851&mibextid=2JQ9oc&_rdc=1&_rdr","article_modified_time":"2026-04-17T22:04:02+00:00","og_image":[{"width":600,"height":600,"url":"https:\/\/tropicalwingsbirds.shop\/wp-content\/uploads\/2023\/12\/Egg-Incubators-with-Automatic-Egg-Turning-Turner-for-Hatching-Eggs-with-Egg-Candler.jpg","type":"image\/jpeg"}],"twitter_card":"summary_large_image","twitter_misc":{"Preu":"","Disponibilitat":"En estoc"},"schema":{"@context":"https:\/\/schema.org","@graph":[{"@type":"WebPage","@id":"https:\/\/tropicalwingsbirds.shop\/shop\/buy-egg-incubators-with-automatic-egg-turning-turner-for-hatching-eggs-with-egg-candler-online\/","url":"https:\/\/tropicalwingsbirds.shop\/shop\/buy-egg-incubators-with-automatic-egg-turning-turner-for-hatching-eggs-with-egg-candler-online\/","name":"Egg Incubators with Automatic Egg Turning | Tropical Wings","isPartOf":{"@id":"https:\/\/tropicalwingsbirds.shop\/#website"},"primaryImageOfPage":{"@id":"https:\/\/tropicalwingsbirds.shop\/shop\/buy-egg-incubators-with-automatic-egg-turning-turner-for-hatching-eggs-with-egg-candler-online\/#primaryimage"},"image":{"@id":"https:\/\/tropicalwingsbirds.shop\/shop\/buy-egg-incubators-with-automatic-egg-turning-turner-for-hatching-eggs-with-egg-candler-online\/#primaryimage"},"thumbnailUrl":"https:\/\/tropicalwingsbirds.shop\/wp-content\/uploads\/2023\/12\/Egg-Incubators-with-Automatic-Egg-Turning-Turner-for-Hatching-Eggs-with-Egg-Candler.jpg","datePublished":"2023-12-07T14:11:10+00:00","dateModified":"2026-04-17T22:04:02+00:00","description":"Buy egg incubators with automatic egg turning turner for hatching eggs with egg candler online \u2014 candled, fertile eggs from proven breeding pairs with...","breadcrumb":{"@id":"https:\/\/tropicalwingsbirds.shop\/shop\/buy-egg-incubators-with-automatic-egg-turning-turner-for-hatching-eggs-with-egg-candler-online\/#breadcrumb"},"inLanguage":"ca","potentialAction":[{"@type":"ReadAction","target":["https:\/\/tropicalwingsbirds.shop\/shop\/buy-egg-incubators-with-automatic-egg-turning-turner-for-hatching-eggs-with-egg-candler-online\/"]}]},{"@type":"ImageObject","inLanguage":"ca","@id":"https:\/\/tropicalwingsbirds.shop\/shop\/buy-egg-incubators-with-automatic-egg-turning-turner-for-hatching-eggs-with-egg-candler-online\/#primaryimage","url":"https:\/\/tropicalwingsbirds.shop\/wp-content\/uploads\/2023\/12\/Egg-Incubators-with-Automatic-Egg-Turning-Turner-for-Hatching-Eggs-with-Egg-Candler.jpg","contentUrl":"https:\/\/tropicalwingsbirds.shop\/wp-content\/uploads\/2023\/12\/Egg-Incubators-with-Automatic-Egg-Turning-Turner-for-Hatching-Eggs-with-Egg-Candler.jpg","width":600,"height":600},{"@type":"BreadcrumbList","@id":"https:\/\/tropicalwingsbirds.shop\/shop\/buy-egg-incubators-with-automatic-egg-turning-turner-for-hatching-eggs-with-egg-candler-online\/#breadcrumb","itemListElement":[{"@type":"ListItem","position":1,"name":"Home","item":"https:\/\/tropicalwingsbirds.shop\/"},{"@type":"ListItem","position":2,"name":"Shop","item":"https:\/\/tropicalwingsbirds.shop\/shop\/"},{"@type":"ListItem","position":3,"name":"Buy Egg Incubators with Automatic Egg Turning Turner for Hatching Eggs with Egg Candler Online"}]},{"@type":"WebSite","@id":"https:\/\/tropicalwingsbirds.shop\/#website","url":"https:\/\/tropicalwingsbirds.shop\/","name":"Ales tropicals d&#039;ocells","description":"Els millors criadors d&#039;aus ex\u00f2tiques en l\u00ednia","publisher":{"@id":"https:\/\/tropicalwingsbirds.shop\/#organization"},"potentialAction":[{"@type":"SearchAction","target":{"@type":"EntryPoint","urlTemplate":"https:\/\/tropicalwingsbirds.shop\/?s={search_term_string}"},"query-input":{"@type":"PropertyValueSpecification","valueRequired":true,"valueName":"search_term_string"}}],"inLanguage":"ca"},{"@type":["Organization","Place","PetStore"],"@id":"https:\/\/tropicalwingsbirds.shop\/#organization","name":"Tropical Wings Birds Shop","alternateName":"TPWB","url":"https:\/\/tropicalwingsbirds.shop\/","logo":{"@id":"https:\/\/tropicalwingsbirds.shop\/shop\/buy-egg-incubators-with-automatic-egg-turning-turner-for-hatching-eggs-with-egg-candler-online\/#local-main-organization-logo"},"image":{"@id":"https:\/\/tropicalwingsbirds.shop\/shop\/buy-egg-incubators-with-automatic-egg-turning-turner-for-hatching-eggs-with-egg-candler-online\/#local-main-organization-logo"},"sameAs":["https:\/\/web.facebook.com\/profile.php?id=61551502767851&mibextid=2JQ9oc&_rdc=1&_rdr"],"description":"Tropical Wings Birds \u00e9s la vostra destinaci\u00f3 per a la companyia d&#039;aus ex\u00f2tiques. El nostre aviari boutique als Estats Units ofereix una selecci\u00f3 curada d&#039;aus tropicals vibrants procedents de criadors de renom a tot el m\u00f3n. Amb un enfocament en el benestar i l&#039;experi\u00e8ncia, el nostre equip dedicat est\u00e0 aqu\u00ed per guiar-vos en el vostre viatge per trobar l&#039;amic amb plomes perfecte. Visiteu-nos avui mateix i experimenteu la m\u00e0gia de la companyia aviar a Tropical Wings Birds.","legalName":"Tropical Wings Birds","foundingDate":"2019-02-14","numberOfEmployees":{"@type":"QuantitativeValue","minValue":"1","maxValue":"10"},"address":{"@id":"https:\/\/tropicalwingsbirds.shop\/shop\/buy-egg-incubators-with-automatic-egg-turning-turner-for-hatching-eggs-with-egg-candler-online\/#local-main-place-address"},"geo":{"@type":"GeoCoordinates","latitude":"40.5976725","longitude":"-122.3716346"},"telephone":["+1 707-733-4623","+1 707-733-4623"],"contactPoint":{"@type":"ContactPoint","telephone":"+1 707-733-4623","email":"sales@tropicalwingsbirds.shop"},"openingHoursSpecification":{"@type":"OpeningHoursSpecification","dayOfWeek":["Monday","Tuesday","Wednesday","Thursday","Friday","Saturday","Sunday"],"opens":"00:00","closes":"23:59"},"email":"sales@tropicalwingsbirds.shop","faxNumber":"+1 707-733-4623","areaServed":"United states, Porto Rico, Canada, Australia","priceRange":"$","currenciesAccepted":"USD, CAD, AUD,","paymentAccepted":"Zelle, Paypal, Bitcoin, Apple pay, Credit cards, Bank transfers"},{"@type":"PostalAddress","@id":"https:\/\/tropicalwingsbirds.shop\/shop\/buy-egg-incubators-with-automatic-egg-turning-turner-for-hatching-eggs-with-egg-candler-online\/#local-main-place-address","streetAddress":"500 Hilltop Dr,","addressLocality":"Redding","postalCode":"96003","addressRegion":"California","addressCountry":"US"},{"@type":"ImageObject","inLanguage":"ca","@id":"https:\/\/tropicalwingsbirds.shop\/shop\/buy-egg-incubators-with-automatic-egg-turning-turner-for-hatching-eggs-with-egg-candler-online\/#local-main-organization-logo","url":"https:\/\/tropicalwingsbirds.shop\/wp-content\/uploads\/2024\/01\/tropical-wings-1.webp","contentUrl":"https:\/\/tropicalwingsbirds.shop\/wp-content\/uploads\/2024\/01\/tropical-wings-1.webp","width":500,"height":500,"caption":"Tropical Wings Birds Shop"}]},"product_price_currency":"USD","og_availability":"instock","product_availability":"instock","product_condition":"new","geo.placename":"Redding","geo.position":{"lat":"40.5976725","long":"-122.3716346"},"geo.region":"Estats Units (US)"},"jetpack_sharing_enabled":true,"_links":{"self":[{"href":"https:\/\/tropicalwingsbirds.shop\/ca\/wp-json\/wp\/v2\/product\/1427","targetHints":{"allow":["GET"]}}],"collection":[{"href":"https:\/\/tropicalwingsbirds.shop\/ca\/wp-json\/wp\/v2\/product"}],"about":[{"href":"https:\/\/tropicalwingsbirds.shop\/ca\/wp-json\/wp\/v2\/types\/product"}],"replies":[{"embeddable":true,"href":"https:\/\/tropicalwingsbirds.shop\/ca\/wp-json\/wp\/v2\/comments?post=1427"}],"wp:featuredmedia":[{"embeddable":true,"href":"https:\/\/tropicalwingsbirds.shop\/ca\/wp-json\/wp\/v2\/media\/1461"}],"wp:attachment":[{"href":"https:\/\/tropicalwingsbirds.shop\/ca\/wp-json\/wp\/v2\/media?parent=1427"}],"wp:term":[{"taxonomy":"product_brand","embeddable":true,"href":"https:\/\/tropicalwingsbirds.shop\/ca\/wp-json\/wp\/v2\/product_brand?post=1427"},{"taxonomy":"product_cat","embeddable":true,"href":"https:\/\/tropicalwingsbirds.shop\/ca\/wp-json\/wp\/v2\/product_cat?post=1427"},{"taxonomy":"product_tag","embeddable":true,"href":"https:\/\/tropicalwingsbirds.shop\/ca\/wp-json\/wp\/v2\/product_tag?post=1427"}],"curies":[{"name":"wp","href":"https:\/\/api.w.org\/{rel}","templated":true}]}}