{"id":1428,"date":"2023-12-07T14:11:10","date_gmt":"2023-12-07T14:11:10","guid":{"rendered":"https:\/\/tropicalwingsbirds.shop\/?post_type=product&#038;p=1428"},"modified":"2026-04-17T22:04:02","modified_gmt":"2026-04-17T22:04:02","slug":"comprar-unitat-de-cures-intensives-brinsea-tlc-30-advance-brooder-per-a-ocells-joves-malalts-o-ferits-en-linia","status":"publish","type":"product","link":"https:\/\/tropicalwingsbirds.shop\/ca\/botiga\/comprar-unitat-de-cures-intensives-brinsea-tlc-30-advance-brooder-per-a-ocells-joves-malalts-o-ferits-en-linia\/","title":{"rendered":"Compreu en l\u00ednia la unitat de cures intensives Brinsea TLC-30 Advance Brooder per a aus i animals petits joves, malalts o ferits"},"content":{"rendered":"<p>Resistent, eficient, f\u00e0cil de netejar, port\u00e0til i r\u00e0pida de muntar, la incubadora de recuperaci\u00f3 de la unitat de cures intensives BR in sea TLC-30 advance brooder \u00e9s ideal per a pollets ex\u00f2tics acabats de n\u00e9ixer i ocells i petits mam\u00edfers malalts, ferits o orfes.<br \/> La unitat \u00e9s adequada per al rescat de fauna salvatge o per a la cria d&#039;animals de companyia, on la portabilitat i la facilitat de neteja s\u00f3n avantatges clau. Aquesta unitat multiusos funciona a 12 volts per seguretat i es pot alimentar des de la xarxa el\u00e8ctrica amb l&#039;adaptador subministrat o des d&#039;un adaptador d&#039;encenedor de cigarrets disponible per separat.<br \/> El sistema de control digital del tlc-30 advance mostra la temperatura en \u00b0C o \u00b0F i inclou alarmes de temperatura i de fallada de corrent. La temperatura es pot ajustar entre la temperatura ambient i 100 \u00b0F mitjan\u00e7ant els controls digitals controlats per men\u00fa. L&#039;estabilitat de la temperatura es mant\u00e9 mitjan\u00e7ant un petit ventilador que funciona a baixa velocitat per minimitzar el soroll i les mol\u00e8sties als animals.<br \/> La ventilaci\u00f3 ajustable permet una ventilaci\u00f3 abundant en habitacions c\u00e0lides o amb temperatures baixes, cosa que \u00e9s important per a animals m\u00e9s grans. El TLC-30 advance \u00e9s port\u00e0til gr\u00e0cies a una nansa de transport integrada a la part superior de l&#039;armari i apilable, amb els peus d&#039;una unitat situats en endolls a l&#039;armari de la unitat inferior.<br \/> La porta transparent est\u00e0 feta de policarbonat resistent als raigs UV que es pot tancar i bloquejar amb una sola m\u00e0. Amb la higiene com a prioritat m\u00e0xima, el tlc-30 advance ha estat dissenyat acuradament per fer la neteja el m\u00e9s f\u00e0cil possible, amb un armari d&#039;ABS amb acabat de mirall llis que \u00e9s molt f\u00e0cil de netejar, una porta amb frontisses que s&#039;aixeca i la part de treball i la fascia que simplement es desenganxen i llisquen cap a fora (sense necessitat d&#039;eines), deixant l&#039;armari buit per a una neteja profunda. Per reduir el risc d&#039;infecci\u00f3 o al mar, incorporeu la protecci\u00f3 antimicrobiana Biomaster als armaris del TLC-30 durant la fabricaci\u00f3. Aix\u00f2 evita el creixement de bacteris nocius, cosa que ajuda a proporcionar l&#039;entorn \u00f2ptim per a animals i ocells joves, malalts, ferits o d\u00e8bils. Com tots els productes Brinsea, la incubadora de recuperaci\u00f3 de la unitat de cures intensives per a criadores TLC-30 advance inclou una garantia completa de 3 anys.<br \/> 5\/5 (18 vots)<\/p>","protected":false},"excerpt":{"rendered":"<p>Tough, efficient, easily cleaned, portable and quick to set up, the BR in sea TLC-30 advance brooder intensive care unit recovery incubator is ideal for newly hatched exotic chicks and sick, injured or orphaned birds and small mammals. The unit is suited to wildlife rescue or for pet breeding where portability and ease OF cleaning [&hellip;]<\/p>\n","protected":false},"featured_media":1471,"comment_status":"closed","ping_status":"closed","template":"","meta":{"site-sidebar-layout":"","site-content-layout":"","ast-site-content-layout":"","site-content-style":"","site-sidebar-style":"","ast-global-header-display":"","ast-banner-title-visibility":"","ast-main-header-display":"","ast-hfb-above-header-display":"","ast-hfb-below-header-display":"","ast-hfb-mobile-header-display":"","site-post-title":"","ast-breadcrumbs-content":"","ast-featured-img":"","footer-sml-layout":"","theme-transparent-header-meta":"","adv-header-id-meta":"","stick-header-meta":"","header-above-stick-meta":"","header-main-stick-meta":"","header-below-stick-meta":"","astra-migrate-meta-layouts":"","ast-page-background-enabled":"default","ast-page-background-meta":{"desktop":{"background-color":"var(--ast-global-color-4)","background-image":"","background-repeat":"repeat","background-position":"center center","background-size":"auto","background-attachment":"scroll","background-type":"","background-media":"","overlay-type":"","overlay-color":"","overlay-opacity":"","overlay-gradient":""},"tablet":{"background-color":"","background-image":"","background-repeat":"repeat","background-position":"center center","background-size":"auto","background-attachment":"scroll","background-type":"","background-media":"","overlay-type":"","overlay-color":"","overlay-opacity":"","overlay-gradient":""},"mobile":{"background-color":"","background-image":"","background-repeat":"repeat","background-position":"center center","background-size":"auto","background-attachment":"scroll","background-type":"","background-media":"","overlay-type":"","overlay-color":"","overlay-opacity":"","overlay-gradient":""}},"ast-content-background-meta":{"desktop":{"background-color":"var(--ast-global-color-5)","background-image":"","background-repeat":"repeat","background-position":"center center","background-size":"auto","background-attachment":"scroll","background-type":"","background-media":"","overlay-type":"","overlay-color":"","overlay-opacity":"","overlay-gradient":""},"tablet":{"background-color":"var(--ast-global-color-5)","background-image":"","background-repeat":"repeat","background-position":"center center","background-size":"auto","background-attachment":"scroll","background-type":"","background-media":"","overlay-type":"","overlay-color":"","overlay-opacity":"","overlay-gradient":""},"mobile":{"background-color":"var(--ast-global-color-5)","background-image":"","background-repeat":"repeat","background-position":"center center","background-size":"auto","background-attachment":"scroll","background-type":"","background-media":"","overlay-type":"","overlay-color":"","overlay-opacity":"","overlay-gradient":""}}},"product_brand":[],"product_cat":[485],"product_tag":[],"class_list":{"0":"post-1428","1":"product","2":"type-product","3":"status-publish","4":"has-post-thumbnail","6":"product_cat-incubators-brooders","7":"desktop-align-left","8":"tablet-align-left","9":"mobile-align-left","10":"ast-product-gallery-layout-horizontal-slider","11":"ast-product-gallery-with-no-image","12":"ast-product-tabs-layout-horizontal","13":"ast-qv-on-image","15":"first","16":"instock","17":"shipping-taxable","18":"product-type-simple"},"yoast_head":"<!-- This site is optimized with the Yoast SEO Premium plugin v23.2 (Yoast SEO v26.8) - https:\/\/yoast.com\/product\/yoast-seo-premium-wordpress\/ -->\n<title>Brinsea TLC-30 Advance Brooder Intensive | Tropical Wings<\/title>\n<meta name=\"description\" content=\"Shop the brinsea tlc-30 advance brooder intensive care unit for young, sick or injured birds &amp; small animals from Tropical Wings Birds \u2014...\" \/>\n<meta name=\"robots\" content=\"index, follow, max-snippet:-1, max-image-preview:large, max-video-preview:-1\" \/>\n<link rel=\"canonical\" href=\"https:\/\/tropicalwingsbirds.shop\/ca\/botiga\/comprar-unitat-de-cures-intensives-brinsea-tlc-30-advance-brooder-per-a-ocells-joves-malalts-o-ferits-en-linia\/\" \/>\n<meta property=\"og:locale\" content=\"ca_ES\" \/>\n<meta property=\"og:type\" content=\"article\" \/>\n<meta property=\"og:title\" content=\"Buy Brinsea TLC-30 Advance Brooder Intensive Care Unit for Young, Sick Or Injured Birds &#038; Small Animals Online\" \/>\n<meta property=\"og:description\" content=\"Shop the brinsea tlc-30 advance brooder intensive care unit for young, sick or injured birds &amp; small animals from Tropical Wings Birds \u2014...\" \/>\n<meta property=\"og:url\" content=\"https:\/\/tropicalwingsbirds.shop\/ca\/botiga\/comprar-unitat-de-cures-intensives-brinsea-tlc-30-advance-brooder-per-a-ocells-joves-malalts-o-ferits-en-linia\/\" \/>\n<meta property=\"og:site_name\" content=\"Tropical Wings Birds\" \/>\n<meta property=\"article:publisher\" content=\"https:\/\/web.facebook.com\/profile.php?id=61551502767851&amp;mibextid=2JQ9oc&amp;_rdc=1&amp;_rdr\" \/>\n<meta property=\"article:modified_time\" content=\"2026-04-17T22:04:02+00:00\" \/>\n<meta property=\"og:image\" content=\"https:\/\/tropicalwingsbirds.shop\/wp-content\/uploads\/2023\/12\/Brinsea-TLC-30-Advance-Brooder-Intensive-Care-Unit-for-Young-Sick-Or-Injured-Birds-Small-Animals.jpg\" \/>\n\t<meta property=\"og:image:width\" content=\"600\" \/>\n\t<meta property=\"og:image:height\" content=\"600\" \/>\n\t<meta property=\"og:image:type\" content=\"image\/jpeg\" \/>\n<meta name=\"twitter:card\" content=\"summary_large_image\" \/>\n<meta name=\"twitter:label1\" content=\"Preu\" \/>\n\t<meta name=\"twitter:data1\" content=\"\" \/>\n\t<meta name=\"twitter:label2\" content=\"Disponibilitat\" \/>\n\t<meta name=\"twitter:data2\" content=\"En estoc\" \/>\n<script type=\"application\/ld+json\" class=\"yoast-schema-graph\">{\"@context\":\"https:\/\/schema.org\",\"@graph\":[{\"@type\":\"WebPage\",\"@id\":\"https:\/\/tropicalwingsbirds.shop\/shop\/buy-brinsea-tlc-30-advance-brooder-intensive-care-unit-for-young-sick-or-injured-birds-small-animals-online\/\",\"url\":\"https:\/\/tropicalwingsbirds.shop\/shop\/buy-brinsea-tlc-30-advance-brooder-intensive-care-unit-for-young-sick-or-injured-birds-small-animals-online\/\",\"name\":\"Brinsea TLC-30 Advance Brooder Intensive | Tropical Wings\",\"isPartOf\":{\"@id\":\"https:\/\/tropicalwingsbirds.shop\/#website\"},\"primaryImageOfPage\":{\"@id\":\"https:\/\/tropicalwingsbirds.shop\/shop\/buy-brinsea-tlc-30-advance-brooder-intensive-care-unit-for-young-sick-or-injured-birds-small-animals-online\/#primaryimage\"},\"image\":{\"@id\":\"https:\/\/tropicalwingsbirds.shop\/shop\/buy-brinsea-tlc-30-advance-brooder-intensive-care-unit-for-young-sick-or-injured-birds-small-animals-online\/#primaryimage\"},\"thumbnailUrl\":\"https:\/\/tropicalwingsbirds.shop\/wp-content\/uploads\/2023\/12\/Brinsea-TLC-30-Advance-Brooder-Intensive-Care-Unit-for-Young-Sick-Or-Injured-Birds-Small-Animals.jpg\",\"datePublished\":\"2023-12-07T14:11:10+00:00\",\"dateModified\":\"2026-04-17T22:04:02+00:00\",\"description\":\"Shop the brinsea tlc-30 advance brooder intensive care unit for young, sick or injured birds &amp; small animals from Tropical Wings Birds \u2014...\",\"breadcrumb\":{\"@id\":\"https:\/\/tropicalwingsbirds.shop\/shop\/buy-brinsea-tlc-30-advance-brooder-intensive-care-unit-for-young-sick-or-injured-birds-small-animals-online\/#breadcrumb\"},\"inLanguage\":\"ca\",\"potentialAction\":[{\"@type\":\"ReadAction\",\"target\":[\"https:\/\/tropicalwingsbirds.shop\/shop\/buy-brinsea-tlc-30-advance-brooder-intensive-care-unit-for-young-sick-or-injured-birds-small-animals-online\/\"]}]},{\"@type\":\"ImageObject\",\"inLanguage\":\"ca\",\"@id\":\"https:\/\/tropicalwingsbirds.shop\/shop\/buy-brinsea-tlc-30-advance-brooder-intensive-care-unit-for-young-sick-or-injured-birds-small-animals-online\/#primaryimage\",\"url\":\"https:\/\/tropicalwingsbirds.shop\/wp-content\/uploads\/2023\/12\/Brinsea-TLC-30-Advance-Brooder-Intensive-Care-Unit-for-Young-Sick-Or-Injured-Birds-Small-Animals.jpg\",\"contentUrl\":\"https:\/\/tropicalwingsbirds.shop\/wp-content\/uploads\/2023\/12\/Brinsea-TLC-30-Advance-Brooder-Intensive-Care-Unit-for-Young-Sick-Or-Injured-Birds-Small-Animals.jpg\",\"width\":600,\"height\":600},{\"@type\":\"BreadcrumbList\",\"@id\":\"https:\/\/tropicalwingsbirds.shop\/shop\/buy-brinsea-tlc-30-advance-brooder-intensive-care-unit-for-young-sick-or-injured-birds-small-animals-online\/#breadcrumb\",\"itemListElement\":[{\"@type\":\"ListItem\",\"position\":1,\"name\":\"Home\",\"item\":\"https:\/\/tropicalwingsbirds.shop\/\"},{\"@type\":\"ListItem\",\"position\":2,\"name\":\"Shop\",\"item\":\"https:\/\/tropicalwingsbirds.shop\/shop\/\"},{\"@type\":\"ListItem\",\"position\":3,\"name\":\"Buy Brinsea TLC-30 Advance Brooder Intensive Care Unit for Young, Sick Or Injured Birds &#038; Small Animals Online\"}]},{\"@type\":\"WebSite\",\"@id\":\"https:\/\/tropicalwingsbirds.shop\/#website\",\"url\":\"https:\/\/tropicalwingsbirds.shop\/\",\"name\":\"Tropical Wings Birds\",\"description\":\"Best Exotic birds breeders online\",\"publisher\":{\"@id\":\"https:\/\/tropicalwingsbirds.shop\/#organization\"},\"potentialAction\":[{\"@type\":\"SearchAction\",\"target\":{\"@type\":\"EntryPoint\",\"urlTemplate\":\"https:\/\/tropicalwingsbirds.shop\/?s={search_term_string}\"},\"query-input\":{\"@type\":\"PropertyValueSpecification\",\"valueRequired\":true,\"valueName\":\"search_term_string\"}}],\"inLanguage\":\"ca\"},{\"@type\":[\"Organization\",\"Place\",\"PetStore\"],\"@id\":\"https:\/\/tropicalwingsbirds.shop\/#organization\",\"name\":\"Tropical Wings Birds Shop\",\"alternateName\":\"TPWB\",\"url\":\"https:\/\/tropicalwingsbirds.shop\/\",\"logo\":{\"@id\":\"https:\/\/tropicalwingsbirds.shop\/shop\/buy-brinsea-tlc-30-advance-brooder-intensive-care-unit-for-young-sick-or-injured-birds-small-animals-online\/#local-main-organization-logo\"},\"image\":{\"@id\":\"https:\/\/tropicalwingsbirds.shop\/shop\/buy-brinsea-tlc-30-advance-brooder-intensive-care-unit-for-young-sick-or-injured-birds-small-animals-online\/#local-main-organization-logo\"},\"sameAs\":[\"https:\/\/web.facebook.com\/profile.php?id=61551502767851&mibextid=2JQ9oc&_rdc=1&_rdr\"],\"description\":\"Tropical Wings Birds is your destination for exotic avian companionship. Our boutique aviary in United States offers a curated selection of vibrant tropical birds sourced from reputable breeders worldwide. With a focus on welfare and expertise, our dedicated team is here to guide you on your journey to finding the perfect feathered friend. Visit us today and experience the magic of avian companionship at Tropical Wings Birds.\",\"legalName\":\"Tropical Wings Birds\",\"foundingDate\":\"2019-02-14\",\"numberOfEmployees\":{\"@type\":\"QuantitativeValue\",\"minValue\":\"1\",\"maxValue\":\"10\"},\"address\":{\"@id\":\"https:\/\/tropicalwingsbirds.shop\/shop\/buy-brinsea-tlc-30-advance-brooder-intensive-care-unit-for-young-sick-or-injured-birds-small-animals-online\/#local-main-place-address\"},\"geo\":{\"@type\":\"GeoCoordinates\",\"latitude\":\"40.5976725\",\"longitude\":\"-122.3716346\"},\"telephone\":[\"+1 707-733-4623\",\"+1 707-733-4623\"],\"contactPoint\":{\"@type\":\"ContactPoint\",\"telephone\":\"+1 707-733-4623\",\"email\":\"sales@tropicalwingsbirds.shop\"},\"openingHoursSpecification\":{\"@type\":\"OpeningHoursSpecification\",\"dayOfWeek\":[\"Monday\",\"Tuesday\",\"Wednesday\",\"Thursday\",\"Friday\",\"Saturday\",\"Sunday\"],\"opens\":\"00:00\",\"closes\":\"23:59\"},\"email\":\"sales@tropicalwingsbirds.shop\",\"faxNumber\":\"+1 707-733-4623\",\"areaServed\":\"United states, Porto Rico, Canada, Australia\",\"priceRange\":\"$\",\"currenciesAccepted\":\"USD, CAD, AUD,\",\"paymentAccepted\":\"Zelle, Paypal, Bitcoin, Apple pay, Credit cards, Bank transfers\"},{\"@type\":\"PostalAddress\",\"@id\":\"https:\/\/tropicalwingsbirds.shop\/shop\/buy-brinsea-tlc-30-advance-brooder-intensive-care-unit-for-young-sick-or-injured-birds-small-animals-online\/#local-main-place-address\",\"streetAddress\":\"500 Hilltop Dr,\",\"addressLocality\":\"Redding\",\"postalCode\":\"96003\",\"addressRegion\":\"California\",\"addressCountry\":\"US\"},{\"@type\":\"ImageObject\",\"inLanguage\":\"ca\",\"@id\":\"https:\/\/tropicalwingsbirds.shop\/shop\/buy-brinsea-tlc-30-advance-brooder-intensive-care-unit-for-young-sick-or-injured-birds-small-animals-online\/#local-main-organization-logo\",\"url\":\"https:\/\/tropicalwingsbirds.shop\/wp-content\/uploads\/2024\/01\/tropical-wings-1.webp\",\"contentUrl\":\"https:\/\/tropicalwingsbirds.shop\/wp-content\/uploads\/2024\/01\/tropical-wings-1.webp\",\"width\":500,\"height\":500,\"caption\":\"Tropical Wings Birds Shop\"}]}<\/script>\n<meta property=\"product:price:currency\" content=\"USD\" \/>\n<meta property=\"og:availability\" content=\"instock\" \/>\n<meta property=\"product:availability\" content=\"instock\" \/>\n<meta property=\"product:condition\" content=\"new\" \/>\n<meta name=\"geo.placename\" content=\"Redding\" \/>\n<meta name=\"geo.position\" content=\"40.5976725;-122.3716346\" \/>\n<meta name=\"geo.region\" content=\"Estats Units (US)\" \/>\n<!-- \/ Yoast SEO Premium plugin. -->","yoast_head_json":{"title":"Brinsea TLC-30 Advance Brooder Intensive | Tropical Wings","description":"Shop the brinsea tlc-30 advance brooder intensive care unit for young, sick or injured birds &amp; small animals from Tropical Wings Birds \u2014...","robots":{"index":"index","follow":"follow","max-snippet":"max-snippet:-1","max-image-preview":"max-image-preview:large","max-video-preview":"max-video-preview:-1"},"canonical":"https:\/\/tropicalwingsbirds.shop\/ca\/botiga\/comprar-unitat-de-cures-intensives-brinsea-tlc-30-advance-brooder-per-a-ocells-joves-malalts-o-ferits-en-linia\/","og_locale":"ca_ES","og_type":"article","og_title":"Buy Brinsea TLC-30 Advance Brooder Intensive Care Unit for Young, Sick Or Injured Birds &#038; Small Animals Online","og_description":"Shop the brinsea tlc-30 advance brooder intensive care unit for young, sick or injured birds &amp; small animals from Tropical Wings Birds \u2014...","og_url":"https:\/\/tropicalwingsbirds.shop\/ca\/botiga\/comprar-unitat-de-cures-intensives-brinsea-tlc-30-advance-brooder-per-a-ocells-joves-malalts-o-ferits-en-linia\/","og_site_name":"Tropical Wings Birds","article_publisher":"https:\/\/web.facebook.com\/profile.php?id=61551502767851&mibextid=2JQ9oc&_rdc=1&_rdr","article_modified_time":"2026-04-17T22:04:02+00:00","og_image":[{"width":600,"height":600,"url":"https:\/\/tropicalwingsbirds.shop\/wp-content\/uploads\/2023\/12\/Brinsea-TLC-30-Advance-Brooder-Intensive-Care-Unit-for-Young-Sick-Or-Injured-Birds-Small-Animals.jpg","type":"image\/jpeg"}],"twitter_card":"summary_large_image","twitter_misc":{"Preu":"","Disponibilitat":"En estoc"},"schema":{"@context":"https:\/\/schema.org","@graph":[{"@type":"WebPage","@id":"https:\/\/tropicalwingsbirds.shop\/shop\/buy-brinsea-tlc-30-advance-brooder-intensive-care-unit-for-young-sick-or-injured-birds-small-animals-online\/","url":"https:\/\/tropicalwingsbirds.shop\/shop\/buy-brinsea-tlc-30-advance-brooder-intensive-care-unit-for-young-sick-or-injured-birds-small-animals-online\/","name":"Brinsea TLC-30 Advance Brooder Intensive | Tropical Wings","isPartOf":{"@id":"https:\/\/tropicalwingsbirds.shop\/#website"},"primaryImageOfPage":{"@id":"https:\/\/tropicalwingsbirds.shop\/shop\/buy-brinsea-tlc-30-advance-brooder-intensive-care-unit-for-young-sick-or-injured-birds-small-animals-online\/#primaryimage"},"image":{"@id":"https:\/\/tropicalwingsbirds.shop\/shop\/buy-brinsea-tlc-30-advance-brooder-intensive-care-unit-for-young-sick-or-injured-birds-small-animals-online\/#primaryimage"},"thumbnailUrl":"https:\/\/tropicalwingsbirds.shop\/wp-content\/uploads\/2023\/12\/Brinsea-TLC-30-Advance-Brooder-Intensive-Care-Unit-for-Young-Sick-Or-Injured-Birds-Small-Animals.jpg","datePublished":"2023-12-07T14:11:10+00:00","dateModified":"2026-04-17T22:04:02+00:00","description":"Shop the brinsea tlc-30 advance brooder intensive care unit for young, sick or injured birds &amp; small animals from Tropical Wings Birds \u2014...","breadcrumb":{"@id":"https:\/\/tropicalwingsbirds.shop\/shop\/buy-brinsea-tlc-30-advance-brooder-intensive-care-unit-for-young-sick-or-injured-birds-small-animals-online\/#breadcrumb"},"inLanguage":"ca","potentialAction":[{"@type":"ReadAction","target":["https:\/\/tropicalwingsbirds.shop\/shop\/buy-brinsea-tlc-30-advance-brooder-intensive-care-unit-for-young-sick-or-injured-birds-small-animals-online\/"]}]},{"@type":"ImageObject","inLanguage":"ca","@id":"https:\/\/tropicalwingsbirds.shop\/shop\/buy-brinsea-tlc-30-advance-brooder-intensive-care-unit-for-young-sick-or-injured-birds-small-animals-online\/#primaryimage","url":"https:\/\/tropicalwingsbirds.shop\/wp-content\/uploads\/2023\/12\/Brinsea-TLC-30-Advance-Brooder-Intensive-Care-Unit-for-Young-Sick-Or-Injured-Birds-Small-Animals.jpg","contentUrl":"https:\/\/tropicalwingsbirds.shop\/wp-content\/uploads\/2023\/12\/Brinsea-TLC-30-Advance-Brooder-Intensive-Care-Unit-for-Young-Sick-Or-Injured-Birds-Small-Animals.jpg","width":600,"height":600},{"@type":"BreadcrumbList","@id":"https:\/\/tropicalwingsbirds.shop\/shop\/buy-brinsea-tlc-30-advance-brooder-intensive-care-unit-for-young-sick-or-injured-birds-small-animals-online\/#breadcrumb","itemListElement":[{"@type":"ListItem","position":1,"name":"Home","item":"https:\/\/tropicalwingsbirds.shop\/"},{"@type":"ListItem","position":2,"name":"Shop","item":"https:\/\/tropicalwingsbirds.shop\/shop\/"},{"@type":"ListItem","position":3,"name":"Buy Brinsea TLC-30 Advance Brooder Intensive Care Unit for Young, Sick Or Injured Birds &#038; Small Animals Online"}]},{"@type":"WebSite","@id":"https:\/\/tropicalwingsbirds.shop\/#website","url":"https:\/\/tropicalwingsbirds.shop\/","name":"Ales tropicals d&#039;ocells","description":"Els millors criadors d&#039;aus ex\u00f2tiques en l\u00ednia","publisher":{"@id":"https:\/\/tropicalwingsbirds.shop\/#organization"},"potentialAction":[{"@type":"SearchAction","target":{"@type":"EntryPoint","urlTemplate":"https:\/\/tropicalwingsbirds.shop\/?s={search_term_string}"},"query-input":{"@type":"PropertyValueSpecification","valueRequired":true,"valueName":"search_term_string"}}],"inLanguage":"ca"},{"@type":["Organization","Place","PetStore"],"@id":"https:\/\/tropicalwingsbirds.shop\/#organization","name":"Tropical Wings Birds Shop","alternateName":"TPWB","url":"https:\/\/tropicalwingsbirds.shop\/","logo":{"@id":"https:\/\/tropicalwingsbirds.shop\/shop\/buy-brinsea-tlc-30-advance-brooder-intensive-care-unit-for-young-sick-or-injured-birds-small-animals-online\/#local-main-organization-logo"},"image":{"@id":"https:\/\/tropicalwingsbirds.shop\/shop\/buy-brinsea-tlc-30-advance-brooder-intensive-care-unit-for-young-sick-or-injured-birds-small-animals-online\/#local-main-organization-logo"},"sameAs":["https:\/\/web.facebook.com\/profile.php?id=61551502767851&mibextid=2JQ9oc&_rdc=1&_rdr"],"description":"Tropical Wings Birds \u00e9s la vostra destinaci\u00f3 per a la companyia d&#039;aus ex\u00f2tiques. El nostre aviari boutique als Estats Units ofereix una selecci\u00f3 curada d&#039;aus tropicals vibrants procedents de criadors de renom a tot el m\u00f3n. Amb un enfocament en el benestar i l&#039;experi\u00e8ncia, el nostre equip dedicat est\u00e0 aqu\u00ed per guiar-vos en el vostre viatge per trobar l&#039;amic amb plomes perfecte. Visiteu-nos avui mateix i experimenteu la m\u00e0gia de la companyia aviar a Tropical Wings Birds.","legalName":"Tropical Wings Birds","foundingDate":"2019-02-14","numberOfEmployees":{"@type":"QuantitativeValue","minValue":"1","maxValue":"10"},"address":{"@id":"https:\/\/tropicalwingsbirds.shop\/shop\/buy-brinsea-tlc-30-advance-brooder-intensive-care-unit-for-young-sick-or-injured-birds-small-animals-online\/#local-main-place-address"},"geo":{"@type":"GeoCoordinates","latitude":"40.5976725","longitude":"-122.3716346"},"telephone":["+1 707-733-4623","+1 707-733-4623"],"contactPoint":{"@type":"ContactPoint","telephone":"+1 707-733-4623","email":"sales@tropicalwingsbirds.shop"},"openingHoursSpecification":{"@type":"OpeningHoursSpecification","dayOfWeek":["Monday","Tuesday","Wednesday","Thursday","Friday","Saturday","Sunday"],"opens":"00:00","closes":"23:59"},"email":"sales@tropicalwingsbirds.shop","faxNumber":"+1 707-733-4623","areaServed":"United states, Porto Rico, Canada, Australia","priceRange":"$","currenciesAccepted":"USD, CAD, AUD,","paymentAccepted":"Zelle, Paypal, Bitcoin, Apple pay, Credit cards, Bank transfers"},{"@type":"PostalAddress","@id":"https:\/\/tropicalwingsbirds.shop\/shop\/buy-brinsea-tlc-30-advance-brooder-intensive-care-unit-for-young-sick-or-injured-birds-small-animals-online\/#local-main-place-address","streetAddress":"500 Hilltop Dr,","addressLocality":"Redding","postalCode":"96003","addressRegion":"California","addressCountry":"US"},{"@type":"ImageObject","inLanguage":"ca","@id":"https:\/\/tropicalwingsbirds.shop\/shop\/buy-brinsea-tlc-30-advance-brooder-intensive-care-unit-for-young-sick-or-injured-birds-small-animals-online\/#local-main-organization-logo","url":"https:\/\/tropicalwingsbirds.shop\/wp-content\/uploads\/2024\/01\/tropical-wings-1.webp","contentUrl":"https:\/\/tropicalwingsbirds.shop\/wp-content\/uploads\/2024\/01\/tropical-wings-1.webp","width":500,"height":500,"caption":"Tropical Wings Birds Shop"}]},"product_price_currency":"USD","og_availability":"instock","product_availability":"instock","product_condition":"new","geo.placename":"Redding","geo.position":{"lat":"40.5976725","long":"-122.3716346"},"geo.region":"Estats Units (US)"},"jetpack_sharing_enabled":true,"_links":{"self":[{"href":"https:\/\/tropicalwingsbirds.shop\/ca\/wp-json\/wp\/v2\/product\/1428","targetHints":{"allow":["GET"]}}],"collection":[{"href":"https:\/\/tropicalwingsbirds.shop\/ca\/wp-json\/wp\/v2\/product"}],"about":[{"href":"https:\/\/tropicalwingsbirds.shop\/ca\/wp-json\/wp\/v2\/types\/product"}],"replies":[{"embeddable":true,"href":"https:\/\/tropicalwingsbirds.shop\/ca\/wp-json\/wp\/v2\/comments?post=1428"}],"wp:featuredmedia":[{"embeddable":true,"href":"https:\/\/tropicalwingsbirds.shop\/ca\/wp-json\/wp\/v2\/media\/1471"}],"wp:attachment":[{"href":"https:\/\/tropicalwingsbirds.shop\/ca\/wp-json\/wp\/v2\/media?parent=1428"}],"wp:term":[{"taxonomy":"product_brand","embeddable":true,"href":"https:\/\/tropicalwingsbirds.shop\/ca\/wp-json\/wp\/v2\/product_brand?post=1428"},{"taxonomy":"product_cat","embeddable":true,"href":"https:\/\/tropicalwingsbirds.shop\/ca\/wp-json\/wp\/v2\/product_cat?post=1428"},{"taxonomy":"product_tag","embeddable":true,"href":"https:\/\/tropicalwingsbirds.shop\/ca\/wp-json\/wp\/v2\/product_tag?post=1428"}],"curies":[{"name":"wp","href":"https:\/\/api.w.org\/{rel}","templated":true}]}}