{"id":1438,"date":"2023-12-07T14:11:38","date_gmt":"2023-12-07T14:11:38","guid":{"rendered":"https:\/\/tropicalwingsbirds.shop\/?post_type=product&#038;p=1438"},"modified":"2023-12-07T14:13:54","modified_gmt":"2023-12-07T14:13:54","slug":"buy-toco-toucan-eggs-online","status":"publish","type":"product","link":"https:\/\/tropicalwingsbirds.shop\/ca\/botiga\/buy-toco-toucan-eggs-online\/","title":{"rendered":"Compra ous de tuc\u00e0 Toco en l\u00ednia"},"content":{"rendered":"<p>Ous, amb una longitud de 63,5 cm (25 polzades), el toco \u00e9s el tucan m\u00e9s gran. El seu cos negre i la gola blanca queden eclipsats pel seu tret m\u00e9s recognoscible: un bec gran i acolorit.<\/p>\n<p>El bec de color taronja brillant fa uns 19 cm (8 polzades) de llargada, \u00e9s a dir, un ter\u00e7 de la longitud total de l&#039;ocell. Per\u00f2 malgrat la seva mida considerable, el bec pesa menys del que es podria pensar. Compost per la prote\u00efna queratina, l&#039;estructura del bec incorpora moltes bosses d&#039;aire que permeten una massa molt baixa.<\/p>\n<p>A m\u00e9s, investigacions recents han concl\u00f2s que els tucans regulen la temperatura corporal ajustant el flux de sang al bec. M\u00e9s flux sanguini significa que s&#039;allibera m\u00e9s calor. Quan els tucans dormen, fiquen el bec sota les plomes per mantenir-se calents. Els tucans toco tamb\u00e9 utilitzen el bec per collir i pelar fruita, la seva principal font d&#039;aliment. A m\u00e9s, el bec cont\u00e9 una llengua plana de la mateixa longitud, que ajuda el tuc\u00e0 a capturar insectes, granotes i r\u00e8ptils. Els tucans toco tamb\u00e9 mengen ocasionalment els ous d&#039;altres ocells.<\/p>\n<p>Ara acceptem comandes d&#039;aquells que estiguin interessats en criar els seus propis pollets des de la fase d&#039;ous. \u00c9s divertit incubar els vostres propis pollets a partir dels ous i us ajudarem en tot el que pugueu per incubar els vostres ocells amb \u00e8xit.<\/p>","protected":false},"excerpt":{"rendered":"<p>Eggs, Measuring 63.5 cm (25 in.) in length, the toco is the largest of all toucans. Its black body and white throat are overshadow by its most recognizable trait: a large colorful beak. The bright orange beak is about 19 cm (8 in.) long \u2013 one third of the bird\u2019s total length. But despite its [&hellip;]<\/p>","protected":false},"featured_media":1483,"comment_status":"closed","ping_status":"closed","template":"","meta":{"site-sidebar-layout":"default","site-content-layout":"","ast-site-content-layout":"default","site-content-style":"default","site-sidebar-style":"default","ast-global-header-display":"","ast-banner-title-visibility":"","ast-main-header-display":"","ast-hfb-above-header-display":"","ast-hfb-below-header-display":"","ast-hfb-mobile-header-display":"","site-post-title":"","ast-breadcrumbs-content":"","ast-featured-img":"","footer-sml-layout":"","theme-transparent-header-meta":"","adv-header-id-meta":"","stick-header-meta":"","header-above-stick-meta":"","header-main-stick-meta":"","header-below-stick-meta":"","astra-migrate-meta-layouts":"default","ast-page-background-enabled":"default","ast-page-background-meta":{"desktop":{"background-color":"var(--ast-global-color-4)","background-image":"","background-repeat":"repeat","background-position":"center center","background-size":"auto","background-attachment":"scroll","background-type":"","background-media":"","overlay-type":"","overlay-color":"","overlay-opacity":"","overlay-gradient":""},"tablet":{"background-color":"","background-image":"","background-repeat":"repeat","background-position":"center center","background-size":"auto","background-attachment":"scroll","background-type":"","background-media":"","overlay-type":"","overlay-color":"","overlay-opacity":"","overlay-gradient":""},"mobile":{"background-color":"","background-image":"","background-repeat":"repeat","background-position":"center center","background-size":"auto","background-attachment":"scroll","background-type":"","background-media":"","overlay-type":"","overlay-color":"","overlay-opacity":"","overlay-gradient":""}},"ast-content-background-meta":{"desktop":{"background-color":"var(--ast-global-color-5)","background-image":"","background-repeat":"repeat","background-position":"center center","background-size":"auto","background-attachment":"scroll","background-type":"","background-media":"","overlay-type":"","overlay-color":"","overlay-opacity":"","overlay-gradient":""},"tablet":{"background-color":"var(--ast-global-color-5)","background-image":"","background-repeat":"repeat","background-position":"center center","background-size":"auto","background-attachment":"scroll","background-type":"","background-media":"","overlay-type":"","overlay-color":"","overlay-opacity":"","overlay-gradient":""},"mobile":{"background-color":"var(--ast-global-color-5)","background-image":"","background-repeat":"repeat","background-position":"center center","background-size":"auto","background-attachment":"scroll","background-type":"","background-media":"","overlay-type":"","overlay-color":"","overlay-opacity":"","overlay-gradient":""}}},"product_brand":[],"product_cat":[486],"product_tag":[487,488,489,490,491,492,493,494,495,496,497,498,499,500,501,502,503,504,505,506,507,508,509,510,511,512,513,514,515,516,517,518,519,520,521,522,523,524,525,526,527,528,529,530,531,532,533,534,535,536,537,538,539,540,541,542,543,544,545,546,547,548,549,550,551,552,553,554,555,556,557,558,559,560,561,562,563,564,565,566,567,568,569,570,571,572,573,574,575,576,577,578,579,580,581,582,583,584,585,586,587,588,589,590,591,592,593,594,595,596,597,598,599,600,601],"class_list":{"0":"post-1438","1":"product","2":"type-product","3":"status-publish","4":"has-post-thumbnail","6":"product_cat-fertile-parrot-eggs","7":"product_tag-are-toco-toucans-dangerous","8":"product_tag-do-toucans-eat-eggs","9":"product_tag-fresh-fertile-toco-toucan-eggs-for-sale","10":"product_tag-toco-toucan-eggs-adaptations","11":"product_tag-toco-toucan-eggs-allrecipes","12":"product_tag-toco-toucan-eggs-and","13":"product_tag-toco-toucan-eggs-and-babies","14":"product_tag-toco-toucan-eggs-and-ham","15":"product_tag-toco-toucan-eggs-and-shell","16":"product_tag-toco-toucan-eggs-and-shellfish","17":"product_tag-toco-toucan-eggs-appearance","18":"product_tag-toco-toucan-eggs-are-bad","19":"product_tag-toco-toucan-eggs-at-sea","20":"product_tag-toco-toucan-eggs-baby","21":"product_tag-toco-toucan-eggs-bad-for-you","22":"product_tag-toco-toucan-eggs-beak","23":"product_tag-toco-toucan-eggs-benedict","24":"product_tag-toco-toucan-eggs-benedict-recipe","25":"product_tag-toco-toucan-eggs-bird","26":"product_tag-toco-toucan-eggs-bird-price-in-india","27":"product_tag-toco-toucan-eggs-box","28":"product_tag-toco-toucan-eggs-by","29":"product_tag-toco-toucan-eggs-by-lawrence","30":"product_tag-toco-toucan-eggs-cafe","31":"product_tag-toco-toucan-eggs-call","32":"product_tag-toco-toucan-eggs-calories","33":"product_tag-toco-toucan-eggs-can","34":"product_tag-toco-toucan-eggs-cart","35":"product_tag-toco-toucan-eggs-cartoon","36":"product_tag-toco-toucan-eggs-characteristics","37":"product_tag-toco-toucan-eggs-classification","38":"product_tag-toco-toucan-eggs-cost","39":"product_tag-toco-toucan-eggs-count","40":"product_tag-toco-toucan-eggs-dairy","41":"product_tag-toco-toucan-eggs-description","42":"product_tag-toco-toucan-eggs-diabetes","43":"product_tag-toco-toucan-eggs-die","44":"product_tag-toco-toucan-eggs-diet","45":"product_tag-toco-toucan-eggs-distribution","46":"product_tag-toco-toucan-eggs-do","47":"product_tag-toco-toucan-eggs-does-a-woman-have","48":"product_tag-toco-toucan-eggs-done","49":"product_tag-toco-toucan-eggs-drawing","50":"product_tag-toco-toucan-eggs-easy-to-peel","51":"product_tag-toco-toucan-eggs-eat","52":"product_tag-toco-toucan-eggs-edibles","53":"product_tag-toco-toucan-eggs-egg-for-sale-usa","54":"product_tag-toco-toucan-eggs-egg-price","55":"product_tag-toco-toucan-eggs-endangered","56":"product_tag-toco-toucan-eggs-episode","57":"product_tag-toco-toucan-eggs-evansville","58":"product_tag-toco-toucan-eggs-evansville-indiana","59":"product_tag-toco-toucan-eggs-everyday","60":"product_tag-toco-toucan-eggs-expire","61":"product_tag-toco-toucan-eggs-explained","62":"product_tag-toco-toucan-eggs-for-sale","63":"product_tag-toco-toucan-eggs-for-sale-australia","64":"product_tag-toco-toucan-eggs-for-sale-california","65":"product_tag-toco-toucan-eggs-for-sale-canada","66":"product_tag-toco-toucan-eggs-for-sale-coupon","67":"product_tag-toco-toucan-eggs-for-sale-craiglist","68":"product_tag-toco-toucan-eggs-for-sale-discount","69":"product_tag-toco-toucan-eggs-for-sale-florida","70":"product_tag-toco-toucan-eggs-for-sale-legit","71":"product_tag-toco-toucan-eggs-for-sale-near-me","72":"product_tag-toco-toucan-eggs-for-sale-new-york","73":"product_tag-toco-toucan-eggs-for-sale-nj-toco-toucan-eggs-for-sale-nv","74":"product_tag-toco-toucan-eggs-for-sale-ny","75":"product_tag-toco-toucan-eggs-for-sale-price","76":"product_tag-toco-toucan-eggs-for-sale-texas","77":"product_tag-toco-toucan-eggs-gartner","78":"product_tag-toco-toucan-eggs-generique","79":"product_tag-toco-toucan-eggs-genus-name","80":"product_tag-toco-toucan-eggs-geographic","81":"product_tag-toco-toucan-eggs-gif","82":"product_tag-toco-toucan-eggs-gift","83":"product_tag-toco-toucan-eggs-github","84":"product_tag-toco-toucan-eggs-glassdoor","85":"product_tag-toco-toucan-eggs-go-bad","86":"product_tag-toco-toucan-eggs-good-for","87":"product_tag-toco-toucan-eggs-habitat","88":"product_tag-toco-toucan-eggs-hamill","89":"product_tag-toco-toucan-eggs-hatch","90":"product_tag-toco-toucan-eggs-healthy","91":"product_tag-toco-toucan-eggs-height","92":"product_tag-toco-toucan-eggs-help","93":"product_tag-toco-toucan-eggs-history","94":"product_tag-toco-toucan-eggs-home","95":"product_tag-toco-toucan-eggs-how","96":"product_tag-toco-toucan-eggs-how-to-pronounce","97":"product_tag-toco-toucan-eggs-images","98":"product_tag-toco-toucan-eggs-in-hindi","99":"product_tag-toco-toucan-eggs-in-india","100":"product_tag-toco-toucan-eggs-in-microwave","101":"product_tag-toco-toucan-eggs-in-shell","102":"product_tag-toco-toucan-eggs-in-tamil","103":"product_tag-toco-toucan-eggs-inc","104":"product_tag-toco-toucan-eggs-information","105":"product_tag-toco-toucan-eggs-instant-pot","106":"product_tag-toco-toucan-eggs-interesting-facts","107":"product_tag-toco-toucan-eggs-jobs","108":"product_tag-toco-toucan-eggs-joke","109":"product_tag-toco-toucan-eggs-jug","110":"product_tag-toco-toucan-eggs-july","111":"product_tag-toco-toucan-eggs-jungle","112":"product_tag-toco-toucan-eggs-just","113":"product_tag-toco-toucan-eggs-kayak","114":"product_tag-toco-toucan-eggs-kind","115":"product_tag-toco-toucan-eggs-kindred","116":"product_tag-toco-toucan-eggs-kit","117":"product_tag-toco-toucan-eggs-kled","118":"product_tag-toucan-egg-hatching","119":"product_tag-toucan-eggs","120":"product_tag-toucan-eggs-hatching","121":"product_tag-what-eats-toco-toucans","122":"desktop-align-left","123":"tablet-align-left","124":"mobile-align-left","125":"ast-product-gallery-layout-horizontal-slider","126":"ast-product-gallery-with-no-image","127":"ast-product-tabs-layout-horizontal","128":"ast-qv-on-image","130":"first","131":"instock","132":"shipping-taxable","133":"product-type-simple"},"yoast_head":"<!-- This site is optimized with the Yoast SEO Premium plugin v23.2 (Yoast SEO v26.8) - https:\/\/yoast.com\/product\/yoast-seo-premium-wordpress\/ -->\n<title>Buy Toco Toucan Eggs Online - Tropical Wings Birds<\/title>\n<meta name=\"robots\" content=\"index, follow, max-snippet:-1, max-image-preview:large, max-video-preview:-1\" \/>\n<link rel=\"canonical\" href=\"https:\/\/tropicalwingsbirds.shop\/ca\/botiga\/buy-toco-toucan-eggs-online\/\" \/>\n<meta property=\"og:locale\" content=\"ca_ES\" \/>\n<meta property=\"og:type\" content=\"article\" \/>\n<meta property=\"og:title\" content=\"Buy Toco Toucan Eggs Online\" \/>\n<meta property=\"og:description\" content=\"Eggs, Measuring 63.5 cm (25 in.) in length, the toco is the largest of all toucans. Its black body and white throat are overshadow by its most recognizable trait: a large colorful beak. The bright orange beak is about 19 cm (8 in.) long \u2013 one third of the bird\u2019s total length. But despite its [&hellip;]\" \/>\n<meta property=\"og:url\" content=\"https:\/\/tropicalwingsbirds.shop\/ca\/botiga\/buy-toco-toucan-eggs-online\/\" \/>\n<meta property=\"og:site_name\" content=\"Tropical Wings Birds\" \/>\n<meta property=\"article:publisher\" content=\"https:\/\/web.facebook.com\/profile.php?id=61551502767851&amp;mibextid=2JQ9oc&amp;_rdc=1&amp;_rdr\" \/>\n<meta property=\"article:modified_time\" content=\"2023-12-07T14:13:54+00:00\" \/>\n<meta property=\"og:image\" content=\"https:\/\/tropicalwingsbirds.shop\/wp-content\/uploads\/2023\/12\/111111222.jpg\" \/>\n\t<meta property=\"og:image:width\" content=\"1350\" \/>\n\t<meta property=\"og:image:height\" content=\"1080\" \/>\n\t<meta property=\"og:image:type\" content=\"image\/jpeg\" \/>\n<meta name=\"twitter:card\" content=\"summary_large_image\" \/>\n<meta name=\"twitter:label1\" content=\"Preu\" \/>\n\t<meta name=\"twitter:data1\" content=\"\" \/>\n\t<meta name=\"twitter:label2\" content=\"Disponibilitat\" \/>\n\t<meta name=\"twitter:data2\" content=\"En estoc\" \/>\n<script type=\"application\/ld+json\" class=\"yoast-schema-graph\">{\"@context\":\"https:\/\/schema.org\",\"@graph\":[{\"@type\":\"WebPage\",\"@id\":\"https:\/\/tropicalwingsbirds.shop\/shop\/buy-toco-toucan-eggs-online\/\",\"url\":\"https:\/\/tropicalwingsbirds.shop\/shop\/buy-toco-toucan-eggs-online\/\",\"name\":\"Buy Toco Toucan Eggs Online - Tropical Wings Birds\",\"isPartOf\":{\"@id\":\"https:\/\/tropicalwingsbirds.shop\/#website\"},\"primaryImageOfPage\":{\"@id\":\"https:\/\/tropicalwingsbirds.shop\/shop\/buy-toco-toucan-eggs-online\/#primaryimage\"},\"image\":{\"@id\":\"https:\/\/tropicalwingsbirds.shop\/shop\/buy-toco-toucan-eggs-online\/#primaryimage\"},\"thumbnailUrl\":\"https:\/\/tropicalwingsbirds.shop\/wp-content\/uploads\/2023\/12\/111111222.jpg\",\"datePublished\":\"2023-12-07T14:11:38+00:00\",\"dateModified\":\"2023-12-07T14:13:54+00:00\",\"breadcrumb\":{\"@id\":\"https:\/\/tropicalwingsbirds.shop\/shop\/buy-toco-toucan-eggs-online\/#breadcrumb\"},\"inLanguage\":\"ca\",\"potentialAction\":[{\"@type\":\"ReadAction\",\"target\":[\"https:\/\/tropicalwingsbirds.shop\/shop\/buy-toco-toucan-eggs-online\/\"]}]},{\"@type\":\"ImageObject\",\"inLanguage\":\"ca\",\"@id\":\"https:\/\/tropicalwingsbirds.shop\/shop\/buy-toco-toucan-eggs-online\/#primaryimage\",\"url\":\"https:\/\/tropicalwingsbirds.shop\/wp-content\/uploads\/2023\/12\/111111222.jpg\",\"contentUrl\":\"https:\/\/tropicalwingsbirds.shop\/wp-content\/uploads\/2023\/12\/111111222.jpg\",\"width\":1350,\"height\":1080},{\"@type\":\"BreadcrumbList\",\"@id\":\"https:\/\/tropicalwingsbirds.shop\/shop\/buy-toco-toucan-eggs-online\/#breadcrumb\",\"itemListElement\":[{\"@type\":\"ListItem\",\"position\":1,\"name\":\"Home\",\"item\":\"https:\/\/tropicalwingsbirds.shop\/\"},{\"@type\":\"ListItem\",\"position\":2,\"name\":\"Shop\",\"item\":\"https:\/\/tropicalwingsbirds.shop\/shop\/\"},{\"@type\":\"ListItem\",\"position\":3,\"name\":\"Buy Toco Toucan Eggs Online\"}]},{\"@type\":\"WebSite\",\"@id\":\"https:\/\/tropicalwingsbirds.shop\/#website\",\"url\":\"https:\/\/tropicalwingsbirds.shop\/\",\"name\":\"Tropical Wings Birds\",\"description\":\"Best Exotic birds breeders online\",\"publisher\":{\"@id\":\"https:\/\/tropicalwingsbirds.shop\/#organization\"},\"potentialAction\":[{\"@type\":\"SearchAction\",\"target\":{\"@type\":\"EntryPoint\",\"urlTemplate\":\"https:\/\/tropicalwingsbirds.shop\/?s={search_term_string}\"},\"query-input\":{\"@type\":\"PropertyValueSpecification\",\"valueRequired\":true,\"valueName\":\"search_term_string\"}}],\"inLanguage\":\"ca\"},{\"@type\":[\"Organization\",\"Place\",\"PetStore\"],\"@id\":\"https:\/\/tropicalwingsbirds.shop\/#organization\",\"name\":\"Tropical Wings Birds Shop\",\"alternateName\":\"TPWB\",\"url\":\"https:\/\/tropicalwingsbirds.shop\/\",\"logo\":{\"@id\":\"https:\/\/tropicalwingsbirds.shop\/shop\/buy-toco-toucan-eggs-online\/#local-main-organization-logo\"},\"image\":{\"@id\":\"https:\/\/tropicalwingsbirds.shop\/shop\/buy-toco-toucan-eggs-online\/#local-main-organization-logo\"},\"sameAs\":[\"https:\/\/web.facebook.com\/profile.php?id=61551502767851&mibextid=2JQ9oc&_rdc=1&_rdr\"],\"description\":\"Tropical Wings Birds is your destination for exotic avian companionship. Our boutique aviary in United States offers a curated selection of vibrant tropical birds sourced from reputable breeders worldwide. With a focus on welfare and expertise, our dedicated team is here to guide you on your journey to finding the perfect feathered friend. Visit us today and experience the magic of avian companionship at Tropical Wings Birds.\",\"legalName\":\"Tropical Wings Birds\",\"foundingDate\":\"2019-02-14\",\"numberOfEmployees\":{\"@type\":\"QuantitativeValue\",\"minValue\":\"1\",\"maxValue\":\"10\"},\"address\":{\"@id\":\"https:\/\/tropicalwingsbirds.shop\/shop\/buy-toco-toucan-eggs-online\/#local-main-place-address\"},\"geo\":{\"@type\":\"GeoCoordinates\",\"latitude\":\"40.5976725\",\"longitude\":\"-122.3716346\"},\"telephone\":[\"+1 707-733-4623\",\"+1 707-733-4623\"],\"contactPoint\":{\"@type\":\"ContactPoint\",\"telephone\":\"+1 707-733-4623\",\"email\":\"sales@tropicalwingsbirds.shop\"},\"openingHoursSpecification\":{\"@type\":\"OpeningHoursSpecification\",\"dayOfWeek\":[\"Monday\",\"Tuesday\",\"Wednesday\",\"Thursday\",\"Friday\",\"Saturday\",\"Sunday\"],\"opens\":\"00:00\",\"closes\":\"23:59\"},\"email\":\"sales@tropicalwingsbirds.shop\",\"faxNumber\":\"+1 707-733-4623\",\"areaServed\":\"United states, Porto Rico, Canada, Australia\",\"priceRange\":\"$\",\"currenciesAccepted\":\"USD, CAD, AUD,\",\"paymentAccepted\":\"Zelle, Paypal, Bitcoin, Apple pay, Credit cards, Bank transfers\"},{\"@type\":\"PostalAddress\",\"@id\":\"https:\/\/tropicalwingsbirds.shop\/shop\/buy-toco-toucan-eggs-online\/#local-main-place-address\",\"streetAddress\":\"500 Hilltop Dr,\",\"addressLocality\":\"Redding\",\"postalCode\":\"96003\",\"addressRegion\":\"California\",\"addressCountry\":\"US\"},{\"@type\":\"ImageObject\",\"inLanguage\":\"ca\",\"@id\":\"https:\/\/tropicalwingsbirds.shop\/shop\/buy-toco-toucan-eggs-online\/#local-main-organization-logo\",\"url\":\"https:\/\/tropicalwingsbirds.shop\/wp-content\/uploads\/2024\/01\/tropical-wings-1.webp\",\"contentUrl\":\"https:\/\/tropicalwingsbirds.shop\/wp-content\/uploads\/2024\/01\/tropical-wings-1.webp\",\"width\":500,\"height\":500,\"caption\":\"Tropical Wings Birds Shop\"}]}<\/script>\n<meta property=\"product:price:currency\" content=\"USD\" \/>\n<meta property=\"og:availability\" content=\"instock\" \/>\n<meta property=\"product:availability\" content=\"instock\" \/>\n<meta property=\"product:condition\" content=\"new\" \/>\n<meta name=\"geo.placename\" content=\"Redding\" \/>\n<meta name=\"geo.position\" content=\"40.5976725;-122.3716346\" \/>\n<meta name=\"geo.region\" content=\"Estats Units (US)\" \/>\n<!-- \/ Yoast SEO Premium plugin. -->","yoast_head_json":{"title":"Buy Toco Toucan Eggs Online - Tropical Wings Birds","robots":{"index":"index","follow":"follow","max-snippet":"max-snippet:-1","max-image-preview":"max-image-preview:large","max-video-preview":"max-video-preview:-1"},"canonical":"https:\/\/tropicalwingsbirds.shop\/ca\/botiga\/buy-toco-toucan-eggs-online\/","og_locale":"ca_ES","og_type":"article","og_title":"Buy Toco Toucan Eggs Online","og_description":"Eggs, Measuring 63.5 cm (25 in.) in length, the toco is the largest of all toucans. Its black body and white throat are overshadow by its most recognizable trait: a large colorful beak. The bright orange beak is about 19 cm (8 in.) long \u2013 one third of the bird\u2019s total length. But despite its [&hellip;]","og_url":"https:\/\/tropicalwingsbirds.shop\/ca\/botiga\/buy-toco-toucan-eggs-online\/","og_site_name":"Tropical Wings Birds","article_publisher":"https:\/\/web.facebook.com\/profile.php?id=61551502767851&mibextid=2JQ9oc&_rdc=1&_rdr","article_modified_time":"2023-12-07T14:13:54+00:00","og_image":[{"width":1350,"height":1080,"url":"https:\/\/tropicalwingsbirds.shop\/wp-content\/uploads\/2023\/12\/111111222.jpg","type":"image\/jpeg"}],"twitter_card":"summary_large_image","twitter_misc":{"Preu":"","Disponibilitat":"En estoc"},"schema":{"@context":"https:\/\/schema.org","@graph":[{"@type":"WebPage","@id":"https:\/\/tropicalwingsbirds.shop\/shop\/buy-toco-toucan-eggs-online\/","url":"https:\/\/tropicalwingsbirds.shop\/shop\/buy-toco-toucan-eggs-online\/","name":"Buy Toco Toucan Eggs Online - Tropical Wings Birds","isPartOf":{"@id":"https:\/\/tropicalwingsbirds.shop\/#website"},"primaryImageOfPage":{"@id":"https:\/\/tropicalwingsbirds.shop\/shop\/buy-toco-toucan-eggs-online\/#primaryimage"},"image":{"@id":"https:\/\/tropicalwingsbirds.shop\/shop\/buy-toco-toucan-eggs-online\/#primaryimage"},"thumbnailUrl":"https:\/\/tropicalwingsbirds.shop\/wp-content\/uploads\/2023\/12\/111111222.jpg","datePublished":"2023-12-07T14:11:38+00:00","dateModified":"2023-12-07T14:13:54+00:00","breadcrumb":{"@id":"https:\/\/tropicalwingsbirds.shop\/shop\/buy-toco-toucan-eggs-online\/#breadcrumb"},"inLanguage":"ca","potentialAction":[{"@type":"ReadAction","target":["https:\/\/tropicalwingsbirds.shop\/shop\/buy-toco-toucan-eggs-online\/"]}]},{"@type":"ImageObject","inLanguage":"ca","@id":"https:\/\/tropicalwingsbirds.shop\/shop\/buy-toco-toucan-eggs-online\/#primaryimage","url":"https:\/\/tropicalwingsbirds.shop\/wp-content\/uploads\/2023\/12\/111111222.jpg","contentUrl":"https:\/\/tropicalwingsbirds.shop\/wp-content\/uploads\/2023\/12\/111111222.jpg","width":1350,"height":1080},{"@type":"BreadcrumbList","@id":"https:\/\/tropicalwingsbirds.shop\/shop\/buy-toco-toucan-eggs-online\/#breadcrumb","itemListElement":[{"@type":"ListItem","position":1,"name":"Home","item":"https:\/\/tropicalwingsbirds.shop\/"},{"@type":"ListItem","position":2,"name":"Shop","item":"https:\/\/tropicalwingsbirds.shop\/shop\/"},{"@type":"ListItem","position":3,"name":"Buy Toco Toucan Eggs Online"}]},{"@type":"WebSite","@id":"https:\/\/tropicalwingsbirds.shop\/#website","url":"https:\/\/tropicalwingsbirds.shop\/","name":"Ales tropicals d&#039;ocells","description":"Els millors criadors d&#039;aus ex\u00f2tiques en l\u00ednia","publisher":{"@id":"https:\/\/tropicalwingsbirds.shop\/#organization"},"potentialAction":[{"@type":"SearchAction","target":{"@type":"EntryPoint","urlTemplate":"https:\/\/tropicalwingsbirds.shop\/?s={search_term_string}"},"query-input":{"@type":"PropertyValueSpecification","valueRequired":true,"valueName":"search_term_string"}}],"inLanguage":"ca"},{"@type":["Organization","Place","PetStore"],"@id":"https:\/\/tropicalwingsbirds.shop\/#organization","name":"Tropical Wings Birds Shop","alternateName":"TPWB","url":"https:\/\/tropicalwingsbirds.shop\/","logo":{"@id":"https:\/\/tropicalwingsbirds.shop\/shop\/buy-toco-toucan-eggs-online\/#local-main-organization-logo"},"image":{"@id":"https:\/\/tropicalwingsbirds.shop\/shop\/buy-toco-toucan-eggs-online\/#local-main-organization-logo"},"sameAs":["https:\/\/web.facebook.com\/profile.php?id=61551502767851&mibextid=2JQ9oc&_rdc=1&_rdr"],"description":"Tropical Wings Birds \u00e9s la vostra destinaci\u00f3 per a la companyia d&#039;aus ex\u00f2tiques. El nostre aviari boutique als Estats Units ofereix una selecci\u00f3 curada d&#039;aus tropicals vibrants procedents de criadors de renom a tot el m\u00f3n. Amb un enfocament en el benestar i l&#039;experi\u00e8ncia, el nostre equip dedicat est\u00e0 aqu\u00ed per guiar-vos en el vostre viatge per trobar l&#039;amic amb plomes perfecte. Visiteu-nos avui mateix i experimenteu la m\u00e0gia de la companyia aviar a Tropical Wings Birds.","legalName":"Tropical Wings Birds","foundingDate":"2019-02-14","numberOfEmployees":{"@type":"QuantitativeValue","minValue":"1","maxValue":"10"},"address":{"@id":"https:\/\/tropicalwingsbirds.shop\/shop\/buy-toco-toucan-eggs-online\/#local-main-place-address"},"geo":{"@type":"GeoCoordinates","latitude":"40.5976725","longitude":"-122.3716346"},"telephone":["+1 707-733-4623","+1 707-733-4623"],"contactPoint":{"@type":"ContactPoint","telephone":"+1 707-733-4623","email":"sales@tropicalwingsbirds.shop"},"openingHoursSpecification":{"@type":"OpeningHoursSpecification","dayOfWeek":["Monday","Tuesday","Wednesday","Thursday","Friday","Saturday","Sunday"],"opens":"00:00","closes":"23:59"},"email":"sales@tropicalwingsbirds.shop","faxNumber":"+1 707-733-4623","areaServed":"United states, Porto Rico, Canada, Australia","priceRange":"$","currenciesAccepted":"USD, CAD, AUD,","paymentAccepted":"Zelle, Paypal, Bitcoin, Apple pay, Credit cards, Bank transfers"},{"@type":"PostalAddress","@id":"https:\/\/tropicalwingsbirds.shop\/shop\/buy-toco-toucan-eggs-online\/#local-main-place-address","streetAddress":"500 Hilltop Dr,","addressLocality":"Redding","postalCode":"96003","addressRegion":"California","addressCountry":"US"},{"@type":"ImageObject","inLanguage":"ca","@id":"https:\/\/tropicalwingsbirds.shop\/shop\/buy-toco-toucan-eggs-online\/#local-main-organization-logo","url":"https:\/\/tropicalwingsbirds.shop\/wp-content\/uploads\/2024\/01\/tropical-wings-1.webp","contentUrl":"https:\/\/tropicalwingsbirds.shop\/wp-content\/uploads\/2024\/01\/tropical-wings-1.webp","width":500,"height":500,"caption":"Tropical Wings Birds Shop"}]},"product_price_currency":"USD","og_availability":"instock","product_availability":"instock","product_condition":"new","geo.placename":"Redding","geo.position":{"lat":"40.5976725","long":"-122.3716346"},"geo.region":"Estats Units (US)"},"_links":{"self":[{"href":"https:\/\/tropicalwingsbirds.shop\/ca\/wp-json\/wp\/v2\/product\/1438","targetHints":{"allow":["GET"]}}],"collection":[{"href":"https:\/\/tropicalwingsbirds.shop\/ca\/wp-json\/wp\/v2\/product"}],"about":[{"href":"https:\/\/tropicalwingsbirds.shop\/ca\/wp-json\/wp\/v2\/types\/product"}],"replies":[{"embeddable":true,"href":"https:\/\/tropicalwingsbirds.shop\/ca\/wp-json\/wp\/v2\/comments?post=1438"}],"wp:featuredmedia":[{"embeddable":true,"href":"https:\/\/tropicalwingsbirds.shop\/ca\/wp-json\/wp\/v2\/media\/1483"}],"wp:attachment":[{"href":"https:\/\/tropicalwingsbirds.shop\/ca\/wp-json\/wp\/v2\/media?parent=1438"}],"wp:term":[{"taxonomy":"product_brand","embeddable":true,"href":"https:\/\/tropicalwingsbirds.shop\/ca\/wp-json\/wp\/v2\/product_brand?post=1438"},{"taxonomy":"product_cat","embeddable":true,"href":"https:\/\/tropicalwingsbirds.shop\/ca\/wp-json\/wp\/v2\/product_cat?post=1438"},{"taxonomy":"product_tag","embeddable":true,"href":"https:\/\/tropicalwingsbirds.shop\/ca\/wp-json\/wp\/v2\/product_tag?post=1438"}],"curies":[{"name":"wp","href":"https:\/\/api.w.org\/{rel}","templated":true}]}}