{"id":1536,"date":"2023-12-07T14:16:25","date_gmt":"2023-12-07T14:16:25","guid":{"rendered":"https:\/\/tropicalwingsbirds.shop\/?post_type=product&#038;p=1536"},"modified":"2023-12-07T14:17:36","modified_gmt":"2023-12-07T14:17:36","slug":"buy-canaries-parrot-eggs-for-sale-online","status":"publish","type":"product","link":"https:\/\/tropicalwingsbirds.shop\/ca\/botiga\/buy-canaries-parrot-eggs-for-sale-online\/","title":{"rendered":"Compra ous de lloro canaris en venda en l\u00ednia"},"content":{"rendered":"<p>En venda, aus i ous per incubar, incubadores de corral usades. Canaris frescos d&#039;alta qualitat i ous f\u00e8rtils per incubar en venda a parrotsfarmworld.com. Compreu ous de canari en venda, compreu ous de canari en venda en l\u00ednia.<\/p>\n<p id=\"mntl-sc-block_1-0-4\" class=\"comp text-passage u-how-to-title-align mntl-sc-block lifestyle-sc-block-html mntl-sc-block-html\">El canari salvatge \u00e9s un petit pins\u00e0 originari de les illes macaron\u00e8sies de les A\u00e7ores, Madeira i les Illes Can\u00e0ries. Criat en captivitat des del segle XVII, l&#039;ocell va arribar a Europa a trav\u00e9s de mariners espanyols despr\u00e9s de la conquesta de les illes macaron\u00e8sies. Els canaris que es venen a les botigues d&#039;animals ara s\u00f3n gen\u00e8ticament for\u00e7a diferents dels seus avantpassats canaris salvatges.<\/p>\n<p id=\"mntl-sc-block_1-0-6\" class=\"comp text-passage u-how-to-title-align mntl-sc-block lifestyle-sc-block-html mntl-sc-block-html\">Els canaris es reprodueixen f\u00e0cilment amb altres esp\u00e8cies de pinsans. Aquesta hibridaci\u00f3 produeix canaris \u00fanics. Per exemple, els canaris vermells van ser el resultat de la cria de canaris dom\u00e8stics amb siskins vermells, un pins\u00e0 sud-americ\u00e0.<\/p>\n<ul>\n<li><strong>NOMS COMUNS:\u00a0<\/strong>Canari, canari dom\u00e8stic<\/li>\n<li><strong>NOM CIENT\u00cdFIC:\u00a0<\/strong><em>Serinus canaria<\/em>\u00a0<em>dom\u00e8stica<\/em><\/li>\n<li><strong>MIDA D&#039;ADULT:\u00a0<\/strong>De 4 3\/4 a 8 polzades, amb un pes inferior a 1 un\u00e7a<\/li>\n<li><strong>ESPERAN\u00c7A DE VIDA:<\/strong>\u00a0de 5 a 15 anys<\/li>\n<\/ul>","protected":false},"excerpt":{"rendered":"<p>For Sale birds and\u00a0hatching eggs\u00a0used poultry incubators for sale. High-quality fresh canary birds and fertile hatching eggs for sale from parrotsfarmworld.com. buy\u00a0canaries eggs for sale, buy\u00a0canaries eggs for sale online. The wild canary is a small finch that is native to the Macaronesian islands of the Azores, Madeira, and the Canary Islands. Bred in captivity [&hellip;]<\/p>","protected":false},"featured_media":1541,"comment_status":"closed","ping_status":"closed","template":"","meta":{"site-sidebar-layout":"default","site-content-layout":"","ast-site-content-layout":"default","site-content-style":"default","site-sidebar-style":"default","ast-global-header-display":"","ast-banner-title-visibility":"","ast-main-header-display":"","ast-hfb-above-header-display":"","ast-hfb-below-header-display":"","ast-hfb-mobile-header-display":"","site-post-title":"","ast-breadcrumbs-content":"","ast-featured-img":"","footer-sml-layout":"","theme-transparent-header-meta":"","adv-header-id-meta":"","stick-header-meta":"","header-above-stick-meta":"","header-main-stick-meta":"","header-below-stick-meta":"","astra-migrate-meta-layouts":"default","ast-page-background-enabled":"default","ast-page-background-meta":{"desktop":{"background-color":"var(--ast-global-color-4)","background-image":"","background-repeat":"repeat","background-position":"center center","background-size":"auto","background-attachment":"scroll","background-type":"","background-media":"","overlay-type":"","overlay-color":"","overlay-opacity":"","overlay-gradient":""},"tablet":{"background-color":"","background-image":"","background-repeat":"repeat","background-position":"center center","background-size":"auto","background-attachment":"scroll","background-type":"","background-media":"","overlay-type":"","overlay-color":"","overlay-opacity":"","overlay-gradient":""},"mobile":{"background-color":"","background-image":"","background-repeat":"repeat","background-position":"center center","background-size":"auto","background-attachment":"scroll","background-type":"","background-media":"","overlay-type":"","overlay-color":"","overlay-opacity":"","overlay-gradient":""}},"ast-content-background-meta":{"desktop":{"background-color":"var(--ast-global-color-5)","background-image":"","background-repeat":"repeat","background-position":"center center","background-size":"auto","background-attachment":"scroll","background-type":"","background-media":"","overlay-type":"","overlay-color":"","overlay-opacity":"","overlay-gradient":""},"tablet":{"background-color":"var(--ast-global-color-5)","background-image":"","background-repeat":"repeat","background-position":"center center","background-size":"auto","background-attachment":"scroll","background-type":"","background-media":"","overlay-type":"","overlay-color":"","overlay-opacity":"","overlay-gradient":""},"mobile":{"background-color":"var(--ast-global-color-5)","background-image":"","background-repeat":"repeat","background-position":"center center","background-size":"auto","background-attachment":"scroll","background-type":"","background-media":"","overlay-type":"","overlay-color":"","overlay-opacity":"","overlay-gradient":""}}},"product_brand":[],"product_cat":[486],"product_tag":[1413,1414,1254,1415,1416,1417,1418,1419,1420,1421,1422,1423,1424,1425,1426,1427,1428,1429,1430,1431,1432,1433,1434,1435,1436,1437,1438,1439,1440,1441,1442,1443,1444,1445,1446,1447,1448,1449,1450,1451,1452,1453,1454,1455,1456,1457,1458,1459,1460,1461,1462,1463,1464,1465,1466,1467,1468,1469,1470,1471,1472,1473,1474,1475,1476,1477,1478,1479,1480,1481,1482,1483,1484,1485,1486,1487,1488,1489,1490,1491,1492,1493,1494,1495,732,1496,1497,1498,1499,1500,1310,1501,739,1502,1503,1504,1505,1506,1507],"class_list":{"0":"post-1536","1":"product","2":"type-product","3":"status-publish","4":"has-post-thumbnail","6":"product_cat-fertile-parrot-eggs","7":"product_tag-american-singer-canary-parrot-eggs-for-sale","8":"product_tag-are-canaries-parrots","9":"product_tag-are-eggs-safe-for-parrots","10":"product_tag-australian-plainhead-canary-parrot-eggs-for-sale","11":"product_tag-belgian-fancy-canary-parrot-eggs-for-sale","12":"product_tag-border-fancy-canary-parrot-eggs-for-sale","13":"product_tag-can-canaries-eat-egg-shells","14":"product_tag-can-canaries-eat-egg-yolk","15":"product_tag-can-canaries-eat-eggs","16":"product_tag-canaries-eggs","17":"product_tag-canaries-eggs-how-long-hatch","18":"product_tag-canaries-parrot-eggs-amazon","19":"product_tag-canaries-parrot-eggs-and-birds-review","20":"product_tag-canaries-parrot-eggs-and-chickens","21":"product_tag-canaries-parrot-eggs-and-eggs","22":"product_tag-canaries-parrot-eggs-and-meat","23":"product_tag-canaries-parrot-eggs-at-home","24":"product_tag-canaries-parrot-eggs-avian-farm","25":"product_tag-canaries-parrot-eggs-bad-for-you","26":"product_tag-canaries-parrot-eggs-benedict","27":"product_tag-canaries-parrot-eggs-benedict-recipe","28":"product_tag-canaries-parrot-eggs-blue","29":"product_tag-canaries-parrot-eggs-bulk","30":"product_tag-canaries-parrot-eggs-buy","31":"product_tag-canaries-parrot-eggs-buy-online","32":"product_tag-canaries-parrot-eggs-cafe","33":"product_tag-canaries-parrot-eggs-calories","34":"product_tag-canaries-parrot-eggs-can","35":"product_tag-canaries-parrot-eggs-chart","36":"product_tag-canaries-parrot-eggs-chicken","37":"product_tag-canaries-parrot-eggs-chicken-for-sale","38":"product_tag-canaries-parrot-eggs-cost","39":"product_tag-canaries-parrot-eggs-daily","40":"product_tag-canaries-parrot-eggs-dairy","41":"product_tag-canaries-parrot-eggs-delivery","42":"product_tag-canaries-parrot-eggs-diet","43":"product_tag-canaries-parrot-eggs-does-a-woman-have","44":"product_tag-canaries-parrot-eggs-eat","45":"product_tag-canaries-parrot-eggs-ebay","46":"product_tag-canaries-parrot-eggs-edible","47":"product_tag-canaries-parrot-eggs-edible-after-expiration-date","48":"product_tag-canaries-parrot-eggs-eggs","49":"product_tag-canaries-parrot-eggs-for-sale","50":"product_tag-canaries-parrot-eggs-genetics","51":"product_tag-canaries-parrot-eggs-go-bad","52":"product_tag-canaries-parrot-eggs-good-for","53":"product_tag-canaries-parrot-eggs-good-for-sale","54":"product_tag-canaries-parrot-eggs-good-or-bad","55":"product_tag-canaries-parrot-eggs-growth","56":"product_tag-canaries-parrot-eggs-growth-chart","57":"product_tag-canaries-parrot-eggs-hatching","58":"product_tag-canaries-parrot-eggs-hatching-time","59":"product_tag-canaries-parrot-eggs-how","60":"product_tag-canaries-parrot-eggs-how-long","61":"product_tag-canaries-parrot-eggs-in-usa","62":"product_tag-canaries-parrot-eggs-inc","63":"product_tag-canaries-parrot-eggs-information","64":"product_tag-canaries-parrot-eggs-information-facts","65":"product_tag-canary-bird-eggs-for-sale","66":"product_tag-canary-eggs-fertile","67":"product_tag-canary-eggs-hatching","68":"product_tag-canary-parrot-eggs-abandon","69":"product_tag-canary-parrot-eggs-after","70":"product_tag-canary-parrot-eggs-after-21-days","71":"product_tag-canary-parrot-eggs-bird","72":"product_tag-canary-parrot-eggs-breaking","73":"product_tag-canary-parrot-eggs-breeding","74":"product_tag-canary-parrot-eggs-characteristics","75":"product_tag-canary-parrot-eggs-check","76":"product_tag-canary-parrot-eggs-clear","77":"product_tag-canary-parrot-eggs-days","78":"product_tag-canary-parrot-eggs-didnt-hatch","79":"product_tag-canary-parrot-eggs-difference","80":"product_tag-canary-parrot-eggs-dont-hatch","81":"product_tag-canary-parrot-eggs-get-fertilized","82":"product_tag-canary-parrot-eggs-hatch-days","83":"product_tag-canary-parrot-eggs-hatching-after-21-days","84":"product_tag-canary-parrot-eggs-hatching-period","85":"product_tag-crested-canary-parrot-eggs-for-sale","86":"product_tag-do-canaries-eat-their-babies","87":"product_tag-do-canaries-eat-their-own-eggs","88":"product_tag-do-canaries-lay-unfertilized-eggs","89":"product_tag-do-female-canaries-lay-eggs-without-a-male","90":"product_tag-eating-parrot-eggs","91":"product_tag-eggs-for-parrots","92":"product_tag-fife-fancy-canary-parrot-eggs-for-sale","93":"product_tag-gloster-canary-parrot-eggs-for-sale","94":"product_tag-harlequin-portuguese-canary-parrot-eggs-for-sale","95":"product_tag-harz-roller-canary-parrot-eggs-for-sale","96":"product_tag-how-can-you-tell-if-a-canary-egg-is-fertile","97":"product_tag-how-long-do-parrots-eggs-take-to-hatch","98":"product_tag-how-many-eggs-can-a-parrot-lay","99":"product_tag-how-often-can-parrots-eat-eggs","100":"product_tag-lizard-canary-parrot-eggs-for-sale","101":"product_tag-parrot-eggs-fertile","102":"product_tag-red-factor-canary-parrot-eggs-for-sale","103":"product_tag-rilled-canary-parrot-eggs-for-sale","104":"product_tag-spanish-timbrado-canary-parrot-eggs-for-sale","105":"product_tag-when-canary-eggs-hatch","106":"desktop-align-left","107":"tablet-align-left","108":"mobile-align-left","109":"ast-product-gallery-layout-horizontal-slider","110":"ast-product-gallery-with-no-image","111":"ast-product-single-variable","112":"ast-product-tabs-layout-horizontal","113":"ast-qv-on-image","115":"first","116":"instock","117":"shipping-taxable","118":"product-type-variable"},"yoast_head":"<!-- This site is optimized with the Yoast SEO Premium plugin v23.2 (Yoast SEO v26.8) - https:\/\/yoast.com\/product\/yoast-seo-premium-wordpress\/ -->\n<title>Buy Canaries Parrot Eggs For Sale Online - Tropical Wings Birds<\/title>\n<meta name=\"robots\" content=\"index, follow, max-snippet:-1, max-image-preview:large, max-video-preview:-1\" \/>\n<link rel=\"canonical\" href=\"https:\/\/tropicalwingsbirds.shop\/ca\/botiga\/buy-canaries-parrot-eggs-for-sale-online\/\" \/>\n<meta property=\"og:locale\" content=\"ca_ES\" \/>\n<meta property=\"og:type\" content=\"article\" \/>\n<meta property=\"og:title\" content=\"Buy Canaries Parrot Eggs For Sale Online\" \/>\n<meta property=\"og:description\" content=\"For Sale birds and\u00a0hatching eggs\u00a0used poultry incubators for sale. High-quality fresh canary birds and fertile hatching eggs for sale from parrotsfarmworld.com. buy\u00a0canaries eggs for sale, buy\u00a0canaries eggs for sale online. The wild canary is a small finch that is native to the Macaronesian islands of the Azores, Madeira, and the Canary Islands. Bred in captivity [&hellip;]\" \/>\n<meta property=\"og:url\" content=\"https:\/\/tropicalwingsbirds.shop\/ca\/botiga\/buy-canaries-parrot-eggs-for-sale-online\/\" \/>\n<meta property=\"og:site_name\" content=\"Tropical Wings Birds\" \/>\n<meta property=\"article:publisher\" content=\"https:\/\/web.facebook.com\/profile.php?id=61551502767851&amp;mibextid=2JQ9oc&amp;_rdc=1&amp;_rdr\" \/>\n<meta property=\"article:modified_time\" content=\"2023-12-07T14:17:36+00:00\" \/>\n<meta property=\"og:image\" content=\"https:\/\/tropicalwingsbirds.shop\/wp-content\/uploads\/2023\/12\/e10.jpg\" \/>\n\t<meta property=\"og:image:width\" content=\"1025\" \/>\n\t<meta property=\"og:image:height\" content=\"1025\" \/>\n\t<meta property=\"og:image:type\" content=\"image\/jpeg\" \/>\n<meta name=\"twitter:card\" content=\"summary_large_image\" \/>\n<meta name=\"twitter:label1\" content=\"Disponibilitat\" \/>\n\t<meta name=\"twitter:data1\" content=\"En estoc\" \/>\n<script type=\"application\/ld+json\" class=\"yoast-schema-graph\">{\"@context\":\"https:\/\/schema.org\",\"@graph\":[{\"@type\":\"WebPage\",\"@id\":\"https:\/\/tropicalwingsbirds.shop\/shop\/buy-canaries-parrot-eggs-for-sale-online\/\",\"url\":\"https:\/\/tropicalwingsbirds.shop\/shop\/buy-canaries-parrot-eggs-for-sale-online\/\",\"name\":\"Buy Canaries Parrot Eggs For Sale Online - Tropical Wings Birds\",\"isPartOf\":{\"@id\":\"https:\/\/tropicalwingsbirds.shop\/#website\"},\"primaryImageOfPage\":{\"@id\":\"https:\/\/tropicalwingsbirds.shop\/shop\/buy-canaries-parrot-eggs-for-sale-online\/#primaryimage\"},\"image\":{\"@id\":\"https:\/\/tropicalwingsbirds.shop\/shop\/buy-canaries-parrot-eggs-for-sale-online\/#primaryimage\"},\"thumbnailUrl\":\"https:\/\/tropicalwingsbirds.shop\/wp-content\/uploads\/2023\/12\/e10.jpg\",\"datePublished\":\"2023-12-07T14:16:25+00:00\",\"dateModified\":\"2023-12-07T14:17:36+00:00\",\"breadcrumb\":{\"@id\":\"https:\/\/tropicalwingsbirds.shop\/shop\/buy-canaries-parrot-eggs-for-sale-online\/#breadcrumb\"},\"inLanguage\":\"ca\",\"potentialAction\":[{\"@type\":\"ReadAction\",\"target\":[\"https:\/\/tropicalwingsbirds.shop\/shop\/buy-canaries-parrot-eggs-for-sale-online\/\"]}]},{\"@type\":\"ImageObject\",\"inLanguage\":\"ca\",\"@id\":\"https:\/\/tropicalwingsbirds.shop\/shop\/buy-canaries-parrot-eggs-for-sale-online\/#primaryimage\",\"url\":\"https:\/\/tropicalwingsbirds.shop\/wp-content\/uploads\/2023\/12\/e10.jpg\",\"contentUrl\":\"https:\/\/tropicalwingsbirds.shop\/wp-content\/uploads\/2023\/12\/e10.jpg\",\"width\":1025,\"height\":1025},{\"@type\":\"BreadcrumbList\",\"@id\":\"https:\/\/tropicalwingsbirds.shop\/shop\/buy-canaries-parrot-eggs-for-sale-online\/#breadcrumb\",\"itemListElement\":[{\"@type\":\"ListItem\",\"position\":1,\"name\":\"Home\",\"item\":\"https:\/\/tropicalwingsbirds.shop\/\"},{\"@type\":\"ListItem\",\"position\":2,\"name\":\"Shop\",\"item\":\"https:\/\/tropicalwingsbirds.shop\/shop\/\"},{\"@type\":\"ListItem\",\"position\":3,\"name\":\"Buy Canaries Parrot Eggs For Sale Online\"}]},{\"@type\":\"WebSite\",\"@id\":\"https:\/\/tropicalwingsbirds.shop\/#website\",\"url\":\"https:\/\/tropicalwingsbirds.shop\/\",\"name\":\"Tropical Wings Birds\",\"description\":\"Best Exotic birds breeders online\",\"publisher\":{\"@id\":\"https:\/\/tropicalwingsbirds.shop\/#organization\"},\"potentialAction\":[{\"@type\":\"SearchAction\",\"target\":{\"@type\":\"EntryPoint\",\"urlTemplate\":\"https:\/\/tropicalwingsbirds.shop\/?s={search_term_string}\"},\"query-input\":{\"@type\":\"PropertyValueSpecification\",\"valueRequired\":true,\"valueName\":\"search_term_string\"}}],\"inLanguage\":\"ca\"},{\"@type\":[\"Organization\",\"Place\",\"PetStore\"],\"@id\":\"https:\/\/tropicalwingsbirds.shop\/#organization\",\"name\":\"Tropical Wings Birds Shop\",\"alternateName\":\"TPWB\",\"url\":\"https:\/\/tropicalwingsbirds.shop\/\",\"logo\":{\"@id\":\"https:\/\/tropicalwingsbirds.shop\/shop\/buy-canaries-parrot-eggs-for-sale-online\/#local-main-organization-logo\"},\"image\":{\"@id\":\"https:\/\/tropicalwingsbirds.shop\/shop\/buy-canaries-parrot-eggs-for-sale-online\/#local-main-organization-logo\"},\"sameAs\":[\"https:\/\/web.facebook.com\/profile.php?id=61551502767851&mibextid=2JQ9oc&_rdc=1&_rdr\"],\"description\":\"Tropical Wings Birds is your destination for exotic avian companionship. Our boutique aviary in United States offers a curated selection of vibrant tropical birds sourced from reputable breeders worldwide. With a focus on welfare and expertise, our dedicated team is here to guide you on your journey to finding the perfect feathered friend. Visit us today and experience the magic of avian companionship at Tropical Wings Birds.\",\"legalName\":\"Tropical Wings Birds\",\"foundingDate\":\"2019-02-14\",\"numberOfEmployees\":{\"@type\":\"QuantitativeValue\",\"minValue\":\"1\",\"maxValue\":\"10\"},\"address\":{\"@id\":\"https:\/\/tropicalwingsbirds.shop\/shop\/buy-canaries-parrot-eggs-for-sale-online\/#local-main-place-address\"},\"geo\":{\"@type\":\"GeoCoordinates\",\"latitude\":\"40.5976725\",\"longitude\":\"-122.3716346\"},\"telephone\":[\"+1 707-733-4623\",\"+1 707-733-4623\"],\"contactPoint\":{\"@type\":\"ContactPoint\",\"telephone\":\"+1 707-733-4623\",\"email\":\"sales@tropicalwingsbirds.shop\"},\"openingHoursSpecification\":{\"@type\":\"OpeningHoursSpecification\",\"dayOfWeek\":[\"Monday\",\"Tuesday\",\"Wednesday\",\"Thursday\",\"Friday\",\"Saturday\",\"Sunday\"],\"opens\":\"00:00\",\"closes\":\"23:59\"},\"email\":\"sales@tropicalwingsbirds.shop\",\"faxNumber\":\"+1 707-733-4623\",\"areaServed\":\"United states, Porto Rico, Canada, Australia\",\"priceRange\":\"$\",\"currenciesAccepted\":\"USD, CAD, AUD,\",\"paymentAccepted\":\"Zelle, Paypal, Bitcoin, Apple pay, Credit cards, Bank transfers\"},{\"@type\":\"PostalAddress\",\"@id\":\"https:\/\/tropicalwingsbirds.shop\/shop\/buy-canaries-parrot-eggs-for-sale-online\/#local-main-place-address\",\"streetAddress\":\"500 Hilltop Dr,\",\"addressLocality\":\"Redding\",\"postalCode\":\"96003\",\"addressRegion\":\"California\",\"addressCountry\":\"US\"},{\"@type\":\"ImageObject\",\"inLanguage\":\"ca\",\"@id\":\"https:\/\/tropicalwingsbirds.shop\/shop\/buy-canaries-parrot-eggs-for-sale-online\/#local-main-organization-logo\",\"url\":\"https:\/\/tropicalwingsbirds.shop\/wp-content\/uploads\/2024\/01\/tropical-wings-1.webp\",\"contentUrl\":\"https:\/\/tropicalwingsbirds.shop\/wp-content\/uploads\/2024\/01\/tropical-wings-1.webp\",\"width\":500,\"height\":500,\"caption\":\"Tropical Wings Birds Shop\"}]}<\/script>\n<meta property=\"og:availability\" content=\"instock\" \/>\n<meta property=\"product:availability\" content=\"instock\" \/>\n<meta property=\"product:condition\" content=\"new\" \/>\n<meta name=\"geo.placename\" content=\"Redding\" \/>\n<meta name=\"geo.position\" content=\"40.5976725;-122.3716346\" \/>\n<meta name=\"geo.region\" content=\"Estats Units (US)\" \/>\n<!-- \/ Yoast SEO Premium plugin. -->","yoast_head_json":{"title":"Buy Canaries Parrot Eggs For Sale Online - Tropical Wings Birds","robots":{"index":"index","follow":"follow","max-snippet":"max-snippet:-1","max-image-preview":"max-image-preview:large","max-video-preview":"max-video-preview:-1"},"canonical":"https:\/\/tropicalwingsbirds.shop\/ca\/botiga\/buy-canaries-parrot-eggs-for-sale-online\/","og_locale":"ca_ES","og_type":"article","og_title":"Buy Canaries Parrot Eggs For Sale Online","og_description":"For Sale birds and\u00a0hatching eggs\u00a0used poultry incubators for sale. High-quality fresh canary birds and fertile hatching eggs for sale from parrotsfarmworld.com. buy\u00a0canaries eggs for sale, buy\u00a0canaries eggs for sale online. The wild canary is a small finch that is native to the Macaronesian islands of the Azores, Madeira, and the Canary Islands. Bred in captivity [&hellip;]","og_url":"https:\/\/tropicalwingsbirds.shop\/ca\/botiga\/buy-canaries-parrot-eggs-for-sale-online\/","og_site_name":"Tropical Wings Birds","article_publisher":"https:\/\/web.facebook.com\/profile.php?id=61551502767851&mibextid=2JQ9oc&_rdc=1&_rdr","article_modified_time":"2023-12-07T14:17:36+00:00","og_image":[{"width":1025,"height":1025,"url":"https:\/\/tropicalwingsbirds.shop\/wp-content\/uploads\/2023\/12\/e10.jpg","type":"image\/jpeg"}],"twitter_card":"summary_large_image","twitter_misc":{"Disponibilitat":"En estoc"},"schema":{"@context":"https:\/\/schema.org","@graph":[{"@type":"WebPage","@id":"https:\/\/tropicalwingsbirds.shop\/shop\/buy-canaries-parrot-eggs-for-sale-online\/","url":"https:\/\/tropicalwingsbirds.shop\/shop\/buy-canaries-parrot-eggs-for-sale-online\/","name":"Buy Canaries Parrot Eggs For Sale Online - Tropical Wings Birds","isPartOf":{"@id":"https:\/\/tropicalwingsbirds.shop\/#website"},"primaryImageOfPage":{"@id":"https:\/\/tropicalwingsbirds.shop\/shop\/buy-canaries-parrot-eggs-for-sale-online\/#primaryimage"},"image":{"@id":"https:\/\/tropicalwingsbirds.shop\/shop\/buy-canaries-parrot-eggs-for-sale-online\/#primaryimage"},"thumbnailUrl":"https:\/\/tropicalwingsbirds.shop\/wp-content\/uploads\/2023\/12\/e10.jpg","datePublished":"2023-12-07T14:16:25+00:00","dateModified":"2023-12-07T14:17:36+00:00","breadcrumb":{"@id":"https:\/\/tropicalwingsbirds.shop\/shop\/buy-canaries-parrot-eggs-for-sale-online\/#breadcrumb"},"inLanguage":"ca","potentialAction":[{"@type":"ReadAction","target":["https:\/\/tropicalwingsbirds.shop\/shop\/buy-canaries-parrot-eggs-for-sale-online\/"]}]},{"@type":"ImageObject","inLanguage":"ca","@id":"https:\/\/tropicalwingsbirds.shop\/shop\/buy-canaries-parrot-eggs-for-sale-online\/#primaryimage","url":"https:\/\/tropicalwingsbirds.shop\/wp-content\/uploads\/2023\/12\/e10.jpg","contentUrl":"https:\/\/tropicalwingsbirds.shop\/wp-content\/uploads\/2023\/12\/e10.jpg","width":1025,"height":1025},{"@type":"BreadcrumbList","@id":"https:\/\/tropicalwingsbirds.shop\/shop\/buy-canaries-parrot-eggs-for-sale-online\/#breadcrumb","itemListElement":[{"@type":"ListItem","position":1,"name":"Home","item":"https:\/\/tropicalwingsbirds.shop\/"},{"@type":"ListItem","position":2,"name":"Shop","item":"https:\/\/tropicalwingsbirds.shop\/shop\/"},{"@type":"ListItem","position":3,"name":"Buy Canaries Parrot Eggs For Sale Online"}]},{"@type":"WebSite","@id":"https:\/\/tropicalwingsbirds.shop\/#website","url":"https:\/\/tropicalwingsbirds.shop\/","name":"Ales tropicals d&#039;ocells","description":"Els millors criadors d&#039;aus ex\u00f2tiques en l\u00ednia","publisher":{"@id":"https:\/\/tropicalwingsbirds.shop\/#organization"},"potentialAction":[{"@type":"SearchAction","target":{"@type":"EntryPoint","urlTemplate":"https:\/\/tropicalwingsbirds.shop\/?s={search_term_string}"},"query-input":{"@type":"PropertyValueSpecification","valueRequired":true,"valueName":"search_term_string"}}],"inLanguage":"ca"},{"@type":["Organization","Place","PetStore"],"@id":"https:\/\/tropicalwingsbirds.shop\/#organization","name":"Tropical Wings Birds Shop","alternateName":"TPWB","url":"https:\/\/tropicalwingsbirds.shop\/","logo":{"@id":"https:\/\/tropicalwingsbirds.shop\/shop\/buy-canaries-parrot-eggs-for-sale-online\/#local-main-organization-logo"},"image":{"@id":"https:\/\/tropicalwingsbirds.shop\/shop\/buy-canaries-parrot-eggs-for-sale-online\/#local-main-organization-logo"},"sameAs":["https:\/\/web.facebook.com\/profile.php?id=61551502767851&mibextid=2JQ9oc&_rdc=1&_rdr"],"description":"Tropical Wings Birds \u00e9s la vostra destinaci\u00f3 per a la companyia d&#039;aus ex\u00f2tiques. El nostre aviari boutique als Estats Units ofereix una selecci\u00f3 curada d&#039;aus tropicals vibrants procedents de criadors de renom a tot el m\u00f3n. Amb un enfocament en el benestar i l&#039;experi\u00e8ncia, el nostre equip dedicat est\u00e0 aqu\u00ed per guiar-vos en el vostre viatge per trobar l&#039;amic amb plomes perfecte. Visiteu-nos avui mateix i experimenteu la m\u00e0gia de la companyia aviar a Tropical Wings Birds.","legalName":"Tropical Wings Birds","foundingDate":"2019-02-14","numberOfEmployees":{"@type":"QuantitativeValue","minValue":"1","maxValue":"10"},"address":{"@id":"https:\/\/tropicalwingsbirds.shop\/shop\/buy-canaries-parrot-eggs-for-sale-online\/#local-main-place-address"},"geo":{"@type":"GeoCoordinates","latitude":"40.5976725","longitude":"-122.3716346"},"telephone":["+1 707-733-4623","+1 707-733-4623"],"contactPoint":{"@type":"ContactPoint","telephone":"+1 707-733-4623","email":"sales@tropicalwingsbirds.shop"},"openingHoursSpecification":{"@type":"OpeningHoursSpecification","dayOfWeek":["Monday","Tuesday","Wednesday","Thursday","Friday","Saturday","Sunday"],"opens":"00:00","closes":"23:59"},"email":"sales@tropicalwingsbirds.shop","faxNumber":"+1 707-733-4623","areaServed":"United states, Porto Rico, Canada, Australia","priceRange":"$","currenciesAccepted":"USD, CAD, AUD,","paymentAccepted":"Zelle, Paypal, Bitcoin, Apple pay, Credit cards, Bank transfers"},{"@type":"PostalAddress","@id":"https:\/\/tropicalwingsbirds.shop\/shop\/buy-canaries-parrot-eggs-for-sale-online\/#local-main-place-address","streetAddress":"500 Hilltop Dr,","addressLocality":"Redding","postalCode":"96003","addressRegion":"California","addressCountry":"US"},{"@type":"ImageObject","inLanguage":"ca","@id":"https:\/\/tropicalwingsbirds.shop\/shop\/buy-canaries-parrot-eggs-for-sale-online\/#local-main-organization-logo","url":"https:\/\/tropicalwingsbirds.shop\/wp-content\/uploads\/2024\/01\/tropical-wings-1.webp","contentUrl":"https:\/\/tropicalwingsbirds.shop\/wp-content\/uploads\/2024\/01\/tropical-wings-1.webp","width":500,"height":500,"caption":"Tropical Wings Birds Shop"}]},"og_availability":"instock","product_availability":"instock","product_condition":"new","geo.placename":"Redding","geo.position":{"lat":"40.5976725","long":"-122.3716346"},"geo.region":"Estats Units (US)"},"_links":{"self":[{"href":"https:\/\/tropicalwingsbirds.shop\/ca\/wp-json\/wp\/v2\/product\/1536","targetHints":{"allow":["GET"]}}],"collection":[{"href":"https:\/\/tropicalwingsbirds.shop\/ca\/wp-json\/wp\/v2\/product"}],"about":[{"href":"https:\/\/tropicalwingsbirds.shop\/ca\/wp-json\/wp\/v2\/types\/product"}],"replies":[{"embeddable":true,"href":"https:\/\/tropicalwingsbirds.shop\/ca\/wp-json\/wp\/v2\/comments?post=1536"}],"wp:featuredmedia":[{"embeddable":true,"href":"https:\/\/tropicalwingsbirds.shop\/ca\/wp-json\/wp\/v2\/media\/1541"}],"wp:attachment":[{"href":"https:\/\/tropicalwingsbirds.shop\/ca\/wp-json\/wp\/v2\/media?parent=1536"}],"wp:term":[{"taxonomy":"product_brand","embeddable":true,"href":"https:\/\/tropicalwingsbirds.shop\/ca\/wp-json\/wp\/v2\/product_brand?post=1536"},{"taxonomy":"product_cat","embeddable":true,"href":"https:\/\/tropicalwingsbirds.shop\/ca\/wp-json\/wp\/v2\/product_cat?post=1536"},{"taxonomy":"product_tag","embeddable":true,"href":"https:\/\/tropicalwingsbirds.shop\/ca\/wp-json\/wp\/v2\/product_tag?post=1536"}],"curies":[{"name":"wp","href":"https:\/\/api.w.org\/{rel}","templated":true}]}}