{"id":2133,"date":"2023-12-07T14:43:43","date_gmt":"2023-12-07T14:43:43","guid":{"rendered":"https:\/\/tropicalwingsbirds.shop\/?post_type=product&#038;p=2133"},"modified":"2026-04-17T22:05:23","modified_gmt":"2026-04-17T22:05:23","slug":"buy-eurasian-magpie-online","status":"publish","type":"product","link":"https:\/\/tropicalwingsbirds.shop\/ca\/botiga\/buy-eurasian-magpie-online\/","title":{"rendered":"Compra la garsa euroasi\u00e0tica en l\u00ednia"},"content":{"rendered":"<p><b>Garsa euroasi\u00e0tica<\/b><\/p>\n<p><b>Garsa euroasi\u00e0tica<\/b>\u00a0o\u00a0<b>garsa comuna<\/b>\u00a0(<i>Pica pica<\/i>) \u00e9s un ocell reproductor resident a tot Europa, gran part d&#039;\u00c0sia i el nord-oest d&#039;\u00c0frica. \u00c9s un dels diversos ocells de la fam\u00edlia dels corbs designats com a garses, i pertany a la radiaci\u00f3 hol\u00e0rtica de les garses &quot;monocromes&quot;. A Europa, els angloparlants utilitzen &quot;magpie&quot; com a sin\u00f2nim de garsa europea: l&#039;\u00fanica altra garsa a Europa \u00e9s la garsa ib\u00e8rica (<i>Cyanopica galetes<\/i>), que es limita a la pen\u00ednsula Ib\u00e8rica.<\/p>\n<p><strong>Distribuci\u00f3:<\/strong><\/p>\n<p>L&#039;\u00e0rea de distribuci\u00f3 de la garsa s&#039;est\u00e9n per Eur\u00e0sia temperada des d&#039;Espanya i Irlanda a l&#039;oest fins a la pen\u00ednsula de Kamtxatka i Taiwan a l&#039;est. Tamb\u00e9 hi ha poblacions al nord-oest d&#039;\u00c0frica i a les illes mediterr\u00e0nies. L&#039;esp\u00e8cie s&#039;ha introdu\u00eft al Jap\u00f3, a l&#039;illa de Kyushu.<\/p>\n<p><strong>Dades interessants:<\/strong><\/p>\n<p>La garsa euroasi\u00e0tica \u00e9s un dels ocells m\u00e9s intel\u00b7ligents, i es creu que \u00e9s un dels m\u00e9s intel\u00b7ligents de tots els animals. L&#039;expansi\u00f3 del seu nidopal\u00b7li \u00e9s aproximadament la mateixa en la seva mida relativa que el cervell dels ximpanz\u00e9s, els orangutans i els humans.<\/p>\n<p><strong>Noms:<\/strong><\/p>\n<p>Garsa comuna i Garsa euroasi\u00e0tica.<\/p>\n<p>&nbsp;<\/p>\n<p><strong>Descripci\u00f3:<\/strong><\/p>\n<p>El cap, el coll i el pit del mascle adult s\u00f3n de color negre brillant amb una brillantor verda met\u00e0l\u00b7lica i violeta. Les plomes del ventre i les espatlles s\u00f3n blanques i les ales s\u00f3n negres amb brillantor verd o porpra. Les prim\u00e0ries tenen teranyines interiors blanques, visibles quan l&#039;ala est\u00e0 oberta. La cua \u00e9s negra, amb brillantor verd i porpra vermell\u00f3s. Les potes i el bec s\u00f3n negres i l&#039;iris \u00e9s marr\u00f3 fosc. El plomatge dels sexes \u00e9s similar, per\u00f2 les femelles s\u00f3n lleugerament m\u00e9s petites. Els juvenils s&#039;assemblen als adults, per\u00f2 al principi no tenen gaire la brillantor del plomatge de sutge.<\/p>\n<p>&nbsp;<\/p>\n<p>&nbsp;<\/p>\n<p><strong>Cria:<\/strong><\/p>\n<p>En la exhibici\u00f3 de festeig, els mascles aixequen i baixen r\u00e0pidament les plomes del cap, aixequen, obren i tanquen les cues com si fossin ventalls i criden en tons suaus for\u00e7a diferents del seu xerrameca habitual. Les plomes soltes dels flancs es porten sobre les prim\u00e0ries, i la pega a l&#039;espatlla s&#039;est\u00e9n de manera que el blanc \u00e9s visible, presumiblement per atraure les femelles. Segueixen vols curts i flotants i persecucions. Ponen de tres a fins a deu ous de color blau verd\u00f3s p\u00e0l\u00b7lid amb taques i punts propers de color marr\u00f3 oliva. La incubaci\u00f3 per part de la femella \u00e9s de 21-22 dies. El per\u00edode de pluja dura uns 27 dies.<\/p>\n<p>&nbsp;<\/p>\n<p><strong>Dieta per a la garsa euroasi\u00e0tica:<\/strong><\/p>\n<p>La garsa \u00e9s omn\u00edvora i menja ocells joves i ous, insectes, glans, cereals i altres subst\u00e0ncies vegetals.<\/p>\n<p>En captivitat: barreja de peixos tous Paradise Earth i insectes secs.<\/p>","protected":false},"excerpt":{"rendered":"<p>Eurasian\u00a0Magpie Eurasian magpie\u00a0or\u00a0common magpie\u00a0(Pica pica) is a resident breeding bird throughout Europe, much of Asia and northwest Africa. It is one of several birds in the\u00a0crow family\u00a0designated\u00a0magpies, and belongs to the\u00a0Holarctic\u00a0radiation of \u201cmonochrome\u201d magpies. In Europe, \u201cmagpie\u201d is used by\u00a0English\u00a0speakers as a synonym for the European magpie: the only other magpie in Europe is the\u00a0Iberian [&hellip;]<\/p>\n","protected":false},"featured_media":2197,"comment_status":"closed","ping_status":"closed","template":"","meta":{"site-sidebar-layout":"","site-content-layout":"","ast-site-content-layout":"","site-content-style":"","site-sidebar-style":"","ast-global-header-display":"","ast-banner-title-visibility":"","ast-main-header-display":"","ast-hfb-above-header-display":"","ast-hfb-below-header-display":"","ast-hfb-mobile-header-display":"","site-post-title":"","ast-breadcrumbs-content":"","ast-featured-img":"","footer-sml-layout":"","theme-transparent-header-meta":"","adv-header-id-meta":"","stick-header-meta":"","header-above-stick-meta":"","header-main-stick-meta":"","header-below-stick-meta":"","astra-migrate-meta-layouts":"","ast-page-background-enabled":"default","ast-page-background-meta":{"desktop":{"background-color":"var(--ast-global-color-4)","background-image":"","background-repeat":"repeat","background-position":"center center","background-size":"auto","background-attachment":"scroll","background-type":"","background-media":"","overlay-type":"","overlay-color":"","overlay-opacity":"","overlay-gradient":""},"tablet":{"background-color":"","background-image":"","background-repeat":"repeat","background-position":"center center","background-size":"auto","background-attachment":"scroll","background-type":"","background-media":"","overlay-type":"","overlay-color":"","overlay-opacity":"","overlay-gradient":""},"mobile":{"background-color":"","background-image":"","background-repeat":"repeat","background-position":"center center","background-size":"auto","background-attachment":"scroll","background-type":"","background-media":"","overlay-type":"","overlay-color":"","overlay-opacity":"","overlay-gradient":""}},"ast-content-background-meta":{"desktop":{"background-color":"var(--ast-global-color-5)","background-image":"","background-repeat":"repeat","background-position":"center center","background-size":"auto","background-attachment":"scroll","background-type":"","background-media":"","overlay-type":"","overlay-color":"","overlay-opacity":"","overlay-gradient":""},"tablet":{"background-color":"var(--ast-global-color-5)","background-image":"","background-repeat":"repeat","background-position":"center center","background-size":"auto","background-attachment":"scroll","background-type":"","background-media":"","overlay-type":"","overlay-color":"","overlay-opacity":"","overlay-gradient":""},"mobile":{"background-color":"var(--ast-global-color-5)","background-image":"","background-repeat":"repeat","background-position":"center center","background-size":"auto","background-attachment":"scroll","background-type":"","background-media":"","overlay-type":"","overlay-color":"","overlay-opacity":"","overlay-gradient":""}}},"product_brand":[],"product_cat":[2112],"product_tag":[],"class_list":{"0":"post-2133","1":"product","2":"type-product","3":"status-publish","4":"has-post-thumbnail","6":"product_cat-crows","7":"desktop-align-left","8":"tablet-align-left","9":"mobile-align-left","10":"ast-product-gallery-layout-horizontal-slider","11":"ast-product-tabs-layout-horizontal","12":"ast-qv-on-image","14":"first","15":"instock","16":"shipping-taxable","17":"product-type-simple"},"yoast_head":"<!-- This site is optimized with the Yoast SEO Premium plugin v23.2 (Yoast SEO v26.8) - https:\/\/yoast.com\/product\/yoast-seo-premium-wordpress\/ -->\n<title>Eurasian Magpie for Sale | Tropical Wings Birds<\/title>\n<meta name=\"description\" content=\"Buy a eurasian magpie from a trusted breeder. Hand-fed, health-certified, closed-leg-ringed with full documentation. Worldwide shipping available.\" \/>\n<meta name=\"robots\" content=\"index, follow, max-snippet:-1, max-image-preview:large, max-video-preview:-1\" \/>\n<link rel=\"canonical\" href=\"https:\/\/tropicalwingsbirds.shop\/ca\/botiga\/buy-eurasian-magpie-online\/\" \/>\n<meta property=\"og:locale\" content=\"ca_ES\" \/>\n<meta property=\"og:type\" content=\"article\" \/>\n<meta property=\"og:title\" content=\"Buy Eurasian Magpie Online\" \/>\n<meta property=\"og:description\" content=\"Buy a eurasian magpie from a trusted breeder. Hand-fed, health-certified, closed-leg-ringed with full documentation. Worldwide shipping available.\" \/>\n<meta property=\"og:url\" content=\"https:\/\/tropicalwingsbirds.shop\/ca\/botiga\/buy-eurasian-magpie-online\/\" \/>\n<meta property=\"og:site_name\" content=\"Tropical Wings Birds\" \/>\n<meta property=\"article:publisher\" content=\"https:\/\/web.facebook.com\/profile.php?id=61551502767851&amp;mibextid=2JQ9oc&amp;_rdc=1&amp;_rdr\" \/>\n<meta property=\"article:modified_time\" content=\"2026-04-17T22:05:23+00:00\" \/>\n<meta property=\"og:image\" content=\"https:\/\/tropicalwingsbirds.shop\/wp-content\/uploads\/2023\/12\/706-1_1024x1024@2x-1-scaled.webp\" \/>\n\t<meta property=\"og:image:width\" content=\"2000\" \/>\n\t<meta property=\"og:image:height\" content=\"1333\" \/>\n\t<meta property=\"og:image:type\" content=\"image\/webp\" \/>\n<meta name=\"twitter:card\" content=\"summary_large_image\" \/>\n<meta name=\"twitter:label1\" content=\"Preu\" \/>\n\t<meta name=\"twitter:data1\" content=\"\" \/>\n\t<meta name=\"twitter:label2\" content=\"Disponibilitat\" \/>\n\t<meta name=\"twitter:data2\" content=\"En estoc\" \/>\n<script type=\"application\/ld+json\" class=\"yoast-schema-graph\">{\"@context\":\"https:\/\/schema.org\",\"@graph\":[{\"@type\":\"WebPage\",\"@id\":\"https:\/\/tropicalwingsbirds.shop\/shop\/buy-eurasian-magpie-online\/\",\"url\":\"https:\/\/tropicalwingsbirds.shop\/shop\/buy-eurasian-magpie-online\/\",\"name\":\"Eurasian Magpie for Sale | Tropical Wings Birds\",\"isPartOf\":{\"@id\":\"https:\/\/tropicalwingsbirds.shop\/#website\"},\"primaryImageOfPage\":{\"@id\":\"https:\/\/tropicalwingsbirds.shop\/shop\/buy-eurasian-magpie-online\/#primaryimage\"},\"image\":{\"@id\":\"https:\/\/tropicalwingsbirds.shop\/shop\/buy-eurasian-magpie-online\/#primaryimage\"},\"thumbnailUrl\":\"https:\/\/tropicalwingsbirds.shop\/wp-content\/uploads\/2023\/12\/706-1_1024x1024@2x-1-scaled.webp\",\"datePublished\":\"2023-12-07T14:43:43+00:00\",\"dateModified\":\"2026-04-17T22:05:23+00:00\",\"description\":\"Buy a eurasian magpie from a trusted breeder. Hand-fed, health-certified, closed-leg-ringed with full documentation. Worldwide shipping available.\",\"breadcrumb\":{\"@id\":\"https:\/\/tropicalwingsbirds.shop\/shop\/buy-eurasian-magpie-online\/#breadcrumb\"},\"inLanguage\":\"ca\",\"potentialAction\":[{\"@type\":\"ReadAction\",\"target\":[\"https:\/\/tropicalwingsbirds.shop\/shop\/buy-eurasian-magpie-online\/\"]}]},{\"@type\":\"ImageObject\",\"inLanguage\":\"ca\",\"@id\":\"https:\/\/tropicalwingsbirds.shop\/shop\/buy-eurasian-magpie-online\/#primaryimage\",\"url\":\"https:\/\/tropicalwingsbirds.shop\/wp-content\/uploads\/2023\/12\/706-1_1024x1024@2x-1-scaled.webp\",\"contentUrl\":\"https:\/\/tropicalwingsbirds.shop\/wp-content\/uploads\/2023\/12\/706-1_1024x1024@2x-1-scaled.webp\",\"width\":2000,\"height\":1333},{\"@type\":\"BreadcrumbList\",\"@id\":\"https:\/\/tropicalwingsbirds.shop\/shop\/buy-eurasian-magpie-online\/#breadcrumb\",\"itemListElement\":[{\"@type\":\"ListItem\",\"position\":1,\"name\":\"Home\",\"item\":\"https:\/\/tropicalwingsbirds.shop\/\"},{\"@type\":\"ListItem\",\"position\":2,\"name\":\"Shop\",\"item\":\"https:\/\/tropicalwingsbirds.shop\/shop\/\"},{\"@type\":\"ListItem\",\"position\":3,\"name\":\"Buy Eurasian Magpie Online\"}]},{\"@type\":\"WebSite\",\"@id\":\"https:\/\/tropicalwingsbirds.shop\/#website\",\"url\":\"https:\/\/tropicalwingsbirds.shop\/\",\"name\":\"Tropical Wings Birds\",\"description\":\"Best Exotic birds breeders online\",\"publisher\":{\"@id\":\"https:\/\/tropicalwingsbirds.shop\/#organization\"},\"potentialAction\":[{\"@type\":\"SearchAction\",\"target\":{\"@type\":\"EntryPoint\",\"urlTemplate\":\"https:\/\/tropicalwingsbirds.shop\/?s={search_term_string}\"},\"query-input\":{\"@type\":\"PropertyValueSpecification\",\"valueRequired\":true,\"valueName\":\"search_term_string\"}}],\"inLanguage\":\"ca\"},{\"@type\":[\"Organization\",\"Place\",\"PetStore\"],\"@id\":\"https:\/\/tropicalwingsbirds.shop\/#organization\",\"name\":\"Tropical Wings Birds Shop\",\"alternateName\":\"TPWB\",\"url\":\"https:\/\/tropicalwingsbirds.shop\/\",\"logo\":{\"@id\":\"https:\/\/tropicalwingsbirds.shop\/shop\/buy-eurasian-magpie-online\/#local-main-organization-logo\"},\"image\":{\"@id\":\"https:\/\/tropicalwingsbirds.shop\/shop\/buy-eurasian-magpie-online\/#local-main-organization-logo\"},\"sameAs\":[\"https:\/\/web.facebook.com\/profile.php?id=61551502767851&mibextid=2JQ9oc&_rdc=1&_rdr\"],\"description\":\"Tropical Wings Birds is your destination for exotic avian companionship. Our boutique aviary in United States offers a curated selection of vibrant tropical birds sourced from reputable breeders worldwide. With a focus on welfare and expertise, our dedicated team is here to guide you on your journey to finding the perfect feathered friend. Visit us today and experience the magic of avian companionship at Tropical Wings Birds.\",\"legalName\":\"Tropical Wings Birds\",\"foundingDate\":\"2019-02-14\",\"numberOfEmployees\":{\"@type\":\"QuantitativeValue\",\"minValue\":\"1\",\"maxValue\":\"10\"},\"address\":{\"@id\":\"https:\/\/tropicalwingsbirds.shop\/shop\/buy-eurasian-magpie-online\/#local-main-place-address\"},\"geo\":{\"@type\":\"GeoCoordinates\",\"latitude\":\"40.5976725\",\"longitude\":\"-122.3716346\"},\"telephone\":[\"+1 707-733-4623\",\"+1 707-733-4623\"],\"contactPoint\":{\"@type\":\"ContactPoint\",\"telephone\":\"+1 707-733-4623\",\"email\":\"sales@tropicalwingsbirds.shop\"},\"openingHoursSpecification\":{\"@type\":\"OpeningHoursSpecification\",\"dayOfWeek\":[\"Monday\",\"Tuesday\",\"Wednesday\",\"Thursday\",\"Friday\",\"Saturday\",\"Sunday\"],\"opens\":\"00:00\",\"closes\":\"23:59\"},\"email\":\"sales@tropicalwingsbirds.shop\",\"faxNumber\":\"+1 707-733-4623\",\"areaServed\":\"United states, Porto Rico, Canada, Australia\",\"priceRange\":\"$\",\"currenciesAccepted\":\"USD, CAD, AUD,\",\"paymentAccepted\":\"Zelle, Paypal, Bitcoin, Apple pay, Credit cards, Bank transfers\"},{\"@type\":\"PostalAddress\",\"@id\":\"https:\/\/tropicalwingsbirds.shop\/shop\/buy-eurasian-magpie-online\/#local-main-place-address\",\"streetAddress\":\"500 Hilltop Dr,\",\"addressLocality\":\"Redding\",\"postalCode\":\"96003\",\"addressRegion\":\"California\",\"addressCountry\":\"US\"},{\"@type\":\"ImageObject\",\"inLanguage\":\"ca\",\"@id\":\"https:\/\/tropicalwingsbirds.shop\/shop\/buy-eurasian-magpie-online\/#local-main-organization-logo\",\"url\":\"https:\/\/tropicalwingsbirds.shop\/wp-content\/uploads\/2024\/01\/tropical-wings-1.webp\",\"contentUrl\":\"https:\/\/tropicalwingsbirds.shop\/wp-content\/uploads\/2024\/01\/tropical-wings-1.webp\",\"width\":500,\"height\":500,\"caption\":\"Tropical Wings Birds Shop\"}]}<\/script>\n<meta property=\"product:price:currency\" content=\"USD\" \/>\n<meta property=\"og:availability\" content=\"instock\" \/>\n<meta property=\"product:availability\" content=\"instock\" \/>\n<meta property=\"product:condition\" content=\"new\" \/>\n<meta name=\"geo.placename\" content=\"Redding\" \/>\n<meta name=\"geo.position\" content=\"40.5976725;-122.3716346\" \/>\n<meta name=\"geo.region\" content=\"Estats Units (US)\" \/>\n<!-- \/ Yoast SEO Premium plugin. -->","yoast_head_json":{"title":"Eurasian Magpie for Sale | Tropical Wings Birds","description":"Buy a eurasian magpie from a trusted breeder. Hand-fed, health-certified, closed-leg-ringed with full documentation. Worldwide shipping available.","robots":{"index":"index","follow":"follow","max-snippet":"max-snippet:-1","max-image-preview":"max-image-preview:large","max-video-preview":"max-video-preview:-1"},"canonical":"https:\/\/tropicalwingsbirds.shop\/ca\/botiga\/buy-eurasian-magpie-online\/","og_locale":"ca_ES","og_type":"article","og_title":"Buy Eurasian Magpie Online","og_description":"Buy a eurasian magpie from a trusted breeder. Hand-fed, health-certified, closed-leg-ringed with full documentation. Worldwide shipping available.","og_url":"https:\/\/tropicalwingsbirds.shop\/ca\/botiga\/buy-eurasian-magpie-online\/","og_site_name":"Tropical Wings Birds","article_publisher":"https:\/\/web.facebook.com\/profile.php?id=61551502767851&mibextid=2JQ9oc&_rdc=1&_rdr","article_modified_time":"2026-04-17T22:05:23+00:00","og_image":[{"width":2000,"height":1333,"url":"https:\/\/tropicalwingsbirds.shop\/wp-content\/uploads\/2023\/12\/706-1_1024x1024@2x-1-scaled.webp","type":"image\/webp"}],"twitter_card":"summary_large_image","twitter_misc":{"Preu":"","Disponibilitat":"En estoc"},"schema":{"@context":"https:\/\/schema.org","@graph":[{"@type":"WebPage","@id":"https:\/\/tropicalwingsbirds.shop\/shop\/buy-eurasian-magpie-online\/","url":"https:\/\/tropicalwingsbirds.shop\/shop\/buy-eurasian-magpie-online\/","name":"Eurasian Magpie for Sale | Tropical Wings Birds","isPartOf":{"@id":"https:\/\/tropicalwingsbirds.shop\/#website"},"primaryImageOfPage":{"@id":"https:\/\/tropicalwingsbirds.shop\/shop\/buy-eurasian-magpie-online\/#primaryimage"},"image":{"@id":"https:\/\/tropicalwingsbirds.shop\/shop\/buy-eurasian-magpie-online\/#primaryimage"},"thumbnailUrl":"https:\/\/tropicalwingsbirds.shop\/wp-content\/uploads\/2023\/12\/706-1_1024x1024@2x-1-scaled.webp","datePublished":"2023-12-07T14:43:43+00:00","dateModified":"2026-04-17T22:05:23+00:00","description":"Buy a eurasian magpie from a trusted breeder. Hand-fed, health-certified, closed-leg-ringed with full documentation. Worldwide shipping available.","breadcrumb":{"@id":"https:\/\/tropicalwingsbirds.shop\/shop\/buy-eurasian-magpie-online\/#breadcrumb"},"inLanguage":"ca","potentialAction":[{"@type":"ReadAction","target":["https:\/\/tropicalwingsbirds.shop\/shop\/buy-eurasian-magpie-online\/"]}]},{"@type":"ImageObject","inLanguage":"ca","@id":"https:\/\/tropicalwingsbirds.shop\/shop\/buy-eurasian-magpie-online\/#primaryimage","url":"https:\/\/tropicalwingsbirds.shop\/wp-content\/uploads\/2023\/12\/706-1_1024x1024@2x-1-scaled.webp","contentUrl":"https:\/\/tropicalwingsbirds.shop\/wp-content\/uploads\/2023\/12\/706-1_1024x1024@2x-1-scaled.webp","width":2000,"height":1333},{"@type":"BreadcrumbList","@id":"https:\/\/tropicalwingsbirds.shop\/shop\/buy-eurasian-magpie-online\/#breadcrumb","itemListElement":[{"@type":"ListItem","position":1,"name":"Home","item":"https:\/\/tropicalwingsbirds.shop\/"},{"@type":"ListItem","position":2,"name":"Shop","item":"https:\/\/tropicalwingsbirds.shop\/shop\/"},{"@type":"ListItem","position":3,"name":"Buy Eurasian Magpie Online"}]},{"@type":"WebSite","@id":"https:\/\/tropicalwingsbirds.shop\/#website","url":"https:\/\/tropicalwingsbirds.shop\/","name":"Ales tropicals d&#039;ocells","description":"Els millors criadors d&#039;aus ex\u00f2tiques en l\u00ednia","publisher":{"@id":"https:\/\/tropicalwingsbirds.shop\/#organization"},"potentialAction":[{"@type":"SearchAction","target":{"@type":"EntryPoint","urlTemplate":"https:\/\/tropicalwingsbirds.shop\/?s={search_term_string}"},"query-input":{"@type":"PropertyValueSpecification","valueRequired":true,"valueName":"search_term_string"}}],"inLanguage":"ca"},{"@type":["Organization","Place","PetStore"],"@id":"https:\/\/tropicalwingsbirds.shop\/#organization","name":"Tropical Wings Birds Shop","alternateName":"TPWB","url":"https:\/\/tropicalwingsbirds.shop\/","logo":{"@id":"https:\/\/tropicalwingsbirds.shop\/shop\/buy-eurasian-magpie-online\/#local-main-organization-logo"},"image":{"@id":"https:\/\/tropicalwingsbirds.shop\/shop\/buy-eurasian-magpie-online\/#local-main-organization-logo"},"sameAs":["https:\/\/web.facebook.com\/profile.php?id=61551502767851&mibextid=2JQ9oc&_rdc=1&_rdr"],"description":"Tropical Wings Birds \u00e9s la vostra destinaci\u00f3 per a la companyia d&#039;aus ex\u00f2tiques. El nostre aviari boutique als Estats Units ofereix una selecci\u00f3 curada d&#039;aus tropicals vibrants procedents de criadors de renom a tot el m\u00f3n. Amb un enfocament en el benestar i l&#039;experi\u00e8ncia, el nostre equip dedicat est\u00e0 aqu\u00ed per guiar-vos en el vostre viatge per trobar l&#039;amic amb plomes perfecte. Visiteu-nos avui mateix i experimenteu la m\u00e0gia de la companyia aviar a Tropical Wings Birds.","legalName":"Tropical Wings Birds","foundingDate":"2019-02-14","numberOfEmployees":{"@type":"QuantitativeValue","minValue":"1","maxValue":"10"},"address":{"@id":"https:\/\/tropicalwingsbirds.shop\/shop\/buy-eurasian-magpie-online\/#local-main-place-address"},"geo":{"@type":"GeoCoordinates","latitude":"40.5976725","longitude":"-122.3716346"},"telephone":["+1 707-733-4623","+1 707-733-4623"],"contactPoint":{"@type":"ContactPoint","telephone":"+1 707-733-4623","email":"sales@tropicalwingsbirds.shop"},"openingHoursSpecification":{"@type":"OpeningHoursSpecification","dayOfWeek":["Monday","Tuesday","Wednesday","Thursday","Friday","Saturday","Sunday"],"opens":"00:00","closes":"23:59"},"email":"sales@tropicalwingsbirds.shop","faxNumber":"+1 707-733-4623","areaServed":"United states, Porto Rico, Canada, Australia","priceRange":"$","currenciesAccepted":"USD, CAD, AUD,","paymentAccepted":"Zelle, Paypal, Bitcoin, Apple pay, Credit cards, Bank transfers"},{"@type":"PostalAddress","@id":"https:\/\/tropicalwingsbirds.shop\/shop\/buy-eurasian-magpie-online\/#local-main-place-address","streetAddress":"500 Hilltop Dr,","addressLocality":"Redding","postalCode":"96003","addressRegion":"California","addressCountry":"US"},{"@type":"ImageObject","inLanguage":"ca","@id":"https:\/\/tropicalwingsbirds.shop\/shop\/buy-eurasian-magpie-online\/#local-main-organization-logo","url":"https:\/\/tropicalwingsbirds.shop\/wp-content\/uploads\/2024\/01\/tropical-wings-1.webp","contentUrl":"https:\/\/tropicalwingsbirds.shop\/wp-content\/uploads\/2024\/01\/tropical-wings-1.webp","width":500,"height":500,"caption":"Tropical Wings Birds Shop"}]},"product_price_currency":"USD","og_availability":"instock","product_availability":"instock","product_condition":"new","geo.placename":"Redding","geo.position":{"lat":"40.5976725","long":"-122.3716346"},"geo.region":"Estats Units (US)"},"jetpack_sharing_enabled":true,"_links":{"self":[{"href":"https:\/\/tropicalwingsbirds.shop\/ca\/wp-json\/wp\/v2\/product\/2133","targetHints":{"allow":["GET"]}}],"collection":[{"href":"https:\/\/tropicalwingsbirds.shop\/ca\/wp-json\/wp\/v2\/product"}],"about":[{"href":"https:\/\/tropicalwingsbirds.shop\/ca\/wp-json\/wp\/v2\/types\/product"}],"replies":[{"embeddable":true,"href":"https:\/\/tropicalwingsbirds.shop\/ca\/wp-json\/wp\/v2\/comments?post=2133"}],"wp:featuredmedia":[{"embeddable":true,"href":"https:\/\/tropicalwingsbirds.shop\/ca\/wp-json\/wp\/v2\/media\/2197"}],"wp:attachment":[{"href":"https:\/\/tropicalwingsbirds.shop\/ca\/wp-json\/wp\/v2\/media?parent=2133"}],"wp:term":[{"taxonomy":"product_brand","embeddable":true,"href":"https:\/\/tropicalwingsbirds.shop\/ca\/wp-json\/wp\/v2\/product_brand?post=2133"},{"taxonomy":"product_cat","embeddable":true,"href":"https:\/\/tropicalwingsbirds.shop\/ca\/wp-json\/wp\/v2\/product_cat?post=2133"},{"taxonomy":"product_tag","embeddable":true,"href":"https:\/\/tropicalwingsbirds.shop\/ca\/wp-json\/wp\/v2\/product_tag?post=2133"}],"curies":[{"name":"wp","href":"https:\/\/api.w.org\/{rel}","templated":true}]}}