{"id":2620,"date":"2023-12-07T16:36:17","date_gmt":"2023-12-07T16:36:17","guid":{"rendered":"https:\/\/tropicalwingsbirds.shop\/?post_type=product&#038;p=2620"},"modified":"2024-02-02T23:08:15","modified_gmt":"2024-02-02T23:08:15","slug":"timneh-gris-africa-en-venda","status":"publish","type":"product","link":"https:\/\/tropicalwingsbirds.shop\/ca\/botiga\/timneh-gris-africa-en-venda\/","title":{"rendered":"TIMNEH GRIS AFRIC\u00c0 EN VENDA"},"content":{"rendered":"<h1>Timneh gris afric\u00e0 en venda<\/h1>\n<p>El Timneh, ocell gris afric\u00e0 en venda, t\u00e9 tots els grans atributs d&#039;aquests ocells populars. Tot i que el Timneh \u00e9s una subesp\u00e8cie menys comuna que el Congo gris afric\u00e0, \u00e9s un ocell molt intel\u00b7ligent i astut. Els grisos africans s\u00f3n coneguts per ser els millors parlants del m\u00f3n dels ocells. S\u00f3n capa\u00e7os d&#039;aprendre 200 paraules o m\u00e9s i tot tipus de trucs. Tamb\u00e9 imiten amb freq\u00fc\u00e8ncia els sons del seu entorn i inclouen persones.<\/p>\n<p>Molts ornit\u00f2legs han estudiat els lloros grisos africans durant anys. Han determinat que la capacitat cognitiva d&#039;aquests ocells es classifica al mateix nivell que la de les esp\u00e8cies animals m\u00e9s intel\u00b7ligents, fins i tot la d&#039;un nen petit hum\u00e0. La Dra. Irene Pepperberg i el seu lloro gris, Alex, han fet grans aven\u00e7os en els estudis d&#039;aquest lloro i la seva capacitat per parlar, recon\u00e8ixer formes i colors i comprendre els nombres.<\/p>\n<p>El lloro gris afric\u00e0 Timneh t\u00e9 la capacitat de reproduir qualsevol soroll que senti a casa. Pot sonar exactament com el d&#039;un gos, la seva parella o qualsevol altra persona que li interessi. Alguns exemples s\u00f3n for\u00e7a divertits, com fer-te contestar el tel\u00e8fon quan ning\u00fa ha trucat. O fer-te anar a la porta i obrir-la als teus fills, i els teus fills encara no han arribat de l&#039;escola. A un lloro gris afric\u00e0 Timneh li encantaria veure les Tortugues Ninja per televisi\u00f3. Un dia, uns amics van venir a visitar-lo. En entrar per la porta, en &quot;Billy&quot; va dir clarament: &quot;Deixeu caure els cal\u00e7otets, tinc una pistola&quot;. Tothom, completament mut, es va mirar i despr\u00e9s va esclatar en riure. Gris afric\u00e0 Timneh en venda<\/p>\n<h2>Comportaments socials del gris afric\u00e0 Timneh en venda<\/h2>\n<p>El Timneh gris afric\u00e0 \u00e9s un ocell a part d&#039;ell. T\u00e9 un aspecte i una personalitat diferents que el Congo. El Timneh no \u00e9s tan &quot;reial&quot; ni exigent com el Congo. Per\u00f2 com el Congo, el Timneh \u00e9s una mica t\u00edmid, per\u00f2 molt m\u00e9s extravertit que el seu hom\u00f2leg. Els Timnehs toleraran m\u00e9s enrenou, cops de portes i els sorolls generals que hi ha al seu voltant. En ser un lloro m\u00e9s relaxat que el seu cos\u00ed, \u00e9s m\u00e9s f\u00e0cil tenir-lo a prop.<\/p>\n<p>Els grisos africans tenen un fort vincle de parella en estat salvatge i aix\u00f2 es transmet al captiveri. El Timneh preferir\u00e0 un sol individu, i sovint alg\u00fa del sexe oposat. Tolerar\u00e0 altres membres de la fam\u00edlia, per\u00f2 es mantindr\u00e0 unit a pr\u00e0cticament una sola persona. El Timneh pot ser ximple i li agrada jugar i sovint considera el seu hum\u00e0 com una gran joguina personal.<\/p>\n<p>Els timnehs tenen totes les bones qualitats del seu popular hom\u00f2leg gris afric\u00e0 del Congo. Ha trigat una mica, per\u00f2 ara el timneh gris afric\u00e0 est\u00e0 guanyant m\u00e9s reconeixement. S&#039;ha establert com un excel\u00b7lent orador amb la qualitat de to perfecta que requereixen els seus humans per ser ent\u00e8s, i pot imitar amb precisi\u00f3 els sons del seu entorn.<\/p>\n<p>El Timneh gris afric\u00e0 \u00e9s equivalent en intel\u00b7lig\u00e8ncia i habilitat a la del seu hom\u00f2leg congol\u00e8s, per\u00f2 amb fortaleses \u00faniques. Els Timnehs poden aprendre a parlar abans que els congos i generalment s\u00f3n menys nerviosos. Pel que fa al color, s\u00f3n d&#039;un gris lleugerament m\u00e9s fosc i tenen una cua grana en lloc de vermella. Tamb\u00e9 s\u00f3n una mica m\u00e9s petits i menys cars, per\u00f2 s\u00f3n un company igualment bo. En ser una versi\u00f3 m\u00e9s relaxada del gris afric\u00e0, alguns cuidadors prefereixen aquest lloro m\u00e9s relaxat al seu cos\u00ed.<\/p>","protected":false},"excerpt":{"rendered":"<p>El Timneh, un ocell gris afric\u00e0 en venda, t\u00e9 tots els grans atributs d&#039;aquests ocells populars. Tot i que el Timneh \u00e9s una subesp\u00e8cie menys comuna que el Congo gris afric\u00e0, \u00e9s un ocell molt intel\u00b7ligent i astut. Els grisos africans s\u00f3n coneguts per ser els millors parlants del m\u00f3n dels ocells. S\u00f3n capa\u00e7os d&#039;aprendre 200 paraules o m\u00e9s i tot tipus de trucs. Tamb\u00e9 imiten amb freq\u00fc\u00e8ncia els sons del seu entorn, incloses les persones.<\/p>","protected":false},"featured_media":2658,"comment_status":"closed","ping_status":"closed","template":"","meta":{"site-sidebar-layout":"default","site-content-layout":"","ast-site-content-layout":"default","site-content-style":"default","site-sidebar-style":"default","ast-global-header-display":"","ast-banner-title-visibility":"","ast-main-header-display":"","ast-hfb-above-header-display":"","ast-hfb-below-header-display":"","ast-hfb-mobile-header-display":"","site-post-title":"","ast-breadcrumbs-content":"","ast-featured-img":"","footer-sml-layout":"","theme-transparent-header-meta":"default","adv-header-id-meta":"","stick-header-meta":"default","header-above-stick-meta":"","header-main-stick-meta":"","header-below-stick-meta":"","astra-migrate-meta-layouts":"set","ast-page-background-enabled":"default","ast-page-background-meta":{"desktop":{"background-color":"var(--ast-global-color-4)","background-image":"","background-repeat":"repeat","background-position":"center center","background-size":"auto","background-attachment":"scroll","background-type":"","background-media":"","overlay-type":"","overlay-color":"","overlay-opacity":"","overlay-gradient":""},"tablet":{"background-color":"","background-image":"","background-repeat":"repeat","background-position":"center center","background-size":"auto","background-attachment":"scroll","background-type":"","background-media":"","overlay-type":"","overlay-color":"","overlay-opacity":"","overlay-gradient":""},"mobile":{"background-color":"","background-image":"","background-repeat":"repeat","background-position":"center center","background-size":"auto","background-attachment":"scroll","background-type":"","background-media":"","overlay-type":"","overlay-color":"","overlay-opacity":"","overlay-gradient":""}},"ast-content-background-meta":{"desktop":{"background-color":"var(--ast-global-color-5)","background-image":"","background-repeat":"repeat","background-position":"center center","background-size":"auto","background-attachment":"scroll","background-type":"","background-media":"","overlay-type":"","overlay-color":"","overlay-opacity":"","overlay-gradient":""},"tablet":{"background-color":"var(--ast-global-color-5)","background-image":"","background-repeat":"repeat","background-position":"center center","background-size":"auto","background-attachment":"scroll","background-type":"","background-media":"","overlay-type":"","overlay-color":"","overlay-opacity":"","overlay-gradient":""},"mobile":{"background-color":"var(--ast-global-color-5)","background-image":"","background-repeat":"repeat","background-position":"center center","background-size":"auto","background-attachment":"scroll","background-type":"","background-media":"","overlay-type":"","overlay-color":"","overlay-opacity":"","overlay-gradient":""}}},"product_brand":[],"product_cat":[15],"product_tag":[2176,2177,2178,2179,2180,2181,381,384,386,2182,392,2183,2184,2185,2186,2203,2204,2187,2188,2189,2205,2190,2206,2191,2192,2193,2194,2195,2196,2197,2198,2199,2200,2201,2207,2202,2208,2209,2210,2211],"class_list":{"0":"post-2620","1":"product","2":"type-product","3":"status-publish","4":"has-post-thumbnail","6":"product_cat-uncategorized","7":"product_tag-african-gray-parrot-for-sale","8":"product_tag-african-grey-breeders","9":"product_tag-african-grey-congo-parrots-for-sale","10":"product_tag-african-grey-for-sale","11":"product_tag-african-grey-for-sale-nc","12":"product_tag-african-grey-parrot-baby","13":"product_tag-african-grey-parrot-care","14":"product_tag-african-grey-parrot-for-sale","15":"product_tag-african-grey-parrot-for-sale-near-me","16":"product_tag-african-grey-parrot-for-sale-ny","17":"product_tag-african-grey-parrot-intelligence","18":"product_tag-african-grey-parrot-pet-for-sale","19":"product_tag-african-grey-parrot-price","20":"product_tag-african-grey-red-tail-for-sale","21":"product_tag-african-grey-red-tail-parrot-for-sale","22":"product_tag-african-grey-timneh-babies-for-sale","23":"product_tag-african-grey-timneh-for-sale-near-me","24":"product_tag-african-parrot-for-sale","25":"product_tag-african-red-tail-parrot-for-sale","26":"product_tag-baby-congo-african-grey-parrots-for-sale","27":"product_tag-baby-timneh-african-grey-parrot-for-sale","28":"product_tag-buy-african-grey-parrots-online","29":"product_tag-buy-timneh-african-grey","30":"product_tag-cheap-african-grey-parrot-for-sale","31":"product_tag-congo-african-grey-birds-for-sale","32":"product_tag-congo-african-grey-parrot-for-sale","33":"product_tag-grey-parrot-for-sale","34":"product_tag-harrisons-bird-food","35":"product_tag-how-much-is-an-african-grey","36":"product_tag-male-congo-african-grey-parrot-for-sale","37":"product_tag-parrots-for-sale","38":"product_tag-parrots-for-sale-near-me","39":"product_tag-red-tailed-african-grey-parrots-for-sale","40":"product_tag-talking-parrots-for-sale-near-me","41":"product_tag-timneh-african-grey-babies-for-sale","42":"product_tag-timneh-african-grey-for-sale","43":"product_tag-timneh-african-grey-parrot","44":"product_tag-timneh-african-grey-parrot-babies-for-sale","45":"product_tag-timneh-african-grey-parrot-for-sale","46":"product_tag-timneh-grey-parrot-for-sale","47":"desktop-align-left","48":"tablet-align-left","49":"mobile-align-left","50":"ast-product-gallery-layout-horizontal-slider","51":"ast-product-tabs-layout-horizontal","52":"ast-qv-on-image","54":"first","55":"instock","56":"shipping-taxable","57":"product-type-simple"},"yoast_head":"<!-- This site is optimized with the Yoast SEO Premium plugin v23.2 (Yoast SEO v26.8) - https:\/\/yoast.com\/product\/yoast-seo-premium-wordpress\/ -->\n<title>TIMNEH AFRICAN GREY FOR SALE - Tropical Wings Birds<\/title>\n<meta name=\"robots\" content=\"index, follow, max-snippet:-1, max-image-preview:large, max-video-preview:-1\" \/>\n<link rel=\"canonical\" href=\"https:\/\/tropicalwingsbirds.shop\/ca\/botiga\/timneh-gris-africa-en-venda\/\" \/>\n<meta property=\"og:locale\" content=\"ca_ES\" \/>\n<meta property=\"og:type\" content=\"article\" \/>\n<meta property=\"og:title\" content=\"TIMNEH AFRICAN GREY FOR SALE\" \/>\n<meta property=\"og:description\" content=\"Timneh African grey for sale has all the great attributes of these popular birds. Though the Timneh is a less common subspecies than the African Grey Congo, it\u2019s a very intelligent and clever bird. African Greys are known to be the best talkers in the bird world. They are able to learn 200 or more words and all kinds of tricks. They also frequently imitate the sounds of their environment and including people.\" \/>\n<meta property=\"og:url\" content=\"https:\/\/tropicalwingsbirds.shop\/ca\/botiga\/timneh-gris-africa-en-venda\/\" \/>\n<meta property=\"og:site_name\" content=\"Tropical Wings Birds\" \/>\n<meta property=\"article:publisher\" content=\"https:\/\/web.facebook.com\/profile.php?id=61551502767851&amp;mibextid=2JQ9oc&amp;_rdc=1&amp;_rdr\" \/>\n<meta property=\"article:modified_time\" content=\"2024-02-02T23:08:15+00:00\" \/>\n<meta property=\"og:image\" content=\"https:\/\/tropicalwingsbirds.shop\/wp-content\/uploads\/2023\/12\/Timneh-African-grey-for-sale-1.jpg\" \/>\n\t<meta property=\"og:image:width\" content=\"500\" \/>\n\t<meta property=\"og:image:height\" content=\"880\" \/>\n\t<meta property=\"og:image:type\" content=\"image\/jpeg\" \/>\n<meta name=\"twitter:card\" content=\"summary_large_image\" \/>\n<meta name=\"twitter:label1\" content=\"Preu\" \/>\n\t<meta name=\"twitter:data1\" content=\"\" \/>\n\t<meta name=\"twitter:label2\" content=\"Disponibilitat\" \/>\n\t<meta name=\"twitter:data2\" content=\"En estoc\" \/>\n<script type=\"application\/ld+json\" class=\"yoast-schema-graph\">{\"@context\":\"https:\/\/schema.org\",\"@graph\":[{\"@type\":\"WebPage\",\"@id\":\"https:\/\/tropicalwingsbirds.shop\/shop\/timneh-african-grey-for-sale\/\",\"url\":\"https:\/\/tropicalwingsbirds.shop\/shop\/timneh-african-grey-for-sale\/\",\"name\":\"TIMNEH AFRICAN GREY FOR SALE - Tropical Wings Birds\",\"isPartOf\":{\"@id\":\"https:\/\/tropicalwingsbirds.shop\/#website\"},\"primaryImageOfPage\":{\"@id\":\"https:\/\/tropicalwingsbirds.shop\/shop\/timneh-african-grey-for-sale\/#primaryimage\"},\"image\":{\"@id\":\"https:\/\/tropicalwingsbirds.shop\/shop\/timneh-african-grey-for-sale\/#primaryimage\"},\"thumbnailUrl\":\"https:\/\/tropicalwingsbirds.shop\/wp-content\/uploads\/2023\/12\/Timneh-African-grey-for-sale-1.jpg\",\"datePublished\":\"2023-12-07T16:36:17+00:00\",\"dateModified\":\"2024-02-02T23:08:15+00:00\",\"breadcrumb\":{\"@id\":\"https:\/\/tropicalwingsbirds.shop\/shop\/timneh-african-grey-for-sale\/#breadcrumb\"},\"inLanguage\":\"ca\",\"potentialAction\":[{\"@type\":\"ReadAction\",\"target\":[\"https:\/\/tropicalwingsbirds.shop\/shop\/timneh-african-grey-for-sale\/\"]}]},{\"@type\":\"ImageObject\",\"inLanguage\":\"ca\",\"@id\":\"https:\/\/tropicalwingsbirds.shop\/shop\/timneh-african-grey-for-sale\/#primaryimage\",\"url\":\"https:\/\/tropicalwingsbirds.shop\/wp-content\/uploads\/2023\/12\/Timneh-African-grey-for-sale-1.jpg\",\"contentUrl\":\"https:\/\/tropicalwingsbirds.shop\/wp-content\/uploads\/2023\/12\/Timneh-African-grey-for-sale-1.jpg\",\"width\":500,\"height\":880},{\"@type\":\"BreadcrumbList\",\"@id\":\"https:\/\/tropicalwingsbirds.shop\/shop\/timneh-african-grey-for-sale\/#breadcrumb\",\"itemListElement\":[{\"@type\":\"ListItem\",\"position\":1,\"name\":\"Home\",\"item\":\"https:\/\/tropicalwingsbirds.shop\/\"},{\"@type\":\"ListItem\",\"position\":2,\"name\":\"Shop\",\"item\":\"https:\/\/tropicalwingsbirds.shop\/shop\/\"},{\"@type\":\"ListItem\",\"position\":3,\"name\":\"TIMNEH AFRICAN GREY FOR SALE\"}]},{\"@type\":\"WebSite\",\"@id\":\"https:\/\/tropicalwingsbirds.shop\/#website\",\"url\":\"https:\/\/tropicalwingsbirds.shop\/\",\"name\":\"Tropical Wings Birds\",\"description\":\"Best Exotic birds breeders online\",\"publisher\":{\"@id\":\"https:\/\/tropicalwingsbirds.shop\/#organization\"},\"potentialAction\":[{\"@type\":\"SearchAction\",\"target\":{\"@type\":\"EntryPoint\",\"urlTemplate\":\"https:\/\/tropicalwingsbirds.shop\/?s={search_term_string}\"},\"query-input\":{\"@type\":\"PropertyValueSpecification\",\"valueRequired\":true,\"valueName\":\"search_term_string\"}}],\"inLanguage\":\"ca\"},{\"@type\":[\"Organization\",\"Place\",\"PetStore\"],\"@id\":\"https:\/\/tropicalwingsbirds.shop\/#organization\",\"name\":\"Tropical Wings Birds Shop\",\"alternateName\":\"TPWB\",\"url\":\"https:\/\/tropicalwingsbirds.shop\/\",\"logo\":{\"@id\":\"https:\/\/tropicalwingsbirds.shop\/shop\/timneh-african-grey-for-sale\/#local-main-organization-logo\"},\"image\":{\"@id\":\"https:\/\/tropicalwingsbirds.shop\/shop\/timneh-african-grey-for-sale\/#local-main-organization-logo\"},\"sameAs\":[\"https:\/\/web.facebook.com\/profile.php?id=61551502767851&mibextid=2JQ9oc&_rdc=1&_rdr\"],\"description\":\"Tropical Wings Birds is your destination for exotic avian companionship. Our boutique aviary in United States offers a curated selection of vibrant tropical birds sourced from reputable breeders worldwide. With a focus on welfare and expertise, our dedicated team is here to guide you on your journey to finding the perfect feathered friend. Visit us today and experience the magic of avian companionship at Tropical Wings Birds.\",\"legalName\":\"Tropical Wings Birds\",\"foundingDate\":\"2019-02-14\",\"numberOfEmployees\":{\"@type\":\"QuantitativeValue\",\"minValue\":\"1\",\"maxValue\":\"10\"},\"address\":{\"@id\":\"https:\/\/tropicalwingsbirds.shop\/shop\/timneh-african-grey-for-sale\/#local-main-place-address\"},\"geo\":{\"@type\":\"GeoCoordinates\",\"latitude\":\"40.5976725\",\"longitude\":\"-122.3716346\"},\"telephone\":[\"+1 707-733-4623\",\"+1 707-733-4623\"],\"contactPoint\":{\"@type\":\"ContactPoint\",\"telephone\":\"+1 707-733-4623\",\"email\":\"sales@tropicalwingsbirds.shop\"},\"openingHoursSpecification\":{\"@type\":\"OpeningHoursSpecification\",\"dayOfWeek\":[\"Monday\",\"Tuesday\",\"Wednesday\",\"Thursday\",\"Friday\",\"Saturday\",\"Sunday\"],\"opens\":\"00:00\",\"closes\":\"23:59\"},\"email\":\"sales@tropicalwingsbirds.shop\",\"faxNumber\":\"+1 707-733-4623\",\"areaServed\":\"United states, Porto Rico, Canada, Australia\",\"priceRange\":\"$\",\"currenciesAccepted\":\"USD, CAD, AUD,\",\"paymentAccepted\":\"Zelle, Paypal, Bitcoin, Apple pay, Credit cards, Bank transfers\"},{\"@type\":\"PostalAddress\",\"@id\":\"https:\/\/tropicalwingsbirds.shop\/shop\/timneh-african-grey-for-sale\/#local-main-place-address\",\"streetAddress\":\"500 Hilltop Dr,\",\"addressLocality\":\"Redding\",\"postalCode\":\"96003\",\"addressRegion\":\"California\",\"addressCountry\":\"US\"},{\"@type\":\"ImageObject\",\"inLanguage\":\"ca\",\"@id\":\"https:\/\/tropicalwingsbirds.shop\/shop\/timneh-african-grey-for-sale\/#local-main-organization-logo\",\"url\":\"https:\/\/tropicalwingsbirds.shop\/wp-content\/uploads\/2024\/01\/tropical-wings-1.webp\",\"contentUrl\":\"https:\/\/tropicalwingsbirds.shop\/wp-content\/uploads\/2024\/01\/tropical-wings-1.webp\",\"width\":500,\"height\":500,\"caption\":\"Tropical Wings Birds Shop\"}]}<\/script>\n<meta property=\"product:price:currency\" content=\"USD\" \/>\n<meta property=\"og:availability\" content=\"instock\" \/>\n<meta property=\"product:availability\" content=\"instock\" \/>\n<meta property=\"product:condition\" content=\"new\" \/>\n<meta name=\"geo.placename\" content=\"Redding\" \/>\n<meta name=\"geo.position\" content=\"40.5976725;-122.3716346\" \/>\n<meta name=\"geo.region\" content=\"Estats Units (US)\" \/>\n<!-- \/ Yoast SEO Premium plugin. -->","yoast_head_json":{"title":"TIMNEH GRIS AFRIC\u00c0 EN VENDA - Tropical Wings Birds","robots":{"index":"index","follow":"follow","max-snippet":"max-snippet:-1","max-image-preview":"max-image-preview:large","max-video-preview":"max-video-preview:-1"},"canonical":"https:\/\/tropicalwingsbirds.shop\/ca\/botiga\/timneh-gris-africa-en-venda\/","og_locale":"ca_ES","og_type":"article","og_title":"TIMNEH AFRICAN GREY FOR SALE","og_description":"Timneh African grey for sale has all the great attributes of these popular birds. Though the Timneh is a less common subspecies than the African Grey Congo, it\u2019s a very intelligent and clever bird. African Greys are known to be the best talkers in the bird world. They are able to learn 200 or more words and all kinds of tricks. They also frequently imitate the sounds of their environment and including people.","og_url":"https:\/\/tropicalwingsbirds.shop\/ca\/botiga\/timneh-gris-africa-en-venda\/","og_site_name":"Tropical Wings Birds","article_publisher":"https:\/\/web.facebook.com\/profile.php?id=61551502767851&mibextid=2JQ9oc&_rdc=1&_rdr","article_modified_time":"2024-02-02T23:08:15+00:00","og_image":[{"width":500,"height":880,"url":"https:\/\/tropicalwingsbirds.shop\/wp-content\/uploads\/2023\/12\/Timneh-African-grey-for-sale-1.jpg","type":"image\/jpeg"}],"twitter_card":"summary_large_image","twitter_misc":{"Preu":"","Disponibilitat":"En estoc"},"schema":{"@context":"https:\/\/schema.org","@graph":[{"@type":"WebPage","@id":"https:\/\/tropicalwingsbirds.shop\/shop\/timneh-african-grey-for-sale\/","url":"https:\/\/tropicalwingsbirds.shop\/shop\/timneh-african-grey-for-sale\/","name":"TIMNEH GRIS AFRIC\u00c0 EN VENDA - Tropical Wings Birds","isPartOf":{"@id":"https:\/\/tropicalwingsbirds.shop\/#website"},"primaryImageOfPage":{"@id":"https:\/\/tropicalwingsbirds.shop\/shop\/timneh-african-grey-for-sale\/#primaryimage"},"image":{"@id":"https:\/\/tropicalwingsbirds.shop\/shop\/timneh-african-grey-for-sale\/#primaryimage"},"thumbnailUrl":"https:\/\/tropicalwingsbirds.shop\/wp-content\/uploads\/2023\/12\/Timneh-African-grey-for-sale-1.jpg","datePublished":"2023-12-07T16:36:17+00:00","dateModified":"2024-02-02T23:08:15+00:00","breadcrumb":{"@id":"https:\/\/tropicalwingsbirds.shop\/shop\/timneh-african-grey-for-sale\/#breadcrumb"},"inLanguage":"ca","potentialAction":[{"@type":"ReadAction","target":["https:\/\/tropicalwingsbirds.shop\/shop\/timneh-african-grey-for-sale\/"]}]},{"@type":"ImageObject","inLanguage":"ca","@id":"https:\/\/tropicalwingsbirds.shop\/shop\/timneh-african-grey-for-sale\/#primaryimage","url":"https:\/\/tropicalwingsbirds.shop\/wp-content\/uploads\/2023\/12\/Timneh-African-grey-for-sale-1.jpg","contentUrl":"https:\/\/tropicalwingsbirds.shop\/wp-content\/uploads\/2023\/12\/Timneh-African-grey-for-sale-1.jpg","width":500,"height":880},{"@type":"BreadcrumbList","@id":"https:\/\/tropicalwingsbirds.shop\/shop\/timneh-african-grey-for-sale\/#breadcrumb","itemListElement":[{"@type":"ListItem","position":1,"name":"Home","item":"https:\/\/tropicalwingsbirds.shop\/"},{"@type":"ListItem","position":2,"name":"Shop","item":"https:\/\/tropicalwingsbirds.shop\/shop\/"},{"@type":"ListItem","position":3,"name":"TIMNEH AFRICAN GREY FOR SALE"}]},{"@type":"WebSite","@id":"https:\/\/tropicalwingsbirds.shop\/#website","url":"https:\/\/tropicalwingsbirds.shop\/","name":"Ales tropicals d&#039;ocells","description":"Els millors criadors d&#039;aus ex\u00f2tiques en l\u00ednia","publisher":{"@id":"https:\/\/tropicalwingsbirds.shop\/#organization"},"potentialAction":[{"@type":"SearchAction","target":{"@type":"EntryPoint","urlTemplate":"https:\/\/tropicalwingsbirds.shop\/?s={search_term_string}"},"query-input":{"@type":"PropertyValueSpecification","valueRequired":true,"valueName":"search_term_string"}}],"inLanguage":"ca"},{"@type":["Organization","Place","PetStore"],"@id":"https:\/\/tropicalwingsbirds.shop\/#organization","name":"Tropical Wings Birds Shop","alternateName":"TPWB","url":"https:\/\/tropicalwingsbirds.shop\/","logo":{"@id":"https:\/\/tropicalwingsbirds.shop\/shop\/timneh-african-grey-for-sale\/#local-main-organization-logo"},"image":{"@id":"https:\/\/tropicalwingsbirds.shop\/shop\/timneh-african-grey-for-sale\/#local-main-organization-logo"},"sameAs":["https:\/\/web.facebook.com\/profile.php?id=61551502767851&mibextid=2JQ9oc&_rdc=1&_rdr"],"description":"Tropical Wings Birds \u00e9s la vostra destinaci\u00f3 per a la companyia d&#039;aus ex\u00f2tiques. El nostre aviari boutique als Estats Units ofereix una selecci\u00f3 curada d&#039;aus tropicals vibrants procedents de criadors de renom a tot el m\u00f3n. Amb un enfocament en el benestar i l&#039;experi\u00e8ncia, el nostre equip dedicat est\u00e0 aqu\u00ed per guiar-vos en el vostre viatge per trobar l&#039;amic amb plomes perfecte. Visiteu-nos avui mateix i experimenteu la m\u00e0gia de la companyia aviar a Tropical Wings Birds.","legalName":"Tropical Wings Birds","foundingDate":"2019-02-14","numberOfEmployees":{"@type":"QuantitativeValue","minValue":"1","maxValue":"10"},"address":{"@id":"https:\/\/tropicalwingsbirds.shop\/shop\/timneh-african-grey-for-sale\/#local-main-place-address"},"geo":{"@type":"GeoCoordinates","latitude":"40.5976725","longitude":"-122.3716346"},"telephone":["+1 707-733-4623","+1 707-733-4623"],"contactPoint":{"@type":"ContactPoint","telephone":"+1 707-733-4623","email":"sales@tropicalwingsbirds.shop"},"openingHoursSpecification":{"@type":"OpeningHoursSpecification","dayOfWeek":["Monday","Tuesday","Wednesday","Thursday","Friday","Saturday","Sunday"],"opens":"00:00","closes":"23:59"},"email":"sales@tropicalwingsbirds.shop","faxNumber":"+1 707-733-4623","areaServed":"United states, Porto Rico, Canada, Australia","priceRange":"$","currenciesAccepted":"USD, CAD, AUD,","paymentAccepted":"Zelle, Paypal, Bitcoin, Apple pay, Credit cards, Bank transfers"},{"@type":"PostalAddress","@id":"https:\/\/tropicalwingsbirds.shop\/shop\/timneh-african-grey-for-sale\/#local-main-place-address","streetAddress":"500 Hilltop Dr,","addressLocality":"Redding","postalCode":"96003","addressRegion":"California","addressCountry":"US"},{"@type":"ImageObject","inLanguage":"ca","@id":"https:\/\/tropicalwingsbirds.shop\/shop\/timneh-african-grey-for-sale\/#local-main-organization-logo","url":"https:\/\/tropicalwingsbirds.shop\/wp-content\/uploads\/2024\/01\/tropical-wings-1.webp","contentUrl":"https:\/\/tropicalwingsbirds.shop\/wp-content\/uploads\/2024\/01\/tropical-wings-1.webp","width":500,"height":500,"caption":"Tropical Wings Birds Shop"}]},"product_price_currency":"USD","og_availability":"instock","product_availability":"instock","product_condition":"new","geo.placename":"Redding","geo.position":{"lat":"40.5976725","long":"-122.3716346"},"geo.region":"Estats Units (US)"},"_links":{"self":[{"href":"https:\/\/tropicalwingsbirds.shop\/ca\/wp-json\/wp\/v2\/product\/2620","targetHints":{"allow":["GET"]}}],"collection":[{"href":"https:\/\/tropicalwingsbirds.shop\/ca\/wp-json\/wp\/v2\/product"}],"about":[{"href":"https:\/\/tropicalwingsbirds.shop\/ca\/wp-json\/wp\/v2\/types\/product"}],"replies":[{"embeddable":true,"href":"https:\/\/tropicalwingsbirds.shop\/ca\/wp-json\/wp\/v2\/comments?post=2620"}],"wp:featuredmedia":[{"embeddable":true,"href":"https:\/\/tropicalwingsbirds.shop\/ca\/wp-json\/wp\/v2\/media\/2658"}],"wp:attachment":[{"href":"https:\/\/tropicalwingsbirds.shop\/ca\/wp-json\/wp\/v2\/media?parent=2620"}],"wp:term":[{"taxonomy":"product_brand","embeddable":true,"href":"https:\/\/tropicalwingsbirds.shop\/ca\/wp-json\/wp\/v2\/product_brand?post=2620"},{"taxonomy":"product_cat","embeddable":true,"href":"https:\/\/tropicalwingsbirds.shop\/ca\/wp-json\/wp\/v2\/product_cat?post=2620"},{"taxonomy":"product_tag","embeddable":true,"href":"https:\/\/tropicalwingsbirds.shop\/ca\/wp-json\/wp\/v2\/product_tag?post=2620"}],"curies":[{"name":"wp","href":"https:\/\/api.w.org\/{rel}","templated":true}]}}