{"id":546,"date":"2023-12-03T14:05:00","date_gmt":"2023-12-03T14:05:00","guid":{"rendered":"https:\/\/tropicalwingsbirds.shop\/?post_type=product&#038;p=546"},"modified":"2023-12-03T14:05:18","modified_gmt":"2023-12-03T14:05:18","slug":"lloro-gris-africa-en-linia","status":"publish","type":"product","link":"https:\/\/tropicalwingsbirds.shop\/ca\/botiga\/lloro-gris-africa-en-linia\/","title":{"rendered":"Lloro gris afric\u00e0 en l\u00ednia"},"content":{"rendered":"<div class=\"product-section\">\n<div class=\"row\">\n<div class=\"large-10 col pb-0 mb-0\">\n<div class=\"panel entry-content\">\n<p>La botiga de lloros Macaw ofereix lloros grisos africans a la venda en l\u00ednia i a la botiga. La gent compra lloros grisos africans en l\u00ednia perqu\u00e8 el gris afric\u00e0, altament intel\u00b7ligent, sovint es considera l&#039;ocell que millor parla de tot el m\u00f3n. Amb un vocabulari acumulat de centenars de paraules diferents. Fins i tot hi ha investigacions que suggereixen que aquests lloros poden utilitzar paraules en context per tenir converses senzilles. Els lloros grisos africans interactuen amb els humans i aix\u00f2 s&#039;ha vist en moltes ocasions. Tot i que aix\u00f2 no vol dir necess\u00e0riament que entenguin el que diuen.<\/p>\n<p>A m\u00e9s, aquest tipus de verbalitzaci\u00f3 requereix anys d&#039;entrenament i pr\u00e0ctica pacient per part del propietari. Els lloros grisos africans s\u00f3n companys molt populars. Tanmateix, la desforestaci\u00f3 i la ca\u00e7a abundant d&#039;aquest ocell salvatge, el comer\u00e7, han deixat ambdues esp\u00e8cies tristament en perill d&#039;extinci\u00f3. Els lloros grisos africans s\u00f3n una bona opci\u00f3 si us agrada un animal molt curi\u00f3s i intel\u00b7ligent.<\/p>\n<p>Tenen molta energia i curiositat i s\u00f3n potser l&#039;esp\u00e8cie d&#039;ocell m\u00e9s intel\u00b7ligent que existeix. Per tant, et prendr\u00e0 molta atenci\u00f3 i energia. Necessitar\u00e0s passar molt de temps amb ells cada dia, per la qual cosa no s\u00f3n una mascota que es pugui deixar sola f\u00e0cilment. Normalment mesuren entre 25 i 35 cent\u00edmetres i, per tant, s\u00f3n m\u00e9s grans que un lloro est\u00e0ndard.<\/p>\n<h2 id=\"id3\"><span id=\"buying-factors\" class=\"ez-toc-section\">Quins factors afecten el preu d&#039;un gris afric\u00e0?<\/span><\/h2>\n<p><a href=\"https:\/\/www.parrots.org\/lp\/grey-parrot-information-2\/?gclid=EAIaIQobChMI3piT9vLT6QIVjYbACh3vXglyEAAYASAAEgKslvD_BwE\"><strong>Que bonic \u00e9s un gris afric\u00e0<\/strong>\u00a0<\/a>L&#039;aspecte afectar\u00e0 significativament el preu de l&#039;ocell. Els grisos africans que semblen sans i no tenen cap imperfecci\u00f3 ni marca ni caracter\u00edstiques estranyes seran m\u00e9s desitjables. Tanmateix, els atributs inusuals per\u00f2 d&#039;aspecte agradable, com ara un color rosa o vermell\u00f3s \u00fanic, s\u00f3n molt poc freq\u00fcents i augmentaran dr\u00e0sticament el preu del vostre ocell com a mascota.<\/p>\n<p data-slot-rendered-dynamic=\"true\">La qualitat gen\u00e8tica d&#039;un gris afric\u00e0 afectar\u00e0 el seu preu. Podeu fer proves d&#039;ADN si us preocupa el llinatge gen\u00e8tic del vostre ocell. Aix\u00f2 pot ser un problema si esteu considerant criar ocells com a mascota vosaltres mateixos. A m\u00e9s, tamb\u00e9 podeu fer proves per comprovar si hi ha malalties a l&#039;ocell. Ambdues opcions tindran un cost addicional, i tamb\u00e9 podeu fer proves gen\u00e8tiques per assegurar-vos que el gris afric\u00e0 no \u00e9s un encreuament. L&#039;encreuament es fa normalment entre un Timneh i un Congo.<\/p>\n<h2>Cuidar un lloro gris afric\u00e0<\/h2>\n<div>Els posadors s&#039;han de col\u00b7locar a la part baixa de la g\u00e0bia, especialment per als ocells m\u00e9s joves que poden no ser tan estables quan pugen. Cal que mantingueu les ungles del lloro retallades. Aquests lloros fan la seva primera muda cap als 8 mesos d&#039;edat, i despr\u00e9s, cap als 11 mesos, tindran la primera muda important, que ser\u00e0 anual.<br \/> La dieta ha de consistir en p\u00e8l\u00b7lets d&#039;alta qualitat i moltes fruites i verdures fresques, especialment aquelles amb alts nivells de calci i vitamina A. Els ocells es poden criar durant tot l&#039;any i tenen una posta d&#039;1 a 3 ous.<\/div>\n<div><\/div>\n<h3 data-slot-rendered-dynamic=\"true\">Lloro gris afric\u00e0 en venda en l\u00ednia<\/h3>\n<p data-slot-rendered-dynamic=\"true\">Busques lloros grisos africans en venda en l\u00ednia i de la seva bellesa? Mira un lloro gris afric\u00e0 en acci\u00f3. Fes una ullada al v\u00eddeo seg\u00fcent.<\/p>\n<h2>Dades biol\u00f2giques<\/h2>\n<div>Lloro gris afric\u00e0 (Psittacus erithacus); dues subesp\u00e8cies<\/div>\n<div>Congo: cos m\u00e9s gran, coloraci\u00f3 gris clar, bec totalment negre i plomes de cua de color vermell brillant<\/div>\n<div>Timneh: cos m\u00e9s petit, coloraci\u00f3 gris fosc, la meitat superior del bec de color carn i plomes de la cua de color granat fosc<\/div>\n<div>Pes: 330-500 g<\/div>\n<div>Els ocells joves tenen irisos de color gris fosc que es tornen groc p\u00e0l\u00b7lid a l&#039;any d&#039;edat<\/div>\n<div>Maduresa sexual: 4-6 anys<\/div>\n<div>Vida \u00fatil mitjana: 25-30 anys<\/div>\n<div>Vida \u00fatil m\u00e0xima registrada: m\u00e9s de 50 anys<\/div>\n<div>Or\u00edgens: \u00c0frica Occidental i Central<\/div>\n<h2>Dieta<\/h2>\n<div>A Macaw Parrot Shop, alimentem els nostres lloros grisos africans amb una varietat de fruites, fruits secs i verdures.<\/div>\n<div>No es recomanen les dietes basades en llavors, ja que permeten que els ocells dom\u00e8stics seleccionin una dieta desequilibrada a partir del que s&#039;ofereix.<\/div>\n<div>Les dietes formulades (\u201cpellets\u201d o \u201ccrumbles\u201d) proporcionen una nutrici\u00f3 m\u00e9s completa i equilibrada, no permeten una alimentaci\u00f3 selectiva i haurien de comprendre aproximadament 75% de la dieta.<\/div>\n<div>Les verdures de fulla verda fosca, les verdures i les fruites poden constituir entre el 20 i el 25% de la dieta.<\/div>\n<div>Les llaminadures s&#039;han de limitar a nom\u00e9s 5% de la dieta.<\/div>\n<div>S&#039;ha de proporcionar aigua neta i fresca di\u00e0riament<\/div>\n<div><\/div>\n<\/p><\/div>\n<\/p><\/div>\n<\/p><\/div>\n<\/p><\/div>","protected":false},"excerpt":{"rendered":"<pre><strong>Esp\u00e8cie: Lloro gris afric\u00e0 del Congo (lloro gris afric\u00e0 del Congo)<\/strong>\r <strong>Sexe: Mascul\u00ed \/ Femen\u00ed<\/strong>\r <strong>Edat: de 6 a 9 mesos<\/strong>\r <strong>Mida: Petit (deslletat \u2013 pot menjar sol)<\/strong>\r <strong>El preu varia segons l&#039;edat. Oferim des de $1200 fins a 1600 USD per a ocells de 9 a 18 mesos.<\/strong>\r   <\/pre>","protected":false},"featured_media":566,"comment_status":"closed","ping_status":"closed","template":"","meta":{"site-sidebar-layout":"default","site-content-layout":"","ast-site-content-layout":"default","site-content-style":"default","site-sidebar-style":"default","ast-global-header-display":"","ast-banner-title-visibility":"","ast-main-header-display":"","ast-hfb-above-header-display":"","ast-hfb-below-header-display":"","ast-hfb-mobile-header-display":"","site-post-title":"","ast-breadcrumbs-content":"","ast-featured-img":"","footer-sml-layout":"","theme-transparent-header-meta":"","adv-header-id-meta":"","stick-header-meta":"","header-above-stick-meta":"","header-main-stick-meta":"","header-below-stick-meta":"","astra-migrate-meta-layouts":"default","ast-page-background-enabled":"default","ast-page-background-meta":{"desktop":{"background-color":"var(--ast-global-color-4)","background-image":"","background-repeat":"repeat","background-position":"center center","background-size":"auto","background-attachment":"scroll","background-type":"","background-media":"","overlay-type":"","overlay-color":"","overlay-opacity":"","overlay-gradient":""},"tablet":{"background-color":"","background-image":"","background-repeat":"repeat","background-position":"center center","background-size":"auto","background-attachment":"scroll","background-type":"","background-media":"","overlay-type":"","overlay-color":"","overlay-opacity":"","overlay-gradient":""},"mobile":{"background-color":"","background-image":"","background-repeat":"repeat","background-position":"center center","background-size":"auto","background-attachment":"scroll","background-type":"","background-media":"","overlay-type":"","overlay-color":"","overlay-opacity":"","overlay-gradient":""}},"ast-content-background-meta":{"desktop":{"background-color":"var(--ast-global-color-5)","background-image":"","background-repeat":"repeat","background-position":"center center","background-size":"auto","background-attachment":"scroll","background-type":"","background-media":"","overlay-type":"","overlay-color":"","overlay-opacity":"","overlay-gradient":""},"tablet":{"background-color":"var(--ast-global-color-5)","background-image":"","background-repeat":"repeat","background-position":"center center","background-size":"auto","background-attachment":"scroll","background-type":"","background-media":"","overlay-type":"","overlay-color":"","overlay-opacity":"","overlay-gradient":""},"mobile":{"background-color":"var(--ast-global-color-5)","background-image":"","background-repeat":"repeat","background-position":"center center","background-size":"auto","background-attachment":"scroll","background-type":"","background-media":"","overlay-type":"","overlay-color":"","overlay-opacity":"","overlay-gradient":""}}},"product_brand":[],"product_cat":[47,52],"product_tag":[53],"class_list":{"0":"post-546","1":"product","2":"type-product","3":"status-publish","4":"has-post-thumbnail","6":"product_cat-african-grey-parrot","7":"product_cat-parrot-birds","8":"product_tag-buy-parrots-online","9":"desktop-align-left","10":"tablet-align-left","11":"mobile-align-left","12":"ast-product-gallery-layout-horizontal-slider","13":"ast-product-gallery-with-no-image","14":"ast-product-tabs-layout-horizontal","15":"ast-qv-on-image","17":"first","18":"instock","19":"shipping-taxable","20":"product-type-simple"},"yoast_head":"<!-- This site is optimized with the Yoast SEO Premium plugin v23.2 (Yoast SEO v26.8) - https:\/\/yoast.com\/product\/yoast-seo-premium-wordpress\/ -->\n<title>African Grey Parrot Online - Tropical Wings Birds<\/title>\n<meta name=\"robots\" content=\"index, follow, max-snippet:-1, max-image-preview:large, max-video-preview:-1\" \/>\n<link rel=\"canonical\" href=\"https:\/\/tropicalwingsbirds.shop\/ca\/botiga\/lloro-gris-africa-en-linia\/\" \/>\n<meta property=\"og:locale\" content=\"ca_ES\" \/>\n<meta property=\"og:type\" content=\"article\" \/>\n<meta property=\"og:title\" content=\"African Grey Parrot Online\" \/>\n<meta property=\"og:description\" content=\"Species : Baby African Grey Congo Parrot (Congo African Grey Parrot) Sex : Male \/ Female Age : 6 to 9 months Size : Small (Weaned \u2013 Can eat by themselves) Price varies with age.\u00a0 We offer from $1200 to 1600 USD for birds of 9 to 18 months.\" \/>\n<meta property=\"og:url\" content=\"https:\/\/tropicalwingsbirds.shop\/ca\/botiga\/lloro-gris-africa-en-linia\/\" \/>\n<meta property=\"og:site_name\" content=\"Tropical Wings Birds\" \/>\n<meta property=\"article:publisher\" content=\"https:\/\/web.facebook.com\/profile.php?id=61551502767851&amp;mibextid=2JQ9oc&amp;_rdc=1&amp;_rdr\" \/>\n<meta property=\"article:modified_time\" content=\"2023-12-03T14:05:18+00:00\" \/>\n<meta property=\"og:image\" content=\"https:\/\/tropicalwingsbirds.shop\/wp-content\/uploads\/2023\/12\/CAM_11252020_1354-189.jpg\" \/>\n\t<meta property=\"og:image:width\" content=\"1080\" \/>\n\t<meta property=\"og:image:height\" content=\"1080\" \/>\n\t<meta property=\"og:image:type\" content=\"image\/jpeg\" \/>\n<meta name=\"twitter:card\" content=\"summary_large_image\" \/>\n<meta name=\"twitter:label1\" content=\"Preu\" \/>\n\t<meta name=\"twitter:data1\" content=\"\" \/>\n\t<meta name=\"twitter:label2\" content=\"Disponibilitat\" \/>\n\t<meta name=\"twitter:data2\" content=\"En estoc\" \/>\n<script type=\"application\/ld+json\" class=\"yoast-schema-graph\">{\"@context\":\"https:\/\/schema.org\",\"@graph\":[{\"@type\":\"WebPage\",\"@id\":\"https:\/\/tropicalwingsbirds.shop\/shop\/african-grey-parrot-online\/\",\"url\":\"https:\/\/tropicalwingsbirds.shop\/shop\/african-grey-parrot-online\/\",\"name\":\"African Grey Parrot Online - Tropical Wings Birds\",\"isPartOf\":{\"@id\":\"https:\/\/tropicalwingsbirds.shop\/#website\"},\"primaryImageOfPage\":{\"@id\":\"https:\/\/tropicalwingsbirds.shop\/shop\/african-grey-parrot-online\/#primaryimage\"},\"image\":{\"@id\":\"https:\/\/tropicalwingsbirds.shop\/shop\/african-grey-parrot-online\/#primaryimage\"},\"thumbnailUrl\":\"https:\/\/tropicalwingsbirds.shop\/wp-content\/uploads\/2023\/12\/CAM_11252020_1354-189.jpg\",\"datePublished\":\"2023-12-03T14:05:00+00:00\",\"dateModified\":\"2023-12-03T14:05:18+00:00\",\"breadcrumb\":{\"@id\":\"https:\/\/tropicalwingsbirds.shop\/shop\/african-grey-parrot-online\/#breadcrumb\"},\"inLanguage\":\"ca\",\"potentialAction\":[{\"@type\":\"ReadAction\",\"target\":[\"https:\/\/tropicalwingsbirds.shop\/shop\/african-grey-parrot-online\/\"]}]},{\"@type\":\"ImageObject\",\"inLanguage\":\"ca\",\"@id\":\"https:\/\/tropicalwingsbirds.shop\/shop\/african-grey-parrot-online\/#primaryimage\",\"url\":\"https:\/\/tropicalwingsbirds.shop\/wp-content\/uploads\/2023\/12\/CAM_11252020_1354-189.jpg\",\"contentUrl\":\"https:\/\/tropicalwingsbirds.shop\/wp-content\/uploads\/2023\/12\/CAM_11252020_1354-189.jpg\",\"width\":1080,\"height\":1080},{\"@type\":\"BreadcrumbList\",\"@id\":\"https:\/\/tropicalwingsbirds.shop\/shop\/african-grey-parrot-online\/#breadcrumb\",\"itemListElement\":[{\"@type\":\"ListItem\",\"position\":1,\"name\":\"Home\",\"item\":\"https:\/\/tropicalwingsbirds.shop\/\"},{\"@type\":\"ListItem\",\"position\":2,\"name\":\"Shop\",\"item\":\"https:\/\/tropicalwingsbirds.shop\/shop\/\"},{\"@type\":\"ListItem\",\"position\":3,\"name\":\"African Grey Parrot Online\"}]},{\"@type\":\"WebSite\",\"@id\":\"https:\/\/tropicalwingsbirds.shop\/#website\",\"url\":\"https:\/\/tropicalwingsbirds.shop\/\",\"name\":\"Tropical Wings Birds\",\"description\":\"Best Exotic birds breeders online\",\"publisher\":{\"@id\":\"https:\/\/tropicalwingsbirds.shop\/#organization\"},\"potentialAction\":[{\"@type\":\"SearchAction\",\"target\":{\"@type\":\"EntryPoint\",\"urlTemplate\":\"https:\/\/tropicalwingsbirds.shop\/?s={search_term_string}\"},\"query-input\":{\"@type\":\"PropertyValueSpecification\",\"valueRequired\":true,\"valueName\":\"search_term_string\"}}],\"inLanguage\":\"ca\"},{\"@type\":[\"Organization\",\"Place\",\"PetStore\"],\"@id\":\"https:\/\/tropicalwingsbirds.shop\/#organization\",\"name\":\"Tropical Wings Birds Shop\",\"alternateName\":\"TPWB\",\"url\":\"https:\/\/tropicalwingsbirds.shop\/\",\"logo\":{\"@id\":\"https:\/\/tropicalwingsbirds.shop\/shop\/african-grey-parrot-online\/#local-main-organization-logo\"},\"image\":{\"@id\":\"https:\/\/tropicalwingsbirds.shop\/shop\/african-grey-parrot-online\/#local-main-organization-logo\"},\"sameAs\":[\"https:\/\/web.facebook.com\/profile.php?id=61551502767851&mibextid=2JQ9oc&_rdc=1&_rdr\"],\"description\":\"Tropical Wings Birds is your destination for exotic avian companionship. Our boutique aviary in United States offers a curated selection of vibrant tropical birds sourced from reputable breeders worldwide. With a focus on welfare and expertise, our dedicated team is here to guide you on your journey to finding the perfect feathered friend. Visit us today and experience the magic of avian companionship at Tropical Wings Birds.\",\"legalName\":\"Tropical Wings Birds\",\"foundingDate\":\"2019-02-14\",\"numberOfEmployees\":{\"@type\":\"QuantitativeValue\",\"minValue\":\"1\",\"maxValue\":\"10\"},\"address\":{\"@id\":\"https:\/\/tropicalwingsbirds.shop\/shop\/african-grey-parrot-online\/#local-main-place-address\"},\"geo\":{\"@type\":\"GeoCoordinates\",\"latitude\":\"40.5976725\",\"longitude\":\"-122.3716346\"},\"telephone\":[\"+1 707-733-4623\",\"+1 707-733-4623\"],\"contactPoint\":{\"@type\":\"ContactPoint\",\"telephone\":\"+1 707-733-4623\",\"email\":\"sales@tropicalwingsbirds.shop\"},\"openingHoursSpecification\":{\"@type\":\"OpeningHoursSpecification\",\"dayOfWeek\":[\"Monday\",\"Tuesday\",\"Wednesday\",\"Thursday\",\"Friday\",\"Saturday\",\"Sunday\"],\"opens\":\"00:00\",\"closes\":\"23:59\"},\"email\":\"sales@tropicalwingsbirds.shop\",\"faxNumber\":\"+1 707-733-4623\",\"areaServed\":\"United states, Porto Rico, Canada, Australia\",\"priceRange\":\"$\",\"currenciesAccepted\":\"USD, CAD, AUD,\",\"paymentAccepted\":\"Zelle, Paypal, Bitcoin, Apple pay, Credit cards, Bank transfers\"},{\"@type\":\"PostalAddress\",\"@id\":\"https:\/\/tropicalwingsbirds.shop\/shop\/african-grey-parrot-online\/#local-main-place-address\",\"streetAddress\":\"500 Hilltop Dr,\",\"addressLocality\":\"Redding\",\"postalCode\":\"96003\",\"addressRegion\":\"California\",\"addressCountry\":\"US\"},{\"@type\":\"ImageObject\",\"inLanguage\":\"ca\",\"@id\":\"https:\/\/tropicalwingsbirds.shop\/shop\/african-grey-parrot-online\/#local-main-organization-logo\",\"url\":\"https:\/\/tropicalwingsbirds.shop\/wp-content\/uploads\/2024\/01\/tropical-wings-1.webp\",\"contentUrl\":\"https:\/\/tropicalwingsbirds.shop\/wp-content\/uploads\/2024\/01\/tropical-wings-1.webp\",\"width\":500,\"height\":500,\"caption\":\"Tropical Wings Birds Shop\"}]}<\/script>\n<meta property=\"product:price:currency\" content=\"USD\" \/>\n<meta property=\"og:availability\" content=\"instock\" \/>\n<meta property=\"product:availability\" content=\"instock\" \/>\n<meta property=\"product:condition\" content=\"new\" \/>\n<meta name=\"geo.placename\" content=\"Redding\" \/>\n<meta name=\"geo.position\" content=\"40.5976725;-122.3716346\" \/>\n<meta name=\"geo.region\" content=\"Estats Units (US)\" \/>\n<!-- \/ Yoast SEO Premium plugin. -->","yoast_head_json":{"title":"Lloro gris afric\u00e0 en l\u00ednia - Tropical Wings Birds","robots":{"index":"index","follow":"follow","max-snippet":"max-snippet:-1","max-image-preview":"max-image-preview:large","max-video-preview":"max-video-preview:-1"},"canonical":"https:\/\/tropicalwingsbirds.shop\/ca\/botiga\/lloro-gris-africa-en-linia\/","og_locale":"ca_ES","og_type":"article","og_title":"African Grey Parrot Online","og_description":"Species : Baby African Grey Congo Parrot (Congo African Grey Parrot) Sex : Male \/ Female Age : 6 to 9 months Size : Small (Weaned \u2013 Can eat by themselves) Price varies with age.\u00a0 We offer from $1200 to 1600 USD for birds of 9 to 18 months.","og_url":"https:\/\/tropicalwingsbirds.shop\/ca\/botiga\/lloro-gris-africa-en-linia\/","og_site_name":"Tropical Wings Birds","article_publisher":"https:\/\/web.facebook.com\/profile.php?id=61551502767851&mibextid=2JQ9oc&_rdc=1&_rdr","article_modified_time":"2023-12-03T14:05:18+00:00","og_image":[{"width":1080,"height":1080,"url":"https:\/\/tropicalwingsbirds.shop\/wp-content\/uploads\/2023\/12\/CAM_11252020_1354-189.jpg","type":"image\/jpeg"}],"twitter_card":"summary_large_image","twitter_misc":{"Preu":"","Disponibilitat":"En estoc"},"schema":{"@context":"https:\/\/schema.org","@graph":[{"@type":"WebPage","@id":"https:\/\/tropicalwingsbirds.shop\/shop\/african-grey-parrot-online\/","url":"https:\/\/tropicalwingsbirds.shop\/shop\/african-grey-parrot-online\/","name":"Lloro gris afric\u00e0 en l\u00ednia - Tropical Wings Birds","isPartOf":{"@id":"https:\/\/tropicalwingsbirds.shop\/#website"},"primaryImageOfPage":{"@id":"https:\/\/tropicalwingsbirds.shop\/shop\/african-grey-parrot-online\/#primaryimage"},"image":{"@id":"https:\/\/tropicalwingsbirds.shop\/shop\/african-grey-parrot-online\/#primaryimage"},"thumbnailUrl":"https:\/\/tropicalwingsbirds.shop\/wp-content\/uploads\/2023\/12\/CAM_11252020_1354-189.jpg","datePublished":"2023-12-03T14:05:00+00:00","dateModified":"2023-12-03T14:05:18+00:00","breadcrumb":{"@id":"https:\/\/tropicalwingsbirds.shop\/shop\/african-grey-parrot-online\/#breadcrumb"},"inLanguage":"ca","potentialAction":[{"@type":"ReadAction","target":["https:\/\/tropicalwingsbirds.shop\/shop\/african-grey-parrot-online\/"]}]},{"@type":"ImageObject","inLanguage":"ca","@id":"https:\/\/tropicalwingsbirds.shop\/shop\/african-grey-parrot-online\/#primaryimage","url":"https:\/\/tropicalwingsbirds.shop\/wp-content\/uploads\/2023\/12\/CAM_11252020_1354-189.jpg","contentUrl":"https:\/\/tropicalwingsbirds.shop\/wp-content\/uploads\/2023\/12\/CAM_11252020_1354-189.jpg","width":1080,"height":1080},{"@type":"BreadcrumbList","@id":"https:\/\/tropicalwingsbirds.shop\/shop\/african-grey-parrot-online\/#breadcrumb","itemListElement":[{"@type":"ListItem","position":1,"name":"Home","item":"https:\/\/tropicalwingsbirds.shop\/"},{"@type":"ListItem","position":2,"name":"Shop","item":"https:\/\/tropicalwingsbirds.shop\/shop\/"},{"@type":"ListItem","position":3,"name":"African Grey Parrot Online"}]},{"@type":"WebSite","@id":"https:\/\/tropicalwingsbirds.shop\/#website","url":"https:\/\/tropicalwingsbirds.shop\/","name":"Ales tropicals d&#039;ocells","description":"Els millors criadors d&#039;aus ex\u00f2tiques en l\u00ednia","publisher":{"@id":"https:\/\/tropicalwingsbirds.shop\/#organization"},"potentialAction":[{"@type":"SearchAction","target":{"@type":"EntryPoint","urlTemplate":"https:\/\/tropicalwingsbirds.shop\/?s={search_term_string}"},"query-input":{"@type":"PropertyValueSpecification","valueRequired":true,"valueName":"search_term_string"}}],"inLanguage":"ca"},{"@type":["Organization","Place","PetStore"],"@id":"https:\/\/tropicalwingsbirds.shop\/#organization","name":"Tropical Wings Birds Shop","alternateName":"TPWB","url":"https:\/\/tropicalwingsbirds.shop\/","logo":{"@id":"https:\/\/tropicalwingsbirds.shop\/shop\/african-grey-parrot-online\/#local-main-organization-logo"},"image":{"@id":"https:\/\/tropicalwingsbirds.shop\/shop\/african-grey-parrot-online\/#local-main-organization-logo"},"sameAs":["https:\/\/web.facebook.com\/profile.php?id=61551502767851&mibextid=2JQ9oc&_rdc=1&_rdr"],"description":"Tropical Wings Birds \u00e9s la vostra destinaci\u00f3 per a la companyia d&#039;aus ex\u00f2tiques. El nostre aviari boutique als Estats Units ofereix una selecci\u00f3 curada d&#039;aus tropicals vibrants procedents de criadors de renom a tot el m\u00f3n. Amb un enfocament en el benestar i l&#039;experi\u00e8ncia, el nostre equip dedicat est\u00e0 aqu\u00ed per guiar-vos en el vostre viatge per trobar l&#039;amic amb plomes perfecte. Visiteu-nos avui mateix i experimenteu la m\u00e0gia de la companyia aviar a Tropical Wings Birds.","legalName":"Tropical Wings Birds","foundingDate":"2019-02-14","numberOfEmployees":{"@type":"QuantitativeValue","minValue":"1","maxValue":"10"},"address":{"@id":"https:\/\/tropicalwingsbirds.shop\/shop\/african-grey-parrot-online\/#local-main-place-address"},"geo":{"@type":"GeoCoordinates","latitude":"40.5976725","longitude":"-122.3716346"},"telephone":["+1 707-733-4623","+1 707-733-4623"],"contactPoint":{"@type":"ContactPoint","telephone":"+1 707-733-4623","email":"sales@tropicalwingsbirds.shop"},"openingHoursSpecification":{"@type":"OpeningHoursSpecification","dayOfWeek":["Monday","Tuesday","Wednesday","Thursday","Friday","Saturday","Sunday"],"opens":"00:00","closes":"23:59"},"email":"sales@tropicalwingsbirds.shop","faxNumber":"+1 707-733-4623","areaServed":"United states, Porto Rico, Canada, Australia","priceRange":"$","currenciesAccepted":"USD, CAD, AUD,","paymentAccepted":"Zelle, Paypal, Bitcoin, Apple pay, Credit cards, Bank transfers"},{"@type":"PostalAddress","@id":"https:\/\/tropicalwingsbirds.shop\/shop\/african-grey-parrot-online\/#local-main-place-address","streetAddress":"500 Hilltop Dr,","addressLocality":"Redding","postalCode":"96003","addressRegion":"California","addressCountry":"US"},{"@type":"ImageObject","inLanguage":"ca","@id":"https:\/\/tropicalwingsbirds.shop\/shop\/african-grey-parrot-online\/#local-main-organization-logo","url":"https:\/\/tropicalwingsbirds.shop\/wp-content\/uploads\/2024\/01\/tropical-wings-1.webp","contentUrl":"https:\/\/tropicalwingsbirds.shop\/wp-content\/uploads\/2024\/01\/tropical-wings-1.webp","width":500,"height":500,"caption":"Tropical Wings Birds Shop"}]},"product_price_currency":"USD","og_availability":"instock","product_availability":"instock","product_condition":"new","geo.placename":"Redding","geo.position":{"lat":"40.5976725","long":"-122.3716346"},"geo.region":"Estats Units (US)"},"jetpack_sharing_enabled":true,"_links":{"self":[{"href":"https:\/\/tropicalwingsbirds.shop\/ca\/wp-json\/wp\/v2\/product\/546","targetHints":{"allow":["GET"]}}],"collection":[{"href":"https:\/\/tropicalwingsbirds.shop\/ca\/wp-json\/wp\/v2\/product"}],"about":[{"href":"https:\/\/tropicalwingsbirds.shop\/ca\/wp-json\/wp\/v2\/types\/product"}],"replies":[{"embeddable":true,"href":"https:\/\/tropicalwingsbirds.shop\/ca\/wp-json\/wp\/v2\/comments?post=546"}],"wp:featuredmedia":[{"embeddable":true,"href":"https:\/\/tropicalwingsbirds.shop\/ca\/wp-json\/wp\/v2\/media\/566"}],"wp:attachment":[{"href":"https:\/\/tropicalwingsbirds.shop\/ca\/wp-json\/wp\/v2\/media?parent=546"}],"wp:term":[{"taxonomy":"product_brand","embeddable":true,"href":"https:\/\/tropicalwingsbirds.shop\/ca\/wp-json\/wp\/v2\/product_brand?post=546"},{"taxonomy":"product_cat","embeddable":true,"href":"https:\/\/tropicalwingsbirds.shop\/ca\/wp-json\/wp\/v2\/product_cat?post=546"},{"taxonomy":"product_tag","embeddable":true,"href":"https:\/\/tropicalwingsbirds.shop\/ca\/wp-json\/wp\/v2\/product_tag?post=546"}],"curies":[{"name":"wp","href":"https:\/\/api.w.org\/{rel}","templated":true}]}}