{"id":577,"date":"2023-12-03T14:05:59","date_gmt":"2023-12-03T14:05:59","guid":{"rendered":"https:\/\/tropicalwingsbirds.shop\/?post_type=product&#038;p=577"},"modified":"2023-12-03T14:06:38","modified_gmt":"2023-12-03T14:06:38","slug":"comprar-cacatues-paraigua","status":"publish","type":"product","link":"https:\/\/tropicalwingsbirds.shop\/ca\/botiga\/comprar-cacatues-paraigua\/","title":{"rendered":"Comprar cacatues paraigua"},"content":{"rendered":"<h1 class=\"product_title entry-title\"><span style=\"font-size: 18pt;font-family: 'comic sans ms', sans-serif\">Cacatues paraigua<\/span><\/h1>\n<h4>La cacatua paraigua (Cacatua alba) \u00e9s una de les grans esp\u00e8cies de cacatues.<\/h4>\n<p>La cacatua paraigua fa uns 46 cm de llarg i pesa uns 400 g per a les femelles petites i fins a 800 g per als mascles grans. La cacatua blanca mascle sol tenir un cap m\u00e9s ample i un bec m\u00e9s gran que la femella. T\u00e9 els ulls marrons o negres i un bec gris fosc. Quan s\u00f3n madures, algunes cacatues blanques femelles poden tenir irisos vermellosos\/marrons, mentre que els irisos del mascle adult s\u00f3n marrons foscs o negres.<\/p>\n<p>Les plomes de la cacatua blanca s\u00f3n majorit\u00e0riament blanques. Tanmateix, tant la superf\u00edcie superior com la inferior de la meitat interior de la vora posterior de les plomes grans de les ales s\u00f3n de color groc. El color groc a la part inferior de les ales \u00e9s m\u00e9s notable. Aix\u00f2 es deu al fet que la part groga de la superf\u00edcie superior de la ploma est\u00e0 coberta. Est\u00e0 coberta pel blanc de la ploma immediatament medial (m\u00e9s a prop del cos) i superior. Compra <a href=\"https:\/\/en.wikipedia.org\/wiki\/White_cockatoo\">Cacatua paraigua<\/a> En l\u00ednia. De la mateixa manera, les zones de plomes de cua m\u00e9s grans que estan cobertes per altres plomes de cua. Tamb\u00e9 les zones cobertes m\u00e9s internes de les plomes de la cresta m\u00e9s grans s\u00f3n grogues. Les plomes blanques curtes creixen i cobreixen de prop la part superior de les potes. cacatua paraigua a la venda Les plomes d&#039;aquesta esp\u00e8cie i d&#039;altres creen una pols similar a la pols de talc que es transfereix f\u00e0cilment a la roba. <a href=\"https:\/\/timiesbirds.com\/cockatoos\/\">Lloros cacatues en venda<\/a><\/p>\n<h2>COMPRA CACATUA BLANCA<\/h2>\n<p>Igual que altres cacatues i lloros, la cacatua blanca t\u00e9 peus pterod\u00e0ctils amb dos dits mirant cap endavant i dos mirant cap enrere. Aix\u00f2 li permet agafar objectes amb un peu mentre est\u00e0 dret sobre l&#039;altre, per alimentar-se i manipular-los.<\/p>\n<p>La vida \u00fatil m\u00e0xima de la cacatua blanca est\u00e0 poc documentada. Alguns zool\u00f2gics informen que viuen entre 40 i 60 anys en captivitat. Els informes anecd\u00f2tics suggereixen que pot viure m\u00e9s temps. Es desconeix la vida \u00fatil en estat salvatge, per\u00f2 es creu que \u00e9s fins a deu anys inferior.<\/p>\n<p><span class=\"auto-style3\">El propietari d&#039;una cacatua paraigua hauria de tenir experi\u00e8ncia amb lloros abans d&#039;enfrontar-se a aquest grapat de plomes. No \u00e9s un bon primer ocell, ni tampoc una bona mascota per a nens. <a href=\"https:\/\/timiesbirds.com\/product\/buy-umbrella-cockatoos\/\">cacatua blanca en venda<\/a>\u00a0 tamb\u00e9 tendeix a mimar-se molt f\u00e0cilment i no accepta b\u00e9 els canvis de rutina o les incorporacions a la fam\u00edlia, com ara un nad\u00f3 o un cadell nou. Aqu\u00ed \u00e9s on sempre ens topem amb la majoria dels clients nous, simplement no escolten, un cop mimes l&#039;ocell, ell, l&#039;ocell, simplement no ent\u00e9n quan ja no pots oferir el que vas comen\u00e7ar, com ara una atenci\u00f3 constant. El mateix passa amb els nens humans, un cop els deixes comen\u00e7ar a fer el que vulguin, a tenir el que vulguin, quan vulguin, no entendran la paraula. <\/span><\/p>\n<p><a href=\"https:\/\/timiesbirds.com\/product\/buy-umbrella-cockatoos\/\">Compra cacatua paraigua en l\u00ednia<\/a><\/p>","protected":false},"excerpt":{"rendered":"<p>Esp\u00e8cie: Cacatua paraigua <br data-rich-text-line-break=\"true\" \/>Sexe: Mascul\u00ed \/ Femen\u00ed (No es t\u00e9 en compte el sexe en fer la comanda)<br data-rich-text-line-break=\"true\" \/>Edat: de 9 a 11 mesos <br data-rich-text-line-break=\"true\" \/>Mida: Petita (deslletada \u2013 pot menjar sola)<br data-rich-text-line-break=\"true\" \/>Salut: 100% garantit<br data-rich-text-line-break=\"true\" \/>Enviament: Incl\u00f2s en el preu (<a href=\"https:\/\/timiesbirds.com\/shipping\/\">M\u00e9s informaci\u00f3 sobre enviaments<\/a>)<\/p>\n<p><span class=\"lng-d\">Tots els lloros es vendran amb un certificat sanitari i anelles d&#039;identificaci\u00f3 d&#039;acer (esgla\u00f3 tancat) a les potes i servei postvenda les 24 hores per a una total tranquil\u00b7litat. Estarem encantats d&#039;ajudar-vos amb qualsevol pregunta o dubte que pugueu tenir abans de comprar sobre g\u00e0bies, allotjament, dieta o qualsevol altra preocupaci\u00f3 que pugueu tenir, estarem encantats d&#039;ajudar-vos. Tamb\u00e9 tinc altres lloros petits disponibles.<\/span><\/p>","protected":false},"featured_media":629,"comment_status":"closed","ping_status":"closed","template":"","meta":{"site-sidebar-layout":"default","site-content-layout":"","ast-site-content-layout":"default","site-content-style":"default","site-sidebar-style":"default","ast-global-header-display":"","ast-banner-title-visibility":"","ast-main-header-display":"","ast-hfb-above-header-display":"","ast-hfb-below-header-display":"","ast-hfb-mobile-header-display":"","site-post-title":"","ast-breadcrumbs-content":"","ast-featured-img":"","footer-sml-layout":"","theme-transparent-header-meta":"","adv-header-id-meta":"","stick-header-meta":"","header-above-stick-meta":"","header-main-stick-meta":"","header-below-stick-meta":"","astra-migrate-meta-layouts":"default","ast-page-background-enabled":"default","ast-page-background-meta":{"desktop":{"background-color":"var(--ast-global-color-4)","background-image":"","background-repeat":"repeat","background-position":"center center","background-size":"auto","background-attachment":"scroll","background-type":"","background-media":"","overlay-type":"","overlay-color":"","overlay-opacity":"","overlay-gradient":""},"tablet":{"background-color":"","background-image":"","background-repeat":"repeat","background-position":"center center","background-size":"auto","background-attachment":"scroll","background-type":"","background-media":"","overlay-type":"","overlay-color":"","overlay-opacity":"","overlay-gradient":""},"mobile":{"background-color":"","background-image":"","background-repeat":"repeat","background-position":"center center","background-size":"auto","background-attachment":"scroll","background-type":"","background-media":"","overlay-type":"","overlay-color":"","overlay-opacity":"","overlay-gradient":""}},"ast-content-background-meta":{"desktop":{"background-color":"var(--ast-global-color-5)","background-image":"","background-repeat":"repeat","background-position":"center center","background-size":"auto","background-attachment":"scroll","background-type":"","background-media":"","overlay-type":"","overlay-color":"","overlay-opacity":"","overlay-gradient":""},"tablet":{"background-color":"var(--ast-global-color-5)","background-image":"","background-repeat":"repeat","background-position":"center center","background-size":"auto","background-attachment":"scroll","background-type":"","background-media":"","overlay-type":"","overlay-color":"","overlay-opacity":"","overlay-gradient":""},"mobile":{"background-color":"var(--ast-global-color-5)","background-image":"","background-repeat":"repeat","background-position":"center center","background-size":"auto","background-attachment":"scroll","background-type":"","background-media":"","overlay-type":"","overlay-color":"","overlay-opacity":"","overlay-gradient":""}}},"product_brand":[],"product_cat":[155,156],"product_tag":[178,179,180,181,182,183,184,185],"class_list":{"0":"post-577","1":"product","2":"type-product","3":"status-publish","4":"has-post-thumbnail","6":"product_cat-cockatoos","7":"product_cat-parrots","8":"product_tag-buy-umbrella-cockatoo","9":"product_tag-buy-umbrella-cockatoo-online","10":"product_tag-buy-umbrella-cockatoo-online-usa","11":"product_tag-buy-white-cockatoo-online","12":"product_tag-buy-white-cockatoo-usa","13":"product_tag-umbrella-cockatoo-for-sale","14":"product_tag-umbrella-cockatoo-for-sale-online","15":"product_tag-umbrella-cockatoo-for-sale-usa","16":"desktop-align-left","17":"tablet-align-left","18":"mobile-align-left","19":"ast-product-gallery-layout-horizontal-slider","20":"ast-product-tabs-layout-horizontal","21":"ast-qv-on-image","23":"first","24":"instock","25":"shipping-taxable","26":"product-type-simple"},"yoast_head":"<!-- This site is optimized with the Yoast SEO Premium plugin v23.2 (Yoast SEO v26.8) - https:\/\/yoast.com\/product\/yoast-seo-premium-wordpress\/ -->\n<title>Buy Umbrella Cockatoos - Tropical Wings Birds<\/title>\n<meta name=\"robots\" content=\"index, follow, max-snippet:-1, max-image-preview:large, max-video-preview:-1\" \/>\n<link rel=\"canonical\" href=\"https:\/\/tropicalwingsbirds.shop\/ca\/botiga\/comprar-cacatues-paraigua\/\" \/>\n<meta property=\"og:locale\" content=\"ca_ES\" \/>\n<meta property=\"og:type\" content=\"article\" \/>\n<meta property=\"og:title\" content=\"Buy Umbrella Cockatoos\" \/>\n<meta property=\"og:description\" content=\"Species: Umbrella Cockatoo Sex : Male \/ Female (Not Sex Preference when placing your order)Age: 9 to 11-Month-Old Size: Small (Weaned \u2013 Can eat by themselves)Health: 100% guaranteedShipping: Inclusive in Price (More about Shipping) All the parrots will be sold with a health certificate and ID steel rings (close rung) on their legs and 24 hrs aftercare service for total peace of mind. We are happy to help with any questions or concerns you may have prior to purchasing regarding cages, housing, diet, or any other concern you may have we will be happy to help. I also have other baby parrots available.\" \/>\n<meta property=\"og:url\" content=\"https:\/\/tropicalwingsbirds.shop\/ca\/botiga\/comprar-cacatues-paraigua\/\" \/>\n<meta property=\"og:site_name\" content=\"Tropical Wings Birds\" \/>\n<meta property=\"article:publisher\" content=\"https:\/\/web.facebook.com\/profile.php?id=61551502767851&amp;mibextid=2JQ9oc&amp;_rdc=1&amp;_rdr\" \/>\n<meta property=\"article:modified_time\" content=\"2023-12-03T14:06:38+00:00\" \/>\n<meta property=\"og:image\" content=\"https:\/\/tropicalwingsbirds.shop\/wp-content\/uploads\/2023\/12\/WhatsApp-Image-2021-04-08-at-03.53.11.jpeg\" \/>\n\t<meta property=\"og:image:width\" content=\"720\" \/>\n\t<meta property=\"og:image:height\" content=\"960\" \/>\n\t<meta property=\"og:image:type\" content=\"image\/jpeg\" \/>\n<meta name=\"twitter:card\" content=\"summary_large_image\" \/>\n<meta name=\"twitter:label1\" content=\"Preu\" \/>\n\t<meta name=\"twitter:data1\" content=\"\" \/>\n\t<meta name=\"twitter:label2\" content=\"Disponibilitat\" \/>\n\t<meta name=\"twitter:data2\" content=\"En estoc\" \/>\n<script type=\"application\/ld+json\" class=\"yoast-schema-graph\">{\"@context\":\"https:\/\/schema.org\",\"@graph\":[{\"@type\":\"WebPage\",\"@id\":\"https:\/\/tropicalwingsbirds.shop\/shop\/buy-umbrella-cockatoos\/\",\"url\":\"https:\/\/tropicalwingsbirds.shop\/shop\/buy-umbrella-cockatoos\/\",\"name\":\"Buy Umbrella Cockatoos - Tropical Wings Birds\",\"isPartOf\":{\"@id\":\"https:\/\/tropicalwingsbirds.shop\/#website\"},\"primaryImageOfPage\":{\"@id\":\"https:\/\/tropicalwingsbirds.shop\/shop\/buy-umbrella-cockatoos\/#primaryimage\"},\"image\":{\"@id\":\"https:\/\/tropicalwingsbirds.shop\/shop\/buy-umbrella-cockatoos\/#primaryimage\"},\"thumbnailUrl\":\"https:\/\/tropicalwingsbirds.shop\/wp-content\/uploads\/2023\/12\/WhatsApp-Image-2021-04-08-at-03.53.11.jpeg\",\"datePublished\":\"2023-12-03T14:05:59+00:00\",\"dateModified\":\"2023-12-03T14:06:38+00:00\",\"breadcrumb\":{\"@id\":\"https:\/\/tropicalwingsbirds.shop\/shop\/buy-umbrella-cockatoos\/#breadcrumb\"},\"inLanguage\":\"ca\",\"potentialAction\":[{\"@type\":\"ReadAction\",\"target\":[\"https:\/\/tropicalwingsbirds.shop\/shop\/buy-umbrella-cockatoos\/\"]}]},{\"@type\":\"ImageObject\",\"inLanguage\":\"ca\",\"@id\":\"https:\/\/tropicalwingsbirds.shop\/shop\/buy-umbrella-cockatoos\/#primaryimage\",\"url\":\"https:\/\/tropicalwingsbirds.shop\/wp-content\/uploads\/2023\/12\/WhatsApp-Image-2021-04-08-at-03.53.11.jpeg\",\"contentUrl\":\"https:\/\/tropicalwingsbirds.shop\/wp-content\/uploads\/2023\/12\/WhatsApp-Image-2021-04-08-at-03.53.11.jpeg\",\"width\":720,\"height\":960},{\"@type\":\"BreadcrumbList\",\"@id\":\"https:\/\/tropicalwingsbirds.shop\/shop\/buy-umbrella-cockatoos\/#breadcrumb\",\"itemListElement\":[{\"@type\":\"ListItem\",\"position\":1,\"name\":\"Home\",\"item\":\"https:\/\/tropicalwingsbirds.shop\/\"},{\"@type\":\"ListItem\",\"position\":2,\"name\":\"Shop\",\"item\":\"https:\/\/tropicalwingsbirds.shop\/shop\/\"},{\"@type\":\"ListItem\",\"position\":3,\"name\":\"Buy Umbrella Cockatoos\"}]},{\"@type\":\"WebSite\",\"@id\":\"https:\/\/tropicalwingsbirds.shop\/#website\",\"url\":\"https:\/\/tropicalwingsbirds.shop\/\",\"name\":\"Tropical Wings Birds\",\"description\":\"Best Exotic birds breeders online\",\"publisher\":{\"@id\":\"https:\/\/tropicalwingsbirds.shop\/#organization\"},\"potentialAction\":[{\"@type\":\"SearchAction\",\"target\":{\"@type\":\"EntryPoint\",\"urlTemplate\":\"https:\/\/tropicalwingsbirds.shop\/?s={search_term_string}\"},\"query-input\":{\"@type\":\"PropertyValueSpecification\",\"valueRequired\":true,\"valueName\":\"search_term_string\"}}],\"inLanguage\":\"ca\"},{\"@type\":[\"Organization\",\"Place\",\"PetStore\"],\"@id\":\"https:\/\/tropicalwingsbirds.shop\/#organization\",\"name\":\"Tropical Wings Birds Shop\",\"alternateName\":\"TPWB\",\"url\":\"https:\/\/tropicalwingsbirds.shop\/\",\"logo\":{\"@id\":\"https:\/\/tropicalwingsbirds.shop\/shop\/buy-umbrella-cockatoos\/#local-main-organization-logo\"},\"image\":{\"@id\":\"https:\/\/tropicalwingsbirds.shop\/shop\/buy-umbrella-cockatoos\/#local-main-organization-logo\"},\"sameAs\":[\"https:\/\/web.facebook.com\/profile.php?id=61551502767851&mibextid=2JQ9oc&_rdc=1&_rdr\"],\"description\":\"Tropical Wings Birds is your destination for exotic avian companionship. Our boutique aviary in United States offers a curated selection of vibrant tropical birds sourced from reputable breeders worldwide. With a focus on welfare and expertise, our dedicated team is here to guide you on your journey to finding the perfect feathered friend. Visit us today and experience the magic of avian companionship at Tropical Wings Birds.\",\"legalName\":\"Tropical Wings Birds\",\"foundingDate\":\"2019-02-14\",\"numberOfEmployees\":{\"@type\":\"QuantitativeValue\",\"minValue\":\"1\",\"maxValue\":\"10\"},\"address\":{\"@id\":\"https:\/\/tropicalwingsbirds.shop\/shop\/buy-umbrella-cockatoos\/#local-main-place-address\"},\"geo\":{\"@type\":\"GeoCoordinates\",\"latitude\":\"40.5976725\",\"longitude\":\"-122.3716346\"},\"telephone\":[\"+1 707-733-4623\",\"+1 707-733-4623\"],\"contactPoint\":{\"@type\":\"ContactPoint\",\"telephone\":\"+1 707-733-4623\",\"email\":\"sales@tropicalwingsbirds.shop\"},\"openingHoursSpecification\":{\"@type\":\"OpeningHoursSpecification\",\"dayOfWeek\":[\"Monday\",\"Tuesday\",\"Wednesday\",\"Thursday\",\"Friday\",\"Saturday\",\"Sunday\"],\"opens\":\"00:00\",\"closes\":\"23:59\"},\"email\":\"sales@tropicalwingsbirds.shop\",\"faxNumber\":\"+1 707-733-4623\",\"areaServed\":\"United states, Porto Rico, Canada, Australia\",\"priceRange\":\"$\",\"currenciesAccepted\":\"USD, CAD, AUD,\",\"paymentAccepted\":\"Zelle, Paypal, Bitcoin, Apple pay, Credit cards, Bank transfers\"},{\"@type\":\"PostalAddress\",\"@id\":\"https:\/\/tropicalwingsbirds.shop\/shop\/buy-umbrella-cockatoos\/#local-main-place-address\",\"streetAddress\":\"500 Hilltop Dr,\",\"addressLocality\":\"Redding\",\"postalCode\":\"96003\",\"addressRegion\":\"California\",\"addressCountry\":\"US\"},{\"@type\":\"ImageObject\",\"inLanguage\":\"ca\",\"@id\":\"https:\/\/tropicalwingsbirds.shop\/shop\/buy-umbrella-cockatoos\/#local-main-organization-logo\",\"url\":\"https:\/\/tropicalwingsbirds.shop\/wp-content\/uploads\/2024\/01\/tropical-wings-1.webp\",\"contentUrl\":\"https:\/\/tropicalwingsbirds.shop\/wp-content\/uploads\/2024\/01\/tropical-wings-1.webp\",\"width\":500,\"height\":500,\"caption\":\"Tropical Wings Birds Shop\"}]}<\/script>\n<meta property=\"product:price:currency\" content=\"USD\" \/>\n<meta property=\"og:availability\" content=\"instock\" \/>\n<meta property=\"product:availability\" content=\"instock\" \/>\n<meta property=\"product:condition\" content=\"new\" \/>\n<meta name=\"geo.placename\" content=\"Redding\" \/>\n<meta name=\"geo.position\" content=\"40.5976725;-122.3716346\" \/>\n<meta name=\"geo.region\" content=\"Estats Units (US)\" \/>\n<!-- \/ Yoast SEO Premium plugin. -->","yoast_head_json":{"title":"Comprar cacatues paraigua - Tropical Wings Birds","robots":{"index":"index","follow":"follow","max-snippet":"max-snippet:-1","max-image-preview":"max-image-preview:large","max-video-preview":"max-video-preview:-1"},"canonical":"https:\/\/tropicalwingsbirds.shop\/ca\/botiga\/comprar-cacatues-paraigua\/","og_locale":"ca_ES","og_type":"article","og_title":"Buy Umbrella Cockatoos","og_description":"Species: Umbrella Cockatoo Sex : Male \/ Female (Not Sex Preference when placing your order)Age: 9 to 11-Month-Old Size: Small (Weaned \u2013 Can eat by themselves)Health: 100% guaranteedShipping: Inclusive in Price (More about Shipping) All the parrots will be sold with a health certificate and ID steel rings (close rung) on their legs and 24 hrs aftercare service for total peace of mind. We are happy to help with any questions or concerns you may have prior to purchasing regarding cages, housing, diet, or any other concern you may have we will be happy to help. I also have other baby parrots available.","og_url":"https:\/\/tropicalwingsbirds.shop\/ca\/botiga\/comprar-cacatues-paraigua\/","og_site_name":"Tropical Wings Birds","article_publisher":"https:\/\/web.facebook.com\/profile.php?id=61551502767851&mibextid=2JQ9oc&_rdc=1&_rdr","article_modified_time":"2023-12-03T14:06:38+00:00","og_image":[{"width":720,"height":960,"url":"https:\/\/tropicalwingsbirds.shop\/wp-content\/uploads\/2023\/12\/WhatsApp-Image-2021-04-08-at-03.53.11.jpeg","type":"image\/jpeg"}],"twitter_card":"summary_large_image","twitter_misc":{"Preu":"","Disponibilitat":"En estoc"},"schema":{"@context":"https:\/\/schema.org","@graph":[{"@type":"WebPage","@id":"https:\/\/tropicalwingsbirds.shop\/shop\/buy-umbrella-cockatoos\/","url":"https:\/\/tropicalwingsbirds.shop\/shop\/buy-umbrella-cockatoos\/","name":"Comprar cacatues paraigua - Tropical Wings Birds","isPartOf":{"@id":"https:\/\/tropicalwingsbirds.shop\/#website"},"primaryImageOfPage":{"@id":"https:\/\/tropicalwingsbirds.shop\/shop\/buy-umbrella-cockatoos\/#primaryimage"},"image":{"@id":"https:\/\/tropicalwingsbirds.shop\/shop\/buy-umbrella-cockatoos\/#primaryimage"},"thumbnailUrl":"https:\/\/tropicalwingsbirds.shop\/wp-content\/uploads\/2023\/12\/WhatsApp-Image-2021-04-08-at-03.53.11.jpeg","datePublished":"2023-12-03T14:05:59+00:00","dateModified":"2023-12-03T14:06:38+00:00","breadcrumb":{"@id":"https:\/\/tropicalwingsbirds.shop\/shop\/buy-umbrella-cockatoos\/#breadcrumb"},"inLanguage":"ca","potentialAction":[{"@type":"ReadAction","target":["https:\/\/tropicalwingsbirds.shop\/shop\/buy-umbrella-cockatoos\/"]}]},{"@type":"ImageObject","inLanguage":"ca","@id":"https:\/\/tropicalwingsbirds.shop\/shop\/buy-umbrella-cockatoos\/#primaryimage","url":"https:\/\/tropicalwingsbirds.shop\/wp-content\/uploads\/2023\/12\/WhatsApp-Image-2021-04-08-at-03.53.11.jpeg","contentUrl":"https:\/\/tropicalwingsbirds.shop\/wp-content\/uploads\/2023\/12\/WhatsApp-Image-2021-04-08-at-03.53.11.jpeg","width":720,"height":960},{"@type":"BreadcrumbList","@id":"https:\/\/tropicalwingsbirds.shop\/shop\/buy-umbrella-cockatoos\/#breadcrumb","itemListElement":[{"@type":"ListItem","position":1,"name":"Home","item":"https:\/\/tropicalwingsbirds.shop\/"},{"@type":"ListItem","position":2,"name":"Shop","item":"https:\/\/tropicalwingsbirds.shop\/shop\/"},{"@type":"ListItem","position":3,"name":"Buy Umbrella Cockatoos"}]},{"@type":"WebSite","@id":"https:\/\/tropicalwingsbirds.shop\/#website","url":"https:\/\/tropicalwingsbirds.shop\/","name":"Ales tropicals d&#039;ocells","description":"Els millors criadors d&#039;aus ex\u00f2tiques en l\u00ednia","publisher":{"@id":"https:\/\/tropicalwingsbirds.shop\/#organization"},"potentialAction":[{"@type":"SearchAction","target":{"@type":"EntryPoint","urlTemplate":"https:\/\/tropicalwingsbirds.shop\/?s={search_term_string}"},"query-input":{"@type":"PropertyValueSpecification","valueRequired":true,"valueName":"search_term_string"}}],"inLanguage":"ca"},{"@type":["Organization","Place","PetStore"],"@id":"https:\/\/tropicalwingsbirds.shop\/#organization","name":"Tropical Wings Birds Shop","alternateName":"TPWB","url":"https:\/\/tropicalwingsbirds.shop\/","logo":{"@id":"https:\/\/tropicalwingsbirds.shop\/shop\/buy-umbrella-cockatoos\/#local-main-organization-logo"},"image":{"@id":"https:\/\/tropicalwingsbirds.shop\/shop\/buy-umbrella-cockatoos\/#local-main-organization-logo"},"sameAs":["https:\/\/web.facebook.com\/profile.php?id=61551502767851&mibextid=2JQ9oc&_rdc=1&_rdr"],"description":"Tropical Wings Birds \u00e9s la vostra destinaci\u00f3 per a la companyia d&#039;aus ex\u00f2tiques. El nostre aviari boutique als Estats Units ofereix una selecci\u00f3 curada d&#039;aus tropicals vibrants procedents de criadors de renom a tot el m\u00f3n. Amb un enfocament en el benestar i l&#039;experi\u00e8ncia, el nostre equip dedicat est\u00e0 aqu\u00ed per guiar-vos en el vostre viatge per trobar l&#039;amic amb plomes perfecte. Visiteu-nos avui mateix i experimenteu la m\u00e0gia de la companyia aviar a Tropical Wings Birds.","legalName":"Tropical Wings Birds","foundingDate":"2019-02-14","numberOfEmployees":{"@type":"QuantitativeValue","minValue":"1","maxValue":"10"},"address":{"@id":"https:\/\/tropicalwingsbirds.shop\/shop\/buy-umbrella-cockatoos\/#local-main-place-address"},"geo":{"@type":"GeoCoordinates","latitude":"40.5976725","longitude":"-122.3716346"},"telephone":["+1 707-733-4623","+1 707-733-4623"],"contactPoint":{"@type":"ContactPoint","telephone":"+1 707-733-4623","email":"sales@tropicalwingsbirds.shop"},"openingHoursSpecification":{"@type":"OpeningHoursSpecification","dayOfWeek":["Monday","Tuesday","Wednesday","Thursday","Friday","Saturday","Sunday"],"opens":"00:00","closes":"23:59"},"email":"sales@tropicalwingsbirds.shop","faxNumber":"+1 707-733-4623","areaServed":"United states, Porto Rico, Canada, Australia","priceRange":"$","currenciesAccepted":"USD, CAD, AUD,","paymentAccepted":"Zelle, Paypal, Bitcoin, Apple pay, Credit cards, Bank transfers"},{"@type":"PostalAddress","@id":"https:\/\/tropicalwingsbirds.shop\/shop\/buy-umbrella-cockatoos\/#local-main-place-address","streetAddress":"500 Hilltop Dr,","addressLocality":"Redding","postalCode":"96003","addressRegion":"California","addressCountry":"US"},{"@type":"ImageObject","inLanguage":"ca","@id":"https:\/\/tropicalwingsbirds.shop\/shop\/buy-umbrella-cockatoos\/#local-main-organization-logo","url":"https:\/\/tropicalwingsbirds.shop\/wp-content\/uploads\/2024\/01\/tropical-wings-1.webp","contentUrl":"https:\/\/tropicalwingsbirds.shop\/wp-content\/uploads\/2024\/01\/tropical-wings-1.webp","width":500,"height":500,"caption":"Tropical Wings Birds Shop"}]},"product_price_currency":"USD","og_availability":"instock","product_availability":"instock","product_condition":"new","geo.placename":"Redding","geo.position":{"lat":"40.5976725","long":"-122.3716346"},"geo.region":"Estats Units (US)"},"_links":{"self":[{"href":"https:\/\/tropicalwingsbirds.shop\/ca\/wp-json\/wp\/v2\/product\/577","targetHints":{"allow":["GET"]}}],"collection":[{"href":"https:\/\/tropicalwingsbirds.shop\/ca\/wp-json\/wp\/v2\/product"}],"about":[{"href":"https:\/\/tropicalwingsbirds.shop\/ca\/wp-json\/wp\/v2\/types\/product"}],"replies":[{"embeddable":true,"href":"https:\/\/tropicalwingsbirds.shop\/ca\/wp-json\/wp\/v2\/comments?post=577"}],"wp:featuredmedia":[{"embeddable":true,"href":"https:\/\/tropicalwingsbirds.shop\/ca\/wp-json\/wp\/v2\/media\/629"}],"wp:attachment":[{"href":"https:\/\/tropicalwingsbirds.shop\/ca\/wp-json\/wp\/v2\/media?parent=577"}],"wp:term":[{"taxonomy":"product_brand","embeddable":true,"href":"https:\/\/tropicalwingsbirds.shop\/ca\/wp-json\/wp\/v2\/product_brand?post=577"},{"taxonomy":"product_cat","embeddable":true,"href":"https:\/\/tropicalwingsbirds.shop\/ca\/wp-json\/wp\/v2\/product_cat?post=577"},{"taxonomy":"product_tag","embeddable":true,"href":"https:\/\/tropicalwingsbirds.shop\/ca\/wp-json\/wp\/v2\/product_tag?post=577"}],"curies":[{"name":"wp","href":"https:\/\/api.w.org\/{rel}","templated":true}]}}