{"id":735,"date":"2023-12-03T14:18:01","date_gmt":"2023-12-03T14:18:01","guid":{"rendered":"https:\/\/tropicalwingsbirds.shop\/?post_type=product&#038;p=735"},"modified":"2023-12-03T14:20:18","modified_gmt":"2023-12-03T14:20:18","slug":"cacatua-dulls-blaus-en-venda","status":"publish","type":"product","link":"https:\/\/tropicalwingsbirds.shop\/ca\/botiga\/cacatua-dulls-blaus-en-venda\/","title":{"rendered":"Cacatua d&#039;ulls blaus en venda"},"content":{"rendered":"<h1><span style=\"background: white\">Cacatua d&#039;ulls blaus criada a m\u00e0 en venda<\/span><\/h1>\n<p style=\"background: white;margin: 0in 0in 6.0pt 0in\"><span style=\"font-size: 10.5pt;font-family: 'Helvetica',sans-serif;color: #1c1e21;background: white\"><a href=\"https:\/\/en.wikipedia.org\/wiki\/Blue-eyed_cockatoo\">Cacatua d&#039;ulls blaus<\/a> en venda, <\/span><span style=\"font-size: 9.0pt;font-family: 'Verdana',sans-serif;color: black\">La inusual cacatua d&#039;ulls blaus \u00e9s un ocell visualment impressionant, posse\u00eft per un car\u00e0cter adorable. Fa les seves necessitats mentre observa tranquil\u00b7lament els que l&#039;envolten. Compra<\/span><span style=\"font-size: 10.5pt;font-family: 'Helvetica',sans-serif;color: #1c1e21;background: white\"> Ulls blaus <a href=\"https:\/\/birdmanspetsource.com\/product\/baby-citron-crested-cockatoo\/\">Cacatua<\/a> en l\u00ednia. <\/span><span style=\"font-size: 9.0pt;font-family: 'Verdana',sans-serif;color: black\">Com passa amb totes les cacatues, molt d&#039;exercici i &quot;enriquiment&quot; del seu entorn vital contribuir\u00e0 en gran mesura a aconseguir un ocell satisfet, ja sigui a casa o a l&#039;aviari. Hem estat criant aquesta esp\u00e8cie des del 2009 aqu\u00ed a Dinamarca. Hi ha un gran augment de popularitat en aquest moment, a mesura que es corre la veu de la seva naturalesa i personalitat atractives. <\/span><span style=\"background: white\">Cacatua ophthalmica en venda.<\/span><\/p>\n<h2>M\u00e9s informaci\u00f3 sobre la cacatua d&#039;ulls blaus<\/h2>\n<p style=\"background: white;margin: 0in 0in 6.0pt 0in\"><span style=\"font-size: 9.0pt;font-family: 'Verdana',sans-serif;color: black\">A la maduresa, faran una mitjana d&#039;entre 45 i 50 cent\u00edmetres (18-20 polzades) de llargada i pesaran entre 500 i 570 grams (18-20 oz). Les cacatues d&#039;ulls blaus reben el seu nom dels cercles blaus de pell sense plomes al voltant dels ulls. El seu plomatge \u00e9s majorit\u00e0riament blanc, tot i que es veu una gran cresta groga i blanca a la part superior dels seus caps. Les plomes grogues es troben darrere del blanc i sovint no es veuen fins que la cresta est\u00e0 aixecada. Tamb\u00e9 es pot veure groc sota les ales i les plomes de la cua. El bec de la cacatua d&#039;ulls blaus \u00e9s negre. <\/span><span style=\"font-size: 10.5pt;font-family: 'Helvetica',sans-serif;color: #1c1e21;background: white\">Cacatua d&#039;ulls blaus en venda.<\/span><\/p>\n<p style=\"background: white;margin: 0in 0in 6.0pt 0in\"><span style=\"font-size: 9.0pt;font-family: 'Verdana',sans-serif;color: black\">La cacatua d&#039;ulls blaus t\u00e9 les potes grises pterod\u00e0ctils (= el primer i el quart dit de cada pota estan dirigits cap enrere i el segon i el tercer cap endavant). Aix\u00f2 permet a aquesta cacatua subjectar objectes i portar menjar al bec mentre est\u00e0 dreta sobre l&#039;altra pota. Els mascles i les femelles s&#039;assemblen; per\u00f2 de vegades es poden distingir pel color dels ulls. Els mascles tradicionalment tenen els ulls negres, mentre que els de la femella tendeixen a ser de color marr\u00f3 vermell\u00f3s; per\u00f2 aquesta petita difer\u00e8ncia no \u00e9s un indicador de g\u00e8nere fiable.<\/span><\/p>\n<h3>Cria \u2013 <span style=\"font-size: 10.5pt;font-family: 'Helvetica',sans-serif;color: #1c1e21;background: white\">Cacatua d&#039;ulls blaus en venda<\/span><\/h3>\n<p style=\"background: white;margin: 0in 0in 6.0pt 0in\"><span style=\"font-size: 9.0pt;font-family: 'Verdana',sans-serif;color: black\">Les cacatues d&#039;ulls blaus s&#039;aparellen de per vida i formen vincles familiars molt estrets. En estat salvatge, normalment es reprodueixen en cavitats d&#039;arbres. Les cacatues d&#039;ulls blaus en captivitat accepten caixes niu de mida adequada. La posta mitjana consta de 2 ous. El mascle i la femella s&#039;incuben per torns. El per\u00edode d&#039;incubaci\u00f3 \u00e9s d&#039;uns 28-30 dies. Tant el mascle com la femella de cacatua d&#039;ulls blaus cuidaran els pollets i els alimentaran fins que es deslletin, entre les 14 i les 16 setmanes aproximadament.<\/span><\/p>\n<h4>Qualitats de la mascota<\/h4>\n<p style=\"background: white;margin: 0in 0in 6.0pt 0in\"><span style=\"font-size: 9.0pt;font-family: 'Verdana',sans-serif;color: black\">La cacatua d&#039;ulls blaus \u00e9s un lloro preci\u00f3s que \u00e9s estimat i admirat pels amants dels ocells de tot el m\u00f3n. Es diu que la cacatua d&#039;ulls blaus \u00e9s una de les cacatues m\u00e9s amigables i juganeres de totes. Els agrada que els manipulin i s\u00f3n conegudes per ser grans imitadores. Les cacatues d&#039;ulls blaus s\u00f3n for\u00e7a sorolloses, tant en estat salvatge com en captivitat. S\u00f3n destructives per als mobles i els propietaris d&#039;ocells experimentats els proporcionaran moltes joguines per mastegar i branques de fusta, aix\u00ed com estimulaci\u00f3 mental per mantenir-les ocupades. Com altres...\u00a0<span style=\"font-size: 12.0pt;color: black;text-decoration: none\">cacatues<\/span>, la cacatua d&#039;ulls blaus requereix una quantitat significativa de temps i atenci\u00f3. La neglig\u00e8ncia sovint provocar\u00e0 l&#039;arrencada de plomes i altres formes d&#039;automutilaci\u00f3. Criada a m\u00e0 <\/span><span style=\"font-size: 10.5pt;font-family: 'Helvetica',sans-serif;color: #1c1e21;background: white\">Cacatua d&#039;ulls blaus en venda.<\/span><\/p><\/p>","protected":false},"excerpt":{"rendered":"<p>Longitud: 18-20 polzades<br \/> Pes: 615\u2013920 grams<br \/> Bandat: S\u00ed<br \/> Sexe per ADN: Dones i Mascles<\/p><\/p>","protected":false},"featured_media":778,"comment_status":"closed","ping_status":"closed","template":"","meta":{"site-sidebar-layout":"default","site-content-layout":"","ast-site-content-layout":"default","site-content-style":"default","site-sidebar-style":"default","ast-global-header-display":"","ast-banner-title-visibility":"","ast-main-header-display":"","ast-hfb-above-header-display":"","ast-hfb-below-header-display":"","ast-hfb-mobile-header-display":"","site-post-title":"","ast-breadcrumbs-content":"","ast-featured-img":"","footer-sml-layout":"","theme-transparent-header-meta":"","adv-header-id-meta":"","stick-header-meta":"","header-above-stick-meta":"","header-main-stick-meta":"","header-below-stick-meta":"","astra-migrate-meta-layouts":"default","ast-page-background-enabled":"default","ast-page-background-meta":{"desktop":{"background-color":"var(--ast-global-color-4)","background-image":"","background-repeat":"repeat","background-position":"center center","background-size":"auto","background-attachment":"scroll","background-type":"","background-media":"","overlay-type":"","overlay-color":"","overlay-opacity":"","overlay-gradient":""},"tablet":{"background-color":"","background-image":"","background-repeat":"repeat","background-position":"center center","background-size":"auto","background-attachment":"scroll","background-type":"","background-media":"","overlay-type":"","overlay-color":"","overlay-opacity":"","overlay-gradient":""},"mobile":{"background-color":"","background-image":"","background-repeat":"repeat","background-position":"center center","background-size":"auto","background-attachment":"scroll","background-type":"","background-media":"","overlay-type":"","overlay-color":"","overlay-opacity":"","overlay-gradient":""}},"ast-content-background-meta":{"desktop":{"background-color":"var(--ast-global-color-5)","background-image":"","background-repeat":"repeat","background-position":"center center","background-size":"auto","background-attachment":"scroll","background-type":"","background-media":"","overlay-type":"","overlay-color":"","overlay-opacity":"","overlay-gradient":""},"tablet":{"background-color":"var(--ast-global-color-5)","background-image":"","background-repeat":"repeat","background-position":"center center","background-size":"auto","background-attachment":"scroll","background-type":"","background-media":"","overlay-type":"","overlay-color":"","overlay-opacity":"","overlay-gradient":""},"mobile":{"background-color":"var(--ast-global-color-5)","background-image":"","background-repeat":"repeat","background-position":"center center","background-size":"auto","background-attachment":"scroll","background-type":"","background-media":"","overlay-type":"","overlay-color":"","overlay-opacity":"","overlay-gradient":""}}},"product_brand":[],"product_cat":[15],"product_tag":[],"class_list":{"0":"post-735","1":"product","2":"type-product","3":"status-publish","4":"has-post-thumbnail","6":"product_cat-uncategorized","7":"desktop-align-left","8":"tablet-align-left","9":"mobile-align-left","10":"ast-product-gallery-layout-horizontal-slider","11":"ast-product-tabs-layout-horizontal","12":"ast-qv-on-image","14":"first","15":"instock","16":"shipping-taxable","17":"product-type-simple"},"yoast_head":"<!-- This site is optimized with the Yoast SEO Premium plugin v23.2 (Yoast SEO v26.8) - https:\/\/yoast.com\/product\/yoast-seo-premium-wordpress\/ -->\n<title>Blue-Eyed Cockatoo for sale - Tropical Wings Birds<\/title>\n<meta name=\"robots\" content=\"index, follow, max-snippet:-1, max-image-preview:large, max-video-preview:-1\" \/>\n<link rel=\"canonical\" href=\"https:\/\/tropicalwingsbirds.shop\/ca\/botiga\/cacatua-dulls-blaus-en-venda\/\" \/>\n<meta property=\"og:locale\" content=\"ca_ES\" \/>\n<meta property=\"og:type\" content=\"article\" \/>\n<meta property=\"og:title\" content=\"Blue-Eyed Cockatoo for sale\" \/>\n<meta property=\"og:description\" content=\"Length: 18-20 inches Weight: 615\u2013920 grams Banded: Yes DNA Sex: Females &amp; Males\" \/>\n<meta property=\"og:url\" content=\"https:\/\/tropicalwingsbirds.shop\/ca\/botiga\/cacatua-dulls-blaus-en-venda\/\" \/>\n<meta property=\"og:site_name\" content=\"Tropical Wings Birds\" \/>\n<meta property=\"article:publisher\" content=\"https:\/\/web.facebook.com\/profile.php?id=61551502767851&amp;mibextid=2JQ9oc&amp;_rdc=1&amp;_rdr\" \/>\n<meta property=\"article:modified_time\" content=\"2023-12-03T14:20:18+00:00\" \/>\n<meta property=\"og:image\" content=\"https:\/\/tropicalwingsbirds.shop\/wp-content\/uploads\/2023\/12\/00001630_1550935271858747_776113904847031679_o.jpg\" \/>\n\t<meta property=\"og:image:width\" content=\"1080\" \/>\n\t<meta property=\"og:image:height\" content=\"1080\" \/>\n\t<meta property=\"og:image:type\" content=\"image\/jpeg\" \/>\n<meta name=\"twitter:card\" content=\"summary_large_image\" \/>\n<meta name=\"twitter:label1\" content=\"Preu\" \/>\n\t<meta name=\"twitter:data1\" content=\"\" \/>\n\t<meta name=\"twitter:label2\" content=\"Disponibilitat\" \/>\n\t<meta name=\"twitter:data2\" content=\"En estoc\" \/>\n<script type=\"application\/ld+json\" class=\"yoast-schema-graph\">{\"@context\":\"https:\/\/schema.org\",\"@graph\":[{\"@type\":\"WebPage\",\"@id\":\"https:\/\/tropicalwingsbirds.shop\/shop\/blue-eyed-cockatoo-for-sale\/\",\"url\":\"https:\/\/tropicalwingsbirds.shop\/shop\/blue-eyed-cockatoo-for-sale\/\",\"name\":\"Blue-Eyed Cockatoo for sale - Tropical Wings Birds\",\"isPartOf\":{\"@id\":\"https:\/\/tropicalwingsbirds.shop\/#website\"},\"primaryImageOfPage\":{\"@id\":\"https:\/\/tropicalwingsbirds.shop\/shop\/blue-eyed-cockatoo-for-sale\/#primaryimage\"},\"image\":{\"@id\":\"https:\/\/tropicalwingsbirds.shop\/shop\/blue-eyed-cockatoo-for-sale\/#primaryimage\"},\"thumbnailUrl\":\"https:\/\/tropicalwingsbirds.shop\/wp-content\/uploads\/2023\/12\/00001630_1550935271858747_776113904847031679_o.jpg\",\"datePublished\":\"2023-12-03T14:18:01+00:00\",\"dateModified\":\"2023-12-03T14:20:18+00:00\",\"breadcrumb\":{\"@id\":\"https:\/\/tropicalwingsbirds.shop\/shop\/blue-eyed-cockatoo-for-sale\/#breadcrumb\"},\"inLanguage\":\"ca\",\"potentialAction\":[{\"@type\":\"ReadAction\",\"target\":[\"https:\/\/tropicalwingsbirds.shop\/shop\/blue-eyed-cockatoo-for-sale\/\"]}]},{\"@type\":\"ImageObject\",\"inLanguage\":\"ca\",\"@id\":\"https:\/\/tropicalwingsbirds.shop\/shop\/blue-eyed-cockatoo-for-sale\/#primaryimage\",\"url\":\"https:\/\/tropicalwingsbirds.shop\/wp-content\/uploads\/2023\/12\/00001630_1550935271858747_776113904847031679_o.jpg\",\"contentUrl\":\"https:\/\/tropicalwingsbirds.shop\/wp-content\/uploads\/2023\/12\/00001630_1550935271858747_776113904847031679_o.jpg\",\"width\":1080,\"height\":1080},{\"@type\":\"BreadcrumbList\",\"@id\":\"https:\/\/tropicalwingsbirds.shop\/shop\/blue-eyed-cockatoo-for-sale\/#breadcrumb\",\"itemListElement\":[{\"@type\":\"ListItem\",\"position\":1,\"name\":\"Home\",\"item\":\"https:\/\/tropicalwingsbirds.shop\/\"},{\"@type\":\"ListItem\",\"position\":2,\"name\":\"Shop\",\"item\":\"https:\/\/tropicalwingsbirds.shop\/shop\/\"},{\"@type\":\"ListItem\",\"position\":3,\"name\":\"Blue-Eyed Cockatoo for sale\"}]},{\"@type\":\"WebSite\",\"@id\":\"https:\/\/tropicalwingsbirds.shop\/#website\",\"url\":\"https:\/\/tropicalwingsbirds.shop\/\",\"name\":\"Tropical Wings Birds\",\"description\":\"Best Exotic birds breeders online\",\"publisher\":{\"@id\":\"https:\/\/tropicalwingsbirds.shop\/#organization\"},\"potentialAction\":[{\"@type\":\"SearchAction\",\"target\":{\"@type\":\"EntryPoint\",\"urlTemplate\":\"https:\/\/tropicalwingsbirds.shop\/?s={search_term_string}\"},\"query-input\":{\"@type\":\"PropertyValueSpecification\",\"valueRequired\":true,\"valueName\":\"search_term_string\"}}],\"inLanguage\":\"ca\"},{\"@type\":[\"Organization\",\"Place\",\"PetStore\"],\"@id\":\"https:\/\/tropicalwingsbirds.shop\/#organization\",\"name\":\"Tropical Wings Birds Shop\",\"alternateName\":\"TPWB\",\"url\":\"https:\/\/tropicalwingsbirds.shop\/\",\"logo\":{\"@id\":\"https:\/\/tropicalwingsbirds.shop\/shop\/blue-eyed-cockatoo-for-sale\/#local-main-organization-logo\"},\"image\":{\"@id\":\"https:\/\/tropicalwingsbirds.shop\/shop\/blue-eyed-cockatoo-for-sale\/#local-main-organization-logo\"},\"sameAs\":[\"https:\/\/web.facebook.com\/profile.php?id=61551502767851&mibextid=2JQ9oc&_rdc=1&_rdr\"],\"description\":\"Tropical Wings Birds is your destination for exotic avian companionship. Our boutique aviary in United States offers a curated selection of vibrant tropical birds sourced from reputable breeders worldwide. With a focus on welfare and expertise, our dedicated team is here to guide you on your journey to finding the perfect feathered friend. Visit us today and experience the magic of avian companionship at Tropical Wings Birds.\",\"legalName\":\"Tropical Wings Birds\",\"foundingDate\":\"2019-02-14\",\"numberOfEmployees\":{\"@type\":\"QuantitativeValue\",\"minValue\":\"1\",\"maxValue\":\"10\"},\"address\":{\"@id\":\"https:\/\/tropicalwingsbirds.shop\/shop\/blue-eyed-cockatoo-for-sale\/#local-main-place-address\"},\"geo\":{\"@type\":\"GeoCoordinates\",\"latitude\":\"40.5976725\",\"longitude\":\"-122.3716346\"},\"telephone\":[\"+1 707-733-4623\",\"+1 707-733-4623\"],\"contactPoint\":{\"@type\":\"ContactPoint\",\"telephone\":\"+1 707-733-4623\",\"email\":\"sales@tropicalwingsbirds.shop\"},\"openingHoursSpecification\":{\"@type\":\"OpeningHoursSpecification\",\"dayOfWeek\":[\"Monday\",\"Tuesday\",\"Wednesday\",\"Thursday\",\"Friday\",\"Saturday\",\"Sunday\"],\"opens\":\"00:00\",\"closes\":\"23:59\"},\"email\":\"sales@tropicalwingsbirds.shop\",\"faxNumber\":\"+1 707-733-4623\",\"areaServed\":\"United states, Porto Rico, Canada, Australia\",\"priceRange\":\"$\",\"currenciesAccepted\":\"USD, CAD, AUD,\",\"paymentAccepted\":\"Zelle, Paypal, Bitcoin, Apple pay, Credit cards, Bank transfers\"},{\"@type\":\"PostalAddress\",\"@id\":\"https:\/\/tropicalwingsbirds.shop\/shop\/blue-eyed-cockatoo-for-sale\/#local-main-place-address\",\"streetAddress\":\"500 Hilltop Dr,\",\"addressLocality\":\"Redding\",\"postalCode\":\"96003\",\"addressRegion\":\"California\",\"addressCountry\":\"US\"},{\"@type\":\"ImageObject\",\"inLanguage\":\"ca\",\"@id\":\"https:\/\/tropicalwingsbirds.shop\/shop\/blue-eyed-cockatoo-for-sale\/#local-main-organization-logo\",\"url\":\"https:\/\/tropicalwingsbirds.shop\/wp-content\/uploads\/2024\/01\/tropical-wings-1.webp\",\"contentUrl\":\"https:\/\/tropicalwingsbirds.shop\/wp-content\/uploads\/2024\/01\/tropical-wings-1.webp\",\"width\":500,\"height\":500,\"caption\":\"Tropical Wings Birds Shop\"}]}<\/script>\n<meta property=\"product:price:currency\" content=\"USD\" \/>\n<meta property=\"og:availability\" content=\"instock\" \/>\n<meta property=\"product:availability\" content=\"instock\" \/>\n<meta property=\"product:condition\" content=\"new\" \/>\n<meta name=\"geo.placename\" content=\"Redding\" \/>\n<meta name=\"geo.position\" content=\"40.5976725;-122.3716346\" \/>\n<meta name=\"geo.region\" content=\"Estats Units (US)\" \/>\n<!-- \/ Yoast SEO Premium plugin. -->","yoast_head_json":{"title":"Cacatua d&#039;ulls blaus en venda - Tropical Wings Birds","robots":{"index":"index","follow":"follow","max-snippet":"max-snippet:-1","max-image-preview":"max-image-preview:large","max-video-preview":"max-video-preview:-1"},"canonical":"https:\/\/tropicalwingsbirds.shop\/ca\/botiga\/cacatua-dulls-blaus-en-venda\/","og_locale":"ca_ES","og_type":"article","og_title":"Blue-Eyed Cockatoo for sale","og_description":"Length: 18-20 inches Weight: 615\u2013920 grams Banded: Yes DNA Sex: Females &amp; Males","og_url":"https:\/\/tropicalwingsbirds.shop\/ca\/botiga\/cacatua-dulls-blaus-en-venda\/","og_site_name":"Tropical Wings Birds","article_publisher":"https:\/\/web.facebook.com\/profile.php?id=61551502767851&mibextid=2JQ9oc&_rdc=1&_rdr","article_modified_time":"2023-12-03T14:20:18+00:00","og_image":[{"width":1080,"height":1080,"url":"https:\/\/tropicalwingsbirds.shop\/wp-content\/uploads\/2023\/12\/00001630_1550935271858747_776113904847031679_o.jpg","type":"image\/jpeg"}],"twitter_card":"summary_large_image","twitter_misc":{"Preu":"","Disponibilitat":"En estoc"},"schema":{"@context":"https:\/\/schema.org","@graph":[{"@type":"WebPage","@id":"https:\/\/tropicalwingsbirds.shop\/shop\/blue-eyed-cockatoo-for-sale\/","url":"https:\/\/tropicalwingsbirds.shop\/shop\/blue-eyed-cockatoo-for-sale\/","name":"Cacatua d&#039;ulls blaus en venda - Tropical Wings Birds","isPartOf":{"@id":"https:\/\/tropicalwingsbirds.shop\/#website"},"primaryImageOfPage":{"@id":"https:\/\/tropicalwingsbirds.shop\/shop\/blue-eyed-cockatoo-for-sale\/#primaryimage"},"image":{"@id":"https:\/\/tropicalwingsbirds.shop\/shop\/blue-eyed-cockatoo-for-sale\/#primaryimage"},"thumbnailUrl":"https:\/\/tropicalwingsbirds.shop\/wp-content\/uploads\/2023\/12\/00001630_1550935271858747_776113904847031679_o.jpg","datePublished":"2023-12-03T14:18:01+00:00","dateModified":"2023-12-03T14:20:18+00:00","breadcrumb":{"@id":"https:\/\/tropicalwingsbirds.shop\/shop\/blue-eyed-cockatoo-for-sale\/#breadcrumb"},"inLanguage":"ca","potentialAction":[{"@type":"ReadAction","target":["https:\/\/tropicalwingsbirds.shop\/shop\/blue-eyed-cockatoo-for-sale\/"]}]},{"@type":"ImageObject","inLanguage":"ca","@id":"https:\/\/tropicalwingsbirds.shop\/shop\/blue-eyed-cockatoo-for-sale\/#primaryimage","url":"https:\/\/tropicalwingsbirds.shop\/wp-content\/uploads\/2023\/12\/00001630_1550935271858747_776113904847031679_o.jpg","contentUrl":"https:\/\/tropicalwingsbirds.shop\/wp-content\/uploads\/2023\/12\/00001630_1550935271858747_776113904847031679_o.jpg","width":1080,"height":1080},{"@type":"BreadcrumbList","@id":"https:\/\/tropicalwingsbirds.shop\/shop\/blue-eyed-cockatoo-for-sale\/#breadcrumb","itemListElement":[{"@type":"ListItem","position":1,"name":"Home","item":"https:\/\/tropicalwingsbirds.shop\/"},{"@type":"ListItem","position":2,"name":"Shop","item":"https:\/\/tropicalwingsbirds.shop\/shop\/"},{"@type":"ListItem","position":3,"name":"Blue-Eyed Cockatoo for sale"}]},{"@type":"WebSite","@id":"https:\/\/tropicalwingsbirds.shop\/#website","url":"https:\/\/tropicalwingsbirds.shop\/","name":"Ales tropicals d&#039;ocells","description":"Els millors criadors d&#039;aus ex\u00f2tiques en l\u00ednia","publisher":{"@id":"https:\/\/tropicalwingsbirds.shop\/#organization"},"potentialAction":[{"@type":"SearchAction","target":{"@type":"EntryPoint","urlTemplate":"https:\/\/tropicalwingsbirds.shop\/?s={search_term_string}"},"query-input":{"@type":"PropertyValueSpecification","valueRequired":true,"valueName":"search_term_string"}}],"inLanguage":"ca"},{"@type":["Organization","Place","PetStore"],"@id":"https:\/\/tropicalwingsbirds.shop\/#organization","name":"Tropical Wings Birds Shop","alternateName":"TPWB","url":"https:\/\/tropicalwingsbirds.shop\/","logo":{"@id":"https:\/\/tropicalwingsbirds.shop\/shop\/blue-eyed-cockatoo-for-sale\/#local-main-organization-logo"},"image":{"@id":"https:\/\/tropicalwingsbirds.shop\/shop\/blue-eyed-cockatoo-for-sale\/#local-main-organization-logo"},"sameAs":["https:\/\/web.facebook.com\/profile.php?id=61551502767851&mibextid=2JQ9oc&_rdc=1&_rdr"],"description":"Tropical Wings Birds \u00e9s la vostra destinaci\u00f3 per a la companyia d&#039;aus ex\u00f2tiques. El nostre aviari boutique als Estats Units ofereix una selecci\u00f3 curada d&#039;aus tropicals vibrants procedents de criadors de renom a tot el m\u00f3n. Amb un enfocament en el benestar i l&#039;experi\u00e8ncia, el nostre equip dedicat est\u00e0 aqu\u00ed per guiar-vos en el vostre viatge per trobar l&#039;amic amb plomes perfecte. Visiteu-nos avui mateix i experimenteu la m\u00e0gia de la companyia aviar a Tropical Wings Birds.","legalName":"Tropical Wings Birds","foundingDate":"2019-02-14","numberOfEmployees":{"@type":"QuantitativeValue","minValue":"1","maxValue":"10"},"address":{"@id":"https:\/\/tropicalwingsbirds.shop\/shop\/blue-eyed-cockatoo-for-sale\/#local-main-place-address"},"geo":{"@type":"GeoCoordinates","latitude":"40.5976725","longitude":"-122.3716346"},"telephone":["+1 707-733-4623","+1 707-733-4623"],"contactPoint":{"@type":"ContactPoint","telephone":"+1 707-733-4623","email":"sales@tropicalwingsbirds.shop"},"openingHoursSpecification":{"@type":"OpeningHoursSpecification","dayOfWeek":["Monday","Tuesday","Wednesday","Thursday","Friday","Saturday","Sunday"],"opens":"00:00","closes":"23:59"},"email":"sales@tropicalwingsbirds.shop","faxNumber":"+1 707-733-4623","areaServed":"United states, Porto Rico, Canada, Australia","priceRange":"$","currenciesAccepted":"USD, CAD, AUD,","paymentAccepted":"Zelle, Paypal, Bitcoin, Apple pay, Credit cards, Bank transfers"},{"@type":"PostalAddress","@id":"https:\/\/tropicalwingsbirds.shop\/shop\/blue-eyed-cockatoo-for-sale\/#local-main-place-address","streetAddress":"500 Hilltop Dr,","addressLocality":"Redding","postalCode":"96003","addressRegion":"California","addressCountry":"US"},{"@type":"ImageObject","inLanguage":"ca","@id":"https:\/\/tropicalwingsbirds.shop\/shop\/blue-eyed-cockatoo-for-sale\/#local-main-organization-logo","url":"https:\/\/tropicalwingsbirds.shop\/wp-content\/uploads\/2024\/01\/tropical-wings-1.webp","contentUrl":"https:\/\/tropicalwingsbirds.shop\/wp-content\/uploads\/2024\/01\/tropical-wings-1.webp","width":500,"height":500,"caption":"Tropical Wings Birds Shop"}]},"product_price_currency":"USD","og_availability":"instock","product_availability":"instock","product_condition":"new","geo.placename":"Redding","geo.position":{"lat":"40.5976725","long":"-122.3716346"},"geo.region":"Estats Units (US)"},"_links":{"self":[{"href":"https:\/\/tropicalwingsbirds.shop\/ca\/wp-json\/wp\/v2\/product\/735","targetHints":{"allow":["GET"]}}],"collection":[{"href":"https:\/\/tropicalwingsbirds.shop\/ca\/wp-json\/wp\/v2\/product"}],"about":[{"href":"https:\/\/tropicalwingsbirds.shop\/ca\/wp-json\/wp\/v2\/types\/product"}],"replies":[{"embeddable":true,"href":"https:\/\/tropicalwingsbirds.shop\/ca\/wp-json\/wp\/v2\/comments?post=735"}],"wp:featuredmedia":[{"embeddable":true,"href":"https:\/\/tropicalwingsbirds.shop\/ca\/wp-json\/wp\/v2\/media\/778"}],"wp:attachment":[{"href":"https:\/\/tropicalwingsbirds.shop\/ca\/wp-json\/wp\/v2\/media?parent=735"}],"wp:term":[{"taxonomy":"product_brand","embeddable":true,"href":"https:\/\/tropicalwingsbirds.shop\/ca\/wp-json\/wp\/v2\/product_brand?post=735"},{"taxonomy":"product_cat","embeddable":true,"href":"https:\/\/tropicalwingsbirds.shop\/ca\/wp-json\/wp\/v2\/product_cat?post=735"},{"taxonomy":"product_tag","embeddable":true,"href":"https:\/\/tropicalwingsbirds.shop\/ca\/wp-json\/wp\/v2\/product_tag?post=735"}],"curies":[{"name":"wp","href":"https:\/\/api.w.org\/{rel}","templated":true}]}}