{"id":964,"date":"2023-12-03T14:35:07","date_gmt":"2023-12-03T14:35:07","guid":{"rendered":"https:\/\/tropicalwingsbirds.shop\/?post_type=product&#038;p=964"},"modified":"2026-04-17T22:03:52","modified_gmt":"2026-04-17T22:03:52","slug":"r-com-rcom-juragon-pro-90-px-r90","status":"publish","type":"product","link":"https:\/\/tropicalwingsbirds.shop\/ca\/botiga\/r-com-rcom-juragon-pro-90-px-r90\/","title":{"rendered":"R-com Rcom Juragon Pro 90 PX R90"},"content":{"rendered":"<h1>Rcom Juragon Pro 90-PX-R90<\/h1>\n<p><a href=\"https:\/\/birdmanspetsource.com\/product\/hyacinth-macaw-3\/\">Rcom<\/a> Juragon Pro 90-PX-R90, <b>A causa de l&#039;augment de la demanda, hem redu\u00eft temporalment la selecci\u00f3 de productes disponibles per a l&#039;enviament a la vostra regi\u00f3. Estem treballant per millorar la disponibilitat de la selecci\u00f3 el m\u00e9s aviat possible. Rcom Juragon Pro 90-PX-R<a href=\"https:\/\/en.wikipedia.org\/wiki\/Reliance_Group\">90<\/a>.\u00a0<\/b><\/p>\n<h2 class=\"a-spacing-small\">Especificacions per a aquest article<\/h2>\n<div class=\"a-row\">\n<div class=\"a-column a-span12 a-span-last\">\n<div class=\"a-expander-collapsed-height a-row a-expander-container a-expander-partial-collapse-container\" data-a-expander-name=\"psw_table_expander\" data-a-expander-collapsed-height=\"300\">\n<div class=\"a-expander-content a-expander-partial-collapse-content a-expander-content-expanded\">\n<table id=\"product-specification-table\" class=\"a-keyvalue\">\n<tbody>\n<tr>\n<th class=\"a-span4 a-text-right\">\n<h3>Nom de marca<\/h3>\n<\/th>\n<td>\n<h3>R+Co<\/h3>\n<\/td>\n<\/tr>\n<tr>\n<th class=\"a-span4 a-text-right\">\n<h3>Color<\/h3>\n<\/th>\n<td>\n<h3>Blanc<\/h3>\n<\/td>\n<\/tr>\n<tr>\n<th class=\"a-span4 a-text-right\">\n<h3>Ean<\/h3>\n<\/th>\n<td>\n<h3>0738283665318<\/h3>\n<\/td>\n<\/tr>\n<tr>\n<th class=\"a-span4 a-text-right\">\n<h3>Al\u00e7ada<\/h3>\n<\/th>\n<td>\n<h3>7,0 polzades<\/h3>\n<\/td>\n<\/tr>\n<tr>\n<th class=\"a-span4 a-text-right\">\n<h3>Components inclosos<\/h3>\n<\/th>\n<td>\n<h3>Incubadora, font d&#039;alimentaci\u00f3<\/h3>\n<\/td>\n<\/tr>\n<tr>\n<th class=\"a-span4 a-text-right\">\n<h3>Pes de l&#039;article<\/h3>\n<\/th>\n<td>\n<h3>10,00 lliures<\/h3>\n<\/td>\n<\/tr>\n<tr>\n<th class=\"a-span4 a-text-right\">\n<h3>Longitud<\/h3>\n<\/th>\n<td>\n<h3>25,0 polzades<\/h3>\n<\/td>\n<\/tr>\n<tr>\n<th class=\"a-span4 a-text-right\">\n<h3>Material<\/h3>\n<\/th>\n<td>\n<h3>Metall\/Pl\u00e0stic<\/h3>\n<\/td>\n<\/tr>\n<tr>\n<th class=\"a-span4 a-text-right\">\n<h3>N\u00famero de model<\/h3>\n<\/th>\n<td>\n<h3>PX-R90<\/h3>\n<\/td>\n<\/tr>\n<tr>\n<th class=\"a-span4 a-text-right\">\n<h3>Nombre d&#039;elements<\/h3>\n<\/th>\n<td>\n<h3>1<\/h3>\n<\/td>\n<\/tr>\n<tr>\n<th class=\"a-span4 a-text-right\">\n<h3>N\u00famero de pe\u00e7a<\/h3>\n<\/th>\n<td>\n<h3>PX-R90<\/h3>\n<\/td>\n<\/tr>\n<tr>\n<th class=\"a-span4 a-text-right\">\n<h3>Tipus de font d&#039;alimentaci\u00f3<\/h3>\n<\/th>\n<td>\n<h3>El\u00e8ctric<\/h3>\n<\/td>\n<\/tr>\n<tr>\n<th class=\"a-span4 a-text-right\">\n<h3>Codi UNSPSC<\/h3>\n<\/th>\n<td>\n<h3>41000000<\/h3>\n<\/td>\n<\/tr>\n<tr>\n<th class=\"a-span4 a-text-right\">\n<h3>UPC<\/h3>\n<\/th>\n<td>\n<h3>738283665318<\/h3>\n<\/td>\n<\/tr>\n<tr>\n<th class=\"a-span4 a-text-right\">\n<h3>Voltatge<\/h3>\n<\/th>\n<td>\n<h3>110,00 volts<\/h3>\n<\/td>\n<\/tr>\n<tr>\n<th class=\"a-span4 a-text-right\">\n<h3>Descripci\u00f3 de la garantia<\/h3>\n<\/th>\n<td>\n<h3>Garantia del fabricant d&#039;1 any. Centre de servei per a criadores i incubadores A&amp;I situat a Florida, EUA.<\/h3>\n<\/td>\n<\/tr>\n<tr>\n<th class=\"a-span4 a-text-right\">\n<h3>Amplada<\/h3>\n<\/th>\n<td>\n<h3>20,0 polzades<\/h3>\n<\/td>\n<\/tr>\n<\/tbody>\n<\/table>\n<h3 class=\"default\">Descripci\u00f3 del producte<\/h3>\n<div id=\"productDescription\" class=\"a-section a-spacing-small\">\n<p>Configuraci\u00f3 i control autom\u00e0tics de la temperatura. Configuraci\u00f3 i control autom\u00e0tic de la humitat. Intercanvi de graus Fahrenheit a Celsius. Funcions d&#039;alarma de lectura. Capacitat de 10 a 120 ous. La tapa transparent gran permet una f\u00e0cil visualitzaci\u00f3 dels ous. Pantalla gran per a totes les lectures, configuracions i controls. Alarma audible si el dip\u00f2sit d&#039;aigua s&#039;est\u00e0 quedant baix (humitat). El xip de microprocessador controla totes les condicions d&#039;incubaci\u00f3 per a diverses esp\u00e8cies de r\u00e8ptils, cosa que permet un \u00fas f\u00e0cil per a principiants. Els gr\u00e0fics LCD animats proporcionen un estat f\u00e0cil de totes les funcions. La part inferior del cos es desmunta r\u00e0pidament per facilitar la neteja entre eclosions. Configuraci\u00f3 di\u00e0ria de la difer\u00e8ncia de temperatura disponible. Ventilador BLDC per mantenir una difer\u00e8ncia de temperatura uniforme. C\u00e0lcul de l&#039;observaci\u00f3 del moviment del ventilador. Botons de bloqueig f\u00e0cil per assegurar les parts superior i inferior del cos. Durant un tall de corrent altern, la unitat emmagatzema totes les dades de funcionament per reprendre la mateixa configuraci\u00f3 quan la unitat est\u00e0 apagada.<\/p>\n<\/p><\/div>\n<table id=\"productDetailsTable\" border=\"0\" cellspacing=\"0\" cellpadding=\"0\">\n<tbody>\n<tr>\n<td class=\"bucket\">\n<h4>Detalls del producte<\/h4>\n<div class=\"content\">\n<ul>\n<li><b>Dimensions del producte:\u00a0<\/b>18 x 17 x 9 polzades; 10 lliures<\/li>\n<li><b>Pes d&#039;enviament:<\/b>\u00a012,8 lliures (Vegeu les tarifes i les pol\u00edtiques d&#039;enviament)<\/li>\n<li><b>ASIN:<\/b>\u00a0B0196G9ZGI<\/li>\n<li><b>N\u00famero de model de l&#039;article:<\/b>\u00a0PX-R90<\/li>\n<\/ul><\/div>\n<\/td>\n<\/tr>\n<\/tbody>\n<\/table><\/div>\n<\/p><\/div>\n<\/p><\/div>\n<\/p><\/div>","protected":false},"excerpt":{"rendered":"<p>GTIN: 0738283665325<br \/> MARCA: Rcom<br \/> MPN: PXR90<br \/> CUP: 0738283665325<br \/> Model: Pro 90<br \/> Tipus: Incubadores digitals<\/p>","protected":false},"featured_media":1050,"comment_status":"closed","ping_status":"closed","template":"","meta":{"site-sidebar-layout":"","site-content-layout":"","ast-site-content-layout":"","site-content-style":"","site-sidebar-style":"","ast-global-header-display":"","ast-banner-title-visibility":"","ast-main-header-display":"","ast-hfb-above-header-display":"","ast-hfb-below-header-display":"","ast-hfb-mobile-header-display":"","site-post-title":"","ast-breadcrumbs-content":"","ast-featured-img":"","footer-sml-layout":"","theme-transparent-header-meta":"","adv-header-id-meta":"","stick-header-meta":"","header-above-stick-meta":"","header-main-stick-meta":"","header-below-stick-meta":"","astra-migrate-meta-layouts":"","ast-page-background-enabled":"default","ast-page-background-meta":{"desktop":{"background-color":"var(--ast-global-color-4)","background-image":"","background-repeat":"repeat","background-position":"center center","background-size":"auto","background-attachment":"scroll","background-type":"","background-media":"","overlay-type":"","overlay-color":"","overlay-opacity":"","overlay-gradient":""},"tablet":{"background-color":"","background-image":"","background-repeat":"repeat","background-position":"center center","background-size":"auto","background-attachment":"scroll","background-type":"","background-media":"","overlay-type":"","overlay-color":"","overlay-opacity":"","overlay-gradient":""},"mobile":{"background-color":"","background-image":"","background-repeat":"repeat","background-position":"center center","background-size":"auto","background-attachment":"scroll","background-type":"","background-media":"","overlay-type":"","overlay-color":"","overlay-opacity":"","overlay-gradient":""}},"ast-content-background-meta":{"desktop":{"background-color":"var(--ast-global-color-5)","background-image":"","background-repeat":"repeat","background-position":"center center","background-size":"auto","background-attachment":"scroll","background-type":"","background-media":"","overlay-type":"","overlay-color":"","overlay-opacity":"","overlay-gradient":""},"tablet":{"background-color":"var(--ast-global-color-5)","background-image":"","background-repeat":"repeat","background-position":"center center","background-size":"auto","background-attachment":"scroll","background-type":"","background-media":"","overlay-type":"","overlay-color":"","overlay-opacity":"","overlay-gradient":""},"mobile":{"background-color":"var(--ast-global-color-5)","background-image":"","background-repeat":"repeat","background-position":"center center","background-size":"auto","background-attachment":"scroll","background-type":"","background-media":"","overlay-type":"","overlay-color":"","overlay-opacity":"","overlay-gradient":""}}},"product_brand":[],"product_cat":[2316],"product_tag":[460],"class_list":{"0":"post-964","1":"product","2":"type-product","3":"status-publish","4":"has-post-thumbnail","6":"product_cat-incubators-brooders-2","7":"product_tag-digital-incubators","8":"desktop-align-left","9":"tablet-align-left","10":"mobile-align-left","11":"ast-product-gallery-layout-horizontal-slider","12":"ast-product-tabs-layout-horizontal","13":"ast-qv-on-image","15":"first","16":"instock","17":"shipping-taxable","18":"product-type-simple"},"yoast_head":"<!-- This site is optimized with the Yoast SEO Premium plugin v23.2 (Yoast SEO v26.8) - https:\/\/yoast.com\/product\/yoast-seo-premium-wordpress\/ -->\n<title>Buy R-com Rcom Juragon Pro 90 PX R90 | Tropical Wings Birds<\/title>\n<meta name=\"description\" content=\"Buy a r-com rcom juragon pro 90 px r90 from a trusted breeder. Hand-fed, health-certified, closed-leg-ringed with full documentation. Worldwide...\" \/>\n<meta name=\"robots\" content=\"index, follow, max-snippet:-1, max-image-preview:large, max-video-preview:-1\" \/>\n<link rel=\"canonical\" href=\"https:\/\/tropicalwingsbirds.shop\/ca\/botiga\/r-com-rcom-juragon-pro-90-px-r90\/\" \/>\n<meta property=\"og:locale\" content=\"ca_ES\" \/>\n<meta property=\"og:type\" content=\"article\" \/>\n<meta property=\"og:title\" content=\"R-com Rcom Juragon Pro 90 PX R90\" \/>\n<meta property=\"og:description\" content=\"Buy a r-com rcom juragon pro 90 px r90 from a trusted breeder. Hand-fed, health-certified, closed-leg-ringed with full documentation. Worldwide...\" \/>\n<meta property=\"og:url\" content=\"https:\/\/tropicalwingsbirds.shop\/ca\/botiga\/r-com-rcom-juragon-pro-90-px-r90\/\" \/>\n<meta property=\"og:site_name\" content=\"Tropical Wings Birds\" \/>\n<meta property=\"article:publisher\" content=\"https:\/\/web.facebook.com\/profile.php?id=61551502767851&amp;mibextid=2JQ9oc&amp;_rdc=1&amp;_rdr\" \/>\n<meta property=\"article:modified_time\" content=\"2026-04-17T22:03:52+00:00\" \/>\n<meta property=\"og:image\" content=\"https:\/\/tropicalwingsbirds.shop\/wp-content\/uploads\/2023\/12\/23423.jpg\" \/>\n\t<meta property=\"og:image:width\" content=\"750\" \/>\n\t<meta property=\"og:image:height\" content=\"512\" \/>\n\t<meta property=\"og:image:type\" content=\"image\/jpeg\" \/>\n<meta name=\"twitter:card\" content=\"summary_large_image\" \/>\n<meta name=\"twitter:label1\" content=\"Preu\" \/>\n\t<meta name=\"twitter:data1\" content=\"\" \/>\n\t<meta name=\"twitter:label2\" content=\"Disponibilitat\" \/>\n\t<meta name=\"twitter:data2\" content=\"En estoc\" \/>\n<script type=\"application\/ld+json\" class=\"yoast-schema-graph\">{\"@context\":\"https:\/\/schema.org\",\"@graph\":[{\"@type\":\"WebPage\",\"@id\":\"https:\/\/tropicalwingsbirds.shop\/shop\/r-com-rcom-juragon-pro-90-px-r90\/\",\"url\":\"https:\/\/tropicalwingsbirds.shop\/shop\/r-com-rcom-juragon-pro-90-px-r90\/\",\"name\":\"Buy R-com Rcom Juragon Pro 90 PX R90 | Tropical Wings Birds\",\"isPartOf\":{\"@id\":\"https:\/\/tropicalwingsbirds.shop\/#website\"},\"primaryImageOfPage\":{\"@id\":\"https:\/\/tropicalwingsbirds.shop\/shop\/r-com-rcom-juragon-pro-90-px-r90\/#primaryimage\"},\"image\":{\"@id\":\"https:\/\/tropicalwingsbirds.shop\/shop\/r-com-rcom-juragon-pro-90-px-r90\/#primaryimage\"},\"thumbnailUrl\":\"https:\/\/tropicalwingsbirds.shop\/wp-content\/uploads\/2023\/12\/23423.jpg\",\"datePublished\":\"2023-12-03T14:35:07+00:00\",\"dateModified\":\"2026-04-17T22:03:52+00:00\",\"description\":\"Buy a r-com rcom juragon pro 90 px r90 from a trusted breeder. Hand-fed, health-certified, closed-leg-ringed with full documentation. Worldwide...\",\"breadcrumb\":{\"@id\":\"https:\/\/tropicalwingsbirds.shop\/shop\/r-com-rcom-juragon-pro-90-px-r90\/#breadcrumb\"},\"inLanguage\":\"ca\",\"potentialAction\":[{\"@type\":\"ReadAction\",\"target\":[\"https:\/\/tropicalwingsbirds.shop\/shop\/r-com-rcom-juragon-pro-90-px-r90\/\"]}]},{\"@type\":\"ImageObject\",\"inLanguage\":\"ca\",\"@id\":\"https:\/\/tropicalwingsbirds.shop\/shop\/r-com-rcom-juragon-pro-90-px-r90\/#primaryimage\",\"url\":\"https:\/\/tropicalwingsbirds.shop\/wp-content\/uploads\/2023\/12\/23423.jpg\",\"contentUrl\":\"https:\/\/tropicalwingsbirds.shop\/wp-content\/uploads\/2023\/12\/23423.jpg\",\"width\":750,\"height\":512},{\"@type\":\"BreadcrumbList\",\"@id\":\"https:\/\/tropicalwingsbirds.shop\/shop\/r-com-rcom-juragon-pro-90-px-r90\/#breadcrumb\",\"itemListElement\":[{\"@type\":\"ListItem\",\"position\":1,\"name\":\"Home\",\"item\":\"https:\/\/tropicalwingsbirds.shop\/\"},{\"@type\":\"ListItem\",\"position\":2,\"name\":\"Shop\",\"item\":\"https:\/\/tropicalwingsbirds.shop\/shop\/\"},{\"@type\":\"ListItem\",\"position\":3,\"name\":\"R-com Rcom Juragon Pro 90 PX R90\"}]},{\"@type\":\"WebSite\",\"@id\":\"https:\/\/tropicalwingsbirds.shop\/#website\",\"url\":\"https:\/\/tropicalwingsbirds.shop\/\",\"name\":\"Tropical Wings Birds\",\"description\":\"Best Exotic birds breeders online\",\"publisher\":{\"@id\":\"https:\/\/tropicalwingsbirds.shop\/#organization\"},\"potentialAction\":[{\"@type\":\"SearchAction\",\"target\":{\"@type\":\"EntryPoint\",\"urlTemplate\":\"https:\/\/tropicalwingsbirds.shop\/?s={search_term_string}\"},\"query-input\":{\"@type\":\"PropertyValueSpecification\",\"valueRequired\":true,\"valueName\":\"search_term_string\"}}],\"inLanguage\":\"ca\"},{\"@type\":[\"Organization\",\"Place\",\"PetStore\"],\"@id\":\"https:\/\/tropicalwingsbirds.shop\/#organization\",\"name\":\"Tropical Wings Birds Shop\",\"alternateName\":\"TPWB\",\"url\":\"https:\/\/tropicalwingsbirds.shop\/\",\"logo\":{\"@id\":\"https:\/\/tropicalwingsbirds.shop\/shop\/r-com-rcom-juragon-pro-90-px-r90\/#local-main-organization-logo\"},\"image\":{\"@id\":\"https:\/\/tropicalwingsbirds.shop\/shop\/r-com-rcom-juragon-pro-90-px-r90\/#local-main-organization-logo\"},\"sameAs\":[\"https:\/\/web.facebook.com\/profile.php?id=61551502767851&mibextid=2JQ9oc&_rdc=1&_rdr\"],\"description\":\"Tropical Wings Birds is your destination for exotic avian companionship. Our boutique aviary in United States offers a curated selection of vibrant tropical birds sourced from reputable breeders worldwide. With a focus on welfare and expertise, our dedicated team is here to guide you on your journey to finding the perfect feathered friend. Visit us today and experience the magic of avian companionship at Tropical Wings Birds.\",\"legalName\":\"Tropical Wings Birds\",\"foundingDate\":\"2019-02-14\",\"numberOfEmployees\":{\"@type\":\"QuantitativeValue\",\"minValue\":\"1\",\"maxValue\":\"10\"},\"address\":{\"@id\":\"https:\/\/tropicalwingsbirds.shop\/shop\/r-com-rcom-juragon-pro-90-px-r90\/#local-main-place-address\"},\"geo\":{\"@type\":\"GeoCoordinates\",\"latitude\":\"40.5976725\",\"longitude\":\"-122.3716346\"},\"telephone\":[\"+1 707-733-4623\",\"+1 707-733-4623\"],\"contactPoint\":{\"@type\":\"ContactPoint\",\"telephone\":\"+1 707-733-4623\",\"email\":\"sales@tropicalwingsbirds.shop\"},\"openingHoursSpecification\":{\"@type\":\"OpeningHoursSpecification\",\"dayOfWeek\":[\"Monday\",\"Tuesday\",\"Wednesday\",\"Thursday\",\"Friday\",\"Saturday\",\"Sunday\"],\"opens\":\"00:00\",\"closes\":\"23:59\"},\"email\":\"sales@tropicalwingsbirds.shop\",\"faxNumber\":\"+1 707-733-4623\",\"areaServed\":\"United states, Porto Rico, Canada, Australia\",\"priceRange\":\"$\",\"currenciesAccepted\":\"USD, CAD, AUD,\",\"paymentAccepted\":\"Zelle, Paypal, Bitcoin, Apple pay, Credit cards, Bank transfers\"},{\"@type\":\"PostalAddress\",\"@id\":\"https:\/\/tropicalwingsbirds.shop\/shop\/r-com-rcom-juragon-pro-90-px-r90\/#local-main-place-address\",\"streetAddress\":\"500 Hilltop Dr,\",\"addressLocality\":\"Redding\",\"postalCode\":\"96003\",\"addressRegion\":\"California\",\"addressCountry\":\"US\"},{\"@type\":\"ImageObject\",\"inLanguage\":\"ca\",\"@id\":\"https:\/\/tropicalwingsbirds.shop\/shop\/r-com-rcom-juragon-pro-90-px-r90\/#local-main-organization-logo\",\"url\":\"https:\/\/tropicalwingsbirds.shop\/wp-content\/uploads\/2024\/01\/tropical-wings-1.webp\",\"contentUrl\":\"https:\/\/tropicalwingsbirds.shop\/wp-content\/uploads\/2024\/01\/tropical-wings-1.webp\",\"width\":500,\"height\":500,\"caption\":\"Tropical Wings Birds Shop\"}]}<\/script>\n<meta property=\"product:price:currency\" content=\"USD\" \/>\n<meta property=\"og:availability\" content=\"instock\" \/>\n<meta property=\"product:availability\" content=\"instock\" \/>\n<meta property=\"product:condition\" content=\"new\" \/>\n<meta name=\"geo.placename\" content=\"Redding\" \/>\n<meta name=\"geo.position\" content=\"40.5976725;-122.3716346\" \/>\n<meta name=\"geo.region\" content=\"Estats Units (US)\" \/>\n<!-- \/ Yoast SEO Premium plugin. -->","yoast_head_json":{"title":"Buy R-com Rcom Juragon Pro 90 PX R90 | Tropical Wings Birds","description":"Buy a r-com rcom juragon pro 90 px r90 from a trusted breeder. Hand-fed, health-certified, closed-leg-ringed with full documentation. Worldwide...","robots":{"index":"index","follow":"follow","max-snippet":"max-snippet:-1","max-image-preview":"max-image-preview:large","max-video-preview":"max-video-preview:-1"},"canonical":"https:\/\/tropicalwingsbirds.shop\/ca\/botiga\/r-com-rcom-juragon-pro-90-px-r90\/","og_locale":"ca_ES","og_type":"article","og_title":"R-com Rcom Juragon Pro 90 PX R90","og_description":"Buy a r-com rcom juragon pro 90 px r90 from a trusted breeder. Hand-fed, health-certified, closed-leg-ringed with full documentation. Worldwide...","og_url":"https:\/\/tropicalwingsbirds.shop\/ca\/botiga\/r-com-rcom-juragon-pro-90-px-r90\/","og_site_name":"Tropical Wings Birds","article_publisher":"https:\/\/web.facebook.com\/profile.php?id=61551502767851&mibextid=2JQ9oc&_rdc=1&_rdr","article_modified_time":"2026-04-17T22:03:52+00:00","og_image":[{"width":750,"height":512,"url":"https:\/\/tropicalwingsbirds.shop\/wp-content\/uploads\/2023\/12\/23423.jpg","type":"image\/jpeg"}],"twitter_card":"summary_large_image","twitter_misc":{"Preu":"","Disponibilitat":"En estoc"},"schema":{"@context":"https:\/\/schema.org","@graph":[{"@type":"WebPage","@id":"https:\/\/tropicalwingsbirds.shop\/shop\/r-com-rcom-juragon-pro-90-px-r90\/","url":"https:\/\/tropicalwingsbirds.shop\/shop\/r-com-rcom-juragon-pro-90-px-r90\/","name":"Buy R-com Rcom Juragon Pro 90 PX R90 | Tropical Wings Birds","isPartOf":{"@id":"https:\/\/tropicalwingsbirds.shop\/#website"},"primaryImageOfPage":{"@id":"https:\/\/tropicalwingsbirds.shop\/shop\/r-com-rcom-juragon-pro-90-px-r90\/#primaryimage"},"image":{"@id":"https:\/\/tropicalwingsbirds.shop\/shop\/r-com-rcom-juragon-pro-90-px-r90\/#primaryimage"},"thumbnailUrl":"https:\/\/tropicalwingsbirds.shop\/wp-content\/uploads\/2023\/12\/23423.jpg","datePublished":"2023-12-03T14:35:07+00:00","dateModified":"2026-04-17T22:03:52+00:00","description":"Buy a r-com rcom juragon pro 90 px r90 from a trusted breeder. Hand-fed, health-certified, closed-leg-ringed with full documentation. Worldwide...","breadcrumb":{"@id":"https:\/\/tropicalwingsbirds.shop\/shop\/r-com-rcom-juragon-pro-90-px-r90\/#breadcrumb"},"inLanguage":"ca","potentialAction":[{"@type":"ReadAction","target":["https:\/\/tropicalwingsbirds.shop\/shop\/r-com-rcom-juragon-pro-90-px-r90\/"]}]},{"@type":"ImageObject","inLanguage":"ca","@id":"https:\/\/tropicalwingsbirds.shop\/shop\/r-com-rcom-juragon-pro-90-px-r90\/#primaryimage","url":"https:\/\/tropicalwingsbirds.shop\/wp-content\/uploads\/2023\/12\/23423.jpg","contentUrl":"https:\/\/tropicalwingsbirds.shop\/wp-content\/uploads\/2023\/12\/23423.jpg","width":750,"height":512},{"@type":"BreadcrumbList","@id":"https:\/\/tropicalwingsbirds.shop\/shop\/r-com-rcom-juragon-pro-90-px-r90\/#breadcrumb","itemListElement":[{"@type":"ListItem","position":1,"name":"Home","item":"https:\/\/tropicalwingsbirds.shop\/"},{"@type":"ListItem","position":2,"name":"Shop","item":"https:\/\/tropicalwingsbirds.shop\/shop\/"},{"@type":"ListItem","position":3,"name":"R-com Rcom Juragon Pro 90 PX R90"}]},{"@type":"WebSite","@id":"https:\/\/tropicalwingsbirds.shop\/#website","url":"https:\/\/tropicalwingsbirds.shop\/","name":"Ales tropicals d&#039;ocells","description":"Els millors criadors d&#039;aus ex\u00f2tiques en l\u00ednia","publisher":{"@id":"https:\/\/tropicalwingsbirds.shop\/#organization"},"potentialAction":[{"@type":"SearchAction","target":{"@type":"EntryPoint","urlTemplate":"https:\/\/tropicalwingsbirds.shop\/?s={search_term_string}"},"query-input":{"@type":"PropertyValueSpecification","valueRequired":true,"valueName":"search_term_string"}}],"inLanguage":"ca"},{"@type":["Organization","Place","PetStore"],"@id":"https:\/\/tropicalwingsbirds.shop\/#organization","name":"Tropical Wings Birds Shop","alternateName":"TPWB","url":"https:\/\/tropicalwingsbirds.shop\/","logo":{"@id":"https:\/\/tropicalwingsbirds.shop\/shop\/r-com-rcom-juragon-pro-90-px-r90\/#local-main-organization-logo"},"image":{"@id":"https:\/\/tropicalwingsbirds.shop\/shop\/r-com-rcom-juragon-pro-90-px-r90\/#local-main-organization-logo"},"sameAs":["https:\/\/web.facebook.com\/profile.php?id=61551502767851&mibextid=2JQ9oc&_rdc=1&_rdr"],"description":"Tropical Wings Birds \u00e9s la vostra destinaci\u00f3 per a la companyia d&#039;aus ex\u00f2tiques. El nostre aviari boutique als Estats Units ofereix una selecci\u00f3 curada d&#039;aus tropicals vibrants procedents de criadors de renom a tot el m\u00f3n. Amb un enfocament en el benestar i l&#039;experi\u00e8ncia, el nostre equip dedicat est\u00e0 aqu\u00ed per guiar-vos en el vostre viatge per trobar l&#039;amic amb plomes perfecte. Visiteu-nos avui mateix i experimenteu la m\u00e0gia de la companyia aviar a Tropical Wings Birds.","legalName":"Tropical Wings Birds","foundingDate":"2019-02-14","numberOfEmployees":{"@type":"QuantitativeValue","minValue":"1","maxValue":"10"},"address":{"@id":"https:\/\/tropicalwingsbirds.shop\/shop\/r-com-rcom-juragon-pro-90-px-r90\/#local-main-place-address"},"geo":{"@type":"GeoCoordinates","latitude":"40.5976725","longitude":"-122.3716346"},"telephone":["+1 707-733-4623","+1 707-733-4623"],"contactPoint":{"@type":"ContactPoint","telephone":"+1 707-733-4623","email":"sales@tropicalwingsbirds.shop"},"openingHoursSpecification":{"@type":"OpeningHoursSpecification","dayOfWeek":["Monday","Tuesday","Wednesday","Thursday","Friday","Saturday","Sunday"],"opens":"00:00","closes":"23:59"},"email":"sales@tropicalwingsbirds.shop","faxNumber":"+1 707-733-4623","areaServed":"United states, Porto Rico, Canada, Australia","priceRange":"$","currenciesAccepted":"USD, CAD, AUD,","paymentAccepted":"Zelle, Paypal, Bitcoin, Apple pay, Credit cards, Bank transfers"},{"@type":"PostalAddress","@id":"https:\/\/tropicalwingsbirds.shop\/shop\/r-com-rcom-juragon-pro-90-px-r90\/#local-main-place-address","streetAddress":"500 Hilltop Dr,","addressLocality":"Redding","postalCode":"96003","addressRegion":"California","addressCountry":"US"},{"@type":"ImageObject","inLanguage":"ca","@id":"https:\/\/tropicalwingsbirds.shop\/shop\/r-com-rcom-juragon-pro-90-px-r90\/#local-main-organization-logo","url":"https:\/\/tropicalwingsbirds.shop\/wp-content\/uploads\/2024\/01\/tropical-wings-1.webp","contentUrl":"https:\/\/tropicalwingsbirds.shop\/wp-content\/uploads\/2024\/01\/tropical-wings-1.webp","width":500,"height":500,"caption":"Tropical Wings Birds Shop"}]},"product_price_currency":"USD","og_availability":"instock","product_availability":"instock","product_condition":"new","geo.placename":"Redding","geo.position":{"lat":"40.5976725","long":"-122.3716346"},"geo.region":"Estats Units (US)"},"jetpack_sharing_enabled":true,"_links":{"self":[{"href":"https:\/\/tropicalwingsbirds.shop\/ca\/wp-json\/wp\/v2\/product\/964","targetHints":{"allow":["GET"]}}],"collection":[{"href":"https:\/\/tropicalwingsbirds.shop\/ca\/wp-json\/wp\/v2\/product"}],"about":[{"href":"https:\/\/tropicalwingsbirds.shop\/ca\/wp-json\/wp\/v2\/types\/product"}],"replies":[{"embeddable":true,"href":"https:\/\/tropicalwingsbirds.shop\/ca\/wp-json\/wp\/v2\/comments?post=964"}],"wp:featuredmedia":[{"embeddable":true,"href":"https:\/\/tropicalwingsbirds.shop\/ca\/wp-json\/wp\/v2\/media\/1050"}],"wp:attachment":[{"href":"https:\/\/tropicalwingsbirds.shop\/ca\/wp-json\/wp\/v2\/media?parent=964"}],"wp:term":[{"taxonomy":"product_brand","embeddable":true,"href":"https:\/\/tropicalwingsbirds.shop\/ca\/wp-json\/wp\/v2\/product_brand?post=964"},{"taxonomy":"product_cat","embeddable":true,"href":"https:\/\/tropicalwingsbirds.shop\/ca\/wp-json\/wp\/v2\/product_cat?post=964"},{"taxonomy":"product_tag","embeddable":true,"href":"https:\/\/tropicalwingsbirds.shop\/ca\/wp-json\/wp\/v2\/product_tag?post=964"}],"curies":[{"name":"wp","href":"https:\/\/api.w.org\/{rel}","templated":true}]}}