{"id":1750,"date":"2023-12-07T14:23:47","date_gmt":"2023-12-07T14:23:47","guid":{"rendered":"https:\/\/tropicalwingsbirds.shop\/?post_type=product&#038;p=1750"},"modified":"2023-12-07T14:24:57","modified_gmt":"2023-12-07T14:24:57","slug":"grose-auswahl-an-schmiedeeisernen-spielkafigen-in-schwarz-online-kaufen","status":"publish","type":"product","link":"https:\/\/tropicalwingsbirds.shop\/de\/geschaft\/grose-auswahl-an-schmiedeeisernen-spielkafigen-in-schwarz-online-kaufen\/","title":{"rendered":"Gro\u00dfer Vogelk\u00e4fig aus Schmiedeeisen mit Spielplatte in Schwarz online kaufen"},"content":{"rendered":"<p>Der gro\u00dfe Vogelk\u00e4fig der Select Cage-Serie verf\u00fcgt \u00fcber einen Laufstall, der Ihrem Vogel stundenlangen Spielspa\u00df und Bewegung bietet. Dieser K\u00e4fig ist f\u00fcr Pionus-Papageien, Amazonenpapageien und andere \u00e4hnlich gro\u00dfe Papageien konzipiert. Hergestellt in den USA<\/p>\n<p>Die K\u00e4fige der Select-Serie bieten hochwertige Verarbeitung zu einem hervorragenden Preis! Dieser Vogelk\u00e4fig verf\u00fcgt \u00fcber einen Laufstall mit \u00d6ffnung nach oben. Das robuste Druckknopf-T\u00fcrschloss ist f\u00fcr V\u00f6gel schwieriger (wenn nicht gar unm\u00f6glich) zu \u00f6ffnen als ein einfacher Riegel. Alle Select-K\u00e4fige verf\u00fcgen \u00fcber zwei Sitzstangen aus Massivholz, vier Edelstahln\u00e4pfe, ein ausziehbares Gitter und einen Rollst\u00e4nder.<br \/> <strong><br \/> Produkteigenschaften:<br \/> <\/strong>\u25cf K\u00e4figabmessungen: 29,5\u2033 L x 21,5\u2033 B x 36\u2033 H<br \/> \u25cf Gesamth\u00f6he mit St\u00e4nder: 63\u2033<br \/> \u25cf 3\/4\u2033 Drahtabstand<br \/> \u25cf 9 Gauge-Draht<br \/> \u25cf Schmiedeeisenkonstruktion mit Pulverbeschichtung<br \/> \u25cf Blei- und zinkfreie K\u00e4fige sind ungiftig und vogelsicher. Laufst\u00e4lle mit K\u00e4figdach.<br \/> \u25cf Abgerundete Ecken des Saatgutschutzes verhindern, dass etwas daneben geht<br \/> \u25cf Hergestellt in den USA<br \/> \u25cf Ein robustes T\u00fcrschloss mit Druckknopf l\u00e4sst sich f\u00fcr einen Vogel schwieriger (wenn nicht gar unm\u00f6glich) \u00f6ffnen als ein einfacher Riegel. Der Knopf ist im K\u00e4figinneren nicht erreichbar, sodass der Vogel keine Chance hat, die T\u00fcr zu \u00f6ffnen und hinauszufliegen.<br \/> \u25cf Das Windbell-Schloss oben am K\u00e4fig ist ein zus\u00e4tzliches Sicherheitsmerkmal.<br \/> Die T\u00fcr kann nicht ge\u00f6ffnet werden, ohne das Schloss der Windglocke nach oben und aus dem Weg der T\u00fcr zu klappen.<br \/> \u25cf Selbst wenn der Tierhalter vergisst, den Riegel des Druckknopfschlosses umzuschieben, um es wieder zu verriegeln, kann der Vogel trotzdem nicht aus dem K\u00e4fig entkommen, da es f\u00fcr den Vogel unm\u00f6glich ist, das Windglockenschloss hochzuklappen, w\u00e4hrend er die Vordert\u00fcr aufdr\u00fcckt und aus dem K\u00e4fig klettert.<br \/> \u25cf Das Druckknopfschloss und das Glockenschloss machen diesen K\u00e4fig 99.9% ausbruchsicher<br \/> \u25cf 4 Edelstahlbecher<br \/> \u25cf 2 Sitzstangen aus Holz<br \/> \u25cf Ausziehbares Bodengitter<br \/> \u25cf Ausziehbare Schublade oben und unten f\u00fcr einfache Reinigung.<br \/> \u25cf Der Gitterclip ist ein weiteres Sicherheitsmerkmal \u2013 er rastet \u00fcber dem Griff des ausziehbaren Bodengitters ein und fixiert es. Dies verhindert, dass gr\u00f6\u00dfere und aggressivere V\u00f6gel das Gitter heraustreten oder herausdr\u00fccken und m\u00f6glicherweise durch die \u00d6ffnung entkommen.<br \/> \u25cf Die Basis des K\u00e4figst\u00e4nders ist mit robusten, langlebigen und leichtg\u00e4ngigen Gummirollen ausgestattet.<br \/> \u25cf Eine Gummirolle bricht nicht wie ein Plastikrad.<br \/> \u25cf Hinterl\u00e4sst keine Spuren auf Fliesen- oder Holzb\u00f6den<\/p>\n<p>\u25cf L\u00e4sst sich problemlos \u00fcber Teppiche rollen. Der Gitterclip ist ein weiteres Sicherheitsmerkmal \u2013 er rastet \u00fcber dem Griff des ausziehbaren unteren Gitters ein, um es zu fixieren. Dies verhindert, dass gr\u00f6\u00dfere und aggressivere V\u00f6gel das Gitter heraustreten oder herausdr\u00fccken und m\u00f6glicherweise versuchen, durch die \u00d6ffnung zu entkommen.<br \/> \u25cf Der K\u00e4figst\u00e4nder ist mit robusten, langlebigen, leichtg\u00e4ngigen Gummirollen ausgestattet<br \/> \u25cf Gummirollen brechen nicht wie Plastikr\u00e4der<br \/> \u25cf Hinterl\u00e4sst keine Spuren auf Fliesen- oder Holzb\u00f6den<br \/> \u25cf Rollt sanft \u00fcber den Teppich.<\/p>","protected":false},"excerpt":{"rendered":"<p>The Large Select Cage Series Play Top Bird Cage features a cage top playpen that provides your bird hours of enjoyment and exercise. This cage is designed for Pionus Parrots, Amazon Parrots, and other similarly sized large parrots. Built-in the U.S.A. The Select Series cages offer quality craftsmanship at an excellent value! This birdcage features [&hellip;]<\/p>","protected":false},"featured_media":1781,"comment_status":"closed","ping_status":"closed","template":"","meta":{"site-sidebar-layout":"default","site-content-layout":"","ast-site-content-layout":"default","site-content-style":"default","site-sidebar-style":"default","ast-global-header-display":"","ast-banner-title-visibility":"","ast-main-header-display":"","ast-hfb-above-header-display":"","ast-hfb-below-header-display":"","ast-hfb-mobile-header-display":"","site-post-title":"","ast-breadcrumbs-content":"","ast-featured-img":"","footer-sml-layout":"","theme-transparent-header-meta":"","adv-header-id-meta":"","stick-header-meta":"","header-above-stick-meta":"","header-main-stick-meta":"","header-below-stick-meta":"","astra-migrate-meta-layouts":"default","ast-page-background-enabled":"default","ast-page-background-meta":{"desktop":{"background-color":"var(--ast-global-color-4)","background-image":"","background-repeat":"repeat","background-position":"center center","background-size":"auto","background-attachment":"scroll","background-type":"","background-media":"","overlay-type":"","overlay-color":"","overlay-opacity":"","overlay-gradient":""},"tablet":{"background-color":"","background-image":"","background-repeat":"repeat","background-position":"center center","background-size":"auto","background-attachment":"scroll","background-type":"","background-media":"","overlay-type":"","overlay-color":"","overlay-opacity":"","overlay-gradient":""},"mobile":{"background-color":"","background-image":"","background-repeat":"repeat","background-position":"center center","background-size":"auto","background-attachment":"scroll","background-type":"","background-media":"","overlay-type":"","overlay-color":"","overlay-opacity":"","overlay-gradient":""}},"ast-content-background-meta":{"desktop":{"background-color":"var(--ast-global-color-5)","background-image":"","background-repeat":"repeat","background-position":"center center","background-size":"auto","background-attachment":"scroll","background-type":"","background-media":"","overlay-type":"","overlay-color":"","overlay-opacity":"","overlay-gradient":""},"tablet":{"background-color":"var(--ast-global-color-5)","background-image":"","background-repeat":"repeat","background-position":"center center","background-size":"auto","background-attachment":"scroll","background-type":"","background-media":"","overlay-type":"","overlay-color":"","overlay-opacity":"","overlay-gradient":""},"mobile":{"background-color":"var(--ast-global-color-5)","background-image":"","background-repeat":"repeat","background-position":"center center","background-size":"auto","background-attachment":"scroll","background-type":"","background-media":"","overlay-type":"","overlay-color":"","overlay-opacity":"","overlay-gradient":""}}},"product_brand":[],"product_cat":[484],"product_tag":[],"class_list":{"0":"post-1750","1":"product","2":"type-product","3":"status-publish","4":"has-post-thumbnail","6":"product_cat-cages","7":"desktop-align-left","8":"tablet-align-left","9":"mobile-align-left","10":"ast-product-gallery-layout-horizontal-slider","11":"ast-product-gallery-with-no-image","12":"ast-product-single-variable","13":"ast-product-tabs-layout-horizontal","14":"ast-qv-on-image","16":"first","17":"instock","18":"shipping-taxable","19":"product-type-variable"},"yoast_head":"<!-- This site is optimized with the Yoast SEO Premium plugin v23.2 (Yoast SEO v26.8) - https:\/\/yoast.com\/product\/yoast-seo-premium-wordpress\/ -->\n<title>Buy Large Select Wrought Iron Play Top Bird Cage in Black Online - Tropical Wings Birds<\/title>\n<meta name=\"robots\" content=\"index, follow, max-snippet:-1, max-image-preview:large, max-video-preview:-1\" \/>\n<link rel=\"canonical\" href=\"https:\/\/tropicalwingsbirds.shop\/de\/geschaft\/grose-auswahl-an-schmiedeeisernen-spielkafigen-in-schwarz-online-kaufen\/\" \/>\n<meta property=\"og:locale\" content=\"de_DE\" \/>\n<meta property=\"og:type\" content=\"article\" \/>\n<meta property=\"og:title\" content=\"Buy Large Select Wrought Iron Play Top Bird Cage in Black Online\" \/>\n<meta property=\"og:description\" content=\"The Large Select Cage Series Play Top Bird Cage features a cage top playpen that provides your bird hours of enjoyment and exercise. This cage is designed for Pionus Parrots, Amazon Parrots, and other similarly sized large parrots. Built-in the U.S.A. The Select Series cages offer quality craftsmanship at an excellent value! This birdcage features [&hellip;]\" \/>\n<meta property=\"og:url\" content=\"https:\/\/tropicalwingsbirds.shop\/de\/geschaft\/grose-auswahl-an-schmiedeeisernen-spielkafigen-in-schwarz-online-kaufen\/\" \/>\n<meta property=\"og:site_name\" content=\"Tropical Wings Birds\" \/>\n<meta property=\"article:publisher\" content=\"https:\/\/web.facebook.com\/profile.php?id=61551502767851&amp;mibextid=2JQ9oc&amp;_rdc=1&amp;_rdr\" \/>\n<meta property=\"article:modified_time\" content=\"2023-12-07T14:24:57+00:00\" \/>\n<meta property=\"og:image\" content=\"https:\/\/tropicalwingsbirds.shop\/wp-content\/uploads\/2023\/12\/PP-3153BL.jpg\" \/>\n\t<meta property=\"og:image:width\" content=\"600\" \/>\n\t<meta property=\"og:image:height\" content=\"600\" \/>\n\t<meta property=\"og:image:type\" content=\"image\/jpeg\" \/>\n<meta name=\"twitter:card\" content=\"summary_large_image\" \/>\n<meta name=\"twitter:label1\" content=\"Verf\u00fcgbarkeit\" \/>\n\t<meta name=\"twitter:data1\" content=\"Auf Lager\" \/>\n<script type=\"application\/ld+json\" class=\"yoast-schema-graph\">{\"@context\":\"https:\/\/schema.org\",\"@graph\":[{\"@type\":\"WebPage\",\"@id\":\"https:\/\/tropicalwingsbirds.shop\/shop\/buy-large-select-wrought-iron-play-top-bird-cage-in-black-online\/\",\"url\":\"https:\/\/tropicalwingsbirds.shop\/shop\/buy-large-select-wrought-iron-play-top-bird-cage-in-black-online\/\",\"name\":\"Buy Large Select Wrought Iron Play Top Bird Cage in Black Online - Tropical Wings Birds\",\"isPartOf\":{\"@id\":\"https:\/\/tropicalwingsbirds.shop\/#website\"},\"primaryImageOfPage\":{\"@id\":\"https:\/\/tropicalwingsbirds.shop\/shop\/buy-large-select-wrought-iron-play-top-bird-cage-in-black-online\/#primaryimage\"},\"image\":{\"@id\":\"https:\/\/tropicalwingsbirds.shop\/shop\/buy-large-select-wrought-iron-play-top-bird-cage-in-black-online\/#primaryimage\"},\"thumbnailUrl\":\"https:\/\/tropicalwingsbirds.shop\/wp-content\/uploads\/2023\/12\/PP-3153BL.jpg\",\"datePublished\":\"2023-12-07T14:23:47+00:00\",\"dateModified\":\"2023-12-07T14:24:57+00:00\",\"breadcrumb\":{\"@id\":\"https:\/\/tropicalwingsbirds.shop\/shop\/buy-large-select-wrought-iron-play-top-bird-cage-in-black-online\/#breadcrumb\"},\"inLanguage\":\"de\",\"potentialAction\":[{\"@type\":\"ReadAction\",\"target\":[\"https:\/\/tropicalwingsbirds.shop\/shop\/buy-large-select-wrought-iron-play-top-bird-cage-in-black-online\/\"]}]},{\"@type\":\"ImageObject\",\"inLanguage\":\"de\",\"@id\":\"https:\/\/tropicalwingsbirds.shop\/shop\/buy-large-select-wrought-iron-play-top-bird-cage-in-black-online\/#primaryimage\",\"url\":\"https:\/\/tropicalwingsbirds.shop\/wp-content\/uploads\/2023\/12\/PP-3153BL.jpg\",\"contentUrl\":\"https:\/\/tropicalwingsbirds.shop\/wp-content\/uploads\/2023\/12\/PP-3153BL.jpg\",\"width\":600,\"height\":600},{\"@type\":\"BreadcrumbList\",\"@id\":\"https:\/\/tropicalwingsbirds.shop\/shop\/buy-large-select-wrought-iron-play-top-bird-cage-in-black-online\/#breadcrumb\",\"itemListElement\":[{\"@type\":\"ListItem\",\"position\":1,\"name\":\"Home\",\"item\":\"https:\/\/tropicalwingsbirds.shop\/\"},{\"@type\":\"ListItem\",\"position\":2,\"name\":\"Shop\",\"item\":\"https:\/\/tropicalwingsbirds.shop\/shop\/\"},{\"@type\":\"ListItem\",\"position\":3,\"name\":\"Buy Large Select Wrought Iron Play Top Bird Cage in Black Online\"}]},{\"@type\":\"WebSite\",\"@id\":\"https:\/\/tropicalwingsbirds.shop\/#website\",\"url\":\"https:\/\/tropicalwingsbirds.shop\/\",\"name\":\"Tropical Wings Birds\",\"description\":\"Best Exotic birds breeders online\",\"publisher\":{\"@id\":\"https:\/\/tropicalwingsbirds.shop\/#organization\"},\"potentialAction\":[{\"@type\":\"SearchAction\",\"target\":{\"@type\":\"EntryPoint\",\"urlTemplate\":\"https:\/\/tropicalwingsbirds.shop\/?s={search_term_string}\"},\"query-input\":{\"@type\":\"PropertyValueSpecification\",\"valueRequired\":true,\"valueName\":\"search_term_string\"}}],\"inLanguage\":\"de\"},{\"@type\":[\"Organization\",\"Place\",\"PetStore\"],\"@id\":\"https:\/\/tropicalwingsbirds.shop\/#organization\",\"name\":\"Tropical Wings Birds Shop\",\"alternateName\":\"TPWB\",\"url\":\"https:\/\/tropicalwingsbirds.shop\/\",\"logo\":{\"@id\":\"https:\/\/tropicalwingsbirds.shop\/shop\/buy-large-select-wrought-iron-play-top-bird-cage-in-black-online\/#local-main-organization-logo\"},\"image\":{\"@id\":\"https:\/\/tropicalwingsbirds.shop\/shop\/buy-large-select-wrought-iron-play-top-bird-cage-in-black-online\/#local-main-organization-logo\"},\"sameAs\":[\"https:\/\/web.facebook.com\/profile.php?id=61551502767851&mibextid=2JQ9oc&_rdc=1&_rdr\"],\"description\":\"Tropical Wings Birds is your destination for exotic avian companionship. Our boutique aviary in United States offers a curated selection of vibrant tropical birds sourced from reputable breeders worldwide. With a focus on welfare and expertise, our dedicated team is here to guide you on your journey to finding the perfect feathered friend. Visit us today and experience the magic of avian companionship at Tropical Wings Birds.\",\"legalName\":\"Tropical Wings Birds\",\"foundingDate\":\"2019-02-14\",\"numberOfEmployees\":{\"@type\":\"QuantitativeValue\",\"minValue\":\"1\",\"maxValue\":\"10\"},\"address\":{\"@id\":\"https:\/\/tropicalwingsbirds.shop\/shop\/buy-large-select-wrought-iron-play-top-bird-cage-in-black-online\/#local-main-place-address\"},\"geo\":{\"@type\":\"GeoCoordinates\",\"latitude\":\"40.5976725\",\"longitude\":\"-122.3716346\"},\"telephone\":[\"+1 707-733-4623\",\"+1 707-733-4623\"],\"contactPoint\":{\"@type\":\"ContactPoint\",\"telephone\":\"+1 707-733-4623\",\"email\":\"sales@tropicalwingsbirds.shop\"},\"openingHoursSpecification\":{\"@type\":\"OpeningHoursSpecification\",\"dayOfWeek\":[\"Monday\",\"Tuesday\",\"Wednesday\",\"Thursday\",\"Friday\",\"Saturday\",\"Sunday\"],\"opens\":\"00:00\",\"closes\":\"23:59\"},\"email\":\"sales@tropicalwingsbirds.shop\",\"faxNumber\":\"+1 707-733-4623\",\"areaServed\":\"United states, Porto Rico, Canada, Australia\",\"priceRange\":\"$\",\"currenciesAccepted\":\"USD, CAD, AUD,\",\"paymentAccepted\":\"Zelle, Paypal, Bitcoin, Apple pay, Credit cards, Bank transfers\"},{\"@type\":\"PostalAddress\",\"@id\":\"https:\/\/tropicalwingsbirds.shop\/shop\/buy-large-select-wrought-iron-play-top-bird-cage-in-black-online\/#local-main-place-address\",\"streetAddress\":\"500 Hilltop Dr,\",\"addressLocality\":\"Redding\",\"postalCode\":\"96003\",\"addressRegion\":\"California\",\"addressCountry\":\"US\"},{\"@type\":\"ImageObject\",\"inLanguage\":\"de\",\"@id\":\"https:\/\/tropicalwingsbirds.shop\/shop\/buy-large-select-wrought-iron-play-top-bird-cage-in-black-online\/#local-main-organization-logo\",\"url\":\"https:\/\/tropicalwingsbirds.shop\/wp-content\/uploads\/2024\/01\/tropical-wings-1.webp\",\"contentUrl\":\"https:\/\/tropicalwingsbirds.shop\/wp-content\/uploads\/2024\/01\/tropical-wings-1.webp\",\"width\":500,\"height\":500,\"caption\":\"Tropical Wings Birds Shop\"}]}<\/script>\n<meta property=\"og:availability\" content=\"instock\" \/>\n<meta property=\"product:availability\" content=\"instock\" \/>\n<meta property=\"product:condition\" content=\"new\" \/>\n<meta name=\"geo.placename\" content=\"Redding\" \/>\n<meta name=\"geo.position\" content=\"40.5976725;-122.3716346\" \/>\n<meta name=\"geo.region\" content=\"Vereinigte Staaten von Amerika\" \/>\n<!-- \/ Yoast SEO Premium plugin. -->","yoast_head_json":{"title":"Gro\u00dfer, ausgew\u00e4hlter Vogelk\u00e4fig aus Schmiedeeisen mit Spielplatte in Schwarz online kaufen - Tropical Wings Birds","robots":{"index":"index","follow":"follow","max-snippet":"max-snippet:-1","max-image-preview":"max-image-preview:large","max-video-preview":"max-video-preview:-1"},"canonical":"https:\/\/tropicalwingsbirds.shop\/de\/geschaft\/grose-auswahl-an-schmiedeeisernen-spielkafigen-in-schwarz-online-kaufen\/","og_locale":"de_DE","og_type":"article","og_title":"Buy Large Select Wrought Iron Play Top Bird Cage in Black Online","og_description":"The Large Select Cage Series Play Top Bird Cage features a cage top playpen that provides your bird hours of enjoyment and exercise. This cage is designed for Pionus Parrots, Amazon Parrots, and other similarly sized large parrots. Built-in the U.S.A. The Select Series cages offer quality craftsmanship at an excellent value! This birdcage features [&hellip;]","og_url":"https:\/\/tropicalwingsbirds.shop\/de\/geschaft\/grose-auswahl-an-schmiedeeisernen-spielkafigen-in-schwarz-online-kaufen\/","og_site_name":"Tropical Wings Birds","article_publisher":"https:\/\/web.facebook.com\/profile.php?id=61551502767851&mibextid=2JQ9oc&_rdc=1&_rdr","article_modified_time":"2023-12-07T14:24:57+00:00","og_image":[{"width":600,"height":600,"url":"https:\/\/tropicalwingsbirds.shop\/wp-content\/uploads\/2023\/12\/PP-3153BL.jpg","type":"image\/jpeg"}],"twitter_card":"summary_large_image","twitter_misc":{"Verf\u00fcgbarkeit":"Auf Lager"},"schema":{"@context":"https:\/\/schema.org","@graph":[{"@type":"WebPage","@id":"https:\/\/tropicalwingsbirds.shop\/shop\/buy-large-select-wrought-iron-play-top-bird-cage-in-black-online\/","url":"https:\/\/tropicalwingsbirds.shop\/shop\/buy-large-select-wrought-iron-play-top-bird-cage-in-black-online\/","name":"Gro\u00dfer, ausgew\u00e4hlter Vogelk\u00e4fig aus Schmiedeeisen mit Spielplatte in Schwarz online kaufen - Tropical Wings Birds","isPartOf":{"@id":"https:\/\/tropicalwingsbirds.shop\/#website"},"primaryImageOfPage":{"@id":"https:\/\/tropicalwingsbirds.shop\/shop\/buy-large-select-wrought-iron-play-top-bird-cage-in-black-online\/#primaryimage"},"image":{"@id":"https:\/\/tropicalwingsbirds.shop\/shop\/buy-large-select-wrought-iron-play-top-bird-cage-in-black-online\/#primaryimage"},"thumbnailUrl":"https:\/\/tropicalwingsbirds.shop\/wp-content\/uploads\/2023\/12\/PP-3153BL.jpg","datePublished":"2023-12-07T14:23:47+00:00","dateModified":"2023-12-07T14:24:57+00:00","breadcrumb":{"@id":"https:\/\/tropicalwingsbirds.shop\/shop\/buy-large-select-wrought-iron-play-top-bird-cage-in-black-online\/#breadcrumb"},"inLanguage":"de","potentialAction":[{"@type":"ReadAction","target":["https:\/\/tropicalwingsbirds.shop\/shop\/buy-large-select-wrought-iron-play-top-bird-cage-in-black-online\/"]}]},{"@type":"ImageObject","inLanguage":"de","@id":"https:\/\/tropicalwingsbirds.shop\/shop\/buy-large-select-wrought-iron-play-top-bird-cage-in-black-online\/#primaryimage","url":"https:\/\/tropicalwingsbirds.shop\/wp-content\/uploads\/2023\/12\/PP-3153BL.jpg","contentUrl":"https:\/\/tropicalwingsbirds.shop\/wp-content\/uploads\/2023\/12\/PP-3153BL.jpg","width":600,"height":600},{"@type":"BreadcrumbList","@id":"https:\/\/tropicalwingsbirds.shop\/shop\/buy-large-select-wrought-iron-play-top-bird-cage-in-black-online\/#breadcrumb","itemListElement":[{"@type":"ListItem","position":1,"name":"Home","item":"https:\/\/tropicalwingsbirds.shop\/"},{"@type":"ListItem","position":2,"name":"Shop","item":"https:\/\/tropicalwingsbirds.shop\/shop\/"},{"@type":"ListItem","position":3,"name":"Buy Large Select Wrought Iron Play Top Bird Cage in Black Online"}]},{"@type":"WebSite","@id":"https:\/\/tropicalwingsbirds.shop\/#website","url":"https:\/\/tropicalwingsbirds.shop\/","name":"Tropische Fl\u00fcgelv\u00f6gel","description":"Die besten Z\u00fcchter exotischer V\u00f6gel online","publisher":{"@id":"https:\/\/tropicalwingsbirds.shop\/#organization"},"potentialAction":[{"@type":"SearchAction","target":{"@type":"EntryPoint","urlTemplate":"https:\/\/tropicalwingsbirds.shop\/?s={search_term_string}"},"query-input":{"@type":"PropertyValueSpecification","valueRequired":true,"valueName":"search_term_string"}}],"inLanguage":"de"},{"@type":["Organization","Place","PetStore"],"@id":"https:\/\/tropicalwingsbirds.shop\/#organization","name":"Tropical Wings Birds Shop","alternateName":"TPWB","url":"https:\/\/tropicalwingsbirds.shop\/","logo":{"@id":"https:\/\/tropicalwingsbirds.shop\/shop\/buy-large-select-wrought-iron-play-top-bird-cage-in-black-online\/#local-main-organization-logo"},"image":{"@id":"https:\/\/tropicalwingsbirds.shop\/shop\/buy-large-select-wrought-iron-play-top-bird-cage-in-black-online\/#local-main-organization-logo"},"sameAs":["https:\/\/web.facebook.com\/profile.php?id=61551502767851&mibextid=2JQ9oc&_rdc=1&_rdr"],"description":"Tropical Wings Birds ist Ihre Adresse f\u00fcr exotische Vogelbegleitung. Unsere Boutique-Voliere in den USA bietet eine kuratierte Auswahl an farbenfrohen tropischen V\u00f6geln von renommierten Z\u00fcchtern weltweit. Mit Fokus auf Wohlbefinden und Expertise begleitet Sie unser engagiertes Team auf Ihrer Suche nach dem perfekten gefiederten Freund. Besuchen Sie uns noch heute und erleben Sie die Magie der Vogelbegleitung bei Tropical Wings Birds.","legalName":"Tropical Wings Birds","foundingDate":"2019-02-14","numberOfEmployees":{"@type":"QuantitativeValue","minValue":"1","maxValue":"10"},"address":{"@id":"https:\/\/tropicalwingsbirds.shop\/shop\/buy-large-select-wrought-iron-play-top-bird-cage-in-black-online\/#local-main-place-address"},"geo":{"@type":"GeoCoordinates","latitude":"40.5976725","longitude":"-122.3716346"},"telephone":["+1 707-733-4623","+1 707-733-4623"],"contactPoint":{"@type":"ContactPoint","telephone":"+1 707-733-4623","email":"sales@tropicalwingsbirds.shop"},"openingHoursSpecification":{"@type":"OpeningHoursSpecification","dayOfWeek":["Monday","Tuesday","Wednesday","Thursday","Friday","Saturday","Sunday"],"opens":"00:00","closes":"23:59"},"email":"sales@tropicalwingsbirds.shop","faxNumber":"+1 707-733-4623","areaServed":"United states, Porto Rico, Canada, Australia","priceRange":"$","currenciesAccepted":"USD, CAD, AUD,","paymentAccepted":"Zelle, Paypal, Bitcoin, Apple pay, Credit cards, Bank transfers"},{"@type":"PostalAddress","@id":"https:\/\/tropicalwingsbirds.shop\/shop\/buy-large-select-wrought-iron-play-top-bird-cage-in-black-online\/#local-main-place-address","streetAddress":"500 Hilltop Dr,","addressLocality":"Redding","postalCode":"96003","addressRegion":"California","addressCountry":"US"},{"@type":"ImageObject","inLanguage":"de","@id":"https:\/\/tropicalwingsbirds.shop\/shop\/buy-large-select-wrought-iron-play-top-bird-cage-in-black-online\/#local-main-organization-logo","url":"https:\/\/tropicalwingsbirds.shop\/wp-content\/uploads\/2024\/01\/tropical-wings-1.webp","contentUrl":"https:\/\/tropicalwingsbirds.shop\/wp-content\/uploads\/2024\/01\/tropical-wings-1.webp","width":500,"height":500,"caption":"Tropical Wings Birds Shop"}]},"og_availability":"instock","product_availability":"instock","product_condition":"new","geo.placename":"Redding","geo.position":{"lat":"40.5976725","long":"-122.3716346"},"geo.region":"Vereinigte Staaten von Amerika"},"_links":{"self":[{"href":"https:\/\/tropicalwingsbirds.shop\/de\/wp-json\/wp\/v2\/product\/1750","targetHints":{"allow":["GET"]}}],"collection":[{"href":"https:\/\/tropicalwingsbirds.shop\/de\/wp-json\/wp\/v2\/product"}],"about":[{"href":"https:\/\/tropicalwingsbirds.shop\/de\/wp-json\/wp\/v2\/types\/product"}],"replies":[{"embeddable":true,"href":"https:\/\/tropicalwingsbirds.shop\/de\/wp-json\/wp\/v2\/comments?post=1750"}],"wp:featuredmedia":[{"embeddable":true,"href":"https:\/\/tropicalwingsbirds.shop\/de\/wp-json\/wp\/v2\/media\/1781"}],"wp:attachment":[{"href":"https:\/\/tropicalwingsbirds.shop\/de\/wp-json\/wp\/v2\/media?parent=1750"}],"wp:term":[{"taxonomy":"product_brand","embeddable":true,"href":"https:\/\/tropicalwingsbirds.shop\/de\/wp-json\/wp\/v2\/product_brand?post=1750"},{"taxonomy":"product_cat","embeddable":true,"href":"https:\/\/tropicalwingsbirds.shop\/de\/wp-json\/wp\/v2\/product_cat?post=1750"},{"taxonomy":"product_tag","embeddable":true,"href":"https:\/\/tropicalwingsbirds.shop\/de\/wp-json\/wp\/v2\/product_tag?post=1750"}],"curies":[{"name":"wp","href":"https:\/\/api.w.org\/{rel}","templated":true}]}}