{"id":2622,"date":"2023-12-07T16:36:19","date_gmt":"2023-12-07T16:36:19","guid":{"rendered":"https:\/\/tropicalwingsbirds.shop\/?post_type=product&#038;p=2622"},"modified":"2024-02-02T23:06:15","modified_gmt":"2024-02-02T23:06:15","slug":"rotfaktor-afrikanisches-grau-zu-verkaufen","status":"publish","type":"product","link":"https:\/\/tropicalwingsbirds.shop\/de\/geschaft\/rotfaktor-afrikanisches-grau-zu-verkaufen\/","title":{"rendered":"RED FACTOR AFRICAN GREY ZU VERKAUFEN"},"content":{"rendered":"<h1>Rotfaktor Afrikanisches Grau zu verkaufen<\/h1>\n<p>Wir erm\u00f6glichen Ihnen, stolzer Besitzer eines wundersch\u00f6nen Roten Graupapageis zu werden! Sie sind weltweit als Haustiere erh\u00e4ltlich. Sie sind wundersch\u00f6n und begehrenswert! Der Roten Graupapagei beh\u00e4lt seine hohe Intelligenz und sein au\u00dfergew\u00f6hnliches Sprechverm\u00f6gen, genau wie seine wilden grauen Verwandten.<\/p>\n<p>Wir z\u00fcchten diese V\u00f6gel nun seit vier Jahren. Diese Zucht erfordert harte Arbeit, um die richtigen V\u00f6gel zu finden und sie einander vorzustellen. Manchmal kann dieser Prozess Jahre dauern, da Graupapageien erst mit 5 bis 6 Jahren geschlechtsreif werden und sich fortpflanzen. Wir haben viel Geld, harte Arbeit und viel Zeit investiert, um die richtigen V\u00f6gel f\u00fcr die Paarung zu finden, die das Rotfaktor-Gen tragen.<\/p>\n<p>Und vor allem viel Geduld, um es richtig zu machen. Wir haben es nun m\u00f6glich gemacht, Ihnen den \u201eWorlds Red Factor African Grey\u201c anzubieten. Wir verkaufen auch Red Factor-Zuchtpaare und sind auf Graupapageien (Kongos) und Timnehs spezialisiert, die ein starkes Red Factor-Gen tragen. Diese Exoten sind nicht billig, da die Erforschung und Beschaffung dieser seltenen und exotischen V\u00f6gel viel zu zeitaufw\u00e4ndig ist.<\/p>\n<p>Der Red Factor African Grey wird immer seine hohe Intelligenz und seine au\u00dfergew\u00f6hnliche Sprechf\u00e4higkeit behalten, genau wie seine nat\u00fcrlichen wildfarbenen grauen Cousins.<\/p>\n<p>&nbsp;<\/p>\n<h2>Pflege und F\u00fctterung von Red Factor African Grey zum Verkauf<\/h2>\n<p>In freier Wildbahn ern\u00e4hren sich Graupapageien von Samen, N\u00fcssen, Fr\u00fcchten und Blattwerk. Diese V\u00f6gel klettern auf B\u00e4umen herum, anstatt zu fliegen, heben Nahrung auf und halten sie beim Fressen mit einem Fu\u00df fest. Sie fressen gern das Fruchtfleisch der \u00d6lpalmenn\u00fcsse und wurden auch beim Fressen von Schnecken beobachtet. In Westafrika sollen sie aufgrund ihrer Vorliebe f\u00fcr Getreide zu ziemlich dreisten Sch\u00e4dlingen geworden sein, die die Maisfelder befallen.<\/p>\n<p>Das Futter f\u00fcr Ihren Vogel enth\u00e4lt eine fertige, vitaminreiche Hakenschnabel-Samenmischung. Ihr Nahrungsbedarf umfasst Kalzium und Vitamin A. Sie fressen verschiedene Sprossen, Samen, N\u00fcsse, Obst, Gem\u00fcse, handels\u00fcbliche Pellets sowie die gleichen nahrhaften Lebensmittel wie Menschen. Ein Schulp oder ein Kalziumblock ist eine gute Kalziumquelle.<\/p>\n<p>Graupapageien sollten nicht mit fett- und eiwei\u00dfreicher Nahrung gef\u00fcttert werden. Eine fettarme Ern\u00e4hrung ist empfehlenswert, da neuere Studien darauf hinweisen, dass Graupapageien im sp\u00e4ten Teenageralter und in den Zwanzigern h\u00e4ufig an Herzkrankheiten und Arteriosklerose leiden.<\/p>\n<p>*Zu den frischen Gem\u00fcsesorten, die Sie anbieten k\u00f6nnen, geh\u00f6ren Senfbl\u00e4tter, gr\u00fcne Erbsen, Gurken, junge L\u00f6wenzahnbl\u00e4tter, Zuckermais, Mangoldbl\u00e4tter, Karotten, Brokkoli, ungespritzter Salat, Vogelmiere, L\u00f6wenzahn, Auberginen, gr\u00fcne Paprika, Sauerampfer, Spinatbl\u00e4tter, Tomaten und Zucchini.<\/p>\n<p>*Zu den Fr\u00fcchten, die Sie anbieten k\u00f6nnen, geh\u00f6ren \u00c4pfel, Pfirsiche, Aprikosen, Bananen, Birnen, Pflaumen, Rosinen und die meisten anderen Fr\u00fcchte.<\/p>\n<p>*Avocado und Schokolade gelten als giftig f\u00fcr V\u00f6gel und Zucker und Salz sollten vermieden werden.<br \/>\nDie meisten Papageien genie\u00dfen gelegentlich eine Dusche oder ein Bad. Zum Duschen eignet sich entweder eine Handbrause oder ein Schlauch mit feiner Brause und lauwarmem Wasser. Eine 30\u201335 cm gro\u00dfe Badewanne oder Keramikschale kann auf den Boden des K\u00e4figs gestellt oder in einer Voliere etwa 1 m \u00fcber dem Boden angebracht werden.<\/p>\n<p>Die Fl\u00fcgel von Papageien sollten gestutzt werden, um sie vom Fliegen abzuhalten und zu verhindern, dass Ihr Haustier durch ein offenes Fenster oder eine T\u00fcr verloren geht. Achten Sie jedoch darauf, nur wenige (3-5) Federn zu stutzen, da der Papagei einen schweren K\u00f6rper hat und sich bei kurzen Fl\u00fcgen bei St\u00fcrzen verletzen kann. Schnabel und Krallen m\u00fcssen gestutzt werden, sofern sie nicht durch Klettern und Kauen abgenutzt sind.<\/p>","protected":false},"excerpt":{"rendered":"<h1>Rotfaktor Afrikanisches Grau zu verkaufen<\/h1>\n<p>Wir erm\u00f6glichen Ihnen, stolzer Besitzer eines wundersch\u00f6nen Roten Graupapageis zu werden! Sie sind weltweit als Haustiere erh\u00e4ltlich. Sie sind wundersch\u00f6n und begehrenswert! Der Roten Graupapagei beh\u00e4lt seine hohe Intelligenz und sein au\u00dfergew\u00f6hnliches Sprechverm\u00f6gen, genau wie seine wilden grauen Verwandten.<\/p>\n<p>&nbsp;<\/p>","protected":false},"featured_media":2665,"comment_status":"closed","ping_status":"closed","template":"","meta":{"site-sidebar-layout":"default","site-content-layout":"","ast-site-content-layout":"default","site-content-style":"default","site-sidebar-style":"default","ast-global-header-display":"","ast-banner-title-visibility":"","ast-main-header-display":"","ast-hfb-above-header-display":"","ast-hfb-below-header-display":"","ast-hfb-mobile-header-display":"","site-post-title":"","ast-breadcrumbs-content":"","ast-featured-img":"","footer-sml-layout":"","theme-transparent-header-meta":"default","adv-header-id-meta":"","stick-header-meta":"default","header-above-stick-meta":"","header-main-stick-meta":"","header-below-stick-meta":"","astra-migrate-meta-layouts":"set","ast-page-background-enabled":"default","ast-page-background-meta":{"desktop":{"background-color":"var(--ast-global-color-4)","background-image":"","background-repeat":"repeat","background-position":"center center","background-size":"auto","background-attachment":"scroll","background-type":"","background-media":"","overlay-type":"","overlay-color":"","overlay-opacity":"","overlay-gradient":""},"tablet":{"background-color":"","background-image":"","background-repeat":"repeat","background-position":"center center","background-size":"auto","background-attachment":"scroll","background-type":"","background-media":"","overlay-type":"","overlay-color":"","overlay-opacity":"","overlay-gradient":""},"mobile":{"background-color":"","background-image":"","background-repeat":"repeat","background-position":"center center","background-size":"auto","background-attachment":"scroll","background-type":"","background-media":"","overlay-type":"","overlay-color":"","overlay-opacity":"","overlay-gradient":""}},"ast-content-background-meta":{"desktop":{"background-color":"var(--ast-global-color-5)","background-image":"","background-repeat":"repeat","background-position":"center center","background-size":"auto","background-attachment":"scroll","background-type":"","background-media":"","overlay-type":"","overlay-color":"","overlay-opacity":"","overlay-gradient":""},"tablet":{"background-color":"var(--ast-global-color-5)","background-image":"","background-repeat":"repeat","background-position":"center center","background-size":"auto","background-attachment":"scroll","background-type":"","background-media":"","overlay-type":"","overlay-color":"","overlay-opacity":"","overlay-gradient":""},"mobile":{"background-color":"var(--ast-global-color-5)","background-image":"","background-repeat":"repeat","background-position":"center center","background-size":"auto","background-attachment":"scroll","background-type":"","background-media":"","overlay-type":"","overlay-color":"","overlay-opacity":"","overlay-gradient":""}}},"product_brand":[],"product_cat":[15],"product_tag":[2176,2177,2178,2179,2180,2181,381,384,386,2182,392,2183,2184,2185,2186,2187,2188,2189,2190,2191,2192,2193,2194,2195,2196,2197,2198,2199,2212,2213,2214,2215,2216,2217,2200,2201,2202],"class_list":{"0":"post-2622","1":"product","2":"type-product","3":"status-publish","4":"has-post-thumbnail","6":"product_cat-uncategorized","7":"product_tag-african-gray-parrot-for-sale","8":"product_tag-african-grey-breeders","9":"product_tag-african-grey-congo-parrots-for-sale","10":"product_tag-african-grey-for-sale","11":"product_tag-african-grey-for-sale-nc","12":"product_tag-african-grey-parrot-baby","13":"product_tag-african-grey-parrot-care","14":"product_tag-african-grey-parrot-for-sale","15":"product_tag-african-grey-parrot-for-sale-near-me","16":"product_tag-african-grey-parrot-for-sale-ny","17":"product_tag-african-grey-parrot-intelligence","18":"product_tag-african-grey-parrot-pet-for-sale","19":"product_tag-african-grey-parrot-price","20":"product_tag-african-grey-red-tail-for-sale","21":"product_tag-african-grey-red-tail-parrot-for-sale","22":"product_tag-african-parrot-for-sale","23":"product_tag-african-red-tail-parrot-for-sale","24":"product_tag-baby-congo-african-grey-parrots-for-sale","25":"product_tag-buy-african-grey-parrots-online","26":"product_tag-cheap-african-grey-parrot-for-sale","27":"product_tag-congo-african-grey-birds-for-sale","28":"product_tag-congo-african-grey-parrot-for-sale","29":"product_tag-grey-parrot-for-sale","30":"product_tag-harrisons-bird-food","31":"product_tag-how-much-is-an-african-grey","32":"product_tag-male-congo-african-grey-parrot-for-sale","33":"product_tag-parrots-for-sale","34":"product_tag-parrots-for-sale-near-me","35":"product_tag-rare-red-factor-african-grey","36":"product_tag-red-african-grey-for-sale-south-africa","37":"product_tag-red-factor-african-grey","38":"product_tag-red-factor-african-grey-babies-for-sale","39":"product_tag-red-factor-african-grey-for-sale","40":"product_tag-red-factor-grey-parrot","41":"product_tag-red-tailed-african-grey-parrots-for-sale","42":"product_tag-talking-parrots-for-sale-near-me","43":"product_tag-timneh-african-grey-for-sale","44":"desktop-align-left","45":"tablet-align-left","46":"mobile-align-left","47":"ast-product-gallery-layout-horizontal-slider","48":"ast-product-tabs-layout-horizontal","49":"ast-qv-on-image","51":"first","52":"instock","53":"shipping-taxable","54":"product-type-simple"},"yoast_head":"<!-- This site is optimized with the Yoast SEO Premium plugin v23.2 (Yoast SEO v26.8) - https:\/\/yoast.com\/product\/yoast-seo-premium-wordpress\/ -->\n<title>RED FACTOR AFRICAN GREY FOR SALE - Tropical Wings Birds<\/title>\n<meta name=\"robots\" content=\"index, follow, max-snippet:-1, max-image-preview:large, max-video-preview:-1\" \/>\n<link rel=\"canonical\" href=\"https:\/\/tropicalwingsbirds.shop\/de\/geschaft\/rotfaktor-afrikanisches-grau-zu-verkaufen\/\" \/>\n<meta property=\"og:locale\" content=\"de_DE\" \/>\n<meta property=\"og:type\" content=\"article\" \/>\n<meta property=\"og:title\" content=\"RED FACTOR AFRICAN GREY FOR SALE\" \/>\n<meta property=\"og:description\" content=\"Red Factor African Grey For Sale Red Factor African Grey For Sale, we have made it possible for you to be a Proud Owner of the Beautiful Red Factor African Grey\u2019s! They will be available as pets to people all over the world. They\u2019re certainly beautiful and desirable! The Red Factor African Grey will retain always retain their high level of intelligence and exceptional ability to talk just like their natural wild-colored Grey cousins.  &nbsp;\" \/>\n<meta property=\"og:url\" content=\"https:\/\/tropicalwingsbirds.shop\/de\/geschaft\/rotfaktor-afrikanisches-grau-zu-verkaufen\/\" \/>\n<meta property=\"og:site_name\" content=\"Tropical Wings Birds\" \/>\n<meta property=\"article:publisher\" content=\"https:\/\/web.facebook.com\/profile.php?id=61551502767851&amp;mibextid=2JQ9oc&amp;_rdc=1&amp;_rdr\" \/>\n<meta property=\"article:modified_time\" content=\"2024-02-02T23:06:15+00:00\" \/>\n<meta property=\"og:image\" content=\"https:\/\/tropicalwingsbirds.shop\/wp-content\/uploads\/2023\/12\/Red-Factor-African-Grey-For-Sale3-1.jpg\" \/>\n\t<meta property=\"og:image:width\" content=\"351\" \/>\n\t<meta property=\"og:image:height\" content=\"307\" \/>\n\t<meta property=\"og:image:type\" content=\"image\/jpeg\" \/>\n<meta name=\"twitter:card\" content=\"summary_large_image\" \/>\n<meta name=\"twitter:label1\" content=\"Preis\" \/>\n\t<meta name=\"twitter:data1\" content=\"\" \/>\n\t<meta name=\"twitter:label2\" content=\"Verf\u00fcgbarkeit\" \/>\n\t<meta name=\"twitter:data2\" content=\"Auf Lager\" \/>\n<script type=\"application\/ld+json\" class=\"yoast-schema-graph\">{\"@context\":\"https:\/\/schema.org\",\"@graph\":[{\"@type\":\"WebPage\",\"@id\":\"https:\/\/tropicalwingsbirds.shop\/shop\/red-factor-african-grey-for-sale\/\",\"url\":\"https:\/\/tropicalwingsbirds.shop\/shop\/red-factor-african-grey-for-sale\/\",\"name\":\"RED FACTOR AFRICAN GREY FOR SALE - Tropical Wings Birds\",\"isPartOf\":{\"@id\":\"https:\/\/tropicalwingsbirds.shop\/#website\"},\"primaryImageOfPage\":{\"@id\":\"https:\/\/tropicalwingsbirds.shop\/shop\/red-factor-african-grey-for-sale\/#primaryimage\"},\"image\":{\"@id\":\"https:\/\/tropicalwingsbirds.shop\/shop\/red-factor-african-grey-for-sale\/#primaryimage\"},\"thumbnailUrl\":\"https:\/\/tropicalwingsbirds.shop\/wp-content\/uploads\/2023\/12\/Red-Factor-African-Grey-For-Sale3-1.jpg\",\"datePublished\":\"2023-12-07T16:36:19+00:00\",\"dateModified\":\"2024-02-02T23:06:15+00:00\",\"breadcrumb\":{\"@id\":\"https:\/\/tropicalwingsbirds.shop\/shop\/red-factor-african-grey-for-sale\/#breadcrumb\"},\"inLanguage\":\"de\",\"potentialAction\":[{\"@type\":\"ReadAction\",\"target\":[\"https:\/\/tropicalwingsbirds.shop\/shop\/red-factor-african-grey-for-sale\/\"]}]},{\"@type\":\"ImageObject\",\"inLanguage\":\"de\",\"@id\":\"https:\/\/tropicalwingsbirds.shop\/shop\/red-factor-african-grey-for-sale\/#primaryimage\",\"url\":\"https:\/\/tropicalwingsbirds.shop\/wp-content\/uploads\/2023\/12\/Red-Factor-African-Grey-For-Sale3-1.jpg\",\"contentUrl\":\"https:\/\/tropicalwingsbirds.shop\/wp-content\/uploads\/2023\/12\/Red-Factor-African-Grey-For-Sale3-1.jpg\",\"width\":351,\"height\":307},{\"@type\":\"BreadcrumbList\",\"@id\":\"https:\/\/tropicalwingsbirds.shop\/shop\/red-factor-african-grey-for-sale\/#breadcrumb\",\"itemListElement\":[{\"@type\":\"ListItem\",\"position\":1,\"name\":\"Home\",\"item\":\"https:\/\/tropicalwingsbirds.shop\/\"},{\"@type\":\"ListItem\",\"position\":2,\"name\":\"Shop\",\"item\":\"https:\/\/tropicalwingsbirds.shop\/shop\/\"},{\"@type\":\"ListItem\",\"position\":3,\"name\":\"RED FACTOR AFRICAN GREY FOR SALE\"}]},{\"@type\":\"WebSite\",\"@id\":\"https:\/\/tropicalwingsbirds.shop\/#website\",\"url\":\"https:\/\/tropicalwingsbirds.shop\/\",\"name\":\"Tropical Wings Birds\",\"description\":\"Best Exotic birds breeders online\",\"publisher\":{\"@id\":\"https:\/\/tropicalwingsbirds.shop\/#organization\"},\"potentialAction\":[{\"@type\":\"SearchAction\",\"target\":{\"@type\":\"EntryPoint\",\"urlTemplate\":\"https:\/\/tropicalwingsbirds.shop\/?s={search_term_string}\"},\"query-input\":{\"@type\":\"PropertyValueSpecification\",\"valueRequired\":true,\"valueName\":\"search_term_string\"}}],\"inLanguage\":\"de\"},{\"@type\":[\"Organization\",\"Place\",\"PetStore\"],\"@id\":\"https:\/\/tropicalwingsbirds.shop\/#organization\",\"name\":\"Tropical Wings Birds Shop\",\"alternateName\":\"TPWB\",\"url\":\"https:\/\/tropicalwingsbirds.shop\/\",\"logo\":{\"@id\":\"https:\/\/tropicalwingsbirds.shop\/shop\/red-factor-african-grey-for-sale\/#local-main-organization-logo\"},\"image\":{\"@id\":\"https:\/\/tropicalwingsbirds.shop\/shop\/red-factor-african-grey-for-sale\/#local-main-organization-logo\"},\"sameAs\":[\"https:\/\/web.facebook.com\/profile.php?id=61551502767851&mibextid=2JQ9oc&_rdc=1&_rdr\"],\"description\":\"Tropical Wings Birds is your destination for exotic avian companionship. Our boutique aviary in United States offers a curated selection of vibrant tropical birds sourced from reputable breeders worldwide. With a focus on welfare and expertise, our dedicated team is here to guide you on your journey to finding the perfect feathered friend. Visit us today and experience the magic of avian companionship at Tropical Wings Birds.\",\"legalName\":\"Tropical Wings Birds\",\"foundingDate\":\"2019-02-14\",\"numberOfEmployees\":{\"@type\":\"QuantitativeValue\",\"minValue\":\"1\",\"maxValue\":\"10\"},\"address\":{\"@id\":\"https:\/\/tropicalwingsbirds.shop\/shop\/red-factor-african-grey-for-sale\/#local-main-place-address\"},\"geo\":{\"@type\":\"GeoCoordinates\",\"latitude\":\"40.5976725\",\"longitude\":\"-122.3716346\"},\"telephone\":[\"+1 707-733-4623\",\"+1 707-733-4623\"],\"contactPoint\":{\"@type\":\"ContactPoint\",\"telephone\":\"+1 707-733-4623\",\"email\":\"sales@tropicalwingsbirds.shop\"},\"openingHoursSpecification\":{\"@type\":\"OpeningHoursSpecification\",\"dayOfWeek\":[\"Monday\",\"Tuesday\",\"Wednesday\",\"Thursday\",\"Friday\",\"Saturday\",\"Sunday\"],\"opens\":\"00:00\",\"closes\":\"23:59\"},\"email\":\"sales@tropicalwingsbirds.shop\",\"faxNumber\":\"+1 707-733-4623\",\"areaServed\":\"United states, Porto Rico, Canada, Australia\",\"priceRange\":\"$\",\"currenciesAccepted\":\"USD, CAD, AUD,\",\"paymentAccepted\":\"Zelle, Paypal, Bitcoin, Apple pay, Credit cards, Bank transfers\"},{\"@type\":\"PostalAddress\",\"@id\":\"https:\/\/tropicalwingsbirds.shop\/shop\/red-factor-african-grey-for-sale\/#local-main-place-address\",\"streetAddress\":\"500 Hilltop Dr,\",\"addressLocality\":\"Redding\",\"postalCode\":\"96003\",\"addressRegion\":\"California\",\"addressCountry\":\"US\"},{\"@type\":\"ImageObject\",\"inLanguage\":\"de\",\"@id\":\"https:\/\/tropicalwingsbirds.shop\/shop\/red-factor-african-grey-for-sale\/#local-main-organization-logo\",\"url\":\"https:\/\/tropicalwingsbirds.shop\/wp-content\/uploads\/2024\/01\/tropical-wings-1.webp\",\"contentUrl\":\"https:\/\/tropicalwingsbirds.shop\/wp-content\/uploads\/2024\/01\/tropical-wings-1.webp\",\"width\":500,\"height\":500,\"caption\":\"Tropical Wings Birds Shop\"}]}<\/script>\n<meta property=\"product:price:currency\" content=\"USD\" \/>\n<meta property=\"og:availability\" content=\"instock\" \/>\n<meta property=\"product:availability\" content=\"instock\" \/>\n<meta property=\"product:condition\" content=\"new\" \/>\n<meta name=\"geo.placename\" content=\"Redding\" \/>\n<meta name=\"geo.position\" content=\"40.5976725;-122.3716346\" \/>\n<meta name=\"geo.region\" content=\"Vereinigte Staaten von Amerika\" \/>\n<!-- \/ Yoast SEO Premium plugin. -->","yoast_head_json":{"title":"RED FACTOR AFRICAN GREY ZU VERKAUFEN - Tropical Wings Birds","robots":{"index":"index","follow":"follow","max-snippet":"max-snippet:-1","max-image-preview":"max-image-preview:large","max-video-preview":"max-video-preview:-1"},"canonical":"https:\/\/tropicalwingsbirds.shop\/de\/geschaft\/rotfaktor-afrikanisches-grau-zu-verkaufen\/","og_locale":"de_DE","og_type":"article","og_title":"RED FACTOR AFRICAN GREY FOR SALE","og_description":"Red Factor African Grey For Sale Red Factor African Grey For Sale, we have made it possible for you to be a Proud Owner of the Beautiful Red Factor African Grey\u2019s! They will be available as pets to people all over the world. They\u2019re certainly beautiful and desirable! The Red Factor African Grey will retain always retain their high level of intelligence and exceptional ability to talk just like their natural wild-colored Grey cousins.  &nbsp;","og_url":"https:\/\/tropicalwingsbirds.shop\/de\/geschaft\/rotfaktor-afrikanisches-grau-zu-verkaufen\/","og_site_name":"Tropical Wings Birds","article_publisher":"https:\/\/web.facebook.com\/profile.php?id=61551502767851&mibextid=2JQ9oc&_rdc=1&_rdr","article_modified_time":"2024-02-02T23:06:15+00:00","og_image":[{"width":351,"height":307,"url":"https:\/\/tropicalwingsbirds.shop\/wp-content\/uploads\/2023\/12\/Red-Factor-African-Grey-For-Sale3-1.jpg","type":"image\/jpeg"}],"twitter_card":"summary_large_image","twitter_misc":{"Preis":"","Verf\u00fcgbarkeit":"Auf Lager"},"schema":{"@context":"https:\/\/schema.org","@graph":[{"@type":"WebPage","@id":"https:\/\/tropicalwingsbirds.shop\/shop\/red-factor-african-grey-for-sale\/","url":"https:\/\/tropicalwingsbirds.shop\/shop\/red-factor-african-grey-for-sale\/","name":"RED FACTOR AFRICAN GREY ZU VERKAUFEN - Tropical Wings Birds","isPartOf":{"@id":"https:\/\/tropicalwingsbirds.shop\/#website"},"primaryImageOfPage":{"@id":"https:\/\/tropicalwingsbirds.shop\/shop\/red-factor-african-grey-for-sale\/#primaryimage"},"image":{"@id":"https:\/\/tropicalwingsbirds.shop\/shop\/red-factor-african-grey-for-sale\/#primaryimage"},"thumbnailUrl":"https:\/\/tropicalwingsbirds.shop\/wp-content\/uploads\/2023\/12\/Red-Factor-African-Grey-For-Sale3-1.jpg","datePublished":"2023-12-07T16:36:19+00:00","dateModified":"2024-02-02T23:06:15+00:00","breadcrumb":{"@id":"https:\/\/tropicalwingsbirds.shop\/shop\/red-factor-african-grey-for-sale\/#breadcrumb"},"inLanguage":"de","potentialAction":[{"@type":"ReadAction","target":["https:\/\/tropicalwingsbirds.shop\/shop\/red-factor-african-grey-for-sale\/"]}]},{"@type":"ImageObject","inLanguage":"de","@id":"https:\/\/tropicalwingsbirds.shop\/shop\/red-factor-african-grey-for-sale\/#primaryimage","url":"https:\/\/tropicalwingsbirds.shop\/wp-content\/uploads\/2023\/12\/Red-Factor-African-Grey-For-Sale3-1.jpg","contentUrl":"https:\/\/tropicalwingsbirds.shop\/wp-content\/uploads\/2023\/12\/Red-Factor-African-Grey-For-Sale3-1.jpg","width":351,"height":307},{"@type":"BreadcrumbList","@id":"https:\/\/tropicalwingsbirds.shop\/shop\/red-factor-african-grey-for-sale\/#breadcrumb","itemListElement":[{"@type":"ListItem","position":1,"name":"Home","item":"https:\/\/tropicalwingsbirds.shop\/"},{"@type":"ListItem","position":2,"name":"Shop","item":"https:\/\/tropicalwingsbirds.shop\/shop\/"},{"@type":"ListItem","position":3,"name":"RED FACTOR AFRICAN GREY FOR SALE"}]},{"@type":"WebSite","@id":"https:\/\/tropicalwingsbirds.shop\/#website","url":"https:\/\/tropicalwingsbirds.shop\/","name":"Tropische Fl\u00fcgelv\u00f6gel","description":"Die besten Z\u00fcchter exotischer V\u00f6gel online","publisher":{"@id":"https:\/\/tropicalwingsbirds.shop\/#organization"},"potentialAction":[{"@type":"SearchAction","target":{"@type":"EntryPoint","urlTemplate":"https:\/\/tropicalwingsbirds.shop\/?s={search_term_string}"},"query-input":{"@type":"PropertyValueSpecification","valueRequired":true,"valueName":"search_term_string"}}],"inLanguage":"de"},{"@type":["Organization","Place","PetStore"],"@id":"https:\/\/tropicalwingsbirds.shop\/#organization","name":"Tropical Wings Birds Shop","alternateName":"TPWB","url":"https:\/\/tropicalwingsbirds.shop\/","logo":{"@id":"https:\/\/tropicalwingsbirds.shop\/shop\/red-factor-african-grey-for-sale\/#local-main-organization-logo"},"image":{"@id":"https:\/\/tropicalwingsbirds.shop\/shop\/red-factor-african-grey-for-sale\/#local-main-organization-logo"},"sameAs":["https:\/\/web.facebook.com\/profile.php?id=61551502767851&mibextid=2JQ9oc&_rdc=1&_rdr"],"description":"Tropical Wings Birds ist Ihre Adresse f\u00fcr exotische Vogelbegleitung. Unsere Boutique-Voliere in den USA bietet eine kuratierte Auswahl an farbenfrohen tropischen V\u00f6geln von renommierten Z\u00fcchtern weltweit. Mit Fokus auf Wohlbefinden und Expertise begleitet Sie unser engagiertes Team auf Ihrer Suche nach dem perfekten gefiederten Freund. Besuchen Sie uns noch heute und erleben Sie die Magie der Vogelbegleitung bei Tropical Wings Birds.","legalName":"Tropical Wings Birds","foundingDate":"2019-02-14","numberOfEmployees":{"@type":"QuantitativeValue","minValue":"1","maxValue":"10"},"address":{"@id":"https:\/\/tropicalwingsbirds.shop\/shop\/red-factor-african-grey-for-sale\/#local-main-place-address"},"geo":{"@type":"GeoCoordinates","latitude":"40.5976725","longitude":"-122.3716346"},"telephone":["+1 707-733-4623","+1 707-733-4623"],"contactPoint":{"@type":"ContactPoint","telephone":"+1 707-733-4623","email":"sales@tropicalwingsbirds.shop"},"openingHoursSpecification":{"@type":"OpeningHoursSpecification","dayOfWeek":["Monday","Tuesday","Wednesday","Thursday","Friday","Saturday","Sunday"],"opens":"00:00","closes":"23:59"},"email":"sales@tropicalwingsbirds.shop","faxNumber":"+1 707-733-4623","areaServed":"United states, Porto Rico, Canada, Australia","priceRange":"$","currenciesAccepted":"USD, CAD, AUD,","paymentAccepted":"Zelle, Paypal, Bitcoin, Apple pay, Credit cards, Bank transfers"},{"@type":"PostalAddress","@id":"https:\/\/tropicalwingsbirds.shop\/shop\/red-factor-african-grey-for-sale\/#local-main-place-address","streetAddress":"500 Hilltop Dr,","addressLocality":"Redding","postalCode":"96003","addressRegion":"California","addressCountry":"US"},{"@type":"ImageObject","inLanguage":"de","@id":"https:\/\/tropicalwingsbirds.shop\/shop\/red-factor-african-grey-for-sale\/#local-main-organization-logo","url":"https:\/\/tropicalwingsbirds.shop\/wp-content\/uploads\/2024\/01\/tropical-wings-1.webp","contentUrl":"https:\/\/tropicalwingsbirds.shop\/wp-content\/uploads\/2024\/01\/tropical-wings-1.webp","width":500,"height":500,"caption":"Tropical Wings Birds Shop"}]},"product_price_currency":"USD","og_availability":"instock","product_availability":"instock","product_condition":"new","geo.placename":"Redding","geo.position":{"lat":"40.5976725","long":"-122.3716346"},"geo.region":"Vereinigte Staaten von Amerika"},"_links":{"self":[{"href":"https:\/\/tropicalwingsbirds.shop\/de\/wp-json\/wp\/v2\/product\/2622","targetHints":{"allow":["GET"]}}],"collection":[{"href":"https:\/\/tropicalwingsbirds.shop\/de\/wp-json\/wp\/v2\/product"}],"about":[{"href":"https:\/\/tropicalwingsbirds.shop\/de\/wp-json\/wp\/v2\/types\/product"}],"replies":[{"embeddable":true,"href":"https:\/\/tropicalwingsbirds.shop\/de\/wp-json\/wp\/v2\/comments?post=2622"}],"wp:featuredmedia":[{"embeddable":true,"href":"https:\/\/tropicalwingsbirds.shop\/de\/wp-json\/wp\/v2\/media\/2665"}],"wp:attachment":[{"href":"https:\/\/tropicalwingsbirds.shop\/de\/wp-json\/wp\/v2\/media?parent=2622"}],"wp:term":[{"taxonomy":"product_brand","embeddable":true,"href":"https:\/\/tropicalwingsbirds.shop\/de\/wp-json\/wp\/v2\/product_brand?post=2622"},{"taxonomy":"product_cat","embeddable":true,"href":"https:\/\/tropicalwingsbirds.shop\/de\/wp-json\/wp\/v2\/product_cat?post=2622"},{"taxonomy":"product_tag","embeddable":true,"href":"https:\/\/tropicalwingsbirds.shop\/de\/wp-json\/wp\/v2\/product_tag?post=2622"}],"curies":[{"name":"wp","href":"https:\/\/api.w.org\/{rel}","templated":true}]}}