{"id":541,"date":"2023-12-03T14:04:59","date_gmt":"2023-12-03T14:04:59","guid":{"rendered":"https:\/\/tropicalwingsbirds.shop\/?post_type=product&#038;p=541"},"modified":"2026-04-17T22:03:29","modified_gmt":"2026-04-17T22:03:29","slug":"baby-schwarze-palmkakadus","status":"publish","type":"product","link":"https:\/\/tropicalwingsbirds.shop\/de\/geschaft\/baby-schwarze-palmkakadus\/","title":{"rendered":"Junge Schwarze Palmkakadus"},"content":{"rendered":"<p>Der Palmkakadu gilt im Gegensatz zu den meisten anderen Papageien nicht als anh\u00e4nglicher Vogel. Obwohl er, wie andere Kakadus auch, sehr gesellig ist und regelm\u00e4\u00dfigen Kontakt mit seinen Besitzern ben\u00f6tigt, ist er aufgrund seiner Gr\u00f6\u00dfe und seines Temperaments am besten f\u00fcr erfahrene Vogelbesitzer geeignet. Er ist nicht f\u00fcr jeden das ideale Haustier, aber der Palmkakadu hat seine lohnende <a href=\"https:\/\/macawparrotshop.com\/product\/baby-black-palm-cockatoos\/\" target=\"_blank\" rel=\"noopener\">Eigenschaften<\/a>. Kaufen Sie den Schwarzen Palmkakadu online.<\/p>\n<p>Obwohl handgef\u00fctterte Palmkakadus ausgezeichnete, zahme Haustiere sind, ben\u00f6tigen sie dennoch eine strenge Erziehung und sind nichts f\u00fcr Anf\u00e4nger in der Haltung gro\u00dfer Papageien.<\/p>\n<p>Kurz gesagt: Diese Papageien brauchen mutige Besitzer. Wenn Sie gro\u00dfe V\u00f6gel einsch\u00fcchtern, sollten Sie keinen Palmkakadu adoptieren.<\/p>\n<p>Der zum Verkauf stehende Schwarze Palmkakadu wird auch Goliathkakadu oder Gro\u00dfer Schwarzer Kakadu genannt. Sie sind in Neuguinea und Indonesien heimisch.<\/p>\n<p class=\"p1\">Aufgrund seines einzigartigen Aussehens ist der Palmkakadu ein beliebtes Haustier. Er gilt au\u00dferdem als einer der gespr\u00e4chigsten Kakadus. Wie die meisten Kakadus ben\u00f6tigen sie Platz zum Fliegen. Sie m\u00fcssen mindestens zwei Stunden am Tag aus ihrem K\u00e4fig heraus. Sie k\u00f6nnen nicht l\u00e4nger als acht Stunden am Tag allein gehalten werden.<\/p>\n<p class=\"p1\">Ihre Ern\u00e4hrung ist recht spezifisch und kann kostspielig sein. Einige Dinge, die Sie vor dem Kauf eines Palmkakadus beachten sollten: Die Pflege eines exotischen Haustiers erfordert viel \u00dcberlegung und Vorbereitung. Sie m\u00fcssen sicherstellen, dass in Ihrer Wohnung oder Ihrem Apartment exotische Haustiere erlaubt sind. Wenn ja, wird der L\u00e4rm eines Kakadus Ihre Nachbarn st\u00f6ren?<\/p>\n<p class=\"p1\">Aufgrund ihrer Seltenheit kann die Anschaffung dieser V\u00f6gel teuer sein. Die Kosten liegen oft bei $15.000 und mehr. Doch die Anschaffungskosten sind nur der Anfang. Sie ben\u00f6tigen eine gesunde Ern\u00e4hrung, Spielzeug, einen gro\u00dfen K\u00e4fig oder eine Voliere und Besuche bei einem Vogelarzt. Kaufen Sie den Schwarzen Palmkakadu online.<\/p>\n<h3 class=\"p1\"><strong>Diese V\u00f6gel vermehren sich in Gefangenschaft nicht gut.<\/strong><\/h3>\n<p class=\"p1\">Achten Sie beim Kauf eines exotischen Vogels darauf, dass Sie ihn von einem H\u00e4ndler kaufen, der den Vogel legal erworben hat. Ein gefangener Wildvogel ist kein gutes Haustier.<\/p>\n<p class=\"p1\">Erw\u00e4gen Sie die Adoption eines Kakadus aus einer Tierschutzorganisation. Viele Menschen kaufen diese V\u00f6gel und stellen dann fest, dass sie nicht \u00fcber die Mittel oder die Zeit verf\u00fcgen, sich um sie zu k\u00fcmmern. Diese V\u00f6gel landen oft in Tierheimen und warten auf die Adoption durch einen neuen Besitzer.<\/p>","protected":false},"excerpt":{"rendered":"<p>Der Palmkakadu ist die gr\u00f6\u00dfte Kakaduart und trotz der hohen Anschaffungskosten weltweit als Haustier beliebt. Er ist in Nord-Queensland in Australien und auf der Pazifikinsel Neuguinea heimisch.<\/p>\n<p>Der Preis variiert je nach Alter. Wir bieten ab $1200 USD f\u00fcr V\u00f6gel im Alter von 9 bis 18 Monaten.<\/p>","protected":false},"featured_media":563,"comment_status":"closed","ping_status":"closed","template":"","meta":{"site-sidebar-layout":"","site-content-layout":"","ast-site-content-layout":"","site-content-style":"","site-sidebar-style":"","ast-global-header-display":"","ast-banner-title-visibility":"","ast-main-header-display":"","ast-hfb-above-header-display":"","ast-hfb-below-header-display":"","ast-hfb-mobile-header-display":"","site-post-title":"","ast-breadcrumbs-content":"","ast-featured-img":"","footer-sml-layout":"","theme-transparent-header-meta":"","adv-header-id-meta":"","stick-header-meta":"","header-above-stick-meta":"","header-main-stick-meta":"","header-below-stick-meta":"","astra-migrate-meta-layouts":"","ast-page-background-enabled":"default","ast-page-background-meta":{"desktop":{"background-color":"var(--ast-global-color-4)","background-image":"","background-repeat":"repeat","background-position":"center center","background-size":"auto","background-attachment":"scroll","background-type":"","background-media":"","overlay-type":"","overlay-color":"","overlay-opacity":"","overlay-gradient":""},"tablet":{"background-color":"","background-image":"","background-repeat":"repeat","background-position":"center center","background-size":"auto","background-attachment":"scroll","background-type":"","background-media":"","overlay-type":"","overlay-color":"","overlay-opacity":"","overlay-gradient":""},"mobile":{"background-color":"","background-image":"","background-repeat":"repeat","background-position":"center center","background-size":"auto","background-attachment":"scroll","background-type":"","background-media":"","overlay-type":"","overlay-color":"","overlay-opacity":"","overlay-gradient":""}},"ast-content-background-meta":{"desktop":{"background-color":"var(--ast-global-color-5)","background-image":"","background-repeat":"repeat","background-position":"center center","background-size":"auto","background-attachment":"scroll","background-type":"","background-media":"","overlay-type":"","overlay-color":"","overlay-opacity":"","overlay-gradient":""},"tablet":{"background-color":"var(--ast-global-color-5)","background-image":"","background-repeat":"repeat","background-position":"center center","background-size":"auto","background-attachment":"scroll","background-type":"","background-media":"","overlay-type":"","overlay-color":"","overlay-opacity":"","overlay-gradient":""},"mobile":{"background-color":"var(--ast-global-color-5)","background-image":"","background-repeat":"repeat","background-position":"center center","background-size":"auto","background-attachment":"scroll","background-type":"","background-media":"","overlay-type":"","overlay-color":"","overlay-opacity":"","overlay-gradient":""}}},"product_brand":[],"product_cat":[2299,156],"product_tag":[53],"class_list":{"0":"post-541","1":"product","2":"type-product","3":"status-publish","4":"has-post-thumbnail","6":"product_cat-cockatoos-2","7":"product_cat-parrots","8":"product_tag-buy-parrots-online","9":"desktop-align-left","10":"tablet-align-left","11":"mobile-align-left","12":"ast-product-gallery-layout-horizontal-slider","13":"ast-product-gallery-with-no-image","14":"ast-product-tabs-layout-horizontal","15":"ast-qv-on-image","17":"first","18":"instock","19":"shipping-taxable","20":"product-type-simple"},"yoast_head":"<!-- This site is optimized with the Yoast SEO Premium plugin v23.2 (Yoast SEO v26.8) - https:\/\/yoast.com\/product\/yoast-seo-premium-wordpress\/ -->\n<title>Baby Black Palm Cockatoos for Sale | Tropical Wings Birds<\/title>\n<meta name=\"description\" content=\"Buy baby black palm cockatoos from a trusted breeder. Hand-fed, health-certified, closed-leg-ringed with full documentation. Worldwide shipping available.\" \/>\n<meta name=\"robots\" content=\"index, follow, max-snippet:-1, max-image-preview:large, max-video-preview:-1\" \/>\n<link rel=\"canonical\" href=\"https:\/\/tropicalwingsbirds.shop\/de\/geschaft\/baby-schwarze-palmkakadus\/\" \/>\n<meta property=\"og:locale\" content=\"de_DE\" \/>\n<meta property=\"og:type\" content=\"article\" \/>\n<meta property=\"og:title\" content=\"Baby Black Palm Cockatoos\" \/>\n<meta property=\"og:description\" content=\"Buy baby black palm cockatoos from a trusted breeder. Hand-fed, health-certified, closed-leg-ringed with full documentation. Worldwide shipping available.\" \/>\n<meta property=\"og:url\" content=\"https:\/\/tropicalwingsbirds.shop\/de\/geschaft\/baby-schwarze-palmkakadus\/\" \/>\n<meta property=\"og:site_name\" content=\"Tropical Wings Birds\" \/>\n<meta property=\"article:publisher\" content=\"https:\/\/web.facebook.com\/profile.php?id=61551502767851&amp;mibextid=2JQ9oc&amp;_rdc=1&amp;_rdr\" \/>\n<meta property=\"article:modified_time\" content=\"2026-04-17T22:03:29+00:00\" \/>\n<meta property=\"og:image\" content=\"https:\/\/tropicalwingsbirds.shop\/wp-content\/uploads\/2023\/12\/b.jpg\" \/>\n\t<meta property=\"og:image:width\" content=\"500\" \/>\n\t<meta property=\"og:image:height\" content=\"618\" \/>\n\t<meta property=\"og:image:type\" content=\"image\/jpeg\" \/>\n<meta name=\"twitter:card\" content=\"summary_large_image\" \/>\n<meta name=\"twitter:label1\" content=\"Preis\" \/>\n\t<meta name=\"twitter:data1\" content=\"\" \/>\n\t<meta name=\"twitter:label2\" content=\"Verf\u00fcgbarkeit\" \/>\n\t<meta name=\"twitter:data2\" content=\"Auf Lager\" \/>\n<script type=\"application\/ld+json\" class=\"yoast-schema-graph\">{\"@context\":\"https:\/\/schema.org\",\"@graph\":[{\"@type\":\"WebPage\",\"@id\":\"https:\/\/tropicalwingsbirds.shop\/shop\/baby-black-palm-cockatoos\/\",\"url\":\"https:\/\/tropicalwingsbirds.shop\/shop\/baby-black-palm-cockatoos\/\",\"name\":\"Baby Black Palm Cockatoos for Sale | Tropical Wings Birds\",\"isPartOf\":{\"@id\":\"https:\/\/tropicalwingsbirds.shop\/#website\"},\"primaryImageOfPage\":{\"@id\":\"https:\/\/tropicalwingsbirds.shop\/shop\/baby-black-palm-cockatoos\/#primaryimage\"},\"image\":{\"@id\":\"https:\/\/tropicalwingsbirds.shop\/shop\/baby-black-palm-cockatoos\/#primaryimage\"},\"thumbnailUrl\":\"https:\/\/tropicalwingsbirds.shop\/wp-content\/uploads\/2023\/12\/b.jpg\",\"datePublished\":\"2023-12-03T14:04:59+00:00\",\"dateModified\":\"2026-04-17T22:03:29+00:00\",\"description\":\"Buy baby black palm cockatoos from a trusted breeder. Hand-fed, health-certified, closed-leg-ringed with full documentation. Worldwide shipping available.\",\"breadcrumb\":{\"@id\":\"https:\/\/tropicalwingsbirds.shop\/shop\/baby-black-palm-cockatoos\/#breadcrumb\"},\"inLanguage\":\"de\",\"potentialAction\":[{\"@type\":\"ReadAction\",\"target\":[\"https:\/\/tropicalwingsbirds.shop\/shop\/baby-black-palm-cockatoos\/\"]}]},{\"@type\":\"ImageObject\",\"inLanguage\":\"de\",\"@id\":\"https:\/\/tropicalwingsbirds.shop\/shop\/baby-black-palm-cockatoos\/#primaryimage\",\"url\":\"https:\/\/tropicalwingsbirds.shop\/wp-content\/uploads\/2023\/12\/b.jpg\",\"contentUrl\":\"https:\/\/tropicalwingsbirds.shop\/wp-content\/uploads\/2023\/12\/b.jpg\",\"width\":500,\"height\":618},{\"@type\":\"BreadcrumbList\",\"@id\":\"https:\/\/tropicalwingsbirds.shop\/shop\/baby-black-palm-cockatoos\/#breadcrumb\",\"itemListElement\":[{\"@type\":\"ListItem\",\"position\":1,\"name\":\"Home\",\"item\":\"https:\/\/tropicalwingsbirds.shop\/\"},{\"@type\":\"ListItem\",\"position\":2,\"name\":\"Shop\",\"item\":\"https:\/\/tropicalwingsbirds.shop\/shop\/\"},{\"@type\":\"ListItem\",\"position\":3,\"name\":\"Baby Black Palm Cockatoos\"}]},{\"@type\":\"WebSite\",\"@id\":\"https:\/\/tropicalwingsbirds.shop\/#website\",\"url\":\"https:\/\/tropicalwingsbirds.shop\/\",\"name\":\"Tropical Wings Birds\",\"description\":\"Best Exotic birds breeders online\",\"publisher\":{\"@id\":\"https:\/\/tropicalwingsbirds.shop\/#organization\"},\"potentialAction\":[{\"@type\":\"SearchAction\",\"target\":{\"@type\":\"EntryPoint\",\"urlTemplate\":\"https:\/\/tropicalwingsbirds.shop\/?s={search_term_string}\"},\"query-input\":{\"@type\":\"PropertyValueSpecification\",\"valueRequired\":true,\"valueName\":\"search_term_string\"}}],\"inLanguage\":\"de\"},{\"@type\":[\"Organization\",\"Place\",\"PetStore\"],\"@id\":\"https:\/\/tropicalwingsbirds.shop\/#organization\",\"name\":\"Tropical Wings Birds Shop\",\"alternateName\":\"TPWB\",\"url\":\"https:\/\/tropicalwingsbirds.shop\/\",\"logo\":{\"@id\":\"https:\/\/tropicalwingsbirds.shop\/shop\/baby-black-palm-cockatoos\/#local-main-organization-logo\"},\"image\":{\"@id\":\"https:\/\/tropicalwingsbirds.shop\/shop\/baby-black-palm-cockatoos\/#local-main-organization-logo\"},\"sameAs\":[\"https:\/\/web.facebook.com\/profile.php?id=61551502767851&mibextid=2JQ9oc&_rdc=1&_rdr\"],\"description\":\"Tropical Wings Birds is your destination for exotic avian companionship. Our boutique aviary in United States offers a curated selection of vibrant tropical birds sourced from reputable breeders worldwide. With a focus on welfare and expertise, our dedicated team is here to guide you on your journey to finding the perfect feathered friend. Visit us today and experience the magic of avian companionship at Tropical Wings Birds.\",\"legalName\":\"Tropical Wings Birds\",\"foundingDate\":\"2019-02-14\",\"numberOfEmployees\":{\"@type\":\"QuantitativeValue\",\"minValue\":\"1\",\"maxValue\":\"10\"},\"address\":{\"@id\":\"https:\/\/tropicalwingsbirds.shop\/shop\/baby-black-palm-cockatoos\/#local-main-place-address\"},\"geo\":{\"@type\":\"GeoCoordinates\",\"latitude\":\"40.5976725\",\"longitude\":\"-122.3716346\"},\"telephone\":[\"+1 707-733-4623\",\"+1 707-733-4623\"],\"contactPoint\":{\"@type\":\"ContactPoint\",\"telephone\":\"+1 707-733-4623\",\"email\":\"sales@tropicalwingsbirds.shop\"},\"openingHoursSpecification\":{\"@type\":\"OpeningHoursSpecification\",\"dayOfWeek\":[\"Monday\",\"Tuesday\",\"Wednesday\",\"Thursday\",\"Friday\",\"Saturday\",\"Sunday\"],\"opens\":\"00:00\",\"closes\":\"23:59\"},\"email\":\"sales@tropicalwingsbirds.shop\",\"faxNumber\":\"+1 707-733-4623\",\"areaServed\":\"United states, Porto Rico, Canada, Australia\",\"priceRange\":\"$\",\"currenciesAccepted\":\"USD, CAD, AUD,\",\"paymentAccepted\":\"Zelle, Paypal, Bitcoin, Apple pay, Credit cards, Bank transfers\"},{\"@type\":\"PostalAddress\",\"@id\":\"https:\/\/tropicalwingsbirds.shop\/shop\/baby-black-palm-cockatoos\/#local-main-place-address\",\"streetAddress\":\"500 Hilltop Dr,\",\"addressLocality\":\"Redding\",\"postalCode\":\"96003\",\"addressRegion\":\"California\",\"addressCountry\":\"US\"},{\"@type\":\"ImageObject\",\"inLanguage\":\"de\",\"@id\":\"https:\/\/tropicalwingsbirds.shop\/shop\/baby-black-palm-cockatoos\/#local-main-organization-logo\",\"url\":\"https:\/\/tropicalwingsbirds.shop\/wp-content\/uploads\/2024\/01\/tropical-wings-1.webp\",\"contentUrl\":\"https:\/\/tropicalwingsbirds.shop\/wp-content\/uploads\/2024\/01\/tropical-wings-1.webp\",\"width\":500,\"height\":500,\"caption\":\"Tropical Wings Birds Shop\"}]}<\/script>\n<meta property=\"product:price:currency\" content=\"USD\" \/>\n<meta property=\"og:availability\" content=\"instock\" \/>\n<meta property=\"product:availability\" content=\"instock\" \/>\n<meta property=\"product:condition\" content=\"new\" \/>\n<meta name=\"geo.placename\" content=\"Redding\" \/>\n<meta name=\"geo.position\" content=\"40.5976725;-122.3716346\" \/>\n<meta name=\"geo.region\" content=\"Vereinigte Staaten von Amerika\" \/>\n<!-- \/ Yoast SEO Premium plugin. -->","yoast_head_json":{"title":"Baby Black Palm Cockatoos for Sale | Tropical Wings Birds","description":"Buy baby black palm cockatoos from a trusted breeder. Hand-fed, health-certified, closed-leg-ringed with full documentation. Worldwide shipping available.","robots":{"index":"index","follow":"follow","max-snippet":"max-snippet:-1","max-image-preview":"max-image-preview:large","max-video-preview":"max-video-preview:-1"},"canonical":"https:\/\/tropicalwingsbirds.shop\/de\/geschaft\/baby-schwarze-palmkakadus\/","og_locale":"de_DE","og_type":"article","og_title":"Baby Black Palm Cockatoos","og_description":"Buy baby black palm cockatoos from a trusted breeder. Hand-fed, health-certified, closed-leg-ringed with full documentation. Worldwide shipping available.","og_url":"https:\/\/tropicalwingsbirds.shop\/de\/geschaft\/baby-schwarze-palmkakadus\/","og_site_name":"Tropical Wings Birds","article_publisher":"https:\/\/web.facebook.com\/profile.php?id=61551502767851&mibextid=2JQ9oc&_rdc=1&_rdr","article_modified_time":"2026-04-17T22:03:29+00:00","og_image":[{"width":500,"height":618,"url":"https:\/\/tropicalwingsbirds.shop\/wp-content\/uploads\/2023\/12\/b.jpg","type":"image\/jpeg"}],"twitter_card":"summary_large_image","twitter_misc":{"Preis":"","Verf\u00fcgbarkeit":"Auf Lager"},"schema":{"@context":"https:\/\/schema.org","@graph":[{"@type":"WebPage","@id":"https:\/\/tropicalwingsbirds.shop\/shop\/baby-black-palm-cockatoos\/","url":"https:\/\/tropicalwingsbirds.shop\/shop\/baby-black-palm-cockatoos\/","name":"Baby Black Palm Cockatoos for Sale | Tropical Wings Birds","isPartOf":{"@id":"https:\/\/tropicalwingsbirds.shop\/#website"},"primaryImageOfPage":{"@id":"https:\/\/tropicalwingsbirds.shop\/shop\/baby-black-palm-cockatoos\/#primaryimage"},"image":{"@id":"https:\/\/tropicalwingsbirds.shop\/shop\/baby-black-palm-cockatoos\/#primaryimage"},"thumbnailUrl":"https:\/\/tropicalwingsbirds.shop\/wp-content\/uploads\/2023\/12\/b.jpg","datePublished":"2023-12-03T14:04:59+00:00","dateModified":"2026-04-17T22:03:29+00:00","description":"Buy baby black palm cockatoos from a trusted breeder. Hand-fed, health-certified, closed-leg-ringed with full documentation. Worldwide shipping available.","breadcrumb":{"@id":"https:\/\/tropicalwingsbirds.shop\/shop\/baby-black-palm-cockatoos\/#breadcrumb"},"inLanguage":"de","potentialAction":[{"@type":"ReadAction","target":["https:\/\/tropicalwingsbirds.shop\/shop\/baby-black-palm-cockatoos\/"]}]},{"@type":"ImageObject","inLanguage":"de","@id":"https:\/\/tropicalwingsbirds.shop\/shop\/baby-black-palm-cockatoos\/#primaryimage","url":"https:\/\/tropicalwingsbirds.shop\/wp-content\/uploads\/2023\/12\/b.jpg","contentUrl":"https:\/\/tropicalwingsbirds.shop\/wp-content\/uploads\/2023\/12\/b.jpg","width":500,"height":618},{"@type":"BreadcrumbList","@id":"https:\/\/tropicalwingsbirds.shop\/shop\/baby-black-palm-cockatoos\/#breadcrumb","itemListElement":[{"@type":"ListItem","position":1,"name":"Home","item":"https:\/\/tropicalwingsbirds.shop\/"},{"@type":"ListItem","position":2,"name":"Shop","item":"https:\/\/tropicalwingsbirds.shop\/shop\/"},{"@type":"ListItem","position":3,"name":"Baby Black Palm Cockatoos"}]},{"@type":"WebSite","@id":"https:\/\/tropicalwingsbirds.shop\/#website","url":"https:\/\/tropicalwingsbirds.shop\/","name":"Tropische Fl\u00fcgelv\u00f6gel","description":"Die besten Z\u00fcchter exotischer V\u00f6gel online","publisher":{"@id":"https:\/\/tropicalwingsbirds.shop\/#organization"},"potentialAction":[{"@type":"SearchAction","target":{"@type":"EntryPoint","urlTemplate":"https:\/\/tropicalwingsbirds.shop\/?s={search_term_string}"},"query-input":{"@type":"PropertyValueSpecification","valueRequired":true,"valueName":"search_term_string"}}],"inLanguage":"de"},{"@type":["Organization","Place","PetStore"],"@id":"https:\/\/tropicalwingsbirds.shop\/#organization","name":"Tropical Wings Birds Shop","alternateName":"TPWB","url":"https:\/\/tropicalwingsbirds.shop\/","logo":{"@id":"https:\/\/tropicalwingsbirds.shop\/shop\/baby-black-palm-cockatoos\/#local-main-organization-logo"},"image":{"@id":"https:\/\/tropicalwingsbirds.shop\/shop\/baby-black-palm-cockatoos\/#local-main-organization-logo"},"sameAs":["https:\/\/web.facebook.com\/profile.php?id=61551502767851&mibextid=2JQ9oc&_rdc=1&_rdr"],"description":"Tropical Wings Birds ist Ihre Adresse f\u00fcr exotische Vogelbegleitung. Unsere Boutique-Voliere in den USA bietet eine kuratierte Auswahl an farbenfrohen tropischen V\u00f6geln von renommierten Z\u00fcchtern weltweit. Mit Fokus auf Wohlbefinden und Expertise begleitet Sie unser engagiertes Team auf Ihrer Suche nach dem perfekten gefiederten Freund. Besuchen Sie uns noch heute und erleben Sie die Magie der Vogelbegleitung bei Tropical Wings Birds.","legalName":"Tropical Wings Birds","foundingDate":"2019-02-14","numberOfEmployees":{"@type":"QuantitativeValue","minValue":"1","maxValue":"10"},"address":{"@id":"https:\/\/tropicalwingsbirds.shop\/shop\/baby-black-palm-cockatoos\/#local-main-place-address"},"geo":{"@type":"GeoCoordinates","latitude":"40.5976725","longitude":"-122.3716346"},"telephone":["+1 707-733-4623","+1 707-733-4623"],"contactPoint":{"@type":"ContactPoint","telephone":"+1 707-733-4623","email":"sales@tropicalwingsbirds.shop"},"openingHoursSpecification":{"@type":"OpeningHoursSpecification","dayOfWeek":["Monday","Tuesday","Wednesday","Thursday","Friday","Saturday","Sunday"],"opens":"00:00","closes":"23:59"},"email":"sales@tropicalwingsbirds.shop","faxNumber":"+1 707-733-4623","areaServed":"United states, Porto Rico, Canada, Australia","priceRange":"$","currenciesAccepted":"USD, CAD, AUD,","paymentAccepted":"Zelle, Paypal, Bitcoin, Apple pay, Credit cards, Bank transfers"},{"@type":"PostalAddress","@id":"https:\/\/tropicalwingsbirds.shop\/shop\/baby-black-palm-cockatoos\/#local-main-place-address","streetAddress":"500 Hilltop Dr,","addressLocality":"Redding","postalCode":"96003","addressRegion":"California","addressCountry":"US"},{"@type":"ImageObject","inLanguage":"de","@id":"https:\/\/tropicalwingsbirds.shop\/shop\/baby-black-palm-cockatoos\/#local-main-organization-logo","url":"https:\/\/tropicalwingsbirds.shop\/wp-content\/uploads\/2024\/01\/tropical-wings-1.webp","contentUrl":"https:\/\/tropicalwingsbirds.shop\/wp-content\/uploads\/2024\/01\/tropical-wings-1.webp","width":500,"height":500,"caption":"Tropical Wings Birds Shop"}]},"product_price_currency":"USD","og_availability":"instock","product_availability":"instock","product_condition":"new","geo.placename":"Redding","geo.position":{"lat":"40.5976725","long":"-122.3716346"},"geo.region":"Vereinigte Staaten von Amerika"},"jetpack_sharing_enabled":true,"_links":{"self":[{"href":"https:\/\/tropicalwingsbirds.shop\/de\/wp-json\/wp\/v2\/product\/541","targetHints":{"allow":["GET"]}}],"collection":[{"href":"https:\/\/tropicalwingsbirds.shop\/de\/wp-json\/wp\/v2\/product"}],"about":[{"href":"https:\/\/tropicalwingsbirds.shop\/de\/wp-json\/wp\/v2\/types\/product"}],"replies":[{"embeddable":true,"href":"https:\/\/tropicalwingsbirds.shop\/de\/wp-json\/wp\/v2\/comments?post=541"}],"wp:featuredmedia":[{"embeddable":true,"href":"https:\/\/tropicalwingsbirds.shop\/de\/wp-json\/wp\/v2\/media\/563"}],"wp:attachment":[{"href":"https:\/\/tropicalwingsbirds.shop\/de\/wp-json\/wp\/v2\/media?parent=541"}],"wp:term":[{"taxonomy":"product_brand","embeddable":true,"href":"https:\/\/tropicalwingsbirds.shop\/de\/wp-json\/wp\/v2\/product_brand?post=541"},{"taxonomy":"product_cat","embeddable":true,"href":"https:\/\/tropicalwingsbirds.shop\/de\/wp-json\/wp\/v2\/product_cat?post=541"},{"taxonomy":"product_tag","embeddable":true,"href":"https:\/\/tropicalwingsbirds.shop\/de\/wp-json\/wp\/v2\/product_tag?post=541"}],"curies":[{"name":"wp","href":"https:\/\/api.w.org\/{rel}","templated":true}]}}