{"id":581,"date":"2023-12-03T14:05:59","date_gmt":"2023-12-03T14:05:59","guid":{"rendered":"https:\/\/tropicalwingsbirds.shop\/?post_type=product&#038;p=581"},"modified":"2023-12-03T14:06:58","modified_gmt":"2023-12-03T14:06:58","slug":"blaustirnamazone-zu-verkaufen","status":"publish","type":"product","link":"https:\/\/tropicalwingsbirds.shop\/de\/geschaft\/blaustirnamazone-zu-verkaufen\/","title":{"rendered":"Blaustirnamazone zu verkaufen"},"content":{"rendered":"<div class=\"product-description rte\">\n<div id=\"tab-description\" class=\"woocommerce-Tabs-panel woocommerce-Tabs-panel--description panel entry-content wc-tab\" role=\"tabpanel\" aria-labelledby=\"tab-title-description\">\n<h1 class=\"product_title entry-title\">Blaustirnamazone zu verkaufen<\/h1>\n<p>Die Blaustirnamazone ist auch bekannt als<a href=\"https:\/\/timiesbirds.com\/product\/blue-front-amazons-for-sale\/\"> <span class=\"ILfuVd NA6bn c3biWd\"><span class=\"hgKElc\"><b>T\u00fcrkisstirnamazone<\/b> <\/span><\/span><\/a>Sie sind \u00e4u\u00dferst liebevoll, klug, gehorsam und sanft. Sie betrachten sich selbst tats\u00e4chlich als \u201ekleine Leute\u201c! Blaustirnamazone zu verkaufen,<\/p>\n<p>Diese Amazone ist meist ein gr\u00fcner Vogel, hat ihren Namen aber von einem leuchtend gelben Fleck im Nacken. Die Blaustirnamazone \u00e4hnelt mehreren anderen Amazonenarten, die ebenfalls gelbe Markierungen entwickeln. Eine dieser sehr beliebten Amazonen ist die <a href=\"https:\/\/timiesbirds.com\/product\/double-head-amazon-for-sale\/\">Doppelte Gelbkopfamazone<\/a> Amazona oratrix. Der gesamte Kopf und nicht nur der Nacken verf\u00e4rbt sich gelb. Ein weiteres Beispiel ist die <a href=\"https:\/\/timiesbirds.com\/product\/yellow-naped-amazon-for-sale\/\">Gelbnackenamazone<\/a> <a href=\"https:\/\/en.wikipedia.org\/wiki\/Yellow-naped_amazon\">Amazona ochrocepha<\/a> Dadurch entwickelt sich ein gelber Fleck auf der Krone.<\/p>\n<p>In jungen Jahren sind diese gelb gefleckten Amazonen kaum voneinander zu unterscheiden. Die gelbe Zeichnung entwickelt sich erst im Laufe von etwa vier Jahren. Neben der Farbe gibt es noch weitere Unterschiede zwischen diesen Papageien. Sie unterscheiden sich beispielsweise in K\u00f6rpergr\u00f6\u00dfe, Temperament und Sprechf\u00e4higkeit. Es ist wichtig zu wissen, welchen Amazonen Sie sich zulegen, damit Sie wissen, was Sie erwartet.<\/p>\n<p>Der Blaustirnamazone gilt als hervorragender Allrounder. Er ist ein beliebtes Haustier und kann zu den gespr\u00e4chigsten V\u00f6geln z\u00e4hlen. Er ist nicht nur sehr intelligent, wodurch er leicht zu z\u00e4hmen und zu trainieren ist, sondern auch sehr verspielt und anh\u00e4nglich. Dieser Papagei ist sehr gesellig und genie\u00dft die Gesellschaft von Menschen und anderen V\u00f6geln. Er baut eine starke Bindung zu seinem Besitzer auf, wird schnell zu einem Freund und zeigt absolutes Vertrauen. Er ist au\u00dferdem ein robuster Vogel und f\u00fchlt sich sowohl in einem K\u00e4fig als auch in einer Voliere wohl.<\/p>\n<p>&nbsp;<\/p>\n<h2>Pflege und F\u00fctterung von Blaustirnamazonen zu verkaufen<\/h2>\n<p>In freier Wildbahn besteht die Nahrung der Blaustirnamazone aus Fr\u00fcchten, Pflanzen, Samen und N\u00fcssen sowie wahrscheinlich etwas Eiwei\u00df. Ein Heimvogel freut sich \u00fcber eine abwechslungsreiche Ern\u00e4hrung, darunter eine hochwertige Samenmischung oder Pellets sowie viel frisches Obst und Gem\u00fcse. Pellets wirken, wenn man schon im fr\u00fchen Alter damit anf\u00e4ngt.<\/p>\n<p>Sie k\u00f6nnen reichlich nahrhafte menschliche Nahrung anbieten, und sie m\u00f6gen H\u00fchnchen. Sie essen gerne am Tisch und genie\u00dfen das Essen mit ihrer Familie. Avocado und Schokolade sind f\u00fcr jeden Papagei giftig. Sie werden Sie wissen lassen, wann es Zeit zum Essen ist.<\/p>\n<h3>Soziales Verhalten<\/h3>\n<p>Blaustirnamazonen sind als Jungv\u00f6gel wunderbar, neigen aber mit zunehmendem Alter dazu, bissig und sogar aggressiv zu werden, insbesondere die M\u00e4nnchen, wobei die einzelnen V\u00f6gel variieren k\u00f6nnen. Sie sind f\u00fcr Temperamentsschwankungen bekannt und greifen ihre Besitzer b\u00f6sartig an. Weibchen bleiben tendenziell lieber, daher sollten Sie beim Kauf eine Henne in Betracht ziehen. Dies ist m\u00f6glicherweise kein Vogel f\u00fcr Kinder, da ein Biss aus dem Schnabel einer Gelbnackenamazone gef\u00e4hrlich sein kann. Aber lassen Sie sich davon nicht abschrecken \u2013 sie eignen sich hervorragend als Haustiere und sind aus vielen Gr\u00fcnden eine beliebte Wahl. Wenn Sie eine Temperaments\u00e4nderung bemerken, treffen Sie einfach Vorkehrungen, damit Sie oder der Vogel nicht verletzt werden.<\/p>\n<p>Dieser Amazonas genie\u00dft den Kontakt mit Menschen und anderen V\u00f6geln. In freier Wildbahn sind sie sehr gesellige V\u00f6gel, die in Gruppen leben. Man trifft sie entweder paarweise oder in Schw\u00e4rmen an, von kleinen Gruppen bis hin zu Gruppen von mehreren hundert V\u00f6geln. Mit Erreichen der Geschlechtsreife bilden sie auch dauerhafte Paare.<\/p>\n<p>Wenn Sie einen ruhigen Vogel suchen,<a href=\"https:\/\/mozillabirdsfarm.com\/product-category\/amazon-parrots\/\"> Amazonas-Papagei<\/a> ist nichts f\u00fcr Sie. Es ist ein sehr geselliger Vogel, der die Gesellschaft von Menschen liebt und gerne spielt. Er lernt Tricks und freut sich auf Interaktion und Spiele. Der Blaustirnamazone wird Ihnen viele lustige Momente und viel Gel\u00e4chter bescheren.<\/p>\n<p>&nbsp;<\/p>\n<h3>Handhabung\/Training<\/h3>\n<p>Die Blaustirnamazone gew\u00f6hnt sich schnell an ihre neue Umgebung und ihren Pfleger. Dann ist sie bereit f\u00fcr das Vogeltraining. Geben Sie einem Neuank\u00f6mmling jedoch ein paar Tage Zeit, sich an Sie, Ihre Stimme und den K\u00e4fig zu gew\u00f6hnen, bevor Sie versuchen, ihn anzufassen. Ein von Hand gef\u00fcttertes Jungtier braucht nicht viel Z\u00e4hmung und kann oft sofort angefasst werden, da es an menschliche Aufmerksamkeit gew\u00f6hnt ist.<\/p>\n<\/p><\/div>\n<p><a href=\"https:\/\/timiesbirds.com\/product\/blue-front-amazons-for-sale\/\">BLUE FRONT AMAZON ONLINE KAUFEN<\/a> <\/div>","protected":false},"excerpt":{"rendered":"<p>Diese gefiederten Tiere lieben es zu klettern und zu kauen. Daher wird Amazonenpapageienbesitzern empfohlen, ihren Haustieren viel Spielzeug zur Verf\u00fcgung zu stellen, darunter Stufen und Seile zum Schaukeln. Halten Sie ein paar zus\u00e4tzliche Kauspielzeuge bereit, um abgenutzte zu ersetzen. So hat Ihr Vogel auch dann gen\u00fcgend Spielzeug, wenn Sie nicht zu sehen sind. Eine gesunde Ern\u00e4hrung sollte aus hochwertigen Pellets, einer hochwertigen Samenmischung und t\u00e4glichen Portionen frischem, f\u00fcr V\u00f6gel unbedenklichem Obst und Gem\u00fcse bestehen.<\/p>","protected":false},"featured_media":643,"comment_status":"closed","ping_status":"closed","template":"","meta":{"site-sidebar-layout":"default","site-content-layout":"","ast-site-content-layout":"default","site-content-style":"default","site-sidebar-style":"default","ast-global-header-display":"","ast-banner-title-visibility":"","ast-main-header-display":"","ast-hfb-above-header-display":"","ast-hfb-below-header-display":"","ast-hfb-mobile-header-display":"","site-post-title":"","ast-breadcrumbs-content":"","ast-featured-img":"","footer-sml-layout":"","theme-transparent-header-meta":"","adv-header-id-meta":"","stick-header-meta":"","header-above-stick-meta":"","header-main-stick-meta":"","header-below-stick-meta":"","astra-migrate-meta-layouts":"default","ast-page-background-enabled":"default","ast-page-background-meta":{"desktop":{"background-color":"var(--ast-global-color-4)","background-image":"","background-repeat":"repeat","background-position":"center center","background-size":"auto","background-attachment":"scroll","background-type":"","background-media":"","overlay-type":"","overlay-color":"","overlay-opacity":"","overlay-gradient":""},"tablet":{"background-color":"","background-image":"","background-repeat":"repeat","background-position":"center center","background-size":"auto","background-attachment":"scroll","background-type":"","background-media":"","overlay-type":"","overlay-color":"","overlay-opacity":"","overlay-gradient":""},"mobile":{"background-color":"","background-image":"","background-repeat":"repeat","background-position":"center center","background-size":"auto","background-attachment":"scroll","background-type":"","background-media":"","overlay-type":"","overlay-color":"","overlay-opacity":"","overlay-gradient":""}},"ast-content-background-meta":{"desktop":{"background-color":"var(--ast-global-color-5)","background-image":"","background-repeat":"repeat","background-position":"center center","background-size":"auto","background-attachment":"scroll","background-type":"","background-media":"","overlay-type":"","overlay-color":"","overlay-opacity":"","overlay-gradient":""},"tablet":{"background-color":"var(--ast-global-color-5)","background-image":"","background-repeat":"repeat","background-position":"center center","background-size":"auto","background-attachment":"scroll","background-type":"","background-media":"","overlay-type":"","overlay-color":"","overlay-opacity":"","overlay-gradient":""},"mobile":{"background-color":"var(--ast-global-color-5)","background-image":"","background-repeat":"repeat","background-position":"center center","background-size":"auto","background-attachment":"scroll","background-type":"","background-media":"","overlay-type":"","overlay-color":"","overlay-opacity":"","overlay-gradient":""}}},"product_brand":[],"product_cat":[156],"product_tag":[202,203,204,205,206],"class_list":{"0":"post-581","1":"product","2":"type-product","3":"status-publish","4":"has-post-thumbnail","6":"product_cat-parrots","7":"product_tag-blue-front-amazons","8":"product_tag-blue-front-amazons-for-sale","9":"product_tag-blue-front-amazons-online","10":"product_tag-buy-blue-front-amazons","11":"product_tag-buy-blue-front-amazons-online","12":"desktop-align-left","13":"tablet-align-left","14":"mobile-align-left","15":"ast-product-gallery-layout-horizontal-slider","16":"ast-product-tabs-layout-horizontal","17":"ast-qv-on-image","19":"first","20":"instock","21":"shipping-taxable","22":"product-type-simple"},"yoast_head":"<!-- This site is optimized with the Yoast SEO Premium plugin v23.2 (Yoast SEO v26.8) - https:\/\/yoast.com\/product\/yoast-seo-premium-wordpress\/ -->\n<title>Blue Fronted Amazon for Sale - Tropical Wings Birds<\/title>\n<meta name=\"robots\" content=\"index, follow, max-snippet:-1, max-image-preview:large, max-video-preview:-1\" \/>\n<link rel=\"canonical\" href=\"https:\/\/tropicalwingsbirds.shop\/de\/geschaft\/blaustirnamazone-zu-verkaufen\/\" \/>\n<meta property=\"og:locale\" content=\"de_DE\" \/>\n<meta property=\"og:type\" content=\"article\" \/>\n<meta property=\"og:title\" content=\"Blue Fronted Amazon for Sale\" \/>\n<meta property=\"og:description\" content=\"These feathered creatures love to climb and bite, so it&#8217;s suggested that Amazon parrot proprietors furnish their pets with a lot of toys, including steps and ropes to swing on. Keep a couple of additional bite toys prepared to supplant any that turn out to be excessively worn and your flying creature won&#8217;t come up short on toys to engage himself with when you&#8217;re nowhere to be found. A sound eating regimen should comprise of great pellets, a quality seed blend, and day by day servings of crisp, winged animal safe products of the soil.\" \/>\n<meta property=\"og:url\" content=\"https:\/\/tropicalwingsbirds.shop\/de\/geschaft\/blaustirnamazone-zu-verkaufen\/\" \/>\n<meta property=\"og:site_name\" content=\"Tropical Wings Birds\" \/>\n<meta property=\"article:publisher\" content=\"https:\/\/web.facebook.com\/profile.php?id=61551502767851&amp;mibextid=2JQ9oc&amp;_rdc=1&amp;_rdr\" \/>\n<meta property=\"article:modified_time\" content=\"2023-12-03T14:06:58+00:00\" \/>\n<meta property=\"og:image\" content=\"https:\/\/tropicalwingsbirds.shop\/wp-content\/uploads\/2023\/12\/WhatsApp-Image-2021-04-19-at-3.41.52-AM.jpeg\" \/>\n\t<meta property=\"og:image:width\" content=\"1080\" \/>\n\t<meta property=\"og:image:height\" content=\"1211\" \/>\n\t<meta property=\"og:image:type\" content=\"image\/jpeg\" \/>\n<meta name=\"twitter:card\" content=\"summary_large_image\" \/>\n<meta name=\"twitter:label1\" content=\"Preis\" \/>\n\t<meta name=\"twitter:data1\" content=\"\" \/>\n\t<meta name=\"twitter:label2\" content=\"Verf\u00fcgbarkeit\" \/>\n\t<meta name=\"twitter:data2\" content=\"Auf Lager\" \/>\n<script type=\"application\/ld+json\" class=\"yoast-schema-graph\">{\"@context\":\"https:\/\/schema.org\",\"@graph\":[{\"@type\":\"WebPage\",\"@id\":\"https:\/\/tropicalwingsbirds.shop\/shop\/blue-fronted-amazon-for-sale\/\",\"url\":\"https:\/\/tropicalwingsbirds.shop\/shop\/blue-fronted-amazon-for-sale\/\",\"name\":\"Blue Fronted Amazon for Sale - Tropical Wings Birds\",\"isPartOf\":{\"@id\":\"https:\/\/tropicalwingsbirds.shop\/#website\"},\"primaryImageOfPage\":{\"@id\":\"https:\/\/tropicalwingsbirds.shop\/shop\/blue-fronted-amazon-for-sale\/#primaryimage\"},\"image\":{\"@id\":\"https:\/\/tropicalwingsbirds.shop\/shop\/blue-fronted-amazon-for-sale\/#primaryimage\"},\"thumbnailUrl\":\"https:\/\/tropicalwingsbirds.shop\/wp-content\/uploads\/2023\/12\/WhatsApp-Image-2021-04-19-at-3.41.52-AM.jpeg\",\"datePublished\":\"2023-12-03T14:05:59+00:00\",\"dateModified\":\"2023-12-03T14:06:58+00:00\",\"breadcrumb\":{\"@id\":\"https:\/\/tropicalwingsbirds.shop\/shop\/blue-fronted-amazon-for-sale\/#breadcrumb\"},\"inLanguage\":\"de\",\"potentialAction\":[{\"@type\":\"ReadAction\",\"target\":[\"https:\/\/tropicalwingsbirds.shop\/shop\/blue-fronted-amazon-for-sale\/\"]}]},{\"@type\":\"ImageObject\",\"inLanguage\":\"de\",\"@id\":\"https:\/\/tropicalwingsbirds.shop\/shop\/blue-fronted-amazon-for-sale\/#primaryimage\",\"url\":\"https:\/\/tropicalwingsbirds.shop\/wp-content\/uploads\/2023\/12\/WhatsApp-Image-2021-04-19-at-3.41.52-AM.jpeg\",\"contentUrl\":\"https:\/\/tropicalwingsbirds.shop\/wp-content\/uploads\/2023\/12\/WhatsApp-Image-2021-04-19-at-3.41.52-AM.jpeg\",\"width\":1080,\"height\":1211},{\"@type\":\"BreadcrumbList\",\"@id\":\"https:\/\/tropicalwingsbirds.shop\/shop\/blue-fronted-amazon-for-sale\/#breadcrumb\",\"itemListElement\":[{\"@type\":\"ListItem\",\"position\":1,\"name\":\"Home\",\"item\":\"https:\/\/tropicalwingsbirds.shop\/\"},{\"@type\":\"ListItem\",\"position\":2,\"name\":\"Shop\",\"item\":\"https:\/\/tropicalwingsbirds.shop\/shop\/\"},{\"@type\":\"ListItem\",\"position\":3,\"name\":\"Blue Fronted Amazon for Sale\"}]},{\"@type\":\"WebSite\",\"@id\":\"https:\/\/tropicalwingsbirds.shop\/#website\",\"url\":\"https:\/\/tropicalwingsbirds.shop\/\",\"name\":\"Tropical Wings Birds\",\"description\":\"Best Exotic birds breeders online\",\"publisher\":{\"@id\":\"https:\/\/tropicalwingsbirds.shop\/#organization\"},\"potentialAction\":[{\"@type\":\"SearchAction\",\"target\":{\"@type\":\"EntryPoint\",\"urlTemplate\":\"https:\/\/tropicalwingsbirds.shop\/?s={search_term_string}\"},\"query-input\":{\"@type\":\"PropertyValueSpecification\",\"valueRequired\":true,\"valueName\":\"search_term_string\"}}],\"inLanguage\":\"de\"},{\"@type\":[\"Organization\",\"Place\",\"PetStore\"],\"@id\":\"https:\/\/tropicalwingsbirds.shop\/#organization\",\"name\":\"Tropical Wings Birds Shop\",\"alternateName\":\"TPWB\",\"url\":\"https:\/\/tropicalwingsbirds.shop\/\",\"logo\":{\"@id\":\"https:\/\/tropicalwingsbirds.shop\/shop\/blue-fronted-amazon-for-sale\/#local-main-organization-logo\"},\"image\":{\"@id\":\"https:\/\/tropicalwingsbirds.shop\/shop\/blue-fronted-amazon-for-sale\/#local-main-organization-logo\"},\"sameAs\":[\"https:\/\/web.facebook.com\/profile.php?id=61551502767851&mibextid=2JQ9oc&_rdc=1&_rdr\"],\"description\":\"Tropical Wings Birds is your destination for exotic avian companionship. Our boutique aviary in United States offers a curated selection of vibrant tropical birds sourced from reputable breeders worldwide. With a focus on welfare and expertise, our dedicated team is here to guide you on your journey to finding the perfect feathered friend. Visit us today and experience the magic of avian companionship at Tropical Wings Birds.\",\"legalName\":\"Tropical Wings Birds\",\"foundingDate\":\"2019-02-14\",\"numberOfEmployees\":{\"@type\":\"QuantitativeValue\",\"minValue\":\"1\",\"maxValue\":\"10\"},\"address\":{\"@id\":\"https:\/\/tropicalwingsbirds.shop\/shop\/blue-fronted-amazon-for-sale\/#local-main-place-address\"},\"geo\":{\"@type\":\"GeoCoordinates\",\"latitude\":\"40.5976725\",\"longitude\":\"-122.3716346\"},\"telephone\":[\"+1 707-733-4623\",\"+1 707-733-4623\"],\"contactPoint\":{\"@type\":\"ContactPoint\",\"telephone\":\"+1 707-733-4623\",\"email\":\"sales@tropicalwingsbirds.shop\"},\"openingHoursSpecification\":{\"@type\":\"OpeningHoursSpecification\",\"dayOfWeek\":[\"Monday\",\"Tuesday\",\"Wednesday\",\"Thursday\",\"Friday\",\"Saturday\",\"Sunday\"],\"opens\":\"00:00\",\"closes\":\"23:59\"},\"email\":\"sales@tropicalwingsbirds.shop\",\"faxNumber\":\"+1 707-733-4623\",\"areaServed\":\"United states, Porto Rico, Canada, Australia\",\"priceRange\":\"$\",\"currenciesAccepted\":\"USD, CAD, AUD,\",\"paymentAccepted\":\"Zelle, Paypal, Bitcoin, Apple pay, Credit cards, Bank transfers\"},{\"@type\":\"PostalAddress\",\"@id\":\"https:\/\/tropicalwingsbirds.shop\/shop\/blue-fronted-amazon-for-sale\/#local-main-place-address\",\"streetAddress\":\"500 Hilltop Dr,\",\"addressLocality\":\"Redding\",\"postalCode\":\"96003\",\"addressRegion\":\"California\",\"addressCountry\":\"US\"},{\"@type\":\"ImageObject\",\"inLanguage\":\"de\",\"@id\":\"https:\/\/tropicalwingsbirds.shop\/shop\/blue-fronted-amazon-for-sale\/#local-main-organization-logo\",\"url\":\"https:\/\/tropicalwingsbirds.shop\/wp-content\/uploads\/2024\/01\/tropical-wings-1.webp\",\"contentUrl\":\"https:\/\/tropicalwingsbirds.shop\/wp-content\/uploads\/2024\/01\/tropical-wings-1.webp\",\"width\":500,\"height\":500,\"caption\":\"Tropical Wings Birds Shop\"}]}<\/script>\n<meta property=\"product:price:currency\" content=\"USD\" \/>\n<meta property=\"og:availability\" content=\"instock\" \/>\n<meta property=\"product:availability\" content=\"instock\" \/>\n<meta property=\"product:condition\" content=\"new\" \/>\n<meta name=\"geo.placename\" content=\"Redding\" \/>\n<meta name=\"geo.position\" content=\"40.5976725;-122.3716346\" \/>\n<meta name=\"geo.region\" content=\"Vereinigte Staaten von Amerika\" \/>\n<!-- \/ Yoast SEO Premium plugin. -->","yoast_head_json":{"title":"Blaustirnamazone zu verkaufen - Tropical Wings Birds","robots":{"index":"index","follow":"follow","max-snippet":"max-snippet:-1","max-image-preview":"max-image-preview:large","max-video-preview":"max-video-preview:-1"},"canonical":"https:\/\/tropicalwingsbirds.shop\/de\/geschaft\/blaustirnamazone-zu-verkaufen\/","og_locale":"de_DE","og_type":"article","og_title":"Blue Fronted Amazon for Sale","og_description":"These feathered creatures love to climb and bite, so it&#8217;s suggested that Amazon parrot proprietors furnish their pets with a lot of toys, including steps and ropes to swing on. Keep a couple of additional bite toys prepared to supplant any that turn out to be excessively worn and your flying creature won&#8217;t come up short on toys to engage himself with when you&#8217;re nowhere to be found. A sound eating regimen should comprise of great pellets, a quality seed blend, and day by day servings of crisp, winged animal safe products of the soil.","og_url":"https:\/\/tropicalwingsbirds.shop\/de\/geschaft\/blaustirnamazone-zu-verkaufen\/","og_site_name":"Tropical Wings Birds","article_publisher":"https:\/\/web.facebook.com\/profile.php?id=61551502767851&mibextid=2JQ9oc&_rdc=1&_rdr","article_modified_time":"2023-12-03T14:06:58+00:00","og_image":[{"width":1080,"height":1211,"url":"https:\/\/tropicalwingsbirds.shop\/wp-content\/uploads\/2023\/12\/WhatsApp-Image-2021-04-19-at-3.41.52-AM.jpeg","type":"image\/jpeg"}],"twitter_card":"summary_large_image","twitter_misc":{"Preis":"","Verf\u00fcgbarkeit":"Auf Lager"},"schema":{"@context":"https:\/\/schema.org","@graph":[{"@type":"WebPage","@id":"https:\/\/tropicalwingsbirds.shop\/shop\/blue-fronted-amazon-for-sale\/","url":"https:\/\/tropicalwingsbirds.shop\/shop\/blue-fronted-amazon-for-sale\/","name":"Blaustirnamazone zu verkaufen - Tropical Wings Birds","isPartOf":{"@id":"https:\/\/tropicalwingsbirds.shop\/#website"},"primaryImageOfPage":{"@id":"https:\/\/tropicalwingsbirds.shop\/shop\/blue-fronted-amazon-for-sale\/#primaryimage"},"image":{"@id":"https:\/\/tropicalwingsbirds.shop\/shop\/blue-fronted-amazon-for-sale\/#primaryimage"},"thumbnailUrl":"https:\/\/tropicalwingsbirds.shop\/wp-content\/uploads\/2023\/12\/WhatsApp-Image-2021-04-19-at-3.41.52-AM.jpeg","datePublished":"2023-12-03T14:05:59+00:00","dateModified":"2023-12-03T14:06:58+00:00","breadcrumb":{"@id":"https:\/\/tropicalwingsbirds.shop\/shop\/blue-fronted-amazon-for-sale\/#breadcrumb"},"inLanguage":"de","potentialAction":[{"@type":"ReadAction","target":["https:\/\/tropicalwingsbirds.shop\/shop\/blue-fronted-amazon-for-sale\/"]}]},{"@type":"ImageObject","inLanguage":"de","@id":"https:\/\/tropicalwingsbirds.shop\/shop\/blue-fronted-amazon-for-sale\/#primaryimage","url":"https:\/\/tropicalwingsbirds.shop\/wp-content\/uploads\/2023\/12\/WhatsApp-Image-2021-04-19-at-3.41.52-AM.jpeg","contentUrl":"https:\/\/tropicalwingsbirds.shop\/wp-content\/uploads\/2023\/12\/WhatsApp-Image-2021-04-19-at-3.41.52-AM.jpeg","width":1080,"height":1211},{"@type":"BreadcrumbList","@id":"https:\/\/tropicalwingsbirds.shop\/shop\/blue-fronted-amazon-for-sale\/#breadcrumb","itemListElement":[{"@type":"ListItem","position":1,"name":"Home","item":"https:\/\/tropicalwingsbirds.shop\/"},{"@type":"ListItem","position":2,"name":"Shop","item":"https:\/\/tropicalwingsbirds.shop\/shop\/"},{"@type":"ListItem","position":3,"name":"Blue Fronted Amazon for Sale"}]},{"@type":"WebSite","@id":"https:\/\/tropicalwingsbirds.shop\/#website","url":"https:\/\/tropicalwingsbirds.shop\/","name":"Tropische Fl\u00fcgelv\u00f6gel","description":"Die besten Z\u00fcchter exotischer V\u00f6gel online","publisher":{"@id":"https:\/\/tropicalwingsbirds.shop\/#organization"},"potentialAction":[{"@type":"SearchAction","target":{"@type":"EntryPoint","urlTemplate":"https:\/\/tropicalwingsbirds.shop\/?s={search_term_string}"},"query-input":{"@type":"PropertyValueSpecification","valueRequired":true,"valueName":"search_term_string"}}],"inLanguage":"de"},{"@type":["Organization","Place","PetStore"],"@id":"https:\/\/tropicalwingsbirds.shop\/#organization","name":"Tropical Wings Birds Shop","alternateName":"TPWB","url":"https:\/\/tropicalwingsbirds.shop\/","logo":{"@id":"https:\/\/tropicalwingsbirds.shop\/shop\/blue-fronted-amazon-for-sale\/#local-main-organization-logo"},"image":{"@id":"https:\/\/tropicalwingsbirds.shop\/shop\/blue-fronted-amazon-for-sale\/#local-main-organization-logo"},"sameAs":["https:\/\/web.facebook.com\/profile.php?id=61551502767851&mibextid=2JQ9oc&_rdc=1&_rdr"],"description":"Tropical Wings Birds ist Ihre Adresse f\u00fcr exotische Vogelbegleitung. Unsere Boutique-Voliere in den USA bietet eine kuratierte Auswahl an farbenfrohen tropischen V\u00f6geln von renommierten Z\u00fcchtern weltweit. Mit Fokus auf Wohlbefinden und Expertise begleitet Sie unser engagiertes Team auf Ihrer Suche nach dem perfekten gefiederten Freund. Besuchen Sie uns noch heute und erleben Sie die Magie der Vogelbegleitung bei Tropical Wings Birds.","legalName":"Tropical Wings Birds","foundingDate":"2019-02-14","numberOfEmployees":{"@type":"QuantitativeValue","minValue":"1","maxValue":"10"},"address":{"@id":"https:\/\/tropicalwingsbirds.shop\/shop\/blue-fronted-amazon-for-sale\/#local-main-place-address"},"geo":{"@type":"GeoCoordinates","latitude":"40.5976725","longitude":"-122.3716346"},"telephone":["+1 707-733-4623","+1 707-733-4623"],"contactPoint":{"@type":"ContactPoint","telephone":"+1 707-733-4623","email":"sales@tropicalwingsbirds.shop"},"openingHoursSpecification":{"@type":"OpeningHoursSpecification","dayOfWeek":["Monday","Tuesday","Wednesday","Thursday","Friday","Saturday","Sunday"],"opens":"00:00","closes":"23:59"},"email":"sales@tropicalwingsbirds.shop","faxNumber":"+1 707-733-4623","areaServed":"United states, Porto Rico, Canada, Australia","priceRange":"$","currenciesAccepted":"USD, CAD, AUD,","paymentAccepted":"Zelle, Paypal, Bitcoin, Apple pay, Credit cards, Bank transfers"},{"@type":"PostalAddress","@id":"https:\/\/tropicalwingsbirds.shop\/shop\/blue-fronted-amazon-for-sale\/#local-main-place-address","streetAddress":"500 Hilltop Dr,","addressLocality":"Redding","postalCode":"96003","addressRegion":"California","addressCountry":"US"},{"@type":"ImageObject","inLanguage":"de","@id":"https:\/\/tropicalwingsbirds.shop\/shop\/blue-fronted-amazon-for-sale\/#local-main-organization-logo","url":"https:\/\/tropicalwingsbirds.shop\/wp-content\/uploads\/2024\/01\/tropical-wings-1.webp","contentUrl":"https:\/\/tropicalwingsbirds.shop\/wp-content\/uploads\/2024\/01\/tropical-wings-1.webp","width":500,"height":500,"caption":"Tropical Wings Birds Shop"}]},"product_price_currency":"USD","og_availability":"instock","product_availability":"instock","product_condition":"new","geo.placename":"Redding","geo.position":{"lat":"40.5976725","long":"-122.3716346"},"geo.region":"Vereinigte Staaten von Amerika"},"_links":{"self":[{"href":"https:\/\/tropicalwingsbirds.shop\/de\/wp-json\/wp\/v2\/product\/581","targetHints":{"allow":["GET"]}}],"collection":[{"href":"https:\/\/tropicalwingsbirds.shop\/de\/wp-json\/wp\/v2\/product"}],"about":[{"href":"https:\/\/tropicalwingsbirds.shop\/de\/wp-json\/wp\/v2\/types\/product"}],"replies":[{"embeddable":true,"href":"https:\/\/tropicalwingsbirds.shop\/de\/wp-json\/wp\/v2\/comments?post=581"}],"wp:featuredmedia":[{"embeddable":true,"href":"https:\/\/tropicalwingsbirds.shop\/de\/wp-json\/wp\/v2\/media\/643"}],"wp:attachment":[{"href":"https:\/\/tropicalwingsbirds.shop\/de\/wp-json\/wp\/v2\/media?parent=581"}],"wp:term":[{"taxonomy":"product_brand","embeddable":true,"href":"https:\/\/tropicalwingsbirds.shop\/de\/wp-json\/wp\/v2\/product_brand?post=581"},{"taxonomy":"product_cat","embeddable":true,"href":"https:\/\/tropicalwingsbirds.shop\/de\/wp-json\/wp\/v2\/product_cat?post=581"},{"taxonomy":"product_tag","embeddable":true,"href":"https:\/\/tropicalwingsbirds.shop\/de\/wp-json\/wp\/v2\/product_tag?post=581"}],"curies":[{"name":"wp","href":"https:\/\/api.w.org\/{rel}","templated":true}]}}