{"id":586,"date":"2023-12-03T14:05:59","date_gmt":"2023-12-03T14:05:59","guid":{"rendered":"https:\/\/tropicalwingsbirds.shop\/?post_type=product&#038;p=586"},"modified":"2026-04-17T22:03:33","modified_gmt":"2026-04-17T22:03:33","slug":"hyazinth-ara-zu-verkaufen","status":"publish","type":"product","link":"https:\/\/tropicalwingsbirds.shop\/de\/geschaft\/hyazinth-ara-zu-verkaufen\/","title":{"rendered":"Hyazinth-Ara zu verkaufen"},"content":{"rendered":"<div class=\"large-10 col pb-0 mb-0\">\n<div class=\"panel entry-content\">\n<h2>Hyazinth-Ara zu verkaufen<\/h2>\n<div>Hyazinth-Ara ist der <a href=\"https:\/\/en.wikipedia.org\/wiki\/Hyacinth_macaw\" target=\"_blank\" rel=\"noopener\">l\u00e4ngster Papagei<\/a> der Welt und erreichen eine L\u00e4nge von gewaltigen 100 Zentimetern. Wie ihr Name schon sagt, haben sie ein leuchtend blaues Gefieder. Sie haben kahle, gelbe Augenringe um die gro\u00dfen schwarzen Augen, ein gelbes Kinn, einen stark gebogenen Schnabel und F\u00fc\u00dfe (zwei nach vorne und zwei nach hinten zeigende Zehen). Hyazinth-Aras k\u00f6nnen bei richtiger Pflege bis zu 70 Jahre alt werden. Ihr Schnabel kann einem Druck von etwa 200 Pfund pro Zoll standhalten, was bedeutet, dass sie einen halben Besenstiel mit nur einem Knacken zerbrechen k\u00f6nnen.<\/div>\n<div><\/div>\n<div>Klasse: V\u00f6gel<\/div>\n<div>Familie: Psittacidae<\/div>\n<div>K\u00f6nigreich: Animalia<\/div>\n<div>Lebensdauer: 50 Jahre (in freier Wildbahn)<\/div>\n<div>L\u00e4nge: 100 cm (Erwachsene)<\/div>\n<div>Wissenschaftlicher Name: Anodorhynchus hyacinthinus<\/div>\n<div><\/div>\n<div>Der l\u00e4ngliche K\u00f6rper des Hyazinth-Aras erreicht eine L\u00e4nge von etwa 95 cm und eine beeindruckende Fl\u00fcgelspannweite von bis zu 107 cm. Damit ist er der umfangreichste Papagei der Welt. Der Hyazinth-Ara ist jedoch nicht besonders schwer und wiegt nur etwa 1,7 kg.<\/div>\n<div><\/div>\n<div>Der wundersch\u00f6ne Hyazinth-Ara ist ein h\u00fcbscher, blauer Ara. Sein sattes Kobaltblau hat ihm seinen Namen gegeben. Er ist ein ruhiger Ara und gilt als ausgezeichnetes Haustier. Hyazinth-Aras haben ein sehr ausgeglichenes Temperament. Sie sind lieb, \u00e4u\u00dferst sanft und neigen nicht dazu, viel L\u00e4rm zu machen. Sie sind anh\u00e4nglich und verspielt und h\u00e4ngen sehr an ihren menschlichen Familien. <a href=\"https:\/\/timiesbirds.com\/product\/buy-hyacinth-macaw\/\">Hyazinth-Ara online kaufen<\/a><\/div>\n<div><\/div>\n<h2>Pers\u00f6nlichkeit des Hyazinth-Aras<\/h2>\n<div>Dieser Haustier-Ara sucht sich m\u00f6glicherweise eine Person aus, die ihm besondere Zuneigung schenkt, aber Hyazinth-Aras, die zum Verkauf stehen, sind eher bereit, Teil der ganzen Familie zu sein und gut mit Kindern umzugehen. Wenn sie in jungen Jahren sozialisiert werden, sind diese Aras auch sehr begierig darauf, neue Menschen kennenzulernen und mit ihnen zu spielen.<\/div>\n<div><\/div>\n<div>Der Hyacinth ist recht intelligent und macht gerne Streiche. Zu seinen Streichen kann es geh\u00f6ren, Ihnen oder Ihren Begleitern aus einiger Entfernung auf den Kopf zu springen. Bei seiner Gr\u00f6\u00dfe ist das ziemlich lustig. Ein guter Witz ist es, auf dem R\u00fccken zu liegen und die F\u00fc\u00dfe hochzustrecken und sich tot zu stellen. Sie starren Sie h\u00e4ufig vom Deckenventilator aus an (achten Sie darauf, dass er ausgeschaltet ist!) oder brechen aus ihrem K\u00e4fig aus. Sie zerst\u00f6ren den K\u00e4fig nicht, sondern neigen eher dazu, nur das Schloss zu entfernen. Diese Papageien sind neugierig und sehr unterhaltsam.<\/div>\n<div><\/div>\n<div>Hyazinth-Aras sprechen zwar, ihre F\u00e4higkeit dazu ist jedoch begrenzt. Dennoch \u00e4u\u00dfern sie ihre W\u00fcnsche. Sobald ihre Halter ihre Aufforderung zum Spielen, Streicheln oder besonderen Futter verstehen, entwickelt sich eine klare Beziehung zwischen diesem wundersch\u00f6nen gefiederten Haustier und seinen Menschen.<\/div>\n<h3>Pflege und F\u00fctterung des Hyazinth-Aras<\/h3>\n<div>\n<p>Unsere Hyazinth-Aras sind vollst\u00e4ndig entw\u00f6hnt und bereit f\u00fcr ihre neue Familie. Hyazinth-Aras sind hervorragende Begleiter. Sie sind beliebt f\u00fcr ihre ruhige und sanfte Art. Sie ben\u00f6tigen eine sehr fettreiche Ern\u00e4hrung, die haupts\u00e4chlich aus Macadamian\u00fcssen besteht, erg\u00e4nzt durch andere Baumn\u00fcsse, Samen, Pellets, Obst und Gem\u00fcse.<\/p>\n<\/p><\/div>\n<p>&nbsp;<\/p>\n<h2><\/h2>\n<\/p><\/div>\n<\/p><\/div>","protected":false},"excerpt":{"rendered":"<p><strong>Hyazinth-Ara kaufen<\/strong><\/p>\n<p>Die atemberaubende kobaltblaue F\u00e4rbung und die enorme Gr\u00f6\u00dfe des Hyazinth-Aras lassen jeden innehalten und aufhorchen. Das leuchtende Gelb um die Augen sowie an der Basis und den Ecken des Schnabels l\u00e4sst den gr\u00f6\u00dften Ara dieser Art scheinbar st\u00e4ndig l\u00e4cheln. Dieser Papagei ist f\u00fcr jemanden geeignet, der sich einen hohen Preis leisten kann und \u00fcber ausreichend Platz verf\u00fcgt.<\/p>\n<p>Art: Hyazinth-Ara <br data-rich-text-line-break=\"true\" \/>Geschlecht: M\u00e4nnlich \/ Weiblich (Geben Sie bei der Bestellung die Geschlechtspr\u00e4ferenz und Altersspanne an)<br data-rich-text-line-break=\"true\" \/>Alter: 11 Monate bis 2 Jahre verf\u00fcgbar, Babys 14 Wochen alt <br data-rich-text-line-break=\"true\" \/>Gr\u00f6\u00dfe: gro\u00df (von Hand gez\u00e4hmt und entw\u00f6hnt \u2013 kann selbst fressen)<br data-rich-text-line-break=\"true\" \/>Gesundheit: 100% garantiert<br data-rich-text-line-break=\"true\" \/>Versand: Im Preis inbegriffen, weltweiter Versand (<a href=\"https:\/\/timiesbirds.com\/shipping\/\">Mehr zum Versand<\/a>)<\/p>\n<p>Alle Papageien werden mit einem Gesundheitszeugnis und ID-Stahlringen (geschlossene Sprosse) an den Beinen verkauft. Ein 24-Stunden-Nachsorgeservice sorgt f\u00fcr absolute Sicherheit. Wir helfen Ihnen gerne bei allen Fragen oder Anliegen, die Sie vor dem Kauf bez\u00fcglich K\u00e4figen, Unterbringung, Ern\u00e4hrung oder anderen Anliegen haben. Die erwachsenen V\u00f6gel k\u00f6nnen bereits einige W\u00f6rter aufsagen, pfeifen und singen gerne. Wir haben auch Papageienbabys und<a href=\"https:\/\/timiesbirds.com\/product-category\/parrot-eggs\/\"> Befruchtete Papageieneier<\/a> verf\u00fcgbar.<\/p>\n<p>&nbsp;<\/p>","protected":false},"featured_media":662,"comment_status":"closed","ping_status":"closed","template":"","meta":{"site-sidebar-layout":"","site-content-layout":"","ast-site-content-layout":"","site-content-style":"","site-sidebar-style":"","ast-global-header-display":"","ast-banner-title-visibility":"","ast-main-header-display":"","ast-hfb-above-header-display":"","ast-hfb-below-header-display":"","ast-hfb-mobile-header-display":"","site-post-title":"","ast-breadcrumbs-content":"","ast-featured-img":"","footer-sml-layout":"","theme-transparent-header-meta":"","adv-header-id-meta":"","stick-header-meta":"","header-above-stick-meta":"","header-main-stick-meta":"","header-below-stick-meta":"","astra-migrate-meta-layouts":"","ast-page-background-enabled":"default","ast-page-background-meta":{"desktop":{"background-color":"var(--ast-global-color-4)","background-image":"","background-repeat":"repeat","background-position":"center center","background-size":"auto","background-attachment":"scroll","background-type":"","background-media":"","overlay-type":"","overlay-color":"","overlay-opacity":"","overlay-gradient":""},"tablet":{"background-color":"","background-image":"","background-repeat":"repeat","background-position":"center center","background-size":"auto","background-attachment":"scroll","background-type":"","background-media":"","overlay-type":"","overlay-color":"","overlay-opacity":"","overlay-gradient":""},"mobile":{"background-color":"","background-image":"","background-repeat":"repeat","background-position":"center center","background-size":"auto","background-attachment":"scroll","background-type":"","background-media":"","overlay-type":"","overlay-color":"","overlay-opacity":"","overlay-gradient":""}},"ast-content-background-meta":{"desktop":{"background-color":"var(--ast-global-color-5)","background-image":"","background-repeat":"repeat","background-position":"center center","background-size":"auto","background-attachment":"scroll","background-type":"","background-media":"","overlay-type":"","overlay-color":"","overlay-opacity":"","overlay-gradient":""},"tablet":{"background-color":"var(--ast-global-color-5)","background-image":"","background-repeat":"repeat","background-position":"center center","background-size":"auto","background-attachment":"scroll","background-type":"","background-media":"","overlay-type":"","overlay-color":"","overlay-opacity":"","overlay-gradient":""},"mobile":{"background-color":"var(--ast-global-color-5)","background-image":"","background-repeat":"repeat","background-position":"center center","background-size":"auto","background-attachment":"scroll","background-type":"","background-media":"","overlay-type":"","overlay-color":"","overlay-opacity":"","overlay-gradient":""}}},"product_brand":[],"product_cat":[2265,156],"product_tag":[269,270,271,272],"class_list":{"0":"post-586","1":"product","2":"type-product","3":"status-publish","4":"has-post-thumbnail","6":"product_cat-macaws-2","7":"product_cat-parrots","8":"product_tag-buy-hyacinth-macaw","9":"product_tag-buy-hyacinth-macaw-online","10":"product_tag-hyacinth-macaw","11":"product_tag-hyacinth-macaw-online","12":"desktop-align-left","13":"tablet-align-left","14":"mobile-align-left","15":"ast-product-gallery-layout-horizontal-slider","16":"ast-product-tabs-layout-horizontal","17":"ast-qv-on-image","19":"first","20":"instock","21":"shipping-taxable","22":"product-type-simple"},"yoast_head":"<!-- This site is optimized with the Yoast SEO Premium plugin v23.2 (Yoast SEO v26.8) - https:\/\/yoast.com\/product\/yoast-seo-premium-wordpress\/ -->\n<title>Hyacinth Macaw for Sale | Tropical Wings Birds<\/title>\n<meta name=\"description\" content=\"Buy a hyacinth macaw from a trusted breeder. Hand-fed, health-certified, closed-leg-ringed with full documentation. Worldwide shipping available.\" \/>\n<meta name=\"robots\" content=\"index, follow, max-snippet:-1, max-image-preview:large, max-video-preview:-1\" \/>\n<link rel=\"canonical\" href=\"https:\/\/tropicalwingsbirds.shop\/de\/geschaft\/hyazinth-ara-zu-verkaufen\/\" \/>\n<meta property=\"og:locale\" content=\"de_DE\" \/>\n<meta property=\"og:type\" content=\"article\" \/>\n<meta property=\"og:title\" content=\"Hyacinth Macaw for sale\" \/>\n<meta property=\"og:description\" content=\"Buy a hyacinth macaw from a trusted breeder. Hand-fed, health-certified, closed-leg-ringed with full documentation. Worldwide shipping available.\" \/>\n<meta property=\"og:url\" content=\"https:\/\/tropicalwingsbirds.shop\/de\/geschaft\/hyazinth-ara-zu-verkaufen\/\" \/>\n<meta property=\"og:site_name\" content=\"Tropical Wings Birds\" \/>\n<meta property=\"article:publisher\" content=\"https:\/\/web.facebook.com\/profile.php?id=61551502767851&amp;mibextid=2JQ9oc&amp;_rdc=1&amp;_rdr\" \/>\n<meta property=\"article:modified_time\" content=\"2026-04-17T22:03:33+00:00\" \/>\n<meta property=\"og:image\" content=\"https:\/\/tropicalwingsbirds.shop\/wp-content\/uploads\/2023\/12\/WhatsApp-Image-2021-04-17-at-01.48.00.jpeg\" \/>\n\t<meta property=\"og:image:width\" content=\"1080\" \/>\n\t<meta property=\"og:image:height\" content=\"1080\" \/>\n\t<meta property=\"og:image:type\" content=\"image\/jpeg\" \/>\n<meta name=\"twitter:card\" content=\"summary_large_image\" \/>\n<meta name=\"twitter:label1\" content=\"Preis\" \/>\n\t<meta name=\"twitter:data1\" content=\"\" \/>\n\t<meta name=\"twitter:label2\" content=\"Verf\u00fcgbarkeit\" \/>\n\t<meta name=\"twitter:data2\" content=\"Auf Lager\" \/>\n<script type=\"application\/ld+json\" class=\"yoast-schema-graph\">{\"@context\":\"https:\/\/schema.org\",\"@graph\":[{\"@type\":\"WebPage\",\"@id\":\"https:\/\/tropicalwingsbirds.shop\/shop\/hyacinth-macaw-for-sale\/\",\"url\":\"https:\/\/tropicalwingsbirds.shop\/shop\/hyacinth-macaw-for-sale\/\",\"name\":\"Hyacinth Macaw for Sale | Tropical Wings Birds\",\"isPartOf\":{\"@id\":\"https:\/\/tropicalwingsbirds.shop\/#website\"},\"primaryImageOfPage\":{\"@id\":\"https:\/\/tropicalwingsbirds.shop\/shop\/hyacinth-macaw-for-sale\/#primaryimage\"},\"image\":{\"@id\":\"https:\/\/tropicalwingsbirds.shop\/shop\/hyacinth-macaw-for-sale\/#primaryimage\"},\"thumbnailUrl\":\"https:\/\/tropicalwingsbirds.shop\/wp-content\/uploads\/2023\/12\/WhatsApp-Image-2021-04-17-at-01.48.00.jpeg\",\"datePublished\":\"2023-12-03T14:05:59+00:00\",\"dateModified\":\"2026-04-17T22:03:33+00:00\",\"description\":\"Buy a hyacinth macaw from a trusted breeder. Hand-fed, health-certified, closed-leg-ringed with full documentation. Worldwide shipping available.\",\"breadcrumb\":{\"@id\":\"https:\/\/tropicalwingsbirds.shop\/shop\/hyacinth-macaw-for-sale\/#breadcrumb\"},\"inLanguage\":\"de\",\"potentialAction\":[{\"@type\":\"ReadAction\",\"target\":[\"https:\/\/tropicalwingsbirds.shop\/shop\/hyacinth-macaw-for-sale\/\"]}]},{\"@type\":\"ImageObject\",\"inLanguage\":\"de\",\"@id\":\"https:\/\/tropicalwingsbirds.shop\/shop\/hyacinth-macaw-for-sale\/#primaryimage\",\"url\":\"https:\/\/tropicalwingsbirds.shop\/wp-content\/uploads\/2023\/12\/WhatsApp-Image-2021-04-17-at-01.48.00.jpeg\",\"contentUrl\":\"https:\/\/tropicalwingsbirds.shop\/wp-content\/uploads\/2023\/12\/WhatsApp-Image-2021-04-17-at-01.48.00.jpeg\",\"width\":1080,\"height\":1080},{\"@type\":\"BreadcrumbList\",\"@id\":\"https:\/\/tropicalwingsbirds.shop\/shop\/hyacinth-macaw-for-sale\/#breadcrumb\",\"itemListElement\":[{\"@type\":\"ListItem\",\"position\":1,\"name\":\"Home\",\"item\":\"https:\/\/tropicalwingsbirds.shop\/\"},{\"@type\":\"ListItem\",\"position\":2,\"name\":\"Shop\",\"item\":\"https:\/\/tropicalwingsbirds.shop\/shop\/\"},{\"@type\":\"ListItem\",\"position\":3,\"name\":\"Hyacinth Macaw for sale\"}]},{\"@type\":\"WebSite\",\"@id\":\"https:\/\/tropicalwingsbirds.shop\/#website\",\"url\":\"https:\/\/tropicalwingsbirds.shop\/\",\"name\":\"Tropical Wings Birds\",\"description\":\"Best Exotic birds breeders online\",\"publisher\":{\"@id\":\"https:\/\/tropicalwingsbirds.shop\/#organization\"},\"potentialAction\":[{\"@type\":\"SearchAction\",\"target\":{\"@type\":\"EntryPoint\",\"urlTemplate\":\"https:\/\/tropicalwingsbirds.shop\/?s={search_term_string}\"},\"query-input\":{\"@type\":\"PropertyValueSpecification\",\"valueRequired\":true,\"valueName\":\"search_term_string\"}}],\"inLanguage\":\"de\"},{\"@type\":[\"Organization\",\"Place\",\"PetStore\"],\"@id\":\"https:\/\/tropicalwingsbirds.shop\/#organization\",\"name\":\"Tropical Wings Birds Shop\",\"alternateName\":\"TPWB\",\"url\":\"https:\/\/tropicalwingsbirds.shop\/\",\"logo\":{\"@id\":\"https:\/\/tropicalwingsbirds.shop\/shop\/hyacinth-macaw-for-sale\/#local-main-organization-logo\"},\"image\":{\"@id\":\"https:\/\/tropicalwingsbirds.shop\/shop\/hyacinth-macaw-for-sale\/#local-main-organization-logo\"},\"sameAs\":[\"https:\/\/web.facebook.com\/profile.php?id=61551502767851&mibextid=2JQ9oc&_rdc=1&_rdr\"],\"description\":\"Tropical Wings Birds is your destination for exotic avian companionship. Our boutique aviary in United States offers a curated selection of vibrant tropical birds sourced from reputable breeders worldwide. With a focus on welfare and expertise, our dedicated team is here to guide you on your journey to finding the perfect feathered friend. Visit us today and experience the magic of avian companionship at Tropical Wings Birds.\",\"legalName\":\"Tropical Wings Birds\",\"foundingDate\":\"2019-02-14\",\"numberOfEmployees\":{\"@type\":\"QuantitativeValue\",\"minValue\":\"1\",\"maxValue\":\"10\"},\"address\":{\"@id\":\"https:\/\/tropicalwingsbirds.shop\/shop\/hyacinth-macaw-for-sale\/#local-main-place-address\"},\"geo\":{\"@type\":\"GeoCoordinates\",\"latitude\":\"40.5976725\",\"longitude\":\"-122.3716346\"},\"telephone\":[\"+1 707-733-4623\",\"+1 707-733-4623\"],\"contactPoint\":{\"@type\":\"ContactPoint\",\"telephone\":\"+1 707-733-4623\",\"email\":\"sales@tropicalwingsbirds.shop\"},\"openingHoursSpecification\":{\"@type\":\"OpeningHoursSpecification\",\"dayOfWeek\":[\"Monday\",\"Tuesday\",\"Wednesday\",\"Thursday\",\"Friday\",\"Saturday\",\"Sunday\"],\"opens\":\"00:00\",\"closes\":\"23:59\"},\"email\":\"sales@tropicalwingsbirds.shop\",\"faxNumber\":\"+1 707-733-4623\",\"areaServed\":\"United states, Porto Rico, Canada, Australia\",\"priceRange\":\"$\",\"currenciesAccepted\":\"USD, CAD, AUD,\",\"paymentAccepted\":\"Zelle, Paypal, Bitcoin, Apple pay, Credit cards, Bank transfers\"},{\"@type\":\"PostalAddress\",\"@id\":\"https:\/\/tropicalwingsbirds.shop\/shop\/hyacinth-macaw-for-sale\/#local-main-place-address\",\"streetAddress\":\"500 Hilltop Dr,\",\"addressLocality\":\"Redding\",\"postalCode\":\"96003\",\"addressRegion\":\"California\",\"addressCountry\":\"US\"},{\"@type\":\"ImageObject\",\"inLanguage\":\"de\",\"@id\":\"https:\/\/tropicalwingsbirds.shop\/shop\/hyacinth-macaw-for-sale\/#local-main-organization-logo\",\"url\":\"https:\/\/tropicalwingsbirds.shop\/wp-content\/uploads\/2024\/01\/tropical-wings-1.webp\",\"contentUrl\":\"https:\/\/tropicalwingsbirds.shop\/wp-content\/uploads\/2024\/01\/tropical-wings-1.webp\",\"width\":500,\"height\":500,\"caption\":\"Tropical Wings Birds Shop\"}]}<\/script>\n<meta property=\"product:price:currency\" content=\"USD\" \/>\n<meta property=\"og:availability\" content=\"instock\" \/>\n<meta property=\"product:availability\" content=\"instock\" \/>\n<meta property=\"product:condition\" content=\"new\" \/>\n<meta name=\"geo.placename\" content=\"Redding\" \/>\n<meta name=\"geo.position\" content=\"40.5976725;-122.3716346\" \/>\n<meta name=\"geo.region\" content=\"Vereinigte Staaten von Amerika\" \/>\n<!-- \/ Yoast SEO Premium plugin. -->","yoast_head_json":{"title":"Hyacinth Macaw for Sale | Tropical Wings Birds","description":"Buy a hyacinth macaw from a trusted breeder. Hand-fed, health-certified, closed-leg-ringed with full documentation. Worldwide shipping available.","robots":{"index":"index","follow":"follow","max-snippet":"max-snippet:-1","max-image-preview":"max-image-preview:large","max-video-preview":"max-video-preview:-1"},"canonical":"https:\/\/tropicalwingsbirds.shop\/de\/geschaft\/hyazinth-ara-zu-verkaufen\/","og_locale":"de_DE","og_type":"article","og_title":"Hyacinth Macaw for sale","og_description":"Buy a hyacinth macaw from a trusted breeder. Hand-fed, health-certified, closed-leg-ringed with full documentation. Worldwide shipping available.","og_url":"https:\/\/tropicalwingsbirds.shop\/de\/geschaft\/hyazinth-ara-zu-verkaufen\/","og_site_name":"Tropical Wings Birds","article_publisher":"https:\/\/web.facebook.com\/profile.php?id=61551502767851&mibextid=2JQ9oc&_rdc=1&_rdr","article_modified_time":"2026-04-17T22:03:33+00:00","og_image":[{"width":1080,"height":1080,"url":"https:\/\/tropicalwingsbirds.shop\/wp-content\/uploads\/2023\/12\/WhatsApp-Image-2021-04-17-at-01.48.00.jpeg","type":"image\/jpeg"}],"twitter_card":"summary_large_image","twitter_misc":{"Preis":"","Verf\u00fcgbarkeit":"Auf Lager"},"schema":{"@context":"https:\/\/schema.org","@graph":[{"@type":"WebPage","@id":"https:\/\/tropicalwingsbirds.shop\/shop\/hyacinth-macaw-for-sale\/","url":"https:\/\/tropicalwingsbirds.shop\/shop\/hyacinth-macaw-for-sale\/","name":"Hyacinth Macaw for Sale | Tropical Wings Birds","isPartOf":{"@id":"https:\/\/tropicalwingsbirds.shop\/#website"},"primaryImageOfPage":{"@id":"https:\/\/tropicalwingsbirds.shop\/shop\/hyacinth-macaw-for-sale\/#primaryimage"},"image":{"@id":"https:\/\/tropicalwingsbirds.shop\/shop\/hyacinth-macaw-for-sale\/#primaryimage"},"thumbnailUrl":"https:\/\/tropicalwingsbirds.shop\/wp-content\/uploads\/2023\/12\/WhatsApp-Image-2021-04-17-at-01.48.00.jpeg","datePublished":"2023-12-03T14:05:59+00:00","dateModified":"2026-04-17T22:03:33+00:00","description":"Buy a hyacinth macaw from a trusted breeder. Hand-fed, health-certified, closed-leg-ringed with full documentation. Worldwide shipping available.","breadcrumb":{"@id":"https:\/\/tropicalwingsbirds.shop\/shop\/hyacinth-macaw-for-sale\/#breadcrumb"},"inLanguage":"de","potentialAction":[{"@type":"ReadAction","target":["https:\/\/tropicalwingsbirds.shop\/shop\/hyacinth-macaw-for-sale\/"]}]},{"@type":"ImageObject","inLanguage":"de","@id":"https:\/\/tropicalwingsbirds.shop\/shop\/hyacinth-macaw-for-sale\/#primaryimage","url":"https:\/\/tropicalwingsbirds.shop\/wp-content\/uploads\/2023\/12\/WhatsApp-Image-2021-04-17-at-01.48.00.jpeg","contentUrl":"https:\/\/tropicalwingsbirds.shop\/wp-content\/uploads\/2023\/12\/WhatsApp-Image-2021-04-17-at-01.48.00.jpeg","width":1080,"height":1080},{"@type":"BreadcrumbList","@id":"https:\/\/tropicalwingsbirds.shop\/shop\/hyacinth-macaw-for-sale\/#breadcrumb","itemListElement":[{"@type":"ListItem","position":1,"name":"Home","item":"https:\/\/tropicalwingsbirds.shop\/"},{"@type":"ListItem","position":2,"name":"Shop","item":"https:\/\/tropicalwingsbirds.shop\/shop\/"},{"@type":"ListItem","position":3,"name":"Hyacinth Macaw for sale"}]},{"@type":"WebSite","@id":"https:\/\/tropicalwingsbirds.shop\/#website","url":"https:\/\/tropicalwingsbirds.shop\/","name":"Tropische Fl\u00fcgelv\u00f6gel","description":"Die besten Z\u00fcchter exotischer V\u00f6gel online","publisher":{"@id":"https:\/\/tropicalwingsbirds.shop\/#organization"},"potentialAction":[{"@type":"SearchAction","target":{"@type":"EntryPoint","urlTemplate":"https:\/\/tropicalwingsbirds.shop\/?s={search_term_string}"},"query-input":{"@type":"PropertyValueSpecification","valueRequired":true,"valueName":"search_term_string"}}],"inLanguage":"de"},{"@type":["Organization","Place","PetStore"],"@id":"https:\/\/tropicalwingsbirds.shop\/#organization","name":"Tropical Wings Birds Shop","alternateName":"TPWB","url":"https:\/\/tropicalwingsbirds.shop\/","logo":{"@id":"https:\/\/tropicalwingsbirds.shop\/shop\/hyacinth-macaw-for-sale\/#local-main-organization-logo"},"image":{"@id":"https:\/\/tropicalwingsbirds.shop\/shop\/hyacinth-macaw-for-sale\/#local-main-organization-logo"},"sameAs":["https:\/\/web.facebook.com\/profile.php?id=61551502767851&mibextid=2JQ9oc&_rdc=1&_rdr"],"description":"Tropical Wings Birds ist Ihre Adresse f\u00fcr exotische Vogelbegleitung. Unsere Boutique-Voliere in den USA bietet eine kuratierte Auswahl an farbenfrohen tropischen V\u00f6geln von renommierten Z\u00fcchtern weltweit. Mit Fokus auf Wohlbefinden und Expertise begleitet Sie unser engagiertes Team auf Ihrer Suche nach dem perfekten gefiederten Freund. Besuchen Sie uns noch heute und erleben Sie die Magie der Vogelbegleitung bei Tropical Wings Birds.","legalName":"Tropical Wings Birds","foundingDate":"2019-02-14","numberOfEmployees":{"@type":"QuantitativeValue","minValue":"1","maxValue":"10"},"address":{"@id":"https:\/\/tropicalwingsbirds.shop\/shop\/hyacinth-macaw-for-sale\/#local-main-place-address"},"geo":{"@type":"GeoCoordinates","latitude":"40.5976725","longitude":"-122.3716346"},"telephone":["+1 707-733-4623","+1 707-733-4623"],"contactPoint":{"@type":"ContactPoint","telephone":"+1 707-733-4623","email":"sales@tropicalwingsbirds.shop"},"openingHoursSpecification":{"@type":"OpeningHoursSpecification","dayOfWeek":["Monday","Tuesday","Wednesday","Thursday","Friday","Saturday","Sunday"],"opens":"00:00","closes":"23:59"},"email":"sales@tropicalwingsbirds.shop","faxNumber":"+1 707-733-4623","areaServed":"United states, Porto Rico, Canada, Australia","priceRange":"$","currenciesAccepted":"USD, CAD, AUD,","paymentAccepted":"Zelle, Paypal, Bitcoin, Apple pay, Credit cards, Bank transfers"},{"@type":"PostalAddress","@id":"https:\/\/tropicalwingsbirds.shop\/shop\/hyacinth-macaw-for-sale\/#local-main-place-address","streetAddress":"500 Hilltop Dr,","addressLocality":"Redding","postalCode":"96003","addressRegion":"California","addressCountry":"US"},{"@type":"ImageObject","inLanguage":"de","@id":"https:\/\/tropicalwingsbirds.shop\/shop\/hyacinth-macaw-for-sale\/#local-main-organization-logo","url":"https:\/\/tropicalwingsbirds.shop\/wp-content\/uploads\/2024\/01\/tropical-wings-1.webp","contentUrl":"https:\/\/tropicalwingsbirds.shop\/wp-content\/uploads\/2024\/01\/tropical-wings-1.webp","width":500,"height":500,"caption":"Tropical Wings Birds Shop"}]},"product_price_currency":"USD","og_availability":"instock","product_availability":"instock","product_condition":"new","geo.placename":"Redding","geo.position":{"lat":"40.5976725","long":"-122.3716346"},"geo.region":"Vereinigte Staaten von Amerika"},"jetpack_sharing_enabled":true,"_links":{"self":[{"href":"https:\/\/tropicalwingsbirds.shop\/de\/wp-json\/wp\/v2\/product\/586","targetHints":{"allow":["GET"]}}],"collection":[{"href":"https:\/\/tropicalwingsbirds.shop\/de\/wp-json\/wp\/v2\/product"}],"about":[{"href":"https:\/\/tropicalwingsbirds.shop\/de\/wp-json\/wp\/v2\/types\/product"}],"replies":[{"embeddable":true,"href":"https:\/\/tropicalwingsbirds.shop\/de\/wp-json\/wp\/v2\/comments?post=586"}],"wp:featuredmedia":[{"embeddable":true,"href":"https:\/\/tropicalwingsbirds.shop\/de\/wp-json\/wp\/v2\/media\/662"}],"wp:attachment":[{"href":"https:\/\/tropicalwingsbirds.shop\/de\/wp-json\/wp\/v2\/media?parent=586"}],"wp:term":[{"taxonomy":"product_brand","embeddable":true,"href":"https:\/\/tropicalwingsbirds.shop\/de\/wp-json\/wp\/v2\/product_brand?post=586"},{"taxonomy":"product_cat","embeddable":true,"href":"https:\/\/tropicalwingsbirds.shop\/de\/wp-json\/wp\/v2\/product_cat?post=586"},{"taxonomy":"product_tag","embeddable":true,"href":"https:\/\/tropicalwingsbirds.shop\/de\/wp-json\/wp\/v2\/product_tag?post=586"}],"curies":[{"name":"wp","href":"https:\/\/api.w.org\/{rel}","templated":true}]}}