{"id":736,"date":"2023-12-03T14:18:02","date_gmt":"2023-12-03T14:18:02","guid":{"rendered":"https:\/\/tropicalwingsbirds.shop\/?post_type=product&#038;p=736"},"modified":"2026-04-17T22:03:40","modified_gmt":"2026-04-17T22:03:40","slug":"baby-lutino-alexandrinerpapagei","status":"publish","type":"product","link":"https:\/\/tropicalwingsbirds.shop\/de\/geschaft\/baby-lutino-alexandrinerpapagei\/","title":{"rendered":"Baby-Lutino-Alexandersittich"},"content":{"rendered":"<h1>Baby Lutino-Alexandrinenpapagei zu verkaufen<\/h1>\n<p>Baby <a href=\"https:\/\/en.wikipedia.org\/wiki\/Alexandrine_parakeet\">Lutino<\/a>-Alexandrinenpapagei zu verkaufen, der Alexandrinenpapagei Psittacula Eupatria. Wir z\u00fcchten diese Art seit \u00fcber 22 Jahren erfolgreich. Der Alexandrinenpapagei <a href=\"https:\/\/birdmanspetsource.com\/product-category\/african-grey\/\">Papagei<\/a> \u2013 ein gro\u00dfer Vogel mit stromlinienf\u00f6rmigem K\u00f6rper und verl\u00e4ngerten mittleren Schwanzfedern \u2013 ist ein hervorragendes Beispiel f\u00fcr einen Vogel mit sch\u00f6nem Gefieder. Der Hahn hat ein \u00fcberwiegend gr\u00fcnes Gefieder, einen rosa Kragen, einen purpurroten Fleck auf den Fl\u00fcgeln und einen breiten schwarzen Streifen \u00fcber den unteren Wangen. Der Schwanz ist blau mit gelber Spitze. Kaufen Sie Alexandersittiche online. Der Unterkiefer ist rot mit einer helleren Spitze. Die Iris ist hellgelb, die Beine graugr\u00fcn. Die Henne ist matter gef\u00e4rbt, ihr fehlen der rosa Kragen und der schwarze Streifen und sie hat einen k\u00fcrzeren Schwanz. Jungv\u00f6gel \u00e4hneln der Henne. Die H\u00e4hne bekommen ihr erwachsenes Gefieder erst im Alter von 2\u20133 Jahren. Kaufen Sie junge Lutino-Alexandrinsittiche online.<\/p>\n<h2><strong>Geh\u00e4use<\/strong><\/h2>\n<p>Der Alexandersittich ist eine robuste Art, die sich in unterschiedlichen Umgebungen gut vermehren kann. Aufgrund des unebenen Gel\u00e4ndes auf unserem Grundst\u00fcck verwenden wir haupts\u00e4chlich H\u00e4ngevolieren mit den Ma\u00dfen 4 m L\u00e4nge x 0,9 m Breite x 1,2 m H\u00f6he. Die H\u00e4ngevolieren in unserem neuen Komplex sind 4,8 m L\u00e4nge x 0,9 m Breite x 1,2 m H\u00f6he. Alexandriner-Babys online zu verkaufen.<\/p>\n<h3><strong>Ern\u00e4hrung \u2013 Kaufen Sie Baby-Lutino-Alexandrin-Papageien online<\/strong><\/h3>\n<p>Die Grundnahrung besteht aus einer hochwertigen Papageienmischung sowie Obst und Gem\u00fcse. Alexandersittiche sind keine w\u00e4hlerischen Esser und fressen eine Vielzahl nahrhafter Nahrungsmittel. Sie sollten die M\u00f6glichkeit haben, eine gro\u00dfe Auswahl an Obst und Gem\u00fcse zu probieren, z. B. Zuckermelone, Papaya, Passionsfrucht, Mango, Guave, Karotten, Maiskolben und dunkelgr\u00fcnes Blattgem\u00fcse.<\/p>\n<p>Au\u00dferdem werden Zweige von ungiftigen B\u00e4umen und Str\u00e4uchern mit Knospen, N\u00fcssen und Samen bereitgestellt. Diese Dinge besch\u00e4ftigen unsere Papageien nicht nur lange, sondern befriedigen auch ihren Kaudrang und lindern Langeweile.<\/p>","protected":false},"excerpt":{"rendered":"<p>L\u00e4nge: 76 cm \u2013 100 cm (30 Zoll \u2013 39 Zoll)<br \/> Gewicht: 0,9 kg \u2013 2 kg (2 lbs \u2013 4,4 lbs)<br \/> Geb\u00e4ndert: Ja<br \/> DNA-Geschlecht: M\u00e4nnlich\/Weiblich<br \/> Sprechf\u00e4higkeit: Ja<\/p>","protected":false},"featured_media":782,"comment_status":"closed","ping_status":"closed","template":"","meta":{"site-sidebar-layout":"","site-content-layout":"","ast-site-content-layout":"","site-content-style":"","site-sidebar-style":"","ast-global-header-display":"","ast-banner-title-visibility":"","ast-main-header-display":"","ast-hfb-above-header-display":"","ast-hfb-below-header-display":"","ast-hfb-mobile-header-display":"","site-post-title":"","ast-breadcrumbs-content":"","ast-featured-img":"","footer-sml-layout":"","theme-transparent-header-meta":"","adv-header-id-meta":"","stick-header-meta":"","header-above-stick-meta":"","header-main-stick-meta":"","header-below-stick-meta":"","astra-migrate-meta-layouts":"","ast-page-background-enabled":"default","ast-page-background-meta":{"desktop":{"background-color":"var(--ast-global-color-4)","background-image":"","background-repeat":"repeat","background-position":"center center","background-size":"auto","background-attachment":"scroll","background-type":"","background-media":"","overlay-type":"","overlay-color":"","overlay-opacity":"","overlay-gradient":""},"tablet":{"background-color":"","background-image":"","background-repeat":"repeat","background-position":"center center","background-size":"auto","background-attachment":"scroll","background-type":"","background-media":"","overlay-type":"","overlay-color":"","overlay-opacity":"","overlay-gradient":""},"mobile":{"background-color":"","background-image":"","background-repeat":"repeat","background-position":"center center","background-size":"auto","background-attachment":"scroll","background-type":"","background-media":"","overlay-type":"","overlay-color":"","overlay-opacity":"","overlay-gradient":""}},"ast-content-background-meta":{"desktop":{"background-color":"var(--ast-global-color-5)","background-image":"","background-repeat":"repeat","background-position":"center center","background-size":"auto","background-attachment":"scroll","background-type":"","background-media":"","overlay-type":"","overlay-color":"","overlay-opacity":"","overlay-gradient":""},"tablet":{"background-color":"var(--ast-global-color-5)","background-image":"","background-repeat":"repeat","background-position":"center center","background-size":"auto","background-attachment":"scroll","background-type":"","background-media":"","overlay-type":"","overlay-color":"","overlay-opacity":"","overlay-gradient":""},"mobile":{"background-color":"var(--ast-global-color-5)","background-image":"","background-repeat":"repeat","background-position":"center center","background-size":"auto","background-attachment":"scroll","background-type":"","background-media":"","overlay-type":"","overlay-color":"","overlay-opacity":"","overlay-gradient":""}}},"product_brand":[],"product_cat":[413],"product_tag":[],"class_list":{"0":"post-736","1":"product","2":"type-product","3":"status-publish","4":"has-post-thumbnail","6":"product_cat-lutino-alexandrine-parrot","7":"desktop-align-left","8":"tablet-align-left","9":"mobile-align-left","10":"ast-product-gallery-layout-horizontal-slider","11":"ast-product-tabs-layout-horizontal","12":"ast-qv-on-image","14":"first","15":"instock","16":"shipping-taxable","17":"product-type-simple"},"yoast_head":"<!-- This site is optimized with the Yoast SEO Premium plugin v23.2 (Yoast SEO v27.4) - https:\/\/yoast.com\/product\/yoast-seo-premium-wordpress\/ -->\n<title>Buy Baby Lutino Alexandrine Parrot | Tropical Wings Birds<\/title>\n<meta name=\"description\" content=\"Buy a baby lutino alexandrine parrot from a trusted breeder. Hand-fed, health-certified, closed-leg-ringed with full documentation. Worldwide shipping...\" \/>\n<meta name=\"robots\" content=\"index, follow, max-snippet:-1, max-image-preview:large, max-video-preview:-1\" \/>\n<link rel=\"canonical\" href=\"https:\/\/tropicalwingsbirds.shop\/de\/geschaft\/baby-lutino-alexandrinerpapagei\/\" \/>\n<meta property=\"og:locale\" content=\"de_DE\" \/>\n<meta property=\"og:type\" content=\"article\" \/>\n<meta property=\"og:title\" content=\"Baby Lutino Alexandrine Parrot\" \/>\n<meta property=\"og:description\" content=\"Buy a baby lutino alexandrine parrot from a trusted breeder. Hand-fed, health-certified, closed-leg-ringed with full documentation. Worldwide shipping...\" \/>\n<meta property=\"og:url\" content=\"https:\/\/tropicalwingsbirds.shop\/de\/geschaft\/baby-lutino-alexandrinerpapagei\/\" \/>\n<meta property=\"og:site_name\" content=\"Tropical Wings Birds\" \/>\n<meta property=\"article:publisher\" content=\"https:\/\/web.facebook.com\/profile.php?id=61551502767851&amp;mibextid=2JQ9oc&amp;_rdc=1&amp;_rdr\" \/>\n<meta property=\"article:modified_time\" content=\"2026-04-17T22:03:40+00:00\" \/>\n<meta property=\"og:image\" content=\"https:\/\/tropicalwingsbirds.shop\/wp-content\/uploads\/2023\/12\/A38299394_289084375216149_1085118565301878784_n.jpg\" \/>\n\t<meta property=\"og:image:width\" content=\"944\" \/>\n\t<meta property=\"og:image:height\" content=\"859\" \/>\n\t<meta property=\"og:image:type\" content=\"image\/jpeg\" \/>\n<meta name=\"twitter:card\" content=\"summary_large_image\" \/>\n<meta name=\"twitter:label1\" content=\"Preis\" \/>\n\t<meta name=\"twitter:data1\" content=\"\" \/>\n\t<meta name=\"twitter:label2\" content=\"Verf\u00fcgbarkeit\" \/>\n\t<meta name=\"twitter:data2\" content=\"Auf Lager\" \/>\n<script type=\"application\/ld+json\" class=\"yoast-schema-graph\">{\"@context\":\"https:\\\/\\\/schema.org\",\"@graph\":[{\"@type\":\"WebPage\",\"@id\":\"https:\\\/\\\/tropicalwingsbirds.shop\\\/shop\\\/baby-lutino-alexandrine-parrot\\\/\",\"url\":\"https:\\\/\\\/tropicalwingsbirds.shop\\\/shop\\\/baby-lutino-alexandrine-parrot\\\/\",\"name\":\"Buy Baby Lutino Alexandrine Parrot | Tropical Wings Birds\",\"isPartOf\":{\"@id\":\"https:\\\/\\\/tropicalwingsbirds.shop\\\/#website\"},\"primaryImageOfPage\":{\"@id\":\"https:\\\/\\\/tropicalwingsbirds.shop\\\/shop\\\/baby-lutino-alexandrine-parrot\\\/#primaryimage\"},\"image\":{\"@id\":\"https:\\\/\\\/tropicalwingsbirds.shop\\\/shop\\\/baby-lutino-alexandrine-parrot\\\/#primaryimage\"},\"thumbnailUrl\":\"https:\\\/\\\/tropicalwingsbirds.shop\\\/wp-content\\\/uploads\\\/2023\\\/12\\\/A38299394_289084375216149_1085118565301878784_n.jpg\",\"datePublished\":\"2023-12-03T14:18:02+00:00\",\"dateModified\":\"2026-04-17T22:03:40+00:00\",\"description\":\"Buy a baby lutino alexandrine parrot from a trusted breeder. Hand-fed, health-certified, closed-leg-ringed with full documentation. Worldwide shipping...\",\"breadcrumb\":{\"@id\":\"https:\\\/\\\/tropicalwingsbirds.shop\\\/shop\\\/baby-lutino-alexandrine-parrot\\\/#breadcrumb\"},\"inLanguage\":\"de\",\"potentialAction\":[{\"@type\":\"ReadAction\",\"target\":[\"https:\\\/\\\/tropicalwingsbirds.shop\\\/shop\\\/baby-lutino-alexandrine-parrot\\\/\"]}]},{\"@type\":\"ImageObject\",\"inLanguage\":\"de\",\"@id\":\"https:\\\/\\\/tropicalwingsbirds.shop\\\/shop\\\/baby-lutino-alexandrine-parrot\\\/#primaryimage\",\"url\":\"https:\\\/\\\/tropicalwingsbirds.shop\\\/wp-content\\\/uploads\\\/2023\\\/12\\\/A38299394_289084375216149_1085118565301878784_n.jpg\",\"contentUrl\":\"https:\\\/\\\/tropicalwingsbirds.shop\\\/wp-content\\\/uploads\\\/2023\\\/12\\\/A38299394_289084375216149_1085118565301878784_n.jpg\",\"width\":944,\"height\":859},{\"@type\":\"BreadcrumbList\",\"@id\":\"https:\\\/\\\/tropicalwingsbirds.shop\\\/shop\\\/baby-lutino-alexandrine-parrot\\\/#breadcrumb\",\"itemListElement\":[{\"@type\":\"ListItem\",\"position\":1,\"name\":\"Home\",\"item\":\"https:\\\/\\\/tropicalwingsbirds.shop\\\/\"},{\"@type\":\"ListItem\",\"position\":2,\"name\":\"Shop\",\"item\":\"https:\\\/\\\/tropicalwingsbirds.shop\\\/shop\\\/\"},{\"@type\":\"ListItem\",\"position\":3,\"name\":\"Baby Lutino Alexandrine Parrot\"}]},{\"@type\":\"WebSite\",\"@id\":\"https:\\\/\\\/tropicalwingsbirds.shop\\\/#website\",\"url\":\"https:\\\/\\\/tropicalwingsbirds.shop\\\/\",\"name\":\"Tropical Wings Birds\",\"description\":\"Best Exotic birds breeders online\",\"publisher\":{\"@id\":\"https:\\\/\\\/tropicalwingsbirds.shop\\\/#organization\"},\"potentialAction\":[{\"@type\":\"SearchAction\",\"target\":{\"@type\":\"EntryPoint\",\"urlTemplate\":\"https:\\\/\\\/tropicalwingsbirds.shop\\\/?s={search_term_string}\"},\"query-input\":{\"@type\":\"PropertyValueSpecification\",\"valueRequired\":true,\"valueName\":\"search_term_string\"}}],\"inLanguage\":\"de\"},{\"@type\":[\"Organization\",\"Place\",\"PetStore\"],\"@id\":\"https:\\\/\\\/tropicalwingsbirds.shop\\\/#organization\",\"name\":\"Tropical Wings Birds Shop\",\"alternateName\":\"TPWB\",\"url\":\"https:\\\/\\\/tropicalwingsbirds.shop\\\/\",\"logo\":{\"@id\":\"https:\\\/\\\/tropicalwingsbirds.shop\\\/shop\\\/baby-lutino-alexandrine-parrot\\\/#local-main-organization-logo\"},\"image\":{\"@id\":\"https:\\\/\\\/tropicalwingsbirds.shop\\\/shop\\\/baby-lutino-alexandrine-parrot\\\/#local-main-organization-logo\"},\"sameAs\":[\"https:\\\/\\\/web.facebook.com\\\/profile.php?id=61551502767851&mibextid=2JQ9oc&_rdc=1&_rdr\"],\"description\":\"Tropical Wings Birds is your destination for exotic avian companionship. Our boutique aviary in United States offers a curated selection of vibrant tropical birds sourced from reputable breeders worldwide. With a focus on welfare and expertise, our dedicated team is here to guide you on your journey to finding the perfect feathered friend. Visit us today and experience the magic of avian companionship at Tropical Wings Birds.\",\"legalName\":\"Tropical Wings Birds\",\"foundingDate\":\"2019-02-14\",\"numberOfEmployees\":{\"@type\":\"QuantitativeValue\",\"minValue\":\"1\",\"maxValue\":\"10\"},\"address\":{\"@id\":\"https:\\\/\\\/tropicalwingsbirds.shop\\\/shop\\\/baby-lutino-alexandrine-parrot\\\/#local-main-place-address\"},\"geo\":{\"@type\":\"GeoCoordinates\",\"latitude\":\"40.5976725\",\"longitude\":\"-122.3716346\"},\"telephone\":[\"+1 707-733-4623\",\"+1 707-733-4623\"],\"contactPoint\":{\"@type\":\"ContactPoint\",\"telephone\":\"+1 707-733-4623\",\"email\":\"sales@tropicalwingsbirds.shop\"},\"openingHoursSpecification\":{\"@type\":\"OpeningHoursSpecification\",\"dayOfWeek\":[\"Monday\",\"Tuesday\",\"Wednesday\",\"Thursday\",\"Friday\",\"Saturday\",\"Sunday\"],\"opens\":\"00:00\",\"closes\":\"23:59\"},\"email\":\"sales@tropicalwingsbirds.shop\",\"faxNumber\":\"+1 707-733-4623\",\"areaServed\":\"United states, Porto Rico, Canada, Australia\",\"priceRange\":\"$\",\"currenciesAccepted\":\"USD, CAD, AUD,\",\"paymentAccepted\":\"Zelle, Paypal, Bitcoin, Apple pay, Credit cards, Bank transfers\"},{\"@type\":\"PostalAddress\",\"@id\":\"https:\\\/\\\/tropicalwingsbirds.shop\\\/shop\\\/baby-lutino-alexandrine-parrot\\\/#local-main-place-address\",\"streetAddress\":\"500 Hilltop Dr,\",\"addressLocality\":\"Redding\",\"postalCode\":\"96003\",\"addressRegion\":\"California\",\"addressCountry\":\"US\"},{\"@type\":\"ImageObject\",\"inLanguage\":\"de\",\"@id\":\"https:\\\/\\\/tropicalwingsbirds.shop\\\/shop\\\/baby-lutino-alexandrine-parrot\\\/#local-main-organization-logo\",\"url\":\"https:\\\/\\\/tropicalwingsbirds.shop\\\/wp-content\\\/uploads\\\/2024\\\/01\\\/tropical-wings-1.webp\",\"contentUrl\":\"https:\\\/\\\/tropicalwingsbirds.shop\\\/wp-content\\\/uploads\\\/2024\\\/01\\\/tropical-wings-1.webp\",\"width\":500,\"height\":500,\"caption\":\"Tropical Wings Birds Shop\"}]}<\/script>\n<meta property=\"product:price:currency\" content=\"USD\" \/>\n<meta property=\"og:availability\" content=\"instock\" \/>\n<meta property=\"product:availability\" content=\"instock\" \/>\n<meta property=\"product:condition\" content=\"new\" \/>\n<meta name=\"geo.placename\" content=\"Redding\" \/>\n<meta name=\"geo.position\" content=\"40.5976725;-122.3716346\" \/>\n<meta name=\"geo.region\" content=\"Vereinigte Staaten von Amerika\" \/>\n<!-- \/ Yoast SEO Premium plugin. -->","yoast_head_json":{"title":"Buy Baby Lutino Alexandrine Parrot | Tropical Wings Birds","description":"Buy a baby lutino alexandrine parrot from a trusted breeder. Hand-fed, health-certified, closed-leg-ringed with full documentation. Worldwide shipping...","robots":{"index":"index","follow":"follow","max-snippet":"max-snippet:-1","max-image-preview":"max-image-preview:large","max-video-preview":"max-video-preview:-1"},"canonical":"https:\/\/tropicalwingsbirds.shop\/de\/geschaft\/baby-lutino-alexandrinerpapagei\/","og_locale":"de_DE","og_type":"article","og_title":"Baby Lutino Alexandrine Parrot","og_description":"Buy a baby lutino alexandrine parrot from a trusted breeder. Hand-fed, health-certified, closed-leg-ringed with full documentation. Worldwide shipping...","og_url":"https:\/\/tropicalwingsbirds.shop\/de\/geschaft\/baby-lutino-alexandrinerpapagei\/","og_site_name":"Tropical Wings Birds","article_publisher":"https:\/\/web.facebook.com\/profile.php?id=61551502767851&mibextid=2JQ9oc&_rdc=1&_rdr","article_modified_time":"2026-04-17T22:03:40+00:00","og_image":[{"width":944,"height":859,"url":"https:\/\/tropicalwingsbirds.shop\/wp-content\/uploads\/2023\/12\/A38299394_289084375216149_1085118565301878784_n.jpg","type":"image\/jpeg"}],"twitter_card":"summary_large_image","twitter_misc":{"Preis":"","Verf\u00fcgbarkeit":"Auf Lager"},"schema":{"@context":"https:\/\/schema.org","@graph":[{"@type":"WebPage","@id":"https:\/\/tropicalwingsbirds.shop\/shop\/baby-lutino-alexandrine-parrot\/","url":"https:\/\/tropicalwingsbirds.shop\/shop\/baby-lutino-alexandrine-parrot\/","name":"Buy Baby Lutino Alexandrine Parrot | Tropical Wings Birds","isPartOf":{"@id":"https:\/\/tropicalwingsbirds.shop\/#website"},"primaryImageOfPage":{"@id":"https:\/\/tropicalwingsbirds.shop\/shop\/baby-lutino-alexandrine-parrot\/#primaryimage"},"image":{"@id":"https:\/\/tropicalwingsbirds.shop\/shop\/baby-lutino-alexandrine-parrot\/#primaryimage"},"thumbnailUrl":"https:\/\/tropicalwingsbirds.shop\/wp-content\/uploads\/2023\/12\/A38299394_289084375216149_1085118565301878784_n.jpg","datePublished":"2023-12-03T14:18:02+00:00","dateModified":"2026-04-17T22:03:40+00:00","description":"Buy a baby lutino alexandrine parrot from a trusted breeder. Hand-fed, health-certified, closed-leg-ringed with full documentation. Worldwide shipping...","breadcrumb":{"@id":"https:\/\/tropicalwingsbirds.shop\/shop\/baby-lutino-alexandrine-parrot\/#breadcrumb"},"inLanguage":"de","potentialAction":[{"@type":"ReadAction","target":["https:\/\/tropicalwingsbirds.shop\/shop\/baby-lutino-alexandrine-parrot\/"]}]},{"@type":"ImageObject","inLanguage":"de","@id":"https:\/\/tropicalwingsbirds.shop\/shop\/baby-lutino-alexandrine-parrot\/#primaryimage","url":"https:\/\/tropicalwingsbirds.shop\/wp-content\/uploads\/2023\/12\/A38299394_289084375216149_1085118565301878784_n.jpg","contentUrl":"https:\/\/tropicalwingsbirds.shop\/wp-content\/uploads\/2023\/12\/A38299394_289084375216149_1085118565301878784_n.jpg","width":944,"height":859},{"@type":"BreadcrumbList","@id":"https:\/\/tropicalwingsbirds.shop\/shop\/baby-lutino-alexandrine-parrot\/#breadcrumb","itemListElement":[{"@type":"ListItem","position":1,"name":"Home","item":"https:\/\/tropicalwingsbirds.shop\/"},{"@type":"ListItem","position":2,"name":"Shop","item":"https:\/\/tropicalwingsbirds.shop\/shop\/"},{"@type":"ListItem","position":3,"name":"Baby Lutino Alexandrine Parrot"}]},{"@type":"WebSite","@id":"https:\/\/tropicalwingsbirds.shop\/#website","url":"https:\/\/tropicalwingsbirds.shop\/","name":"Tropische Fl\u00fcgelv\u00f6gel","description":"Die besten Z\u00fcchter exotischer V\u00f6gel online","publisher":{"@id":"https:\/\/tropicalwingsbirds.shop\/#organization"},"potentialAction":[{"@type":"SearchAction","target":{"@type":"EntryPoint","urlTemplate":"https:\/\/tropicalwingsbirds.shop\/?s={search_term_string}"},"query-input":{"@type":"PropertyValueSpecification","valueRequired":true,"valueName":"search_term_string"}}],"inLanguage":"de"},{"@type":["Organization","Place","PetStore"],"@id":"https:\/\/tropicalwingsbirds.shop\/#organization","name":"Tropical Wings Birds Shop","alternateName":"TPWB","url":"https:\/\/tropicalwingsbirds.shop\/","logo":{"@id":"https:\/\/tropicalwingsbirds.shop\/shop\/baby-lutino-alexandrine-parrot\/#local-main-organization-logo"},"image":{"@id":"https:\/\/tropicalwingsbirds.shop\/shop\/baby-lutino-alexandrine-parrot\/#local-main-organization-logo"},"sameAs":["https:\/\/web.facebook.com\/profile.php?id=61551502767851&mibextid=2JQ9oc&_rdc=1&_rdr"],"description":"Tropical Wings Birds ist Ihre Adresse f\u00fcr exotische Vogelbegleitung. Unsere Boutique-Voliere in den USA bietet eine kuratierte Auswahl an farbenfrohen tropischen V\u00f6geln von renommierten Z\u00fcchtern weltweit. Mit Fokus auf Wohlbefinden und Expertise begleitet Sie unser engagiertes Team auf Ihrer Suche nach dem perfekten gefiederten Freund. Besuchen Sie uns noch heute und erleben Sie die Magie der Vogelbegleitung bei Tropical Wings Birds.","legalName":"Tropical Wings Birds","foundingDate":"2019-02-14","numberOfEmployees":{"@type":"QuantitativeValue","minValue":"1","maxValue":"10"},"address":{"@id":"https:\/\/tropicalwingsbirds.shop\/shop\/baby-lutino-alexandrine-parrot\/#local-main-place-address"},"geo":{"@type":"GeoCoordinates","latitude":"40.5976725","longitude":"-122.3716346"},"telephone":["+1 707-733-4623","+1 707-733-4623"],"contactPoint":{"@type":"ContactPoint","telephone":"+1 707-733-4623","email":"sales@tropicalwingsbirds.shop"},"openingHoursSpecification":{"@type":"OpeningHoursSpecification","dayOfWeek":["Monday","Tuesday","Wednesday","Thursday","Friday","Saturday","Sunday"],"opens":"00:00","closes":"23:59"},"email":"sales@tropicalwingsbirds.shop","faxNumber":"+1 707-733-4623","areaServed":"United states, Porto Rico, Canada, Australia","priceRange":"$","currenciesAccepted":"USD, CAD, AUD,","paymentAccepted":"Zelle, Paypal, Bitcoin, Apple pay, Credit cards, Bank transfers"},{"@type":"PostalAddress","@id":"https:\/\/tropicalwingsbirds.shop\/shop\/baby-lutino-alexandrine-parrot\/#local-main-place-address","streetAddress":"500 Hilltop Dr,","addressLocality":"Redding","postalCode":"96003","addressRegion":"California","addressCountry":"US"},{"@type":"ImageObject","inLanguage":"de","@id":"https:\/\/tropicalwingsbirds.shop\/shop\/baby-lutino-alexandrine-parrot\/#local-main-organization-logo","url":"https:\/\/tropicalwingsbirds.shop\/wp-content\/uploads\/2024\/01\/tropical-wings-1.webp","contentUrl":"https:\/\/tropicalwingsbirds.shop\/wp-content\/uploads\/2024\/01\/tropical-wings-1.webp","width":500,"height":500,"caption":"Tropical Wings Birds Shop"}]},"product_price_currency":"USD","og_availability":"instock","product_availability":"instock","product_condition":"new","geo.placename":"Redding","geo.position":{"lat":"40.5976725","long":"-122.3716346"},"geo.region":"Vereinigte Staaten von Amerika"},"jetpack_sharing_enabled":true,"_links":{"self":[{"href":"https:\/\/tropicalwingsbirds.shop\/de\/wp-json\/wp\/v2\/product\/736","targetHints":{"allow":["GET"]}}],"collection":[{"href":"https:\/\/tropicalwingsbirds.shop\/de\/wp-json\/wp\/v2\/product"}],"about":[{"href":"https:\/\/tropicalwingsbirds.shop\/de\/wp-json\/wp\/v2\/types\/product"}],"replies":[{"embeddable":true,"href":"https:\/\/tropicalwingsbirds.shop\/de\/wp-json\/wp\/v2\/comments?post=736"}],"wp:featuredmedia":[{"embeddable":true,"href":"https:\/\/tropicalwingsbirds.shop\/de\/wp-json\/wp\/v2\/media\/782"}],"wp:attachment":[{"href":"https:\/\/tropicalwingsbirds.shop\/de\/wp-json\/wp\/v2\/media?parent=736"}],"wp:term":[{"taxonomy":"product_brand","embeddable":true,"href":"https:\/\/tropicalwingsbirds.shop\/de\/wp-json\/wp\/v2\/product_brand?post=736"},{"taxonomy":"product_cat","embeddable":true,"href":"https:\/\/tropicalwingsbirds.shop\/de\/wp-json\/wp\/v2\/product_cat?post=736"},{"taxonomy":"product_tag","embeddable":true,"href":"https:\/\/tropicalwingsbirds.shop\/de\/wp-json\/wp\/v2\/product_tag?post=736"}],"curies":[{"name":"wp","href":"https:\/\/api.w.org\/{rel}","templated":true}]}}