{"id":955,"date":"2023-12-03T14:34:29","date_gmt":"2023-12-03T14:34:29","guid":{"rendered":"https:\/\/tropicalwingsbirds.shop\/?post_type=product&#038;p=955"},"modified":"2023-12-03T14:42:42","modified_gmt":"2023-12-03T14:42:42","slug":"r-com-rcom-vogel-brutapparat-kinderzimmer-intensivstation-mx-bs-500","status":"publish","type":"product","link":"https:\/\/tropicalwingsbirds.shop\/de\/geschaft\/r-com-rcom-vogel-brutapparat-kinderzimmer-intensivstation-mx-bs-500\/","title":{"rendered":"R-com Rcom Vogel Brutapparat f\u00fcr V\u00f6gel, Intensivstation, Mx-bs 500"},"content":{"rendered":"<h1>R-COM Medium Bird-Brooder Nursery online kaufen<\/h1>\n<p>R-COM Mittlerer Vogelbrutkasten <a href=\"https:\/\/birdmanspetsource.com\/product\/blue-fronted-amazons\/\">Kindergarten<\/a>, <b>Aufgrund der gestiegenen Nachfrage ist die Produktauswahl f\u00fcr Ihre Region vor\u00fcbergehend reduziert. Wir arbeiten daran, die Auswahl schnellstm\u00f6glich zu verbessern. <\/b>R-Com Brutapparat f\u00fcr Zimmerv\u00f6gel\/Kleintiere MX-BS500 DIGITALER GROSSER BRUTapparat F\u00dcR KINDERGARTEN UND INTENSIVKAMMER Die R-COM Brutapparate\/Intensivstation werden vom Marktf\u00fchrer f\u00fcr digitale Brutapparate hergestellt und sind ein Muss f\u00fcr jeden Vogelz\u00fcchter, der seine K\u00fcken in einem hochmodernen Brutapparat h\u00e4lt. R-COM Mittelgro\u00dfer Brutapparat f\u00fcr V\u00f6gel<a href=\"https:\/\/en.wikipedia.org\/wiki\/Broodiness\">Brutkasten<\/a>.<\/p>\n<h2 class=\"default\">Produktbeschreibung<\/h2>\n<div id=\"productDescription\" class=\"a-section a-spacing-small\">\n<p>R-COM DIGITALER GROSSER BRUTKASTEN F\u00dcR KINDERGARTEN MX-BS500 ICU-EINHEIT Der R-COM Vogelbrutkasten \/ die ICU-Einheit vom Marktf\u00fchrer f\u00fcr digitale Brutk\u00e4sten ist ein Muss f\u00fcr jeden Vogelz\u00fcchter, der seine K\u00fcken in einem hochmodernen Brutkasten h\u00e4lt. Mit diesem Ger\u00e4t k\u00f6nnen Sie selbst Ihre empfindlichsten Arten leichter und erfolgreicher aufziehen. Ob Sie nun Babys vom ersten Tag an aufziehen oder eine ICU-Einheit ben\u00f6tigen, dieser Brutkasten kann alles. Automatische Temperaturregelung, Feuchtigkeitskontrolle, Anionenzufuhr, gro\u00dfe Schale f\u00fcr kleine bis gr\u00f6\u00dfere Arten. Leicht verst\u00e4ndliche Steuerung durch einen der modernsten und fortschrittlichsten Vogelbrutk\u00e4sten auf dem Markt. Nur ein so innovatives Unternehmen wie R-com kann Ihnen dieses hervorragende Ger\u00e4t anbieten. HAUPTFUNKTION: Innovative Verbesserung von Stabilit\u00e4t und Haltbarkeit mit einem zentralen Heizsystem unter Verwendung eines PTC-Speicherelements aus einem Heizsystem mit Kohlenstoffschicht. Eingebauter Antibiotikafilter \/ Desodorierungsfilter f\u00fcr Au\u00dfenluft. Eingebaute Anionen-Aktivierungsfunktion. Wasserpumpe zur Befeuchtung enthalten. Reduziert bis zu 40% Stromverbrauch im Vergleich zu bestehenden Produkten. EINFACHE FUNKTION: Automatische Temperatur-\/Feuchtigkeitskontrolle und -einstellung. Vertiefte Brutschale f\u00fcr einfache Reinigung. 10-stufige Dimmervorrichtung zur Steuerung der Innenbeleuchtung. Dreht\u00fcr. PTC-beheiztes Befeuchtungssystem t\u00f6tet Keime. Reduziert L\u00fcfterger\u00e4usche im Inneren von Brutapparaten und sorgt f\u00fcr eine angenehmere Umgebung (69 dB). WEITERE FUNKTION: BLDC-L\u00fcfter f\u00fcr optimale Kontrolle der inneren Bedingungen. Elegantes Au\u00dfendesign und optimale Innenraumverteilung. Alarmfunktion bei abnormaler Temperatur. GR\u00d6SSE: Dies ist der mittelgro\u00dfe R-Com Brutapparat mit den Ma\u00dfen 25 3\/4 Zoll Breite x 18,5 Zoll von vorne nach hinten x 17 1\/3 Zoll H\u00f6he<\/p>\n<\/p><\/div>\n<p>&nbsp;<\/p>","protected":false},"excerpt":{"rendered":"<p>VOLLAUTOMATISCHE Luftfeuchtigkeits- und Temperaturregelung mit 1 Jahr Garantie<br \/> GTIN: 0738283665936<br \/> MARKE: Rcom<br \/> MPN: MXBS500, H20A218M10<br \/> UPC: 0738283665936<br \/> Modell: Max Pro USB 20<br \/> Typ: Digitale Inkubatoren<\/p>","protected":false},"featured_media":1042,"comment_status":"closed","ping_status":"closed","template":"","meta":{"site-sidebar-layout":"default","site-content-layout":"","ast-site-content-layout":"default","site-content-style":"default","site-sidebar-style":"default","ast-global-header-display":"","ast-banner-title-visibility":"","ast-main-header-display":"","ast-hfb-above-header-display":"","ast-hfb-below-header-display":"","ast-hfb-mobile-header-display":"","site-post-title":"","ast-breadcrumbs-content":"","ast-featured-img":"","footer-sml-layout":"","theme-transparent-header-meta":"","adv-header-id-meta":"","stick-header-meta":"","header-above-stick-meta":"","header-main-stick-meta":"","header-below-stick-meta":"","astra-migrate-meta-layouts":"default","ast-page-background-enabled":"default","ast-page-background-meta":{"desktop":{"background-color":"var(--ast-global-color-4)","background-image":"","background-repeat":"repeat","background-position":"center center","background-size":"auto","background-attachment":"scroll","background-type":"","background-media":"","overlay-type":"","overlay-color":"","overlay-opacity":"","overlay-gradient":""},"tablet":{"background-color":"","background-image":"","background-repeat":"repeat","background-position":"center center","background-size":"auto","background-attachment":"scroll","background-type":"","background-media":"","overlay-type":"","overlay-color":"","overlay-opacity":"","overlay-gradient":""},"mobile":{"background-color":"","background-image":"","background-repeat":"repeat","background-position":"center center","background-size":"auto","background-attachment":"scroll","background-type":"","background-media":"","overlay-type":"","overlay-color":"","overlay-opacity":"","overlay-gradient":""}},"ast-content-background-meta":{"desktop":{"background-color":"var(--ast-global-color-5)","background-image":"","background-repeat":"repeat","background-position":"center center","background-size":"auto","background-attachment":"scroll","background-type":"","background-media":"","overlay-type":"","overlay-color":"","overlay-opacity":"","overlay-gradient":""},"tablet":{"background-color":"var(--ast-global-color-5)","background-image":"","background-repeat":"repeat","background-position":"center center","background-size":"auto","background-attachment":"scroll","background-type":"","background-media":"","overlay-type":"","overlay-color":"","overlay-opacity":"","overlay-gradient":""},"mobile":{"background-color":"var(--ast-global-color-5)","background-image":"","background-repeat":"repeat","background-position":"center center","background-size":"auto","background-attachment":"scroll","background-type":"","background-media":"","overlay-type":"","overlay-color":"","overlay-opacity":"","overlay-gradient":""}}},"product_brand":[],"product_cat":[459],"product_tag":[460],"class_list":{"0":"post-955","1":"product","2":"type-product","3":"status-publish","4":"has-post-thumbnail","6":"product_cat-incubators","7":"product_tag-digital-incubators","8":"desktop-align-left","9":"tablet-align-left","10":"mobile-align-left","11":"ast-product-gallery-layout-horizontal-slider","12":"ast-product-tabs-layout-horizontal","13":"ast-qv-on-image","15":"first","16":"instock","17":"shipping-taxable","18":"product-type-simple"},"yoast_head":"<!-- This site is optimized with the Yoast SEO Premium plugin v23.2 (Yoast SEO v26.8) - https:\/\/yoast.com\/product\/yoast-seo-premium-wordpress\/ -->\n<title>R-com Rcom Bird Avian Brooder Nursery ICU Mx-bs 500 - Tropical Wings Birds<\/title>\n<meta name=\"robots\" content=\"index, follow, max-snippet:-1, max-image-preview:large, max-video-preview:-1\" \/>\n<link rel=\"canonical\" href=\"https:\/\/tropicalwingsbirds.shop\/de\/geschaft\/r-com-rcom-vogel-brutapparat-kinderzimmer-intensivstation-mx-bs-500\/\" \/>\n<meta property=\"og:locale\" content=\"de_DE\" \/>\n<meta property=\"og:type\" content=\"article\" \/>\n<meta property=\"og:title\" content=\"R-com Rcom Bird Avian Brooder Nursery ICU Mx-bs 500\" \/>\n<meta property=\"og:description\" content=\"FULLY Automatic Humidity Temperature with 1 year warranty GTIN: 0738283665936 BRAND: Rcom MPN: MXBS500, H20A218M10 UPC: 0738283665936 Model: Max Pro USB 20 Type: Digital Incubators\" \/>\n<meta property=\"og:url\" content=\"https:\/\/tropicalwingsbirds.shop\/de\/geschaft\/r-com-rcom-vogel-brutapparat-kinderzimmer-intensivstation-mx-bs-500\/\" \/>\n<meta property=\"og:site_name\" content=\"Tropical Wings Birds\" \/>\n<meta property=\"article:publisher\" content=\"https:\/\/web.facebook.com\/profile.php?id=61551502767851&amp;mibextid=2JQ9oc&amp;_rdc=1&amp;_rdr\" \/>\n<meta property=\"article:modified_time\" content=\"2023-12-03T14:42:42+00:00\" \/>\n<meta property=\"og:image\" content=\"https:\/\/tropicalwingsbirds.shop\/wp-content\/uploads\/2023\/12\/F0490934_3094093_3094809830_3094080009_30904904n.jpg\" \/>\n\t<meta property=\"og:image:width\" content=\"640\" \/>\n\t<meta property=\"og:image:height\" content=\"513\" \/>\n\t<meta property=\"og:image:type\" content=\"image\/jpeg\" \/>\n<meta name=\"twitter:card\" content=\"summary_large_image\" \/>\n<meta name=\"twitter:label1\" content=\"Preis\" \/>\n\t<meta name=\"twitter:data1\" content=\"\" \/>\n\t<meta name=\"twitter:label2\" content=\"Verf\u00fcgbarkeit\" \/>\n\t<meta name=\"twitter:data2\" content=\"Auf Lager\" \/>\n<script type=\"application\/ld+json\" class=\"yoast-schema-graph\">{\"@context\":\"https:\/\/schema.org\",\"@graph\":[{\"@type\":\"WebPage\",\"@id\":\"https:\/\/tropicalwingsbirds.shop\/shop\/r-com-rcom-bird-avian-brooder-nursery-icu-mx-bs-500\/\",\"url\":\"https:\/\/tropicalwingsbirds.shop\/shop\/r-com-rcom-bird-avian-brooder-nursery-icu-mx-bs-500\/\",\"name\":\"R-com Rcom Bird Avian Brooder Nursery ICU Mx-bs 500 - Tropical Wings Birds\",\"isPartOf\":{\"@id\":\"https:\/\/tropicalwingsbirds.shop\/#website\"},\"primaryImageOfPage\":{\"@id\":\"https:\/\/tropicalwingsbirds.shop\/shop\/r-com-rcom-bird-avian-brooder-nursery-icu-mx-bs-500\/#primaryimage\"},\"image\":{\"@id\":\"https:\/\/tropicalwingsbirds.shop\/shop\/r-com-rcom-bird-avian-brooder-nursery-icu-mx-bs-500\/#primaryimage\"},\"thumbnailUrl\":\"https:\/\/tropicalwingsbirds.shop\/wp-content\/uploads\/2023\/12\/F0490934_3094093_3094809830_3094080009_30904904n.jpg\",\"datePublished\":\"2023-12-03T14:34:29+00:00\",\"dateModified\":\"2023-12-03T14:42:42+00:00\",\"breadcrumb\":{\"@id\":\"https:\/\/tropicalwingsbirds.shop\/shop\/r-com-rcom-bird-avian-brooder-nursery-icu-mx-bs-500\/#breadcrumb\"},\"inLanguage\":\"de\",\"potentialAction\":[{\"@type\":\"ReadAction\",\"target\":[\"https:\/\/tropicalwingsbirds.shop\/shop\/r-com-rcom-bird-avian-brooder-nursery-icu-mx-bs-500\/\"]}]},{\"@type\":\"ImageObject\",\"inLanguage\":\"de\",\"@id\":\"https:\/\/tropicalwingsbirds.shop\/shop\/r-com-rcom-bird-avian-brooder-nursery-icu-mx-bs-500\/#primaryimage\",\"url\":\"https:\/\/tropicalwingsbirds.shop\/wp-content\/uploads\/2023\/12\/F0490934_3094093_3094809830_3094080009_30904904n.jpg\",\"contentUrl\":\"https:\/\/tropicalwingsbirds.shop\/wp-content\/uploads\/2023\/12\/F0490934_3094093_3094809830_3094080009_30904904n.jpg\",\"width\":640,\"height\":513},{\"@type\":\"BreadcrumbList\",\"@id\":\"https:\/\/tropicalwingsbirds.shop\/shop\/r-com-rcom-bird-avian-brooder-nursery-icu-mx-bs-500\/#breadcrumb\",\"itemListElement\":[{\"@type\":\"ListItem\",\"position\":1,\"name\":\"Home\",\"item\":\"https:\/\/tropicalwingsbirds.shop\/\"},{\"@type\":\"ListItem\",\"position\":2,\"name\":\"Shop\",\"item\":\"https:\/\/tropicalwingsbirds.shop\/shop\/\"},{\"@type\":\"ListItem\",\"position\":3,\"name\":\"R-com Rcom Bird Avian Brooder Nursery ICU Mx-bs 500\"}]},{\"@type\":\"WebSite\",\"@id\":\"https:\/\/tropicalwingsbirds.shop\/#website\",\"url\":\"https:\/\/tropicalwingsbirds.shop\/\",\"name\":\"Tropical Wings Birds\",\"description\":\"Best Exotic birds breeders online\",\"publisher\":{\"@id\":\"https:\/\/tropicalwingsbirds.shop\/#organization\"},\"potentialAction\":[{\"@type\":\"SearchAction\",\"target\":{\"@type\":\"EntryPoint\",\"urlTemplate\":\"https:\/\/tropicalwingsbirds.shop\/?s={search_term_string}\"},\"query-input\":{\"@type\":\"PropertyValueSpecification\",\"valueRequired\":true,\"valueName\":\"search_term_string\"}}],\"inLanguage\":\"de\"},{\"@type\":[\"Organization\",\"Place\",\"PetStore\"],\"@id\":\"https:\/\/tropicalwingsbirds.shop\/#organization\",\"name\":\"Tropical Wings Birds Shop\",\"alternateName\":\"TPWB\",\"url\":\"https:\/\/tropicalwingsbirds.shop\/\",\"logo\":{\"@id\":\"https:\/\/tropicalwingsbirds.shop\/shop\/r-com-rcom-bird-avian-brooder-nursery-icu-mx-bs-500\/#local-main-organization-logo\"},\"image\":{\"@id\":\"https:\/\/tropicalwingsbirds.shop\/shop\/r-com-rcom-bird-avian-brooder-nursery-icu-mx-bs-500\/#local-main-organization-logo\"},\"sameAs\":[\"https:\/\/web.facebook.com\/profile.php?id=61551502767851&mibextid=2JQ9oc&_rdc=1&_rdr\"],\"description\":\"Tropical Wings Birds is your destination for exotic avian companionship. Our boutique aviary in United States offers a curated selection of vibrant tropical birds sourced from reputable breeders worldwide. With a focus on welfare and expertise, our dedicated team is here to guide you on your journey to finding the perfect feathered friend. Visit us today and experience the magic of avian companionship at Tropical Wings Birds.\",\"legalName\":\"Tropical Wings Birds\",\"foundingDate\":\"2019-02-14\",\"numberOfEmployees\":{\"@type\":\"QuantitativeValue\",\"minValue\":\"1\",\"maxValue\":\"10\"},\"address\":{\"@id\":\"https:\/\/tropicalwingsbirds.shop\/shop\/r-com-rcom-bird-avian-brooder-nursery-icu-mx-bs-500\/#local-main-place-address\"},\"geo\":{\"@type\":\"GeoCoordinates\",\"latitude\":\"40.5976725\",\"longitude\":\"-122.3716346\"},\"telephone\":[\"+1 707-733-4623\",\"+1 707-733-4623\"],\"contactPoint\":{\"@type\":\"ContactPoint\",\"telephone\":\"+1 707-733-4623\",\"email\":\"sales@tropicalwingsbirds.shop\"},\"openingHoursSpecification\":{\"@type\":\"OpeningHoursSpecification\",\"dayOfWeek\":[\"Monday\",\"Tuesday\",\"Wednesday\",\"Thursday\",\"Friday\",\"Saturday\",\"Sunday\"],\"opens\":\"00:00\",\"closes\":\"23:59\"},\"email\":\"sales@tropicalwingsbirds.shop\",\"faxNumber\":\"+1 707-733-4623\",\"areaServed\":\"United states, Porto Rico, Canada, Australia\",\"priceRange\":\"$\",\"currenciesAccepted\":\"USD, CAD, AUD,\",\"paymentAccepted\":\"Zelle, Paypal, Bitcoin, Apple pay, Credit cards, Bank transfers\"},{\"@type\":\"PostalAddress\",\"@id\":\"https:\/\/tropicalwingsbirds.shop\/shop\/r-com-rcom-bird-avian-brooder-nursery-icu-mx-bs-500\/#local-main-place-address\",\"streetAddress\":\"500 Hilltop Dr,\",\"addressLocality\":\"Redding\",\"postalCode\":\"96003\",\"addressRegion\":\"California\",\"addressCountry\":\"US\"},{\"@type\":\"ImageObject\",\"inLanguage\":\"de\",\"@id\":\"https:\/\/tropicalwingsbirds.shop\/shop\/r-com-rcom-bird-avian-brooder-nursery-icu-mx-bs-500\/#local-main-organization-logo\",\"url\":\"https:\/\/tropicalwingsbirds.shop\/wp-content\/uploads\/2024\/01\/tropical-wings-1.webp\",\"contentUrl\":\"https:\/\/tropicalwingsbirds.shop\/wp-content\/uploads\/2024\/01\/tropical-wings-1.webp\",\"width\":500,\"height\":500,\"caption\":\"Tropical Wings Birds Shop\"}]}<\/script>\n<meta property=\"product:price:currency\" content=\"USD\" \/>\n<meta property=\"og:availability\" content=\"instock\" \/>\n<meta property=\"product:availability\" content=\"instock\" \/>\n<meta property=\"product:condition\" content=\"new\" \/>\n<meta name=\"geo.placename\" content=\"Redding\" \/>\n<meta name=\"geo.position\" content=\"40.5976725;-122.3716346\" \/>\n<meta name=\"geo.region\" content=\"Vereinigte Staaten von Amerika\" \/>\n<!-- \/ Yoast SEO Premium plugin. -->","yoast_head_json":{"title":"R-com Rcom Vogelbrutkasten Intensivstation Mx-bs 500 - Tropical Wings Birds","robots":{"index":"index","follow":"follow","max-snippet":"max-snippet:-1","max-image-preview":"max-image-preview:large","max-video-preview":"max-video-preview:-1"},"canonical":"https:\/\/tropicalwingsbirds.shop\/de\/geschaft\/r-com-rcom-vogel-brutapparat-kinderzimmer-intensivstation-mx-bs-500\/","og_locale":"de_DE","og_type":"article","og_title":"R-com Rcom Bird Avian Brooder Nursery ICU Mx-bs 500","og_description":"FULLY Automatic Humidity Temperature with 1 year warranty GTIN: 0738283665936 BRAND: Rcom MPN: MXBS500, H20A218M10 UPC: 0738283665936 Model: Max Pro USB 20 Type: Digital Incubators","og_url":"https:\/\/tropicalwingsbirds.shop\/de\/geschaft\/r-com-rcom-vogel-brutapparat-kinderzimmer-intensivstation-mx-bs-500\/","og_site_name":"Tropical Wings Birds","article_publisher":"https:\/\/web.facebook.com\/profile.php?id=61551502767851&mibextid=2JQ9oc&_rdc=1&_rdr","article_modified_time":"2023-12-03T14:42:42+00:00","og_image":[{"width":640,"height":513,"url":"https:\/\/tropicalwingsbirds.shop\/wp-content\/uploads\/2023\/12\/F0490934_3094093_3094809830_3094080009_30904904n.jpg","type":"image\/jpeg"}],"twitter_card":"summary_large_image","twitter_misc":{"Preis":"","Verf\u00fcgbarkeit":"Auf Lager"},"schema":{"@context":"https:\/\/schema.org","@graph":[{"@type":"WebPage","@id":"https:\/\/tropicalwingsbirds.shop\/shop\/r-com-rcom-bird-avian-brooder-nursery-icu-mx-bs-500\/","url":"https:\/\/tropicalwingsbirds.shop\/shop\/r-com-rcom-bird-avian-brooder-nursery-icu-mx-bs-500\/","name":"R-com Rcom Vogelbrutkasten Intensivstation Mx-bs 500 - Tropical Wings Birds","isPartOf":{"@id":"https:\/\/tropicalwingsbirds.shop\/#website"},"primaryImageOfPage":{"@id":"https:\/\/tropicalwingsbirds.shop\/shop\/r-com-rcom-bird-avian-brooder-nursery-icu-mx-bs-500\/#primaryimage"},"image":{"@id":"https:\/\/tropicalwingsbirds.shop\/shop\/r-com-rcom-bird-avian-brooder-nursery-icu-mx-bs-500\/#primaryimage"},"thumbnailUrl":"https:\/\/tropicalwingsbirds.shop\/wp-content\/uploads\/2023\/12\/F0490934_3094093_3094809830_3094080009_30904904n.jpg","datePublished":"2023-12-03T14:34:29+00:00","dateModified":"2023-12-03T14:42:42+00:00","breadcrumb":{"@id":"https:\/\/tropicalwingsbirds.shop\/shop\/r-com-rcom-bird-avian-brooder-nursery-icu-mx-bs-500\/#breadcrumb"},"inLanguage":"de","potentialAction":[{"@type":"ReadAction","target":["https:\/\/tropicalwingsbirds.shop\/shop\/r-com-rcom-bird-avian-brooder-nursery-icu-mx-bs-500\/"]}]},{"@type":"ImageObject","inLanguage":"de","@id":"https:\/\/tropicalwingsbirds.shop\/shop\/r-com-rcom-bird-avian-brooder-nursery-icu-mx-bs-500\/#primaryimage","url":"https:\/\/tropicalwingsbirds.shop\/wp-content\/uploads\/2023\/12\/F0490934_3094093_3094809830_3094080009_30904904n.jpg","contentUrl":"https:\/\/tropicalwingsbirds.shop\/wp-content\/uploads\/2023\/12\/F0490934_3094093_3094809830_3094080009_30904904n.jpg","width":640,"height":513},{"@type":"BreadcrumbList","@id":"https:\/\/tropicalwingsbirds.shop\/shop\/r-com-rcom-bird-avian-brooder-nursery-icu-mx-bs-500\/#breadcrumb","itemListElement":[{"@type":"ListItem","position":1,"name":"Home","item":"https:\/\/tropicalwingsbirds.shop\/"},{"@type":"ListItem","position":2,"name":"Shop","item":"https:\/\/tropicalwingsbirds.shop\/shop\/"},{"@type":"ListItem","position":3,"name":"R-com Rcom Bird Avian Brooder Nursery ICU Mx-bs 500"}]},{"@type":"WebSite","@id":"https:\/\/tropicalwingsbirds.shop\/#website","url":"https:\/\/tropicalwingsbirds.shop\/","name":"Tropische Fl\u00fcgelv\u00f6gel","description":"Die besten Z\u00fcchter exotischer V\u00f6gel online","publisher":{"@id":"https:\/\/tropicalwingsbirds.shop\/#organization"},"potentialAction":[{"@type":"SearchAction","target":{"@type":"EntryPoint","urlTemplate":"https:\/\/tropicalwingsbirds.shop\/?s={search_term_string}"},"query-input":{"@type":"PropertyValueSpecification","valueRequired":true,"valueName":"search_term_string"}}],"inLanguage":"de"},{"@type":["Organization","Place","PetStore"],"@id":"https:\/\/tropicalwingsbirds.shop\/#organization","name":"Tropical Wings Birds Shop","alternateName":"TPWB","url":"https:\/\/tropicalwingsbirds.shop\/","logo":{"@id":"https:\/\/tropicalwingsbirds.shop\/shop\/r-com-rcom-bird-avian-brooder-nursery-icu-mx-bs-500\/#local-main-organization-logo"},"image":{"@id":"https:\/\/tropicalwingsbirds.shop\/shop\/r-com-rcom-bird-avian-brooder-nursery-icu-mx-bs-500\/#local-main-organization-logo"},"sameAs":["https:\/\/web.facebook.com\/profile.php?id=61551502767851&mibextid=2JQ9oc&_rdc=1&_rdr"],"description":"Tropical Wings Birds ist Ihre Adresse f\u00fcr exotische Vogelbegleitung. Unsere Boutique-Voliere in den USA bietet eine kuratierte Auswahl an farbenfrohen tropischen V\u00f6geln von renommierten Z\u00fcchtern weltweit. Mit Fokus auf Wohlbefinden und Expertise begleitet Sie unser engagiertes Team auf Ihrer Suche nach dem perfekten gefiederten Freund. Besuchen Sie uns noch heute und erleben Sie die Magie der Vogelbegleitung bei Tropical Wings Birds.","legalName":"Tropical Wings Birds","foundingDate":"2019-02-14","numberOfEmployees":{"@type":"QuantitativeValue","minValue":"1","maxValue":"10"},"address":{"@id":"https:\/\/tropicalwingsbirds.shop\/shop\/r-com-rcom-bird-avian-brooder-nursery-icu-mx-bs-500\/#local-main-place-address"},"geo":{"@type":"GeoCoordinates","latitude":"40.5976725","longitude":"-122.3716346"},"telephone":["+1 707-733-4623","+1 707-733-4623"],"contactPoint":{"@type":"ContactPoint","telephone":"+1 707-733-4623","email":"sales@tropicalwingsbirds.shop"},"openingHoursSpecification":{"@type":"OpeningHoursSpecification","dayOfWeek":["Monday","Tuesday","Wednesday","Thursday","Friday","Saturday","Sunday"],"opens":"00:00","closes":"23:59"},"email":"sales@tropicalwingsbirds.shop","faxNumber":"+1 707-733-4623","areaServed":"United states, Porto Rico, Canada, Australia","priceRange":"$","currenciesAccepted":"USD, CAD, AUD,","paymentAccepted":"Zelle, Paypal, Bitcoin, Apple pay, Credit cards, Bank transfers"},{"@type":"PostalAddress","@id":"https:\/\/tropicalwingsbirds.shop\/shop\/r-com-rcom-bird-avian-brooder-nursery-icu-mx-bs-500\/#local-main-place-address","streetAddress":"500 Hilltop Dr,","addressLocality":"Redding","postalCode":"96003","addressRegion":"California","addressCountry":"US"},{"@type":"ImageObject","inLanguage":"de","@id":"https:\/\/tropicalwingsbirds.shop\/shop\/r-com-rcom-bird-avian-brooder-nursery-icu-mx-bs-500\/#local-main-organization-logo","url":"https:\/\/tropicalwingsbirds.shop\/wp-content\/uploads\/2024\/01\/tropical-wings-1.webp","contentUrl":"https:\/\/tropicalwingsbirds.shop\/wp-content\/uploads\/2024\/01\/tropical-wings-1.webp","width":500,"height":500,"caption":"Tropical Wings Birds Shop"}]},"product_price_currency":"USD","og_availability":"instock","product_availability":"instock","product_condition":"new","geo.placename":"Redding","geo.position":{"lat":"40.5976725","long":"-122.3716346"},"geo.region":"Vereinigte Staaten von Amerika"},"_links":{"self":[{"href":"https:\/\/tropicalwingsbirds.shop\/de\/wp-json\/wp\/v2\/product\/955","targetHints":{"allow":["GET"]}}],"collection":[{"href":"https:\/\/tropicalwingsbirds.shop\/de\/wp-json\/wp\/v2\/product"}],"about":[{"href":"https:\/\/tropicalwingsbirds.shop\/de\/wp-json\/wp\/v2\/types\/product"}],"replies":[{"embeddable":true,"href":"https:\/\/tropicalwingsbirds.shop\/de\/wp-json\/wp\/v2\/comments?post=955"}],"wp:featuredmedia":[{"embeddable":true,"href":"https:\/\/tropicalwingsbirds.shop\/de\/wp-json\/wp\/v2\/media\/1042"}],"wp:attachment":[{"href":"https:\/\/tropicalwingsbirds.shop\/de\/wp-json\/wp\/v2\/media?parent=955"}],"wp:term":[{"taxonomy":"product_brand","embeddable":true,"href":"https:\/\/tropicalwingsbirds.shop\/de\/wp-json\/wp\/v2\/product_brand?post=955"},{"taxonomy":"product_cat","embeddable":true,"href":"https:\/\/tropicalwingsbirds.shop\/de\/wp-json\/wp\/v2\/product_cat?post=955"},{"taxonomy":"product_tag","embeddable":true,"href":"https:\/\/tropicalwingsbirds.shop\/de\/wp-json\/wp\/v2\/product_tag?post=955"}],"curies":[{"name":"wp","href":"https:\/\/api.w.org\/{rel}","templated":true}]}}