{"id":1428,"date":"2023-12-07T14:11:10","date_gmt":"2023-12-07T14:11:10","guid":{"rendered":"https:\/\/tropicalwingsbirds.shop\/?post_type=product&#038;p=1428"},"modified":"2026-04-17T22:04:02","modified_gmt":"2026-04-17T22:04:02","slug":"brinsea-tlc-30-advance-brutapparat-intensivstation-fur-junge-kranke-oder-verletzte-vogel-kleintiere-online-kaufen","status":"publish","type":"product","link":"https:\/\/tropicalwingsbirds.shop\/de_ch\/geschaft\/brinsea-tlc-30-advance-brutapparat-intensivstation-fur-junge-kranke-oder-verletzte-vogel-kleintiere-online-kaufen\/","title":{"rendered":"Brinsea TLC-30 Advance Brooder Intensivstation f\u00fcr junge, kranke oder verletzte V\u00f6gel und Kleintiere online kaufen"},"content":{"rendered":"<p>Der robuste, effiziente, leicht zu reinigende, tragbare und schnell aufzubauende BR In Sea TLC-30 Advance Brooder Intensivpflege-Inkubator ist ideal f\u00fcr frisch geschl\u00fcpfte exotische K\u00fcken sowie kranke, verletzte oder verwaiste V\u00f6gel und kleine S\u00e4ugetiere.<br \/> Das Ger\u00e4t eignet sich f\u00fcr die Rettung von Wildtieren oder die Haustierzucht, wo Tragbarkeit und einfache Reinigung wichtige Vorteile sind. Dieses Mehrzweckger\u00e4t wird aus Sicherheitsgr\u00fcnden mit 12 Volt betrieben und kann \u00fcber das mitgelieferte Netzteil oder einen separat erh\u00e4ltlichen Zigarettenanz\u00fcnderadapter mit Strom versorgt werden.<br \/> Das digitale Steuerungssystem des TLC-30 Advance zeigt die Temperatur wahlweise in \u00b0C oder \u00b0F an und verf\u00fcgt \u00fcber Temperatur- und Stromausfallalarme. Die Temperatur l\u00e4sst sich \u00fcber die men\u00fcgesteuerte digitale Steuerung zwischen Raumtemperatur und 38 \u00b0C (100 \u00b0F) einstellen. Die Temperaturstabilit\u00e4t wird durch einen kleinen, langsam laufenden Ventilator gew\u00e4hrleistet, um L\u00e4rm und St\u00f6rungen f\u00fcr die Tiere zu minimieren.<br \/> Die einstellbare Bel\u00fcftung erm\u00f6glicht eine ausreichende Bel\u00fcftung in warmen R\u00e4umen oder bei niedrigen Temperaturen, was f\u00fcr gr\u00f6\u00dfere Tiere wichtig ist. Der TLC-30 Advance ist dank eines integrierten Tragegriffs oben im Schrank tragbar und stapelbar, indem die F\u00fc\u00dfe einer Einheit in Sockeln im Schrank der darunter liegenden Einheit platziert werden.<br \/> Die durchsichtige T\u00fcr besteht aus robustem, UV-best\u00e4ndigem Polycarbonat und l\u00e4sst sich mit einer Hand schlie\u00dfen und verriegeln. Da Hygiene oberste Priorit\u00e4t hat, wurde der TLC-30 Advance sorgf\u00e4ltig entwickelt, um die Reinigung so einfach wie m\u00f6glich zu gestalten. Das ABS-Geh\u00e4use mit glatter, hochglanzpolierter Oberfl\u00e4che ist sehr leicht zu reinigen, die Klappt\u00fcr l\u00e4sst sich abnehmen, und das Arbeitsteil und die Blende lassen sich einfach ausclipsen und herausziehen (kein Werkzeug erforderlich), sodass das Geh\u00e4use f\u00fcr eine gr\u00fcndliche Reinigung leer bleibt. Um das Risiko einer Infektion oder eines Eingriffs im Meer zu verringern, werden die TLC-30-Schr\u00e4nke bereits bei der Herstellung mit dem antimikrobiellen Schutz Biomaster ausgestattet. Dies verhindert das Wachstum sch\u00e4dlicher Bakterien und tr\u00e4gt dazu bei, die optimale Umgebung f\u00fcr junge, kranke, verletzte oder schwache Tiere und V\u00f6gel zu schaffen. Wie f\u00fcr alle Produkte von Brinsea gilt f\u00fcr den Brut- und Erholungsinkubator TLC-30 Advance eine volle 3-Jahres-Garantie.<br \/> 5\/5(18 Stimmen)<\/p>","protected":false},"excerpt":{"rendered":"<p>Tough, efficient, easily cleaned, portable and quick to set up, the BR in sea TLC-30 advance brooder intensive care unit recovery incubator is ideal for newly hatched exotic chicks and sick, injured or orphaned birds and small mammals. The unit is suited to wildlife rescue or for pet breeding where portability and ease OF cleaning [&hellip;]<\/p>\n","protected":false},"featured_media":1471,"comment_status":"closed","ping_status":"closed","template":"","meta":{"site-sidebar-layout":"","site-content-layout":"","ast-site-content-layout":"","site-content-style":"","site-sidebar-style":"","ast-global-header-display":"","ast-banner-title-visibility":"","ast-main-header-display":"","ast-hfb-above-header-display":"","ast-hfb-below-header-display":"","ast-hfb-mobile-header-display":"","site-post-title":"","ast-breadcrumbs-content":"","ast-featured-img":"","footer-sml-layout":"","theme-transparent-header-meta":"","adv-header-id-meta":"","stick-header-meta":"","header-above-stick-meta":"","header-main-stick-meta":"","header-below-stick-meta":"","astra-migrate-meta-layouts":"","ast-page-background-enabled":"default","ast-page-background-meta":{"desktop":{"background-color":"var(--ast-global-color-4)","background-image":"","background-repeat":"repeat","background-position":"center center","background-size":"auto","background-attachment":"scroll","background-type":"","background-media":"","overlay-type":"","overlay-color":"","overlay-opacity":"","overlay-gradient":""},"tablet":{"background-color":"","background-image":"","background-repeat":"repeat","background-position":"center center","background-size":"auto","background-attachment":"scroll","background-type":"","background-media":"","overlay-type":"","overlay-color":"","overlay-opacity":"","overlay-gradient":""},"mobile":{"background-color":"","background-image":"","background-repeat":"repeat","background-position":"center center","background-size":"auto","background-attachment":"scroll","background-type":"","background-media":"","overlay-type":"","overlay-color":"","overlay-opacity":"","overlay-gradient":""}},"ast-content-background-meta":{"desktop":{"background-color":"var(--ast-global-color-5)","background-image":"","background-repeat":"repeat","background-position":"center center","background-size":"auto","background-attachment":"scroll","background-type":"","background-media":"","overlay-type":"","overlay-color":"","overlay-opacity":"","overlay-gradient":""},"tablet":{"background-color":"var(--ast-global-color-5)","background-image":"","background-repeat":"repeat","background-position":"center center","background-size":"auto","background-attachment":"scroll","background-type":"","background-media":"","overlay-type":"","overlay-color":"","overlay-opacity":"","overlay-gradient":""},"mobile":{"background-color":"var(--ast-global-color-5)","background-image":"","background-repeat":"repeat","background-position":"center center","background-size":"auto","background-attachment":"scroll","background-type":"","background-media":"","overlay-type":"","overlay-color":"","overlay-opacity":"","overlay-gradient":""}}},"product_brand":[],"product_cat":[485],"product_tag":[],"class_list":{"0":"post-1428","1":"product","2":"type-product","3":"status-publish","4":"has-post-thumbnail","6":"product_cat-incubators-brooders","7":"desktop-align-left","8":"tablet-align-left","9":"mobile-align-left","10":"ast-product-gallery-layout-horizontal-slider","11":"ast-product-gallery-with-no-image","12":"ast-product-tabs-layout-horizontal","13":"ast-qv-on-image","15":"first","16":"instock","17":"shipping-taxable","18":"product-type-simple"},"yoast_head":"<!-- This site is optimized with the Yoast SEO Premium plugin v23.2 (Yoast SEO v26.8) - https:\/\/yoast.com\/product\/yoast-seo-premium-wordpress\/ -->\n<title>Brinsea TLC-30 Advance Brooder Intensive | Tropical Wings<\/title>\n<meta name=\"description\" content=\"Shop the brinsea tlc-30 advance brooder intensive care unit for young, sick or injured birds &amp; small animals from Tropical Wings Birds \u2014...\" \/>\n<meta name=\"robots\" content=\"index, follow, max-snippet:-1, max-image-preview:large, max-video-preview:-1\" \/>\n<link rel=\"canonical\" href=\"https:\/\/tropicalwingsbirds.shop\/de_ch\/geschaft\/brinsea-tlc-30-advance-brutapparat-intensivstation-fur-junge-kranke-oder-verletzte-vogel-kleintiere-online-kaufen\/\" \/>\n<meta property=\"og:locale\" content=\"de_DE\" \/>\n<meta property=\"og:type\" content=\"article\" \/>\n<meta property=\"og:title\" content=\"Buy Brinsea TLC-30 Advance Brooder Intensive Care Unit for Young, Sick Or Injured Birds &#038; Small Animals Online\" \/>\n<meta property=\"og:description\" content=\"Shop the brinsea tlc-30 advance brooder intensive care unit for young, sick or injured birds &amp; small animals from Tropical Wings Birds \u2014...\" \/>\n<meta property=\"og:url\" content=\"https:\/\/tropicalwingsbirds.shop\/de_ch\/geschaft\/brinsea-tlc-30-advance-brutapparat-intensivstation-fur-junge-kranke-oder-verletzte-vogel-kleintiere-online-kaufen\/\" \/>\n<meta property=\"og:site_name\" content=\"Tropical Wings Birds\" \/>\n<meta property=\"article:publisher\" content=\"https:\/\/web.facebook.com\/profile.php?id=61551502767851&amp;mibextid=2JQ9oc&amp;_rdc=1&amp;_rdr\" \/>\n<meta property=\"article:modified_time\" content=\"2026-04-17T22:04:02+00:00\" \/>\n<meta property=\"og:image\" content=\"https:\/\/tropicalwingsbirds.shop\/wp-content\/uploads\/2023\/12\/Brinsea-TLC-30-Advance-Brooder-Intensive-Care-Unit-for-Young-Sick-Or-Injured-Birds-Small-Animals.jpg\" \/>\n\t<meta property=\"og:image:width\" content=\"600\" \/>\n\t<meta property=\"og:image:height\" content=\"600\" \/>\n\t<meta property=\"og:image:type\" content=\"image\/jpeg\" \/>\n<meta name=\"twitter:card\" content=\"summary_large_image\" \/>\n<meta name=\"twitter:label1\" content=\"Price\" \/>\n\t<meta name=\"twitter:data1\" content=\"\" \/>\n\t<meta name=\"twitter:label2\" content=\"Availability\" \/>\n\t<meta name=\"twitter:data2\" content=\"In stock\" \/>\n<script type=\"application\/ld+json\" class=\"yoast-schema-graph\">{\"@context\":\"https:\/\/schema.org\",\"@graph\":[{\"@type\":\"WebPage\",\"@id\":\"https:\/\/tropicalwingsbirds.shop\/shop\/buy-brinsea-tlc-30-advance-brooder-intensive-care-unit-for-young-sick-or-injured-birds-small-animals-online\/\",\"url\":\"https:\/\/tropicalwingsbirds.shop\/shop\/buy-brinsea-tlc-30-advance-brooder-intensive-care-unit-for-young-sick-or-injured-birds-small-animals-online\/\",\"name\":\"Brinsea TLC-30 Advance Brooder Intensive | Tropical Wings\",\"isPartOf\":{\"@id\":\"https:\/\/tropicalwingsbirds.shop\/#website\"},\"primaryImageOfPage\":{\"@id\":\"https:\/\/tropicalwingsbirds.shop\/shop\/buy-brinsea-tlc-30-advance-brooder-intensive-care-unit-for-young-sick-or-injured-birds-small-animals-online\/#primaryimage\"},\"image\":{\"@id\":\"https:\/\/tropicalwingsbirds.shop\/shop\/buy-brinsea-tlc-30-advance-brooder-intensive-care-unit-for-young-sick-or-injured-birds-small-animals-online\/#primaryimage\"},\"thumbnailUrl\":\"https:\/\/tropicalwingsbirds.shop\/wp-content\/uploads\/2023\/12\/Brinsea-TLC-30-Advance-Brooder-Intensive-Care-Unit-for-Young-Sick-Or-Injured-Birds-Small-Animals.jpg\",\"datePublished\":\"2023-12-07T14:11:10+00:00\",\"dateModified\":\"2026-04-17T22:04:02+00:00\",\"description\":\"Shop the brinsea tlc-30 advance brooder intensive care unit for young, sick or injured birds &amp; small animals from Tropical Wings Birds \u2014...\",\"breadcrumb\":{\"@id\":\"https:\/\/tropicalwingsbirds.shop\/shop\/buy-brinsea-tlc-30-advance-brooder-intensive-care-unit-for-young-sick-or-injured-birds-small-animals-online\/#breadcrumb\"},\"inLanguage\":\"de-CH\",\"potentialAction\":[{\"@type\":\"ReadAction\",\"target\":[\"https:\/\/tropicalwingsbirds.shop\/shop\/buy-brinsea-tlc-30-advance-brooder-intensive-care-unit-for-young-sick-or-injured-birds-small-animals-online\/\"]}]},{\"@type\":\"ImageObject\",\"inLanguage\":\"de-CH\",\"@id\":\"https:\/\/tropicalwingsbirds.shop\/shop\/buy-brinsea-tlc-30-advance-brooder-intensive-care-unit-for-young-sick-or-injured-birds-small-animals-online\/#primaryimage\",\"url\":\"https:\/\/tropicalwingsbirds.shop\/wp-content\/uploads\/2023\/12\/Brinsea-TLC-30-Advance-Brooder-Intensive-Care-Unit-for-Young-Sick-Or-Injured-Birds-Small-Animals.jpg\",\"contentUrl\":\"https:\/\/tropicalwingsbirds.shop\/wp-content\/uploads\/2023\/12\/Brinsea-TLC-30-Advance-Brooder-Intensive-Care-Unit-for-Young-Sick-Or-Injured-Birds-Small-Animals.jpg\",\"width\":600,\"height\":600},{\"@type\":\"BreadcrumbList\",\"@id\":\"https:\/\/tropicalwingsbirds.shop\/shop\/buy-brinsea-tlc-30-advance-brooder-intensive-care-unit-for-young-sick-or-injured-birds-small-animals-online\/#breadcrumb\",\"itemListElement\":[{\"@type\":\"ListItem\",\"position\":1,\"name\":\"Home\",\"item\":\"https:\/\/tropicalwingsbirds.shop\/\"},{\"@type\":\"ListItem\",\"position\":2,\"name\":\"Shop\",\"item\":\"https:\/\/tropicalwingsbirds.shop\/shop\/\"},{\"@type\":\"ListItem\",\"position\":3,\"name\":\"Buy Brinsea TLC-30 Advance Brooder Intensive Care Unit for Young, Sick Or Injured Birds &#038; Small Animals Online\"}]},{\"@type\":\"WebSite\",\"@id\":\"https:\/\/tropicalwingsbirds.shop\/#website\",\"url\":\"https:\/\/tropicalwingsbirds.shop\/\",\"name\":\"Tropical Wings Birds\",\"description\":\"Best Exotic birds breeders online\",\"publisher\":{\"@id\":\"https:\/\/tropicalwingsbirds.shop\/#organization\"},\"potentialAction\":[{\"@type\":\"SearchAction\",\"target\":{\"@type\":\"EntryPoint\",\"urlTemplate\":\"https:\/\/tropicalwingsbirds.shop\/?s={search_term_string}\"},\"query-input\":{\"@type\":\"PropertyValueSpecification\",\"valueRequired\":true,\"valueName\":\"search_term_string\"}}],\"inLanguage\":\"de-CH\"},{\"@type\":[\"Organization\",\"Place\",\"PetStore\"],\"@id\":\"https:\/\/tropicalwingsbirds.shop\/#organization\",\"name\":\"Tropical Wings Birds Shop\",\"alternateName\":\"TPWB\",\"url\":\"https:\/\/tropicalwingsbirds.shop\/\",\"logo\":{\"@id\":\"https:\/\/tropicalwingsbirds.shop\/shop\/buy-brinsea-tlc-30-advance-brooder-intensive-care-unit-for-young-sick-or-injured-birds-small-animals-online\/#local-main-organization-logo\"},\"image\":{\"@id\":\"https:\/\/tropicalwingsbirds.shop\/shop\/buy-brinsea-tlc-30-advance-brooder-intensive-care-unit-for-young-sick-or-injured-birds-small-animals-online\/#local-main-organization-logo\"},\"sameAs\":[\"https:\/\/web.facebook.com\/profile.php?id=61551502767851&mibextid=2JQ9oc&_rdc=1&_rdr\"],\"description\":\"Tropical Wings Birds is your destination for exotic avian companionship. Our boutique aviary in United States offers a curated selection of vibrant tropical birds sourced from reputable breeders worldwide. With a focus on welfare and expertise, our dedicated team is here to guide you on your journey to finding the perfect feathered friend. Visit us today and experience the magic of avian companionship at Tropical Wings Birds.\",\"legalName\":\"Tropical Wings Birds\",\"foundingDate\":\"2019-02-14\",\"numberOfEmployees\":{\"@type\":\"QuantitativeValue\",\"minValue\":\"1\",\"maxValue\":\"10\"},\"address\":{\"@id\":\"https:\/\/tropicalwingsbirds.shop\/shop\/buy-brinsea-tlc-30-advance-brooder-intensive-care-unit-for-young-sick-or-injured-birds-small-animals-online\/#local-main-place-address\"},\"geo\":{\"@type\":\"GeoCoordinates\",\"latitude\":\"40.5976725\",\"longitude\":\"-122.3716346\"},\"telephone\":[\"+1 707-733-4623\",\"+1 707-733-4623\"],\"contactPoint\":{\"@type\":\"ContactPoint\",\"telephone\":\"+1 707-733-4623\",\"email\":\"sales@tropicalwingsbirds.shop\"},\"openingHoursSpecification\":{\"@type\":\"OpeningHoursSpecification\",\"dayOfWeek\":[\"Monday\",\"Tuesday\",\"Wednesday\",\"Thursday\",\"Friday\",\"Saturday\",\"Sunday\"],\"opens\":\"00:00\",\"closes\":\"23:59\"},\"email\":\"sales@tropicalwingsbirds.shop\",\"faxNumber\":\"+1 707-733-4623\",\"areaServed\":\"United states, Porto Rico, Canada, Australia\",\"priceRange\":\"$\",\"currenciesAccepted\":\"USD, CAD, AUD,\",\"paymentAccepted\":\"Zelle, Paypal, Bitcoin, Apple pay, Credit cards, Bank transfers\"},{\"@type\":\"PostalAddress\",\"@id\":\"https:\/\/tropicalwingsbirds.shop\/shop\/buy-brinsea-tlc-30-advance-brooder-intensive-care-unit-for-young-sick-or-injured-birds-small-animals-online\/#local-main-place-address\",\"streetAddress\":\"500 Hilltop Dr,\",\"addressLocality\":\"Redding\",\"postalCode\":\"96003\",\"addressRegion\":\"California\",\"addressCountry\":\"US\"},{\"@type\":\"ImageObject\",\"inLanguage\":\"de-CH\",\"@id\":\"https:\/\/tropicalwingsbirds.shop\/shop\/buy-brinsea-tlc-30-advance-brooder-intensive-care-unit-for-young-sick-or-injured-birds-small-animals-online\/#local-main-organization-logo\",\"url\":\"https:\/\/tropicalwingsbirds.shop\/wp-content\/uploads\/2024\/01\/tropical-wings-1.webp\",\"contentUrl\":\"https:\/\/tropicalwingsbirds.shop\/wp-content\/uploads\/2024\/01\/tropical-wings-1.webp\",\"width\":500,\"height\":500,\"caption\":\"Tropical Wings Birds Shop\"}]}<\/script>\n<meta property=\"product:price:currency\" content=\"USD\" \/>\n<meta property=\"og:availability\" content=\"instock\" \/>\n<meta property=\"product:availability\" content=\"instock\" \/>\n<meta property=\"product:condition\" content=\"new\" \/>\n<meta name=\"geo.placename\" content=\"Redding\" \/>\n<meta name=\"geo.position\" content=\"40.5976725;-122.3716346\" \/>\n<meta name=\"geo.region\" content=\"United States (US)\" \/>\n<!-- \/ Yoast SEO Premium plugin. -->","yoast_head_json":{"title":"Brinsea TLC-30 Advance Brooder Intensive | Tropical Wings","description":"Shop the brinsea tlc-30 advance brooder intensive care unit for young, sick or injured birds &amp; small animals from Tropical Wings Birds \u2014...","robots":{"index":"index","follow":"follow","max-snippet":"max-snippet:-1","max-image-preview":"max-image-preview:large","max-video-preview":"max-video-preview:-1"},"canonical":"https:\/\/tropicalwingsbirds.shop\/de_ch\/geschaft\/brinsea-tlc-30-advance-brutapparat-intensivstation-fur-junge-kranke-oder-verletzte-vogel-kleintiere-online-kaufen\/","og_locale":"de_DE","og_type":"article","og_title":"Buy Brinsea TLC-30 Advance Brooder Intensive Care Unit for Young, Sick Or Injured Birds &#038; Small Animals Online","og_description":"Shop the brinsea tlc-30 advance brooder intensive care unit for young, sick or injured birds &amp; small animals from Tropical Wings Birds \u2014...","og_url":"https:\/\/tropicalwingsbirds.shop\/de_ch\/geschaft\/brinsea-tlc-30-advance-brutapparat-intensivstation-fur-junge-kranke-oder-verletzte-vogel-kleintiere-online-kaufen\/","og_site_name":"Tropical Wings Birds","article_publisher":"https:\/\/web.facebook.com\/profile.php?id=61551502767851&mibextid=2JQ9oc&_rdc=1&_rdr","article_modified_time":"2026-04-17T22:04:02+00:00","og_image":[{"width":600,"height":600,"url":"https:\/\/tropicalwingsbirds.shop\/wp-content\/uploads\/2023\/12\/Brinsea-TLC-30-Advance-Brooder-Intensive-Care-Unit-for-Young-Sick-Or-Injured-Birds-Small-Animals.jpg","type":"image\/jpeg"}],"twitter_card":"summary_large_image","twitter_misc":{"Price":"","Availability":"In stock"},"schema":{"@context":"https:\/\/schema.org","@graph":[{"@type":"WebPage","@id":"https:\/\/tropicalwingsbirds.shop\/shop\/buy-brinsea-tlc-30-advance-brooder-intensive-care-unit-for-young-sick-or-injured-birds-small-animals-online\/","url":"https:\/\/tropicalwingsbirds.shop\/shop\/buy-brinsea-tlc-30-advance-brooder-intensive-care-unit-for-young-sick-or-injured-birds-small-animals-online\/","name":"Brinsea TLC-30 Advance Brooder Intensive | Tropical Wings","isPartOf":{"@id":"https:\/\/tropicalwingsbirds.shop\/#website"},"primaryImageOfPage":{"@id":"https:\/\/tropicalwingsbirds.shop\/shop\/buy-brinsea-tlc-30-advance-brooder-intensive-care-unit-for-young-sick-or-injured-birds-small-animals-online\/#primaryimage"},"image":{"@id":"https:\/\/tropicalwingsbirds.shop\/shop\/buy-brinsea-tlc-30-advance-brooder-intensive-care-unit-for-young-sick-or-injured-birds-small-animals-online\/#primaryimage"},"thumbnailUrl":"https:\/\/tropicalwingsbirds.shop\/wp-content\/uploads\/2023\/12\/Brinsea-TLC-30-Advance-Brooder-Intensive-Care-Unit-for-Young-Sick-Or-Injured-Birds-Small-Animals.jpg","datePublished":"2023-12-07T14:11:10+00:00","dateModified":"2026-04-17T22:04:02+00:00","description":"Shop the brinsea tlc-30 advance brooder intensive care unit for young, sick or injured birds &amp; small animals from Tropical Wings Birds \u2014...","breadcrumb":{"@id":"https:\/\/tropicalwingsbirds.shop\/shop\/buy-brinsea-tlc-30-advance-brooder-intensive-care-unit-for-young-sick-or-injured-birds-small-animals-online\/#breadcrumb"},"inLanguage":"de-CH","potentialAction":[{"@type":"ReadAction","target":["https:\/\/tropicalwingsbirds.shop\/shop\/buy-brinsea-tlc-30-advance-brooder-intensive-care-unit-for-young-sick-or-injured-birds-small-animals-online\/"]}]},{"@type":"ImageObject","inLanguage":"de-CH","@id":"https:\/\/tropicalwingsbirds.shop\/shop\/buy-brinsea-tlc-30-advance-brooder-intensive-care-unit-for-young-sick-or-injured-birds-small-animals-online\/#primaryimage","url":"https:\/\/tropicalwingsbirds.shop\/wp-content\/uploads\/2023\/12\/Brinsea-TLC-30-Advance-Brooder-Intensive-Care-Unit-for-Young-Sick-Or-Injured-Birds-Small-Animals.jpg","contentUrl":"https:\/\/tropicalwingsbirds.shop\/wp-content\/uploads\/2023\/12\/Brinsea-TLC-30-Advance-Brooder-Intensive-Care-Unit-for-Young-Sick-Or-Injured-Birds-Small-Animals.jpg","width":600,"height":600},{"@type":"BreadcrumbList","@id":"https:\/\/tropicalwingsbirds.shop\/shop\/buy-brinsea-tlc-30-advance-brooder-intensive-care-unit-for-young-sick-or-injured-birds-small-animals-online\/#breadcrumb","itemListElement":[{"@type":"ListItem","position":1,"name":"Home","item":"https:\/\/tropicalwingsbirds.shop\/"},{"@type":"ListItem","position":2,"name":"Shop","item":"https:\/\/tropicalwingsbirds.shop\/shop\/"},{"@type":"ListItem","position":3,"name":"Buy Brinsea TLC-30 Advance Brooder Intensive Care Unit for Young, Sick Or Injured Birds &#038; Small Animals Online"}]},{"@type":"WebSite","@id":"https:\/\/tropicalwingsbirds.shop\/#website","url":"https:\/\/tropicalwingsbirds.shop\/","name":"Tropische Fl\u00fcgelv\u00f6gel","description":"Die besten Z\u00fcchter exotischer V\u00f6gel online","publisher":{"@id":"https:\/\/tropicalwingsbirds.shop\/#organization"},"potentialAction":[{"@type":"SearchAction","target":{"@type":"EntryPoint","urlTemplate":"https:\/\/tropicalwingsbirds.shop\/?s={search_term_string}"},"query-input":{"@type":"PropertyValueSpecification","valueRequired":true,"valueName":"search_term_string"}}],"inLanguage":"de-CH"},{"@type":["Organization","Place","PetStore"],"@id":"https:\/\/tropicalwingsbirds.shop\/#organization","name":"Tropical Wings Birds Shop","alternateName":"TPWB","url":"https:\/\/tropicalwingsbirds.shop\/","logo":{"@id":"https:\/\/tropicalwingsbirds.shop\/shop\/buy-brinsea-tlc-30-advance-brooder-intensive-care-unit-for-young-sick-or-injured-birds-small-animals-online\/#local-main-organization-logo"},"image":{"@id":"https:\/\/tropicalwingsbirds.shop\/shop\/buy-brinsea-tlc-30-advance-brooder-intensive-care-unit-for-young-sick-or-injured-birds-small-animals-online\/#local-main-organization-logo"},"sameAs":["https:\/\/web.facebook.com\/profile.php?id=61551502767851&mibextid=2JQ9oc&_rdc=1&_rdr"],"description":"Tropical Wings Birds ist Ihre Adresse f\u00fcr exotische Vogelbegleitung. Unsere Boutique-Voliere in den USA bietet eine kuratierte Auswahl an farbenfrohen tropischen V\u00f6geln von renommierten Z\u00fcchtern weltweit. Mit Fokus auf Wohlbefinden und Expertise begleitet Sie unser engagiertes Team auf Ihrer Suche nach dem perfekten gefiederten Freund. Besuchen Sie uns noch heute und erleben Sie die Magie der Vogelbegleitung bei Tropical Wings Birds.","legalName":"Tropical Wings Birds","foundingDate":"2019-02-14","numberOfEmployees":{"@type":"QuantitativeValue","minValue":"1","maxValue":"10"},"address":{"@id":"https:\/\/tropicalwingsbirds.shop\/shop\/buy-brinsea-tlc-30-advance-brooder-intensive-care-unit-for-young-sick-or-injured-birds-small-animals-online\/#local-main-place-address"},"geo":{"@type":"GeoCoordinates","latitude":"40.5976725","longitude":"-122.3716346"},"telephone":["+1 707-733-4623","+1 707-733-4623"],"contactPoint":{"@type":"ContactPoint","telephone":"+1 707-733-4623","email":"sales@tropicalwingsbirds.shop"},"openingHoursSpecification":{"@type":"OpeningHoursSpecification","dayOfWeek":["Monday","Tuesday","Wednesday","Thursday","Friday","Saturday","Sunday"],"opens":"00:00","closes":"23:59"},"email":"sales@tropicalwingsbirds.shop","faxNumber":"+1 707-733-4623","areaServed":"United states, Porto Rico, Canada, Australia","priceRange":"$","currenciesAccepted":"USD, CAD, AUD,","paymentAccepted":"Zelle, Paypal, Bitcoin, Apple pay, Credit cards, Bank transfers"},{"@type":"PostalAddress","@id":"https:\/\/tropicalwingsbirds.shop\/shop\/buy-brinsea-tlc-30-advance-brooder-intensive-care-unit-for-young-sick-or-injured-birds-small-animals-online\/#local-main-place-address","streetAddress":"500 Hilltop Dr,","addressLocality":"Redding","postalCode":"96003","addressRegion":"California","addressCountry":"US"},{"@type":"ImageObject","inLanguage":"de-CH","@id":"https:\/\/tropicalwingsbirds.shop\/shop\/buy-brinsea-tlc-30-advance-brooder-intensive-care-unit-for-young-sick-or-injured-birds-small-animals-online\/#local-main-organization-logo","url":"https:\/\/tropicalwingsbirds.shop\/wp-content\/uploads\/2024\/01\/tropical-wings-1.webp","contentUrl":"https:\/\/tropicalwingsbirds.shop\/wp-content\/uploads\/2024\/01\/tropical-wings-1.webp","width":500,"height":500,"caption":"Tropical Wings Birds Shop"}]},"product_price_currency":"USD","og_availability":"instock","product_availability":"instock","product_condition":"new","geo.placename":"Redding","geo.position":{"lat":"40.5976725","long":"-122.3716346"},"geo.region":"United States (US)"},"jetpack_sharing_enabled":true,"_links":{"self":[{"href":"https:\/\/tropicalwingsbirds.shop\/de_ch\/wp-json\/wp\/v2\/product\/1428","targetHints":{"allow":["GET"]}}],"collection":[{"href":"https:\/\/tropicalwingsbirds.shop\/de_ch\/wp-json\/wp\/v2\/product"}],"about":[{"href":"https:\/\/tropicalwingsbirds.shop\/de_ch\/wp-json\/wp\/v2\/types\/product"}],"replies":[{"embeddable":true,"href":"https:\/\/tropicalwingsbirds.shop\/de_ch\/wp-json\/wp\/v2\/comments?post=1428"}],"wp:featuredmedia":[{"embeddable":true,"href":"https:\/\/tropicalwingsbirds.shop\/de_ch\/wp-json\/wp\/v2\/media\/1471"}],"wp:attachment":[{"href":"https:\/\/tropicalwingsbirds.shop\/de_ch\/wp-json\/wp\/v2\/media?parent=1428"}],"wp:term":[{"taxonomy":"product_brand","embeddable":true,"href":"https:\/\/tropicalwingsbirds.shop\/de_ch\/wp-json\/wp\/v2\/product_brand?post=1428"},{"taxonomy":"product_cat","embeddable":true,"href":"https:\/\/tropicalwingsbirds.shop\/de_ch\/wp-json\/wp\/v2\/product_cat?post=1428"},{"taxonomy":"product_tag","embeddable":true,"href":"https:\/\/tropicalwingsbirds.shop\/de_ch\/wp-json\/wp\/v2\/product_tag?post=1428"}],"curies":[{"name":"wp","href":"https:\/\/api.w.org\/{rel}","templated":true}]}}