{"id":1654,"date":"2023-12-07T14:20:11","date_gmt":"2023-12-07T14:20:11","guid":{"rendered":"https:\/\/tropicalwingsbirds.shop\/?post_type=product&#038;p=1654"},"modified":"2023-12-07T14:21:58","modified_gmt":"2023-12-07T14:21:58","slug":"buy-white-travel-bird-cage-online","status":"publish","type":"product","link":"https:\/\/tropicalwingsbirds.shop\/de_ch\/geschaft\/buy-white-travel-bird-cage-online\/","title":{"rendered":"Buy White Travel Bird Cage Online"},"content":{"rendered":"<p>This Travel Bird Cage is ideal for short-term travel use for small parrots and birds. The side door allows birds to walk into the cage easily. The portable cage folds down flat for easy storage. For easy access and maintenance, the enclosure features a large side door and; pull-out bottom; tray. This birdcage; has been designed for small and medium birds such as parakeets, finches, small parrots, and African Greys.<\/p>\n<p>&nbsp;<\/p>\n<p><strong>Produkteigenschaften:<br \/> <\/strong>\u25cf 20&#8243; L x 12&#8243; W x 16&#8243; H<br \/> \u25cf 3\/4\u2033 Drahtabstand<br \/> \u25cf Wire Gauge: 9 &amp; 11<br \/> \u25cf Available in White<br \/> \u25cf Folds flat for easy storage and portability<br \/> \u25cf Wire bottom grille and pull out plastic tray<br \/> \u25cf 2 Stainless steel dishes included<br \/> \u25cf 1 Solid wood perch included<\/p>","protected":false},"excerpt":{"rendered":"<p>This Travel Bird Cage is ideal for short-term travel use for small parrots and birds. The side door allows birds to walk into the cage easily. The portable cage folds down flat for easy storage. For easy access and maintenance, the enclosure features a large side door and; pull-out bottom; tray. This birdcage; has been [&hellip;]<\/p>","protected":false},"featured_media":1689,"comment_status":"closed","ping_status":"closed","template":"","meta":{"site-sidebar-layout":"default","site-content-layout":"","ast-site-content-layout":"default","site-content-style":"default","site-sidebar-style":"default","ast-global-header-display":"","ast-banner-title-visibility":"","ast-main-header-display":"","ast-hfb-above-header-display":"","ast-hfb-below-header-display":"","ast-hfb-mobile-header-display":"","site-post-title":"","ast-breadcrumbs-content":"","ast-featured-img":"","footer-sml-layout":"","theme-transparent-header-meta":"","adv-header-id-meta":"","stick-header-meta":"","header-above-stick-meta":"","header-main-stick-meta":"","header-below-stick-meta":"","astra-migrate-meta-layouts":"default","ast-page-background-enabled":"default","ast-page-background-meta":{"desktop":{"background-color":"var(--ast-global-color-4)","background-image":"","background-repeat":"repeat","background-position":"center center","background-size":"auto","background-attachment":"scroll","background-type":"","background-media":"","overlay-type":"","overlay-color":"","overlay-opacity":"","overlay-gradient":""},"tablet":{"background-color":"","background-image":"","background-repeat":"repeat","background-position":"center center","background-size":"auto","background-attachment":"scroll","background-type":"","background-media":"","overlay-type":"","overlay-color":"","overlay-opacity":"","overlay-gradient":""},"mobile":{"background-color":"","background-image":"","background-repeat":"repeat","background-position":"center center","background-size":"auto","background-attachment":"scroll","background-type":"","background-media":"","overlay-type":"","overlay-color":"","overlay-opacity":"","overlay-gradient":""}},"ast-content-background-meta":{"desktop":{"background-color":"var(--ast-global-color-5)","background-image":"","background-repeat":"repeat","background-position":"center center","background-size":"auto","background-attachment":"scroll","background-type":"","background-media":"","overlay-type":"","overlay-color":"","overlay-opacity":"","overlay-gradient":""},"tablet":{"background-color":"var(--ast-global-color-5)","background-image":"","background-repeat":"repeat","background-position":"center center","background-size":"auto","background-attachment":"scroll","background-type":"","background-media":"","overlay-type":"","overlay-color":"","overlay-opacity":"","overlay-gradient":""},"mobile":{"background-color":"var(--ast-global-color-5)","background-image":"","background-repeat":"repeat","background-position":"center center","background-size":"auto","background-attachment":"scroll","background-type":"","background-media":"","overlay-type":"","overlay-color":"","overlay-opacity":"","overlay-gradient":""}}},"product_brand":[],"product_cat":[484],"product_tag":[],"class_list":{"0":"post-1654","1":"product","2":"type-product","3":"status-publish","4":"has-post-thumbnail","6":"product_cat-cages","7":"desktop-align-left","8":"tablet-align-left","9":"mobile-align-left","10":"ast-product-gallery-layout-horizontal-slider","11":"ast-product-gallery-with-no-image","12":"ast-product-single-variable","13":"ast-product-tabs-layout-horizontal","14":"ast-qv-on-image","16":"first","17":"instock","18":"shipping-taxable","19":"product-type-variable"},"yoast_head":"<!-- This site is optimized with the Yoast SEO Premium plugin v23.2 (Yoast SEO v26.8) - https:\/\/yoast.com\/product\/yoast-seo-premium-wordpress\/ -->\n<title>Buy White Travel Bird Cage Online - Tropical Wings Birds<\/title>\n<meta name=\"robots\" content=\"index, follow, max-snippet:-1, max-image-preview:large, max-video-preview:-1\" \/>\n<link rel=\"canonical\" href=\"https:\/\/tropicalwingsbirds.shop\/de_ch\/geschaft\/buy-white-travel-bird-cage-online\/\" \/>\n<meta property=\"og:locale\" content=\"de_DE\" \/>\n<meta property=\"og:type\" content=\"article\" \/>\n<meta property=\"og:title\" content=\"Buy White Travel Bird Cage Online\" \/>\n<meta property=\"og:description\" content=\"This Travel Bird Cage is ideal for short-term travel use for small parrots and birds. The side door allows birds to walk into the cage easily. The portable cage folds down flat for easy storage. For easy access and maintenance, the enclosure features a large side door and; pull-out bottom; tray. This birdcage; has been [&hellip;]\" \/>\n<meta property=\"og:url\" content=\"https:\/\/tropicalwingsbirds.shop\/de_ch\/geschaft\/buy-white-travel-bird-cage-online\/\" \/>\n<meta property=\"og:site_name\" content=\"Tropical Wings Birds\" \/>\n<meta property=\"article:publisher\" content=\"https:\/\/web.facebook.com\/profile.php?id=61551502767851&amp;mibextid=2JQ9oc&amp;_rdc=1&amp;_rdr\" \/>\n<meta property=\"article:modified_time\" content=\"2023-12-07T14:21:58+00:00\" \/>\n<meta property=\"og:image\" content=\"https:\/\/tropicalwingsbirds.shop\/wp-content\/uploads\/2023\/12\/pp-1305.jpg\" \/>\n\t<meta property=\"og:image:width\" content=\"500\" \/>\n\t<meta property=\"og:image:height\" content=\"500\" \/>\n\t<meta property=\"og:image:type\" content=\"image\/jpeg\" \/>\n<meta name=\"twitter:card\" content=\"summary_large_image\" \/>\n<meta name=\"twitter:label1\" content=\"Availability\" \/>\n\t<meta name=\"twitter:data1\" content=\"In stock\" \/>\n<script type=\"application\/ld+json\" class=\"yoast-schema-graph\">{\"@context\":\"https:\/\/schema.org\",\"@graph\":[{\"@type\":\"WebPage\",\"@id\":\"https:\/\/tropicalwingsbirds.shop\/shop\/buy-white-travel-bird-cage-online\/\",\"url\":\"https:\/\/tropicalwingsbirds.shop\/shop\/buy-white-travel-bird-cage-online\/\",\"name\":\"Buy White Travel Bird Cage Online - Tropical Wings Birds\",\"isPartOf\":{\"@id\":\"https:\/\/tropicalwingsbirds.shop\/#website\"},\"primaryImageOfPage\":{\"@id\":\"https:\/\/tropicalwingsbirds.shop\/shop\/buy-white-travel-bird-cage-online\/#primaryimage\"},\"image\":{\"@id\":\"https:\/\/tropicalwingsbirds.shop\/shop\/buy-white-travel-bird-cage-online\/#primaryimage\"},\"thumbnailUrl\":\"https:\/\/tropicalwingsbirds.shop\/wp-content\/uploads\/2023\/12\/pp-1305.jpg\",\"datePublished\":\"2023-12-07T14:20:11+00:00\",\"dateModified\":\"2023-12-07T14:21:58+00:00\",\"breadcrumb\":{\"@id\":\"https:\/\/tropicalwingsbirds.shop\/shop\/buy-white-travel-bird-cage-online\/#breadcrumb\"},\"inLanguage\":\"de-CH\",\"potentialAction\":[{\"@type\":\"ReadAction\",\"target\":[\"https:\/\/tropicalwingsbirds.shop\/shop\/buy-white-travel-bird-cage-online\/\"]}]},{\"@type\":\"ImageObject\",\"inLanguage\":\"de-CH\",\"@id\":\"https:\/\/tropicalwingsbirds.shop\/shop\/buy-white-travel-bird-cage-online\/#primaryimage\",\"url\":\"https:\/\/tropicalwingsbirds.shop\/wp-content\/uploads\/2023\/12\/pp-1305.jpg\",\"contentUrl\":\"https:\/\/tropicalwingsbirds.shop\/wp-content\/uploads\/2023\/12\/pp-1305.jpg\",\"width\":500,\"height\":500},{\"@type\":\"BreadcrumbList\",\"@id\":\"https:\/\/tropicalwingsbirds.shop\/shop\/buy-white-travel-bird-cage-online\/#breadcrumb\",\"itemListElement\":[{\"@type\":\"ListItem\",\"position\":1,\"name\":\"Home\",\"item\":\"https:\/\/tropicalwingsbirds.shop\/\"},{\"@type\":\"ListItem\",\"position\":2,\"name\":\"Shop\",\"item\":\"https:\/\/tropicalwingsbirds.shop\/shop\/\"},{\"@type\":\"ListItem\",\"position\":3,\"name\":\"Buy White Travel Bird Cage Online\"}]},{\"@type\":\"WebSite\",\"@id\":\"https:\/\/tropicalwingsbirds.shop\/#website\",\"url\":\"https:\/\/tropicalwingsbirds.shop\/\",\"name\":\"Tropical Wings Birds\",\"description\":\"Best Exotic birds breeders online\",\"publisher\":{\"@id\":\"https:\/\/tropicalwingsbirds.shop\/#organization\"},\"potentialAction\":[{\"@type\":\"SearchAction\",\"target\":{\"@type\":\"EntryPoint\",\"urlTemplate\":\"https:\/\/tropicalwingsbirds.shop\/?s={search_term_string}\"},\"query-input\":{\"@type\":\"PropertyValueSpecification\",\"valueRequired\":true,\"valueName\":\"search_term_string\"}}],\"inLanguage\":\"de-CH\"},{\"@type\":[\"Organization\",\"Place\",\"PetStore\"],\"@id\":\"https:\/\/tropicalwingsbirds.shop\/#organization\",\"name\":\"Tropical Wings Birds Shop\",\"alternateName\":\"TPWB\",\"url\":\"https:\/\/tropicalwingsbirds.shop\/\",\"logo\":{\"@id\":\"https:\/\/tropicalwingsbirds.shop\/shop\/buy-white-travel-bird-cage-online\/#local-main-organization-logo\"},\"image\":{\"@id\":\"https:\/\/tropicalwingsbirds.shop\/shop\/buy-white-travel-bird-cage-online\/#local-main-organization-logo\"},\"sameAs\":[\"https:\/\/web.facebook.com\/profile.php?id=61551502767851&mibextid=2JQ9oc&_rdc=1&_rdr\"],\"description\":\"Tropical Wings Birds is your destination for exotic avian companionship. Our boutique aviary in United States offers a curated selection of vibrant tropical birds sourced from reputable breeders worldwide. With a focus on welfare and expertise, our dedicated team is here to guide you on your journey to finding the perfect feathered friend. Visit us today and experience the magic of avian companionship at Tropical Wings Birds.\",\"legalName\":\"Tropical Wings Birds\",\"foundingDate\":\"2019-02-14\",\"numberOfEmployees\":{\"@type\":\"QuantitativeValue\",\"minValue\":\"1\",\"maxValue\":\"10\"},\"address\":{\"@id\":\"https:\/\/tropicalwingsbirds.shop\/shop\/buy-white-travel-bird-cage-online\/#local-main-place-address\"},\"geo\":{\"@type\":\"GeoCoordinates\",\"latitude\":\"40.5976725\",\"longitude\":\"-122.3716346\"},\"telephone\":[\"+1 707-733-4623\",\"+1 707-733-4623\"],\"contactPoint\":{\"@type\":\"ContactPoint\",\"telephone\":\"+1 707-733-4623\",\"email\":\"sales@tropicalwingsbirds.shop\"},\"openingHoursSpecification\":{\"@type\":\"OpeningHoursSpecification\",\"dayOfWeek\":[\"Monday\",\"Tuesday\",\"Wednesday\",\"Thursday\",\"Friday\",\"Saturday\",\"Sunday\"],\"opens\":\"00:00\",\"closes\":\"23:59\"},\"email\":\"sales@tropicalwingsbirds.shop\",\"faxNumber\":\"+1 707-733-4623\",\"areaServed\":\"United states, Porto Rico, Canada, Australia\",\"priceRange\":\"$\",\"currenciesAccepted\":\"USD, CAD, AUD,\",\"paymentAccepted\":\"Zelle, Paypal, Bitcoin, Apple pay, Credit cards, Bank transfers\"},{\"@type\":\"PostalAddress\",\"@id\":\"https:\/\/tropicalwingsbirds.shop\/shop\/buy-white-travel-bird-cage-online\/#local-main-place-address\",\"streetAddress\":\"500 Hilltop Dr,\",\"addressLocality\":\"Redding\",\"postalCode\":\"96003\",\"addressRegion\":\"California\",\"addressCountry\":\"US\"},{\"@type\":\"ImageObject\",\"inLanguage\":\"de-CH\",\"@id\":\"https:\/\/tropicalwingsbirds.shop\/shop\/buy-white-travel-bird-cage-online\/#local-main-organization-logo\",\"url\":\"https:\/\/tropicalwingsbirds.shop\/wp-content\/uploads\/2024\/01\/tropical-wings-1.webp\",\"contentUrl\":\"https:\/\/tropicalwingsbirds.shop\/wp-content\/uploads\/2024\/01\/tropical-wings-1.webp\",\"width\":500,\"height\":500,\"caption\":\"Tropical Wings Birds Shop\"}]}<\/script>\n<meta property=\"og:availability\" content=\"instock\" \/>\n<meta property=\"product:availability\" content=\"instock\" \/>\n<meta property=\"product:condition\" content=\"new\" \/>\n<meta name=\"geo.placename\" content=\"Redding\" \/>\n<meta name=\"geo.position\" content=\"40.5976725;-122.3716346\" \/>\n<meta name=\"geo.region\" content=\"United States (US)\" \/>\n<!-- \/ Yoast SEO Premium plugin. -->","yoast_head_json":{"title":"Buy White Travel Bird Cage Online - Tropical Wings Birds","robots":{"index":"index","follow":"follow","max-snippet":"max-snippet:-1","max-image-preview":"max-image-preview:large","max-video-preview":"max-video-preview:-1"},"canonical":"https:\/\/tropicalwingsbirds.shop\/de_ch\/geschaft\/buy-white-travel-bird-cage-online\/","og_locale":"de_DE","og_type":"article","og_title":"Buy White Travel Bird Cage Online","og_description":"This Travel Bird Cage is ideal for short-term travel use for small parrots and birds. The side door allows birds to walk into the cage easily. The portable cage folds down flat for easy storage. For easy access and maintenance, the enclosure features a large side door and; pull-out bottom; tray. This birdcage; has been [&hellip;]","og_url":"https:\/\/tropicalwingsbirds.shop\/de_ch\/geschaft\/buy-white-travel-bird-cage-online\/","og_site_name":"Tropical Wings Birds","article_publisher":"https:\/\/web.facebook.com\/profile.php?id=61551502767851&mibextid=2JQ9oc&_rdc=1&_rdr","article_modified_time":"2023-12-07T14:21:58+00:00","og_image":[{"width":500,"height":500,"url":"https:\/\/tropicalwingsbirds.shop\/wp-content\/uploads\/2023\/12\/pp-1305.jpg","type":"image\/jpeg"}],"twitter_card":"summary_large_image","twitter_misc":{"Availability":"In stock"},"schema":{"@context":"https:\/\/schema.org","@graph":[{"@type":"WebPage","@id":"https:\/\/tropicalwingsbirds.shop\/shop\/buy-white-travel-bird-cage-online\/","url":"https:\/\/tropicalwingsbirds.shop\/shop\/buy-white-travel-bird-cage-online\/","name":"Buy White Travel Bird Cage Online - Tropical Wings Birds","isPartOf":{"@id":"https:\/\/tropicalwingsbirds.shop\/#website"},"primaryImageOfPage":{"@id":"https:\/\/tropicalwingsbirds.shop\/shop\/buy-white-travel-bird-cage-online\/#primaryimage"},"image":{"@id":"https:\/\/tropicalwingsbirds.shop\/shop\/buy-white-travel-bird-cage-online\/#primaryimage"},"thumbnailUrl":"https:\/\/tropicalwingsbirds.shop\/wp-content\/uploads\/2023\/12\/pp-1305.jpg","datePublished":"2023-12-07T14:20:11+00:00","dateModified":"2023-12-07T14:21:58+00:00","breadcrumb":{"@id":"https:\/\/tropicalwingsbirds.shop\/shop\/buy-white-travel-bird-cage-online\/#breadcrumb"},"inLanguage":"de-CH","potentialAction":[{"@type":"ReadAction","target":["https:\/\/tropicalwingsbirds.shop\/shop\/buy-white-travel-bird-cage-online\/"]}]},{"@type":"ImageObject","inLanguage":"de-CH","@id":"https:\/\/tropicalwingsbirds.shop\/shop\/buy-white-travel-bird-cage-online\/#primaryimage","url":"https:\/\/tropicalwingsbirds.shop\/wp-content\/uploads\/2023\/12\/pp-1305.jpg","contentUrl":"https:\/\/tropicalwingsbirds.shop\/wp-content\/uploads\/2023\/12\/pp-1305.jpg","width":500,"height":500},{"@type":"BreadcrumbList","@id":"https:\/\/tropicalwingsbirds.shop\/shop\/buy-white-travel-bird-cage-online\/#breadcrumb","itemListElement":[{"@type":"ListItem","position":1,"name":"Home","item":"https:\/\/tropicalwingsbirds.shop\/"},{"@type":"ListItem","position":2,"name":"Shop","item":"https:\/\/tropicalwingsbirds.shop\/shop\/"},{"@type":"ListItem","position":3,"name":"Buy White Travel Bird Cage Online"}]},{"@type":"WebSite","@id":"https:\/\/tropicalwingsbirds.shop\/#website","url":"https:\/\/tropicalwingsbirds.shop\/","name":"Tropische Fl\u00fcgelv\u00f6gel","description":"Die besten Z\u00fcchter exotischer V\u00f6gel online","publisher":{"@id":"https:\/\/tropicalwingsbirds.shop\/#organization"},"potentialAction":[{"@type":"SearchAction","target":{"@type":"EntryPoint","urlTemplate":"https:\/\/tropicalwingsbirds.shop\/?s={search_term_string}"},"query-input":{"@type":"PropertyValueSpecification","valueRequired":true,"valueName":"search_term_string"}}],"inLanguage":"de-CH"},{"@type":["Organization","Place","PetStore"],"@id":"https:\/\/tropicalwingsbirds.shop\/#organization","name":"Tropical Wings Birds Shop","alternateName":"TPWB","url":"https:\/\/tropicalwingsbirds.shop\/","logo":{"@id":"https:\/\/tropicalwingsbirds.shop\/shop\/buy-white-travel-bird-cage-online\/#local-main-organization-logo"},"image":{"@id":"https:\/\/tropicalwingsbirds.shop\/shop\/buy-white-travel-bird-cage-online\/#local-main-organization-logo"},"sameAs":["https:\/\/web.facebook.com\/profile.php?id=61551502767851&mibextid=2JQ9oc&_rdc=1&_rdr"],"description":"Tropical Wings Birds ist Ihre Adresse f\u00fcr exotische Vogelbegleitung. Unsere Boutique-Voliere in den USA bietet eine kuratierte Auswahl an farbenfrohen tropischen V\u00f6geln von renommierten Z\u00fcchtern weltweit. Mit Fokus auf Wohlbefinden und Expertise begleitet Sie unser engagiertes Team auf Ihrer Suche nach dem perfekten gefiederten Freund. Besuchen Sie uns noch heute und erleben Sie die Magie der Vogelbegleitung bei Tropical Wings Birds.","legalName":"Tropical Wings Birds","foundingDate":"2019-02-14","numberOfEmployees":{"@type":"QuantitativeValue","minValue":"1","maxValue":"10"},"address":{"@id":"https:\/\/tropicalwingsbirds.shop\/shop\/buy-white-travel-bird-cage-online\/#local-main-place-address"},"geo":{"@type":"GeoCoordinates","latitude":"40.5976725","longitude":"-122.3716346"},"telephone":["+1 707-733-4623","+1 707-733-4623"],"contactPoint":{"@type":"ContactPoint","telephone":"+1 707-733-4623","email":"sales@tropicalwingsbirds.shop"},"openingHoursSpecification":{"@type":"OpeningHoursSpecification","dayOfWeek":["Monday","Tuesday","Wednesday","Thursday","Friday","Saturday","Sunday"],"opens":"00:00","closes":"23:59"},"email":"sales@tropicalwingsbirds.shop","faxNumber":"+1 707-733-4623","areaServed":"United states, Porto Rico, Canada, Australia","priceRange":"$","currenciesAccepted":"USD, CAD, AUD,","paymentAccepted":"Zelle, Paypal, Bitcoin, Apple pay, Credit cards, Bank transfers"},{"@type":"PostalAddress","@id":"https:\/\/tropicalwingsbirds.shop\/shop\/buy-white-travel-bird-cage-online\/#local-main-place-address","streetAddress":"500 Hilltop Dr,","addressLocality":"Redding","postalCode":"96003","addressRegion":"California","addressCountry":"US"},{"@type":"ImageObject","inLanguage":"de-CH","@id":"https:\/\/tropicalwingsbirds.shop\/shop\/buy-white-travel-bird-cage-online\/#local-main-organization-logo","url":"https:\/\/tropicalwingsbirds.shop\/wp-content\/uploads\/2024\/01\/tropical-wings-1.webp","contentUrl":"https:\/\/tropicalwingsbirds.shop\/wp-content\/uploads\/2024\/01\/tropical-wings-1.webp","width":500,"height":500,"caption":"Tropical Wings Birds Shop"}]},"og_availability":"instock","product_availability":"instock","product_condition":"new","geo.placename":"Redding","geo.position":{"lat":"40.5976725","long":"-122.3716346"},"geo.region":"United States (US)"},"_links":{"self":[{"href":"https:\/\/tropicalwingsbirds.shop\/de_ch\/wp-json\/wp\/v2\/product\/1654","targetHints":{"allow":["GET"]}}],"collection":[{"href":"https:\/\/tropicalwingsbirds.shop\/de_ch\/wp-json\/wp\/v2\/product"}],"about":[{"href":"https:\/\/tropicalwingsbirds.shop\/de_ch\/wp-json\/wp\/v2\/types\/product"}],"replies":[{"embeddable":true,"href":"https:\/\/tropicalwingsbirds.shop\/de_ch\/wp-json\/wp\/v2\/comments?post=1654"}],"wp:featuredmedia":[{"embeddable":true,"href":"https:\/\/tropicalwingsbirds.shop\/de_ch\/wp-json\/wp\/v2\/media\/1689"}],"wp:attachment":[{"href":"https:\/\/tropicalwingsbirds.shop\/de_ch\/wp-json\/wp\/v2\/media?parent=1654"}],"wp:term":[{"taxonomy":"product_brand","embeddable":true,"href":"https:\/\/tropicalwingsbirds.shop\/de_ch\/wp-json\/wp\/v2\/product_brand?post=1654"},{"taxonomy":"product_cat","embeddable":true,"href":"https:\/\/tropicalwingsbirds.shop\/de_ch\/wp-json\/wp\/v2\/product_cat?post=1654"},{"taxonomy":"product_tag","embeddable":true,"href":"https:\/\/tropicalwingsbirds.shop\/de_ch\/wp-json\/wp\/v2\/product_tag?post=1654"}],"curies":[{"name":"wp","href":"https:\/\/api.w.org\/{rel}","templated":true}]}}