{"id":2591,"date":"2023-12-07T16:33:58","date_gmt":"2023-12-07T16:33:58","guid":{"rendered":"https:\/\/tropicalwingsbirds.shop\/?post_type=product&#038;p=2591"},"modified":"2026-04-17T22:05:46","modified_gmt":"2026-04-17T22:05:46","slug":"buy-fife-fancy-canary-online","status":"publish","type":"product","link":"https:\/\/tropicalwingsbirds.shop\/de_ch\/geschaft\/buy-fife-fancy-canary-online\/","title":{"rendered":"Kaufen Sie Fife Fancy Canary online"},"content":{"rendered":"<div>\n<h2>Kaufen Sie Fife Fancy Canary online<\/h2>\n<p>Buy Fife Fancy Canary Online. Fife Fancy Canaries for sale, (Serinus canaria domesticus) also called the Fife Canary, is a lively, delightful canary that is very popular because it is so easy to keep. The Fife canary is a type of canary, bred for its physical appearance rather than for its color or song. It is a smaller version of the border canary and is available in a wide variety of colors ( yellow variegated and green). The male has a very pleasant song and Fife Canaries tend to be ready breeders who also take good care of their young. Despite its small size, the Fife canary is full of energy and personality and is very endearing. They are not prone to disease, come in all the canary colors, and the male has a wonderful pleasant song.<\/p>\n<p><strong>Geographie:\u00a0<\/strong>The Fife Fancy Canary was developed in the 1950s in and around the county of Fife in Scotland.<\/p>\n<p><strong>Gr\u00f6\u00dfe \/ Gewicht:\u00a0<\/strong>4\u2033<\/p>\n<p><strong>Geschlechtsbestimmung:\u00a0<\/strong>Mono-morphic (visually difficult to determine sex.) DNA testing at The Finch Farm is available to ensure the desired gender.<\/p>\n<p><strong>Temperament:\u00a0<\/strong>They are good-natured social creatures that do well when kept in cages or in aviaries. However, The Fife Fancy Canaries are timid birds and should not be housed with parakeets, lovebirds, or other hookbills that tend to be more aggressive birds by nature. Male canaries should be kept in a cage by themselves to ensure quality singing. Males can be territorial and pairing up with two male canaries in a cage can cause fights. In a spacious aviary, canaries can generally be housed with other canaries, finches, and other hardbills. Fife Fancy Canaries like to bathe daily. Their environment should not be wet, cool, or drafty, and if they are given space to sunbathe, they should also have a shaded area to protect them from too much sun. Keep perches clean to avoid any foot problems. They prefer swings for entertainment.<\/p>\n<p><strong>Zucht:\u00a0<\/strong>The Fife Fancy Canary is a ready breeder making it a good choice for a beginner. Most canaries breed easily and readily if provided with quality food, lighting, secure surroundings, and conditioning. The breeding season for most canaries is usually from December to April.<\/p>\n<p><strong>Lebensdauer:\u00a0<\/strong>10 years.<\/p>\n<p><strong>Di\u00e4t:<\/strong> Canary Seed,\u00a0Dried Egg Food,\u00a0Cuttlefish Bone,\u00a0Mineral Grit, veggies and fruits, and\u00a0Australian Blend Goldenfeast.<\/p>\n<p>DNA-Test<\/p>\n<p>Wenn auf unserer Website f\u00fcr einen Vogel keine Geschlechtsoption angegeben ist, handelt es sich um eine monomorphe Art. Das bedeutet, dass wir das Geschlecht ohne DNA-Test nicht bestimmen k\u00f6nnen. Der DNA-Test kostet zus\u00e4tzlich $149 pro Vogel, um das gew\u00fcnschte Geschlecht zu garantieren. Die Lieferzeit kann sich um 3\u20136 Wochen verl\u00e4ngern, um das Geschlecht zu bestimmen. Weitere Informationen finden Sie in unseren FAQs.<\/p>\n<\/div>\n<div id=\"ctl00_BodyContent_ucSubBreedProfiles_pnlProfile1\">\n<p>Shipping and Safety Travel Boxes.<\/p>\n<\/div>","protected":false},"excerpt":{"rendered":"<p>Buy Fife Fancy Canary Online. Fife Fancy Canaries for sale, (Serinus canaria domesticus) also called the Fife Canary, is a lively, delightful canary that is very popular because it is so easy to keep. The Fife canary is a type of canary, bred for its physical appearance rather than for its color or song. It is a smaller version of the border canary and is available in a wide variety of colors ( yellow variegated and green). The male has a very pleasant song and Fife Canaries tend to be ready breeders who also take good care of their young. Despite its small size, the Fife canary is full of energy and personality and is very endearing. They are not prone to disease, come in all the canary colors, and the male has a wonderful pleasant song.<\/p>\n<p><strong>Geographie:\u00a0<\/strong>The Fife Fancy Canary was developed in the 1950s in and around the county of Fife in Scotland.<\/p>\n<p><strong>Gr\u00f6\u00dfe \/ Gewicht:\u00a0<\/strong>4\u2033<\/p>\n<p><strong>Geschlechtsbestimmung:\u00a0<\/strong>Mono-morphic (visually difficult to determine sex.) DNA testing at The Finch Farm is available to ensure the desired gender.<\/p>\n<p>&nbsp;<\/p>","protected":false},"featured_media":2652,"comment_status":"closed","ping_status":"closed","template":"","meta":{"site-sidebar-layout":"default","site-content-layout":"","ast-site-content-layout":"default","site-content-style":"default","site-sidebar-style":"default","ast-global-header-display":"","ast-banner-title-visibility":"","ast-main-header-display":"","ast-hfb-above-header-display":"","ast-hfb-below-header-display":"","ast-hfb-mobile-header-display":"","site-post-title":"","ast-breadcrumbs-content":"","ast-featured-img":"","footer-sml-layout":"","theme-transparent-header-meta":"default","adv-header-id-meta":"","stick-header-meta":"default","header-above-stick-meta":"","header-main-stick-meta":"","header-below-stick-meta":"","astra-migrate-meta-layouts":"set","ast-page-background-enabled":"default","ast-page-background-meta":{"desktop":{"background-color":"var(--ast-global-color-4)","background-image":"","background-repeat":"repeat","background-position":"center center","background-size":"auto","background-attachment":"scroll","background-type":"","background-media":"","overlay-type":"","overlay-color":"","overlay-opacity":"","overlay-gradient":""},"tablet":{"background-color":"","background-image":"","background-repeat":"repeat","background-position":"center center","background-size":"auto","background-attachment":"scroll","background-type":"","background-media":"","overlay-type":"","overlay-color":"","overlay-opacity":"","overlay-gradient":""},"mobile":{"background-color":"","background-image":"","background-repeat":"repeat","background-position":"center center","background-size":"auto","background-attachment":"scroll","background-type":"","background-media":"","overlay-type":"","overlay-color":"","overlay-opacity":"","overlay-gradient":""}},"ast-content-background-meta":{"desktop":{"background-color":"var(--ast-global-color-5)","background-image":"","background-repeat":"repeat","background-position":"center center","background-size":"auto","background-attachment":"scroll","background-type":"","background-media":"","overlay-type":"","overlay-color":"","overlay-opacity":"","overlay-gradient":""},"tablet":{"background-color":"var(--ast-global-color-5)","background-image":"","background-repeat":"repeat","background-position":"center center","background-size":"auto","background-attachment":"scroll","background-type":"","background-media":"","overlay-type":"","overlay-color":"","overlay-opacity":"","overlay-gradient":""},"mobile":{"background-color":"var(--ast-global-color-5)","background-image":"","background-repeat":"repeat","background-position":"center center","background-size":"auto","background-attachment":"scroll","background-type":"","background-media":"","overlay-type":"","overlay-color":"","overlay-opacity":"","overlay-gradient":""}}},"product_brand":[],"product_cat":[2109],"product_tag":[2128,363,2129,2130,2131,2132,2133,2134,2135,2136,2137,2138,2139,2140,2141,2142,2143,2144,2145,2146,2147,2148,2149,2150,2151,2152,2153,2154,2155,2156,2157,2158,2159,2160,2161,2162],"class_list":{"0":"post-2591","1":"product","2":"type-product","3":"status-publish","4":"has-post-thumbnail","6":"product_cat-canaries","7":"product_tag-american-singer-canaries-for-sale","8":"product_tag-birds-for-sale","9":"product_tag-blue-canaries-for-sale","10":"product_tag-blue-canary-bird","11":"product_tag-buy-canary-birds-for-sale","12":"product_tag-buy-red-factor-canary","13":"product_tag-canaries-for-sale","14":"product_tag-canaries-for-sale-in-florida","15":"product_tag-canaries-for-sale-in-ohio","16":"product_tag-canaries-for-sale-near-me","17":"product_tag-canaries-for-sale-ny","18":"product_tag-canarios-for-sale","19":"product_tag-canary-bird-price","20":"product_tag-canary-bird-red","21":"product_tag-canary-bird-singing","22":"product_tag-canary-breeders","23":"product_tag-canary-for-sale","24":"product_tag-canary-for-sale-near-me","25":"product_tag-canary-for-sale-online","26":"product_tag-canary-price","27":"product_tag-colour-feeding-red-factor-canaries","28":"product_tag-exotic-birds-for-sale","29":"product_tag-fancy-canary-bird","30":"product_tag-female-canary-for-sale","31":"product_tag-green-canaries","32":"product_tag-male-canary-for-sale","33":"product_tag-orange-canary-for-sale","34":"product_tag-pet-birds","35":"product_tag-red-canary-bird-for-sale","36":"product_tag-red-factor-canary","37":"product_tag-red-factor-canary-for-sale","38":"product_tag-red-factor-canary-for-sale-in-california","39":"product_tag-red-factor-canary-for-sale-near-me","40":"product_tag-singing-canaries-for-sale","41":"product_tag-singing-canaries-for-sale-near-me","42":"product_tag-yellow-canary-birds-for-sale","43":"desktop-align-left","44":"tablet-align-left","45":"mobile-align-left","46":"ast-product-gallery-layout-horizontal-slider","47":"ast-product-gallery-with-no-image","48":"ast-product-tabs-layout-horizontal","49":"ast-qv-on-image","51":"first","52":"instock","53":"shipping-taxable","54":"product-type-simple"},"yoast_head":"<!-- This site is optimized with the Yoast SEO Premium plugin v23.2 (Yoast SEO v26.8) - https:\/\/yoast.com\/product\/yoast-seo-premium-wordpress\/ -->\n<title>Fife Fancy Canary for Sale | Tropical Wings Birds<\/title>\n<meta name=\"description\" content=\"Buy a fife fancy canary from a trusted breeder. Hand-fed, health-certified, closed-leg-ringed with full documentation. Worldwide shipping available.\" \/>\n<meta name=\"robots\" content=\"index, follow, max-snippet:-1, max-image-preview:large, max-video-preview:-1\" \/>\n<link rel=\"canonical\" href=\"https:\/\/tropicalwingsbirds.shop\/de_ch\/geschaft\/buy-fife-fancy-canary-online\/\" \/>\n<meta property=\"og:locale\" content=\"de_DE\" \/>\n<meta property=\"og:type\" content=\"article\" \/>\n<meta property=\"og:title\" content=\"Buy Fife Fancy Canary Online\" \/>\n<meta property=\"og:description\" content=\"Buy a fife fancy canary from a trusted breeder. Hand-fed, health-certified, closed-leg-ringed with full documentation. Worldwide shipping available.\" \/>\n<meta property=\"og:url\" content=\"https:\/\/tropicalwingsbirds.shop\/de_ch\/geschaft\/buy-fife-fancy-canary-online\/\" \/>\n<meta property=\"og:site_name\" content=\"Tropical Wings Birds\" \/>\n<meta property=\"article:publisher\" content=\"https:\/\/web.facebook.com\/profile.php?id=61551502767851&amp;mibextid=2JQ9oc&amp;_rdc=1&amp;_rdr\" \/>\n<meta property=\"article:modified_time\" content=\"2026-04-17T22:05:46+00:00\" \/>\n<meta property=\"og:image\" content=\"https:\/\/tropicalwingsbirds.shop\/wp-content\/uploads\/2023\/12\/1FIFE_CANARY__26307.1564673004.1280.12801__44509.1571293042.jpg\" \/>\n\t<meta property=\"og:image:width\" content=\"1024\" \/>\n\t<meta property=\"og:image:height\" content=\"643\" \/>\n\t<meta property=\"og:image:type\" content=\"image\/jpeg\" \/>\n<meta name=\"twitter:card\" content=\"summary_large_image\" \/>\n<meta name=\"twitter:label1\" content=\"Price\" \/>\n\t<meta name=\"twitter:data1\" content=\"\" \/>\n\t<meta name=\"twitter:label2\" content=\"Availability\" \/>\n\t<meta name=\"twitter:data2\" content=\"In stock\" \/>\n<script type=\"application\/ld+json\" class=\"yoast-schema-graph\">{\"@context\":\"https:\/\/schema.org\",\"@graph\":[{\"@type\":\"WebPage\",\"@id\":\"https:\/\/tropicalwingsbirds.shop\/shop\/buy-fife-fancy-canary-online\/\",\"url\":\"https:\/\/tropicalwingsbirds.shop\/shop\/buy-fife-fancy-canary-online\/\",\"name\":\"Fife Fancy Canary for Sale | Tropical Wings Birds\",\"isPartOf\":{\"@id\":\"https:\/\/tropicalwingsbirds.shop\/#website\"},\"primaryImageOfPage\":{\"@id\":\"https:\/\/tropicalwingsbirds.shop\/shop\/buy-fife-fancy-canary-online\/#primaryimage\"},\"image\":{\"@id\":\"https:\/\/tropicalwingsbirds.shop\/shop\/buy-fife-fancy-canary-online\/#primaryimage\"},\"thumbnailUrl\":\"https:\/\/tropicalwingsbirds.shop\/wp-content\/uploads\/2023\/12\/1FIFE_CANARY__26307.1564673004.1280.12801__44509.1571293042.jpg\",\"datePublished\":\"2023-12-07T16:33:58+00:00\",\"dateModified\":\"2026-04-17T22:05:46+00:00\",\"description\":\"Buy a fife fancy canary from a trusted breeder. Hand-fed, health-certified, closed-leg-ringed with full documentation. Worldwide shipping available.\",\"breadcrumb\":{\"@id\":\"https:\/\/tropicalwingsbirds.shop\/shop\/buy-fife-fancy-canary-online\/#breadcrumb\"},\"inLanguage\":\"de-CH\",\"potentialAction\":[{\"@type\":\"ReadAction\",\"target\":[\"https:\/\/tropicalwingsbirds.shop\/shop\/buy-fife-fancy-canary-online\/\"]}]},{\"@type\":\"ImageObject\",\"inLanguage\":\"de-CH\",\"@id\":\"https:\/\/tropicalwingsbirds.shop\/shop\/buy-fife-fancy-canary-online\/#primaryimage\",\"url\":\"https:\/\/tropicalwingsbirds.shop\/wp-content\/uploads\/2023\/12\/1FIFE_CANARY__26307.1564673004.1280.12801__44509.1571293042.jpg\",\"contentUrl\":\"https:\/\/tropicalwingsbirds.shop\/wp-content\/uploads\/2023\/12\/1FIFE_CANARY__26307.1564673004.1280.12801__44509.1571293042.jpg\",\"width\":1024,\"height\":643},{\"@type\":\"BreadcrumbList\",\"@id\":\"https:\/\/tropicalwingsbirds.shop\/shop\/buy-fife-fancy-canary-online\/#breadcrumb\",\"itemListElement\":[{\"@type\":\"ListItem\",\"position\":1,\"name\":\"Home\",\"item\":\"https:\/\/tropicalwingsbirds.shop\/\"},{\"@type\":\"ListItem\",\"position\":2,\"name\":\"Shop\",\"item\":\"https:\/\/tropicalwingsbirds.shop\/shop\/\"},{\"@type\":\"ListItem\",\"position\":3,\"name\":\"Buy Fife Fancy Canary Online\"}]},{\"@type\":\"WebSite\",\"@id\":\"https:\/\/tropicalwingsbirds.shop\/#website\",\"url\":\"https:\/\/tropicalwingsbirds.shop\/\",\"name\":\"Tropical Wings Birds\",\"description\":\"Best Exotic birds breeders online\",\"publisher\":{\"@id\":\"https:\/\/tropicalwingsbirds.shop\/#organization\"},\"potentialAction\":[{\"@type\":\"SearchAction\",\"target\":{\"@type\":\"EntryPoint\",\"urlTemplate\":\"https:\/\/tropicalwingsbirds.shop\/?s={search_term_string}\"},\"query-input\":{\"@type\":\"PropertyValueSpecification\",\"valueRequired\":true,\"valueName\":\"search_term_string\"}}],\"inLanguage\":\"de-CH\"},{\"@type\":[\"Organization\",\"Place\",\"PetStore\"],\"@id\":\"https:\/\/tropicalwingsbirds.shop\/#organization\",\"name\":\"Tropical Wings Birds Shop\",\"alternateName\":\"TPWB\",\"url\":\"https:\/\/tropicalwingsbirds.shop\/\",\"logo\":{\"@id\":\"https:\/\/tropicalwingsbirds.shop\/shop\/buy-fife-fancy-canary-online\/#local-main-organization-logo\"},\"image\":{\"@id\":\"https:\/\/tropicalwingsbirds.shop\/shop\/buy-fife-fancy-canary-online\/#local-main-organization-logo\"},\"sameAs\":[\"https:\/\/web.facebook.com\/profile.php?id=61551502767851&mibextid=2JQ9oc&_rdc=1&_rdr\"],\"description\":\"Tropical Wings Birds is your destination for exotic avian companionship. Our boutique aviary in United States offers a curated selection of vibrant tropical birds sourced from reputable breeders worldwide. With a focus on welfare and expertise, our dedicated team is here to guide you on your journey to finding the perfect feathered friend. Visit us today and experience the magic of avian companionship at Tropical Wings Birds.\",\"legalName\":\"Tropical Wings Birds\",\"foundingDate\":\"2019-02-14\",\"numberOfEmployees\":{\"@type\":\"QuantitativeValue\",\"minValue\":\"1\",\"maxValue\":\"10\"},\"address\":{\"@id\":\"https:\/\/tropicalwingsbirds.shop\/shop\/buy-fife-fancy-canary-online\/#local-main-place-address\"},\"geo\":{\"@type\":\"GeoCoordinates\",\"latitude\":\"40.5976725\",\"longitude\":\"-122.3716346\"},\"telephone\":[\"+1 707-733-4623\",\"+1 707-733-4623\"],\"contactPoint\":{\"@type\":\"ContactPoint\",\"telephone\":\"+1 707-733-4623\",\"email\":\"sales@tropicalwingsbirds.shop\"},\"openingHoursSpecification\":{\"@type\":\"OpeningHoursSpecification\",\"dayOfWeek\":[\"Monday\",\"Tuesday\",\"Wednesday\",\"Thursday\",\"Friday\",\"Saturday\",\"Sunday\"],\"opens\":\"00:00\",\"closes\":\"23:59\"},\"email\":\"sales@tropicalwingsbirds.shop\",\"faxNumber\":\"+1 707-733-4623\",\"areaServed\":\"United states, Porto Rico, Canada, Australia\",\"priceRange\":\"$\",\"currenciesAccepted\":\"USD, CAD, AUD,\",\"paymentAccepted\":\"Zelle, Paypal, Bitcoin, Apple pay, Credit cards, Bank transfers\"},{\"@type\":\"PostalAddress\",\"@id\":\"https:\/\/tropicalwingsbirds.shop\/shop\/buy-fife-fancy-canary-online\/#local-main-place-address\",\"streetAddress\":\"500 Hilltop Dr,\",\"addressLocality\":\"Redding\",\"postalCode\":\"96003\",\"addressRegion\":\"California\",\"addressCountry\":\"US\"},{\"@type\":\"ImageObject\",\"inLanguage\":\"de-CH\",\"@id\":\"https:\/\/tropicalwingsbirds.shop\/shop\/buy-fife-fancy-canary-online\/#local-main-organization-logo\",\"url\":\"https:\/\/tropicalwingsbirds.shop\/wp-content\/uploads\/2024\/01\/tropical-wings-1.webp\",\"contentUrl\":\"https:\/\/tropicalwingsbirds.shop\/wp-content\/uploads\/2024\/01\/tropical-wings-1.webp\",\"width\":500,\"height\":500,\"caption\":\"Tropical Wings Birds Shop\"}]}<\/script>\n<meta property=\"product:price:currency\" content=\"USD\" \/>\n<meta property=\"og:availability\" content=\"instock\" \/>\n<meta property=\"product:availability\" content=\"instock\" \/>\n<meta property=\"product:condition\" content=\"new\" \/>\n<meta name=\"geo.placename\" content=\"Redding\" \/>\n<meta name=\"geo.position\" content=\"40.5976725;-122.3716346\" \/>\n<meta name=\"geo.region\" content=\"United States (US)\" \/>\n<!-- \/ Yoast SEO Premium plugin. -->","yoast_head_json":{"title":"Fife Fancy Canary for Sale | Tropical Wings Birds","description":"Buy a fife fancy canary from a trusted breeder. Hand-fed, health-certified, closed-leg-ringed with full documentation. Worldwide shipping available.","robots":{"index":"index","follow":"follow","max-snippet":"max-snippet:-1","max-image-preview":"max-image-preview:large","max-video-preview":"max-video-preview:-1"},"canonical":"https:\/\/tropicalwingsbirds.shop\/de_ch\/geschaft\/buy-fife-fancy-canary-online\/","og_locale":"de_DE","og_type":"article","og_title":"Buy Fife Fancy Canary Online","og_description":"Buy a fife fancy canary from a trusted breeder. Hand-fed, health-certified, closed-leg-ringed with full documentation. Worldwide shipping available.","og_url":"https:\/\/tropicalwingsbirds.shop\/de_ch\/geschaft\/buy-fife-fancy-canary-online\/","og_site_name":"Tropical Wings Birds","article_publisher":"https:\/\/web.facebook.com\/profile.php?id=61551502767851&mibextid=2JQ9oc&_rdc=1&_rdr","article_modified_time":"2026-04-17T22:05:46+00:00","og_image":[{"width":1024,"height":643,"url":"https:\/\/tropicalwingsbirds.shop\/wp-content\/uploads\/2023\/12\/1FIFE_CANARY__26307.1564673004.1280.12801__44509.1571293042.jpg","type":"image\/jpeg"}],"twitter_card":"summary_large_image","twitter_misc":{"Price":"","Availability":"In stock"},"schema":{"@context":"https:\/\/schema.org","@graph":[{"@type":"WebPage","@id":"https:\/\/tropicalwingsbirds.shop\/shop\/buy-fife-fancy-canary-online\/","url":"https:\/\/tropicalwingsbirds.shop\/shop\/buy-fife-fancy-canary-online\/","name":"Fife Fancy Canary for Sale | Tropical Wings Birds","isPartOf":{"@id":"https:\/\/tropicalwingsbirds.shop\/#website"},"primaryImageOfPage":{"@id":"https:\/\/tropicalwingsbirds.shop\/shop\/buy-fife-fancy-canary-online\/#primaryimage"},"image":{"@id":"https:\/\/tropicalwingsbirds.shop\/shop\/buy-fife-fancy-canary-online\/#primaryimage"},"thumbnailUrl":"https:\/\/tropicalwingsbirds.shop\/wp-content\/uploads\/2023\/12\/1FIFE_CANARY__26307.1564673004.1280.12801__44509.1571293042.jpg","datePublished":"2023-12-07T16:33:58+00:00","dateModified":"2026-04-17T22:05:46+00:00","description":"Buy a fife fancy canary from a trusted breeder. Hand-fed, health-certified, closed-leg-ringed with full documentation. Worldwide shipping available.","breadcrumb":{"@id":"https:\/\/tropicalwingsbirds.shop\/shop\/buy-fife-fancy-canary-online\/#breadcrumb"},"inLanguage":"de-CH","potentialAction":[{"@type":"ReadAction","target":["https:\/\/tropicalwingsbirds.shop\/shop\/buy-fife-fancy-canary-online\/"]}]},{"@type":"ImageObject","inLanguage":"de-CH","@id":"https:\/\/tropicalwingsbirds.shop\/shop\/buy-fife-fancy-canary-online\/#primaryimage","url":"https:\/\/tropicalwingsbirds.shop\/wp-content\/uploads\/2023\/12\/1FIFE_CANARY__26307.1564673004.1280.12801__44509.1571293042.jpg","contentUrl":"https:\/\/tropicalwingsbirds.shop\/wp-content\/uploads\/2023\/12\/1FIFE_CANARY__26307.1564673004.1280.12801__44509.1571293042.jpg","width":1024,"height":643},{"@type":"BreadcrumbList","@id":"https:\/\/tropicalwingsbirds.shop\/shop\/buy-fife-fancy-canary-online\/#breadcrumb","itemListElement":[{"@type":"ListItem","position":1,"name":"Home","item":"https:\/\/tropicalwingsbirds.shop\/"},{"@type":"ListItem","position":2,"name":"Shop","item":"https:\/\/tropicalwingsbirds.shop\/shop\/"},{"@type":"ListItem","position":3,"name":"Buy Fife Fancy Canary Online"}]},{"@type":"WebSite","@id":"https:\/\/tropicalwingsbirds.shop\/#website","url":"https:\/\/tropicalwingsbirds.shop\/","name":"Tropische Fl\u00fcgelv\u00f6gel","description":"Die besten Z\u00fcchter exotischer V\u00f6gel online","publisher":{"@id":"https:\/\/tropicalwingsbirds.shop\/#organization"},"potentialAction":[{"@type":"SearchAction","target":{"@type":"EntryPoint","urlTemplate":"https:\/\/tropicalwingsbirds.shop\/?s={search_term_string}"},"query-input":{"@type":"PropertyValueSpecification","valueRequired":true,"valueName":"search_term_string"}}],"inLanguage":"de-CH"},{"@type":["Organization","Place","PetStore"],"@id":"https:\/\/tropicalwingsbirds.shop\/#organization","name":"Tropical Wings Birds Shop","alternateName":"TPWB","url":"https:\/\/tropicalwingsbirds.shop\/","logo":{"@id":"https:\/\/tropicalwingsbirds.shop\/shop\/buy-fife-fancy-canary-online\/#local-main-organization-logo"},"image":{"@id":"https:\/\/tropicalwingsbirds.shop\/shop\/buy-fife-fancy-canary-online\/#local-main-organization-logo"},"sameAs":["https:\/\/web.facebook.com\/profile.php?id=61551502767851&mibextid=2JQ9oc&_rdc=1&_rdr"],"description":"Tropical Wings Birds ist Ihre Adresse f\u00fcr exotische Vogelbegleitung. Unsere Boutique-Voliere in den USA bietet eine kuratierte Auswahl an farbenfrohen tropischen V\u00f6geln von renommierten Z\u00fcchtern weltweit. Mit Fokus auf Wohlbefinden und Expertise begleitet Sie unser engagiertes Team auf Ihrer Suche nach dem perfekten gefiederten Freund. Besuchen Sie uns noch heute und erleben Sie die Magie der Vogelbegleitung bei Tropical Wings Birds.","legalName":"Tropical Wings Birds","foundingDate":"2019-02-14","numberOfEmployees":{"@type":"QuantitativeValue","minValue":"1","maxValue":"10"},"address":{"@id":"https:\/\/tropicalwingsbirds.shop\/shop\/buy-fife-fancy-canary-online\/#local-main-place-address"},"geo":{"@type":"GeoCoordinates","latitude":"40.5976725","longitude":"-122.3716346"},"telephone":["+1 707-733-4623","+1 707-733-4623"],"contactPoint":{"@type":"ContactPoint","telephone":"+1 707-733-4623","email":"sales@tropicalwingsbirds.shop"},"openingHoursSpecification":{"@type":"OpeningHoursSpecification","dayOfWeek":["Monday","Tuesday","Wednesday","Thursday","Friday","Saturday","Sunday"],"opens":"00:00","closes":"23:59"},"email":"sales@tropicalwingsbirds.shop","faxNumber":"+1 707-733-4623","areaServed":"United states, Porto Rico, Canada, Australia","priceRange":"$","currenciesAccepted":"USD, CAD, AUD,","paymentAccepted":"Zelle, Paypal, Bitcoin, Apple pay, Credit cards, Bank transfers"},{"@type":"PostalAddress","@id":"https:\/\/tropicalwingsbirds.shop\/shop\/buy-fife-fancy-canary-online\/#local-main-place-address","streetAddress":"500 Hilltop Dr,","addressLocality":"Redding","postalCode":"96003","addressRegion":"California","addressCountry":"US"},{"@type":"ImageObject","inLanguage":"de-CH","@id":"https:\/\/tropicalwingsbirds.shop\/shop\/buy-fife-fancy-canary-online\/#local-main-organization-logo","url":"https:\/\/tropicalwingsbirds.shop\/wp-content\/uploads\/2024\/01\/tropical-wings-1.webp","contentUrl":"https:\/\/tropicalwingsbirds.shop\/wp-content\/uploads\/2024\/01\/tropical-wings-1.webp","width":500,"height":500,"caption":"Tropical Wings Birds Shop"}]},"product_price_currency":"USD","og_availability":"instock","product_availability":"instock","product_condition":"new","geo.placename":"Redding","geo.position":{"lat":"40.5976725","long":"-122.3716346"},"geo.region":"United States (US)"},"jetpack_sharing_enabled":true,"_links":{"self":[{"href":"https:\/\/tropicalwingsbirds.shop\/de_ch\/wp-json\/wp\/v2\/product\/2591","targetHints":{"allow":["GET"]}}],"collection":[{"href":"https:\/\/tropicalwingsbirds.shop\/de_ch\/wp-json\/wp\/v2\/product"}],"about":[{"href":"https:\/\/tropicalwingsbirds.shop\/de_ch\/wp-json\/wp\/v2\/types\/product"}],"replies":[{"embeddable":true,"href":"https:\/\/tropicalwingsbirds.shop\/de_ch\/wp-json\/wp\/v2\/comments?post=2591"}],"wp:featuredmedia":[{"embeddable":true,"href":"https:\/\/tropicalwingsbirds.shop\/de_ch\/wp-json\/wp\/v2\/media\/2652"}],"wp:attachment":[{"href":"https:\/\/tropicalwingsbirds.shop\/de_ch\/wp-json\/wp\/v2\/media?parent=2591"}],"wp:term":[{"taxonomy":"product_brand","embeddable":true,"href":"https:\/\/tropicalwingsbirds.shop\/de_ch\/wp-json\/wp\/v2\/product_brand?post=2591"},{"taxonomy":"product_cat","embeddable":true,"href":"https:\/\/tropicalwingsbirds.shop\/de_ch\/wp-json\/wp\/v2\/product_cat?post=2591"},{"taxonomy":"product_tag","embeddable":true,"href":"https:\/\/tropicalwingsbirds.shop\/de_ch\/wp-json\/wp\/v2\/product_tag?post=2591"}],"curies":[{"name":"wp","href":"https:\/\/api.w.org\/{rel}","templated":true}]}}