{"id":2620,"date":"2023-12-07T16:36:17","date_gmt":"2023-12-07T16:36:17","guid":{"rendered":"https:\/\/tropicalwingsbirds.shop\/?post_type=product&#038;p=2620"},"modified":"2024-02-02T23:08:15","modified_gmt":"2024-02-02T23:08:15","slug":"timneh-graupapagei-zu-verkaufen","status":"publish","type":"product","link":"https:\/\/tropicalwingsbirds.shop\/de_ch\/geschaft\/timneh-graupapagei-zu-verkaufen\/","title":{"rendered":"TIMNEH AFRICAN GREY ZU VERKAUFEN"},"content":{"rendered":"<h1>Timneh Graupapagei zu verkaufen<\/h1>\n<p>Der zum Verkauf stehende Graupapagei Timneh vereint alle gro\u00dfartigen Eigenschaften dieser beliebten V\u00f6gel. Obwohl der Timneh eine weniger verbreitete Unterart als der Graupapagei Kongo ist, ist er ein sehr intelligenter und kluger Vogel. Graupapageien gelten als die besten Sprecher der Vogelwelt. Sie k\u00f6nnen 200 oder mehr W\u00f6rter und alle m\u00f6glichen Tricks lernen. Sie imitieren au\u00dferdem h\u00e4ufig die Ger\u00e4usche ihrer Umgebung und schlie\u00dfen Menschen mit ein.<\/p>\n<p>Viele Ornithologen erforschen Graupapageien seit Jahren. Sie kamen zu dem Ergebnis, dass die kognitiven F\u00e4higkeiten dieser V\u00f6gel denen der intelligentesten Tierarten, ja sogar denen eines menschlichen Kleinkindes, ebenb\u00fcrtig sind. Dr. Irene Pepperberg und ihr Graupapagei Alex haben bei der Erforschung dieses Papageis und seiner F\u00e4higkeit zu sprechen, Formen und Farben zu erkennen und Zahlen zu verstehen, gro\u00dfe Fortschritte erzielt.<\/p>\n<p>Der Timneh-Graupapagei hat die F\u00e4higkeit, jedes Ger\u00e4usch, das er im Haus h\u00f6rt, nachzuahmen. Er kann sich wie ein Hund, ein Ehepartner oder jemand anderes anh\u00f6ren, der ihn interessiert. Manche Beispiele sind ziemlich lustig, wie zum Beispiel, Sie dazu zu bringen, ans Telefon zu gehen, wenn niemand angerufen hat. Oder Sie dazu zu bringen, zur T\u00fcr zu gehen und sie Ihren Kindern zu \u00f6ffnen, obwohl diese noch nicht von der Schule nach Hause gekommen sind. Ein Timneh-Graupapagei w\u00fcrde gerne die Ninja Turtles im Fernsehen sehen. Eines Tages kamen ein paar Freunde zu Besuch. Als sie zur T\u00fcr hereinkamen, sagte \u201eBilly\u201c ganz deutlich: \u201eLass deine Unterhose runter, ich habe eine Pistole.\u201c Alle waren v\u00f6llig sprachlos, sahen sich nur an und brachen dann in Gel\u00e4chter aus. Timneh-Graupapagei zu verkaufen<\/p>\n<h2>Sozialverhalten von Timneh-Graupapageien zu verkaufen<\/h2>\n<p>Der Timneh-Graupapagei ist ein eigenst\u00e4ndiger Vogel. Er sieht anders aus und hat einen anderen Charakter als der Kongopapagei. Er ist nicht so k\u00f6niglich und fordernd wie der Kongopapagei. Wie dieser ist auch der Timneh etwas sch\u00fcchtern, aber deutlich kontaktfreudiger als sein Gegenst\u00fcck. Timnehs tolerieren mehr Aufregung, knallende T\u00fcren und die allgemeinen Ger\u00e4usche um sie herum. Da er ein entspannterer Papagei als sein Cousin ist, ist er angenehmer in der Gesellschaft.<\/p>\n<p>Graupapageien haben in der Wildnis eine starke Paarbindung, die sich auch in Gefangenschaft fortsetzt. Timneh bevorzugt ein einzelnes Tier, oft vom anderen Geschlecht. Er toleriert andere Familienmitglieder, bleibt aber praktisch nur einer Person verbunden. Der Timneh kann albern sein, spielt gerne und betrachtet seinen Menschen oft als ein gro\u00dfes, pers\u00f6nliches Spielzeug.<\/p>\n<p>Timnehs besitzen alle guten Eigenschaften ihres beliebten Gegenst\u00fccks, des Graupapageis (Kongo). Es hat eine Weile gedauert, aber der Graupapagei Timneh erf\u00e4hrt nun mehr Anerkennung. Er hat sich als hervorragender Sprecher etabliert, mit der perfekten Tonqualit\u00e4t, die seine Menschen ben\u00f6tigen, um verstanden zu werden, und kann Ger\u00e4usche in seiner Umgebung pr\u00e4zise nachahmen.<\/p>\n<p>Der Graupapagei Timneh ist seinem Kongo-Gegenst\u00fcck in Intelligenz und F\u00e4higkeiten ebenb\u00fcrtig, verf\u00fcgt jedoch \u00fcber einzigartige St\u00e4rken. Timnehs k\u00f6nnen fr\u00fcher sprechen lernen als Kongo-Papageien und sind im Allgemeinen weniger nerv\u00f6s. Ihre F\u00e4rbung ist etwas dunkler grau und ihr Schwanz ist kastanienbraun statt rot. Sie sind etwas kleiner und weniger teuer, aber ebenso gute Begleiter. Da es sich um eine entspanntere Version des Graupapageis handelt, ziehen manche Halter diesen entspannteren Papagei seinem Cousin vor.<\/p>","protected":false},"excerpt":{"rendered":"<p>Der zum Verkauf stehende Graupapagei Timneh vereint alle gro\u00dfartigen Eigenschaften dieser beliebten V\u00f6gel. Obwohl der Timneh eine weniger verbreitete Unterart als der Kongo-Graupapagei ist, ist er ein sehr intelligenter und kluger Vogel. Graupapageien gelten als die besten Sprecher der Vogelwelt. Sie k\u00f6nnen 200 oder mehr W\u00f6rter und alle m\u00f6glichen Tricks lernen. Au\u00dferdem imitieren sie h\u00e4ufig die Ger\u00e4usche ihrer Umgebung, einschlie\u00dflich der von Menschen.<\/p>","protected":false},"featured_media":2658,"comment_status":"closed","ping_status":"closed","template":"","meta":{"site-sidebar-layout":"default","site-content-layout":"","ast-site-content-layout":"default","site-content-style":"default","site-sidebar-style":"default","ast-global-header-display":"","ast-banner-title-visibility":"","ast-main-header-display":"","ast-hfb-above-header-display":"","ast-hfb-below-header-display":"","ast-hfb-mobile-header-display":"","site-post-title":"","ast-breadcrumbs-content":"","ast-featured-img":"","footer-sml-layout":"","theme-transparent-header-meta":"default","adv-header-id-meta":"","stick-header-meta":"default","header-above-stick-meta":"","header-main-stick-meta":"","header-below-stick-meta":"","astra-migrate-meta-layouts":"set","ast-page-background-enabled":"default","ast-page-background-meta":{"desktop":{"background-color":"var(--ast-global-color-4)","background-image":"","background-repeat":"repeat","background-position":"center center","background-size":"auto","background-attachment":"scroll","background-type":"","background-media":"","overlay-type":"","overlay-color":"","overlay-opacity":"","overlay-gradient":""},"tablet":{"background-color":"","background-image":"","background-repeat":"repeat","background-position":"center center","background-size":"auto","background-attachment":"scroll","background-type":"","background-media":"","overlay-type":"","overlay-color":"","overlay-opacity":"","overlay-gradient":""},"mobile":{"background-color":"","background-image":"","background-repeat":"repeat","background-position":"center center","background-size":"auto","background-attachment":"scroll","background-type":"","background-media":"","overlay-type":"","overlay-color":"","overlay-opacity":"","overlay-gradient":""}},"ast-content-background-meta":{"desktop":{"background-color":"var(--ast-global-color-5)","background-image":"","background-repeat":"repeat","background-position":"center center","background-size":"auto","background-attachment":"scroll","background-type":"","background-media":"","overlay-type":"","overlay-color":"","overlay-opacity":"","overlay-gradient":""},"tablet":{"background-color":"var(--ast-global-color-5)","background-image":"","background-repeat":"repeat","background-position":"center center","background-size":"auto","background-attachment":"scroll","background-type":"","background-media":"","overlay-type":"","overlay-color":"","overlay-opacity":"","overlay-gradient":""},"mobile":{"background-color":"var(--ast-global-color-5)","background-image":"","background-repeat":"repeat","background-position":"center center","background-size":"auto","background-attachment":"scroll","background-type":"","background-media":"","overlay-type":"","overlay-color":"","overlay-opacity":"","overlay-gradient":""}}},"product_brand":[],"product_cat":[15],"product_tag":[2176,2177,2178,2179,2180,2181,381,384,386,2182,392,2183,2184,2185,2186,2203,2204,2187,2188,2189,2205,2190,2206,2191,2192,2193,2194,2195,2196,2197,2198,2199,2200,2201,2207,2202,2208,2209,2210,2211],"class_list":{"0":"post-2620","1":"product","2":"type-product","3":"status-publish","4":"has-post-thumbnail","6":"product_cat-uncategorized","7":"product_tag-african-gray-parrot-for-sale","8":"product_tag-african-grey-breeders","9":"product_tag-african-grey-congo-parrots-for-sale","10":"product_tag-african-grey-for-sale","11":"product_tag-african-grey-for-sale-nc","12":"product_tag-african-grey-parrot-baby","13":"product_tag-african-grey-parrot-care","14":"product_tag-african-grey-parrot-for-sale","15":"product_tag-african-grey-parrot-for-sale-near-me","16":"product_tag-african-grey-parrot-for-sale-ny","17":"product_tag-african-grey-parrot-intelligence","18":"product_tag-african-grey-parrot-pet-for-sale","19":"product_tag-african-grey-parrot-price","20":"product_tag-african-grey-red-tail-for-sale","21":"product_tag-african-grey-red-tail-parrot-for-sale","22":"product_tag-african-grey-timneh-babies-for-sale","23":"product_tag-african-grey-timneh-for-sale-near-me","24":"product_tag-african-parrot-for-sale","25":"product_tag-african-red-tail-parrot-for-sale","26":"product_tag-baby-congo-african-grey-parrots-for-sale","27":"product_tag-baby-timneh-african-grey-parrot-for-sale","28":"product_tag-buy-african-grey-parrots-online","29":"product_tag-buy-timneh-african-grey","30":"product_tag-cheap-african-grey-parrot-for-sale","31":"product_tag-congo-african-grey-birds-for-sale","32":"product_tag-congo-african-grey-parrot-for-sale","33":"product_tag-grey-parrot-for-sale","34":"product_tag-harrisons-bird-food","35":"product_tag-how-much-is-an-african-grey","36":"product_tag-male-congo-african-grey-parrot-for-sale","37":"product_tag-parrots-for-sale","38":"product_tag-parrots-for-sale-near-me","39":"product_tag-red-tailed-african-grey-parrots-for-sale","40":"product_tag-talking-parrots-for-sale-near-me","41":"product_tag-timneh-african-grey-babies-for-sale","42":"product_tag-timneh-african-grey-for-sale","43":"product_tag-timneh-african-grey-parrot","44":"product_tag-timneh-african-grey-parrot-babies-for-sale","45":"product_tag-timneh-african-grey-parrot-for-sale","46":"product_tag-timneh-grey-parrot-for-sale","47":"desktop-align-left","48":"tablet-align-left","49":"mobile-align-left","50":"ast-product-gallery-layout-horizontal-slider","51":"ast-product-tabs-layout-horizontal","52":"ast-qv-on-image","54":"first","55":"instock","56":"shipping-taxable","57":"product-type-simple"},"yoast_head":"<!-- This site is optimized with the Yoast SEO Premium plugin v23.2 (Yoast SEO v26.8) - https:\/\/yoast.com\/product\/yoast-seo-premium-wordpress\/ -->\n<title>TIMNEH AFRICAN GREY FOR SALE - Tropical Wings Birds<\/title>\n<meta name=\"robots\" content=\"index, follow, max-snippet:-1, max-image-preview:large, max-video-preview:-1\" \/>\n<link rel=\"canonical\" href=\"https:\/\/tropicalwingsbirds.shop\/de_ch\/geschaft\/timneh-graupapagei-zu-verkaufen\/\" \/>\n<meta property=\"og:locale\" content=\"de_DE\" \/>\n<meta property=\"og:type\" content=\"article\" \/>\n<meta property=\"og:title\" content=\"TIMNEH AFRICAN GREY FOR SALE\" \/>\n<meta property=\"og:description\" content=\"Timneh African grey for sale has all the great attributes of these popular birds. Though the Timneh is a less common subspecies than the African Grey Congo, it\u2019s a very intelligent and clever bird. African Greys are known to be the best talkers in the bird world. They are able to learn 200 or more words and all kinds of tricks. They also frequently imitate the sounds of their environment and including people.\" \/>\n<meta property=\"og:url\" content=\"https:\/\/tropicalwingsbirds.shop\/de_ch\/geschaft\/timneh-graupapagei-zu-verkaufen\/\" \/>\n<meta property=\"og:site_name\" content=\"Tropical Wings Birds\" \/>\n<meta property=\"article:publisher\" content=\"https:\/\/web.facebook.com\/profile.php?id=61551502767851&amp;mibextid=2JQ9oc&amp;_rdc=1&amp;_rdr\" \/>\n<meta property=\"article:modified_time\" content=\"2024-02-02T23:08:15+00:00\" \/>\n<meta property=\"og:image\" content=\"https:\/\/tropicalwingsbirds.shop\/wp-content\/uploads\/2023\/12\/Timneh-African-grey-for-sale-1.jpg\" \/>\n\t<meta property=\"og:image:width\" content=\"500\" \/>\n\t<meta property=\"og:image:height\" content=\"880\" \/>\n\t<meta property=\"og:image:type\" content=\"image\/jpeg\" \/>\n<meta name=\"twitter:card\" content=\"summary_large_image\" \/>\n<meta name=\"twitter:label1\" content=\"Price\" \/>\n\t<meta name=\"twitter:data1\" content=\"\" \/>\n\t<meta name=\"twitter:label2\" content=\"Availability\" \/>\n\t<meta name=\"twitter:data2\" content=\"In stock\" \/>\n<script type=\"application\/ld+json\" class=\"yoast-schema-graph\">{\"@context\":\"https:\/\/schema.org\",\"@graph\":[{\"@type\":\"WebPage\",\"@id\":\"https:\/\/tropicalwingsbirds.shop\/shop\/timneh-african-grey-for-sale\/\",\"url\":\"https:\/\/tropicalwingsbirds.shop\/shop\/timneh-african-grey-for-sale\/\",\"name\":\"TIMNEH AFRICAN GREY FOR SALE - Tropical Wings Birds\",\"isPartOf\":{\"@id\":\"https:\/\/tropicalwingsbirds.shop\/#website\"},\"primaryImageOfPage\":{\"@id\":\"https:\/\/tropicalwingsbirds.shop\/shop\/timneh-african-grey-for-sale\/#primaryimage\"},\"image\":{\"@id\":\"https:\/\/tropicalwingsbirds.shop\/shop\/timneh-african-grey-for-sale\/#primaryimage\"},\"thumbnailUrl\":\"https:\/\/tropicalwingsbirds.shop\/wp-content\/uploads\/2023\/12\/Timneh-African-grey-for-sale-1.jpg\",\"datePublished\":\"2023-12-07T16:36:17+00:00\",\"dateModified\":\"2024-02-02T23:08:15+00:00\",\"breadcrumb\":{\"@id\":\"https:\/\/tropicalwingsbirds.shop\/shop\/timneh-african-grey-for-sale\/#breadcrumb\"},\"inLanguage\":\"de-CH\",\"potentialAction\":[{\"@type\":\"ReadAction\",\"target\":[\"https:\/\/tropicalwingsbirds.shop\/shop\/timneh-african-grey-for-sale\/\"]}]},{\"@type\":\"ImageObject\",\"inLanguage\":\"de-CH\",\"@id\":\"https:\/\/tropicalwingsbirds.shop\/shop\/timneh-african-grey-for-sale\/#primaryimage\",\"url\":\"https:\/\/tropicalwingsbirds.shop\/wp-content\/uploads\/2023\/12\/Timneh-African-grey-for-sale-1.jpg\",\"contentUrl\":\"https:\/\/tropicalwingsbirds.shop\/wp-content\/uploads\/2023\/12\/Timneh-African-grey-for-sale-1.jpg\",\"width\":500,\"height\":880},{\"@type\":\"BreadcrumbList\",\"@id\":\"https:\/\/tropicalwingsbirds.shop\/shop\/timneh-african-grey-for-sale\/#breadcrumb\",\"itemListElement\":[{\"@type\":\"ListItem\",\"position\":1,\"name\":\"Home\",\"item\":\"https:\/\/tropicalwingsbirds.shop\/\"},{\"@type\":\"ListItem\",\"position\":2,\"name\":\"Shop\",\"item\":\"https:\/\/tropicalwingsbirds.shop\/shop\/\"},{\"@type\":\"ListItem\",\"position\":3,\"name\":\"TIMNEH AFRICAN GREY FOR SALE\"}]},{\"@type\":\"WebSite\",\"@id\":\"https:\/\/tropicalwingsbirds.shop\/#website\",\"url\":\"https:\/\/tropicalwingsbirds.shop\/\",\"name\":\"Tropical Wings Birds\",\"description\":\"Best Exotic birds breeders online\",\"publisher\":{\"@id\":\"https:\/\/tropicalwingsbirds.shop\/#organization\"},\"potentialAction\":[{\"@type\":\"SearchAction\",\"target\":{\"@type\":\"EntryPoint\",\"urlTemplate\":\"https:\/\/tropicalwingsbirds.shop\/?s={search_term_string}\"},\"query-input\":{\"@type\":\"PropertyValueSpecification\",\"valueRequired\":true,\"valueName\":\"search_term_string\"}}],\"inLanguage\":\"de-CH\"},{\"@type\":[\"Organization\",\"Place\",\"PetStore\"],\"@id\":\"https:\/\/tropicalwingsbirds.shop\/#organization\",\"name\":\"Tropical Wings Birds Shop\",\"alternateName\":\"TPWB\",\"url\":\"https:\/\/tropicalwingsbirds.shop\/\",\"logo\":{\"@id\":\"https:\/\/tropicalwingsbirds.shop\/shop\/timneh-african-grey-for-sale\/#local-main-organization-logo\"},\"image\":{\"@id\":\"https:\/\/tropicalwingsbirds.shop\/shop\/timneh-african-grey-for-sale\/#local-main-organization-logo\"},\"sameAs\":[\"https:\/\/web.facebook.com\/profile.php?id=61551502767851&mibextid=2JQ9oc&_rdc=1&_rdr\"],\"description\":\"Tropical Wings Birds is your destination for exotic avian companionship. Our boutique aviary in United States offers a curated selection of vibrant tropical birds sourced from reputable breeders worldwide. With a focus on welfare and expertise, our dedicated team is here to guide you on your journey to finding the perfect feathered friend. Visit us today and experience the magic of avian companionship at Tropical Wings Birds.\",\"legalName\":\"Tropical Wings Birds\",\"foundingDate\":\"2019-02-14\",\"numberOfEmployees\":{\"@type\":\"QuantitativeValue\",\"minValue\":\"1\",\"maxValue\":\"10\"},\"address\":{\"@id\":\"https:\/\/tropicalwingsbirds.shop\/shop\/timneh-african-grey-for-sale\/#local-main-place-address\"},\"geo\":{\"@type\":\"GeoCoordinates\",\"latitude\":\"40.5976725\",\"longitude\":\"-122.3716346\"},\"telephone\":[\"+1 707-733-4623\",\"+1 707-733-4623\"],\"contactPoint\":{\"@type\":\"ContactPoint\",\"telephone\":\"+1 707-733-4623\",\"email\":\"sales@tropicalwingsbirds.shop\"},\"openingHoursSpecification\":{\"@type\":\"OpeningHoursSpecification\",\"dayOfWeek\":[\"Monday\",\"Tuesday\",\"Wednesday\",\"Thursday\",\"Friday\",\"Saturday\",\"Sunday\"],\"opens\":\"00:00\",\"closes\":\"23:59\"},\"email\":\"sales@tropicalwingsbirds.shop\",\"faxNumber\":\"+1 707-733-4623\",\"areaServed\":\"United states, Porto Rico, Canada, Australia\",\"priceRange\":\"$\",\"currenciesAccepted\":\"USD, CAD, AUD,\",\"paymentAccepted\":\"Zelle, Paypal, Bitcoin, Apple pay, Credit cards, Bank transfers\"},{\"@type\":\"PostalAddress\",\"@id\":\"https:\/\/tropicalwingsbirds.shop\/shop\/timneh-african-grey-for-sale\/#local-main-place-address\",\"streetAddress\":\"500 Hilltop Dr,\",\"addressLocality\":\"Redding\",\"postalCode\":\"96003\",\"addressRegion\":\"California\",\"addressCountry\":\"US\"},{\"@type\":\"ImageObject\",\"inLanguage\":\"de-CH\",\"@id\":\"https:\/\/tropicalwingsbirds.shop\/shop\/timneh-african-grey-for-sale\/#local-main-organization-logo\",\"url\":\"https:\/\/tropicalwingsbirds.shop\/wp-content\/uploads\/2024\/01\/tropical-wings-1.webp\",\"contentUrl\":\"https:\/\/tropicalwingsbirds.shop\/wp-content\/uploads\/2024\/01\/tropical-wings-1.webp\",\"width\":500,\"height\":500,\"caption\":\"Tropical Wings Birds Shop\"}]}<\/script>\n<meta property=\"product:price:currency\" content=\"USD\" \/>\n<meta property=\"og:availability\" content=\"instock\" \/>\n<meta property=\"product:availability\" content=\"instock\" \/>\n<meta property=\"product:condition\" content=\"new\" \/>\n<meta name=\"geo.placename\" content=\"Redding\" \/>\n<meta name=\"geo.position\" content=\"40.5976725;-122.3716346\" \/>\n<meta name=\"geo.region\" content=\"United States (US)\" \/>\n<!-- \/ Yoast SEO Premium plugin. -->","yoast_head_json":{"title":"TIMNEH AFRICAN GREY ZU VERKAUFEN - Tropical Wings Birds","robots":{"index":"index","follow":"follow","max-snippet":"max-snippet:-1","max-image-preview":"max-image-preview:large","max-video-preview":"max-video-preview:-1"},"canonical":"https:\/\/tropicalwingsbirds.shop\/de_ch\/geschaft\/timneh-graupapagei-zu-verkaufen\/","og_locale":"de_DE","og_type":"article","og_title":"TIMNEH AFRICAN GREY FOR SALE","og_description":"Timneh African grey for sale has all the great attributes of these popular birds. Though the Timneh is a less common subspecies than the African Grey Congo, it\u2019s a very intelligent and clever bird. African Greys are known to be the best talkers in the bird world. They are able to learn 200 or more words and all kinds of tricks. They also frequently imitate the sounds of their environment and including people.","og_url":"https:\/\/tropicalwingsbirds.shop\/de_ch\/geschaft\/timneh-graupapagei-zu-verkaufen\/","og_site_name":"Tropical Wings Birds","article_publisher":"https:\/\/web.facebook.com\/profile.php?id=61551502767851&mibextid=2JQ9oc&_rdc=1&_rdr","article_modified_time":"2024-02-02T23:08:15+00:00","og_image":[{"width":500,"height":880,"url":"https:\/\/tropicalwingsbirds.shop\/wp-content\/uploads\/2023\/12\/Timneh-African-grey-for-sale-1.jpg","type":"image\/jpeg"}],"twitter_card":"summary_large_image","twitter_misc":{"Price":"","Availability":"In stock"},"schema":{"@context":"https:\/\/schema.org","@graph":[{"@type":"WebPage","@id":"https:\/\/tropicalwingsbirds.shop\/shop\/timneh-african-grey-for-sale\/","url":"https:\/\/tropicalwingsbirds.shop\/shop\/timneh-african-grey-for-sale\/","name":"TIMNEH AFRICAN GREY ZU VERKAUFEN - Tropical Wings Birds","isPartOf":{"@id":"https:\/\/tropicalwingsbirds.shop\/#website"},"primaryImageOfPage":{"@id":"https:\/\/tropicalwingsbirds.shop\/shop\/timneh-african-grey-for-sale\/#primaryimage"},"image":{"@id":"https:\/\/tropicalwingsbirds.shop\/shop\/timneh-african-grey-for-sale\/#primaryimage"},"thumbnailUrl":"https:\/\/tropicalwingsbirds.shop\/wp-content\/uploads\/2023\/12\/Timneh-African-grey-for-sale-1.jpg","datePublished":"2023-12-07T16:36:17+00:00","dateModified":"2024-02-02T23:08:15+00:00","breadcrumb":{"@id":"https:\/\/tropicalwingsbirds.shop\/shop\/timneh-african-grey-for-sale\/#breadcrumb"},"inLanguage":"de-CH","potentialAction":[{"@type":"ReadAction","target":["https:\/\/tropicalwingsbirds.shop\/shop\/timneh-african-grey-for-sale\/"]}]},{"@type":"ImageObject","inLanguage":"de-CH","@id":"https:\/\/tropicalwingsbirds.shop\/shop\/timneh-african-grey-for-sale\/#primaryimage","url":"https:\/\/tropicalwingsbirds.shop\/wp-content\/uploads\/2023\/12\/Timneh-African-grey-for-sale-1.jpg","contentUrl":"https:\/\/tropicalwingsbirds.shop\/wp-content\/uploads\/2023\/12\/Timneh-African-grey-for-sale-1.jpg","width":500,"height":880},{"@type":"BreadcrumbList","@id":"https:\/\/tropicalwingsbirds.shop\/shop\/timneh-african-grey-for-sale\/#breadcrumb","itemListElement":[{"@type":"ListItem","position":1,"name":"Home","item":"https:\/\/tropicalwingsbirds.shop\/"},{"@type":"ListItem","position":2,"name":"Shop","item":"https:\/\/tropicalwingsbirds.shop\/shop\/"},{"@type":"ListItem","position":3,"name":"TIMNEH AFRICAN GREY FOR SALE"}]},{"@type":"WebSite","@id":"https:\/\/tropicalwingsbirds.shop\/#website","url":"https:\/\/tropicalwingsbirds.shop\/","name":"Tropische Fl\u00fcgelv\u00f6gel","description":"Die besten Z\u00fcchter exotischer V\u00f6gel online","publisher":{"@id":"https:\/\/tropicalwingsbirds.shop\/#organization"},"potentialAction":[{"@type":"SearchAction","target":{"@type":"EntryPoint","urlTemplate":"https:\/\/tropicalwingsbirds.shop\/?s={search_term_string}"},"query-input":{"@type":"PropertyValueSpecification","valueRequired":true,"valueName":"search_term_string"}}],"inLanguage":"de-CH"},{"@type":["Organization","Place","PetStore"],"@id":"https:\/\/tropicalwingsbirds.shop\/#organization","name":"Tropical Wings Birds Shop","alternateName":"TPWB","url":"https:\/\/tropicalwingsbirds.shop\/","logo":{"@id":"https:\/\/tropicalwingsbirds.shop\/shop\/timneh-african-grey-for-sale\/#local-main-organization-logo"},"image":{"@id":"https:\/\/tropicalwingsbirds.shop\/shop\/timneh-african-grey-for-sale\/#local-main-organization-logo"},"sameAs":["https:\/\/web.facebook.com\/profile.php?id=61551502767851&mibextid=2JQ9oc&_rdc=1&_rdr"],"description":"Tropical Wings Birds ist Ihre Adresse f\u00fcr exotische Vogelbegleitung. Unsere Boutique-Voliere in den USA bietet eine kuratierte Auswahl an farbenfrohen tropischen V\u00f6geln von renommierten Z\u00fcchtern weltweit. Mit Fokus auf Wohlbefinden und Expertise begleitet Sie unser engagiertes Team auf Ihrer Suche nach dem perfekten gefiederten Freund. Besuchen Sie uns noch heute und erleben Sie die Magie der Vogelbegleitung bei Tropical Wings Birds.","legalName":"Tropical Wings Birds","foundingDate":"2019-02-14","numberOfEmployees":{"@type":"QuantitativeValue","minValue":"1","maxValue":"10"},"address":{"@id":"https:\/\/tropicalwingsbirds.shop\/shop\/timneh-african-grey-for-sale\/#local-main-place-address"},"geo":{"@type":"GeoCoordinates","latitude":"40.5976725","longitude":"-122.3716346"},"telephone":["+1 707-733-4623","+1 707-733-4623"],"contactPoint":{"@type":"ContactPoint","telephone":"+1 707-733-4623","email":"sales@tropicalwingsbirds.shop"},"openingHoursSpecification":{"@type":"OpeningHoursSpecification","dayOfWeek":["Monday","Tuesday","Wednesday","Thursday","Friday","Saturday","Sunday"],"opens":"00:00","closes":"23:59"},"email":"sales@tropicalwingsbirds.shop","faxNumber":"+1 707-733-4623","areaServed":"United states, Porto Rico, Canada, Australia","priceRange":"$","currenciesAccepted":"USD, CAD, AUD,","paymentAccepted":"Zelle, Paypal, Bitcoin, Apple pay, Credit cards, Bank transfers"},{"@type":"PostalAddress","@id":"https:\/\/tropicalwingsbirds.shop\/shop\/timneh-african-grey-for-sale\/#local-main-place-address","streetAddress":"500 Hilltop Dr,","addressLocality":"Redding","postalCode":"96003","addressRegion":"California","addressCountry":"US"},{"@type":"ImageObject","inLanguage":"de-CH","@id":"https:\/\/tropicalwingsbirds.shop\/shop\/timneh-african-grey-for-sale\/#local-main-organization-logo","url":"https:\/\/tropicalwingsbirds.shop\/wp-content\/uploads\/2024\/01\/tropical-wings-1.webp","contentUrl":"https:\/\/tropicalwingsbirds.shop\/wp-content\/uploads\/2024\/01\/tropical-wings-1.webp","width":500,"height":500,"caption":"Tropical Wings Birds Shop"}]},"product_price_currency":"USD","og_availability":"instock","product_availability":"instock","product_condition":"new","geo.placename":"Redding","geo.position":{"lat":"40.5976725","long":"-122.3716346"},"geo.region":"United States (US)"},"_links":{"self":[{"href":"https:\/\/tropicalwingsbirds.shop\/de_ch\/wp-json\/wp\/v2\/product\/2620","targetHints":{"allow":["GET"]}}],"collection":[{"href":"https:\/\/tropicalwingsbirds.shop\/de_ch\/wp-json\/wp\/v2\/product"}],"about":[{"href":"https:\/\/tropicalwingsbirds.shop\/de_ch\/wp-json\/wp\/v2\/types\/product"}],"replies":[{"embeddable":true,"href":"https:\/\/tropicalwingsbirds.shop\/de_ch\/wp-json\/wp\/v2\/comments?post=2620"}],"wp:featuredmedia":[{"embeddable":true,"href":"https:\/\/tropicalwingsbirds.shop\/de_ch\/wp-json\/wp\/v2\/media\/2658"}],"wp:attachment":[{"href":"https:\/\/tropicalwingsbirds.shop\/de_ch\/wp-json\/wp\/v2\/media?parent=2620"}],"wp:term":[{"taxonomy":"product_brand","embeddable":true,"href":"https:\/\/tropicalwingsbirds.shop\/de_ch\/wp-json\/wp\/v2\/product_brand?post=2620"},{"taxonomy":"product_cat","embeddable":true,"href":"https:\/\/tropicalwingsbirds.shop\/de_ch\/wp-json\/wp\/v2\/product_cat?post=2620"},{"taxonomy":"product_tag","embeddable":true,"href":"https:\/\/tropicalwingsbirds.shop\/de_ch\/wp-json\/wp\/v2\/product_tag?post=2620"}],"curies":[{"name":"wp","href":"https:\/\/api.w.org\/{rel}","templated":true}]}}