{"id":544,"date":"2023-12-03T14:05:00","date_gmt":"2023-12-03T14:05:00","guid":{"rendered":"https:\/\/tropicalwingsbirds.shop\/?post_type=product&#038;p=544"},"modified":"2023-12-03T14:05:16","modified_gmt":"2023-12-03T14:05:16","slug":"grunflugelara-2","status":"publish","type":"product","link":"https:\/\/tropicalwingsbirds.shop\/de_ch\/geschaft\/grunflugelara-2\/","title":{"rendered":"Gr\u00fcnfl\u00fcgelara"},"content":{"rendered":"<div class=\"product-section\">\n<div class=\"row\">\n<div class=\"large-10 col pb-0 mb-0\">\n<div class=\"panel entry-content\">\n<p>Der Gr\u00fcnfl\u00fcgelara ist ein gro\u00dfer Vogel. Er geh\u00f6rt zur Gattung Ara und zur Ordnung der\u00a0<a href=\"https:\/\/macawparrotshop.com\">Papageien<\/a>Der Gr\u00fcnfl\u00fcgelara verliert manchmal kleine rote Federn im Gesicht. Typisch f\u00fcr einen Ara ist der kr\u00e4ftige, gro\u00dfe Schnabel. Seine kr\u00e4ftigen Zehen sind grau. Das Geschlecht l\u00e4sst sich nicht leicht bestimmen, da sich Weibchen und M\u00e4nnchen optisch kaum unterscheiden.<\/p>\n<p>Der Gr\u00fcnfl\u00fcgelara ist ein gro\u00dfer Papagei mit \u00fcberwiegend rotem Gefieder. Gr\u00fcnfl\u00fcgelaras k\u00f6nnen online gekauft werden. Die Fl\u00fcgel- und Schwanzfedern sind blau und gr\u00fcn, daher auch der Name. Das nackte Gesicht ist wei\u00df und mit kleinen roten Federn gestreift. Gr\u00fcnfl\u00fcgelaras k\u00f6nnen online gekauft werden.<\/p>\n<h3>Merkmale;<\/h3>\n<p>Gr\u00f6\u00dfe: Ungef\u00e4hr 65\u201392,5 cm (26\u201337 Zoll); Fl\u00fcgelspannweite 102\u2013122,5 cm (41\u201349 Zoll).<br \/> Gewicht: ca. 1250\u20131700 g (43,8\u201359,5 oz.).<br \/> Ern\u00e4hrung: Ern\u00e4hrt sich von Samen, Fr\u00fcchten, N\u00fcssen, Beeren, Bl\u00e4ttern, Salzen und Mineralien der Flussufer.<br \/> Inkubationszeit: ca. 28 Tage.<br \/> Gelegegr\u00f6\u00dfe: Bis zu 3 Eier.<br \/> Jungvogeldauer 90\u2013100 Tage.<br \/> Geschlechtsreife 3\u20134 Jahre.<br \/> Lebensdauer: Bis zu 60\u201380 Jahre.<br \/> Verbreitung: Weit verbreitet in ganz S\u00fcdamerika.<br \/> Lebensraum: In tropischen Regenw\u00e4ldern, Savannen und Mangroven.<\/p>\n<h3>Fl\u00fcgel;<\/h3>\n<p>Der Gr\u00fcnfl\u00fcgelara erreicht eine Fl\u00fcgelspannweite von bis zu 125 Zentimetern, ein Gewicht von bis zu 1700 Gramm und eine Gesamtk\u00f6rperl\u00e4nge von bis zu 100 Zentimetern. Neben dem Hyazinth-Ara ist er die gr\u00f6\u00dfte Art der Ara-Familie. Junge Gr\u00fcnfl\u00fcgelaras unterscheiden sich von erwachsenen Tieren. Im Gegensatz zu \u00e4lteren Exemplaren ist ihre Iris braun, nicht gelb, und der Unterschnabel ist nicht schwarz, sondern grau. Gr\u00fcnfl\u00fcgelaras online kaufen.<\/p>\n<p>Gr\u00fcnfl\u00fcgelaras werden oft mit Scharlacharas verwechselt; Gr\u00fcnfl\u00fcgelaras haben Gesichtsfedern und gr\u00fcne statt gelbe Fl\u00fcgelfedern. Gr\u00fcnfl\u00fcgelaras sind schwerer als Blau-Gold- und Scharlacharas. Gr\u00fcnfl\u00fcgelaras vertragen sich mit den meisten anderen Aras ihrer Gr\u00f6\u00dfe, daher ist es in Ordnung, zwei Aras zusammen zu halten. Lassen Sie V\u00f6gel verschiedener Arten jedoch nicht miteinander br\u00fcten.<\/p>\n<h2>Temperament des Gr\u00fcnfl\u00fcgelaras<\/h2>\n<div>Als eine der gr\u00f6\u00dften Papageienarten besitzen Gr\u00fcnfl\u00fcgelaras unglaublich kr\u00e4ftige Schn\u00e4bel. Obwohl sie zu den sanftm\u00fctigsten Papageienarten geh\u00f6ren, k\u00f6nnen Gr\u00fcnfl\u00fcgelaras mit Verhaltensproblemen f\u00fcr Familien mit kleinen Kindern (und kleinen Fingern) eine Bei\u00dfgefahr darstellen. Die meisten Papageienarten entwickeln Verhaltensprobleme, wenn sie nicht gen\u00fcgend Aufmerksamkeit von Ihnen oder ihrer menschlichen Herde erhalten.<\/div>\n<div><\/div>\n<div>Gr\u00fcnfl\u00fcgelaras sind zahm und anh\u00e4nglich und haben ein ausgeglichenes, gelassenes Wesen. Sie sind freundlich und ben\u00f6tigen t\u00e4glich ein paar Stunden Interaktion mit Ihnen. Diese V\u00f6gel sind brillant; sie k\u00f6nnen lernen, W\u00f6rter zu sprechen und Kunstst\u00fccke zu machen.<\/div>\n<h2>Pflege von Gr\u00fcnfl\u00fcgelaras<\/h2>\n<div>Gr\u00fcnfl\u00fcgelaras leben in der freien Natur in Schw\u00e4rmen von sechs bis acht Tieren; sie sind sehr gesellig. Gr\u00fcnfl\u00fcgelaras reagieren sehr gut auf Training und ben\u00f6tigen aufgrund ihres sozialen Wesens ausreichend Aufmerksamkeit und Zeit f\u00fcr die Bindung zu ihren Artgenossen. Ein gelangweilter Ara ist ein zerst\u00f6rerischer Ara.<\/div>\n<div><\/div>\n<div>Planen Sie viel Zeit mit Ihrem Vogel ein. Wenn Sie einen Gr\u00fcnfl\u00fcgelara bei sich aufnehmen, werden Sie praktisch zu seinem \u201eSchwarm\u201c und m\u00fcssen ihn in die Familienaktivit\u00e4ten einbeziehen.<\/div>\n<div><\/div>\n<div>Ein gro\u00dfer Ara wie der Gr\u00fcnfl\u00fcgelara braucht einen ger\u00e4umigen K\u00e4fig: mindestens 75 x 90 cm. Der Gr\u00fcnfl\u00fcgelara ist ein etwas ruhigerer Vogel als einige der anderen gro\u00dfen Aras, aber dennoch eine laute Art.<\/div>\n<div><\/div>\n<div>Montieren Sie eine stabile Sitzstange im K\u00e4fig und stellen Sie sich darauf ein, diese gelegentlich auszutauschen, wenn sie besch\u00e4digt ist. Futter-, Wasser- und Leckerli-N\u00e4pfe sollten oberhalb der Sitzstange an der Seite des K\u00e4figs angebracht werden. \u00c4ste im Gehege bieten dem Vogel Kletterm\u00f6glichkeiten. Stellen Sie verschiedene Spielzeuge zum Kauen und Spielen bereit. Eine Laufstallkonstruktion oben am K\u00e4fig ist eine gute Idee.<\/div>\n<\/p><\/div>\n<\/p><\/div>\n<\/p><\/div>\n<\/p><\/div>","protected":false},"excerpt":{"rendered":"<pre><strong>Gr\u00fcnfl\u00fcgelara-Papageienbaby zur Vermittlung bereit. Wir haben Papageienbabys, die jetzt verf\u00fcgbar und zur Adoption bereit sind.<\/strong>\r <strong>Geschlecht: M\u00e4nnlich \/ Weiblich Alter: 4-9 Monate <\/strong>\r <strong>Gr\u00f6\u00dfe: Klein (Entw\u00f6hnt \u2013 Kann alleine essen) <\/strong>\r <strong>Gesundheit: 100% garantiert\r  <\/strong>\r <strong>Der Preis variiert je nach Alter. Wir bieten von $1900 bis 3000 USD f\u00fcr V\u00f6gel im Alter von 06 bis 13 Monaten.<\/strong>\r      <\/pre>","protected":false},"featured_media":564,"comment_status":"closed","ping_status":"closed","template":"","meta":{"site-sidebar-layout":"default","site-content-layout":"","ast-site-content-layout":"default","site-content-style":"default","site-sidebar-style":"default","ast-global-header-display":"","ast-banner-title-visibility":"","ast-main-header-display":"","ast-hfb-above-header-display":"","ast-hfb-below-header-display":"","ast-hfb-mobile-header-display":"","site-post-title":"","ast-breadcrumbs-content":"","ast-featured-img":"","footer-sml-layout":"","theme-transparent-header-meta":"","adv-header-id-meta":"","stick-header-meta":"","header-above-stick-meta":"","header-main-stick-meta":"","header-below-stick-meta":"","astra-migrate-meta-layouts":"default","ast-page-background-enabled":"default","ast-page-background-meta":{"desktop":{"background-color":"var(--ast-global-color-4)","background-image":"","background-repeat":"repeat","background-position":"center center","background-size":"auto","background-attachment":"scroll","background-type":"","background-media":"","overlay-type":"","overlay-color":"","overlay-opacity":"","overlay-gradient":""},"tablet":{"background-color":"","background-image":"","background-repeat":"repeat","background-position":"center center","background-size":"auto","background-attachment":"scroll","background-type":"","background-media":"","overlay-type":"","overlay-color":"","overlay-opacity":"","overlay-gradient":""},"mobile":{"background-color":"","background-image":"","background-repeat":"repeat","background-position":"center center","background-size":"auto","background-attachment":"scroll","background-type":"","background-media":"","overlay-type":"","overlay-color":"","overlay-opacity":"","overlay-gradient":""}},"ast-content-background-meta":{"desktop":{"background-color":"var(--ast-global-color-5)","background-image":"","background-repeat":"repeat","background-position":"center center","background-size":"auto","background-attachment":"scroll","background-type":"","background-media":"","overlay-type":"","overlay-color":"","overlay-opacity":"","overlay-gradient":""},"tablet":{"background-color":"var(--ast-global-color-5)","background-image":"","background-repeat":"repeat","background-position":"center center","background-size":"auto","background-attachment":"scroll","background-type":"","background-media":"","overlay-type":"","overlay-color":"","overlay-opacity":"","overlay-gradient":""},"mobile":{"background-color":"var(--ast-global-color-5)","background-image":"","background-repeat":"repeat","background-position":"center center","background-size":"auto","background-attachment":"scroll","background-type":"","background-media":"","overlay-type":"","overlay-color":"","overlay-opacity":"","overlay-gradient":""}}},"product_brand":[],"product_cat":[52],"product_tag":[53],"class_list":{"0":"post-544","1":"product","2":"type-product","3":"status-publish","4":"has-post-thumbnail","6":"product_cat-parrot-birds","7":"product_tag-buy-parrots-online","8":"desktop-align-left","9":"tablet-align-left","10":"mobile-align-left","11":"ast-product-gallery-layout-horizontal-slider","12":"ast-product-gallery-with-no-image","13":"ast-product-tabs-layout-horizontal","14":"ast-qv-on-image","16":"first","17":"instock","18":"shipping-taxable","19":"product-type-simple"},"yoast_head":"<!-- This site is optimized with the Yoast SEO Premium plugin v23.2 (Yoast SEO v26.8) - https:\/\/yoast.com\/product\/yoast-seo-premium-wordpress\/ -->\n<title>Green winged macaw - Tropical Wings Birds<\/title>\n<meta name=\"robots\" content=\"index, follow, max-snippet:-1, max-image-preview:large, max-video-preview:-1\" \/>\n<link rel=\"canonical\" href=\"https:\/\/tropicalwingsbirds.shop\/de_ch\/geschaft\/grunflugelara-2\/\" \/>\n<meta property=\"og:locale\" content=\"de_DE\" \/>\n<meta property=\"og:type\" content=\"article\" \/>\n<meta property=\"og:title\" content=\"Green winged macaw\" \/>\n<meta property=\"og:description\" content=\"Green winged macaw parrot baby ready for rehoming. We have baby parrots available now and ready for adoption. Sex : Male \/ Female Age : 4-9 months  Size : Small (Weaned \u2013 Can eat by themselves)  Health : 100% guaranteed   Price varies with age.\u00a0 We offer from $1900 to 3000 USD for birds of 06 to 13 months.\" \/>\n<meta property=\"og:url\" content=\"https:\/\/tropicalwingsbirds.shop\/de_ch\/geschaft\/grunflugelara-2\/\" \/>\n<meta property=\"og:site_name\" content=\"Tropical Wings Birds\" \/>\n<meta property=\"article:publisher\" content=\"https:\/\/web.facebook.com\/profile.php?id=61551502767851&amp;mibextid=2JQ9oc&amp;_rdc=1&amp;_rdr\" \/>\n<meta property=\"article:modified_time\" content=\"2023-12-03T14:05:16+00:00\" \/>\n<meta property=\"og:image\" content=\"https:\/\/tropicalwingsbirds.shop\/wp-content\/uploads\/2023\/12\/24332189_301010620419410_1006768762570932224_n-2.jpg\" \/>\n\t<meta property=\"og:image:width\" content=\"1080\" \/>\n\t<meta property=\"og:image:height\" content=\"1350\" \/>\n\t<meta property=\"og:image:type\" content=\"image\/jpeg\" \/>\n<meta name=\"twitter:card\" content=\"summary_large_image\" \/>\n<meta name=\"twitter:label1\" content=\"Price\" \/>\n\t<meta name=\"twitter:data1\" content=\"\" \/>\n\t<meta name=\"twitter:label2\" content=\"Availability\" \/>\n\t<meta name=\"twitter:data2\" content=\"In stock\" \/>\n<script type=\"application\/ld+json\" class=\"yoast-schema-graph\">{\"@context\":\"https:\/\/schema.org\",\"@graph\":[{\"@type\":\"WebPage\",\"@id\":\"https:\/\/tropicalwingsbirds.shop\/shop\/green-winged-macaw\/\",\"url\":\"https:\/\/tropicalwingsbirds.shop\/shop\/green-winged-macaw\/\",\"name\":\"Green winged macaw - Tropical Wings Birds\",\"isPartOf\":{\"@id\":\"https:\/\/tropicalwingsbirds.shop\/#website\"},\"primaryImageOfPage\":{\"@id\":\"https:\/\/tropicalwingsbirds.shop\/shop\/green-winged-macaw\/#primaryimage\"},\"image\":{\"@id\":\"https:\/\/tropicalwingsbirds.shop\/shop\/green-winged-macaw\/#primaryimage\"},\"thumbnailUrl\":\"https:\/\/tropicalwingsbirds.shop\/wp-content\/uploads\/2023\/12\/24332189_301010620419410_1006768762570932224_n-2.jpg\",\"datePublished\":\"2023-12-03T14:05:00+00:00\",\"dateModified\":\"2023-12-03T14:05:16+00:00\",\"breadcrumb\":{\"@id\":\"https:\/\/tropicalwingsbirds.shop\/shop\/green-winged-macaw\/#breadcrumb\"},\"inLanguage\":\"de-CH\",\"potentialAction\":[{\"@type\":\"ReadAction\",\"target\":[\"https:\/\/tropicalwingsbirds.shop\/shop\/green-winged-macaw\/\"]}]},{\"@type\":\"ImageObject\",\"inLanguage\":\"de-CH\",\"@id\":\"https:\/\/tropicalwingsbirds.shop\/shop\/green-winged-macaw\/#primaryimage\",\"url\":\"https:\/\/tropicalwingsbirds.shop\/wp-content\/uploads\/2023\/12\/24332189_301010620419410_1006768762570932224_n-2.jpg\",\"contentUrl\":\"https:\/\/tropicalwingsbirds.shop\/wp-content\/uploads\/2023\/12\/24332189_301010620419410_1006768762570932224_n-2.jpg\",\"width\":1080,\"height\":1350},{\"@type\":\"BreadcrumbList\",\"@id\":\"https:\/\/tropicalwingsbirds.shop\/shop\/green-winged-macaw\/#breadcrumb\",\"itemListElement\":[{\"@type\":\"ListItem\",\"position\":1,\"name\":\"Home\",\"item\":\"https:\/\/tropicalwingsbirds.shop\/\"},{\"@type\":\"ListItem\",\"position\":2,\"name\":\"Shop\",\"item\":\"https:\/\/tropicalwingsbirds.shop\/shop\/\"},{\"@type\":\"ListItem\",\"position\":3,\"name\":\"Green winged macaw\"}]},{\"@type\":\"WebSite\",\"@id\":\"https:\/\/tropicalwingsbirds.shop\/#website\",\"url\":\"https:\/\/tropicalwingsbirds.shop\/\",\"name\":\"Tropical Wings Birds\",\"description\":\"Best Exotic birds breeders online\",\"publisher\":{\"@id\":\"https:\/\/tropicalwingsbirds.shop\/#organization\"},\"potentialAction\":[{\"@type\":\"SearchAction\",\"target\":{\"@type\":\"EntryPoint\",\"urlTemplate\":\"https:\/\/tropicalwingsbirds.shop\/?s={search_term_string}\"},\"query-input\":{\"@type\":\"PropertyValueSpecification\",\"valueRequired\":true,\"valueName\":\"search_term_string\"}}],\"inLanguage\":\"de-CH\"},{\"@type\":[\"Organization\",\"Place\",\"PetStore\"],\"@id\":\"https:\/\/tropicalwingsbirds.shop\/#organization\",\"name\":\"Tropical Wings Birds Shop\",\"alternateName\":\"TPWB\",\"url\":\"https:\/\/tropicalwingsbirds.shop\/\",\"logo\":{\"@id\":\"https:\/\/tropicalwingsbirds.shop\/shop\/green-winged-macaw\/#local-main-organization-logo\"},\"image\":{\"@id\":\"https:\/\/tropicalwingsbirds.shop\/shop\/green-winged-macaw\/#local-main-organization-logo\"},\"sameAs\":[\"https:\/\/web.facebook.com\/profile.php?id=61551502767851&mibextid=2JQ9oc&_rdc=1&_rdr\"],\"description\":\"Tropical Wings Birds is your destination for exotic avian companionship. Our boutique aviary in United States offers a curated selection of vibrant tropical birds sourced from reputable breeders worldwide. With a focus on welfare and expertise, our dedicated team is here to guide you on your journey to finding the perfect feathered friend. Visit us today and experience the magic of avian companionship at Tropical Wings Birds.\",\"legalName\":\"Tropical Wings Birds\",\"foundingDate\":\"2019-02-14\",\"numberOfEmployees\":{\"@type\":\"QuantitativeValue\",\"minValue\":\"1\",\"maxValue\":\"10\"},\"address\":{\"@id\":\"https:\/\/tropicalwingsbirds.shop\/shop\/green-winged-macaw\/#local-main-place-address\"},\"geo\":{\"@type\":\"GeoCoordinates\",\"latitude\":\"40.5976725\",\"longitude\":\"-122.3716346\"},\"telephone\":[\"+1 707-733-4623\",\"+1 707-733-4623\"],\"contactPoint\":{\"@type\":\"ContactPoint\",\"telephone\":\"+1 707-733-4623\",\"email\":\"sales@tropicalwingsbirds.shop\"},\"openingHoursSpecification\":{\"@type\":\"OpeningHoursSpecification\",\"dayOfWeek\":[\"Monday\",\"Tuesday\",\"Wednesday\",\"Thursday\",\"Friday\",\"Saturday\",\"Sunday\"],\"opens\":\"00:00\",\"closes\":\"23:59\"},\"email\":\"sales@tropicalwingsbirds.shop\",\"faxNumber\":\"+1 707-733-4623\",\"areaServed\":\"United states, Porto Rico, Canada, Australia\",\"priceRange\":\"$\",\"currenciesAccepted\":\"USD, CAD, AUD,\",\"paymentAccepted\":\"Zelle, Paypal, Bitcoin, Apple pay, Credit cards, Bank transfers\"},{\"@type\":\"PostalAddress\",\"@id\":\"https:\/\/tropicalwingsbirds.shop\/shop\/green-winged-macaw\/#local-main-place-address\",\"streetAddress\":\"500 Hilltop Dr,\",\"addressLocality\":\"Redding\",\"postalCode\":\"96003\",\"addressRegion\":\"California\",\"addressCountry\":\"US\"},{\"@type\":\"ImageObject\",\"inLanguage\":\"de-CH\",\"@id\":\"https:\/\/tropicalwingsbirds.shop\/shop\/green-winged-macaw\/#local-main-organization-logo\",\"url\":\"https:\/\/tropicalwingsbirds.shop\/wp-content\/uploads\/2024\/01\/tropical-wings-1.webp\",\"contentUrl\":\"https:\/\/tropicalwingsbirds.shop\/wp-content\/uploads\/2024\/01\/tropical-wings-1.webp\",\"width\":500,\"height\":500,\"caption\":\"Tropical Wings Birds Shop\"}]}<\/script>\n<meta property=\"product:price:currency\" content=\"USD\" \/>\n<meta property=\"og:availability\" content=\"instock\" \/>\n<meta property=\"product:availability\" content=\"instock\" \/>\n<meta property=\"product:condition\" content=\"new\" \/>\n<meta name=\"geo.placename\" content=\"Redding\" \/>\n<meta name=\"geo.position\" content=\"40.5976725;-122.3716346\" \/>\n<meta name=\"geo.region\" content=\"United States (US)\" \/>\n<!-- \/ Yoast SEO Premium plugin. -->","yoast_head_json":{"title":"Gr\u00fcnfl\u00fcgelara - Tropical Wings Birds","robots":{"index":"index","follow":"follow","max-snippet":"max-snippet:-1","max-image-preview":"max-image-preview:large","max-video-preview":"max-video-preview:-1"},"canonical":"https:\/\/tropicalwingsbirds.shop\/de_ch\/geschaft\/grunflugelara-2\/","og_locale":"de_DE","og_type":"article","og_title":"Green winged macaw","og_description":"Green winged macaw parrot baby ready for rehoming. We have baby parrots available now and ready for adoption. Sex : Male \/ Female Age : 4-9 months  Size : Small (Weaned \u2013 Can eat by themselves)  Health : 100% guaranteed   Price varies with age.\u00a0 We offer from $1900 to 3000 USD for birds of 06 to 13 months.","og_url":"https:\/\/tropicalwingsbirds.shop\/de_ch\/geschaft\/grunflugelara-2\/","og_site_name":"Tropical Wings Birds","article_publisher":"https:\/\/web.facebook.com\/profile.php?id=61551502767851&mibextid=2JQ9oc&_rdc=1&_rdr","article_modified_time":"2023-12-03T14:05:16+00:00","og_image":[{"width":1080,"height":1350,"url":"https:\/\/tropicalwingsbirds.shop\/wp-content\/uploads\/2023\/12\/24332189_301010620419410_1006768762570932224_n-2.jpg","type":"image\/jpeg"}],"twitter_card":"summary_large_image","twitter_misc":{"Price":"","Availability":"In stock"},"schema":{"@context":"https:\/\/schema.org","@graph":[{"@type":"WebPage","@id":"https:\/\/tropicalwingsbirds.shop\/shop\/green-winged-macaw\/","url":"https:\/\/tropicalwingsbirds.shop\/shop\/green-winged-macaw\/","name":"Gr\u00fcnfl\u00fcgelara - Tropical Wings Birds","isPartOf":{"@id":"https:\/\/tropicalwingsbirds.shop\/#website"},"primaryImageOfPage":{"@id":"https:\/\/tropicalwingsbirds.shop\/shop\/green-winged-macaw\/#primaryimage"},"image":{"@id":"https:\/\/tropicalwingsbirds.shop\/shop\/green-winged-macaw\/#primaryimage"},"thumbnailUrl":"https:\/\/tropicalwingsbirds.shop\/wp-content\/uploads\/2023\/12\/24332189_301010620419410_1006768762570932224_n-2.jpg","datePublished":"2023-12-03T14:05:00+00:00","dateModified":"2023-12-03T14:05:16+00:00","breadcrumb":{"@id":"https:\/\/tropicalwingsbirds.shop\/shop\/green-winged-macaw\/#breadcrumb"},"inLanguage":"de-CH","potentialAction":[{"@type":"ReadAction","target":["https:\/\/tropicalwingsbirds.shop\/shop\/green-winged-macaw\/"]}]},{"@type":"ImageObject","inLanguage":"de-CH","@id":"https:\/\/tropicalwingsbirds.shop\/shop\/green-winged-macaw\/#primaryimage","url":"https:\/\/tropicalwingsbirds.shop\/wp-content\/uploads\/2023\/12\/24332189_301010620419410_1006768762570932224_n-2.jpg","contentUrl":"https:\/\/tropicalwingsbirds.shop\/wp-content\/uploads\/2023\/12\/24332189_301010620419410_1006768762570932224_n-2.jpg","width":1080,"height":1350},{"@type":"BreadcrumbList","@id":"https:\/\/tropicalwingsbirds.shop\/shop\/green-winged-macaw\/#breadcrumb","itemListElement":[{"@type":"ListItem","position":1,"name":"Home","item":"https:\/\/tropicalwingsbirds.shop\/"},{"@type":"ListItem","position":2,"name":"Shop","item":"https:\/\/tropicalwingsbirds.shop\/shop\/"},{"@type":"ListItem","position":3,"name":"Green winged macaw"}]},{"@type":"WebSite","@id":"https:\/\/tropicalwingsbirds.shop\/#website","url":"https:\/\/tropicalwingsbirds.shop\/","name":"Tropische Fl\u00fcgelv\u00f6gel","description":"Die besten Z\u00fcchter exotischer V\u00f6gel online","publisher":{"@id":"https:\/\/tropicalwingsbirds.shop\/#organization"},"potentialAction":[{"@type":"SearchAction","target":{"@type":"EntryPoint","urlTemplate":"https:\/\/tropicalwingsbirds.shop\/?s={search_term_string}"},"query-input":{"@type":"PropertyValueSpecification","valueRequired":true,"valueName":"search_term_string"}}],"inLanguage":"de-CH"},{"@type":["Organization","Place","PetStore"],"@id":"https:\/\/tropicalwingsbirds.shop\/#organization","name":"Tropical Wings Birds Shop","alternateName":"TPWB","url":"https:\/\/tropicalwingsbirds.shop\/","logo":{"@id":"https:\/\/tropicalwingsbirds.shop\/shop\/green-winged-macaw\/#local-main-organization-logo"},"image":{"@id":"https:\/\/tropicalwingsbirds.shop\/shop\/green-winged-macaw\/#local-main-organization-logo"},"sameAs":["https:\/\/web.facebook.com\/profile.php?id=61551502767851&mibextid=2JQ9oc&_rdc=1&_rdr"],"description":"Tropical Wings Birds ist Ihre Adresse f\u00fcr exotische Vogelbegleitung. Unsere Boutique-Voliere in den USA bietet eine kuratierte Auswahl an farbenfrohen tropischen V\u00f6geln von renommierten Z\u00fcchtern weltweit. Mit Fokus auf Wohlbefinden und Expertise begleitet Sie unser engagiertes Team auf Ihrer Suche nach dem perfekten gefiederten Freund. Besuchen Sie uns noch heute und erleben Sie die Magie der Vogelbegleitung bei Tropical Wings Birds.","legalName":"Tropical Wings Birds","foundingDate":"2019-02-14","numberOfEmployees":{"@type":"QuantitativeValue","minValue":"1","maxValue":"10"},"address":{"@id":"https:\/\/tropicalwingsbirds.shop\/shop\/green-winged-macaw\/#local-main-place-address"},"geo":{"@type":"GeoCoordinates","latitude":"40.5976725","longitude":"-122.3716346"},"telephone":["+1 707-733-4623","+1 707-733-4623"],"contactPoint":{"@type":"ContactPoint","telephone":"+1 707-733-4623","email":"sales@tropicalwingsbirds.shop"},"openingHoursSpecification":{"@type":"OpeningHoursSpecification","dayOfWeek":["Monday","Tuesday","Wednesday","Thursday","Friday","Saturday","Sunday"],"opens":"00:00","closes":"23:59"},"email":"sales@tropicalwingsbirds.shop","faxNumber":"+1 707-733-4623","areaServed":"United states, Porto Rico, Canada, Australia","priceRange":"$","currenciesAccepted":"USD, CAD, AUD,","paymentAccepted":"Zelle, Paypal, Bitcoin, Apple pay, Credit cards, Bank transfers"},{"@type":"PostalAddress","@id":"https:\/\/tropicalwingsbirds.shop\/shop\/green-winged-macaw\/#local-main-place-address","streetAddress":"500 Hilltop Dr,","addressLocality":"Redding","postalCode":"96003","addressRegion":"California","addressCountry":"US"},{"@type":"ImageObject","inLanguage":"de-CH","@id":"https:\/\/tropicalwingsbirds.shop\/shop\/green-winged-macaw\/#local-main-organization-logo","url":"https:\/\/tropicalwingsbirds.shop\/wp-content\/uploads\/2024\/01\/tropical-wings-1.webp","contentUrl":"https:\/\/tropicalwingsbirds.shop\/wp-content\/uploads\/2024\/01\/tropical-wings-1.webp","width":500,"height":500,"caption":"Tropical Wings Birds Shop"}]},"product_price_currency":"USD","og_availability":"instock","product_availability":"instock","product_condition":"new","geo.placename":"Redding","geo.position":{"lat":"40.5976725","long":"-122.3716346"},"geo.region":"United States (US)"},"jetpack_sharing_enabled":true,"_links":{"self":[{"href":"https:\/\/tropicalwingsbirds.shop\/de_ch\/wp-json\/wp\/v2\/product\/544","targetHints":{"allow":["GET"]}}],"collection":[{"href":"https:\/\/tropicalwingsbirds.shop\/de_ch\/wp-json\/wp\/v2\/product"}],"about":[{"href":"https:\/\/tropicalwingsbirds.shop\/de_ch\/wp-json\/wp\/v2\/types\/product"}],"replies":[{"embeddable":true,"href":"https:\/\/tropicalwingsbirds.shop\/de_ch\/wp-json\/wp\/v2\/comments?post=544"}],"wp:featuredmedia":[{"embeddable":true,"href":"https:\/\/tropicalwingsbirds.shop\/de_ch\/wp-json\/wp\/v2\/media\/564"}],"wp:attachment":[{"href":"https:\/\/tropicalwingsbirds.shop\/de_ch\/wp-json\/wp\/v2\/media?parent=544"}],"wp:term":[{"taxonomy":"product_brand","embeddable":true,"href":"https:\/\/tropicalwingsbirds.shop\/de_ch\/wp-json\/wp\/v2\/product_brand?post=544"},{"taxonomy":"product_cat","embeddable":true,"href":"https:\/\/tropicalwingsbirds.shop\/de_ch\/wp-json\/wp\/v2\/product_cat?post=544"},{"taxonomy":"product_tag","embeddable":true,"href":"https:\/\/tropicalwingsbirds.shop\/de_ch\/wp-json\/wp\/v2\/product_tag?post=544"}],"curies":[{"name":"wp","href":"https:\/\/api.w.org\/{rel}","templated":true}]}}