{"id":545,"date":"2023-12-03T14:05:00","date_gmt":"2023-12-03T14:05:00","guid":{"rendered":"https:\/\/tropicalwingsbirds.shop\/?post_type=product&#038;p=545"},"modified":"2023-12-03T14:05:17","modified_gmt":"2023-12-03T14:05:17","slug":"baby-blau-und-gold-ara-papageien","status":"publish","type":"product","link":"https:\/\/tropicalwingsbirds.shop\/de_ch\/geschaft\/baby-blau-und-gold-ara-papageien\/","title":{"rendered":"Baby Blau und Gold Ara Papageien"},"content":{"rendered":"<div class=\"product-section\">\n<div class=\"row\">\n<div class=\"large-10 col pb-0 mb-0\">\n<div class=\"panel entry-content\">\n<p>Der Ara-Papageien-Shop bietet Blau-Gold-Ara-Papageien zur Adoption an. Blau-Gold-Ara-Babys zum Online-Verkauf sind heutzutage weit verbreitet. <a href=\"http:\/\/www.macawparrotyshop.com\">Blau-Goldara\u00a0<\/a>stammt aus Mittel- und S\u00fcdamerika, von Panama bis in den Nordwesten Paraguays. Sie gelten oft als sehr kontaktfreudig und interaktiv, manche bezeichnen sie als die \u201eClowns\u201c der gro\u00dfen Ara-Familie. Manche Blau-Gold-Aras sind ausgezeichnete Gespr\u00e4chspartner, andere spielen gerne mit ihren Besitzern, zum Beispiel Guck-Guck.<\/p>\n<p>Sie sind leuchtend gef\u00e4rbt, k\u00f6nnen eine L\u00e4nge von bis zu 86 cm (einschlie\u00dflich Schwanz) erreichen und 50 Jahre oder \u00e4lter werden. Wie alle Aras haben sie das Potenzial, \u00e4u\u00dferst verschmuste und sanfte Begleiter f\u00fcr die ganze Familie zu werden. Dies erfordert ein strenges, aber sanftes Verhalten mit klaren Grenzen. Es ist wichtig, eine Umgebung zu schaffen, die diesem athletischen Vogel Bewegungs- und Spielfreiheit l\u00e4sst. Geeignete K\u00e4fige und Spielmatten k\u00f6nnen, richtig platziert, sowohl Besitzern als auch Haustieren stundenlange Unterhaltung und Freude bieten.<\/p>\n<h2>Pflege &amp; F\u00fctterung<\/h2>\n<div>In freier Wildbahn ern\u00e4hren sich die meisten Aras, darunter auch Blauaras, von verschiedenen Samen, Pflanzen, Fr\u00fcchten und N\u00fcssen. Die Nahrung des wilden Aras ist tendenziell fettreich, was f\u00fcr einen Vogel, der den ganzen Tag durch den Regenwald fliegt, Nahrung sucht, nistet und K\u00fcken aufzieht, akzeptabel ist. Suchen Sie Blauara-Papageien zum Verkauf? Kontaktieren Sie uns noch heute f\u00fcr weitere Informationen.<\/div>\n<div><\/div>\n<div>Hausaras haben gl\u00fccklicherweise ein deutlich einfacheres Leben als ihre wilden Artgenossen. Allerdings fehlt ihnen die nat\u00fcrliche Nahrungssuche. Aras, darunter auch Blauaras, gedeihen mit einer ausgewogenen Ern\u00e4hrung. Dazu geh\u00f6ren Lafeber&#039;s Nutri-Berries und Lafeber&#039;s Premium Daily Diet Pellets sowie frisches Obst und Gem\u00fcse und gesundes Essen.<\/div>\n<div><\/div>\n<div>Bei guter Pflege bleiben Blau-Gold-Papageien gesund und k\u00f6nnen \u00fcber 70 Jahre alt werden. Dieser Vogel wird Sie ein Leben lang begleiten, und Sie sollten sich darauf vorbereiten. Dies kann sogar eine Stiftung oder eine Klausel in Ihrem Testament umfassen, die dem Vogel gewidmet ist. Blau-Gold-Papageien zu verkaufen.<\/div>\n<div>\n<h2>Temperament des Blau-Gold-Aras<\/h2>\n<div>\n<p>Der Blauara eignet sich gut als Haustier, wenn seine Besitzer engagiert, verantwortungsbewusst und gut informiert sind. Er ist intelligent und gesellig und kann daher sehr laut sprechen. Er genie\u00dft die N\u00e4he seiner Besitzer und wandert oft umher, um jemanden zu finden, der ihm Aufmerksamkeit schenkt.<\/p>\n<p>Ihr liebenswerter Charakter wird Sie sicher dazu bringen, alles stehen und liegen zu lassen, um ein wenig zu spielen. Die Pflege von Blauaras ist wie bei den meisten Papageien: Blauaras brauchen die Aufmerksamkeit ihres Besitzers und bauen eine starke Bindung zu ihren Familienmitgliedern auf.<\/p>\n<\/p><\/div>\n<div><\/div>\n<div>Eine gute Ern\u00e4hrung f\u00fcr einen Blauara sollte aus einer gro\u00dfen Auswahl an Samen, Pellets, Obst und Gem\u00fcse bestehen. Wir empfehlen au\u00dferdem Pellets wie Vetafarm Nutriblend Pellets Large\/Medium, Kaytee Pellets, Rowdy Bush, Vetafarm Macaw Nuts und Tropimix Large Parrot.<\/div>\n<h2>Gr\u00f6\u00dfe des Blau-Goldaras<\/h2>\n<div>Blau-goldene Aras k\u00f6nnen vom Schnabel bis zum Ende der Schwanzfedern eine L\u00e4nge von bis zu 84 Zentimetern erreichen. Ihre Fl\u00fcgelspannweite kann erstaunliche 102 Zentimeter oder mehr betragen und sie wiegen im ausgewachsenen Zustand typischerweise \u00fcber 900 Gramm.<\/div>\n<div>Die durchschnittliche Lebenserwartung eines Blauaras betr\u00e4gt 70 Jahre und mehr. Die Adoption eines Blauaras ist eine lebenslange Verpflichtung. Der Hauptgrund daf\u00fcr ist die h\u00f6here Lebenserwartung dieser Papageien, weshalb die Suche nach Blauara-Babys im Internet in Suchmaschinen immer beliebter wird.<\/div>\n<\/p><\/div>\n<\/p><\/div>\n<\/p><\/div>\n<\/p><\/div>\n<\/p><\/div>","protected":false},"excerpt":{"rendered":"<pre>Blau-Goldara-Papageienbabys sind bereit f\u00fcr ein neues Zuhause. S\u00fc\u00dfe und entz\u00fcckende Paare und Einzelst\u00fccke mit Knochen verf\u00fcgbar.\r <strong><code>M\u00e4nnliche und weibliche Blauara-Babys zu verkaufen. Unsere V\u00f6gel werden von Hand gef\u00fcttert und mit Eigenschaften und Training ausgestattet, die Sie nur bei V\u00f6geln im Ara-Papageien-Shop finden.<\/code><\/strong> <strong>Geschlecht: M\u00e4nnlich \/ Weiblich Alter: 6-12 Monate\u00a0 <\/strong> <strong>Gr\u00f6\u00dfe: Klein (Entw\u00f6hnt \u2013 Kann alleine essen) <\/strong> <strong>Gesundheit: 100% garantiert <\/strong> <strong>Der Preis variiert je nach Alter. Wir bieten ab $1400 USD f\u00fcr V\u00f6gel im Alter von 6 bis 12 Monaten.<\/strong><\/pre>","protected":false},"featured_media":565,"comment_status":"closed","ping_status":"closed","template":"","meta":{"site-sidebar-layout":"default","site-content-layout":"","ast-site-content-layout":"default","site-content-style":"default","site-sidebar-style":"default","ast-global-header-display":"","ast-banner-title-visibility":"","ast-main-header-display":"","ast-hfb-above-header-display":"","ast-hfb-below-header-display":"","ast-hfb-mobile-header-display":"","site-post-title":"","ast-breadcrumbs-content":"","ast-featured-img":"","footer-sml-layout":"","theme-transparent-header-meta":"","adv-header-id-meta":"","stick-header-meta":"","header-above-stick-meta":"","header-main-stick-meta":"","header-below-stick-meta":"","astra-migrate-meta-layouts":"default","ast-page-background-enabled":"default","ast-page-background-meta":{"desktop":{"background-color":"var(--ast-global-color-4)","background-image":"","background-repeat":"repeat","background-position":"center center","background-size":"auto","background-attachment":"scroll","background-type":"","background-media":"","overlay-type":"","overlay-color":"","overlay-opacity":"","overlay-gradient":""},"tablet":{"background-color":"","background-image":"","background-repeat":"repeat","background-position":"center center","background-size":"auto","background-attachment":"scroll","background-type":"","background-media":"","overlay-type":"","overlay-color":"","overlay-opacity":"","overlay-gradient":""},"mobile":{"background-color":"","background-image":"","background-repeat":"repeat","background-position":"center center","background-size":"auto","background-attachment":"scroll","background-type":"","background-media":"","overlay-type":"","overlay-color":"","overlay-opacity":"","overlay-gradient":""}},"ast-content-background-meta":{"desktop":{"background-color":"var(--ast-global-color-5)","background-image":"","background-repeat":"repeat","background-position":"center center","background-size":"auto","background-attachment":"scroll","background-type":"","background-media":"","overlay-type":"","overlay-color":"","overlay-opacity":"","overlay-gradient":""},"tablet":{"background-color":"var(--ast-global-color-5)","background-image":"","background-repeat":"repeat","background-position":"center center","background-size":"auto","background-attachment":"scroll","background-type":"","background-media":"","overlay-type":"","overlay-color":"","overlay-opacity":"","overlay-gradient":""},"mobile":{"background-color":"var(--ast-global-color-5)","background-image":"","background-repeat":"repeat","background-position":"center center","background-size":"auto","background-attachment":"scroll","background-type":"","background-media":"","overlay-type":"","overlay-color":"","overlay-opacity":"","overlay-gradient":""}}},"product_brand":[],"product_cat":[52],"product_tag":[53],"class_list":{"0":"post-545","1":"product","2":"type-product","3":"status-publish","4":"has-post-thumbnail","6":"product_cat-parrot-birds","7":"product_tag-buy-parrots-online","8":"desktop-align-left","9":"tablet-align-left","10":"mobile-align-left","11":"ast-product-gallery-layout-horizontal-slider","12":"ast-product-gallery-with-no-image","13":"ast-product-tabs-layout-horizontal","14":"ast-qv-on-image","16":"first","17":"instock","18":"shipping-taxable","19":"product-type-simple"},"yoast_head":"<!-- This site is optimized with the Yoast SEO Premium plugin v23.2 (Yoast SEO v26.8) - https:\/\/yoast.com\/product\/yoast-seo-premium-wordpress\/ -->\n<title>Baby Blue and Gold Macaw Parrots - Tropical Wings Birds<\/title>\n<meta name=\"robots\" content=\"index, follow, max-snippet:-1, max-image-preview:large, max-video-preview:-1\" \/>\n<link rel=\"canonical\" href=\"https:\/\/tropicalwingsbirds.shop\/de_ch\/geschaft\/baby-blau-und-gold-ara-papageien\/\" \/>\n<meta property=\"og:locale\" content=\"de_DE\" \/>\n<meta property=\"og:type\" content=\"article\" \/>\n<meta property=\"og:title\" content=\"Baby Blue and Gold Macaw Parrots\" \/>\n<meta property=\"og:description\" content=\"Blue and Gold Macaw baby parrots are ready for rehoming. cute and adorable boned pairs and single available. Baby Male and female Blue and Gold macaw for sale. Our birds are hand fed and enriched with attributes and training you can only see from birds at macaw parrots shop. Sex : Male \/ Female Age : 6- 12 months\u00a0 Size : Small (Weaned \u2013 Can eat by themselves) Health : 100% guaranteed Price varies with age.\u00a0 We offer from $1400 USD for birds of 6 to 12 months.\" \/>\n<meta property=\"og:url\" content=\"https:\/\/tropicalwingsbirds.shop\/de_ch\/geschaft\/baby-blau-und-gold-ara-papageien\/\" \/>\n<meta property=\"og:site_name\" content=\"Tropical Wings Birds\" \/>\n<meta property=\"article:publisher\" content=\"https:\/\/web.facebook.com\/profile.php?id=61551502767851&amp;mibextid=2JQ9oc&amp;_rdc=1&amp;_rdr\" \/>\n<meta property=\"article:modified_time\" content=\"2023-12-03T14:05:17+00:00\" \/>\n<meta property=\"og:image\" content=\"https:\/\/tropicalwingsbirds.shop\/wp-content\/uploads\/2023\/12\/Blue-and-Gold1.jpg\" \/>\n\t<meta property=\"og:image:width\" content=\"500\" \/>\n\t<meta property=\"og:image:height\" content=\"500\" \/>\n\t<meta property=\"og:image:type\" content=\"image\/jpeg\" \/>\n<meta name=\"twitter:card\" content=\"summary_large_image\" \/>\n<meta name=\"twitter:label1\" content=\"Price\" \/>\n\t<meta name=\"twitter:data1\" content=\"\" \/>\n\t<meta name=\"twitter:label2\" content=\"Availability\" \/>\n\t<meta name=\"twitter:data2\" content=\"In stock\" \/>\n<script type=\"application\/ld+json\" class=\"yoast-schema-graph\">{\"@context\":\"https:\/\/schema.org\",\"@graph\":[{\"@type\":\"WebPage\",\"@id\":\"https:\/\/tropicalwingsbirds.shop\/shop\/baby-blue-and-gold-macaw-parrots\/\",\"url\":\"https:\/\/tropicalwingsbirds.shop\/shop\/baby-blue-and-gold-macaw-parrots\/\",\"name\":\"Baby Blue and Gold Macaw Parrots - Tropical Wings Birds\",\"isPartOf\":{\"@id\":\"https:\/\/tropicalwingsbirds.shop\/#website\"},\"primaryImageOfPage\":{\"@id\":\"https:\/\/tropicalwingsbirds.shop\/shop\/baby-blue-and-gold-macaw-parrots\/#primaryimage\"},\"image\":{\"@id\":\"https:\/\/tropicalwingsbirds.shop\/shop\/baby-blue-and-gold-macaw-parrots\/#primaryimage\"},\"thumbnailUrl\":\"https:\/\/tropicalwingsbirds.shop\/wp-content\/uploads\/2023\/12\/Blue-and-Gold1.jpg\",\"datePublished\":\"2023-12-03T14:05:00+00:00\",\"dateModified\":\"2023-12-03T14:05:17+00:00\",\"breadcrumb\":{\"@id\":\"https:\/\/tropicalwingsbirds.shop\/shop\/baby-blue-and-gold-macaw-parrots\/#breadcrumb\"},\"inLanguage\":\"de-CH\",\"potentialAction\":[{\"@type\":\"ReadAction\",\"target\":[\"https:\/\/tropicalwingsbirds.shop\/shop\/baby-blue-and-gold-macaw-parrots\/\"]}]},{\"@type\":\"ImageObject\",\"inLanguage\":\"de-CH\",\"@id\":\"https:\/\/tropicalwingsbirds.shop\/shop\/baby-blue-and-gold-macaw-parrots\/#primaryimage\",\"url\":\"https:\/\/tropicalwingsbirds.shop\/wp-content\/uploads\/2023\/12\/Blue-and-Gold1.jpg\",\"contentUrl\":\"https:\/\/tropicalwingsbirds.shop\/wp-content\/uploads\/2023\/12\/Blue-and-Gold1.jpg\",\"width\":500,\"height\":500},{\"@type\":\"BreadcrumbList\",\"@id\":\"https:\/\/tropicalwingsbirds.shop\/shop\/baby-blue-and-gold-macaw-parrots\/#breadcrumb\",\"itemListElement\":[{\"@type\":\"ListItem\",\"position\":1,\"name\":\"Home\",\"item\":\"https:\/\/tropicalwingsbirds.shop\/\"},{\"@type\":\"ListItem\",\"position\":2,\"name\":\"Shop\",\"item\":\"https:\/\/tropicalwingsbirds.shop\/shop\/\"},{\"@type\":\"ListItem\",\"position\":3,\"name\":\"Baby Blue and Gold Macaw Parrots\"}]},{\"@type\":\"WebSite\",\"@id\":\"https:\/\/tropicalwingsbirds.shop\/#website\",\"url\":\"https:\/\/tropicalwingsbirds.shop\/\",\"name\":\"Tropical Wings Birds\",\"description\":\"Best Exotic birds breeders online\",\"publisher\":{\"@id\":\"https:\/\/tropicalwingsbirds.shop\/#organization\"},\"potentialAction\":[{\"@type\":\"SearchAction\",\"target\":{\"@type\":\"EntryPoint\",\"urlTemplate\":\"https:\/\/tropicalwingsbirds.shop\/?s={search_term_string}\"},\"query-input\":{\"@type\":\"PropertyValueSpecification\",\"valueRequired\":true,\"valueName\":\"search_term_string\"}}],\"inLanguage\":\"de-CH\"},{\"@type\":[\"Organization\",\"Place\",\"PetStore\"],\"@id\":\"https:\/\/tropicalwingsbirds.shop\/#organization\",\"name\":\"Tropical Wings Birds Shop\",\"alternateName\":\"TPWB\",\"url\":\"https:\/\/tropicalwingsbirds.shop\/\",\"logo\":{\"@id\":\"https:\/\/tropicalwingsbirds.shop\/shop\/baby-blue-and-gold-macaw-parrots\/#local-main-organization-logo\"},\"image\":{\"@id\":\"https:\/\/tropicalwingsbirds.shop\/shop\/baby-blue-and-gold-macaw-parrots\/#local-main-organization-logo\"},\"sameAs\":[\"https:\/\/web.facebook.com\/profile.php?id=61551502767851&mibextid=2JQ9oc&_rdc=1&_rdr\"],\"description\":\"Tropical Wings Birds is your destination for exotic avian companionship. Our boutique aviary in United States offers a curated selection of vibrant tropical birds sourced from reputable breeders worldwide. With a focus on welfare and expertise, our dedicated team is here to guide you on your journey to finding the perfect feathered friend. Visit us today and experience the magic of avian companionship at Tropical Wings Birds.\",\"legalName\":\"Tropical Wings Birds\",\"foundingDate\":\"2019-02-14\",\"numberOfEmployees\":{\"@type\":\"QuantitativeValue\",\"minValue\":\"1\",\"maxValue\":\"10\"},\"address\":{\"@id\":\"https:\/\/tropicalwingsbirds.shop\/shop\/baby-blue-and-gold-macaw-parrots\/#local-main-place-address\"},\"geo\":{\"@type\":\"GeoCoordinates\",\"latitude\":\"40.5976725\",\"longitude\":\"-122.3716346\"},\"telephone\":[\"+1 707-733-4623\",\"+1 707-733-4623\"],\"contactPoint\":{\"@type\":\"ContactPoint\",\"telephone\":\"+1 707-733-4623\",\"email\":\"sales@tropicalwingsbirds.shop\"},\"openingHoursSpecification\":{\"@type\":\"OpeningHoursSpecification\",\"dayOfWeek\":[\"Monday\",\"Tuesday\",\"Wednesday\",\"Thursday\",\"Friday\",\"Saturday\",\"Sunday\"],\"opens\":\"00:00\",\"closes\":\"23:59\"},\"email\":\"sales@tropicalwingsbirds.shop\",\"faxNumber\":\"+1 707-733-4623\",\"areaServed\":\"United states, Porto Rico, Canada, Australia\",\"priceRange\":\"$\",\"currenciesAccepted\":\"USD, CAD, AUD,\",\"paymentAccepted\":\"Zelle, Paypal, Bitcoin, Apple pay, Credit cards, Bank transfers\"},{\"@type\":\"PostalAddress\",\"@id\":\"https:\/\/tropicalwingsbirds.shop\/shop\/baby-blue-and-gold-macaw-parrots\/#local-main-place-address\",\"streetAddress\":\"500 Hilltop Dr,\",\"addressLocality\":\"Redding\",\"postalCode\":\"96003\",\"addressRegion\":\"California\",\"addressCountry\":\"US\"},{\"@type\":\"ImageObject\",\"inLanguage\":\"de-CH\",\"@id\":\"https:\/\/tropicalwingsbirds.shop\/shop\/baby-blue-and-gold-macaw-parrots\/#local-main-organization-logo\",\"url\":\"https:\/\/tropicalwingsbirds.shop\/wp-content\/uploads\/2024\/01\/tropical-wings-1.webp\",\"contentUrl\":\"https:\/\/tropicalwingsbirds.shop\/wp-content\/uploads\/2024\/01\/tropical-wings-1.webp\",\"width\":500,\"height\":500,\"caption\":\"Tropical Wings Birds Shop\"}]}<\/script>\n<meta property=\"product:price:currency\" content=\"USD\" \/>\n<meta property=\"og:availability\" content=\"instock\" \/>\n<meta property=\"product:availability\" content=\"instock\" \/>\n<meta property=\"product:condition\" content=\"new\" \/>\n<meta name=\"geo.placename\" content=\"Redding\" \/>\n<meta name=\"geo.position\" content=\"40.5976725;-122.3716346\" \/>\n<meta name=\"geo.region\" content=\"United States (US)\" \/>\n<!-- \/ Yoast SEO Premium plugin. -->","yoast_head_json":{"title":"Baby Blau und Gold Ara Papageien - Tropical Wings Birds","robots":{"index":"index","follow":"follow","max-snippet":"max-snippet:-1","max-image-preview":"max-image-preview:large","max-video-preview":"max-video-preview:-1"},"canonical":"https:\/\/tropicalwingsbirds.shop\/de_ch\/geschaft\/baby-blau-und-gold-ara-papageien\/","og_locale":"de_DE","og_type":"article","og_title":"Baby Blue and Gold Macaw Parrots","og_description":"Blue and Gold Macaw baby parrots are ready for rehoming. cute and adorable boned pairs and single available. Baby Male and female Blue and Gold macaw for sale. Our birds are hand fed and enriched with attributes and training you can only see from birds at macaw parrots shop. Sex : Male \/ Female Age : 6- 12 months\u00a0 Size : Small (Weaned \u2013 Can eat by themselves) Health : 100% guaranteed Price varies with age.\u00a0 We offer from $1400 USD for birds of 6 to 12 months.","og_url":"https:\/\/tropicalwingsbirds.shop\/de_ch\/geschaft\/baby-blau-und-gold-ara-papageien\/","og_site_name":"Tropical Wings Birds","article_publisher":"https:\/\/web.facebook.com\/profile.php?id=61551502767851&mibextid=2JQ9oc&_rdc=1&_rdr","article_modified_time":"2023-12-03T14:05:17+00:00","og_image":[{"width":500,"height":500,"url":"https:\/\/tropicalwingsbirds.shop\/wp-content\/uploads\/2023\/12\/Blue-and-Gold1.jpg","type":"image\/jpeg"}],"twitter_card":"summary_large_image","twitter_misc":{"Price":"","Availability":"In stock"},"schema":{"@context":"https:\/\/schema.org","@graph":[{"@type":"WebPage","@id":"https:\/\/tropicalwingsbirds.shop\/shop\/baby-blue-and-gold-macaw-parrots\/","url":"https:\/\/tropicalwingsbirds.shop\/shop\/baby-blue-and-gold-macaw-parrots\/","name":"Baby Blau und Gold Ara Papageien - Tropical Wings Birds","isPartOf":{"@id":"https:\/\/tropicalwingsbirds.shop\/#website"},"primaryImageOfPage":{"@id":"https:\/\/tropicalwingsbirds.shop\/shop\/baby-blue-and-gold-macaw-parrots\/#primaryimage"},"image":{"@id":"https:\/\/tropicalwingsbirds.shop\/shop\/baby-blue-and-gold-macaw-parrots\/#primaryimage"},"thumbnailUrl":"https:\/\/tropicalwingsbirds.shop\/wp-content\/uploads\/2023\/12\/Blue-and-Gold1.jpg","datePublished":"2023-12-03T14:05:00+00:00","dateModified":"2023-12-03T14:05:17+00:00","breadcrumb":{"@id":"https:\/\/tropicalwingsbirds.shop\/shop\/baby-blue-and-gold-macaw-parrots\/#breadcrumb"},"inLanguage":"de-CH","potentialAction":[{"@type":"ReadAction","target":["https:\/\/tropicalwingsbirds.shop\/shop\/baby-blue-and-gold-macaw-parrots\/"]}]},{"@type":"ImageObject","inLanguage":"de-CH","@id":"https:\/\/tropicalwingsbirds.shop\/shop\/baby-blue-and-gold-macaw-parrots\/#primaryimage","url":"https:\/\/tropicalwingsbirds.shop\/wp-content\/uploads\/2023\/12\/Blue-and-Gold1.jpg","contentUrl":"https:\/\/tropicalwingsbirds.shop\/wp-content\/uploads\/2023\/12\/Blue-and-Gold1.jpg","width":500,"height":500},{"@type":"BreadcrumbList","@id":"https:\/\/tropicalwingsbirds.shop\/shop\/baby-blue-and-gold-macaw-parrots\/#breadcrumb","itemListElement":[{"@type":"ListItem","position":1,"name":"Home","item":"https:\/\/tropicalwingsbirds.shop\/"},{"@type":"ListItem","position":2,"name":"Shop","item":"https:\/\/tropicalwingsbirds.shop\/shop\/"},{"@type":"ListItem","position":3,"name":"Baby Blue and Gold Macaw Parrots"}]},{"@type":"WebSite","@id":"https:\/\/tropicalwingsbirds.shop\/#website","url":"https:\/\/tropicalwingsbirds.shop\/","name":"Tropische Fl\u00fcgelv\u00f6gel","description":"Die besten Z\u00fcchter exotischer V\u00f6gel online","publisher":{"@id":"https:\/\/tropicalwingsbirds.shop\/#organization"},"potentialAction":[{"@type":"SearchAction","target":{"@type":"EntryPoint","urlTemplate":"https:\/\/tropicalwingsbirds.shop\/?s={search_term_string}"},"query-input":{"@type":"PropertyValueSpecification","valueRequired":true,"valueName":"search_term_string"}}],"inLanguage":"de-CH"},{"@type":["Organization","Place","PetStore"],"@id":"https:\/\/tropicalwingsbirds.shop\/#organization","name":"Tropical Wings Birds Shop","alternateName":"TPWB","url":"https:\/\/tropicalwingsbirds.shop\/","logo":{"@id":"https:\/\/tropicalwingsbirds.shop\/shop\/baby-blue-and-gold-macaw-parrots\/#local-main-organization-logo"},"image":{"@id":"https:\/\/tropicalwingsbirds.shop\/shop\/baby-blue-and-gold-macaw-parrots\/#local-main-organization-logo"},"sameAs":["https:\/\/web.facebook.com\/profile.php?id=61551502767851&mibextid=2JQ9oc&_rdc=1&_rdr"],"description":"Tropical Wings Birds ist Ihre Adresse f\u00fcr exotische Vogelbegleitung. Unsere Boutique-Voliere in den USA bietet eine kuratierte Auswahl an farbenfrohen tropischen V\u00f6geln von renommierten Z\u00fcchtern weltweit. Mit Fokus auf Wohlbefinden und Expertise begleitet Sie unser engagiertes Team auf Ihrer Suche nach dem perfekten gefiederten Freund. Besuchen Sie uns noch heute und erleben Sie die Magie der Vogelbegleitung bei Tropical Wings Birds.","legalName":"Tropical Wings Birds","foundingDate":"2019-02-14","numberOfEmployees":{"@type":"QuantitativeValue","minValue":"1","maxValue":"10"},"address":{"@id":"https:\/\/tropicalwingsbirds.shop\/shop\/baby-blue-and-gold-macaw-parrots\/#local-main-place-address"},"geo":{"@type":"GeoCoordinates","latitude":"40.5976725","longitude":"-122.3716346"},"telephone":["+1 707-733-4623","+1 707-733-4623"],"contactPoint":{"@type":"ContactPoint","telephone":"+1 707-733-4623","email":"sales@tropicalwingsbirds.shop"},"openingHoursSpecification":{"@type":"OpeningHoursSpecification","dayOfWeek":["Monday","Tuesday","Wednesday","Thursday","Friday","Saturday","Sunday"],"opens":"00:00","closes":"23:59"},"email":"sales@tropicalwingsbirds.shop","faxNumber":"+1 707-733-4623","areaServed":"United states, Porto Rico, Canada, Australia","priceRange":"$","currenciesAccepted":"USD, CAD, AUD,","paymentAccepted":"Zelle, Paypal, Bitcoin, Apple pay, Credit cards, Bank transfers"},{"@type":"PostalAddress","@id":"https:\/\/tropicalwingsbirds.shop\/shop\/baby-blue-and-gold-macaw-parrots\/#local-main-place-address","streetAddress":"500 Hilltop Dr,","addressLocality":"Redding","postalCode":"96003","addressRegion":"California","addressCountry":"US"},{"@type":"ImageObject","inLanguage":"de-CH","@id":"https:\/\/tropicalwingsbirds.shop\/shop\/baby-blue-and-gold-macaw-parrots\/#local-main-organization-logo","url":"https:\/\/tropicalwingsbirds.shop\/wp-content\/uploads\/2024\/01\/tropical-wings-1.webp","contentUrl":"https:\/\/tropicalwingsbirds.shop\/wp-content\/uploads\/2024\/01\/tropical-wings-1.webp","width":500,"height":500,"caption":"Tropical Wings Birds Shop"}]},"product_price_currency":"USD","og_availability":"instock","product_availability":"instock","product_condition":"new","geo.placename":"Redding","geo.position":{"lat":"40.5976725","long":"-122.3716346"},"geo.region":"United States (US)"},"jetpack_sharing_enabled":true,"_links":{"self":[{"href":"https:\/\/tropicalwingsbirds.shop\/de_ch\/wp-json\/wp\/v2\/product\/545","targetHints":{"allow":["GET"]}}],"collection":[{"href":"https:\/\/tropicalwingsbirds.shop\/de_ch\/wp-json\/wp\/v2\/product"}],"about":[{"href":"https:\/\/tropicalwingsbirds.shop\/de_ch\/wp-json\/wp\/v2\/types\/product"}],"replies":[{"embeddable":true,"href":"https:\/\/tropicalwingsbirds.shop\/de_ch\/wp-json\/wp\/v2\/comments?post=545"}],"wp:featuredmedia":[{"embeddable":true,"href":"https:\/\/tropicalwingsbirds.shop\/de_ch\/wp-json\/wp\/v2\/media\/565"}],"wp:attachment":[{"href":"https:\/\/tropicalwingsbirds.shop\/de_ch\/wp-json\/wp\/v2\/media?parent=545"}],"wp:term":[{"taxonomy":"product_brand","embeddable":true,"href":"https:\/\/tropicalwingsbirds.shop\/de_ch\/wp-json\/wp\/v2\/product_brand?post=545"},{"taxonomy":"product_cat","embeddable":true,"href":"https:\/\/tropicalwingsbirds.shop\/de_ch\/wp-json\/wp\/v2\/product_cat?post=545"},{"taxonomy":"product_tag","embeddable":true,"href":"https:\/\/tropicalwingsbirds.shop\/de_ch\/wp-json\/wp\/v2\/product_tag?post=545"}],"curies":[{"name":"wp","href":"https:\/\/api.w.org\/{rel}","templated":true}]}}