{"id":546,"date":"2023-12-03T14:05:00","date_gmt":"2023-12-03T14:05:00","guid":{"rendered":"https:\/\/tropicalwingsbirds.shop\/?post_type=product&#038;p=546"},"modified":"2023-12-03T14:05:18","modified_gmt":"2023-12-03T14:05:18","slug":"afrikanischer-grauer-papagei","status":"publish","type":"product","link":"https:\/\/tropicalwingsbirds.shop\/de_ch\/geschaft\/afrikanischer-grauer-papagei\/","title":{"rendered":"Afrikanischer Graupapagei online"},"content":{"rendered":"<div class=\"product-section\">\n<div class=\"row\">\n<div class=\"large-10 col pb-0 mb-0\">\n<div class=\"panel entry-content\">\n<p>Macaw Parrot Shop bietet Graupapageien online und im Gesch\u00e4ft an. Viele kaufen Graupapageien online, weil der hochintelligente Graupapagei oft als der gespr\u00e4chigste Vogel der Welt gilt. Manche Papageien verf\u00fcgen \u00fcber einen Wortschatz von Hunderten verschiedener W\u00f6rter. Es gibt sogar Studien, die darauf hindeuten, dass diese Papageien W\u00f6rter im Kontext verwenden k\u00f6nnen, um einfache Gespr\u00e4che zu f\u00fchren. Graupapageien interagieren mit Menschen, was bereits oft beobachtet wurde. Das bedeutet jedoch nicht unbedingt, dass sie verstehen, was gesagt wird.<\/p>\n<p>Dar\u00fcber hinaus erfordert diese Art der verbalen Kommunikation jahrelanges geduldiges Training und \u00dcbung durch den Besitzer. Graupapageien sind sehr beliebte Begleiter. Durch Abholzung der W\u00e4lder und den \u00fcberm\u00e4\u00dfigen Fang von Wildv\u00f6geln sind beide Arten jedoch stark gef\u00e4hrdet. Graupapageien sind eine gute Wahl, wenn Sie ein sehr neugieriges und intelligentes Tier m\u00f6gen.<\/p>\n<p>Sie sind sehr energiegeladen und neugierig und geh\u00f6ren zu den intelligentesten Vogelarten \u00fcberhaupt. Daher ben\u00f6tigen sie viel Aufmerksamkeit und Energie. Sie m\u00fcssen t\u00e4glich viel Zeit mit ihnen verbringen, daher sind sie keine Haustiere, die man einfach allein lassen kann. Sie sind in der Regel etwa 25 bis 35 Zentimeter gro\u00df und damit gr\u00f6\u00dfer als der \u00fcbliche Hauspapagei.<\/p>\n<h2 id=\"id3\"><span id=\"buying-factors\" class=\"ez-toc-section\">Welche Faktoren beeinflussen den Preis eines Graupapageis?<\/span><\/h2>\n<p><a href=\"https:\/\/www.parrots.org\/lp\/grey-parrot-information-2\/?gclid=EAIaIQobChMI3piT9vLT6QIVjYbACh3vXglyEAAYASAAEgKslvD_BwE\"><strong>Wie sch\u00f6n ein Graupapagei<\/strong>\u00a0<\/a>Das Aussehen beeinflusst den Preis des Vogels erheblich. Graupapageien, die gesund aussehen und keine Sch\u00f6nheitsfehler oder ungew\u00f6hnliche Markierungen und Merkmale aufweisen, sind begehrter. Ungew\u00f6hnliche, aber ansprechende Merkmale wie ein einzigartiges Rosa oder R\u00f6tlich hingegen sind sehr selten und erh\u00f6hen den Preis Ihres Haustiervogels drastisch.<\/p>\n<p data-slot-rendered-dynamic=\"true\">Die Qualit\u00e4t der Genetik eines Graupapageis beeinflusst seinen Preis. Sie k\u00f6nnen einen DNA-Test durchf\u00fchren lassen, wenn Sie sich \u00fcber die genetische Abstammung Ihres Vogels Sorgen machen. Dies kann von Belang sein, wenn Sie selbst V\u00f6gel z\u00fcchten m\u00f6chten. Zus\u00e4tzlich k\u00f6nnen Sie Tests durchf\u00fchren lassen, um den Vogel auf Krankheiten zu untersuchen. Beides ist kostenpflichtig. Zus\u00e4tzlich sollten Sie einen Gentest durchf\u00fchren lassen, um sicherzustellen, dass es sich bei dem Graupapagei nicht um eine Kreuzung handelt. Kreuzungen werden in der Regel zwischen einem Timneh und einem Kongo durchgef\u00fchrt.<\/p>\n<h2>Pflege eines Graupapageis<\/h2>\n<div>Sitzstangen sollten niedrig im K\u00e4fig angebracht werden, insbesondere f\u00fcr j\u00fcngere V\u00f6gel, die beim Klettern m\u00f6glicherweise noch nicht so sicher sind. Sie m\u00fcssen die N\u00e4gel Ihres Papageis regelm\u00e4\u00dfig schneiden. Diese Papageien mausern sich zum ersten Mal im Alter von etwa 8 Monaten und dann mit etwa 11 Monaten zum ersten Mal ernsthaft, was j\u00e4hrlich vorkommt.<br \/> Die Ern\u00e4hrung sollte aus hochwertigen Pellets und viel frischem Obst und Gem\u00fcse bestehen, insbesondere solches mit einem hohen Kalzium- und Vitamin-A-Gehalt. Die V\u00f6gel k\u00f6nnen das ganze Jahr \u00fcber gez\u00fcchtet werden und haben ein Gelege von 1 bis 3 Eiern.<\/div>\n<div><\/div>\n<h3 data-slot-rendered-dynamic=\"true\">Afrikanischer Graupapagei online kaufen<\/h3>\n<p data-slot-rendered-dynamic=\"true\">Suchen Sie online nach Graupapageien zum Verkauf und erfahren Sie, wie sch\u00f6n sie sind. Sehen Sie sich einen Graupapagei in Aktion an und schauen Sie sich das Video unten an.<\/p>\n<h2>Biologische Fakten<\/h2>\n<div>Graupapagei (Psittacus erithacus); zwei Unterarten<\/div>\n<div>Kongo: gr\u00f6\u00dferer K\u00f6rper, hellgraue F\u00e4rbung, ganz schwarzer Schnabel und leuchtend rote Schwanzfedern<\/div>\n<div>Timneh: kleinerer K\u00f6rper, dunkelgraue F\u00e4rbung, fleischfarbene obere Schnabelh\u00e4lfte und dunkelbraune Schwanzfedern<\/div>\n<div>Gewicht: 330-500 g<\/div>\n<div>Junge V\u00f6gel haben dunkelgraue Iris, die im Alter von einem Jahr blassgelb wird<\/div>\n<div>Geschlechtsreife: 4-6 Jahre<\/div>\n<div>Durchschnittliche Lebensdauer: 25\u201330 Jahre<\/div>\n<div>Maximale aufgezeichnete Lebensdauer: 50+ Jahre<\/div>\n<div>Herkunft: West- und Zentralafrika<\/div>\n<h2>Di\u00e4t<\/h2>\n<div>Im Macaw Parrot Shop f\u00fcttern wir unsere Graupapageien mit einer Vielzahl von Fr\u00fcchten, N\u00fcssen und Gem\u00fcse.<\/div>\n<div>Von einer Ern\u00e4hrung auf Samenbasis wird abgeraten, da Heimv\u00f6gel dadurch die M\u00f6glichkeit haben, aus dem Angebot eine unausgewogene Ern\u00e4hrung auszuw\u00e4hlen.<\/div>\n<div>Formulierte Di\u00e4ten (\u201ePellets\u201c oder \u201eCrumbles\u201c) bieten eine vollst\u00e4ndigere und ausgewogenere Ern\u00e4hrung, erlauben keine selektive F\u00fctterung und sollten etwa 75% der Nahrung umfassen<\/div>\n<div>Dunkles Blattgem\u00fcse, Gem\u00fcse und Obst k\u00f6nnen 20-25% der Ern\u00e4hrung ausmachen<\/div>\n<div>Leckerlis sollten auf nur 5% der Ern\u00e4hrung begrenzt werden<\/div>\n<div>Sauberes, frisches Wasser sollte t\u00e4glich bereitgestellt werden<\/div>\n<div><\/div>\n<\/p><\/div>\n<\/p><\/div>\n<\/p><\/div>\n<\/p><\/div>","protected":false},"excerpt":{"rendered":"<pre><strong>Art: Baby-Graupapagei (Kongo-Graupapagei)<\/strong>\r <strong>Geschlecht: M\u00e4nnlich \/ Weiblich<\/strong>\r <strong>Alter: 6 bis 9 Monate<\/strong>\r <strong>Gr\u00f6\u00dfe: Klein (Entw\u00f6hnt \u2013 Kann alleine essen)<\/strong>\r <strong>Der Preis variiert je nach Alter. Wir bieten von $1200 bis 1600 USD f\u00fcr V\u00f6gel im Alter von 9 bis 18 Monaten.<\/strong>\r   <\/pre>","protected":false},"featured_media":566,"comment_status":"closed","ping_status":"closed","template":"","meta":{"site-sidebar-layout":"default","site-content-layout":"","ast-site-content-layout":"default","site-content-style":"default","site-sidebar-style":"default","ast-global-header-display":"","ast-banner-title-visibility":"","ast-main-header-display":"","ast-hfb-above-header-display":"","ast-hfb-below-header-display":"","ast-hfb-mobile-header-display":"","site-post-title":"","ast-breadcrumbs-content":"","ast-featured-img":"","footer-sml-layout":"","theme-transparent-header-meta":"","adv-header-id-meta":"","stick-header-meta":"","header-above-stick-meta":"","header-main-stick-meta":"","header-below-stick-meta":"","astra-migrate-meta-layouts":"default","ast-page-background-enabled":"default","ast-page-background-meta":{"desktop":{"background-color":"var(--ast-global-color-4)","background-image":"","background-repeat":"repeat","background-position":"center center","background-size":"auto","background-attachment":"scroll","background-type":"","background-media":"","overlay-type":"","overlay-color":"","overlay-opacity":"","overlay-gradient":""},"tablet":{"background-color":"","background-image":"","background-repeat":"repeat","background-position":"center center","background-size":"auto","background-attachment":"scroll","background-type":"","background-media":"","overlay-type":"","overlay-color":"","overlay-opacity":"","overlay-gradient":""},"mobile":{"background-color":"","background-image":"","background-repeat":"repeat","background-position":"center center","background-size":"auto","background-attachment":"scroll","background-type":"","background-media":"","overlay-type":"","overlay-color":"","overlay-opacity":"","overlay-gradient":""}},"ast-content-background-meta":{"desktop":{"background-color":"var(--ast-global-color-5)","background-image":"","background-repeat":"repeat","background-position":"center center","background-size":"auto","background-attachment":"scroll","background-type":"","background-media":"","overlay-type":"","overlay-color":"","overlay-opacity":"","overlay-gradient":""},"tablet":{"background-color":"var(--ast-global-color-5)","background-image":"","background-repeat":"repeat","background-position":"center center","background-size":"auto","background-attachment":"scroll","background-type":"","background-media":"","overlay-type":"","overlay-color":"","overlay-opacity":"","overlay-gradient":""},"mobile":{"background-color":"var(--ast-global-color-5)","background-image":"","background-repeat":"repeat","background-position":"center center","background-size":"auto","background-attachment":"scroll","background-type":"","background-media":"","overlay-type":"","overlay-color":"","overlay-opacity":"","overlay-gradient":""}}},"product_brand":[],"product_cat":[47,52],"product_tag":[53],"class_list":{"0":"post-546","1":"product","2":"type-product","3":"status-publish","4":"has-post-thumbnail","6":"product_cat-african-grey-parrot","7":"product_cat-parrot-birds","8":"product_tag-buy-parrots-online","9":"desktop-align-left","10":"tablet-align-left","11":"mobile-align-left","12":"ast-product-gallery-layout-horizontal-slider","13":"ast-product-gallery-with-no-image","14":"ast-product-tabs-layout-horizontal","15":"ast-qv-on-image","17":"first","18":"instock","19":"shipping-taxable","20":"product-type-simple"},"yoast_head":"<!-- This site is optimized with the Yoast SEO Premium plugin v23.2 (Yoast SEO v26.8) - https:\/\/yoast.com\/product\/yoast-seo-premium-wordpress\/ -->\n<title>African Grey Parrot Online - Tropical Wings Birds<\/title>\n<meta name=\"robots\" content=\"index, follow, max-snippet:-1, max-image-preview:large, max-video-preview:-1\" \/>\n<link rel=\"canonical\" href=\"https:\/\/tropicalwingsbirds.shop\/de_ch\/geschaft\/afrikanischer-grauer-papagei\/\" \/>\n<meta property=\"og:locale\" content=\"de_DE\" \/>\n<meta property=\"og:type\" content=\"article\" \/>\n<meta property=\"og:title\" content=\"African Grey Parrot Online\" \/>\n<meta property=\"og:description\" content=\"Species : Baby African Grey Congo Parrot (Congo African Grey Parrot) Sex : Male \/ Female Age : 6 to 9 months Size : Small (Weaned \u2013 Can eat by themselves) Price varies with age.\u00a0 We offer from $1200 to 1600 USD for birds of 9 to 18 months.\" \/>\n<meta property=\"og:url\" content=\"https:\/\/tropicalwingsbirds.shop\/de_ch\/geschaft\/afrikanischer-grauer-papagei\/\" \/>\n<meta property=\"og:site_name\" content=\"Tropical Wings Birds\" \/>\n<meta property=\"article:publisher\" content=\"https:\/\/web.facebook.com\/profile.php?id=61551502767851&amp;mibextid=2JQ9oc&amp;_rdc=1&amp;_rdr\" \/>\n<meta property=\"article:modified_time\" content=\"2023-12-03T14:05:18+00:00\" \/>\n<meta property=\"og:image\" content=\"https:\/\/tropicalwingsbirds.shop\/wp-content\/uploads\/2023\/12\/CAM_11252020_1354-189.jpg\" \/>\n\t<meta property=\"og:image:width\" content=\"1080\" \/>\n\t<meta property=\"og:image:height\" content=\"1080\" \/>\n\t<meta property=\"og:image:type\" content=\"image\/jpeg\" \/>\n<meta name=\"twitter:card\" content=\"summary_large_image\" \/>\n<meta name=\"twitter:label1\" content=\"Price\" \/>\n\t<meta name=\"twitter:data1\" content=\"\" \/>\n\t<meta name=\"twitter:label2\" content=\"Availability\" \/>\n\t<meta name=\"twitter:data2\" content=\"In stock\" \/>\n<script type=\"application\/ld+json\" class=\"yoast-schema-graph\">{\"@context\":\"https:\/\/schema.org\",\"@graph\":[{\"@type\":\"WebPage\",\"@id\":\"https:\/\/tropicalwingsbirds.shop\/shop\/african-grey-parrot-online\/\",\"url\":\"https:\/\/tropicalwingsbirds.shop\/shop\/african-grey-parrot-online\/\",\"name\":\"African Grey Parrot Online - Tropical Wings Birds\",\"isPartOf\":{\"@id\":\"https:\/\/tropicalwingsbirds.shop\/#website\"},\"primaryImageOfPage\":{\"@id\":\"https:\/\/tropicalwingsbirds.shop\/shop\/african-grey-parrot-online\/#primaryimage\"},\"image\":{\"@id\":\"https:\/\/tropicalwingsbirds.shop\/shop\/african-grey-parrot-online\/#primaryimage\"},\"thumbnailUrl\":\"https:\/\/tropicalwingsbirds.shop\/wp-content\/uploads\/2023\/12\/CAM_11252020_1354-189.jpg\",\"datePublished\":\"2023-12-03T14:05:00+00:00\",\"dateModified\":\"2023-12-03T14:05:18+00:00\",\"breadcrumb\":{\"@id\":\"https:\/\/tropicalwingsbirds.shop\/shop\/african-grey-parrot-online\/#breadcrumb\"},\"inLanguage\":\"de-CH\",\"potentialAction\":[{\"@type\":\"ReadAction\",\"target\":[\"https:\/\/tropicalwingsbirds.shop\/shop\/african-grey-parrot-online\/\"]}]},{\"@type\":\"ImageObject\",\"inLanguage\":\"de-CH\",\"@id\":\"https:\/\/tropicalwingsbirds.shop\/shop\/african-grey-parrot-online\/#primaryimage\",\"url\":\"https:\/\/tropicalwingsbirds.shop\/wp-content\/uploads\/2023\/12\/CAM_11252020_1354-189.jpg\",\"contentUrl\":\"https:\/\/tropicalwingsbirds.shop\/wp-content\/uploads\/2023\/12\/CAM_11252020_1354-189.jpg\",\"width\":1080,\"height\":1080},{\"@type\":\"BreadcrumbList\",\"@id\":\"https:\/\/tropicalwingsbirds.shop\/shop\/african-grey-parrot-online\/#breadcrumb\",\"itemListElement\":[{\"@type\":\"ListItem\",\"position\":1,\"name\":\"Home\",\"item\":\"https:\/\/tropicalwingsbirds.shop\/\"},{\"@type\":\"ListItem\",\"position\":2,\"name\":\"Shop\",\"item\":\"https:\/\/tropicalwingsbirds.shop\/shop\/\"},{\"@type\":\"ListItem\",\"position\":3,\"name\":\"African Grey Parrot Online\"}]},{\"@type\":\"WebSite\",\"@id\":\"https:\/\/tropicalwingsbirds.shop\/#website\",\"url\":\"https:\/\/tropicalwingsbirds.shop\/\",\"name\":\"Tropical Wings Birds\",\"description\":\"Best Exotic birds breeders online\",\"publisher\":{\"@id\":\"https:\/\/tropicalwingsbirds.shop\/#organization\"},\"potentialAction\":[{\"@type\":\"SearchAction\",\"target\":{\"@type\":\"EntryPoint\",\"urlTemplate\":\"https:\/\/tropicalwingsbirds.shop\/?s={search_term_string}\"},\"query-input\":{\"@type\":\"PropertyValueSpecification\",\"valueRequired\":true,\"valueName\":\"search_term_string\"}}],\"inLanguage\":\"de-CH\"},{\"@type\":[\"Organization\",\"Place\",\"PetStore\"],\"@id\":\"https:\/\/tropicalwingsbirds.shop\/#organization\",\"name\":\"Tropical Wings Birds Shop\",\"alternateName\":\"TPWB\",\"url\":\"https:\/\/tropicalwingsbirds.shop\/\",\"logo\":{\"@id\":\"https:\/\/tropicalwingsbirds.shop\/shop\/african-grey-parrot-online\/#local-main-organization-logo\"},\"image\":{\"@id\":\"https:\/\/tropicalwingsbirds.shop\/shop\/african-grey-parrot-online\/#local-main-organization-logo\"},\"sameAs\":[\"https:\/\/web.facebook.com\/profile.php?id=61551502767851&mibextid=2JQ9oc&_rdc=1&_rdr\"],\"description\":\"Tropical Wings Birds is your destination for exotic avian companionship. Our boutique aviary in United States offers a curated selection of vibrant tropical birds sourced from reputable breeders worldwide. With a focus on welfare and expertise, our dedicated team is here to guide you on your journey to finding the perfect feathered friend. Visit us today and experience the magic of avian companionship at Tropical Wings Birds.\",\"legalName\":\"Tropical Wings Birds\",\"foundingDate\":\"2019-02-14\",\"numberOfEmployees\":{\"@type\":\"QuantitativeValue\",\"minValue\":\"1\",\"maxValue\":\"10\"},\"address\":{\"@id\":\"https:\/\/tropicalwingsbirds.shop\/shop\/african-grey-parrot-online\/#local-main-place-address\"},\"geo\":{\"@type\":\"GeoCoordinates\",\"latitude\":\"40.5976725\",\"longitude\":\"-122.3716346\"},\"telephone\":[\"+1 707-733-4623\",\"+1 707-733-4623\"],\"contactPoint\":{\"@type\":\"ContactPoint\",\"telephone\":\"+1 707-733-4623\",\"email\":\"sales@tropicalwingsbirds.shop\"},\"openingHoursSpecification\":{\"@type\":\"OpeningHoursSpecification\",\"dayOfWeek\":[\"Monday\",\"Tuesday\",\"Wednesday\",\"Thursday\",\"Friday\",\"Saturday\",\"Sunday\"],\"opens\":\"00:00\",\"closes\":\"23:59\"},\"email\":\"sales@tropicalwingsbirds.shop\",\"faxNumber\":\"+1 707-733-4623\",\"areaServed\":\"United states, Porto Rico, Canada, Australia\",\"priceRange\":\"$\",\"currenciesAccepted\":\"USD, CAD, AUD,\",\"paymentAccepted\":\"Zelle, Paypal, Bitcoin, Apple pay, Credit cards, Bank transfers\"},{\"@type\":\"PostalAddress\",\"@id\":\"https:\/\/tropicalwingsbirds.shop\/shop\/african-grey-parrot-online\/#local-main-place-address\",\"streetAddress\":\"500 Hilltop Dr,\",\"addressLocality\":\"Redding\",\"postalCode\":\"96003\",\"addressRegion\":\"California\",\"addressCountry\":\"US\"},{\"@type\":\"ImageObject\",\"inLanguage\":\"de-CH\",\"@id\":\"https:\/\/tropicalwingsbirds.shop\/shop\/african-grey-parrot-online\/#local-main-organization-logo\",\"url\":\"https:\/\/tropicalwingsbirds.shop\/wp-content\/uploads\/2024\/01\/tropical-wings-1.webp\",\"contentUrl\":\"https:\/\/tropicalwingsbirds.shop\/wp-content\/uploads\/2024\/01\/tropical-wings-1.webp\",\"width\":500,\"height\":500,\"caption\":\"Tropical Wings Birds Shop\"}]}<\/script>\n<meta property=\"product:price:currency\" content=\"USD\" \/>\n<meta property=\"og:availability\" content=\"instock\" \/>\n<meta property=\"product:availability\" content=\"instock\" \/>\n<meta property=\"product:condition\" content=\"new\" \/>\n<meta name=\"geo.placename\" content=\"Redding\" \/>\n<meta name=\"geo.position\" content=\"40.5976725;-122.3716346\" \/>\n<meta name=\"geo.region\" content=\"United States (US)\" \/>\n<!-- \/ Yoast SEO Premium plugin. -->","yoast_head_json":{"title":"Graupapagei online - Tropical Wings Birds","robots":{"index":"index","follow":"follow","max-snippet":"max-snippet:-1","max-image-preview":"max-image-preview:large","max-video-preview":"max-video-preview:-1"},"canonical":"https:\/\/tropicalwingsbirds.shop\/de_ch\/geschaft\/afrikanischer-grauer-papagei\/","og_locale":"de_DE","og_type":"article","og_title":"African Grey Parrot Online","og_description":"Species : Baby African Grey Congo Parrot (Congo African Grey Parrot) Sex : Male \/ Female Age : 6 to 9 months Size : Small (Weaned \u2013 Can eat by themselves) Price varies with age.\u00a0 We offer from $1200 to 1600 USD for birds of 9 to 18 months.","og_url":"https:\/\/tropicalwingsbirds.shop\/de_ch\/geschaft\/afrikanischer-grauer-papagei\/","og_site_name":"Tropical Wings Birds","article_publisher":"https:\/\/web.facebook.com\/profile.php?id=61551502767851&mibextid=2JQ9oc&_rdc=1&_rdr","article_modified_time":"2023-12-03T14:05:18+00:00","og_image":[{"width":1080,"height":1080,"url":"https:\/\/tropicalwingsbirds.shop\/wp-content\/uploads\/2023\/12\/CAM_11252020_1354-189.jpg","type":"image\/jpeg"}],"twitter_card":"summary_large_image","twitter_misc":{"Price":"","Availability":"In stock"},"schema":{"@context":"https:\/\/schema.org","@graph":[{"@type":"WebPage","@id":"https:\/\/tropicalwingsbirds.shop\/shop\/african-grey-parrot-online\/","url":"https:\/\/tropicalwingsbirds.shop\/shop\/african-grey-parrot-online\/","name":"Graupapagei online - Tropical Wings Birds","isPartOf":{"@id":"https:\/\/tropicalwingsbirds.shop\/#website"},"primaryImageOfPage":{"@id":"https:\/\/tropicalwingsbirds.shop\/shop\/african-grey-parrot-online\/#primaryimage"},"image":{"@id":"https:\/\/tropicalwingsbirds.shop\/shop\/african-grey-parrot-online\/#primaryimage"},"thumbnailUrl":"https:\/\/tropicalwingsbirds.shop\/wp-content\/uploads\/2023\/12\/CAM_11252020_1354-189.jpg","datePublished":"2023-12-03T14:05:00+00:00","dateModified":"2023-12-03T14:05:18+00:00","breadcrumb":{"@id":"https:\/\/tropicalwingsbirds.shop\/shop\/african-grey-parrot-online\/#breadcrumb"},"inLanguage":"de-CH","potentialAction":[{"@type":"ReadAction","target":["https:\/\/tropicalwingsbirds.shop\/shop\/african-grey-parrot-online\/"]}]},{"@type":"ImageObject","inLanguage":"de-CH","@id":"https:\/\/tropicalwingsbirds.shop\/shop\/african-grey-parrot-online\/#primaryimage","url":"https:\/\/tropicalwingsbirds.shop\/wp-content\/uploads\/2023\/12\/CAM_11252020_1354-189.jpg","contentUrl":"https:\/\/tropicalwingsbirds.shop\/wp-content\/uploads\/2023\/12\/CAM_11252020_1354-189.jpg","width":1080,"height":1080},{"@type":"BreadcrumbList","@id":"https:\/\/tropicalwingsbirds.shop\/shop\/african-grey-parrot-online\/#breadcrumb","itemListElement":[{"@type":"ListItem","position":1,"name":"Home","item":"https:\/\/tropicalwingsbirds.shop\/"},{"@type":"ListItem","position":2,"name":"Shop","item":"https:\/\/tropicalwingsbirds.shop\/shop\/"},{"@type":"ListItem","position":3,"name":"African Grey Parrot Online"}]},{"@type":"WebSite","@id":"https:\/\/tropicalwingsbirds.shop\/#website","url":"https:\/\/tropicalwingsbirds.shop\/","name":"Tropische Fl\u00fcgelv\u00f6gel","description":"Die besten Z\u00fcchter exotischer V\u00f6gel online","publisher":{"@id":"https:\/\/tropicalwingsbirds.shop\/#organization"},"potentialAction":[{"@type":"SearchAction","target":{"@type":"EntryPoint","urlTemplate":"https:\/\/tropicalwingsbirds.shop\/?s={search_term_string}"},"query-input":{"@type":"PropertyValueSpecification","valueRequired":true,"valueName":"search_term_string"}}],"inLanguage":"de-CH"},{"@type":["Organization","Place","PetStore"],"@id":"https:\/\/tropicalwingsbirds.shop\/#organization","name":"Tropical Wings Birds Shop","alternateName":"TPWB","url":"https:\/\/tropicalwingsbirds.shop\/","logo":{"@id":"https:\/\/tropicalwingsbirds.shop\/shop\/african-grey-parrot-online\/#local-main-organization-logo"},"image":{"@id":"https:\/\/tropicalwingsbirds.shop\/shop\/african-grey-parrot-online\/#local-main-organization-logo"},"sameAs":["https:\/\/web.facebook.com\/profile.php?id=61551502767851&mibextid=2JQ9oc&_rdc=1&_rdr"],"description":"Tropical Wings Birds ist Ihre Adresse f\u00fcr exotische Vogelbegleitung. Unsere Boutique-Voliere in den USA bietet eine kuratierte Auswahl an farbenfrohen tropischen V\u00f6geln von renommierten Z\u00fcchtern weltweit. Mit Fokus auf Wohlbefinden und Expertise begleitet Sie unser engagiertes Team auf Ihrer Suche nach dem perfekten gefiederten Freund. Besuchen Sie uns noch heute und erleben Sie die Magie der Vogelbegleitung bei Tropical Wings Birds.","legalName":"Tropical Wings Birds","foundingDate":"2019-02-14","numberOfEmployees":{"@type":"QuantitativeValue","minValue":"1","maxValue":"10"},"address":{"@id":"https:\/\/tropicalwingsbirds.shop\/shop\/african-grey-parrot-online\/#local-main-place-address"},"geo":{"@type":"GeoCoordinates","latitude":"40.5976725","longitude":"-122.3716346"},"telephone":["+1 707-733-4623","+1 707-733-4623"],"contactPoint":{"@type":"ContactPoint","telephone":"+1 707-733-4623","email":"sales@tropicalwingsbirds.shop"},"openingHoursSpecification":{"@type":"OpeningHoursSpecification","dayOfWeek":["Monday","Tuesday","Wednesday","Thursday","Friday","Saturday","Sunday"],"opens":"00:00","closes":"23:59"},"email":"sales@tropicalwingsbirds.shop","faxNumber":"+1 707-733-4623","areaServed":"United states, Porto Rico, Canada, Australia","priceRange":"$","currenciesAccepted":"USD, CAD, AUD,","paymentAccepted":"Zelle, Paypal, Bitcoin, Apple pay, Credit cards, Bank transfers"},{"@type":"PostalAddress","@id":"https:\/\/tropicalwingsbirds.shop\/shop\/african-grey-parrot-online\/#local-main-place-address","streetAddress":"500 Hilltop Dr,","addressLocality":"Redding","postalCode":"96003","addressRegion":"California","addressCountry":"US"},{"@type":"ImageObject","inLanguage":"de-CH","@id":"https:\/\/tropicalwingsbirds.shop\/shop\/african-grey-parrot-online\/#local-main-organization-logo","url":"https:\/\/tropicalwingsbirds.shop\/wp-content\/uploads\/2024\/01\/tropical-wings-1.webp","contentUrl":"https:\/\/tropicalwingsbirds.shop\/wp-content\/uploads\/2024\/01\/tropical-wings-1.webp","width":500,"height":500,"caption":"Tropical Wings Birds Shop"}]},"product_price_currency":"USD","og_availability":"instock","product_availability":"instock","product_condition":"new","geo.placename":"Redding","geo.position":{"lat":"40.5976725","long":"-122.3716346"},"geo.region":"United States (US)"},"_links":{"self":[{"href":"https:\/\/tropicalwingsbirds.shop\/de_ch\/wp-json\/wp\/v2\/product\/546","targetHints":{"allow":["GET"]}}],"collection":[{"href":"https:\/\/tropicalwingsbirds.shop\/de_ch\/wp-json\/wp\/v2\/product"}],"about":[{"href":"https:\/\/tropicalwingsbirds.shop\/de_ch\/wp-json\/wp\/v2\/types\/product"}],"replies":[{"embeddable":true,"href":"https:\/\/tropicalwingsbirds.shop\/de_ch\/wp-json\/wp\/v2\/comments?post=546"}],"wp:featuredmedia":[{"embeddable":true,"href":"https:\/\/tropicalwingsbirds.shop\/de_ch\/wp-json\/wp\/v2\/media\/566"}],"wp:attachment":[{"href":"https:\/\/tropicalwingsbirds.shop\/de_ch\/wp-json\/wp\/v2\/media?parent=546"}],"wp:term":[{"taxonomy":"product_brand","embeddable":true,"href":"https:\/\/tropicalwingsbirds.shop\/de_ch\/wp-json\/wp\/v2\/product_brand?post=546"},{"taxonomy":"product_cat","embeddable":true,"href":"https:\/\/tropicalwingsbirds.shop\/de_ch\/wp-json\/wp\/v2\/product_cat?post=546"},{"taxonomy":"product_tag","embeddable":true,"href":"https:\/\/tropicalwingsbirds.shop\/de_ch\/wp-json\/wp\/v2\/product_tag?post=546"}],"curies":[{"name":"wp","href":"https:\/\/api.w.org\/{rel}","templated":true}]}}