{"id":574,"date":"2023-12-03T14:05:58","date_gmt":"2023-12-03T14:05:58","guid":{"rendered":"https:\/\/tropicalwingsbirds.shop\/?post_type=product&#038;p=574"},"modified":"2024-02-12T06:10:55","modified_gmt":"2024-02-12T06:10:55","slug":"indian-ringneck-for-sale","status":"publish","type":"product","link":"https:\/\/tropicalwingsbirds.shop\/de_ch\/geschaft\/indian-ringneck-for-sale\/","title":{"rendered":"Indischer Ringneck zu verkaufen"},"content":{"rendered":"<h1>Indischer Ringneck zu verkaufen<\/h1>\n<p>Der Halsbandsittich, auch Halsbandsittich genannt, ist ein mittelgro\u00dfer Papagei aus der Gattung Psittacula. Indischer Halsbandsittich zu verkaufen<\/p>\n<p>Die normale F\u00e4rbung des m\u00e4nnlichen Indischen Halsbandsittichs ist allgemein gr\u00fcn, wobei der untere Bauchbereich heller ist und der Hinterkopf einen bl\u00e4ulichen Schimmer aufweist. Ein schwarzer Ring verl\u00e4uft durch das Kinn und entlang der Wange. Dort geht er in einen rosa Kragen mit etwas Blau im Nacken \u00fcber. Die mittleren Schwanzfedern sind bl\u00e4ulich mit gelbgr\u00fcnen Spitzen, und die \u00e4u\u00dferen Schwanzfedern sind gr\u00fcn. Der Oberschnabel ist rot-orange und der Unterschnabel schwarz. Durch Zucht ist eine gro\u00dfe Vielfalt an Farbvariationen bzw. Mutationen m\u00f6glich.<br \/> Das Weibchen und das unreife M\u00e4nnchen haben keinen schwarzen Ring, keinen rosa Kragen und keine blaue F\u00e4rbung am Hinterkopf. Die Jungen erreichen ihr erwachsenes Gefieder nach ihrer zweiten vollst\u00e4ndigen Mauser im Alter von etwa 3 Jahren. Diese V\u00f6gel werden bis zu 40 cm lang.<\/p>\n<p>&nbsp;<\/p>\n<h2>Pflege und F\u00fctterung<\/h2>\n<p>T\u00e4glich muss frisches Futter und Wasser bereitgestellt werden.<br \/> In freier Wildbahn fressen Halsbandsittiche eine Vielzahl von Samen, Beeren, Fr\u00fcchten, N\u00fcssen, Bl\u00fcten und Nektar. Zus\u00e4tzlich k\u00f6nnen Sie ihnen Gem\u00fcse und handels\u00fcbliche Pellets anbieten. Sie fressen auch die gleichen nahrhaften Nahrungsmittel wie Menschen, darunter gekochtes H\u00fchnchen, gekochte Bohnen, Reis und Getreide. Weiche Lebensmittel wie diese verderben jedoch nach etwa vier Stunden. Ein gelegentliches Hirsespray ist eine willkommene Belohnung.<\/p>\n<p>Wenn Sie aggressives Verhalten bemerken, vermeiden Sie am besten Schimpfen, da der Vogel eine lebenslange Angst vor Menschen entwickeln kann. Der beste Weg, mit diesem Vogel umzugehen, besteht darin, schlechtes Verhalten zu ignorieren und gutes Verhalten positiv zu verst\u00e4rken.<\/p>\n<p>Der K\u00e4fig f\u00fcr diesen Vogel muss gr\u00f6\u00dfer sein, als Sie vielleicht erwarten. Er sollte Platz f\u00fcr seinen langen Schwanz bieten und dem Vogel die M\u00f6glichkeit geben, herumzuh\u00fcpfen und zu spielen, wenn Sie nicht da sind. Achten Sie darauf, dass der Gitterabstand f\u00fcr einen Halsbandsittich nicht so gro\u00df ist, dass er darin stecken bleiben oder entkommen kann; die ideale Gr\u00f6\u00dfe liegt bei 1,25 bis 1,6 cm Abstand.<\/p>\n<h3>Pflege der Halsbandsittiche<\/h3>\n<p>Zur grundlegenden K\u00e4figpflege geh\u00f6rt die t\u00e4gliche Reinigung der Wasser- und Futtern\u00e4pfe. W\u00f6chentlich sollten Sie alle Sitzstangen und schmutzigen Spielzeuge waschen, und der Boden sollte etwa alle zwei Wochen gewischt werden. Eine Voliere sollte j\u00e4hrlich gr\u00fcndlich abgespritzt und desinfiziert werden. Dabei sollten alle Gegenst\u00e4nde, die erneuert werden m\u00fcssen, wie alte N\u00e4pfe, Spielzeuge und Sitzstangen, ersetzt werden.<\/p>\n<h4>Soziales Verhalten<\/h4>\n<p>In freier Wildbahn leben diese V\u00f6gel in Schw\u00e4rmen und sind sehr gesellig. Sie haben ein angenehmes Wesen, neigen aber dazu, zu schreien, wenn man sie \u00e4rgert.<\/p>\n<p><a href=\"https:\/\/mozillabirdsfarm.com\/product-category\/cockatiels-parrots\/\">Indische Halsbandsittiche<\/a> k\u00f6nnen s\u00fc\u00dfe, zahme Haustiere sein, bleiben es aber nicht, wenn sie vernachl\u00e4ssigt werden. Wenn man jeden Tag mit ihnen spielt, k\u00f6nnen diese V\u00f6gel liebevolle, treue Begleiter sein. Bei Vernachl\u00e4ssigung kann es zu Bei\u00dfern kommen. F\u00fcr Kinder sind diese V\u00f6gel vielleicht nicht die besten, da Ringelg\u00e4nse empfindlich auf Aufregung reagieren, einschlie\u00dflich n\u00e4chtlicher Angst (sie schlagen nachts im K\u00e4fig umher, als w\u00e4ren sie erschrocken). <a href=\"https:\/\/timiesbirds.com\/product\/indian-ringneck-for-sale\/\">Rosenringsittich zu verkaufen<\/a> sind keine scheuen V\u00f6gel und kommen am besten bei einem Besitzer zurecht, der einen aufgeschlossenen Begleiter sch\u00e4tzt, der keine Angst hat, seine W\u00fcnsche zu \u00e4u\u00dfern!<\/p>\n<h5>Handhabung\/Training<\/h5>\n<p>Der Halsbandsittich ist schlau! Neben dem Sprechen sind diese Halsbandsittiche auch f\u00fcr ihr Talent bekannt, Tricks zu lernen. Manchen wurde beigebracht, Perlen auf eine Schnur aufzuf\u00e4deln, St\u00f6cke um den Kopf zu wirbeln, eine Glocke zu l\u00e4uten und ausgew\u00e4hlte Gegenst\u00e4nde aufzuheben.<\/p>\n<p><a href=\"https:\/\/timiesbirds.com\/product\/indian-ringneck-for-sale\/\">INDIAN RINGNECK ONLINE KAUFEN<\/a><\/p>","protected":false},"excerpt":{"rendered":"<p>Wir verkaufen Halsbandsittiche (M\u00e4nnchen und Weibchen) im Alter von 3 bis 11 Monaten. DNA-getestet, gr\u00fcndlich auf Gesundheit getestet und mit tier\u00e4rztlichem Attest versehen. Sie sind s\u00fc\u00df und sehr freundlich. Sie lassen sich gerne halten, streicheln und klettern gerne auf Ihren R\u00fccken. Sie wurden von klein auf mit der Hand aufgezogen und sind daher sehr freundlich und zahm gegen\u00fcber allen, auch Kindern.<\/p>\n<p>-Farben verf\u00fcgbar <em><span style=\"font-family: georgia, palatino, serif\"><strong>Gr\u00fcn, Gelb, Grau, Wei\u00df, Violett und Blau\u00a0<\/strong><\/span><\/em> ( <span style=\"font-family: georgia, palatino, serif\"><em>Geben Sie bei der Bestellung Ihren Farbwunsch an)<\/em> <\/span><\/p>","protected":false},"featured_media":612,"comment_status":"closed","ping_status":"closed","template":"","meta":{"site-sidebar-layout":"default","site-content-layout":"","ast-site-content-layout":"default","site-content-style":"default","site-sidebar-style":"default","ast-global-header-display":"","ast-banner-title-visibility":"","ast-main-header-display":"","ast-hfb-above-header-display":"","ast-hfb-below-header-display":"","ast-hfb-mobile-header-display":"","site-post-title":"","ast-breadcrumbs-content":"","ast-featured-img":"","footer-sml-layout":"","theme-transparent-header-meta":"","adv-header-id-meta":"","stick-header-meta":"","header-above-stick-meta":"","header-main-stick-meta":"","header-below-stick-meta":"","astra-migrate-meta-layouts":"default","ast-page-background-enabled":"default","ast-page-background-meta":{"desktop":{"background-color":"var(--ast-global-color-4)","background-image":"","background-repeat":"repeat","background-position":"center center","background-size":"auto","background-attachment":"scroll","background-type":"","background-media":"","overlay-type":"","overlay-color":"","overlay-opacity":"","overlay-gradient":""},"tablet":{"background-color":"","background-image":"","background-repeat":"repeat","background-position":"center center","background-size":"auto","background-attachment":"scroll","background-type":"","background-media":"","overlay-type":"","overlay-color":"","overlay-opacity":"","overlay-gradient":""},"mobile":{"background-color":"","background-image":"","background-repeat":"repeat","background-position":"center center","background-size":"auto","background-attachment":"scroll","background-type":"","background-media":"","overlay-type":"","overlay-color":"","overlay-opacity":"","overlay-gradient":""}},"ast-content-background-meta":{"desktop":{"background-color":"var(--ast-global-color-5)","background-image":"","background-repeat":"repeat","background-position":"center center","background-size":"auto","background-attachment":"scroll","background-type":"","background-media":"","overlay-type":"","overlay-color":"","overlay-opacity":"","overlay-gradient":""},"tablet":{"background-color":"var(--ast-global-color-5)","background-image":"","background-repeat":"repeat","background-position":"center center","background-size":"auto","background-attachment":"scroll","background-type":"","background-media":"","overlay-type":"","overlay-color":"","overlay-opacity":"","overlay-gradient":""},"mobile":{"background-color":"var(--ast-global-color-5)","background-image":"","background-repeat":"repeat","background-position":"center center","background-size":"auto","background-attachment":"scroll","background-type":"","background-media":"","overlay-type":"","overlay-color":"","overlay-opacity":"","overlay-gradient":""}}},"product_brand":[],"product_cat":[2108],"product_tag":[129,130,131,132,133,134,135,136,137,138,139,140,141,142,143,144,145,146,147,148,149,150,151,152,153,154],"class_list":{"0":"post-574","1":"product","2":"type-product","3":"status-publish","4":"has-post-thumbnail","6":"product_cat-indian-ring-neck","7":"product_tag-can-indian-ringnecks-eat-eggs","8":"product_tag-how-long-for-indian-ringneck-eggs-to-hatch","9":"product_tag-how-to-tell-if-indian-ringneck-eggs-are-fertile","10":"product_tag-indian-ringneck-for-sale","11":"product_tag-indian-ringneck-for-sale-adoption-near-me","12":"product_tag-indian-ringneck-for-sale-arizona","13":"product_tag-indian-ringneck-for-sale-az","14":"product_tag-indian-ringneck-for-sale-bay-area","15":"product_tag-indian-ringneck-for-sale-cheap","16":"product_tag-indian-ringneck-for-sale-chicago","17":"product_tag-indian-ringneck-for-sale-craigslist","18":"product_tag-indian-ringneck-for-sale-dallas","19":"product_tag-indian-ringneck-for-sale-florida","20":"product_tag-indian-ringneck-for-sale-ga","21":"product_tag-indian-ringneck-for-sale-hawaii","22":"product_tag-indian-ringneck-for-sale-indiana","23":"product_tag-indian-ringneck-for-sale-miami","24":"product_tag-indian-ringneck-for-sale-michigan","25":"product_tag-indian-ringneck-for-sale-mn","26":"product_tag-indian-ringneck-for-sale-nc","27":"product_tag-indian-ringneck-for-sale-ohio","28":"product_tag-indian-ringneck-for-sale-tampa","29":"product_tag-indian-ringneck-for-sale-texas","30":"product_tag-indian-ringneck-parrot-for-sale-in-malaysia","31":"product_tag-indian-ringneck-parrot-for-sale-in-uae","32":"product_tag-indian-ringneck-parrot-for-sale-uk","33":"desktop-align-left","34":"tablet-align-left","35":"mobile-align-left","36":"ast-product-gallery-layout-horizontal-slider","37":"ast-product-tabs-layout-horizontal","38":"ast-qv-on-image","40":"first","41":"instock","42":"shipping-taxable","43":"product-type-simple"},"yoast_head":"<!-- This site is optimized with the Yoast SEO Premium plugin v23.2 (Yoast SEO v26.8) - https:\/\/yoast.com\/product\/yoast-seo-premium-wordpress\/ -->\n<title>Indian Ringneck for sale - Tropical Wings Birds<\/title>\n<meta name=\"robots\" content=\"index, follow, max-snippet:-1, max-image-preview:large, max-video-preview:-1\" \/>\n<link rel=\"canonical\" href=\"https:\/\/tropicalwingsbirds.shop\/de_ch\/geschaft\/indian-ringneck-for-sale\/\" \/>\n<meta property=\"og:locale\" content=\"de_DE\" \/>\n<meta property=\"og:type\" content=\"article\" \/>\n<meta property=\"og:title\" content=\"Indian Ringneck for sale\" \/>\n<meta property=\"og:description\" content=\"We have Male and Female ringneck parrots for sale from 3 to 11 months old. DNA tested, thoroughly health tested with vet certificate. They are cute and very friendly. They love to be held, stroked and will climb all over you. They have been hand-reared from a very young age, and so they are very friendly and tame towards everyone, including children. -Colors available Green, Yellow, Grey, White, Voilet and Blue\u00a0 ( Note Color Preference when placing your order)\" \/>\n<meta property=\"og:url\" content=\"https:\/\/tropicalwingsbirds.shop\/de_ch\/geschaft\/indian-ringneck-for-sale\/\" \/>\n<meta property=\"og:site_name\" content=\"Tropical Wings Birds\" \/>\n<meta property=\"article:publisher\" content=\"https:\/\/web.facebook.com\/profile.php?id=61551502767851&amp;mibextid=2JQ9oc&amp;_rdc=1&amp;_rdr\" \/>\n<meta property=\"article:modified_time\" content=\"2024-02-12T06:10:55+00:00\" \/>\n<meta property=\"og:image\" content=\"https:\/\/tropicalwingsbirds.shop\/wp-content\/uploads\/2023\/12\/WhatsApp-Image-2021-09-17-at-13.34.44.jpeg\" \/>\n\t<meta property=\"og:image:width\" content=\"1024\" \/>\n\t<meta property=\"og:image:height\" content=\"1024\" \/>\n\t<meta property=\"og:image:type\" content=\"image\/jpeg\" \/>\n<meta name=\"twitter:card\" content=\"summary_large_image\" \/>\n<meta name=\"twitter:label1\" content=\"Price\" \/>\n\t<meta name=\"twitter:data1\" content=\"\" \/>\n\t<meta name=\"twitter:label2\" content=\"Availability\" \/>\n\t<meta name=\"twitter:data2\" content=\"In stock\" \/>\n<script type=\"application\/ld+json\" class=\"yoast-schema-graph\">{\"@context\":\"https:\/\/schema.org\",\"@graph\":[{\"@type\":\"WebPage\",\"@id\":\"https:\/\/tropicalwingsbirds.shop\/shop\/indian-ringneck-for-sale\/\",\"url\":\"https:\/\/tropicalwingsbirds.shop\/shop\/indian-ringneck-for-sale\/\",\"name\":\"Indian Ringneck for sale - Tropical Wings Birds\",\"isPartOf\":{\"@id\":\"https:\/\/tropicalwingsbirds.shop\/#website\"},\"primaryImageOfPage\":{\"@id\":\"https:\/\/tropicalwingsbirds.shop\/shop\/indian-ringneck-for-sale\/#primaryimage\"},\"image\":{\"@id\":\"https:\/\/tropicalwingsbirds.shop\/shop\/indian-ringneck-for-sale\/#primaryimage\"},\"thumbnailUrl\":\"https:\/\/tropicalwingsbirds.shop\/wp-content\/uploads\/2023\/12\/WhatsApp-Image-2021-09-17-at-13.34.44.jpeg\",\"datePublished\":\"2023-12-03T14:05:58+00:00\",\"dateModified\":\"2024-02-12T06:10:55+00:00\",\"breadcrumb\":{\"@id\":\"https:\/\/tropicalwingsbirds.shop\/shop\/indian-ringneck-for-sale\/#breadcrumb\"},\"inLanguage\":\"de-CH\",\"potentialAction\":[{\"@type\":\"ReadAction\",\"target\":[\"https:\/\/tropicalwingsbirds.shop\/shop\/indian-ringneck-for-sale\/\"]}]},{\"@type\":\"ImageObject\",\"inLanguage\":\"de-CH\",\"@id\":\"https:\/\/tropicalwingsbirds.shop\/shop\/indian-ringneck-for-sale\/#primaryimage\",\"url\":\"https:\/\/tropicalwingsbirds.shop\/wp-content\/uploads\/2023\/12\/WhatsApp-Image-2021-09-17-at-13.34.44.jpeg\",\"contentUrl\":\"https:\/\/tropicalwingsbirds.shop\/wp-content\/uploads\/2023\/12\/WhatsApp-Image-2021-09-17-at-13.34.44.jpeg\",\"width\":1024,\"height\":1024},{\"@type\":\"BreadcrumbList\",\"@id\":\"https:\/\/tropicalwingsbirds.shop\/shop\/indian-ringneck-for-sale\/#breadcrumb\",\"itemListElement\":[{\"@type\":\"ListItem\",\"position\":1,\"name\":\"Home\",\"item\":\"https:\/\/tropicalwingsbirds.shop\/\"},{\"@type\":\"ListItem\",\"position\":2,\"name\":\"Shop\",\"item\":\"https:\/\/tropicalwingsbirds.shop\/shop\/\"},{\"@type\":\"ListItem\",\"position\":3,\"name\":\"Indian Ringneck for sale\"}]},{\"@type\":\"WebSite\",\"@id\":\"https:\/\/tropicalwingsbirds.shop\/#website\",\"url\":\"https:\/\/tropicalwingsbirds.shop\/\",\"name\":\"Tropical Wings Birds\",\"description\":\"Best Exotic birds breeders online\",\"publisher\":{\"@id\":\"https:\/\/tropicalwingsbirds.shop\/#organization\"},\"potentialAction\":[{\"@type\":\"SearchAction\",\"target\":{\"@type\":\"EntryPoint\",\"urlTemplate\":\"https:\/\/tropicalwingsbirds.shop\/?s={search_term_string}\"},\"query-input\":{\"@type\":\"PropertyValueSpecification\",\"valueRequired\":true,\"valueName\":\"search_term_string\"}}],\"inLanguage\":\"de-CH\"},{\"@type\":[\"Organization\",\"Place\",\"PetStore\"],\"@id\":\"https:\/\/tropicalwingsbirds.shop\/#organization\",\"name\":\"Tropical Wings Birds Shop\",\"alternateName\":\"TPWB\",\"url\":\"https:\/\/tropicalwingsbirds.shop\/\",\"logo\":{\"@id\":\"https:\/\/tropicalwingsbirds.shop\/shop\/indian-ringneck-for-sale\/#local-main-organization-logo\"},\"image\":{\"@id\":\"https:\/\/tropicalwingsbirds.shop\/shop\/indian-ringneck-for-sale\/#local-main-organization-logo\"},\"sameAs\":[\"https:\/\/web.facebook.com\/profile.php?id=61551502767851&mibextid=2JQ9oc&_rdc=1&_rdr\"],\"description\":\"Tropical Wings Birds is your destination for exotic avian companionship. Our boutique aviary in United States offers a curated selection of vibrant tropical birds sourced from reputable breeders worldwide. With a focus on welfare and expertise, our dedicated team is here to guide you on your journey to finding the perfect feathered friend. Visit us today and experience the magic of avian companionship at Tropical Wings Birds.\",\"legalName\":\"Tropical Wings Birds\",\"foundingDate\":\"2019-02-14\",\"numberOfEmployees\":{\"@type\":\"QuantitativeValue\",\"minValue\":\"1\",\"maxValue\":\"10\"},\"address\":{\"@id\":\"https:\/\/tropicalwingsbirds.shop\/shop\/indian-ringneck-for-sale\/#local-main-place-address\"},\"geo\":{\"@type\":\"GeoCoordinates\",\"latitude\":\"40.5976725\",\"longitude\":\"-122.3716346\"},\"telephone\":[\"+1 707-733-4623\",\"+1 707-733-4623\"],\"contactPoint\":{\"@type\":\"ContactPoint\",\"telephone\":\"+1 707-733-4623\",\"email\":\"sales@tropicalwingsbirds.shop\"},\"openingHoursSpecification\":{\"@type\":\"OpeningHoursSpecification\",\"dayOfWeek\":[\"Monday\",\"Tuesday\",\"Wednesday\",\"Thursday\",\"Friday\",\"Saturday\",\"Sunday\"],\"opens\":\"00:00\",\"closes\":\"23:59\"},\"email\":\"sales@tropicalwingsbirds.shop\",\"faxNumber\":\"+1 707-733-4623\",\"areaServed\":\"United states, Porto Rico, Canada, Australia\",\"priceRange\":\"$\",\"currenciesAccepted\":\"USD, CAD, AUD,\",\"paymentAccepted\":\"Zelle, Paypal, Bitcoin, Apple pay, Credit cards, Bank transfers\"},{\"@type\":\"PostalAddress\",\"@id\":\"https:\/\/tropicalwingsbirds.shop\/shop\/indian-ringneck-for-sale\/#local-main-place-address\",\"streetAddress\":\"500 Hilltop Dr,\",\"addressLocality\":\"Redding\",\"postalCode\":\"96003\",\"addressRegion\":\"California\",\"addressCountry\":\"US\"},{\"@type\":\"ImageObject\",\"inLanguage\":\"de-CH\",\"@id\":\"https:\/\/tropicalwingsbirds.shop\/shop\/indian-ringneck-for-sale\/#local-main-organization-logo\",\"url\":\"https:\/\/tropicalwingsbirds.shop\/wp-content\/uploads\/2024\/01\/tropical-wings-1.webp\",\"contentUrl\":\"https:\/\/tropicalwingsbirds.shop\/wp-content\/uploads\/2024\/01\/tropical-wings-1.webp\",\"width\":500,\"height\":500,\"caption\":\"Tropical Wings Birds Shop\"}]}<\/script>\n<meta property=\"product:price:currency\" content=\"USD\" \/>\n<meta property=\"og:availability\" content=\"instock\" \/>\n<meta property=\"product:availability\" content=\"instock\" \/>\n<meta property=\"product:condition\" content=\"new\" \/>\n<meta name=\"geo.placename\" content=\"Redding\" \/>\n<meta name=\"geo.position\" content=\"40.5976725;-122.3716346\" \/>\n<meta name=\"geo.region\" content=\"United States (US)\" \/>\n<!-- \/ Yoast SEO Premium plugin. -->","yoast_head_json":{"title":"Indian Ringneck for sale - Tropical Wings Birds","robots":{"index":"index","follow":"follow","max-snippet":"max-snippet:-1","max-image-preview":"max-image-preview:large","max-video-preview":"max-video-preview:-1"},"canonical":"https:\/\/tropicalwingsbirds.shop\/de_ch\/geschaft\/indian-ringneck-for-sale\/","og_locale":"de_DE","og_type":"article","og_title":"Indian Ringneck for sale","og_description":"We have Male and Female ringneck parrots for sale from 3 to 11 months old. DNA tested, thoroughly health tested with vet certificate. They are cute and very friendly. They love to be held, stroked and will climb all over you. They have been hand-reared from a very young age, and so they are very friendly and tame towards everyone, including children. -Colors available Green, Yellow, Grey, White, Voilet and Blue\u00a0 ( Note Color Preference when placing your order)","og_url":"https:\/\/tropicalwingsbirds.shop\/de_ch\/geschaft\/indian-ringneck-for-sale\/","og_site_name":"Tropical Wings Birds","article_publisher":"https:\/\/web.facebook.com\/profile.php?id=61551502767851&mibextid=2JQ9oc&_rdc=1&_rdr","article_modified_time":"2024-02-12T06:10:55+00:00","og_image":[{"width":1024,"height":1024,"url":"https:\/\/tropicalwingsbirds.shop\/wp-content\/uploads\/2023\/12\/WhatsApp-Image-2021-09-17-at-13.34.44.jpeg","type":"image\/jpeg"}],"twitter_card":"summary_large_image","twitter_misc":{"Price":"","Availability":"In stock"},"schema":{"@context":"https:\/\/schema.org","@graph":[{"@type":"WebPage","@id":"https:\/\/tropicalwingsbirds.shop\/shop\/indian-ringneck-for-sale\/","url":"https:\/\/tropicalwingsbirds.shop\/shop\/indian-ringneck-for-sale\/","name":"Indian Ringneck for sale - Tropical Wings Birds","isPartOf":{"@id":"https:\/\/tropicalwingsbirds.shop\/#website"},"primaryImageOfPage":{"@id":"https:\/\/tropicalwingsbirds.shop\/shop\/indian-ringneck-for-sale\/#primaryimage"},"image":{"@id":"https:\/\/tropicalwingsbirds.shop\/shop\/indian-ringneck-for-sale\/#primaryimage"},"thumbnailUrl":"https:\/\/tropicalwingsbirds.shop\/wp-content\/uploads\/2023\/12\/WhatsApp-Image-2021-09-17-at-13.34.44.jpeg","datePublished":"2023-12-03T14:05:58+00:00","dateModified":"2024-02-12T06:10:55+00:00","breadcrumb":{"@id":"https:\/\/tropicalwingsbirds.shop\/shop\/indian-ringneck-for-sale\/#breadcrumb"},"inLanguage":"de-CH","potentialAction":[{"@type":"ReadAction","target":["https:\/\/tropicalwingsbirds.shop\/shop\/indian-ringneck-for-sale\/"]}]},{"@type":"ImageObject","inLanguage":"de-CH","@id":"https:\/\/tropicalwingsbirds.shop\/shop\/indian-ringneck-for-sale\/#primaryimage","url":"https:\/\/tropicalwingsbirds.shop\/wp-content\/uploads\/2023\/12\/WhatsApp-Image-2021-09-17-at-13.34.44.jpeg","contentUrl":"https:\/\/tropicalwingsbirds.shop\/wp-content\/uploads\/2023\/12\/WhatsApp-Image-2021-09-17-at-13.34.44.jpeg","width":1024,"height":1024},{"@type":"BreadcrumbList","@id":"https:\/\/tropicalwingsbirds.shop\/shop\/indian-ringneck-for-sale\/#breadcrumb","itemListElement":[{"@type":"ListItem","position":1,"name":"Home","item":"https:\/\/tropicalwingsbirds.shop\/"},{"@type":"ListItem","position":2,"name":"Shop","item":"https:\/\/tropicalwingsbirds.shop\/shop\/"},{"@type":"ListItem","position":3,"name":"Indian Ringneck for sale"}]},{"@type":"WebSite","@id":"https:\/\/tropicalwingsbirds.shop\/#website","url":"https:\/\/tropicalwingsbirds.shop\/","name":"Tropische Fl\u00fcgelv\u00f6gel","description":"Die besten Z\u00fcchter exotischer V\u00f6gel online","publisher":{"@id":"https:\/\/tropicalwingsbirds.shop\/#organization"},"potentialAction":[{"@type":"SearchAction","target":{"@type":"EntryPoint","urlTemplate":"https:\/\/tropicalwingsbirds.shop\/?s={search_term_string}"},"query-input":{"@type":"PropertyValueSpecification","valueRequired":true,"valueName":"search_term_string"}}],"inLanguage":"de-CH"},{"@type":["Organization","Place","PetStore"],"@id":"https:\/\/tropicalwingsbirds.shop\/#organization","name":"Tropical Wings Birds Shop","alternateName":"TPWB","url":"https:\/\/tropicalwingsbirds.shop\/","logo":{"@id":"https:\/\/tropicalwingsbirds.shop\/shop\/indian-ringneck-for-sale\/#local-main-organization-logo"},"image":{"@id":"https:\/\/tropicalwingsbirds.shop\/shop\/indian-ringneck-for-sale\/#local-main-organization-logo"},"sameAs":["https:\/\/web.facebook.com\/profile.php?id=61551502767851&mibextid=2JQ9oc&_rdc=1&_rdr"],"description":"Tropical Wings Birds ist Ihre Adresse f\u00fcr exotische Vogelbegleitung. Unsere Boutique-Voliere in den USA bietet eine kuratierte Auswahl an farbenfrohen tropischen V\u00f6geln von renommierten Z\u00fcchtern weltweit. Mit Fokus auf Wohlbefinden und Expertise begleitet Sie unser engagiertes Team auf Ihrer Suche nach dem perfekten gefiederten Freund. Besuchen Sie uns noch heute und erleben Sie die Magie der Vogelbegleitung bei Tropical Wings Birds.","legalName":"Tropical Wings Birds","foundingDate":"2019-02-14","numberOfEmployees":{"@type":"QuantitativeValue","minValue":"1","maxValue":"10"},"address":{"@id":"https:\/\/tropicalwingsbirds.shop\/shop\/indian-ringneck-for-sale\/#local-main-place-address"},"geo":{"@type":"GeoCoordinates","latitude":"40.5976725","longitude":"-122.3716346"},"telephone":["+1 707-733-4623","+1 707-733-4623"],"contactPoint":{"@type":"ContactPoint","telephone":"+1 707-733-4623","email":"sales@tropicalwingsbirds.shop"},"openingHoursSpecification":{"@type":"OpeningHoursSpecification","dayOfWeek":["Monday","Tuesday","Wednesday","Thursday","Friday","Saturday","Sunday"],"opens":"00:00","closes":"23:59"},"email":"sales@tropicalwingsbirds.shop","faxNumber":"+1 707-733-4623","areaServed":"United states, Porto Rico, Canada, Australia","priceRange":"$","currenciesAccepted":"USD, CAD, AUD,","paymentAccepted":"Zelle, Paypal, Bitcoin, Apple pay, Credit cards, Bank transfers"},{"@type":"PostalAddress","@id":"https:\/\/tropicalwingsbirds.shop\/shop\/indian-ringneck-for-sale\/#local-main-place-address","streetAddress":"500 Hilltop Dr,","addressLocality":"Redding","postalCode":"96003","addressRegion":"California","addressCountry":"US"},{"@type":"ImageObject","inLanguage":"de-CH","@id":"https:\/\/tropicalwingsbirds.shop\/shop\/indian-ringneck-for-sale\/#local-main-organization-logo","url":"https:\/\/tropicalwingsbirds.shop\/wp-content\/uploads\/2024\/01\/tropical-wings-1.webp","contentUrl":"https:\/\/tropicalwingsbirds.shop\/wp-content\/uploads\/2024\/01\/tropical-wings-1.webp","width":500,"height":500,"caption":"Tropical Wings Birds Shop"}]},"product_price_currency":"USD","og_availability":"instock","product_availability":"instock","product_condition":"new","geo.placename":"Redding","geo.position":{"lat":"40.5976725","long":"-122.3716346"},"geo.region":"United States (US)"},"_links":{"self":[{"href":"https:\/\/tropicalwingsbirds.shop\/de_ch\/wp-json\/wp\/v2\/product\/574","targetHints":{"allow":["GET"]}}],"collection":[{"href":"https:\/\/tropicalwingsbirds.shop\/de_ch\/wp-json\/wp\/v2\/product"}],"about":[{"href":"https:\/\/tropicalwingsbirds.shop\/de_ch\/wp-json\/wp\/v2\/types\/product"}],"replies":[{"embeddable":true,"href":"https:\/\/tropicalwingsbirds.shop\/de_ch\/wp-json\/wp\/v2\/comments?post=574"}],"wp:featuredmedia":[{"embeddable":true,"href":"https:\/\/tropicalwingsbirds.shop\/de_ch\/wp-json\/wp\/v2\/media\/612"}],"wp:attachment":[{"href":"https:\/\/tropicalwingsbirds.shop\/de_ch\/wp-json\/wp\/v2\/media?parent=574"}],"wp:term":[{"taxonomy":"product_brand","embeddable":true,"href":"https:\/\/tropicalwingsbirds.shop\/de_ch\/wp-json\/wp\/v2\/product_brand?post=574"},{"taxonomy":"product_cat","embeddable":true,"href":"https:\/\/tropicalwingsbirds.shop\/de_ch\/wp-json\/wp\/v2\/product_cat?post=574"},{"taxonomy":"product_tag","embeddable":true,"href":"https:\/\/tropicalwingsbirds.shop\/de_ch\/wp-json\/wp\/v2\/product_tag?post=574"}],"curies":[{"name":"wp","href":"https:\/\/api.w.org\/{rel}","templated":true}]}}