{"id":575,"date":"2023-12-03T14:05:58","date_gmt":"2023-12-03T14:05:58","guid":{"rendered":"https:\/\/tropicalwingsbirds.shop\/?post_type=product&#038;p=575"},"modified":"2023-12-03T14:06:29","modified_gmt":"2023-12-03T14:06:29","slug":"buy-rose-breasted-cockatoos","status":"publish","type":"product","link":"https:\/\/tropicalwingsbirds.shop\/de_ch\/geschaft\/buy-rose-breasted-cockatoos\/","title":{"rendered":"Kaufen Sie Rosenbrustkakadus"},"content":{"rendered":"<h1 class=\"product_title entry-title\"><span style=\"font-size: 18pt;font-family: 'comic sans ms', sans-serif\">Rose Breasted Cockatoos for sale<br \/> <\/span><\/h1>\n<p>Rose Breasted Cockatoo for sale\u00a0 is also called the \u201cGalah\u201d or the \u201cGalah Cockatoo\u201d. These parrots can be found in most parts of Australia, except for the most dry lands in the country. The birds tend to flourish in settled areas, including near ponds and watering tanks. <a href=\"https:\/\/en.wikipedia.org\/wiki\/Galah\">Rose breasted cockatoos<\/a>\u00a0can grow up to 15 inches measuring from the beak to the tip of the tail feathers. Although the average lifespan is 30 to 50 years, this species of parrots can live up to 70 years if in good care.<\/p>\n<p>These parrots might be considered a high maintenance pet. If occasionally neglected, the\u00a0rose\u00a0breasted cockatoo\u00a0might become depressed or destructive. These birds like to group into larger flocks, frequently with Sulphur Crested Cockatoos. These social creatures like to nest in tree cavities, laying white eggs which incubate for about 25 days. Chicks leave the nest approximately 50 days after hatching. Cockatoos need nothing but the biggest of cages.<\/p>\n<p>The more space that you provide for your feathered friend, the better in the long-term. At the very least, buy a cage about 90 x 70 x 120 cm. Consider adding a parrot stand or a Java tree so that your bird can enjoy climbs. Mind stimulating toys are a good idea. Buy bird puzzles, foraging toys, chewy toys, and anything else that will keep your parrot happy.\u00a0Crimson breasted cockatoos\u00a0are some of the loudest of all the parrots on the planet.<\/p>\n<h2><a href=\"https:\/\/timiesbirds.com\/product\/reared-galah-cockatoo-babies\/\">Rosakakadu<\/a><\/h2>\n<p>They\u00a0sometimes make loud, screaming noises in communication with one another and in just having fun. Most Crimson breasted Cockatoos (Galah\u2019s) are not very cuddly birds, but this tendency may vary by individual. A Galah can create a fairly high-pitched \u201cChet Chet\u201d type sound in the wild. They make an even louder screech once threatened, when fighting, or when having fun. These birds are well-known as clever and can learn to talk, or even mimic people\u2019s voices.<\/p>\n<h3>How to Care For a Rose breasted Cockatoo<\/h3>\n<p>Rose breasted cockatoo for sale can tolerate variable temperatures but it should never get below freezing in their enclosure. Nail clipping may be required as will beak trimming if you cannot supply native pandanus nuts. These powder down parrots enjoy baths and should regularly get the opportunity to get wet. Molting is a steady process where the bird loses one to two feathers at a time.<\/p>\n<p>Die F\u00fctterung sollte mit hochwertigem Pelletfutter erfolgen, wobei mindestens die H\u00e4lfte der Nahrung aus Obst, N\u00fcssen und Gem\u00fcse bestehen sollte. N\u00fcsse aus der nat\u00fcrlichen Umgebung k\u00f6nnen f\u00fcr Ihren Vogel sehr vorteilhaft sein und ihm helfen, seinen Schnabel in Form zu halten.<\/p>","protected":false},"excerpt":{"rendered":"<p><strong><a href=\"https:\/\/timiesbirds.com\/product\/rose-breasted-cockatoos-for-sale\/\">Buy Rose-Breasted Cockatoo<\/a> <\/strong><\/p>\n<p><span class=\"lng-d\">Vom Tierarzt untersucht und mit einem Mikrochip versehen. Gesundheits- und medizinische Zertifikate von unserem Tierarzt. Sie pfeifen, singen und reagieren auf Sprachbefehle. Es wird ein paar Tage dauern, bis sie sich an ihr neues Zuhause und ihre neue Umgebung gew\u00f6hnt haben.<br \/> <\/span><\/p>\n<p>Species: Rose Breasted\u00a0 Cockatoo<br \/> L\u00e4nge: 76 cm \u2013 100 cm (23 Zoll \u2013 31 Zoll)<br \/> Gewicht: 0,8 kg \u2013 2 kg (2 lbs \u2013 4,4 lbs)<br \/> Geb\u00e4ndert: Ja<br \/> DNA Sex: male<br \/> Sprechf\u00e4higkeit: Ja<\/p>\n<p><a href=\"https:\/\/timiesbirds.com\/shipping\/\">Kostenloser Versand<\/a>, Spielzeug und ein K\u00e4fig (<span class=\"lng-d\">36x48x77<\/span>)<\/p>","protected":false},"featured_media":623,"comment_status":"closed","ping_status":"closed","template":"","meta":{"site-sidebar-layout":"default","site-content-layout":"","ast-site-content-layout":"default","site-content-style":"default","site-sidebar-style":"default","ast-global-header-display":"","ast-banner-title-visibility":"","ast-main-header-display":"","ast-hfb-above-header-display":"","ast-hfb-below-header-display":"","ast-hfb-mobile-header-display":"","site-post-title":"","ast-breadcrumbs-content":"","ast-featured-img":"","footer-sml-layout":"","theme-transparent-header-meta":"","adv-header-id-meta":"","stick-header-meta":"","header-above-stick-meta":"","header-main-stick-meta":"","header-below-stick-meta":"","astra-migrate-meta-layouts":"default","ast-page-background-enabled":"default","ast-page-background-meta":{"desktop":{"background-color":"var(--ast-global-color-4)","background-image":"","background-repeat":"repeat","background-position":"center center","background-size":"auto","background-attachment":"scroll","background-type":"","background-media":"","overlay-type":"","overlay-color":"","overlay-opacity":"","overlay-gradient":""},"tablet":{"background-color":"","background-image":"","background-repeat":"repeat","background-position":"center center","background-size":"auto","background-attachment":"scroll","background-type":"","background-media":"","overlay-type":"","overlay-color":"","overlay-opacity":"","overlay-gradient":""},"mobile":{"background-color":"","background-image":"","background-repeat":"repeat","background-position":"center center","background-size":"auto","background-attachment":"scroll","background-type":"","background-media":"","overlay-type":"","overlay-color":"","overlay-opacity":"","overlay-gradient":""}},"ast-content-background-meta":{"desktop":{"background-color":"var(--ast-global-color-5)","background-image":"","background-repeat":"repeat","background-position":"center center","background-size":"auto","background-attachment":"scroll","background-type":"","background-media":"","overlay-type":"","overlay-color":"","overlay-opacity":"","overlay-gradient":""},"tablet":{"background-color":"var(--ast-global-color-5)","background-image":"","background-repeat":"repeat","background-position":"center center","background-size":"auto","background-attachment":"scroll","background-type":"","background-media":"","overlay-type":"","overlay-color":"","overlay-opacity":"","overlay-gradient":""},"mobile":{"background-color":"var(--ast-global-color-5)","background-image":"","background-repeat":"repeat","background-position":"center center","background-size":"auto","background-attachment":"scroll","background-type":"","background-media":"","overlay-type":"","overlay-color":"","overlay-opacity":"","overlay-gradient":""}}},"product_brand":[],"product_cat":[155,156],"product_tag":[157,158,159,160,161,162,163,164,165,166,167,168,169],"class_list":{"0":"post-575","1":"product","2":"type-product","3":"status-publish","4":"has-post-thumbnail","6":"product_cat-cockatoos","7":"product_cat-parrots","8":"product_tag-buy-crimson-breasted-cockatoo-online","9":"product_tag-buy-galah-cockatoo","10":"product_tag-buy-galah-cockatoo-online","11":"product_tag-buy-rose-breasted-cockatoo","12":"product_tag-buy-rose-breasted-cockatoo-online","13":"product_tag-buy-rose-breasted-cockatoo-usa","14":"product_tag-crimson-breasted-cockatoo","15":"product_tag-crimson-breasted-cockatoo-for-sale","16":"product_tag-crimson-breasted-cockatoo-online","17":"product_tag-galah-cockatoo-for-sale","18":"product_tag-galah-cockatoo-for-sale-online","19":"product_tag-galah-cockatoo-for-sale-usa","20":"product_tag-rose-breasted-cockatoo-for-sale-usa","21":"desktop-align-left","22":"tablet-align-left","23":"mobile-align-left","24":"ast-product-gallery-layout-horizontal-slider","25":"ast-product-tabs-layout-horizontal","26":"ast-qv-on-image","28":"first","29":"instock","30":"shipping-taxable","31":"product-type-simple"},"yoast_head":"<!-- This site is optimized with the Yoast SEO Premium plugin v23.2 (Yoast SEO v26.8) - https:\/\/yoast.com\/product\/yoast-seo-premium-wordpress\/ -->\n<title>Buy Rose Breasted Cockatoos - Tropical Wings Birds<\/title>\n<meta name=\"robots\" content=\"index, follow, max-snippet:-1, max-image-preview:large, max-video-preview:-1\" \/>\n<link rel=\"canonical\" href=\"https:\/\/tropicalwingsbirds.shop\/de_ch\/geschaft\/buy-rose-breasted-cockatoos\/\" \/>\n<meta property=\"og:locale\" content=\"de_DE\" \/>\n<meta property=\"og:type\" content=\"article\" \/>\n<meta property=\"og:title\" content=\"Buy Rose Breasted Cockatoos\" \/>\n<meta property=\"og:description\" content=\"Buy Rose-Breasted Cockatoo Vet-checked and micro-chipped Health and medical certificates from our vet. They whistle, sing, and respond to voice commands. It will take a couple of days to get used to a new home and surroundings Species: Rose Breasted\u00a0 Cockatoo Length: 76cm-100cm (23 in-31in) Weight: 0.8kg-2kg (2lbs-4.4lbs) Banded: Yes DNA Sex: male Talking Ability: Yes Free shipping, toys, and a cage (36x48x77)\" \/>\n<meta property=\"og:url\" content=\"https:\/\/tropicalwingsbirds.shop\/de_ch\/geschaft\/buy-rose-breasted-cockatoos\/\" \/>\n<meta property=\"og:site_name\" content=\"Tropical Wings Birds\" \/>\n<meta property=\"article:publisher\" content=\"https:\/\/web.facebook.com\/profile.php?id=61551502767851&amp;mibextid=2JQ9oc&amp;_rdc=1&amp;_rdr\" \/>\n<meta property=\"article:modified_time\" content=\"2023-12-03T14:06:29+00:00\" \/>\n<meta property=\"og:image\" content=\"https:\/\/tropicalwingsbirds.shop\/wp-content\/uploads\/2023\/12\/WhatsApp-Image-2021-04-14-at-01.42.02.jpeg\" \/>\n\t<meta property=\"og:image:width\" content=\"952\" \/>\n\t<meta property=\"og:image:height\" content=\"1080\" \/>\n\t<meta property=\"og:image:type\" content=\"image\/jpeg\" \/>\n<meta name=\"twitter:card\" content=\"summary_large_image\" \/>\n<meta name=\"twitter:label1\" content=\"Price\" \/>\n\t<meta name=\"twitter:data1\" content=\"\" \/>\n\t<meta name=\"twitter:label2\" content=\"Availability\" \/>\n\t<meta name=\"twitter:data2\" content=\"In stock\" \/>\n<script type=\"application\/ld+json\" class=\"yoast-schema-graph\">{\"@context\":\"https:\/\/schema.org\",\"@graph\":[{\"@type\":\"WebPage\",\"@id\":\"https:\/\/tropicalwingsbirds.shop\/shop\/buy-rose-breasted-cockatoos\/\",\"url\":\"https:\/\/tropicalwingsbirds.shop\/shop\/buy-rose-breasted-cockatoos\/\",\"name\":\"Buy Rose Breasted Cockatoos - Tropical Wings Birds\",\"isPartOf\":{\"@id\":\"https:\/\/tropicalwingsbirds.shop\/#website\"},\"primaryImageOfPage\":{\"@id\":\"https:\/\/tropicalwingsbirds.shop\/shop\/buy-rose-breasted-cockatoos\/#primaryimage\"},\"image\":{\"@id\":\"https:\/\/tropicalwingsbirds.shop\/shop\/buy-rose-breasted-cockatoos\/#primaryimage\"},\"thumbnailUrl\":\"https:\/\/tropicalwingsbirds.shop\/wp-content\/uploads\/2023\/12\/WhatsApp-Image-2021-04-14-at-01.42.02.jpeg\",\"datePublished\":\"2023-12-03T14:05:58+00:00\",\"dateModified\":\"2023-12-03T14:06:29+00:00\",\"breadcrumb\":{\"@id\":\"https:\/\/tropicalwingsbirds.shop\/shop\/buy-rose-breasted-cockatoos\/#breadcrumb\"},\"inLanguage\":\"de-CH\",\"potentialAction\":[{\"@type\":\"ReadAction\",\"target\":[\"https:\/\/tropicalwingsbirds.shop\/shop\/buy-rose-breasted-cockatoos\/\"]}]},{\"@type\":\"ImageObject\",\"inLanguage\":\"de-CH\",\"@id\":\"https:\/\/tropicalwingsbirds.shop\/shop\/buy-rose-breasted-cockatoos\/#primaryimage\",\"url\":\"https:\/\/tropicalwingsbirds.shop\/wp-content\/uploads\/2023\/12\/WhatsApp-Image-2021-04-14-at-01.42.02.jpeg\",\"contentUrl\":\"https:\/\/tropicalwingsbirds.shop\/wp-content\/uploads\/2023\/12\/WhatsApp-Image-2021-04-14-at-01.42.02.jpeg\",\"width\":952,\"height\":1080},{\"@type\":\"BreadcrumbList\",\"@id\":\"https:\/\/tropicalwingsbirds.shop\/shop\/buy-rose-breasted-cockatoos\/#breadcrumb\",\"itemListElement\":[{\"@type\":\"ListItem\",\"position\":1,\"name\":\"Home\",\"item\":\"https:\/\/tropicalwingsbirds.shop\/\"},{\"@type\":\"ListItem\",\"position\":2,\"name\":\"Shop\",\"item\":\"https:\/\/tropicalwingsbirds.shop\/shop\/\"},{\"@type\":\"ListItem\",\"position\":3,\"name\":\"Buy Rose Breasted Cockatoos\"}]},{\"@type\":\"WebSite\",\"@id\":\"https:\/\/tropicalwingsbirds.shop\/#website\",\"url\":\"https:\/\/tropicalwingsbirds.shop\/\",\"name\":\"Tropical Wings Birds\",\"description\":\"Best Exotic birds breeders online\",\"publisher\":{\"@id\":\"https:\/\/tropicalwingsbirds.shop\/#organization\"},\"potentialAction\":[{\"@type\":\"SearchAction\",\"target\":{\"@type\":\"EntryPoint\",\"urlTemplate\":\"https:\/\/tropicalwingsbirds.shop\/?s={search_term_string}\"},\"query-input\":{\"@type\":\"PropertyValueSpecification\",\"valueRequired\":true,\"valueName\":\"search_term_string\"}}],\"inLanguage\":\"de-CH\"},{\"@type\":[\"Organization\",\"Place\",\"PetStore\"],\"@id\":\"https:\/\/tropicalwingsbirds.shop\/#organization\",\"name\":\"Tropical Wings Birds Shop\",\"alternateName\":\"TPWB\",\"url\":\"https:\/\/tropicalwingsbirds.shop\/\",\"logo\":{\"@id\":\"https:\/\/tropicalwingsbirds.shop\/shop\/buy-rose-breasted-cockatoos\/#local-main-organization-logo\"},\"image\":{\"@id\":\"https:\/\/tropicalwingsbirds.shop\/shop\/buy-rose-breasted-cockatoos\/#local-main-organization-logo\"},\"sameAs\":[\"https:\/\/web.facebook.com\/profile.php?id=61551502767851&mibextid=2JQ9oc&_rdc=1&_rdr\"],\"description\":\"Tropical Wings Birds is your destination for exotic avian companionship. Our boutique aviary in United States offers a curated selection of vibrant tropical birds sourced from reputable breeders worldwide. With a focus on welfare and expertise, our dedicated team is here to guide you on your journey to finding the perfect feathered friend. Visit us today and experience the magic of avian companionship at Tropical Wings Birds.\",\"legalName\":\"Tropical Wings Birds\",\"foundingDate\":\"2019-02-14\",\"numberOfEmployees\":{\"@type\":\"QuantitativeValue\",\"minValue\":\"1\",\"maxValue\":\"10\"},\"address\":{\"@id\":\"https:\/\/tropicalwingsbirds.shop\/shop\/buy-rose-breasted-cockatoos\/#local-main-place-address\"},\"geo\":{\"@type\":\"GeoCoordinates\",\"latitude\":\"40.5976725\",\"longitude\":\"-122.3716346\"},\"telephone\":[\"+1 707-733-4623\",\"+1 707-733-4623\"],\"contactPoint\":{\"@type\":\"ContactPoint\",\"telephone\":\"+1 707-733-4623\",\"email\":\"sales@tropicalwingsbirds.shop\"},\"openingHoursSpecification\":{\"@type\":\"OpeningHoursSpecification\",\"dayOfWeek\":[\"Monday\",\"Tuesday\",\"Wednesday\",\"Thursday\",\"Friday\",\"Saturday\",\"Sunday\"],\"opens\":\"00:00\",\"closes\":\"23:59\"},\"email\":\"sales@tropicalwingsbirds.shop\",\"faxNumber\":\"+1 707-733-4623\",\"areaServed\":\"United states, Porto Rico, Canada, Australia\",\"priceRange\":\"$\",\"currenciesAccepted\":\"USD, CAD, AUD,\",\"paymentAccepted\":\"Zelle, Paypal, Bitcoin, Apple pay, Credit cards, Bank transfers\"},{\"@type\":\"PostalAddress\",\"@id\":\"https:\/\/tropicalwingsbirds.shop\/shop\/buy-rose-breasted-cockatoos\/#local-main-place-address\",\"streetAddress\":\"500 Hilltop Dr,\",\"addressLocality\":\"Redding\",\"postalCode\":\"96003\",\"addressRegion\":\"California\",\"addressCountry\":\"US\"},{\"@type\":\"ImageObject\",\"inLanguage\":\"de-CH\",\"@id\":\"https:\/\/tropicalwingsbirds.shop\/shop\/buy-rose-breasted-cockatoos\/#local-main-organization-logo\",\"url\":\"https:\/\/tropicalwingsbirds.shop\/wp-content\/uploads\/2024\/01\/tropical-wings-1.webp\",\"contentUrl\":\"https:\/\/tropicalwingsbirds.shop\/wp-content\/uploads\/2024\/01\/tropical-wings-1.webp\",\"width\":500,\"height\":500,\"caption\":\"Tropical Wings Birds Shop\"}]}<\/script>\n<meta property=\"product:price:currency\" content=\"USD\" \/>\n<meta property=\"og:availability\" content=\"instock\" \/>\n<meta property=\"product:availability\" content=\"instock\" \/>\n<meta property=\"product:condition\" content=\"new\" \/>\n<meta name=\"geo.placename\" content=\"Redding\" \/>\n<meta name=\"geo.position\" content=\"40.5976725;-122.3716346\" \/>\n<meta name=\"geo.region\" content=\"United States (US)\" \/>\n<!-- \/ Yoast SEO Premium plugin. -->","yoast_head_json":{"title":"Buy Rose Breasted Cockatoos - Tropical Wings Birds","robots":{"index":"index","follow":"follow","max-snippet":"max-snippet:-1","max-image-preview":"max-image-preview:large","max-video-preview":"max-video-preview:-1"},"canonical":"https:\/\/tropicalwingsbirds.shop\/de_ch\/geschaft\/buy-rose-breasted-cockatoos\/","og_locale":"de_DE","og_type":"article","og_title":"Buy Rose Breasted Cockatoos","og_description":"Buy Rose-Breasted Cockatoo Vet-checked and micro-chipped Health and medical certificates from our vet. They whistle, sing, and respond to voice commands. It will take a couple of days to get used to a new home and surroundings Species: Rose Breasted\u00a0 Cockatoo Length: 76cm-100cm (23 in-31in) Weight: 0.8kg-2kg (2lbs-4.4lbs) Banded: Yes DNA Sex: male Talking Ability: Yes Free shipping, toys, and a cage (36x48x77)","og_url":"https:\/\/tropicalwingsbirds.shop\/de_ch\/geschaft\/buy-rose-breasted-cockatoos\/","og_site_name":"Tropical Wings Birds","article_publisher":"https:\/\/web.facebook.com\/profile.php?id=61551502767851&mibextid=2JQ9oc&_rdc=1&_rdr","article_modified_time":"2023-12-03T14:06:29+00:00","og_image":[{"width":952,"height":1080,"url":"https:\/\/tropicalwingsbirds.shop\/wp-content\/uploads\/2023\/12\/WhatsApp-Image-2021-04-14-at-01.42.02.jpeg","type":"image\/jpeg"}],"twitter_card":"summary_large_image","twitter_misc":{"Price":"","Availability":"In stock"},"schema":{"@context":"https:\/\/schema.org","@graph":[{"@type":"WebPage","@id":"https:\/\/tropicalwingsbirds.shop\/shop\/buy-rose-breasted-cockatoos\/","url":"https:\/\/tropicalwingsbirds.shop\/shop\/buy-rose-breasted-cockatoos\/","name":"Buy Rose Breasted Cockatoos - Tropical Wings Birds","isPartOf":{"@id":"https:\/\/tropicalwingsbirds.shop\/#website"},"primaryImageOfPage":{"@id":"https:\/\/tropicalwingsbirds.shop\/shop\/buy-rose-breasted-cockatoos\/#primaryimage"},"image":{"@id":"https:\/\/tropicalwingsbirds.shop\/shop\/buy-rose-breasted-cockatoos\/#primaryimage"},"thumbnailUrl":"https:\/\/tropicalwingsbirds.shop\/wp-content\/uploads\/2023\/12\/WhatsApp-Image-2021-04-14-at-01.42.02.jpeg","datePublished":"2023-12-03T14:05:58+00:00","dateModified":"2023-12-03T14:06:29+00:00","breadcrumb":{"@id":"https:\/\/tropicalwingsbirds.shop\/shop\/buy-rose-breasted-cockatoos\/#breadcrumb"},"inLanguage":"de-CH","potentialAction":[{"@type":"ReadAction","target":["https:\/\/tropicalwingsbirds.shop\/shop\/buy-rose-breasted-cockatoos\/"]}]},{"@type":"ImageObject","inLanguage":"de-CH","@id":"https:\/\/tropicalwingsbirds.shop\/shop\/buy-rose-breasted-cockatoos\/#primaryimage","url":"https:\/\/tropicalwingsbirds.shop\/wp-content\/uploads\/2023\/12\/WhatsApp-Image-2021-04-14-at-01.42.02.jpeg","contentUrl":"https:\/\/tropicalwingsbirds.shop\/wp-content\/uploads\/2023\/12\/WhatsApp-Image-2021-04-14-at-01.42.02.jpeg","width":952,"height":1080},{"@type":"BreadcrumbList","@id":"https:\/\/tropicalwingsbirds.shop\/shop\/buy-rose-breasted-cockatoos\/#breadcrumb","itemListElement":[{"@type":"ListItem","position":1,"name":"Home","item":"https:\/\/tropicalwingsbirds.shop\/"},{"@type":"ListItem","position":2,"name":"Shop","item":"https:\/\/tropicalwingsbirds.shop\/shop\/"},{"@type":"ListItem","position":3,"name":"Buy Rose Breasted Cockatoos"}]},{"@type":"WebSite","@id":"https:\/\/tropicalwingsbirds.shop\/#website","url":"https:\/\/tropicalwingsbirds.shop\/","name":"Tropische Fl\u00fcgelv\u00f6gel","description":"Die besten Z\u00fcchter exotischer V\u00f6gel online","publisher":{"@id":"https:\/\/tropicalwingsbirds.shop\/#organization"},"potentialAction":[{"@type":"SearchAction","target":{"@type":"EntryPoint","urlTemplate":"https:\/\/tropicalwingsbirds.shop\/?s={search_term_string}"},"query-input":{"@type":"PropertyValueSpecification","valueRequired":true,"valueName":"search_term_string"}}],"inLanguage":"de-CH"},{"@type":["Organization","Place","PetStore"],"@id":"https:\/\/tropicalwingsbirds.shop\/#organization","name":"Tropical Wings Birds Shop","alternateName":"TPWB","url":"https:\/\/tropicalwingsbirds.shop\/","logo":{"@id":"https:\/\/tropicalwingsbirds.shop\/shop\/buy-rose-breasted-cockatoos\/#local-main-organization-logo"},"image":{"@id":"https:\/\/tropicalwingsbirds.shop\/shop\/buy-rose-breasted-cockatoos\/#local-main-organization-logo"},"sameAs":["https:\/\/web.facebook.com\/profile.php?id=61551502767851&mibextid=2JQ9oc&_rdc=1&_rdr"],"description":"Tropical Wings Birds ist Ihre Adresse f\u00fcr exotische Vogelbegleitung. Unsere Boutique-Voliere in den USA bietet eine kuratierte Auswahl an farbenfrohen tropischen V\u00f6geln von renommierten Z\u00fcchtern weltweit. Mit Fokus auf Wohlbefinden und Expertise begleitet Sie unser engagiertes Team auf Ihrer Suche nach dem perfekten gefiederten Freund. Besuchen Sie uns noch heute und erleben Sie die Magie der Vogelbegleitung bei Tropical Wings Birds.","legalName":"Tropical Wings Birds","foundingDate":"2019-02-14","numberOfEmployees":{"@type":"QuantitativeValue","minValue":"1","maxValue":"10"},"address":{"@id":"https:\/\/tropicalwingsbirds.shop\/shop\/buy-rose-breasted-cockatoos\/#local-main-place-address"},"geo":{"@type":"GeoCoordinates","latitude":"40.5976725","longitude":"-122.3716346"},"telephone":["+1 707-733-4623","+1 707-733-4623"],"contactPoint":{"@type":"ContactPoint","telephone":"+1 707-733-4623","email":"sales@tropicalwingsbirds.shop"},"openingHoursSpecification":{"@type":"OpeningHoursSpecification","dayOfWeek":["Monday","Tuesday","Wednesday","Thursday","Friday","Saturday","Sunday"],"opens":"00:00","closes":"23:59"},"email":"sales@tropicalwingsbirds.shop","faxNumber":"+1 707-733-4623","areaServed":"United states, Porto Rico, Canada, Australia","priceRange":"$","currenciesAccepted":"USD, CAD, AUD,","paymentAccepted":"Zelle, Paypal, Bitcoin, Apple pay, Credit cards, Bank transfers"},{"@type":"PostalAddress","@id":"https:\/\/tropicalwingsbirds.shop\/shop\/buy-rose-breasted-cockatoos\/#local-main-place-address","streetAddress":"500 Hilltop Dr,","addressLocality":"Redding","postalCode":"96003","addressRegion":"California","addressCountry":"US"},{"@type":"ImageObject","inLanguage":"de-CH","@id":"https:\/\/tropicalwingsbirds.shop\/shop\/buy-rose-breasted-cockatoos\/#local-main-organization-logo","url":"https:\/\/tropicalwingsbirds.shop\/wp-content\/uploads\/2024\/01\/tropical-wings-1.webp","contentUrl":"https:\/\/tropicalwingsbirds.shop\/wp-content\/uploads\/2024\/01\/tropical-wings-1.webp","width":500,"height":500,"caption":"Tropical Wings Birds Shop"}]},"product_price_currency":"USD","og_availability":"instock","product_availability":"instock","product_condition":"new","geo.placename":"Redding","geo.position":{"lat":"40.5976725","long":"-122.3716346"},"geo.region":"United States (US)"},"_links":{"self":[{"href":"https:\/\/tropicalwingsbirds.shop\/de_ch\/wp-json\/wp\/v2\/product\/575","targetHints":{"allow":["GET"]}}],"collection":[{"href":"https:\/\/tropicalwingsbirds.shop\/de_ch\/wp-json\/wp\/v2\/product"}],"about":[{"href":"https:\/\/tropicalwingsbirds.shop\/de_ch\/wp-json\/wp\/v2\/types\/product"}],"replies":[{"embeddable":true,"href":"https:\/\/tropicalwingsbirds.shop\/de_ch\/wp-json\/wp\/v2\/comments?post=575"}],"wp:featuredmedia":[{"embeddable":true,"href":"https:\/\/tropicalwingsbirds.shop\/de_ch\/wp-json\/wp\/v2\/media\/623"}],"wp:attachment":[{"href":"https:\/\/tropicalwingsbirds.shop\/de_ch\/wp-json\/wp\/v2\/media?parent=575"}],"wp:term":[{"taxonomy":"product_brand","embeddable":true,"href":"https:\/\/tropicalwingsbirds.shop\/de_ch\/wp-json\/wp\/v2\/product_brand?post=575"},{"taxonomy":"product_cat","embeddable":true,"href":"https:\/\/tropicalwingsbirds.shop\/de_ch\/wp-json\/wp\/v2\/product_cat?post=575"},{"taxonomy":"product_tag","embeddable":true,"href":"https:\/\/tropicalwingsbirds.shop\/de_ch\/wp-json\/wp\/v2\/product_tag?post=575"}],"curies":[{"name":"wp","href":"https:\/\/api.w.org\/{rel}","templated":true}]}}