{"id":622,"date":"2023-12-03T14:06:25","date_gmt":"2023-12-03T14:06:25","guid":{"rendered":"https:\/\/tropicalwingsbirds.shop\/?post_type=product&#038;p=622"},"modified":"2023-12-03T14:08:23","modified_gmt":"2023-12-03T14:08:23","slug":"graupapagei","status":"publish","type":"product","link":"https:\/\/tropicalwingsbirds.shop\/de_ch\/geschaft\/graupapagei\/","title":{"rendered":"Graupapagei"},"content":{"rendered":"<p><span style=\"font-size: 14pt;font-family: 'comic sans ms', sans-serif\">Afrikanischer Graupapagei zu verkaufen<\/span><\/p>\n<p><span style=\"font-family: verdana, geneva, sans-serif\">Der Graupapagei<i>s sind\u00a0<\/i> einer der begabtesten sprechenden\/nachahmenden V\u00f6gel auf dem Planeten, was ihm einen ziemlich guten Ruf unter Vogelliebhabern eingebracht hat. Nicht nur Vogelhalter lieben diesen intelligenten Vogel, sondern er ist auch f\u00fcr Vogelneulinge eine der bekanntesten Arten \u2013 jeder kennt den Graupapagei zum Verkauf. Dieser Papagei ist eine der \u00e4ltesten von Menschen gehaltenen Papageienarten, und Aufzeichnungen \u00fcber den Vogel reichen bis in biblische Zeiten zur\u00fcck. Seine schlichte Sch\u00f6nheit und seine kluge, sachliche Art sind es, die diesen Papagei auf dem H\u00f6hepunkt der Beliebtheit halten. <a href=\"https:\/\/timiesbirds.com\/african-grey\/\">Kaufen Sie Graupapagei online<\/a><br \/> <\/span><\/p>\n<p><span style=\"font-family: verdana, geneva, sans-serif\">Auf den ersten Blick ist der Graupapagei ein mittelgro\u00dfer, staubig aussehender grauer Vogel, der fast wie eine Taube aussieht. Bei n\u00e4herer Betrachtung erkennt man jedoch einen leuchtend roten Schwanz, intelligente orangefarbene Augen und ein atemberaubendes gezacktes Muster in seinem Gefieder.<\/span><\/p>\n<h2 class=\"species-sub\"><span style=\"font-family: 'comic sans ms', sans-serif\">Heimatregion \/ Nat\u00fcrlicher Lebensraum<\/span><\/h2>\n<figure id=\"attachment_5617\" class=\"wp-caption alignright\"><figcaption id=\"caption-attachment-5617\" class=\"wp-caption-text\"><\/figcaption><\/figure>\n<p><span style=\"font-family: verdana, geneva, sans-serif\">Graupapageien bewohnen in ihrem Verbreitungsgebiet in West- und Zentralafrika im Allgemeinen Savannen, K\u00fcstenmangroven, W\u00e4lder und die R\u00e4nder von Waldlichtungen. Ihre Nahrung in freier Wildbahn besteht haupts\u00e4chlich aus Palmn\u00fcssen, Samen, Fr\u00fcchten und Blattwerk. <a href=\"https:\/\/mozillabirdsfarm.com\/care-feeding\/\">Besuchen Sie den Link. Mehr \u00fcber Pflege und F\u00fctterung von Graupapageien zum Verkauf<\/a><br \/> <\/span><\/p>\n<h2 class=\"species-sub\"><span style=\"font-family: 'comic sans ms', sans-serif\">Pers\u00f6nlichkeit &amp; Verhalten<\/span><\/h2>\n<p><span style=\"font-family: verdana, geneva, sans-serif\">Die meisten Vogelhalter sind der Meinung, dass nur erfahrene Vogelliebhaber einen Graupapagei halten sollten. Graupapageien sind komplexe, hochsensible und ziemlich anspruchsvolle Papageien. Sie sind auch charmant und intelligent, aber diese Kombination aus Sensibilit\u00e4t und Intelligenz kann zu Verhaltensproblemen f\u00fchren. Anekdotisch gesehen hat der TAG ein robusteres Wesen und ist vielleicht besser f\u00fcr Haushalte geeignet, in denen viele Leute kommen und gehen. Der CAGE bevorzugt etwas weniger Chaos.<\/span><\/p>\n<div id=\"4\"><\/div>\n<h2 class=\"species-sub\"><span style=\"font-family: 'comic sans ms', sans-serif\">Sprache und Ton<\/span><\/h2>\n<p><span style=\"font-family: verdana, geneva, sans-serif\">Die Anziehungskraft des Graupapageis beruht zu einem gro\u00dfen Teil auf seiner Sprechf\u00e4higkeit. Er geh\u00f6rt zu den sprechst\u00e4rksten Papageien und kann W\u00f6rter und S\u00e4tze nach ein- oder zweimaligem H\u00f6ren wiederholen. Dieser Vogel erreicht seine volle Sprechf\u00e4higkeit im Alter von etwa einem Jahr, und die meisten Exemplare entwickeln sich schon viel fr\u00fcher zu f\u00e4higen Nachahmern.<\/span><\/p>\n<h2 class=\"species-sub\"><span style=\"font-family: verdana, geneva, sans-serif\">Gesundheit und h\u00e4ufige Erkrankungen<\/span><\/h2>\n<p><span style=\"font-family: verdana, geneva, sans-serif\">Graupapageien sind besonders anf\u00e4llig f\u00fcr Federrupfen, Kalziummangel, Vitamin-A- und Vitamin-D-Mangel, Atemwegsinfektionen, Psittakose, Schnabel- und Federkrankheiten, <\/span><a href=\"https:\/\/timiesbirds.com\/health-guarantee\/\">Gesundheitsgarantie<\/a><\/p>\n<p><span style=\"font-family: verdana, geneva, sans-serif\">\u00a0<\/span><\/p>\n<p><span style=\"font-family: verdana, geneva, sans-serif\">\u00a0<\/span><\/p>","protected":false},"excerpt":{"rendered":"<div class=\"woocommerce-product-details__short-description\">\n<p>Zahm, jung, sprechend\u00a0<strong>Baby-Graupapagei aus dem Kongo<\/strong> Zu verkaufen. 2 bis 10 Monate alt. Verf\u00fcgbar, m\u00e4nnlich und weiblich. Sie machen lustige Ger\u00e4usche und sprechen. Ihre Nahrung besteht aus Sprossen, Gem\u00fcse, Obst, Samen und Pellets. Sie sollten immer Zugang zu vielen Schaukeln und Spielzeug haben. Sie werden mit kostenlosem Spielzeug und einer Anleitung zum Thema Graupapagei \/ Aufzucht eines Babypapageis geliefert.<\/p>\n<p>&nbsp;<\/p>\n<ul class=\"meta-data list-unstyled\">\n<li>\n<dl class=\"row\">\n<dt class=\"col-xs-5\">Art: Graupapagei<\/dt>\n<\/dl>\n<\/li>\n<li>\n<dl class=\"row\">\n<dt class=\"col-xs-5\">Geschlecht:\u00a0\u00a0<strong>M\u00e4nnlich weiblich<\/strong><\/dt>\n<\/dl>\n<\/li>\n<li>\n<dl class=\"row\">\n<dt class=\"col-xs-5\">Alter : 2<strong>-9 Monate<\/strong><\/dt>\n<\/dl>\n<\/li>\n<li>\n<dl class=\"row\">\n<dt class=\"col-xs-5\">Gr\u00f6\u00dfe:\u00a0 <strong>Klein (Entw\u00f6hnt \u2013 Kann alleine essen)<\/strong><\/dt>\n<\/dl>\n<\/li>\n<li><strong>Gesundheit: 100% garantiert<\/strong>\n<dl class=\"row\"><\/dl>\n<dl class=\"row\">\n<dt class=\"col-xs-5\">Versand: <strong>Im Preis inbegriffen<\/strong><\/dt>\n<\/dl>\n<dl class=\"row\">\n<dt class=\"col-xs-5\"><\/dt>\n<\/dl>\n<\/li>\n<\/ul><\/div>\n<p>&nbsp;<\/p>\n<p>&nbsp;<\/p>\n<p>&nbsp;<\/p>\n<p>&nbsp;<\/p>","protected":false},"featured_media":724,"comment_status":"closed","ping_status":"closed","template":"","meta":{"site-sidebar-layout":"default","site-content-layout":"","ast-site-content-layout":"default","site-content-style":"default","site-sidebar-style":"default","ast-global-header-display":"","ast-banner-title-visibility":"","ast-main-header-display":"","ast-hfb-above-header-display":"","ast-hfb-below-header-display":"","ast-hfb-mobile-header-display":"","site-post-title":"","ast-breadcrumbs-content":"","ast-featured-img":"","footer-sml-layout":"","theme-transparent-header-meta":"","adv-header-id-meta":"","stick-header-meta":"","header-above-stick-meta":"","header-main-stick-meta":"","header-below-stick-meta":"","astra-migrate-meta-layouts":"default","ast-page-background-enabled":"default","ast-page-background-meta":{"desktop":{"background-color":"var(--ast-global-color-4)","background-image":"","background-repeat":"repeat","background-position":"center center","background-size":"auto","background-attachment":"scroll","background-type":"","background-media":"","overlay-type":"","overlay-color":"","overlay-opacity":"","overlay-gradient":""},"tablet":{"background-color":"","background-image":"","background-repeat":"repeat","background-position":"center center","background-size":"auto","background-attachment":"scroll","background-type":"","background-media":"","overlay-type":"","overlay-color":"","overlay-opacity":"","overlay-gradient":""},"mobile":{"background-color":"","background-image":"","background-repeat":"repeat","background-position":"center center","background-size":"auto","background-attachment":"scroll","background-type":"","background-media":"","overlay-type":"","overlay-color":"","overlay-opacity":"","overlay-gradient":""}},"ast-content-background-meta":{"desktop":{"background-color":"var(--ast-global-color-5)","background-image":"","background-repeat":"repeat","background-position":"center center","background-size":"auto","background-attachment":"scroll","background-type":"","background-media":"","overlay-type":"","overlay-color":"","overlay-opacity":"","overlay-gradient":""},"tablet":{"background-color":"var(--ast-global-color-5)","background-image":"","background-repeat":"repeat","background-position":"center center","background-size":"auto","background-attachment":"scroll","background-type":"","background-media":"","overlay-type":"","overlay-color":"","overlay-opacity":"","overlay-gradient":""},"mobile":{"background-color":"var(--ast-global-color-5)","background-image":"","background-repeat":"repeat","background-position":"center center","background-size":"auto","background-attachment":"scroll","background-type":"","background-media":"","overlay-type":"","overlay-color":"","overlay-opacity":"","overlay-gradient":""}}},"product_brand":[],"product_cat":[156],"product_tag":[381,382,383,384,385,386,387,388,389,390,391,392,393,394,395,396],"class_list":{"0":"post-622","1":"product","2":"type-product","3":"status-publish","4":"has-post-thumbnail","6":"product_cat-parrots","7":"product_tag-african-grey-parrot-care","8":"product_tag-african-grey-parrot-diet","9":"product_tag-african-grey-parrot-facts","10":"product_tag-african-grey-parrot-for-sale","11":"product_tag-african-grey-parrot-for-sale-kuwait","12":"product_tag-african-grey-parrot-for-sale-near-me","13":"product_tag-african-grey-parrot-for-sale-oman","14":"product_tag-african-grey-parrot-for-sale-thialand","15":"product_tag-african-grey-parrot-for-sale-uae","16":"product_tag-african-grey-parrot-for-sale-uk","17":"product_tag-african-grey-parrot-for-sale-usa","18":"product_tag-african-grey-parrot-intelligence","19":"product_tag-african-grey-parrot-lifespan","20":"product_tag-african-grey-parrot-talking","21":"product_tag-african-grey-parrot-talking-for-sale","22":"product_tag-african-grey-parrots-for-sale","23":"desktop-align-left","24":"tablet-align-left","25":"mobile-align-left","26":"ast-product-gallery-layout-horizontal-slider","27":"ast-product-tabs-layout-horizontal","28":"ast-qv-on-image","30":"first","31":"instock","32":"shipping-taxable","33":"product-type-simple"},"yoast_head":"<!-- This site is optimized with the Yoast SEO Premium plugin v23.2 (Yoast SEO v26.8) - https:\/\/yoast.com\/product\/yoast-seo-premium-wordpress\/ -->\n<title>African Grey Parrot - Tropical Wings Birds<\/title>\n<meta name=\"robots\" content=\"index, follow, max-snippet:-1, max-image-preview:large, max-video-preview:-1\" \/>\n<link rel=\"canonical\" href=\"https:\/\/tropicalwingsbirds.shop\/de_ch\/geschaft\/graupapagei\/\" \/>\n<meta property=\"og:locale\" content=\"de_DE\" \/>\n<meta property=\"og:type\" content=\"article\" \/>\n<meta property=\"og:title\" content=\"African Grey Parrot\" \/>\n<meta property=\"og:description\" content=\"Tame, young, talking\u00a0Baby African Grey Congo Parrot for sale. 2 to 10 old months Available,\u00a0 male and female.\u00a0 They make some entertaining sounds and talking. Their diet consists of sprouts, veggies, fruits, seeds, and pellets. They should always have access to lots of swings and toys. They will come with free toys and a manual\u00a0 About African grey \u00a0\/ raise a baby parrot. &nbsp;  Species: African Grey   Sex :\u00a0\u00a0Male \/ Female   Age :\u00a0 2-9 months   Size:\u00a0 Small (Weaned \u2013 Can eat by themselves)  Health: 100% guaranteed  Shipping: Inclusive in Price    &nbsp; &nbsp; &nbsp; &nbsp;\" \/>\n<meta property=\"og:url\" content=\"https:\/\/tropicalwingsbirds.shop\/de_ch\/geschaft\/graupapagei\/\" \/>\n<meta property=\"og:site_name\" content=\"Tropical Wings Birds\" \/>\n<meta property=\"article:publisher\" content=\"https:\/\/web.facebook.com\/profile.php?id=61551502767851&amp;mibextid=2JQ9oc&amp;_rdc=1&amp;_rdr\" \/>\n<meta property=\"article:modified_time\" content=\"2023-12-03T14:08:23+00:00\" \/>\n<meta property=\"og:image\" content=\"https:\/\/tropicalwingsbirds.shop\/wp-content\/uploads\/2023\/12\/WhatsApp-Image-2021-04-10-at-05.45.40.jpeg\" \/>\n\t<meta property=\"og:image:width\" content=\"1080\" \/>\n\t<meta property=\"og:image:height\" content=\"1080\" \/>\n\t<meta property=\"og:image:type\" content=\"image\/jpeg\" \/>\n<meta name=\"twitter:card\" content=\"summary_large_image\" \/>\n<meta name=\"twitter:label1\" content=\"Price\" \/>\n\t<meta name=\"twitter:data1\" content=\"\" \/>\n\t<meta name=\"twitter:label2\" content=\"Availability\" \/>\n\t<meta name=\"twitter:data2\" content=\"In stock\" \/>\n<script type=\"application\/ld+json\" class=\"yoast-schema-graph\">{\"@context\":\"https:\/\/schema.org\",\"@graph\":[{\"@type\":\"WebPage\",\"@id\":\"https:\/\/tropicalwingsbirds.shop\/shop\/african-grey-parrot\/\",\"url\":\"https:\/\/tropicalwingsbirds.shop\/shop\/african-grey-parrot\/\",\"name\":\"African Grey Parrot - Tropical Wings Birds\",\"isPartOf\":{\"@id\":\"https:\/\/tropicalwingsbirds.shop\/#website\"},\"primaryImageOfPage\":{\"@id\":\"https:\/\/tropicalwingsbirds.shop\/shop\/african-grey-parrot\/#primaryimage\"},\"image\":{\"@id\":\"https:\/\/tropicalwingsbirds.shop\/shop\/african-grey-parrot\/#primaryimage\"},\"thumbnailUrl\":\"https:\/\/tropicalwingsbirds.shop\/wp-content\/uploads\/2023\/12\/WhatsApp-Image-2021-04-10-at-05.45.40.jpeg\",\"datePublished\":\"2023-12-03T14:06:25+00:00\",\"dateModified\":\"2023-12-03T14:08:23+00:00\",\"breadcrumb\":{\"@id\":\"https:\/\/tropicalwingsbirds.shop\/shop\/african-grey-parrot\/#breadcrumb\"},\"inLanguage\":\"de-CH\",\"potentialAction\":[{\"@type\":\"ReadAction\",\"target\":[\"https:\/\/tropicalwingsbirds.shop\/shop\/african-grey-parrot\/\"]}]},{\"@type\":\"ImageObject\",\"inLanguage\":\"de-CH\",\"@id\":\"https:\/\/tropicalwingsbirds.shop\/shop\/african-grey-parrot\/#primaryimage\",\"url\":\"https:\/\/tropicalwingsbirds.shop\/wp-content\/uploads\/2023\/12\/WhatsApp-Image-2021-04-10-at-05.45.40.jpeg\",\"contentUrl\":\"https:\/\/tropicalwingsbirds.shop\/wp-content\/uploads\/2023\/12\/WhatsApp-Image-2021-04-10-at-05.45.40.jpeg\",\"width\":1080,\"height\":1080},{\"@type\":\"BreadcrumbList\",\"@id\":\"https:\/\/tropicalwingsbirds.shop\/shop\/african-grey-parrot\/#breadcrumb\",\"itemListElement\":[{\"@type\":\"ListItem\",\"position\":1,\"name\":\"Home\",\"item\":\"https:\/\/tropicalwingsbirds.shop\/\"},{\"@type\":\"ListItem\",\"position\":2,\"name\":\"Shop\",\"item\":\"https:\/\/tropicalwingsbirds.shop\/shop\/\"},{\"@type\":\"ListItem\",\"position\":3,\"name\":\"African Grey Parrot\"}]},{\"@type\":\"WebSite\",\"@id\":\"https:\/\/tropicalwingsbirds.shop\/#website\",\"url\":\"https:\/\/tropicalwingsbirds.shop\/\",\"name\":\"Tropical Wings Birds\",\"description\":\"Best Exotic birds breeders online\",\"publisher\":{\"@id\":\"https:\/\/tropicalwingsbirds.shop\/#organization\"},\"potentialAction\":[{\"@type\":\"SearchAction\",\"target\":{\"@type\":\"EntryPoint\",\"urlTemplate\":\"https:\/\/tropicalwingsbirds.shop\/?s={search_term_string}\"},\"query-input\":{\"@type\":\"PropertyValueSpecification\",\"valueRequired\":true,\"valueName\":\"search_term_string\"}}],\"inLanguage\":\"de-CH\"},{\"@type\":[\"Organization\",\"Place\",\"PetStore\"],\"@id\":\"https:\/\/tropicalwingsbirds.shop\/#organization\",\"name\":\"Tropical Wings Birds Shop\",\"alternateName\":\"TPWB\",\"url\":\"https:\/\/tropicalwingsbirds.shop\/\",\"logo\":{\"@id\":\"https:\/\/tropicalwingsbirds.shop\/shop\/african-grey-parrot\/#local-main-organization-logo\"},\"image\":{\"@id\":\"https:\/\/tropicalwingsbirds.shop\/shop\/african-grey-parrot\/#local-main-organization-logo\"},\"sameAs\":[\"https:\/\/web.facebook.com\/profile.php?id=61551502767851&mibextid=2JQ9oc&_rdc=1&_rdr\"],\"description\":\"Tropical Wings Birds is your destination for exotic avian companionship. Our boutique aviary in United States offers a curated selection of vibrant tropical birds sourced from reputable breeders worldwide. With a focus on welfare and expertise, our dedicated team is here to guide you on your journey to finding the perfect feathered friend. Visit us today and experience the magic of avian companionship at Tropical Wings Birds.\",\"legalName\":\"Tropical Wings Birds\",\"foundingDate\":\"2019-02-14\",\"numberOfEmployees\":{\"@type\":\"QuantitativeValue\",\"minValue\":\"1\",\"maxValue\":\"10\"},\"address\":{\"@id\":\"https:\/\/tropicalwingsbirds.shop\/shop\/african-grey-parrot\/#local-main-place-address\"},\"geo\":{\"@type\":\"GeoCoordinates\",\"latitude\":\"40.5976725\",\"longitude\":\"-122.3716346\"},\"telephone\":[\"+1 707-733-4623\",\"+1 707-733-4623\"],\"contactPoint\":{\"@type\":\"ContactPoint\",\"telephone\":\"+1 707-733-4623\",\"email\":\"sales@tropicalwingsbirds.shop\"},\"openingHoursSpecification\":{\"@type\":\"OpeningHoursSpecification\",\"dayOfWeek\":[\"Monday\",\"Tuesday\",\"Wednesday\",\"Thursday\",\"Friday\",\"Saturday\",\"Sunday\"],\"opens\":\"00:00\",\"closes\":\"23:59\"},\"email\":\"sales@tropicalwingsbirds.shop\",\"faxNumber\":\"+1 707-733-4623\",\"areaServed\":\"United states, Porto Rico, Canada, Australia\",\"priceRange\":\"$\",\"currenciesAccepted\":\"USD, CAD, AUD,\",\"paymentAccepted\":\"Zelle, Paypal, Bitcoin, Apple pay, Credit cards, Bank transfers\"},{\"@type\":\"PostalAddress\",\"@id\":\"https:\/\/tropicalwingsbirds.shop\/shop\/african-grey-parrot\/#local-main-place-address\",\"streetAddress\":\"500 Hilltop Dr,\",\"addressLocality\":\"Redding\",\"postalCode\":\"96003\",\"addressRegion\":\"California\",\"addressCountry\":\"US\"},{\"@type\":\"ImageObject\",\"inLanguage\":\"de-CH\",\"@id\":\"https:\/\/tropicalwingsbirds.shop\/shop\/african-grey-parrot\/#local-main-organization-logo\",\"url\":\"https:\/\/tropicalwingsbirds.shop\/wp-content\/uploads\/2024\/01\/tropical-wings-1.webp\",\"contentUrl\":\"https:\/\/tropicalwingsbirds.shop\/wp-content\/uploads\/2024\/01\/tropical-wings-1.webp\",\"width\":500,\"height\":500,\"caption\":\"Tropical Wings Birds Shop\"}]}<\/script>\n<meta property=\"product:price:currency\" content=\"USD\" \/>\n<meta property=\"og:availability\" content=\"instock\" \/>\n<meta property=\"product:availability\" content=\"instock\" \/>\n<meta property=\"product:condition\" content=\"new\" \/>\n<meta name=\"geo.placename\" content=\"Redding\" \/>\n<meta name=\"geo.position\" content=\"40.5976725;-122.3716346\" \/>\n<meta name=\"geo.region\" content=\"United States (US)\" \/>\n<!-- \/ Yoast SEO Premium plugin. -->","yoast_head_json":{"title":"Graupapagei - Tropische Fl\u00fcgelv\u00f6gel","robots":{"index":"index","follow":"follow","max-snippet":"max-snippet:-1","max-image-preview":"max-image-preview:large","max-video-preview":"max-video-preview:-1"},"canonical":"https:\/\/tropicalwingsbirds.shop\/de_ch\/geschaft\/graupapagei\/","og_locale":"de_DE","og_type":"article","og_title":"African Grey Parrot","og_description":"Tame, young, talking\u00a0Baby African Grey Congo Parrot for sale. 2 to 10 old months Available,\u00a0 male and female.\u00a0 They make some entertaining sounds and talking. Their diet consists of sprouts, veggies, fruits, seeds, and pellets. They should always have access to lots of swings and toys. They will come with free toys and a manual\u00a0 About African grey \u00a0\/ raise a baby parrot. &nbsp;  Species: African Grey   Sex :\u00a0\u00a0Male \/ Female   Age :\u00a0 2-9 months   Size:\u00a0 Small (Weaned \u2013 Can eat by themselves)  Health: 100% guaranteed  Shipping: Inclusive in Price    &nbsp; &nbsp; &nbsp; &nbsp;","og_url":"https:\/\/tropicalwingsbirds.shop\/de_ch\/geschaft\/graupapagei\/","og_site_name":"Tropical Wings Birds","article_publisher":"https:\/\/web.facebook.com\/profile.php?id=61551502767851&mibextid=2JQ9oc&_rdc=1&_rdr","article_modified_time":"2023-12-03T14:08:23+00:00","og_image":[{"width":1080,"height":1080,"url":"https:\/\/tropicalwingsbirds.shop\/wp-content\/uploads\/2023\/12\/WhatsApp-Image-2021-04-10-at-05.45.40.jpeg","type":"image\/jpeg"}],"twitter_card":"summary_large_image","twitter_misc":{"Price":"","Availability":"In stock"},"schema":{"@context":"https:\/\/schema.org","@graph":[{"@type":"WebPage","@id":"https:\/\/tropicalwingsbirds.shop\/shop\/african-grey-parrot\/","url":"https:\/\/tropicalwingsbirds.shop\/shop\/african-grey-parrot\/","name":"Graupapagei - Tropische Fl\u00fcgelv\u00f6gel","isPartOf":{"@id":"https:\/\/tropicalwingsbirds.shop\/#website"},"primaryImageOfPage":{"@id":"https:\/\/tropicalwingsbirds.shop\/shop\/african-grey-parrot\/#primaryimage"},"image":{"@id":"https:\/\/tropicalwingsbirds.shop\/shop\/african-grey-parrot\/#primaryimage"},"thumbnailUrl":"https:\/\/tropicalwingsbirds.shop\/wp-content\/uploads\/2023\/12\/WhatsApp-Image-2021-04-10-at-05.45.40.jpeg","datePublished":"2023-12-03T14:06:25+00:00","dateModified":"2023-12-03T14:08:23+00:00","breadcrumb":{"@id":"https:\/\/tropicalwingsbirds.shop\/shop\/african-grey-parrot\/#breadcrumb"},"inLanguage":"de-CH","potentialAction":[{"@type":"ReadAction","target":["https:\/\/tropicalwingsbirds.shop\/shop\/african-grey-parrot\/"]}]},{"@type":"ImageObject","inLanguage":"de-CH","@id":"https:\/\/tropicalwingsbirds.shop\/shop\/african-grey-parrot\/#primaryimage","url":"https:\/\/tropicalwingsbirds.shop\/wp-content\/uploads\/2023\/12\/WhatsApp-Image-2021-04-10-at-05.45.40.jpeg","contentUrl":"https:\/\/tropicalwingsbirds.shop\/wp-content\/uploads\/2023\/12\/WhatsApp-Image-2021-04-10-at-05.45.40.jpeg","width":1080,"height":1080},{"@type":"BreadcrumbList","@id":"https:\/\/tropicalwingsbirds.shop\/shop\/african-grey-parrot\/#breadcrumb","itemListElement":[{"@type":"ListItem","position":1,"name":"Home","item":"https:\/\/tropicalwingsbirds.shop\/"},{"@type":"ListItem","position":2,"name":"Shop","item":"https:\/\/tropicalwingsbirds.shop\/shop\/"},{"@type":"ListItem","position":3,"name":"African Grey Parrot"}]},{"@type":"WebSite","@id":"https:\/\/tropicalwingsbirds.shop\/#website","url":"https:\/\/tropicalwingsbirds.shop\/","name":"Tropische Fl\u00fcgelv\u00f6gel","description":"Die besten Z\u00fcchter exotischer V\u00f6gel online","publisher":{"@id":"https:\/\/tropicalwingsbirds.shop\/#organization"},"potentialAction":[{"@type":"SearchAction","target":{"@type":"EntryPoint","urlTemplate":"https:\/\/tropicalwingsbirds.shop\/?s={search_term_string}"},"query-input":{"@type":"PropertyValueSpecification","valueRequired":true,"valueName":"search_term_string"}}],"inLanguage":"de-CH"},{"@type":["Organization","Place","PetStore"],"@id":"https:\/\/tropicalwingsbirds.shop\/#organization","name":"Tropical Wings Birds Shop","alternateName":"TPWB","url":"https:\/\/tropicalwingsbirds.shop\/","logo":{"@id":"https:\/\/tropicalwingsbirds.shop\/shop\/african-grey-parrot\/#local-main-organization-logo"},"image":{"@id":"https:\/\/tropicalwingsbirds.shop\/shop\/african-grey-parrot\/#local-main-organization-logo"},"sameAs":["https:\/\/web.facebook.com\/profile.php?id=61551502767851&mibextid=2JQ9oc&_rdc=1&_rdr"],"description":"Tropical Wings Birds ist Ihre Adresse f\u00fcr exotische Vogelbegleitung. Unsere Boutique-Voliere in den USA bietet eine kuratierte Auswahl an farbenfrohen tropischen V\u00f6geln von renommierten Z\u00fcchtern weltweit. Mit Fokus auf Wohlbefinden und Expertise begleitet Sie unser engagiertes Team auf Ihrer Suche nach dem perfekten gefiederten Freund. Besuchen Sie uns noch heute und erleben Sie die Magie der Vogelbegleitung bei Tropical Wings Birds.","legalName":"Tropical Wings Birds","foundingDate":"2019-02-14","numberOfEmployees":{"@type":"QuantitativeValue","minValue":"1","maxValue":"10"},"address":{"@id":"https:\/\/tropicalwingsbirds.shop\/shop\/african-grey-parrot\/#local-main-place-address"},"geo":{"@type":"GeoCoordinates","latitude":"40.5976725","longitude":"-122.3716346"},"telephone":["+1 707-733-4623","+1 707-733-4623"],"contactPoint":{"@type":"ContactPoint","telephone":"+1 707-733-4623","email":"sales@tropicalwingsbirds.shop"},"openingHoursSpecification":{"@type":"OpeningHoursSpecification","dayOfWeek":["Monday","Tuesday","Wednesday","Thursday","Friday","Saturday","Sunday"],"opens":"00:00","closes":"23:59"},"email":"sales@tropicalwingsbirds.shop","faxNumber":"+1 707-733-4623","areaServed":"United states, Porto Rico, Canada, Australia","priceRange":"$","currenciesAccepted":"USD, CAD, AUD,","paymentAccepted":"Zelle, Paypal, Bitcoin, Apple pay, Credit cards, Bank transfers"},{"@type":"PostalAddress","@id":"https:\/\/tropicalwingsbirds.shop\/shop\/african-grey-parrot\/#local-main-place-address","streetAddress":"500 Hilltop Dr,","addressLocality":"Redding","postalCode":"96003","addressRegion":"California","addressCountry":"US"},{"@type":"ImageObject","inLanguage":"de-CH","@id":"https:\/\/tropicalwingsbirds.shop\/shop\/african-grey-parrot\/#local-main-organization-logo","url":"https:\/\/tropicalwingsbirds.shop\/wp-content\/uploads\/2024\/01\/tropical-wings-1.webp","contentUrl":"https:\/\/tropicalwingsbirds.shop\/wp-content\/uploads\/2024\/01\/tropical-wings-1.webp","width":500,"height":500,"caption":"Tropical Wings Birds Shop"}]},"product_price_currency":"USD","og_availability":"instock","product_availability":"instock","product_condition":"new","geo.placename":"Redding","geo.position":{"lat":"40.5976725","long":"-122.3716346"},"geo.region":"United States (US)"},"_links":{"self":[{"href":"https:\/\/tropicalwingsbirds.shop\/de_ch\/wp-json\/wp\/v2\/product\/622","targetHints":{"allow":["GET"]}}],"collection":[{"href":"https:\/\/tropicalwingsbirds.shop\/de_ch\/wp-json\/wp\/v2\/product"}],"about":[{"href":"https:\/\/tropicalwingsbirds.shop\/de_ch\/wp-json\/wp\/v2\/types\/product"}],"replies":[{"embeddable":true,"href":"https:\/\/tropicalwingsbirds.shop\/de_ch\/wp-json\/wp\/v2\/comments?post=622"}],"wp:featuredmedia":[{"embeddable":true,"href":"https:\/\/tropicalwingsbirds.shop\/de_ch\/wp-json\/wp\/v2\/media\/724"}],"wp:attachment":[{"href":"https:\/\/tropicalwingsbirds.shop\/de_ch\/wp-json\/wp\/v2\/media?parent=622"}],"wp:term":[{"taxonomy":"product_brand","embeddable":true,"href":"https:\/\/tropicalwingsbirds.shop\/de_ch\/wp-json\/wp\/v2\/product_brand?post=622"},{"taxonomy":"product_cat","embeddable":true,"href":"https:\/\/tropicalwingsbirds.shop\/de_ch\/wp-json\/wp\/v2\/product_cat?post=622"},{"taxonomy":"product_tag","embeddable":true,"href":"https:\/\/tropicalwingsbirds.shop\/de_ch\/wp-json\/wp\/v2\/product_tag?post=622"}],"curies":[{"name":"wp","href":"https:\/\/api.w.org\/{rel}","templated":true}]}}