{"id":852,"date":"2023-12-03T14:26:36","date_gmt":"2023-12-03T14:26:36","guid":{"rendered":"https:\/\/tropicalwingsbirds.shop\/?post_type=product&#038;p=852"},"modified":"2023-12-03T14:36:46","modified_gmt":"2023-12-03T14:36:46","slug":"riesentukan-weibchen-vogel","status":"publish","type":"product","link":"https:\/\/tropicalwingsbirds.shop\/de_ch\/geschaft\/riesentukan-weibchen-vogel\/","title":{"rendered":"Riesentukan Weibchen"},"content":{"rendered":"<h1>Riesentukan-Weibchen zum Online-Verkauf in Europa<\/h1>\n<p>Riesentukan-Weibchen, 63,5 cm (25 Zoll) lang, die <a href=\"https:\/\/animalfactguide.com\/animal-facts\/toco-toucan\/\">Riesentukan<\/a> ist der gr\u00f6\u00dfte aller Tukane. Sein schwarzer K\u00f6rper und seine wei\u00dfe Kehle werden von seinem auff\u00e4lligsten Merkmal \u00fcberschattet: einem gro\u00dfen bunten Schnabel.<\/p>\n<p>Der leuchtend orangefarbene Schnabel ist etwa 19 cm lang \u2013 ein Drittel der Gesamtl\u00e4nge des Vogels. Trotz seiner beachtlichen Gr\u00f6\u00dfe wiegt der Schnabel weniger, als man vielleicht denkt. Er besteht aus dem Protein Keratin und enth\u00e4lt viele Lufteinschl\u00fcsse, wodurch er sehr leicht ist.<\/p>\n<p>Dar\u00fcber hinaus haben neuere Forschungen ergeben, dass Tukane ihre K\u00f6rpertemperatur regulieren, indem sie den Blutfluss zu ihrem Schnabel anpassen. Mehr Blutfluss bedeutet, dass mehr W\u00e4rme freigesetzt wird. Wenn Tukane schlafen, stecken sie ihren Schnabel unter ihre Federn, um sich warm zu halten. Riesentukane nutzen auch ihre <a href=\"https:\/\/birdmanspetsource.com\/product-category\/cockatoo-parrots\/\">Schn\u00e4bel<\/a> zum Pfl\u00fccken und Sch\u00e4len von Fr\u00fcchten, ihrer Hauptnahrungsquelle. Dar\u00fcber hinaus befindet sich im Schnabel eine flache, ebenso lange Zunge, mit der der Tukan Insekten, Fr\u00f6sche und Reptilien f\u00e4ngt. Riesentukane fressen gelegentlich auch die Eier anderer V\u00f6gel.<\/p>\n<h2>Lebensraum:<\/h2>\n<p>Obwohl sie viel Zeit auf B\u00e4umen verbringen, sind sie keine guten Flugv\u00f6gel. Tukane bewegen sich haupts\u00e4chlich h\u00fcpfend zwischen B\u00e4umen fort. Wenn sie abheben, schlagen sie kr\u00e4ftig mit den Fl\u00fcgeln und gleiten, wobei sie nur kurze Strecken zur\u00fccklegen. Tukane nisten in Baumh\u00f6hlen. Sie ziehen oft in H\u00f6hlen, die von Spechten geschaffen und verlassen wurden.<\/p>\n<p>Mehrere Tukane leben in einer H\u00f6hle. Dort legen sie ihre Eier ab, in der Regel zwei bis vier pro Jahr. Beide Eltern br\u00fcten die Eier 16 bis 20 Tage lang aus. Sobald die K\u00fcken geschl\u00fcpft sind, k\u00fcmmern sich beide Eltern weiter um den Nachwuchs. Tukanbabys werden nicht mit einem \u00fcberm\u00e4\u00dfig gro\u00dfen Schnabel geboren; der Schnabel w\u00e4chst mit der Entwicklung des Vogels. Riesentukane sind in S\u00fcdamerika beheimatet und bewohnen eine Reihe von Lebensr\u00e4umen, darunter tropische W\u00e4lder, Savannen und Buschland.<\/p>\n<h3>Erhaltungszustand<\/h3>\n<p>Da Riesentukane in verschiedenen Lebensr\u00e4umen leben k\u00f6nnen, sind sie nicht so anf\u00e4llig f\u00fcr die Zerst\u00f6rung des Regenwaldes wie andere Arten. Ihre Population ist noch nicht genau bestimmt, wird aber aufgrund der H\u00e4ufigkeit von Sichtungen in ihrem Verbreitungsgebiet als gro\u00df angesehen. Daher wird der Riesentukan von der\u00a0<a href=\"http:\/\/www.iucnredlist.org\/details\/22682164\/0\" target=\"_blank\" rel=\"noopener noreferrer\">IUCN<\/a>\u00a0als am wenigsten besorgniserregend eingestuft und es gibt keine besonderen Bem\u00fchungen, die Art zu sch\u00fctzen.<\/p>\n<p>Kielschnabeltukan, Tukan in Illinois zu verkaufen, Mini-Tukan, Kielschnabeltukan-Pflege, Rotschnabeltukane zu verkaufen, Kielschnabeltukan als Haustier, Tukan-Eier zu verkaufen, Tukan-Schnabel zu verkaufen, Kielschnabeltukan, Kielschnabeltukan zu verkaufen, Kielschnabeltukan als Haustier, Kielschnabeltukan als Vogel, Kielschnabeltukan-Fakten, Tukane in Kalifornien zu verkaufen, Kleine Tukane zu verkaufen, Tukan in Florida zu verkaufen, Kielschnabeltukan zu verkaufen, Regenbogenschnabeltukan, Kielschnabeltukan als Vogel, Kielschnabeltukan-Fakten, Rotschnabeltukan, Kielschnabeltukan als Haustier, Gr\u00fcnschnabeltukan, Tukanf\u00fc\u00dfe, Tukanbaby in Florida zu verkaufen, Tukan in Illinois zu verkaufen, Arassari zu verkaufen, Tukan in Kalifornien zu verkaufen, Tukan zu verkaufen nj, Tukane zu verkaufen in Georgia, Tukane als Haustiere, Amazonas-Regenwaldtukan, Kanalschnabeltukan, Regenwaldtukan, Tukanfakten f\u00fcr Kinder, Kielschnabeltukan, Tukan-Regenwaldv\u00f6gel, Tukanbaby, Tukanfakten, Tukanv\u00f6gel, Exotische V\u00f6gel zu verkaufen, Smaragdtukan, kleine Tukane zu verkaufen, Tukanv\u00f6gel g\u00fcnstig zu verkaufen, Riesentukan zu verkaufen, Kielschnabeltukan zu verkaufen, g\u00fcnstige Tukane zu verkaufen<\/p>","protected":false},"excerpt":{"rendered":"<p>L\u00e4nge: 12\u201315 cm<br \/> Gewicht: 500-876 Gramm<br \/> Geb\u00e4ndert: Ja<br \/> DNA-Geschlecht: Weiblich<\/p>","protected":false},"featured_media":976,"comment_status":"closed","ping_status":"closed","template":"","meta":{"site-sidebar-layout":"default","site-content-layout":"","ast-site-content-layout":"default","site-content-style":"default","site-sidebar-style":"default","ast-global-header-display":"","ast-banner-title-visibility":"","ast-main-header-display":"","ast-hfb-above-header-display":"","ast-hfb-below-header-display":"","ast-hfb-mobile-header-display":"","site-post-title":"","ast-breadcrumbs-content":"","ast-featured-img":"","footer-sml-layout":"","theme-transparent-header-meta":"","adv-header-id-meta":"","stick-header-meta":"","header-above-stick-meta":"","header-main-stick-meta":"","header-below-stick-meta":"","astra-migrate-meta-layouts":"default","ast-page-background-enabled":"default","ast-page-background-meta":{"desktop":{"background-color":"var(--ast-global-color-4)","background-image":"","background-repeat":"repeat","background-position":"center center","background-size":"auto","background-attachment":"scroll","background-type":"","background-media":"","overlay-type":"","overlay-color":"","overlay-opacity":"","overlay-gradient":""},"tablet":{"background-color":"","background-image":"","background-repeat":"repeat","background-position":"center center","background-size":"auto","background-attachment":"scroll","background-type":"","background-media":"","overlay-type":"","overlay-color":"","overlay-opacity":"","overlay-gradient":""},"mobile":{"background-color":"","background-image":"","background-repeat":"repeat","background-position":"center center","background-size":"auto","background-attachment":"scroll","background-type":"","background-media":"","overlay-type":"","overlay-color":"","overlay-opacity":"","overlay-gradient":""}},"ast-content-background-meta":{"desktop":{"background-color":"var(--ast-global-color-5)","background-image":"","background-repeat":"repeat","background-position":"center center","background-size":"auto","background-attachment":"scroll","background-type":"","background-media":"","overlay-type":"","overlay-color":"","overlay-opacity":"","overlay-gradient":""},"tablet":{"background-color":"var(--ast-global-color-5)","background-image":"","background-repeat":"repeat","background-position":"center center","background-size":"auto","background-attachment":"scroll","background-type":"","background-media":"","overlay-type":"","overlay-color":"","overlay-opacity":"","overlay-gradient":""},"mobile":{"background-color":"var(--ast-global-color-5)","background-image":"","background-repeat":"repeat","background-position":"center center","background-size":"auto","background-attachment":"scroll","background-type":"","background-media":"","overlay-type":"","overlay-color":"","overlay-opacity":"","overlay-gradient":""}}},"product_brand":[],"product_cat":[442],"product_tag":[443],"class_list":{"0":"post-852","1":"product","2":"type-product","3":"status-publish","4":"has-post-thumbnail","6":"product_cat-toucans","7":"product_tag-banded","8":"desktop-align-left","9":"tablet-align-left","10":"mobile-align-left","11":"ast-product-gallery-layout-horizontal-slider","12":"ast-product-tabs-layout-horizontal","13":"ast-qv-on-image","15":"first","16":"instock","17":"shipping-taxable","18":"product-type-simple"},"yoast_head":"<!-- This site is optimized with the Yoast SEO Premium plugin v23.2 (Yoast SEO v26.8) - https:\/\/yoast.com\/product\/yoast-seo-premium-wordpress\/ -->\n<title>Toco Toucan Female Birds - Tropical Wings Birds<\/title>\n<meta name=\"robots\" content=\"index, follow, max-snippet:-1, max-image-preview:large, max-video-preview:-1\" \/>\n<link rel=\"canonical\" href=\"https:\/\/tropicalwingsbirds.shop\/de_ch\/geschaft\/riesentukan-weibchen-vogel\/\" \/>\n<meta property=\"og:locale\" content=\"de_DE\" \/>\n<meta property=\"og:type\" content=\"article\" \/>\n<meta property=\"og:title\" content=\"Toco Toucan Female Birds\" \/>\n<meta property=\"og:description\" content=\"Length: 12\u201315 cm Weight: 500-876 grams Banded: Yes DNA Sex: Females\" \/>\n<meta property=\"og:url\" content=\"https:\/\/tropicalwingsbirds.shop\/de_ch\/geschaft\/riesentukan-weibchen-vogel\/\" \/>\n<meta property=\"og:site_name\" content=\"Tropical Wings Birds\" \/>\n<meta property=\"article:publisher\" content=\"https:\/\/web.facebook.com\/profile.php?id=61551502767851&amp;mibextid=2JQ9oc&amp;_rdc=1&amp;_rdr\" \/>\n<meta property=\"article:modified_time\" content=\"2023-12-03T14:36:46+00:00\" \/>\n<meta property=\"og:image\" content=\"https:\/\/tropicalwingsbirds.shop\/wp-content\/uploads\/2023\/12\/G12640333_10207137888622794_747358278082256557_o.jpg\" \/>\n\t<meta property=\"og:image:width\" content=\"500\" \/>\n\t<meta property=\"og:image:height\" content=\"700\" \/>\n\t<meta property=\"og:image:type\" content=\"image\/jpeg\" \/>\n<meta name=\"twitter:card\" content=\"summary_large_image\" \/>\n<meta name=\"twitter:label1\" content=\"Price\" \/>\n\t<meta name=\"twitter:data1\" content=\"\" \/>\n\t<meta name=\"twitter:label2\" content=\"Availability\" \/>\n\t<meta name=\"twitter:data2\" content=\"In stock\" \/>\n<script type=\"application\/ld+json\" class=\"yoast-schema-graph\">{\"@context\":\"https:\/\/schema.org\",\"@graph\":[{\"@type\":\"WebPage\",\"@id\":\"https:\/\/tropicalwingsbirds.shop\/shop\/toco-toucan-female-birds\/\",\"url\":\"https:\/\/tropicalwingsbirds.shop\/shop\/toco-toucan-female-birds\/\",\"name\":\"Toco Toucan Female Birds - Tropical Wings Birds\",\"isPartOf\":{\"@id\":\"https:\/\/tropicalwingsbirds.shop\/#website\"},\"primaryImageOfPage\":{\"@id\":\"https:\/\/tropicalwingsbirds.shop\/shop\/toco-toucan-female-birds\/#primaryimage\"},\"image\":{\"@id\":\"https:\/\/tropicalwingsbirds.shop\/shop\/toco-toucan-female-birds\/#primaryimage\"},\"thumbnailUrl\":\"https:\/\/tropicalwingsbirds.shop\/wp-content\/uploads\/2023\/12\/G12640333_10207137888622794_747358278082256557_o.jpg\",\"datePublished\":\"2023-12-03T14:26:36+00:00\",\"dateModified\":\"2023-12-03T14:36:46+00:00\",\"breadcrumb\":{\"@id\":\"https:\/\/tropicalwingsbirds.shop\/shop\/toco-toucan-female-birds\/#breadcrumb\"},\"inLanguage\":\"de-CH\",\"potentialAction\":[{\"@type\":\"ReadAction\",\"target\":[\"https:\/\/tropicalwingsbirds.shop\/shop\/toco-toucan-female-birds\/\"]}]},{\"@type\":\"ImageObject\",\"inLanguage\":\"de-CH\",\"@id\":\"https:\/\/tropicalwingsbirds.shop\/shop\/toco-toucan-female-birds\/#primaryimage\",\"url\":\"https:\/\/tropicalwingsbirds.shop\/wp-content\/uploads\/2023\/12\/G12640333_10207137888622794_747358278082256557_o.jpg\",\"contentUrl\":\"https:\/\/tropicalwingsbirds.shop\/wp-content\/uploads\/2023\/12\/G12640333_10207137888622794_747358278082256557_o.jpg\",\"width\":500,\"height\":700},{\"@type\":\"BreadcrumbList\",\"@id\":\"https:\/\/tropicalwingsbirds.shop\/shop\/toco-toucan-female-birds\/#breadcrumb\",\"itemListElement\":[{\"@type\":\"ListItem\",\"position\":1,\"name\":\"Home\",\"item\":\"https:\/\/tropicalwingsbirds.shop\/\"},{\"@type\":\"ListItem\",\"position\":2,\"name\":\"Shop\",\"item\":\"https:\/\/tropicalwingsbirds.shop\/shop\/\"},{\"@type\":\"ListItem\",\"position\":3,\"name\":\"Toco Toucan Female Birds\"}]},{\"@type\":\"WebSite\",\"@id\":\"https:\/\/tropicalwingsbirds.shop\/#website\",\"url\":\"https:\/\/tropicalwingsbirds.shop\/\",\"name\":\"Tropical Wings Birds\",\"description\":\"Best Exotic birds breeders online\",\"publisher\":{\"@id\":\"https:\/\/tropicalwingsbirds.shop\/#organization\"},\"potentialAction\":[{\"@type\":\"SearchAction\",\"target\":{\"@type\":\"EntryPoint\",\"urlTemplate\":\"https:\/\/tropicalwingsbirds.shop\/?s={search_term_string}\"},\"query-input\":{\"@type\":\"PropertyValueSpecification\",\"valueRequired\":true,\"valueName\":\"search_term_string\"}}],\"inLanguage\":\"de-CH\"},{\"@type\":[\"Organization\",\"Place\",\"PetStore\"],\"@id\":\"https:\/\/tropicalwingsbirds.shop\/#organization\",\"name\":\"Tropical Wings Birds Shop\",\"alternateName\":\"TPWB\",\"url\":\"https:\/\/tropicalwingsbirds.shop\/\",\"logo\":{\"@id\":\"https:\/\/tropicalwingsbirds.shop\/shop\/toco-toucan-female-birds\/#local-main-organization-logo\"},\"image\":{\"@id\":\"https:\/\/tropicalwingsbirds.shop\/shop\/toco-toucan-female-birds\/#local-main-organization-logo\"},\"sameAs\":[\"https:\/\/web.facebook.com\/profile.php?id=61551502767851&mibextid=2JQ9oc&_rdc=1&_rdr\"],\"description\":\"Tropical Wings Birds is your destination for exotic avian companionship. Our boutique aviary in United States offers a curated selection of vibrant tropical birds sourced from reputable breeders worldwide. With a focus on welfare and expertise, our dedicated team is here to guide you on your journey to finding the perfect feathered friend. Visit us today and experience the magic of avian companionship at Tropical Wings Birds.\",\"legalName\":\"Tropical Wings Birds\",\"foundingDate\":\"2019-02-14\",\"numberOfEmployees\":{\"@type\":\"QuantitativeValue\",\"minValue\":\"1\",\"maxValue\":\"10\"},\"address\":{\"@id\":\"https:\/\/tropicalwingsbirds.shop\/shop\/toco-toucan-female-birds\/#local-main-place-address\"},\"geo\":{\"@type\":\"GeoCoordinates\",\"latitude\":\"40.5976725\",\"longitude\":\"-122.3716346\"},\"telephone\":[\"+1 707-733-4623\",\"+1 707-733-4623\"],\"contactPoint\":{\"@type\":\"ContactPoint\",\"telephone\":\"+1 707-733-4623\",\"email\":\"sales@tropicalwingsbirds.shop\"},\"openingHoursSpecification\":{\"@type\":\"OpeningHoursSpecification\",\"dayOfWeek\":[\"Monday\",\"Tuesday\",\"Wednesday\",\"Thursday\",\"Friday\",\"Saturday\",\"Sunday\"],\"opens\":\"00:00\",\"closes\":\"23:59\"},\"email\":\"sales@tropicalwingsbirds.shop\",\"faxNumber\":\"+1 707-733-4623\",\"areaServed\":\"United states, Porto Rico, Canada, Australia\",\"priceRange\":\"$\",\"currenciesAccepted\":\"USD, CAD, AUD,\",\"paymentAccepted\":\"Zelle, Paypal, Bitcoin, Apple pay, Credit cards, Bank transfers\"},{\"@type\":\"PostalAddress\",\"@id\":\"https:\/\/tropicalwingsbirds.shop\/shop\/toco-toucan-female-birds\/#local-main-place-address\",\"streetAddress\":\"500 Hilltop Dr,\",\"addressLocality\":\"Redding\",\"postalCode\":\"96003\",\"addressRegion\":\"California\",\"addressCountry\":\"US\"},{\"@type\":\"ImageObject\",\"inLanguage\":\"de-CH\",\"@id\":\"https:\/\/tropicalwingsbirds.shop\/shop\/toco-toucan-female-birds\/#local-main-organization-logo\",\"url\":\"https:\/\/tropicalwingsbirds.shop\/wp-content\/uploads\/2024\/01\/tropical-wings-1.webp\",\"contentUrl\":\"https:\/\/tropicalwingsbirds.shop\/wp-content\/uploads\/2024\/01\/tropical-wings-1.webp\",\"width\":500,\"height\":500,\"caption\":\"Tropical Wings Birds Shop\"}]}<\/script>\n<meta property=\"product:price:currency\" content=\"USD\" \/>\n<meta property=\"og:availability\" content=\"instock\" \/>\n<meta property=\"product:availability\" content=\"instock\" \/>\n<meta property=\"product:condition\" content=\"new\" \/>\n<meta name=\"geo.placename\" content=\"Redding\" \/>\n<meta name=\"geo.position\" content=\"40.5976725;-122.3716346\" \/>\n<meta name=\"geo.region\" content=\"United States (US)\" \/>\n<!-- \/ Yoast SEO Premium plugin. -->","yoast_head_json":{"title":"Riesentukan Weibchen - Tropical Wings Birds","robots":{"index":"index","follow":"follow","max-snippet":"max-snippet:-1","max-image-preview":"max-image-preview:large","max-video-preview":"max-video-preview:-1"},"canonical":"https:\/\/tropicalwingsbirds.shop\/de_ch\/geschaft\/riesentukan-weibchen-vogel\/","og_locale":"de_DE","og_type":"article","og_title":"Toco Toucan Female Birds","og_description":"Length: 12\u201315 cm Weight: 500-876 grams Banded: Yes DNA Sex: Females","og_url":"https:\/\/tropicalwingsbirds.shop\/de_ch\/geschaft\/riesentukan-weibchen-vogel\/","og_site_name":"Tropical Wings Birds","article_publisher":"https:\/\/web.facebook.com\/profile.php?id=61551502767851&mibextid=2JQ9oc&_rdc=1&_rdr","article_modified_time":"2023-12-03T14:36:46+00:00","og_image":[{"width":500,"height":700,"url":"https:\/\/tropicalwingsbirds.shop\/wp-content\/uploads\/2023\/12\/G12640333_10207137888622794_747358278082256557_o.jpg","type":"image\/jpeg"}],"twitter_card":"summary_large_image","twitter_misc":{"Price":"","Availability":"In stock"},"schema":{"@context":"https:\/\/schema.org","@graph":[{"@type":"WebPage","@id":"https:\/\/tropicalwingsbirds.shop\/shop\/toco-toucan-female-birds\/","url":"https:\/\/tropicalwingsbirds.shop\/shop\/toco-toucan-female-birds\/","name":"Riesentukan Weibchen - Tropical Wings Birds","isPartOf":{"@id":"https:\/\/tropicalwingsbirds.shop\/#website"},"primaryImageOfPage":{"@id":"https:\/\/tropicalwingsbirds.shop\/shop\/toco-toucan-female-birds\/#primaryimage"},"image":{"@id":"https:\/\/tropicalwingsbirds.shop\/shop\/toco-toucan-female-birds\/#primaryimage"},"thumbnailUrl":"https:\/\/tropicalwingsbirds.shop\/wp-content\/uploads\/2023\/12\/G12640333_10207137888622794_747358278082256557_o.jpg","datePublished":"2023-12-03T14:26:36+00:00","dateModified":"2023-12-03T14:36:46+00:00","breadcrumb":{"@id":"https:\/\/tropicalwingsbirds.shop\/shop\/toco-toucan-female-birds\/#breadcrumb"},"inLanguage":"de-CH","potentialAction":[{"@type":"ReadAction","target":["https:\/\/tropicalwingsbirds.shop\/shop\/toco-toucan-female-birds\/"]}]},{"@type":"ImageObject","inLanguage":"de-CH","@id":"https:\/\/tropicalwingsbirds.shop\/shop\/toco-toucan-female-birds\/#primaryimage","url":"https:\/\/tropicalwingsbirds.shop\/wp-content\/uploads\/2023\/12\/G12640333_10207137888622794_747358278082256557_o.jpg","contentUrl":"https:\/\/tropicalwingsbirds.shop\/wp-content\/uploads\/2023\/12\/G12640333_10207137888622794_747358278082256557_o.jpg","width":500,"height":700},{"@type":"BreadcrumbList","@id":"https:\/\/tropicalwingsbirds.shop\/shop\/toco-toucan-female-birds\/#breadcrumb","itemListElement":[{"@type":"ListItem","position":1,"name":"Home","item":"https:\/\/tropicalwingsbirds.shop\/"},{"@type":"ListItem","position":2,"name":"Shop","item":"https:\/\/tropicalwingsbirds.shop\/shop\/"},{"@type":"ListItem","position":3,"name":"Toco Toucan Female Birds"}]},{"@type":"WebSite","@id":"https:\/\/tropicalwingsbirds.shop\/#website","url":"https:\/\/tropicalwingsbirds.shop\/","name":"Tropische Fl\u00fcgelv\u00f6gel","description":"Die besten Z\u00fcchter exotischer V\u00f6gel online","publisher":{"@id":"https:\/\/tropicalwingsbirds.shop\/#organization"},"potentialAction":[{"@type":"SearchAction","target":{"@type":"EntryPoint","urlTemplate":"https:\/\/tropicalwingsbirds.shop\/?s={search_term_string}"},"query-input":{"@type":"PropertyValueSpecification","valueRequired":true,"valueName":"search_term_string"}}],"inLanguage":"de-CH"},{"@type":["Organization","Place","PetStore"],"@id":"https:\/\/tropicalwingsbirds.shop\/#organization","name":"Tropical Wings Birds Shop","alternateName":"TPWB","url":"https:\/\/tropicalwingsbirds.shop\/","logo":{"@id":"https:\/\/tropicalwingsbirds.shop\/shop\/toco-toucan-female-birds\/#local-main-organization-logo"},"image":{"@id":"https:\/\/tropicalwingsbirds.shop\/shop\/toco-toucan-female-birds\/#local-main-organization-logo"},"sameAs":["https:\/\/web.facebook.com\/profile.php?id=61551502767851&mibextid=2JQ9oc&_rdc=1&_rdr"],"description":"Tropical Wings Birds ist Ihre Adresse f\u00fcr exotische Vogelbegleitung. Unsere Boutique-Voliere in den USA bietet eine kuratierte Auswahl an farbenfrohen tropischen V\u00f6geln von renommierten Z\u00fcchtern weltweit. Mit Fokus auf Wohlbefinden und Expertise begleitet Sie unser engagiertes Team auf Ihrer Suche nach dem perfekten gefiederten Freund. Besuchen Sie uns noch heute und erleben Sie die Magie der Vogelbegleitung bei Tropical Wings Birds.","legalName":"Tropical Wings Birds","foundingDate":"2019-02-14","numberOfEmployees":{"@type":"QuantitativeValue","minValue":"1","maxValue":"10"},"address":{"@id":"https:\/\/tropicalwingsbirds.shop\/shop\/toco-toucan-female-birds\/#local-main-place-address"},"geo":{"@type":"GeoCoordinates","latitude":"40.5976725","longitude":"-122.3716346"},"telephone":["+1 707-733-4623","+1 707-733-4623"],"contactPoint":{"@type":"ContactPoint","telephone":"+1 707-733-4623","email":"sales@tropicalwingsbirds.shop"},"openingHoursSpecification":{"@type":"OpeningHoursSpecification","dayOfWeek":["Monday","Tuesday","Wednesday","Thursday","Friday","Saturday","Sunday"],"opens":"00:00","closes":"23:59"},"email":"sales@tropicalwingsbirds.shop","faxNumber":"+1 707-733-4623","areaServed":"United states, Porto Rico, Canada, Australia","priceRange":"$","currenciesAccepted":"USD, CAD, AUD,","paymentAccepted":"Zelle, Paypal, Bitcoin, Apple pay, Credit cards, Bank transfers"},{"@type":"PostalAddress","@id":"https:\/\/tropicalwingsbirds.shop\/shop\/toco-toucan-female-birds\/#local-main-place-address","streetAddress":"500 Hilltop Dr,","addressLocality":"Redding","postalCode":"96003","addressRegion":"California","addressCountry":"US"},{"@type":"ImageObject","inLanguage":"de-CH","@id":"https:\/\/tropicalwingsbirds.shop\/shop\/toco-toucan-female-birds\/#local-main-organization-logo","url":"https:\/\/tropicalwingsbirds.shop\/wp-content\/uploads\/2024\/01\/tropical-wings-1.webp","contentUrl":"https:\/\/tropicalwingsbirds.shop\/wp-content\/uploads\/2024\/01\/tropical-wings-1.webp","width":500,"height":500,"caption":"Tropical Wings Birds Shop"}]},"product_price_currency":"USD","og_availability":"instock","product_availability":"instock","product_condition":"new","geo.placename":"Redding","geo.position":{"lat":"40.5976725","long":"-122.3716346"},"geo.region":"United States (US)"},"_links":{"self":[{"href":"https:\/\/tropicalwingsbirds.shop\/de_ch\/wp-json\/wp\/v2\/product\/852","targetHints":{"allow":["GET"]}}],"collection":[{"href":"https:\/\/tropicalwingsbirds.shop\/de_ch\/wp-json\/wp\/v2\/product"}],"about":[{"href":"https:\/\/tropicalwingsbirds.shop\/de_ch\/wp-json\/wp\/v2\/types\/product"}],"replies":[{"embeddable":true,"href":"https:\/\/tropicalwingsbirds.shop\/de_ch\/wp-json\/wp\/v2\/comments?post=852"}],"wp:featuredmedia":[{"embeddable":true,"href":"https:\/\/tropicalwingsbirds.shop\/de_ch\/wp-json\/wp\/v2\/media\/976"}],"wp:attachment":[{"href":"https:\/\/tropicalwingsbirds.shop\/de_ch\/wp-json\/wp\/v2\/media?parent=852"}],"wp:term":[{"taxonomy":"product_brand","embeddable":true,"href":"https:\/\/tropicalwingsbirds.shop\/de_ch\/wp-json\/wp\/v2\/product_brand?post=852"},{"taxonomy":"product_cat","embeddable":true,"href":"https:\/\/tropicalwingsbirds.shop\/de_ch\/wp-json\/wp\/v2\/product_cat?post=852"},{"taxonomy":"product_tag","embeddable":true,"href":"https:\/\/tropicalwingsbirds.shop\/de_ch\/wp-json\/wp\/v2\/product_tag?post=852"}],"curies":[{"name":"wp","href":"https:\/\/api.w.org\/{rel}","templated":true}]}}