{"id":1368,"date":"2023-12-07T14:09:03","date_gmt":"2023-12-07T14:09:03","guid":{"rendered":"https:\/\/tropicalwingsbirds.shop\/?post_type=product&#038;p=1368"},"modified":"2023-12-07T14:10:35","modified_gmt":"2023-12-07T14:10:35","slug":"compra-online-la-jaula-para-pajaros-prevue-clean-life-851-playtop-en-rojo-y-negro","status":"publish","type":"product","link":"https:\/\/tropicalwingsbirds.shop\/es\/comercio\/compra-online-la-jaula-para-pajaros-prevue-clean-life-851-playtop-en-rojo-y-negro\/","title":{"rendered":"Compra la jaula para p\u00e1jaros Prevue Clean Life 851 Playtop en rojo y negro online"},"content":{"rendered":"<p>Cada detalle del sistema de jaulas para p\u00e1jaros Clean Life Play Top ha sido dise\u00f1ado pensando en la forma, la funcionalidad y la asequibilidad. El dise\u00f1o inteligente y las caracter\u00edsticas patentadas del sistema Clean Life reducen o eliminan los residuos dispersos y facilitan la limpieza de la jaula. Los due\u00f1os de aves pasar\u00e1n m\u00e1s tiempo disfrutando de sus aves, y estas prosperar\u00e1n en un entorno m\u00e1s limpio.<\/p>\n<p>Las jaulas para p\u00e1jaros Clean Life cuentan con una base de pl\u00e1stico moldeada \u00fanica con un protector de semillas integrado y son las \u00fanicas jaulas de pl\u00e1stico del mercado con una rejilla inferior extra\u00edble. Las copas inferiores ayudan a contener la suciedad y mantienen la jaula libre de residuos.<\/p>\n<p>La malla elevada tambi\u00e9n evita que los residuos se atasquen en los puntos de captura tradicionales del fondo de la jaula. Estas jaulas incluyen dos vasos de pl\u00e1stico y tres perchas, y est\u00e1n dise\u00f1adas para periquitos, cacat\u00faas y otras aves peque\u00f1as y medianas.<\/p>\n<p>&nbsp;<\/p>\n<p><strong>Caracter\u00edsticas del producto:<\/strong><br \/> \u25cf Dimensiones de la jaula: 18\u2033 de largo x 18\u2033 de ancho x 27\u2033 de alto<br \/> \u25cf Dimensiones de la base: 22\u2033 de largo x 22\u2033 de ancho<br \/> \u25cf Espaciado de cables de 1\/2\u2033<br \/> \u25cf Calibre del cable: 13 y 16<br \/> \u25cf Construcci\u00f3n superior<br \/> \u25cf Base de pl\u00e1stico moldeada de forma \u00fanica<br \/> \u25cf Protector de semillas integrado<br \/> \u25cf El protector de semillas incorporado, junto con el cuerpo de la jaula elevado y la ubicaci\u00f3n de la copa m\u00e1s baja, reduce los residuos de semillas.<br \/> \u25cf El cuerpo de la jaula elevada elimina los puntos de captura de escombros m\u00e1s comunes<br \/> \u25cf Crea un camino para que las semillas y otros desechos fluyan de regreso a la jaula.<br \/> \u25cf Elimina la transferencia de escombros entre jaulas apiladas<br \/> \u25cf Extraiga la rejilla inferior y el caj\u00f3n.<br \/> \u25cf Caj\u00f3n extra\u00edble con borde de escobilla de goma de ajuste perfecto:<br \/> \u25cf Los bordes ajustados y ensanchados eliminan la acumulaci\u00f3n de residuos y las \u00e1reas de atrapamiento<br \/> \u25cf Elimina el espacio entre la base y el caj\u00f3n.<br \/> \u25cf Los residuos fluyen directamente al caj\u00f3n.<br \/> \u25cf Rejilla inferior extra\u00edble:<br \/> \u25cf Rejilla extra\u00edble de acceso frontal<br \/> \u25cf La rejilla se desliza hacia afuera y hacia adentro f\u00e1cilmente para una limpieza r\u00e1pida<br \/> \u25cf Permite una f\u00e1cil limpieza sin desmontar la jaula.<br \/> \u25cf 2 vasos de pl\u00e1stico incluidos<br \/> \u25cf 3 perchas incluidas<\/p>","protected":false},"excerpt":{"rendered":"<p>Every detail of the Clean Life Play Top Bird Cage system has been designed for form, functionality, and affordability. The intelligent design and patented features of the Clean Life system reduce or eliminate scattered debris and make cage cleaning a snap. Bird owners will spend more time enjoying their birds, and the birds will thrive [&hellip;]<\/p>","protected":false},"featured_media":1408,"comment_status":"closed","ping_status":"closed","template":"","meta":{"site-sidebar-layout":"default","site-content-layout":"","ast-site-content-layout":"default","site-content-style":"default","site-sidebar-style":"default","ast-global-header-display":"","ast-banner-title-visibility":"","ast-main-header-display":"","ast-hfb-above-header-display":"","ast-hfb-below-header-display":"","ast-hfb-mobile-header-display":"","site-post-title":"","ast-breadcrumbs-content":"","ast-featured-img":"","footer-sml-layout":"","theme-transparent-header-meta":"","adv-header-id-meta":"","stick-header-meta":"","header-above-stick-meta":"","header-main-stick-meta":"","header-below-stick-meta":"","astra-migrate-meta-layouts":"default","ast-page-background-enabled":"default","ast-page-background-meta":{"desktop":{"background-color":"var(--ast-global-color-4)","background-image":"","background-repeat":"repeat","background-position":"center center","background-size":"auto","background-attachment":"scroll","background-type":"","background-media":"","overlay-type":"","overlay-color":"","overlay-opacity":"","overlay-gradient":""},"tablet":{"background-color":"","background-image":"","background-repeat":"repeat","background-position":"center center","background-size":"auto","background-attachment":"scroll","background-type":"","background-media":"","overlay-type":"","overlay-color":"","overlay-opacity":"","overlay-gradient":""},"mobile":{"background-color":"","background-image":"","background-repeat":"repeat","background-position":"center center","background-size":"auto","background-attachment":"scroll","background-type":"","background-media":"","overlay-type":"","overlay-color":"","overlay-opacity":"","overlay-gradient":""}},"ast-content-background-meta":{"desktop":{"background-color":"var(--ast-global-color-5)","background-image":"","background-repeat":"repeat","background-position":"center center","background-size":"auto","background-attachment":"scroll","background-type":"","background-media":"","overlay-type":"","overlay-color":"","overlay-opacity":"","overlay-gradient":""},"tablet":{"background-color":"var(--ast-global-color-5)","background-image":"","background-repeat":"repeat","background-position":"center center","background-size":"auto","background-attachment":"scroll","background-type":"","background-media":"","overlay-type":"","overlay-color":"","overlay-opacity":"","overlay-gradient":""},"mobile":{"background-color":"var(--ast-global-color-5)","background-image":"","background-repeat":"repeat","background-position":"center center","background-size":"auto","background-attachment":"scroll","background-type":"","background-media":"","overlay-type":"","overlay-color":"","overlay-opacity":"","overlay-gradient":""}}},"product_brand":[],"product_cat":[484],"product_tag":[],"class_list":{"0":"post-1368","1":"product","2":"type-product","3":"status-publish","4":"has-post-thumbnail","6":"product_cat-cages","7":"desktop-align-left","8":"tablet-align-left","9":"mobile-align-left","10":"ast-product-gallery-layout-horizontal-slider","11":"ast-product-gallery-with-no-image","12":"ast-product-single-variable","13":"ast-product-tabs-layout-horizontal","14":"ast-qv-on-image","16":"first","17":"instock","18":"shipping-taxable","19":"product-type-variable"},"yoast_head":"<!-- This site is optimized with the Yoast SEO Premium plugin v23.2 (Yoast SEO v26.8) - https:\/\/yoast.com\/product\/yoast-seo-premium-wordpress\/ -->\n<title>Buy Prevue Clean Life 851 Playtop Bird Cage in Red &#038; Black Online - Tropical Wings Birds<\/title>\n<meta name=\"robots\" content=\"index, follow, max-snippet:-1, max-image-preview:large, max-video-preview:-1\" \/>\n<link rel=\"canonical\" href=\"https:\/\/tropicalwingsbirds.shop\/es\/comercio\/compra-online-la-jaula-para-pajaros-prevue-clean-life-851-playtop-en-rojo-y-negro\/\" \/>\n<meta property=\"og:locale\" content=\"es_ES\" \/>\n<meta property=\"og:type\" content=\"article\" \/>\n<meta property=\"og:title\" content=\"Buy Prevue Clean Life 851 Playtop Bird Cage in Red &#038; Black Online\" \/>\n<meta property=\"og:description\" content=\"Every detail of the Clean Life Play Top Bird Cage system has been designed for form, functionality, and affordability. The intelligent design and patented features of the Clean Life system reduce or eliminate scattered debris and make cage cleaning a snap. Bird owners will spend more time enjoying their birds, and the birds will thrive [&hellip;]\" \/>\n<meta property=\"og:url\" content=\"https:\/\/tropicalwingsbirds.shop\/es\/comercio\/compra-online-la-jaula-para-pajaros-prevue-clean-life-851-playtop-en-rojo-y-negro\/\" \/>\n<meta property=\"og:site_name\" content=\"Tropical Wings Birds\" \/>\n<meta property=\"article:publisher\" content=\"https:\/\/web.facebook.com\/profile.php?id=61551502767851&amp;mibextid=2JQ9oc&amp;_rdc=1&amp;_rdr\" \/>\n<meta property=\"article:modified_time\" content=\"2023-12-07T14:10:35+00:00\" \/>\n<meta property=\"og:image\" content=\"https:\/\/tropicalwingsbirds.shop\/wp-content\/uploads\/2023\/12\/PP-851R.jpg\" \/>\n\t<meta property=\"og:image:width\" content=\"650\" \/>\n\t<meta property=\"og:image:height\" content=\"650\" \/>\n\t<meta property=\"og:image:type\" content=\"image\/jpeg\" \/>\n<meta name=\"twitter:card\" content=\"summary_large_image\" \/>\n<meta name=\"twitter:label1\" content=\"Disponibilidad\" \/>\n\t<meta name=\"twitter:data1\" content=\"Disponible\" \/>\n<script type=\"application\/ld+json\" class=\"yoast-schema-graph\">{\"@context\":\"https:\/\/schema.org\",\"@graph\":[{\"@type\":\"WebPage\",\"@id\":\"https:\/\/tropicalwingsbirds.shop\/shop\/buy-prevue-clean-life-851-playtop-bird-cage-in-red-black-online\/\",\"url\":\"https:\/\/tropicalwingsbirds.shop\/shop\/buy-prevue-clean-life-851-playtop-bird-cage-in-red-black-online\/\",\"name\":\"Buy Prevue Clean Life 851 Playtop Bird Cage in Red &#038; Black Online - Tropical Wings Birds\",\"isPartOf\":{\"@id\":\"https:\/\/tropicalwingsbirds.shop\/#website\"},\"primaryImageOfPage\":{\"@id\":\"https:\/\/tropicalwingsbirds.shop\/shop\/buy-prevue-clean-life-851-playtop-bird-cage-in-red-black-online\/#primaryimage\"},\"image\":{\"@id\":\"https:\/\/tropicalwingsbirds.shop\/shop\/buy-prevue-clean-life-851-playtop-bird-cage-in-red-black-online\/#primaryimage\"},\"thumbnailUrl\":\"https:\/\/tropicalwingsbirds.shop\/wp-content\/uploads\/2023\/12\/PP-851R.jpg\",\"datePublished\":\"2023-12-07T14:09:03+00:00\",\"dateModified\":\"2023-12-07T14:10:35+00:00\",\"breadcrumb\":{\"@id\":\"https:\/\/tropicalwingsbirds.shop\/shop\/buy-prevue-clean-life-851-playtop-bird-cage-in-red-black-online\/#breadcrumb\"},\"inLanguage\":\"es\",\"potentialAction\":[{\"@type\":\"ReadAction\",\"target\":[\"https:\/\/tropicalwingsbirds.shop\/shop\/buy-prevue-clean-life-851-playtop-bird-cage-in-red-black-online\/\"]}]},{\"@type\":\"ImageObject\",\"inLanguage\":\"es\",\"@id\":\"https:\/\/tropicalwingsbirds.shop\/shop\/buy-prevue-clean-life-851-playtop-bird-cage-in-red-black-online\/#primaryimage\",\"url\":\"https:\/\/tropicalwingsbirds.shop\/wp-content\/uploads\/2023\/12\/PP-851R.jpg\",\"contentUrl\":\"https:\/\/tropicalwingsbirds.shop\/wp-content\/uploads\/2023\/12\/PP-851R.jpg\",\"width\":650,\"height\":650},{\"@type\":\"BreadcrumbList\",\"@id\":\"https:\/\/tropicalwingsbirds.shop\/shop\/buy-prevue-clean-life-851-playtop-bird-cage-in-red-black-online\/#breadcrumb\",\"itemListElement\":[{\"@type\":\"ListItem\",\"position\":1,\"name\":\"Home\",\"item\":\"https:\/\/tropicalwingsbirds.shop\/\"},{\"@type\":\"ListItem\",\"position\":2,\"name\":\"Shop\",\"item\":\"https:\/\/tropicalwingsbirds.shop\/shop\/\"},{\"@type\":\"ListItem\",\"position\":3,\"name\":\"Buy Prevue Clean Life 851 Playtop Bird Cage in Red &#038; Black Online\"}]},{\"@type\":\"WebSite\",\"@id\":\"https:\/\/tropicalwingsbirds.shop\/#website\",\"url\":\"https:\/\/tropicalwingsbirds.shop\/\",\"name\":\"Tropical Wings Birds\",\"description\":\"Best Exotic birds breeders online\",\"publisher\":{\"@id\":\"https:\/\/tropicalwingsbirds.shop\/#organization\"},\"potentialAction\":[{\"@type\":\"SearchAction\",\"target\":{\"@type\":\"EntryPoint\",\"urlTemplate\":\"https:\/\/tropicalwingsbirds.shop\/?s={search_term_string}\"},\"query-input\":{\"@type\":\"PropertyValueSpecification\",\"valueRequired\":true,\"valueName\":\"search_term_string\"}}],\"inLanguage\":\"es\"},{\"@type\":[\"Organization\",\"Place\",\"PetStore\"],\"@id\":\"https:\/\/tropicalwingsbirds.shop\/#organization\",\"name\":\"Tropical Wings Birds Shop\",\"alternateName\":\"TPWB\",\"url\":\"https:\/\/tropicalwingsbirds.shop\/\",\"logo\":{\"@id\":\"https:\/\/tropicalwingsbirds.shop\/shop\/buy-prevue-clean-life-851-playtop-bird-cage-in-red-black-online\/#local-main-organization-logo\"},\"image\":{\"@id\":\"https:\/\/tropicalwingsbirds.shop\/shop\/buy-prevue-clean-life-851-playtop-bird-cage-in-red-black-online\/#local-main-organization-logo\"},\"sameAs\":[\"https:\/\/web.facebook.com\/profile.php?id=61551502767851&mibextid=2JQ9oc&_rdc=1&_rdr\"],\"description\":\"Tropical Wings Birds is your destination for exotic avian companionship. Our boutique aviary in United States offers a curated selection of vibrant tropical birds sourced from reputable breeders worldwide. With a focus on welfare and expertise, our dedicated team is here to guide you on your journey to finding the perfect feathered friend. Visit us today and experience the magic of avian companionship at Tropical Wings Birds.\",\"legalName\":\"Tropical Wings Birds\",\"foundingDate\":\"2019-02-14\",\"numberOfEmployees\":{\"@type\":\"QuantitativeValue\",\"minValue\":\"1\",\"maxValue\":\"10\"},\"address\":{\"@id\":\"https:\/\/tropicalwingsbirds.shop\/shop\/buy-prevue-clean-life-851-playtop-bird-cage-in-red-black-online\/#local-main-place-address\"},\"geo\":{\"@type\":\"GeoCoordinates\",\"latitude\":\"40.5976725\",\"longitude\":\"-122.3716346\"},\"telephone\":[\"+1 707-733-4623\",\"+1 707-733-4623\"],\"contactPoint\":{\"@type\":\"ContactPoint\",\"telephone\":\"+1 707-733-4623\",\"email\":\"sales@tropicalwingsbirds.shop\"},\"openingHoursSpecification\":{\"@type\":\"OpeningHoursSpecification\",\"dayOfWeek\":[\"Monday\",\"Tuesday\",\"Wednesday\",\"Thursday\",\"Friday\",\"Saturday\",\"Sunday\"],\"opens\":\"00:00\",\"closes\":\"23:59\"},\"email\":\"sales@tropicalwingsbirds.shop\",\"faxNumber\":\"+1 707-733-4623\",\"areaServed\":\"United states, Porto Rico, Canada, Australia\",\"priceRange\":\"$\",\"currenciesAccepted\":\"USD, CAD, AUD,\",\"paymentAccepted\":\"Zelle, Paypal, Bitcoin, Apple pay, Credit cards, Bank transfers\"},{\"@type\":\"PostalAddress\",\"@id\":\"https:\/\/tropicalwingsbirds.shop\/shop\/buy-prevue-clean-life-851-playtop-bird-cage-in-red-black-online\/#local-main-place-address\",\"streetAddress\":\"500 Hilltop Dr,\",\"addressLocality\":\"Redding\",\"postalCode\":\"96003\",\"addressRegion\":\"California\",\"addressCountry\":\"US\"},{\"@type\":\"ImageObject\",\"inLanguage\":\"es\",\"@id\":\"https:\/\/tropicalwingsbirds.shop\/shop\/buy-prevue-clean-life-851-playtop-bird-cage-in-red-black-online\/#local-main-organization-logo\",\"url\":\"https:\/\/tropicalwingsbirds.shop\/wp-content\/uploads\/2024\/01\/tropical-wings-1.webp\",\"contentUrl\":\"https:\/\/tropicalwingsbirds.shop\/wp-content\/uploads\/2024\/01\/tropical-wings-1.webp\",\"width\":500,\"height\":500,\"caption\":\"Tropical Wings Birds Shop\"}]}<\/script>\n<meta property=\"og:availability\" content=\"instock\" \/>\n<meta property=\"product:availability\" content=\"instock\" \/>\n<meta property=\"product:condition\" content=\"new\" \/>\n<meta name=\"geo.placename\" content=\"Redding\" \/>\n<meta name=\"geo.position\" content=\"40.5976725;-122.3716346\" \/>\n<meta name=\"geo.region\" content=\"Estados Unidos (EEUU)\" \/>\n<!-- \/ Yoast SEO Premium plugin. -->","yoast_head_json":{"title":"Compra la jaula para p\u00e1jaros Prevue Clean Life 851 Playtop en rojo y negro online - Tropical Wings Birds","robots":{"index":"index","follow":"follow","max-snippet":"max-snippet:-1","max-image-preview":"max-image-preview:large","max-video-preview":"max-video-preview:-1"},"canonical":"https:\/\/tropicalwingsbirds.shop\/es\/comercio\/compra-online-la-jaula-para-pajaros-prevue-clean-life-851-playtop-en-rojo-y-negro\/","og_locale":"es_ES","og_type":"article","og_title":"Buy Prevue Clean Life 851 Playtop Bird Cage in Red &#038; Black Online","og_description":"Every detail of the Clean Life Play Top Bird Cage system has been designed for form, functionality, and affordability. The intelligent design and patented features of the Clean Life system reduce or eliminate scattered debris and make cage cleaning a snap. Bird owners will spend more time enjoying their birds, and the birds will thrive [&hellip;]","og_url":"https:\/\/tropicalwingsbirds.shop\/es\/comercio\/compra-online-la-jaula-para-pajaros-prevue-clean-life-851-playtop-en-rojo-y-negro\/","og_site_name":"Tropical Wings Birds","article_publisher":"https:\/\/web.facebook.com\/profile.php?id=61551502767851&mibextid=2JQ9oc&_rdc=1&_rdr","article_modified_time":"2023-12-07T14:10:35+00:00","og_image":[{"width":650,"height":650,"url":"https:\/\/tropicalwingsbirds.shop\/wp-content\/uploads\/2023\/12\/PP-851R.jpg","type":"image\/jpeg"}],"twitter_card":"summary_large_image","twitter_misc":{"Disponibilidad":"Disponible"},"schema":{"@context":"https:\/\/schema.org","@graph":[{"@type":"WebPage","@id":"https:\/\/tropicalwingsbirds.shop\/shop\/buy-prevue-clean-life-851-playtop-bird-cage-in-red-black-online\/","url":"https:\/\/tropicalwingsbirds.shop\/shop\/buy-prevue-clean-life-851-playtop-bird-cage-in-red-black-online\/","name":"Compra la jaula para p\u00e1jaros Prevue Clean Life 851 Playtop en rojo y negro online - Tropical Wings Birds","isPartOf":{"@id":"https:\/\/tropicalwingsbirds.shop\/#website"},"primaryImageOfPage":{"@id":"https:\/\/tropicalwingsbirds.shop\/shop\/buy-prevue-clean-life-851-playtop-bird-cage-in-red-black-online\/#primaryimage"},"image":{"@id":"https:\/\/tropicalwingsbirds.shop\/shop\/buy-prevue-clean-life-851-playtop-bird-cage-in-red-black-online\/#primaryimage"},"thumbnailUrl":"https:\/\/tropicalwingsbirds.shop\/wp-content\/uploads\/2023\/12\/PP-851R.jpg","datePublished":"2023-12-07T14:09:03+00:00","dateModified":"2023-12-07T14:10:35+00:00","breadcrumb":{"@id":"https:\/\/tropicalwingsbirds.shop\/shop\/buy-prevue-clean-life-851-playtop-bird-cage-in-red-black-online\/#breadcrumb"},"inLanguage":"es","potentialAction":[{"@type":"ReadAction","target":["https:\/\/tropicalwingsbirds.shop\/shop\/buy-prevue-clean-life-851-playtop-bird-cage-in-red-black-online\/"]}]},{"@type":"ImageObject","inLanguage":"es","@id":"https:\/\/tropicalwingsbirds.shop\/shop\/buy-prevue-clean-life-851-playtop-bird-cage-in-red-black-online\/#primaryimage","url":"https:\/\/tropicalwingsbirds.shop\/wp-content\/uploads\/2023\/12\/PP-851R.jpg","contentUrl":"https:\/\/tropicalwingsbirds.shop\/wp-content\/uploads\/2023\/12\/PP-851R.jpg","width":650,"height":650},{"@type":"BreadcrumbList","@id":"https:\/\/tropicalwingsbirds.shop\/shop\/buy-prevue-clean-life-851-playtop-bird-cage-in-red-black-online\/#breadcrumb","itemListElement":[{"@type":"ListItem","position":1,"name":"Home","item":"https:\/\/tropicalwingsbirds.shop\/"},{"@type":"ListItem","position":2,"name":"Shop","item":"https:\/\/tropicalwingsbirds.shop\/shop\/"},{"@type":"ListItem","position":3,"name":"Buy Prevue Clean Life 851 Playtop Bird Cage in Red &#038; Black Online"}]},{"@type":"WebSite","@id":"https:\/\/tropicalwingsbirds.shop\/#website","url":"https:\/\/tropicalwingsbirds.shop\/","name":"Aves de alas tropicales","description":"Los mejores criadores de aves ex\u00f3ticas online","publisher":{"@id":"https:\/\/tropicalwingsbirds.shop\/#organization"},"potentialAction":[{"@type":"SearchAction","target":{"@type":"EntryPoint","urlTemplate":"https:\/\/tropicalwingsbirds.shop\/?s={search_term_string}"},"query-input":{"@type":"PropertyValueSpecification","valueRequired":true,"valueName":"search_term_string"}}],"inLanguage":"es"},{"@type":["Organization","Place","PetStore"],"@id":"https:\/\/tropicalwingsbirds.shop\/#organization","name":"Tropical Wings Birds Shop","alternateName":"TPWB","url":"https:\/\/tropicalwingsbirds.shop\/","logo":{"@id":"https:\/\/tropicalwingsbirds.shop\/shop\/buy-prevue-clean-life-851-playtop-bird-cage-in-red-black-online\/#local-main-organization-logo"},"image":{"@id":"https:\/\/tropicalwingsbirds.shop\/shop\/buy-prevue-clean-life-851-playtop-bird-cage-in-red-black-online\/#local-main-organization-logo"},"sameAs":["https:\/\/web.facebook.com\/profile.php?id=61551502767851&mibextid=2JQ9oc&_rdc=1&_rdr"],"description":"Tropical Wings Birds es su destino ideal para disfrutar de la compa\u00f1\u00eda de aves ex\u00f3ticas. Nuestro aviario boutique en Estados Unidos ofrece una cuidada selecci\u00f3n de vibrantes aves tropicales provenientes de criadores de renombre mundial. Con un enfoque en el bienestar y la experiencia, nuestro dedicado equipo est\u00e1 aqu\u00ed para guiarle en su b\u00fasqueda del compa\u00f1ero emplumado perfecto. Vis\u00edtenos hoy mismo y experimente la magia de la compa\u00f1\u00eda aviar en Tropical Wings Birds.","legalName":"Tropical Wings Birds","foundingDate":"2019-02-14","numberOfEmployees":{"@type":"QuantitativeValue","minValue":"1","maxValue":"10"},"address":{"@id":"https:\/\/tropicalwingsbirds.shop\/shop\/buy-prevue-clean-life-851-playtop-bird-cage-in-red-black-online\/#local-main-place-address"},"geo":{"@type":"GeoCoordinates","latitude":"40.5976725","longitude":"-122.3716346"},"telephone":["+1 707-733-4623","+1 707-733-4623"],"contactPoint":{"@type":"ContactPoint","telephone":"+1 707-733-4623","email":"sales@tropicalwingsbirds.shop"},"openingHoursSpecification":{"@type":"OpeningHoursSpecification","dayOfWeek":["Monday","Tuesday","Wednesday","Thursday","Friday","Saturday","Sunday"],"opens":"00:00","closes":"23:59"},"email":"sales@tropicalwingsbirds.shop","faxNumber":"+1 707-733-4623","areaServed":"United states, Porto Rico, Canada, Australia","priceRange":"$","currenciesAccepted":"USD, CAD, AUD,","paymentAccepted":"Zelle, Paypal, Bitcoin, Apple pay, Credit cards, Bank transfers"},{"@type":"PostalAddress","@id":"https:\/\/tropicalwingsbirds.shop\/shop\/buy-prevue-clean-life-851-playtop-bird-cage-in-red-black-online\/#local-main-place-address","streetAddress":"500 Hilltop Dr,","addressLocality":"Redding","postalCode":"96003","addressRegion":"California","addressCountry":"US"},{"@type":"ImageObject","inLanguage":"es","@id":"https:\/\/tropicalwingsbirds.shop\/shop\/buy-prevue-clean-life-851-playtop-bird-cage-in-red-black-online\/#local-main-organization-logo","url":"https:\/\/tropicalwingsbirds.shop\/wp-content\/uploads\/2024\/01\/tropical-wings-1.webp","contentUrl":"https:\/\/tropicalwingsbirds.shop\/wp-content\/uploads\/2024\/01\/tropical-wings-1.webp","width":500,"height":500,"caption":"Tropical Wings Birds Shop"}]},"og_availability":"instock","product_availability":"instock","product_condition":"new","geo.placename":"Redding","geo.position":{"lat":"40.5976725","long":"-122.3716346"},"geo.region":"Estados Unidos (EEUU)"},"_links":{"self":[{"href":"https:\/\/tropicalwingsbirds.shop\/es\/wp-json\/wp\/v2\/product\/1368","targetHints":{"allow":["GET"]}}],"collection":[{"href":"https:\/\/tropicalwingsbirds.shop\/es\/wp-json\/wp\/v2\/product"}],"about":[{"href":"https:\/\/tropicalwingsbirds.shop\/es\/wp-json\/wp\/v2\/types\/product"}],"replies":[{"embeddable":true,"href":"https:\/\/tropicalwingsbirds.shop\/es\/wp-json\/wp\/v2\/comments?post=1368"}],"wp:featuredmedia":[{"embeddable":true,"href":"https:\/\/tropicalwingsbirds.shop\/es\/wp-json\/wp\/v2\/media\/1408"}],"wp:attachment":[{"href":"https:\/\/tropicalwingsbirds.shop\/es\/wp-json\/wp\/v2\/media?parent=1368"}],"wp:term":[{"taxonomy":"product_brand","embeddable":true,"href":"https:\/\/tropicalwingsbirds.shop\/es\/wp-json\/wp\/v2\/product_brand?post=1368"},{"taxonomy":"product_cat","embeddable":true,"href":"https:\/\/tropicalwingsbirds.shop\/es\/wp-json\/wp\/v2\/product_cat?post=1368"},{"taxonomy":"product_tag","embeddable":true,"href":"https:\/\/tropicalwingsbirds.shop\/es\/wp-json\/wp\/v2\/product_tag?post=1368"}],"curies":[{"name":"wp","href":"https:\/\/api.w.org\/{rel}","templated":true}]}}