{"id":1427,"date":"2023-12-07T14:11:10","date_gmt":"2023-12-07T14:11:10","guid":{"rendered":"https:\/\/tropicalwingsbirds.shop\/?post_type=product&#038;p=1427"},"modified":"2026-04-17T22:04:02","modified_gmt":"2026-04-17T22:04:02","slug":"compre-incubadoras-de-huevos-con-volteador-automatico-para-incubar-huevos-con-ovoscopiadora-en-linea","status":"publish","type":"product","link":"https:\/\/tropicalwingsbirds.shop\/es\/comercio\/compre-incubadoras-de-huevos-con-volteador-automatico-para-incubar-huevos-con-ovoscopiadora-en-linea\/","title":{"rendered":"Compre incubadoras de huevos con volteador autom\u00e1tico para incubar huevos con ovoscopiador en l\u00ednea."},"content":{"rendered":"<p>par\u00e1metros de la incubadora<br \/> Voltaje de funcionamiento: CA 95 ~ 125 V\/50 Hz<br \/> Potencia: &lt;41W<br \/> Dimensiones: (Largo x Ancho x Alto) 32 cm x 21 cm x 12,5 cm<br \/> Aspectos destacados del dise\u00f1o de las incubadoras Triocottage<br \/> 1. Incubadora de huevos de gallina con ovoscopiadora gratuita, f\u00e1cil de usar, solo un clic.<br \/> 2. Las incubadoras para incubar huevos con volteador autom\u00e1tico son completamente autom\u00e1ticas; sin embargo, tambi\u00e9n puede presionar y mantener presionado manualmente el bot\u00f3n LED durante 3 segundos para iniciar el trabajo del volteador una vez.<br \/> 3. La placa de alambre calefactor de \u00e1rea grande y el ventilador turbo incorporado hacen que el calor se distribuya uniformemente. El bastidor principal es duradero, resistente al desgaste y tiene una larga vida \u00fatil.<br \/> 4. El fregadero escalonado mantiene la humedad en la incubadora de huevos perfecta, puede controlar eficazmente la humedad. Tambi\u00e9n puede aumentar o disminuir la cantidad de fregaderos utilizados seg\u00fan la humedad ambiente.<br \/> 5. La capa aislante de PS personalizada para incubadoras puede estabilizar la temperatura para la eclosi\u00f3n de los huevos, ahorrar energ\u00eda y mejorar la tasa de eclosi\u00f3n.<br \/> \u00c1mbito de aplicaci\u00f3n<br \/> La peque\u00f1a incubadora digital Triocottage se adapta perfectamente a cualquier espacio. Perfecta para aprender y disfrutar del proceso de incubaci\u00f3n, en las aulas escolares e incluso en los laboratorios de ciencias.<br \/> La incubadora de huevos autom\u00e1tica es perfecta para un peque\u00f1o criador de gallinas en el patio trasero, el modelo mini no ocupa espacio.<br \/> La mini incubadora es adecuada para todo tipo de aves y huevos de aves de corral, por ejemplo: 3-6 huevos de ganso; 18-21 huevos de paloma; 12-15 huevos de gallina; 24-28 huevos de codorniz, huevos de quaker o loro, huevos de guacamayo, huevos de sedosos, huevos de agapornis, huevos de guinea, si va a hacer huevos m\u00e1s grandes como huevos de pavo o huevos m\u00e1s peque\u00f1os como huevos de codorniz o huevos de gallina de tama\u00f1o jumbo, no hay problema<br \/> Postventa<br \/> Dentro de los 90 d\u00edas posteriores a la entrega, si hay un mal funcionamiento que no puede funcionar, comun\u00edquese con el buz\u00f3n de posventa y cambiaremos la incubadora de forma gratuita.<br \/> Si hay alg\u00fan problema dentro de 1 a\u00f1o a partir de la entrega, comun\u00edquese con la direcci\u00f3n de correo electr\u00f3nico de posventa y le enviaremos por correo electr\u00f3nico los accesorios de la incubadora de forma gratuita.<\/p>","protected":false},"excerpt":{"rendered":"<p>incubator parameters Working voltage: AC95~125V \/ 50Hz Power: &lt;41W Dimensions: (L x W x H)32 cm x 21 cm x 12.5 cm Triocottage incubators design highlights 1, Chicken egg incubator with free egg candler, easy to use, only one click 2, The incubators for hatching eggs with automatic turner is completely hands-off however you can [&hellip;]<\/p>\n","protected":false},"featured_media":1461,"comment_status":"closed","ping_status":"closed","template":"","meta":{"site-sidebar-layout":"","site-content-layout":"","ast-site-content-layout":"","site-content-style":"","site-sidebar-style":"","ast-global-header-display":"","ast-banner-title-visibility":"","ast-main-header-display":"","ast-hfb-above-header-display":"","ast-hfb-below-header-display":"","ast-hfb-mobile-header-display":"","site-post-title":"","ast-breadcrumbs-content":"","ast-featured-img":"","footer-sml-layout":"","ast-disable-related-posts":"","theme-transparent-header-meta":"","adv-header-id-meta":"","stick-header-meta":"","header-above-stick-meta":"","header-main-stick-meta":"","header-below-stick-meta":"","astra-migrate-meta-layouts":"","ast-page-background-enabled":"default","ast-page-background-meta":{"desktop":{"background-color":"var(--ast-global-color-4)","background-image":"","background-repeat":"repeat","background-position":"center center","background-size":"auto","background-attachment":"scroll","background-type":"","background-media":"","overlay-type":"","overlay-color":"","overlay-opacity":"","overlay-gradient":""},"tablet":{"background-color":"","background-image":"","background-repeat":"repeat","background-position":"center center","background-size":"auto","background-attachment":"scroll","background-type":"","background-media":"","overlay-type":"","overlay-color":"","overlay-opacity":"","overlay-gradient":""},"mobile":{"background-color":"","background-image":"","background-repeat":"repeat","background-position":"center center","background-size":"auto","background-attachment":"scroll","background-type":"","background-media":"","overlay-type":"","overlay-color":"","overlay-opacity":"","overlay-gradient":""}},"ast-content-background-meta":{"desktop":{"background-color":"var(--ast-global-color-5)","background-image":"","background-repeat":"repeat","background-position":"center center","background-size":"auto","background-attachment":"scroll","background-type":"","background-media":"","overlay-type":"","overlay-color":"","overlay-opacity":"","overlay-gradient":""},"tablet":{"background-color":"var(--ast-global-color-5)","background-image":"","background-repeat":"repeat","background-position":"center center","background-size":"auto","background-attachment":"scroll","background-type":"","background-media":"","overlay-type":"","overlay-color":"","overlay-opacity":"","overlay-gradient":""},"mobile":{"background-color":"var(--ast-global-color-5)","background-image":"","background-repeat":"repeat","background-position":"center center","background-size":"auto","background-attachment":"scroll","background-type":"","background-media":"","overlay-type":"","overlay-color":"","overlay-opacity":"","overlay-gradient":""}}},"product_brand":[],"product_cat":[485],"product_tag":[],"class_list":{"0":"post-1427","1":"product","2":"type-product","3":"status-publish","4":"has-post-thumbnail","6":"product_cat-incubators-brooders","7":"desktop-align-left","8":"tablet-align-left","9":"mobile-align-left","10":"ast-product-gallery-layout-horizontal-slider","11":"ast-product-gallery-with-no-image","12":"ast-product-tabs-layout-horizontal","13":"ast-qv-on-image","15":"first","16":"instock","17":"shipping-taxable","18":"product-type-simple"},"yoast_head":"<!-- This site is optimized with the Yoast SEO Premium plugin v23.2 (Yoast SEO v27.4) - https:\/\/yoast.com\/product\/yoast-seo-premium-wordpress\/ -->\n<title>Egg Incubators with Automatic Egg Turning | Tropical Wings<\/title>\n<meta name=\"description\" content=\"Buy egg incubators with automatic egg turning turner for hatching eggs with egg candler online \u2014 candled, fertile eggs from proven breeding pairs with...\" \/>\n<meta name=\"robots\" content=\"index, follow, max-snippet:-1, max-image-preview:large, max-video-preview:-1\" \/>\n<link rel=\"canonical\" href=\"https:\/\/tropicalwingsbirds.shop\/es\/comercio\/compre-incubadoras-de-huevos-con-volteador-automatico-para-incubar-huevos-con-ovoscopiadora-en-linea\/\" \/>\n<meta property=\"og:locale\" content=\"es_ES\" \/>\n<meta property=\"og:type\" content=\"article\" \/>\n<meta property=\"og:title\" content=\"Buy Egg Incubators with Automatic Egg Turning Turner for Hatching Eggs with Egg Candler Online\" \/>\n<meta property=\"og:description\" content=\"Buy egg incubators with automatic egg turning turner for hatching eggs with egg candler online \u2014 candled, fertile eggs from proven breeding pairs with...\" \/>\n<meta property=\"og:url\" content=\"https:\/\/tropicalwingsbirds.shop\/es\/comercio\/compre-incubadoras-de-huevos-con-volteador-automatico-para-incubar-huevos-con-ovoscopiadora-en-linea\/\" \/>\n<meta property=\"og:site_name\" content=\"Tropical Wings Birds\" \/>\n<meta property=\"article:publisher\" content=\"https:\/\/web.facebook.com\/profile.php?id=61551502767851&amp;mibextid=2JQ9oc&amp;_rdc=1&amp;_rdr\" \/>\n<meta property=\"article:modified_time\" content=\"2026-04-17T22:04:02+00:00\" \/>\n<meta property=\"og:image\" content=\"https:\/\/tropicalwingsbirds.shop\/wp-content\/uploads\/2023\/12\/Egg-Incubators-with-Automatic-Egg-Turning-Turner-for-Hatching-Eggs-with-Egg-Candler.jpg\" \/>\n\t<meta property=\"og:image:width\" content=\"600\" \/>\n\t<meta property=\"og:image:height\" content=\"600\" \/>\n\t<meta property=\"og:image:type\" content=\"image\/jpeg\" \/>\n<meta name=\"twitter:card\" content=\"summary_large_image\" \/>\n<meta name=\"twitter:label1\" content=\"Precio\" \/>\n\t<meta name=\"twitter:data1\" content=\"\" \/>\n\t<meta name=\"twitter:label2\" content=\"Disponibilidad\" \/>\n\t<meta name=\"twitter:data2\" content=\"Disponible\" \/>\n<script type=\"application\/ld+json\" class=\"yoast-schema-graph\">{\"@context\":\"https:\\\/\\\/schema.org\",\"@graph\":[{\"@type\":\"WebPage\",\"@id\":\"https:\\\/\\\/tropicalwingsbirds.shop\\\/shop\\\/buy-egg-incubators-with-automatic-egg-turning-turner-for-hatching-eggs-with-egg-candler-online\\\/\",\"url\":\"https:\\\/\\\/tropicalwingsbirds.shop\\\/shop\\\/buy-egg-incubators-with-automatic-egg-turning-turner-for-hatching-eggs-with-egg-candler-online\\\/\",\"name\":\"Egg Incubators with Automatic Egg Turning | Tropical Wings\",\"isPartOf\":{\"@id\":\"https:\\\/\\\/tropicalwingsbirds.shop\\\/#website\"},\"primaryImageOfPage\":{\"@id\":\"https:\\\/\\\/tropicalwingsbirds.shop\\\/shop\\\/buy-egg-incubators-with-automatic-egg-turning-turner-for-hatching-eggs-with-egg-candler-online\\\/#primaryimage\"},\"image\":{\"@id\":\"https:\\\/\\\/tropicalwingsbirds.shop\\\/shop\\\/buy-egg-incubators-with-automatic-egg-turning-turner-for-hatching-eggs-with-egg-candler-online\\\/#primaryimage\"},\"thumbnailUrl\":\"https:\\\/\\\/tropicalwingsbirds.shop\\\/wp-content\\\/uploads\\\/2023\\\/12\\\/Egg-Incubators-with-Automatic-Egg-Turning-Turner-for-Hatching-Eggs-with-Egg-Candler.jpg\",\"datePublished\":\"2023-12-07T14:11:10+00:00\",\"dateModified\":\"2026-04-17T22:04:02+00:00\",\"description\":\"Buy egg incubators with automatic egg turning turner for hatching eggs with egg candler online \u2014 candled, fertile eggs from proven breeding pairs with...\",\"breadcrumb\":{\"@id\":\"https:\\\/\\\/tropicalwingsbirds.shop\\\/shop\\\/buy-egg-incubators-with-automatic-egg-turning-turner-for-hatching-eggs-with-egg-candler-online\\\/#breadcrumb\"},\"inLanguage\":\"es\",\"potentialAction\":[{\"@type\":\"ReadAction\",\"target\":[\"https:\\\/\\\/tropicalwingsbirds.shop\\\/shop\\\/buy-egg-incubators-with-automatic-egg-turning-turner-for-hatching-eggs-with-egg-candler-online\\\/\"]}]},{\"@type\":\"ImageObject\",\"inLanguage\":\"es\",\"@id\":\"https:\\\/\\\/tropicalwingsbirds.shop\\\/shop\\\/buy-egg-incubators-with-automatic-egg-turning-turner-for-hatching-eggs-with-egg-candler-online\\\/#primaryimage\",\"url\":\"https:\\\/\\\/tropicalwingsbirds.shop\\\/wp-content\\\/uploads\\\/2023\\\/12\\\/Egg-Incubators-with-Automatic-Egg-Turning-Turner-for-Hatching-Eggs-with-Egg-Candler.jpg\",\"contentUrl\":\"https:\\\/\\\/tropicalwingsbirds.shop\\\/wp-content\\\/uploads\\\/2023\\\/12\\\/Egg-Incubators-with-Automatic-Egg-Turning-Turner-for-Hatching-Eggs-with-Egg-Candler.jpg\",\"width\":600,\"height\":600},{\"@type\":\"BreadcrumbList\",\"@id\":\"https:\\\/\\\/tropicalwingsbirds.shop\\\/shop\\\/buy-egg-incubators-with-automatic-egg-turning-turner-for-hatching-eggs-with-egg-candler-online\\\/#breadcrumb\",\"itemListElement\":[{\"@type\":\"ListItem\",\"position\":1,\"name\":\"Home\",\"item\":\"https:\\\/\\\/tropicalwingsbirds.shop\\\/\"},{\"@type\":\"ListItem\",\"position\":2,\"name\":\"Shop\",\"item\":\"https:\\\/\\\/tropicalwingsbirds.shop\\\/shop\\\/\"},{\"@type\":\"ListItem\",\"position\":3,\"name\":\"Buy Egg Incubators with Automatic Egg Turning Turner for Hatching Eggs with Egg Candler Online\"}]},{\"@type\":\"WebSite\",\"@id\":\"https:\\\/\\\/tropicalwingsbirds.shop\\\/#website\",\"url\":\"https:\\\/\\\/tropicalwingsbirds.shop\\\/\",\"name\":\"Tropical Wings Birds\",\"description\":\"Best Exotic birds breeders online\",\"publisher\":{\"@id\":\"https:\\\/\\\/tropicalwingsbirds.shop\\\/#organization\"},\"potentialAction\":[{\"@type\":\"SearchAction\",\"target\":{\"@type\":\"EntryPoint\",\"urlTemplate\":\"https:\\\/\\\/tropicalwingsbirds.shop\\\/?s={search_term_string}\"},\"query-input\":{\"@type\":\"PropertyValueSpecification\",\"valueRequired\":true,\"valueName\":\"search_term_string\"}}],\"inLanguage\":\"es\"},{\"@type\":[\"Organization\",\"Place\",\"PetStore\"],\"@id\":\"https:\\\/\\\/tropicalwingsbirds.shop\\\/#organization\",\"name\":\"Tropical Wings Birds Shop\",\"alternateName\":\"TPWB\",\"url\":\"https:\\\/\\\/tropicalwingsbirds.shop\\\/\",\"logo\":{\"@id\":\"https:\\\/\\\/tropicalwingsbirds.shop\\\/shop\\\/buy-egg-incubators-with-automatic-egg-turning-turner-for-hatching-eggs-with-egg-candler-online\\\/#local-main-organization-logo\"},\"image\":{\"@id\":\"https:\\\/\\\/tropicalwingsbirds.shop\\\/shop\\\/buy-egg-incubators-with-automatic-egg-turning-turner-for-hatching-eggs-with-egg-candler-online\\\/#local-main-organization-logo\"},\"sameAs\":[\"https:\\\/\\\/web.facebook.com\\\/profile.php?id=61551502767851&mibextid=2JQ9oc&_rdc=1&_rdr\"],\"description\":\"Tropical Wings Birds is your destination for exotic avian companionship. Our boutique aviary in United States offers a curated selection of vibrant tropical birds sourced from reputable breeders worldwide. With a focus on welfare and expertise, our dedicated team is here to guide you on your journey to finding the perfect feathered friend. Visit us today and experience the magic of avian companionship at Tropical Wings Birds.\",\"legalName\":\"Tropical Wings Birds\",\"foundingDate\":\"2019-02-14\",\"numberOfEmployees\":{\"@type\":\"QuantitativeValue\",\"minValue\":\"1\",\"maxValue\":\"10\"},\"address\":{\"@id\":\"https:\\\/\\\/tropicalwingsbirds.shop\\\/shop\\\/buy-egg-incubators-with-automatic-egg-turning-turner-for-hatching-eggs-with-egg-candler-online\\\/#local-main-place-address\"},\"geo\":{\"@type\":\"GeoCoordinates\",\"latitude\":\"40.5976725\",\"longitude\":\"-122.3716346\"},\"telephone\":[\"+1 707-733-4623\",\"+1 707-733-4623\"],\"contactPoint\":{\"@type\":\"ContactPoint\",\"telephone\":\"+1 707-733-4623\",\"email\":\"sales@tropicalwingsbirds.shop\"},\"openingHoursSpecification\":{\"@type\":\"OpeningHoursSpecification\",\"dayOfWeek\":[\"Monday\",\"Tuesday\",\"Wednesday\",\"Thursday\",\"Friday\",\"Saturday\",\"Sunday\"],\"opens\":\"00:00\",\"closes\":\"23:59\"},\"email\":\"sales@tropicalwingsbirds.shop\",\"faxNumber\":\"+1 707-733-4623\",\"areaServed\":\"United states, Porto Rico, Canada, Australia\",\"priceRange\":\"$\",\"currenciesAccepted\":\"USD, CAD, AUD,\",\"paymentAccepted\":\"Zelle, Paypal, Bitcoin, Apple pay, Credit cards, Bank transfers\"},{\"@type\":\"PostalAddress\",\"@id\":\"https:\\\/\\\/tropicalwingsbirds.shop\\\/shop\\\/buy-egg-incubators-with-automatic-egg-turning-turner-for-hatching-eggs-with-egg-candler-online\\\/#local-main-place-address\",\"streetAddress\":\"500 Hilltop Dr,\",\"addressLocality\":\"Redding\",\"postalCode\":\"96003\",\"addressRegion\":\"California\",\"addressCountry\":\"US\"},{\"@type\":\"ImageObject\",\"inLanguage\":\"es\",\"@id\":\"https:\\\/\\\/tropicalwingsbirds.shop\\\/shop\\\/buy-egg-incubators-with-automatic-egg-turning-turner-for-hatching-eggs-with-egg-candler-online\\\/#local-main-organization-logo\",\"url\":\"https:\\\/\\\/tropicalwingsbirds.shop\\\/wp-content\\\/uploads\\\/2024\\\/01\\\/tropical-wings-1.webp\",\"contentUrl\":\"https:\\\/\\\/tropicalwingsbirds.shop\\\/wp-content\\\/uploads\\\/2024\\\/01\\\/tropical-wings-1.webp\",\"width\":500,\"height\":500,\"caption\":\"Tropical Wings Birds Shop\"}]}<\/script>\n<meta property=\"product:price:currency\" content=\"USD\" \/>\n<meta property=\"og:availability\" content=\"instock\" \/>\n<meta property=\"product:availability\" content=\"instock\" \/>\n<meta property=\"product:condition\" content=\"new\" \/>\n<meta name=\"geo.placename\" content=\"Redding\" \/>\n<meta name=\"geo.position\" content=\"40.5976725;-122.3716346\" \/>\n<meta name=\"geo.region\" content=\"Estados Unidos (EEUU)\" \/>\n<!-- \/ Yoast SEO Premium plugin. -->","yoast_head_json":{"title":"Egg Incubators with Automatic Egg Turning | Tropical Wings","description":"Buy egg incubators with automatic egg turning turner for hatching eggs with egg candler online \u2014 candled, fertile eggs from proven breeding pairs with...","robots":{"index":"index","follow":"follow","max-snippet":"max-snippet:-1","max-image-preview":"max-image-preview:large","max-video-preview":"max-video-preview:-1"},"canonical":"https:\/\/tropicalwingsbirds.shop\/es\/comercio\/compre-incubadoras-de-huevos-con-volteador-automatico-para-incubar-huevos-con-ovoscopiadora-en-linea\/","og_locale":"es_ES","og_type":"article","og_title":"Buy Egg Incubators with Automatic Egg Turning Turner for Hatching Eggs with Egg Candler Online","og_description":"Buy egg incubators with automatic egg turning turner for hatching eggs with egg candler online \u2014 candled, fertile eggs from proven breeding pairs with...","og_url":"https:\/\/tropicalwingsbirds.shop\/es\/comercio\/compre-incubadoras-de-huevos-con-volteador-automatico-para-incubar-huevos-con-ovoscopiadora-en-linea\/","og_site_name":"Tropical Wings Birds","article_publisher":"https:\/\/web.facebook.com\/profile.php?id=61551502767851&mibextid=2JQ9oc&_rdc=1&_rdr","article_modified_time":"2026-04-17T22:04:02+00:00","og_image":[{"width":600,"height":600,"url":"https:\/\/tropicalwingsbirds.shop\/wp-content\/uploads\/2023\/12\/Egg-Incubators-with-Automatic-Egg-Turning-Turner-for-Hatching-Eggs-with-Egg-Candler.jpg","type":"image\/jpeg"}],"twitter_card":"summary_large_image","twitter_misc":{"Precio":"","Disponibilidad":"Disponible"},"schema":{"@context":"https:\/\/schema.org","@graph":[{"@type":"WebPage","@id":"https:\/\/tropicalwingsbirds.shop\/shop\/buy-egg-incubators-with-automatic-egg-turning-turner-for-hatching-eggs-with-egg-candler-online\/","url":"https:\/\/tropicalwingsbirds.shop\/shop\/buy-egg-incubators-with-automatic-egg-turning-turner-for-hatching-eggs-with-egg-candler-online\/","name":"Egg Incubators with Automatic Egg Turning | Tropical Wings","isPartOf":{"@id":"https:\/\/tropicalwingsbirds.shop\/#website"},"primaryImageOfPage":{"@id":"https:\/\/tropicalwingsbirds.shop\/shop\/buy-egg-incubators-with-automatic-egg-turning-turner-for-hatching-eggs-with-egg-candler-online\/#primaryimage"},"image":{"@id":"https:\/\/tropicalwingsbirds.shop\/shop\/buy-egg-incubators-with-automatic-egg-turning-turner-for-hatching-eggs-with-egg-candler-online\/#primaryimage"},"thumbnailUrl":"https:\/\/tropicalwingsbirds.shop\/wp-content\/uploads\/2023\/12\/Egg-Incubators-with-Automatic-Egg-Turning-Turner-for-Hatching-Eggs-with-Egg-Candler.jpg","datePublished":"2023-12-07T14:11:10+00:00","dateModified":"2026-04-17T22:04:02+00:00","description":"Buy egg incubators with automatic egg turning turner for hatching eggs with egg candler online \u2014 candled, fertile eggs from proven breeding pairs with...","breadcrumb":{"@id":"https:\/\/tropicalwingsbirds.shop\/shop\/buy-egg-incubators-with-automatic-egg-turning-turner-for-hatching-eggs-with-egg-candler-online\/#breadcrumb"},"inLanguage":"es","potentialAction":[{"@type":"ReadAction","target":["https:\/\/tropicalwingsbirds.shop\/shop\/buy-egg-incubators-with-automatic-egg-turning-turner-for-hatching-eggs-with-egg-candler-online\/"]}]},{"@type":"ImageObject","inLanguage":"es","@id":"https:\/\/tropicalwingsbirds.shop\/shop\/buy-egg-incubators-with-automatic-egg-turning-turner-for-hatching-eggs-with-egg-candler-online\/#primaryimage","url":"https:\/\/tropicalwingsbirds.shop\/wp-content\/uploads\/2023\/12\/Egg-Incubators-with-Automatic-Egg-Turning-Turner-for-Hatching-Eggs-with-Egg-Candler.jpg","contentUrl":"https:\/\/tropicalwingsbirds.shop\/wp-content\/uploads\/2023\/12\/Egg-Incubators-with-Automatic-Egg-Turning-Turner-for-Hatching-Eggs-with-Egg-Candler.jpg","width":600,"height":600},{"@type":"BreadcrumbList","@id":"https:\/\/tropicalwingsbirds.shop\/shop\/buy-egg-incubators-with-automatic-egg-turning-turner-for-hatching-eggs-with-egg-candler-online\/#breadcrumb","itemListElement":[{"@type":"ListItem","position":1,"name":"Home","item":"https:\/\/tropicalwingsbirds.shop\/"},{"@type":"ListItem","position":2,"name":"Shop","item":"https:\/\/tropicalwingsbirds.shop\/shop\/"},{"@type":"ListItem","position":3,"name":"Buy Egg Incubators with Automatic Egg Turning Turner for Hatching Eggs with Egg Candler Online"}]},{"@type":"WebSite","@id":"https:\/\/tropicalwingsbirds.shop\/#website","url":"https:\/\/tropicalwingsbirds.shop\/","name":"Aves de alas tropicales","description":"Los mejores criadores de aves ex\u00f3ticas online","publisher":{"@id":"https:\/\/tropicalwingsbirds.shop\/#organization"},"potentialAction":[{"@type":"SearchAction","target":{"@type":"EntryPoint","urlTemplate":"https:\/\/tropicalwingsbirds.shop\/?s={search_term_string}"},"query-input":{"@type":"PropertyValueSpecification","valueRequired":true,"valueName":"search_term_string"}}],"inLanguage":"es"},{"@type":["Organization","Place","PetStore"],"@id":"https:\/\/tropicalwingsbirds.shop\/#organization","name":"Tropical Wings Birds Shop","alternateName":"TPWB","url":"https:\/\/tropicalwingsbirds.shop\/","logo":{"@id":"https:\/\/tropicalwingsbirds.shop\/shop\/buy-egg-incubators-with-automatic-egg-turning-turner-for-hatching-eggs-with-egg-candler-online\/#local-main-organization-logo"},"image":{"@id":"https:\/\/tropicalwingsbirds.shop\/shop\/buy-egg-incubators-with-automatic-egg-turning-turner-for-hatching-eggs-with-egg-candler-online\/#local-main-organization-logo"},"sameAs":["https:\/\/web.facebook.com\/profile.php?id=61551502767851&mibextid=2JQ9oc&_rdc=1&_rdr"],"description":"Tropical Wings Birds es su destino ideal para disfrutar de la compa\u00f1\u00eda de aves ex\u00f3ticas. Nuestro aviario boutique en Estados Unidos ofrece una cuidada selecci\u00f3n de vibrantes aves tropicales provenientes de criadores de renombre mundial. Con un enfoque en el bienestar y la experiencia, nuestro dedicado equipo est\u00e1 aqu\u00ed para guiarle en su b\u00fasqueda del compa\u00f1ero emplumado perfecto. Vis\u00edtenos hoy mismo y experimente la magia de la compa\u00f1\u00eda aviar en Tropical Wings Birds.","legalName":"Tropical Wings Birds","foundingDate":"2019-02-14","numberOfEmployees":{"@type":"QuantitativeValue","minValue":"1","maxValue":"10"},"address":{"@id":"https:\/\/tropicalwingsbirds.shop\/shop\/buy-egg-incubators-with-automatic-egg-turning-turner-for-hatching-eggs-with-egg-candler-online\/#local-main-place-address"},"geo":{"@type":"GeoCoordinates","latitude":"40.5976725","longitude":"-122.3716346"},"telephone":["+1 707-733-4623","+1 707-733-4623"],"contactPoint":{"@type":"ContactPoint","telephone":"+1 707-733-4623","email":"sales@tropicalwingsbirds.shop"},"openingHoursSpecification":{"@type":"OpeningHoursSpecification","dayOfWeek":["Monday","Tuesday","Wednesday","Thursday","Friday","Saturday","Sunday"],"opens":"00:00","closes":"23:59"},"email":"sales@tropicalwingsbirds.shop","faxNumber":"+1 707-733-4623","areaServed":"United states, Porto Rico, Canada, Australia","priceRange":"$","currenciesAccepted":"USD, CAD, AUD,","paymentAccepted":"Zelle, Paypal, Bitcoin, Apple pay, Credit cards, Bank transfers"},{"@type":"PostalAddress","@id":"https:\/\/tropicalwingsbirds.shop\/shop\/buy-egg-incubators-with-automatic-egg-turning-turner-for-hatching-eggs-with-egg-candler-online\/#local-main-place-address","streetAddress":"500 Hilltop Dr,","addressLocality":"Redding","postalCode":"96003","addressRegion":"California","addressCountry":"US"},{"@type":"ImageObject","inLanguage":"es","@id":"https:\/\/tropicalwingsbirds.shop\/shop\/buy-egg-incubators-with-automatic-egg-turning-turner-for-hatching-eggs-with-egg-candler-online\/#local-main-organization-logo","url":"https:\/\/tropicalwingsbirds.shop\/wp-content\/uploads\/2024\/01\/tropical-wings-1.webp","contentUrl":"https:\/\/tropicalwingsbirds.shop\/wp-content\/uploads\/2024\/01\/tropical-wings-1.webp","width":500,"height":500,"caption":"Tropical Wings Birds Shop"}]},"product_price_currency":"USD","og_availability":"instock","product_availability":"instock","product_condition":"new","geo.placename":"Redding","geo.position":{"lat":"40.5976725","long":"-122.3716346"},"geo.region":"Estados Unidos (EEUU)"},"jetpack_sharing_enabled":true,"_links":{"self":[{"href":"https:\/\/tropicalwingsbirds.shop\/es\/wp-json\/wp\/v2\/product\/1427","targetHints":{"allow":["GET"]}}],"collection":[{"href":"https:\/\/tropicalwingsbirds.shop\/es\/wp-json\/wp\/v2\/product"}],"about":[{"href":"https:\/\/tropicalwingsbirds.shop\/es\/wp-json\/wp\/v2\/types\/product"}],"replies":[{"embeddable":true,"href":"https:\/\/tropicalwingsbirds.shop\/es\/wp-json\/wp\/v2\/comments?post=1427"}],"wp:featuredmedia":[{"embeddable":true,"href":"https:\/\/tropicalwingsbirds.shop\/es\/wp-json\/wp\/v2\/media\/1461"}],"wp:attachment":[{"href":"https:\/\/tropicalwingsbirds.shop\/es\/wp-json\/wp\/v2\/media?parent=1427"}],"wp:term":[{"taxonomy":"product_brand","embeddable":true,"href":"https:\/\/tropicalwingsbirds.shop\/es\/wp-json\/wp\/v2\/product_brand?post=1427"},{"taxonomy":"product_cat","embeddable":true,"href":"https:\/\/tropicalwingsbirds.shop\/es\/wp-json\/wp\/v2\/product_cat?post=1427"},{"taxonomy":"product_tag","embeddable":true,"href":"https:\/\/tropicalwingsbirds.shop\/es\/wp-json\/wp\/v2\/product_tag?post=1427"}],"curies":[{"name":"wp","href":"https:\/\/api.w.org\/{rel}","templated":true}]}}