{"id":2622,"date":"2023-12-07T16:36:19","date_gmt":"2023-12-07T16:36:19","guid":{"rendered":"https:\/\/tropicalwingsbirds.shop\/?post_type=product&#038;p=2622"},"modified":"2024-02-02T23:06:15","modified_gmt":"2024-02-02T23:06:15","slug":"red-factor-african-grey-en-venta","status":"publish","type":"product","link":"https:\/\/tropicalwingsbirds.shop\/es\/comercio\/red-factor-african-grey-en-venta\/","title":{"rendered":"FACTOR ROJO GRIS AFRICANO EN VENTA"},"content":{"rendered":"<h1>Red Factor African Grey en venta<\/h1>\n<p>Venta de Lobos Grises Africanos Red Factor. \u00a1Convi\u00e9rtete en un orgulloso due\u00f1o de los hermosos Lobos Grises Africanos Red Factor! Estar\u00e1n disponibles como mascotas para personas de todo el mundo. \u00a1Son realmente hermosos y deseables! Los Lobos Grises Africanos Red Factor siempre conservar\u00e1n su alta inteligencia y su excepcional capacidad de comunicaci\u00f3n, al igual que sus primos los Lobos Grises salvajes.<\/p>\n<p>Llevamos cuatro a\u00f1os criando estas aves. Esta t\u00e9cnica de cr\u00eda requiere un trabajo arduo y dedicado para encontrar las aves adecuadas y presentarlas. A veces, este proceso puede llevar a\u00f1os, ya que los loros grises africanos no maduran ni se reproducen hasta los 5 o 6 a\u00f1os. Hemos invertido bastante dinero, trabajo duro y mucho tiempo en la b\u00fasqueda de las aves ideales para aparearlas y que sean portadoras del gen del factor rojo.<\/p>\n<p>Y, sobre todo, mucha paciencia para hacerlo bien. Ahora hemos hecho posible traerles el &quot;Gris Africano Factor Rojo del Mundo&quot;. Tambi\u00e9n vendemos parejas reproductoras de Factor Rojo y nos especializamos en Grises Africanos Congo y Timneh con un alto contenido en Gen Factor Rojo. Estos ex\u00f3ticos no son baratos, ya que el estudio y la obtenci\u00f3n de estas aves raras y ex\u00f3ticas requieren mucho tiempo.<\/p>\n<p>El gris africano de factor rojo siempre conservar\u00e1 su alto nivel de inteligencia y su capacidad excepcional para hablar al igual que sus primos grises de color salvaje naturales.<\/p>\n<p>&nbsp;<\/p>\n<h2>Cuidado y alimentaci\u00f3n de Red Factor African Grey en venta<\/h2>\n<p>En la naturaleza, los loros grises africanos se alimentan de semillas, nueces, frutas y vegetaci\u00f3n frondosa. Estas aves trepan alrededor de los \u00e1rboles, en lugar de volar, recogiendo comida y sosteni\u00e9ndola con una pata mientras comen. Disfrutan de la pulpa exterior de la palma aceitera y se les ha observado comiendo caracoles. En \u00c1frica Occidental, con su afici\u00f3n por los cereales, se dice que se han convertido en plagas bastante agresivas que atacan los campos de ma\u00edz.<\/p>\n<p>El alimento para su ave mascota incluye una mezcla preparada de semillas para p\u00e1jaros de pico ganchudo grande, enriquecida con vitaminas. Sus necesidades diet\u00e9ticas incluyen fuentes de calcio y vitamina A. Consumen una variedad de brotes, semillas, frutos secos, frutas, verduras, pellets comerciales, as\u00ed como los mismos alimentos nutritivos que los humanos. Un hueso de jibia o un bloque de calcio son una buena fuente de calcio.<\/p>\n<p>Los loros grises africanos no deben consumir una dieta alta en grasas y prote\u00ednas. Se recomienda una dieta baja en grasas, ya que estudios recientes indican que los loros grises presentan enfermedades card\u00edacas y arteriosclerosis al final de la adolescencia y a los veinte a\u00f1os.<\/p>\n<p>*Entre las verduras frescas que puedes ofrecer se incluyen hojas de mostaza, guisantes, pepinos, hojas tiernas de diente de le\u00f3n, ma\u00edz dulce, hojas de remolacha, zanahorias, br\u00f3coli, lechuga sin rociar, pamplina, dientes de le\u00f3n, berenjenas, pimientos verdes, acedera, hojas de espinaca, tomates y calabacines.<\/p>\n<p>*Las frutas que puedes ofrecer incluyen manzanas, duraznos, albaricoques, pl\u00e1tanos, peras, ciruelas, pasas y la mayor\u00eda de las otras frutas.<\/p>\n<p>*El aguacate y el chocolate se consideran t\u00f3xicos para las aves y se debe evitar el az\u00facar y la sal.<br \/>\nLa mayor\u00eda de los loros disfrutan de una ducha o ba\u00f1o ocasional. La ducha se puede lograr con un rociador de mano o una manguera con un rociador fino y agua tibia. Se puede colocar una palangana o plato de cer\u00e1mica de 30 a 35 cm (12 a 14 pulgadas) en el fondo de la jaula o montarlo a aproximadamente 1 m (39 pulgadas) del suelo en un aviario.<\/p>\n<p>Las alas de los loros deben mantenerse recortadas para evitar que vuelen y se pierdan por una ventana o puerta abierta. Sin embargo, debe tener cuidado de recortar solo unas pocas plumas (3-5), ya que se trata de un ave de cuerpo pesado y puede lastimarse si se cae durante vuelos cortos. El pico y las garras deben recortarse si no est\u00e1n desgastados por trepar y morder.<\/p>","protected":false},"excerpt":{"rendered":"<h1>Red Factor African Grey en venta<\/h1>\n<p>Venta de Lobos Grises Africanos Red Factor. \u00a1Convi\u00e9rtete en un orgulloso due\u00f1o de los hermosos Lobos Grises Africanos Red Factor! Estar\u00e1n disponibles como mascotas para personas de todo el mundo. \u00a1Son realmente hermosos y deseables! Los Lobos Grises Africanos Red Factor siempre conservar\u00e1n su alta inteligencia y su excepcional capacidad de comunicaci\u00f3n, al igual que sus primos los Lobos Grises salvajes.<\/p>\n<p>&nbsp;<\/p>","protected":false},"featured_media":2665,"comment_status":"closed","ping_status":"closed","template":"","meta":{"site-sidebar-layout":"default","site-content-layout":"","ast-site-content-layout":"default","site-content-style":"default","site-sidebar-style":"default","ast-global-header-display":"","ast-banner-title-visibility":"","ast-main-header-display":"","ast-hfb-above-header-display":"","ast-hfb-below-header-display":"","ast-hfb-mobile-header-display":"","site-post-title":"","ast-breadcrumbs-content":"","ast-featured-img":"","footer-sml-layout":"","theme-transparent-header-meta":"default","adv-header-id-meta":"","stick-header-meta":"default","header-above-stick-meta":"","header-main-stick-meta":"","header-below-stick-meta":"","astra-migrate-meta-layouts":"set","ast-page-background-enabled":"default","ast-page-background-meta":{"desktop":{"background-color":"var(--ast-global-color-4)","background-image":"","background-repeat":"repeat","background-position":"center center","background-size":"auto","background-attachment":"scroll","background-type":"","background-media":"","overlay-type":"","overlay-color":"","overlay-opacity":"","overlay-gradient":""},"tablet":{"background-color":"","background-image":"","background-repeat":"repeat","background-position":"center center","background-size":"auto","background-attachment":"scroll","background-type":"","background-media":"","overlay-type":"","overlay-color":"","overlay-opacity":"","overlay-gradient":""},"mobile":{"background-color":"","background-image":"","background-repeat":"repeat","background-position":"center center","background-size":"auto","background-attachment":"scroll","background-type":"","background-media":"","overlay-type":"","overlay-color":"","overlay-opacity":"","overlay-gradient":""}},"ast-content-background-meta":{"desktop":{"background-color":"var(--ast-global-color-5)","background-image":"","background-repeat":"repeat","background-position":"center center","background-size":"auto","background-attachment":"scroll","background-type":"","background-media":"","overlay-type":"","overlay-color":"","overlay-opacity":"","overlay-gradient":""},"tablet":{"background-color":"var(--ast-global-color-5)","background-image":"","background-repeat":"repeat","background-position":"center center","background-size":"auto","background-attachment":"scroll","background-type":"","background-media":"","overlay-type":"","overlay-color":"","overlay-opacity":"","overlay-gradient":""},"mobile":{"background-color":"var(--ast-global-color-5)","background-image":"","background-repeat":"repeat","background-position":"center center","background-size":"auto","background-attachment":"scroll","background-type":"","background-media":"","overlay-type":"","overlay-color":"","overlay-opacity":"","overlay-gradient":""}}},"product_brand":[],"product_cat":[15],"product_tag":[2176,2177,2178,2179,2180,2181,381,384,386,2182,392,2183,2184,2185,2186,2187,2188,2189,2190,2191,2192,2193,2194,2195,2196,2197,2198,2199,2212,2213,2214,2215,2216,2217,2200,2201,2202],"class_list":{"0":"post-2622","1":"product","2":"type-product","3":"status-publish","4":"has-post-thumbnail","6":"product_cat-uncategorized","7":"product_tag-african-gray-parrot-for-sale","8":"product_tag-african-grey-breeders","9":"product_tag-african-grey-congo-parrots-for-sale","10":"product_tag-african-grey-for-sale","11":"product_tag-african-grey-for-sale-nc","12":"product_tag-african-grey-parrot-baby","13":"product_tag-african-grey-parrot-care","14":"product_tag-african-grey-parrot-for-sale","15":"product_tag-african-grey-parrot-for-sale-near-me","16":"product_tag-african-grey-parrot-for-sale-ny","17":"product_tag-african-grey-parrot-intelligence","18":"product_tag-african-grey-parrot-pet-for-sale","19":"product_tag-african-grey-parrot-price","20":"product_tag-african-grey-red-tail-for-sale","21":"product_tag-african-grey-red-tail-parrot-for-sale","22":"product_tag-african-parrot-for-sale","23":"product_tag-african-red-tail-parrot-for-sale","24":"product_tag-baby-congo-african-grey-parrots-for-sale","25":"product_tag-buy-african-grey-parrots-online","26":"product_tag-cheap-african-grey-parrot-for-sale","27":"product_tag-congo-african-grey-birds-for-sale","28":"product_tag-congo-african-grey-parrot-for-sale","29":"product_tag-grey-parrot-for-sale","30":"product_tag-harrisons-bird-food","31":"product_tag-how-much-is-an-african-grey","32":"product_tag-male-congo-african-grey-parrot-for-sale","33":"product_tag-parrots-for-sale","34":"product_tag-parrots-for-sale-near-me","35":"product_tag-rare-red-factor-african-grey","36":"product_tag-red-african-grey-for-sale-south-africa","37":"product_tag-red-factor-african-grey","38":"product_tag-red-factor-african-grey-babies-for-sale","39":"product_tag-red-factor-african-grey-for-sale","40":"product_tag-red-factor-grey-parrot","41":"product_tag-red-tailed-african-grey-parrots-for-sale","42":"product_tag-talking-parrots-for-sale-near-me","43":"product_tag-timneh-african-grey-for-sale","44":"desktop-align-left","45":"tablet-align-left","46":"mobile-align-left","47":"ast-product-gallery-layout-horizontal-slider","48":"ast-product-tabs-layout-horizontal","49":"ast-qv-on-image","51":"first","52":"instock","53":"shipping-taxable","54":"product-type-simple"},"yoast_head":"<!-- This site is optimized with the Yoast SEO Premium plugin v23.2 (Yoast SEO v26.8) - https:\/\/yoast.com\/product\/yoast-seo-premium-wordpress\/ -->\n<title>RED FACTOR AFRICAN GREY FOR SALE - Tropical Wings Birds<\/title>\n<meta name=\"robots\" content=\"index, follow, max-snippet:-1, max-image-preview:large, max-video-preview:-1\" \/>\n<link rel=\"canonical\" href=\"https:\/\/tropicalwingsbirds.shop\/es\/comercio\/red-factor-african-grey-en-venta\/\" \/>\n<meta property=\"og:locale\" content=\"es_ES\" \/>\n<meta property=\"og:type\" content=\"article\" \/>\n<meta property=\"og:title\" content=\"RED FACTOR AFRICAN GREY FOR SALE\" \/>\n<meta property=\"og:description\" content=\"Red Factor African Grey For Sale Red Factor African Grey For Sale, we have made it possible for you to be a Proud Owner of the Beautiful Red Factor African Grey\u2019s! They will be available as pets to people all over the world. They\u2019re certainly beautiful and desirable! The Red Factor African Grey will retain always retain their high level of intelligence and exceptional ability to talk just like their natural wild-colored Grey cousins.  &nbsp;\" \/>\n<meta property=\"og:url\" content=\"https:\/\/tropicalwingsbirds.shop\/es\/comercio\/red-factor-african-grey-en-venta\/\" \/>\n<meta property=\"og:site_name\" content=\"Tropical Wings Birds\" \/>\n<meta property=\"article:publisher\" content=\"https:\/\/web.facebook.com\/profile.php?id=61551502767851&amp;mibextid=2JQ9oc&amp;_rdc=1&amp;_rdr\" \/>\n<meta property=\"article:modified_time\" content=\"2024-02-02T23:06:15+00:00\" \/>\n<meta property=\"og:image\" content=\"https:\/\/tropicalwingsbirds.shop\/wp-content\/uploads\/2023\/12\/Red-Factor-African-Grey-For-Sale3-1.jpg\" \/>\n\t<meta property=\"og:image:width\" content=\"351\" \/>\n\t<meta property=\"og:image:height\" content=\"307\" \/>\n\t<meta property=\"og:image:type\" content=\"image\/jpeg\" \/>\n<meta name=\"twitter:card\" content=\"summary_large_image\" \/>\n<meta name=\"twitter:label1\" content=\"Precio\" \/>\n\t<meta name=\"twitter:data1\" content=\"\" \/>\n\t<meta name=\"twitter:label2\" content=\"Disponibilidad\" \/>\n\t<meta name=\"twitter:data2\" content=\"Disponible\" \/>\n<script type=\"application\/ld+json\" class=\"yoast-schema-graph\">{\"@context\":\"https:\/\/schema.org\",\"@graph\":[{\"@type\":\"WebPage\",\"@id\":\"https:\/\/tropicalwingsbirds.shop\/shop\/red-factor-african-grey-for-sale\/\",\"url\":\"https:\/\/tropicalwingsbirds.shop\/shop\/red-factor-african-grey-for-sale\/\",\"name\":\"RED FACTOR AFRICAN GREY FOR SALE - Tropical Wings Birds\",\"isPartOf\":{\"@id\":\"https:\/\/tropicalwingsbirds.shop\/#website\"},\"primaryImageOfPage\":{\"@id\":\"https:\/\/tropicalwingsbirds.shop\/shop\/red-factor-african-grey-for-sale\/#primaryimage\"},\"image\":{\"@id\":\"https:\/\/tropicalwingsbirds.shop\/shop\/red-factor-african-grey-for-sale\/#primaryimage\"},\"thumbnailUrl\":\"https:\/\/tropicalwingsbirds.shop\/wp-content\/uploads\/2023\/12\/Red-Factor-African-Grey-For-Sale3-1.jpg\",\"datePublished\":\"2023-12-07T16:36:19+00:00\",\"dateModified\":\"2024-02-02T23:06:15+00:00\",\"breadcrumb\":{\"@id\":\"https:\/\/tropicalwingsbirds.shop\/shop\/red-factor-african-grey-for-sale\/#breadcrumb\"},\"inLanguage\":\"es\",\"potentialAction\":[{\"@type\":\"ReadAction\",\"target\":[\"https:\/\/tropicalwingsbirds.shop\/shop\/red-factor-african-grey-for-sale\/\"]}]},{\"@type\":\"ImageObject\",\"inLanguage\":\"es\",\"@id\":\"https:\/\/tropicalwingsbirds.shop\/shop\/red-factor-african-grey-for-sale\/#primaryimage\",\"url\":\"https:\/\/tropicalwingsbirds.shop\/wp-content\/uploads\/2023\/12\/Red-Factor-African-Grey-For-Sale3-1.jpg\",\"contentUrl\":\"https:\/\/tropicalwingsbirds.shop\/wp-content\/uploads\/2023\/12\/Red-Factor-African-Grey-For-Sale3-1.jpg\",\"width\":351,\"height\":307},{\"@type\":\"BreadcrumbList\",\"@id\":\"https:\/\/tropicalwingsbirds.shop\/shop\/red-factor-african-grey-for-sale\/#breadcrumb\",\"itemListElement\":[{\"@type\":\"ListItem\",\"position\":1,\"name\":\"Home\",\"item\":\"https:\/\/tropicalwingsbirds.shop\/\"},{\"@type\":\"ListItem\",\"position\":2,\"name\":\"Shop\",\"item\":\"https:\/\/tropicalwingsbirds.shop\/shop\/\"},{\"@type\":\"ListItem\",\"position\":3,\"name\":\"RED FACTOR AFRICAN GREY FOR SALE\"}]},{\"@type\":\"WebSite\",\"@id\":\"https:\/\/tropicalwingsbirds.shop\/#website\",\"url\":\"https:\/\/tropicalwingsbirds.shop\/\",\"name\":\"Tropical Wings Birds\",\"description\":\"Best Exotic birds breeders online\",\"publisher\":{\"@id\":\"https:\/\/tropicalwingsbirds.shop\/#organization\"},\"potentialAction\":[{\"@type\":\"SearchAction\",\"target\":{\"@type\":\"EntryPoint\",\"urlTemplate\":\"https:\/\/tropicalwingsbirds.shop\/?s={search_term_string}\"},\"query-input\":{\"@type\":\"PropertyValueSpecification\",\"valueRequired\":true,\"valueName\":\"search_term_string\"}}],\"inLanguage\":\"es\"},{\"@type\":[\"Organization\",\"Place\",\"PetStore\"],\"@id\":\"https:\/\/tropicalwingsbirds.shop\/#organization\",\"name\":\"Tropical Wings Birds Shop\",\"alternateName\":\"TPWB\",\"url\":\"https:\/\/tropicalwingsbirds.shop\/\",\"logo\":{\"@id\":\"https:\/\/tropicalwingsbirds.shop\/shop\/red-factor-african-grey-for-sale\/#local-main-organization-logo\"},\"image\":{\"@id\":\"https:\/\/tropicalwingsbirds.shop\/shop\/red-factor-african-grey-for-sale\/#local-main-organization-logo\"},\"sameAs\":[\"https:\/\/web.facebook.com\/profile.php?id=61551502767851&mibextid=2JQ9oc&_rdc=1&_rdr\"],\"description\":\"Tropical Wings Birds is your destination for exotic avian companionship. Our boutique aviary in United States offers a curated selection of vibrant tropical birds sourced from reputable breeders worldwide. With a focus on welfare and expertise, our dedicated team is here to guide you on your journey to finding the perfect feathered friend. Visit us today and experience the magic of avian companionship at Tropical Wings Birds.\",\"legalName\":\"Tropical Wings Birds\",\"foundingDate\":\"2019-02-14\",\"numberOfEmployees\":{\"@type\":\"QuantitativeValue\",\"minValue\":\"1\",\"maxValue\":\"10\"},\"address\":{\"@id\":\"https:\/\/tropicalwingsbirds.shop\/shop\/red-factor-african-grey-for-sale\/#local-main-place-address\"},\"geo\":{\"@type\":\"GeoCoordinates\",\"latitude\":\"40.5976725\",\"longitude\":\"-122.3716346\"},\"telephone\":[\"+1 707-733-4623\",\"+1 707-733-4623\"],\"contactPoint\":{\"@type\":\"ContactPoint\",\"telephone\":\"+1 707-733-4623\",\"email\":\"sales@tropicalwingsbirds.shop\"},\"openingHoursSpecification\":{\"@type\":\"OpeningHoursSpecification\",\"dayOfWeek\":[\"Monday\",\"Tuesday\",\"Wednesday\",\"Thursday\",\"Friday\",\"Saturday\",\"Sunday\"],\"opens\":\"00:00\",\"closes\":\"23:59\"},\"email\":\"sales@tropicalwingsbirds.shop\",\"faxNumber\":\"+1 707-733-4623\",\"areaServed\":\"United states, Porto Rico, Canada, Australia\",\"priceRange\":\"$\",\"currenciesAccepted\":\"USD, CAD, AUD,\",\"paymentAccepted\":\"Zelle, Paypal, Bitcoin, Apple pay, Credit cards, Bank transfers\"},{\"@type\":\"PostalAddress\",\"@id\":\"https:\/\/tropicalwingsbirds.shop\/shop\/red-factor-african-grey-for-sale\/#local-main-place-address\",\"streetAddress\":\"500 Hilltop Dr,\",\"addressLocality\":\"Redding\",\"postalCode\":\"96003\",\"addressRegion\":\"California\",\"addressCountry\":\"US\"},{\"@type\":\"ImageObject\",\"inLanguage\":\"es\",\"@id\":\"https:\/\/tropicalwingsbirds.shop\/shop\/red-factor-african-grey-for-sale\/#local-main-organization-logo\",\"url\":\"https:\/\/tropicalwingsbirds.shop\/wp-content\/uploads\/2024\/01\/tropical-wings-1.webp\",\"contentUrl\":\"https:\/\/tropicalwingsbirds.shop\/wp-content\/uploads\/2024\/01\/tropical-wings-1.webp\",\"width\":500,\"height\":500,\"caption\":\"Tropical Wings Birds Shop\"}]}<\/script>\n<meta property=\"product:price:currency\" content=\"USD\" \/>\n<meta property=\"og:availability\" content=\"instock\" \/>\n<meta property=\"product:availability\" content=\"instock\" \/>\n<meta property=\"product:condition\" content=\"new\" \/>\n<meta name=\"geo.placename\" content=\"Redding\" \/>\n<meta name=\"geo.position\" content=\"40.5976725;-122.3716346\" \/>\n<meta name=\"geo.region\" content=\"Estados Unidos (EEUU)\" \/>\n<!-- \/ Yoast SEO Premium plugin. -->","yoast_head_json":{"title":"GATO GRIS AFRICANO FACTOR ROJO EN VENTA - Tropical Wings Birds","robots":{"index":"index","follow":"follow","max-snippet":"max-snippet:-1","max-image-preview":"max-image-preview:large","max-video-preview":"max-video-preview:-1"},"canonical":"https:\/\/tropicalwingsbirds.shop\/es\/comercio\/red-factor-african-grey-en-venta\/","og_locale":"es_ES","og_type":"article","og_title":"RED FACTOR AFRICAN GREY FOR SALE","og_description":"Red Factor African Grey For Sale Red Factor African Grey For Sale, we have made it possible for you to be a Proud Owner of the Beautiful Red Factor African Grey\u2019s! They will be available as pets to people all over the world. They\u2019re certainly beautiful and desirable! The Red Factor African Grey will retain always retain their high level of intelligence and exceptional ability to talk just like their natural wild-colored Grey cousins.  &nbsp;","og_url":"https:\/\/tropicalwingsbirds.shop\/es\/comercio\/red-factor-african-grey-en-venta\/","og_site_name":"Tropical Wings Birds","article_publisher":"https:\/\/web.facebook.com\/profile.php?id=61551502767851&mibextid=2JQ9oc&_rdc=1&_rdr","article_modified_time":"2024-02-02T23:06:15+00:00","og_image":[{"width":351,"height":307,"url":"https:\/\/tropicalwingsbirds.shop\/wp-content\/uploads\/2023\/12\/Red-Factor-African-Grey-For-Sale3-1.jpg","type":"image\/jpeg"}],"twitter_card":"summary_large_image","twitter_misc":{"Precio":"","Disponibilidad":"Disponible"},"schema":{"@context":"https:\/\/schema.org","@graph":[{"@type":"WebPage","@id":"https:\/\/tropicalwingsbirds.shop\/shop\/red-factor-african-grey-for-sale\/","url":"https:\/\/tropicalwingsbirds.shop\/shop\/red-factor-african-grey-for-sale\/","name":"GATO GRIS AFRICANO FACTOR ROJO EN VENTA - Tropical Wings Birds","isPartOf":{"@id":"https:\/\/tropicalwingsbirds.shop\/#website"},"primaryImageOfPage":{"@id":"https:\/\/tropicalwingsbirds.shop\/shop\/red-factor-african-grey-for-sale\/#primaryimage"},"image":{"@id":"https:\/\/tropicalwingsbirds.shop\/shop\/red-factor-african-grey-for-sale\/#primaryimage"},"thumbnailUrl":"https:\/\/tropicalwingsbirds.shop\/wp-content\/uploads\/2023\/12\/Red-Factor-African-Grey-For-Sale3-1.jpg","datePublished":"2023-12-07T16:36:19+00:00","dateModified":"2024-02-02T23:06:15+00:00","breadcrumb":{"@id":"https:\/\/tropicalwingsbirds.shop\/shop\/red-factor-african-grey-for-sale\/#breadcrumb"},"inLanguage":"es","potentialAction":[{"@type":"ReadAction","target":["https:\/\/tropicalwingsbirds.shop\/shop\/red-factor-african-grey-for-sale\/"]}]},{"@type":"ImageObject","inLanguage":"es","@id":"https:\/\/tropicalwingsbirds.shop\/shop\/red-factor-african-grey-for-sale\/#primaryimage","url":"https:\/\/tropicalwingsbirds.shop\/wp-content\/uploads\/2023\/12\/Red-Factor-African-Grey-For-Sale3-1.jpg","contentUrl":"https:\/\/tropicalwingsbirds.shop\/wp-content\/uploads\/2023\/12\/Red-Factor-African-Grey-For-Sale3-1.jpg","width":351,"height":307},{"@type":"BreadcrumbList","@id":"https:\/\/tropicalwingsbirds.shop\/shop\/red-factor-african-grey-for-sale\/#breadcrumb","itemListElement":[{"@type":"ListItem","position":1,"name":"Home","item":"https:\/\/tropicalwingsbirds.shop\/"},{"@type":"ListItem","position":2,"name":"Shop","item":"https:\/\/tropicalwingsbirds.shop\/shop\/"},{"@type":"ListItem","position":3,"name":"RED FACTOR AFRICAN GREY FOR SALE"}]},{"@type":"WebSite","@id":"https:\/\/tropicalwingsbirds.shop\/#website","url":"https:\/\/tropicalwingsbirds.shop\/","name":"Aves de alas tropicales","description":"Los mejores criadores de aves ex\u00f3ticas online","publisher":{"@id":"https:\/\/tropicalwingsbirds.shop\/#organization"},"potentialAction":[{"@type":"SearchAction","target":{"@type":"EntryPoint","urlTemplate":"https:\/\/tropicalwingsbirds.shop\/?s={search_term_string}"},"query-input":{"@type":"PropertyValueSpecification","valueRequired":true,"valueName":"search_term_string"}}],"inLanguage":"es"},{"@type":["Organization","Place","PetStore"],"@id":"https:\/\/tropicalwingsbirds.shop\/#organization","name":"Tropical Wings Birds Shop","alternateName":"TPWB","url":"https:\/\/tropicalwingsbirds.shop\/","logo":{"@id":"https:\/\/tropicalwingsbirds.shop\/shop\/red-factor-african-grey-for-sale\/#local-main-organization-logo"},"image":{"@id":"https:\/\/tropicalwingsbirds.shop\/shop\/red-factor-african-grey-for-sale\/#local-main-organization-logo"},"sameAs":["https:\/\/web.facebook.com\/profile.php?id=61551502767851&mibextid=2JQ9oc&_rdc=1&_rdr"],"description":"Tropical Wings Birds es su destino ideal para disfrutar de la compa\u00f1\u00eda de aves ex\u00f3ticas. Nuestro aviario boutique en Estados Unidos ofrece una cuidada selecci\u00f3n de vibrantes aves tropicales provenientes de criadores de renombre mundial. Con un enfoque en el bienestar y la experiencia, nuestro dedicado equipo est\u00e1 aqu\u00ed para guiarle en su b\u00fasqueda del compa\u00f1ero emplumado perfecto. Vis\u00edtenos hoy mismo y experimente la magia de la compa\u00f1\u00eda aviar en Tropical Wings Birds.","legalName":"Tropical Wings Birds","foundingDate":"2019-02-14","numberOfEmployees":{"@type":"QuantitativeValue","minValue":"1","maxValue":"10"},"address":{"@id":"https:\/\/tropicalwingsbirds.shop\/shop\/red-factor-african-grey-for-sale\/#local-main-place-address"},"geo":{"@type":"GeoCoordinates","latitude":"40.5976725","longitude":"-122.3716346"},"telephone":["+1 707-733-4623","+1 707-733-4623"],"contactPoint":{"@type":"ContactPoint","telephone":"+1 707-733-4623","email":"sales@tropicalwingsbirds.shop"},"openingHoursSpecification":{"@type":"OpeningHoursSpecification","dayOfWeek":["Monday","Tuesday","Wednesday","Thursday","Friday","Saturday","Sunday"],"opens":"00:00","closes":"23:59"},"email":"sales@tropicalwingsbirds.shop","faxNumber":"+1 707-733-4623","areaServed":"United states, Porto Rico, Canada, Australia","priceRange":"$","currenciesAccepted":"USD, CAD, AUD,","paymentAccepted":"Zelle, Paypal, Bitcoin, Apple pay, Credit cards, Bank transfers"},{"@type":"PostalAddress","@id":"https:\/\/tropicalwingsbirds.shop\/shop\/red-factor-african-grey-for-sale\/#local-main-place-address","streetAddress":"500 Hilltop Dr,","addressLocality":"Redding","postalCode":"96003","addressRegion":"California","addressCountry":"US"},{"@type":"ImageObject","inLanguage":"es","@id":"https:\/\/tropicalwingsbirds.shop\/shop\/red-factor-african-grey-for-sale\/#local-main-organization-logo","url":"https:\/\/tropicalwingsbirds.shop\/wp-content\/uploads\/2024\/01\/tropical-wings-1.webp","contentUrl":"https:\/\/tropicalwingsbirds.shop\/wp-content\/uploads\/2024\/01\/tropical-wings-1.webp","width":500,"height":500,"caption":"Tropical Wings Birds Shop"}]},"product_price_currency":"USD","og_availability":"instock","product_availability":"instock","product_condition":"new","geo.placename":"Redding","geo.position":{"lat":"40.5976725","long":"-122.3716346"},"geo.region":"Estados Unidos (EEUU)"},"_links":{"self":[{"href":"https:\/\/tropicalwingsbirds.shop\/es\/wp-json\/wp\/v2\/product\/2622","targetHints":{"allow":["GET"]}}],"collection":[{"href":"https:\/\/tropicalwingsbirds.shop\/es\/wp-json\/wp\/v2\/product"}],"about":[{"href":"https:\/\/tropicalwingsbirds.shop\/es\/wp-json\/wp\/v2\/types\/product"}],"replies":[{"embeddable":true,"href":"https:\/\/tropicalwingsbirds.shop\/es\/wp-json\/wp\/v2\/comments?post=2622"}],"wp:featuredmedia":[{"embeddable":true,"href":"https:\/\/tropicalwingsbirds.shop\/es\/wp-json\/wp\/v2\/media\/2665"}],"wp:attachment":[{"href":"https:\/\/tropicalwingsbirds.shop\/es\/wp-json\/wp\/v2\/media?parent=2622"}],"wp:term":[{"taxonomy":"product_brand","embeddable":true,"href":"https:\/\/tropicalwingsbirds.shop\/es\/wp-json\/wp\/v2\/product_brand?post=2622"},{"taxonomy":"product_cat","embeddable":true,"href":"https:\/\/tropicalwingsbirds.shop\/es\/wp-json\/wp\/v2\/product_cat?post=2622"},{"taxonomy":"product_tag","embeddable":true,"href":"https:\/\/tropicalwingsbirds.shop\/es\/wp-json\/wp\/v2\/product_tag?post=2622"}],"curies":[{"name":"wp","href":"https:\/\/api.w.org\/{rel}","templated":true}]}}