{"id":2694,"date":"2023-12-07T16:42:20","date_gmt":"2023-12-07T16:42:20","guid":{"rendered":"https:\/\/tropicalwingsbirds.shop\/?post_type=product&#038;p=2694"},"modified":"2026-04-17T22:05:51","modified_gmt":"2026-04-17T22:05:51","slug":"comprar-huevos-fertiles-de-cacatua-palmera-negra-en-linea-3","status":"publish","type":"product","link":"https:\/\/tropicalwingsbirds.shop\/es\/comercio\/comprar-huevos-fertiles-de-cacatua-palmera-negra-en-linea-3\/","title":{"rendered":"Compra huevos f\u00e9rtiles de cacat\u00faa palmera negra online"},"content":{"rendered":"<h2><a href=\"https:\/\/www.cheapmacawsonline.com\/product\/buy-fertile-black-palm-cockatoo-eggs-online\/\">Compra huevos f\u00e9rtiles de cacat\u00faa palmera negra online<\/a><\/h2>\n<h4>Descripci\u00f3n;<\/h4>\n<p>Si le interesa adquirir huevos de loro a buen precio, cont\u00e1ctenos cuanto antes. Entregamos a todo el mundo en incubadoras de alta calidad. Si busca un nuevo p\u00e1jaro o quiere criarlo en su zona, est\u00e1 en el lugar indicado. Actualmente disponemos de huevos de loro disponibles todo el a\u00f1o: loros grises africanos, guacamayos, cacat\u00faas, periquitos, ecletus y amazonas.<\/p>\n<h3>Encarga con nosotros huevos para incubar.<\/h3>\n<p>Compre huevos f\u00e9rtiles de cacat\u00faa palmera negra en l\u00ednea de algunas especies de loros, guacamayos y cacat\u00faas.<\/p>\n<p>Ofrecemos una garant\u00eda 100% para todos los huevos enviados y un reembolso 100% por cualquier huevo agrietado o no eclosionado. Los huevos f\u00e9rtiles de aves se env\u00edan con paquetes t\u00e9rmicos para mantenerlos calientes durante el per\u00edodo de eclosi\u00f3n.<\/p>\n<p>Huevos f\u00e9rtiles de cacat\u00faa palmera negra, huevos f\u00e9rtiles de guacamayo azul y dorado, huevos f\u00e9rtiles de cacat\u00faa citrina, huevos f\u00e9rtiles de cotorras, huevos f\u00e9rtiles de loro ecl\u00e9ctico, huevos f\u00e9rtiles de loro senegal\u00e9s, huevos f\u00e9rtiles de cacat\u00faa gang gang, huevos f\u00e9rtiles de cacat\u00faa goffin, huevos f\u00e9rtiles de guacamayo ala verde, huevos f\u00e9rtiles de halc\u00f3n, huevos f\u00e9rtiles de agapornis em\u00fa, huevos f\u00e9rtiles de canarios, huevos f\u00e9rtiles de guacamayo arlequ\u00edn, huevos f\u00e9rtiles de guacamayo jacinto, huevos f\u00e9rtiles de cacat\u00faa Major Mitchell, huevos f\u00e9rtiles de loro gris africano del Congo, huevos f\u00e9rtiles de loro amaz\u00f3nico, huevos f\u00e9rtiles de cacat\u00faa pechirrosa, huevos f\u00e9rtiles de guacamayo escarlata, huevos f\u00e9rtiles de cacat\u00faa paraguas, huevos f\u00e9rtiles de cacat\u00faa galah, huevos f\u00e9rtiles de guacamayo escarlata, huevos f\u00e9rtiles de eclectus de las Islas Salom\u00f3n, huevos f\u00e9rtiles de periquitos, huevos f\u00e9rtiles de cacat\u00faas ninfa, huevos f\u00e9rtiles de loros de cabeza de halc\u00f3n, huevos f\u00e9rtiles de tuc\u00e1n toco, huevos f\u00e9rtiles de cacat\u00faa ninfa, huevos f\u00e9rtiles de avestruz huevos.<\/p>","protected":false},"excerpt":{"rendered":"<h3>Compre huevos f\u00e9rtiles de cacat\u00faa palmera negra en l\u00ednea;<\/h3>\n<h5>El env\u00edo y la entrega se realizan en un plazo de 3 a 14 d\u00edas laborables dependiendo de su ubicaci\u00f3n y su pa\u00eds.<\/h5>\n<p><strong>DURACI\u00d3N DE LA INCUBACI\u00d3N En condiciones naturales<\/strong>El factor m\u00e1s importante para el \u00e9xito de la incubaci\u00f3n de huevos de loro es el calor. Siempre que el huevo reciba suficiente calor y no se le permita perderlo demasiado durante mucho tiempo, todo ir\u00e1 bien. Esto es as\u00ed incluso si la temperatura del huevo fluct\u00faa dr\u00e1sticamente cuando la gallina no est\u00e1 en el nido.<\/p>\n<p><strong>DURACI\u00d3N DE LA INCUBACI\u00d3N;<\/strong> El per\u00edodo de incubaci\u00f3n de los huevos de la cacat\u00faa palmera negra var\u00eda seg\u00fan la raza, pero suele ser de entre 24 y 28 d\u00edas. Algunas razas de loros pueden eclosionar en tan solo 18 d\u00edas.<br \/>\nInvestiga tu raza espec\u00edfica para saber cu\u00e1nto tiempo necesitar\u00e1s incubar tu huevo. Este art\u00edculo asume un ciclo de eclosi\u00f3n de 24 d\u00edas, por lo que podr\u00edas tener que ajustarlo seg\u00fan tu raza.<\/p>","protected":false},"featured_media":2682,"comment_status":"closed","ping_status":"closed","template":"","meta":{"site-sidebar-layout":"default","site-content-layout":"","ast-site-content-layout":"default","site-content-style":"default","site-sidebar-style":"default","ast-global-header-display":"","ast-banner-title-visibility":"","ast-main-header-display":"","ast-hfb-above-header-display":"","ast-hfb-below-header-display":"","ast-hfb-mobile-header-display":"","site-post-title":"","ast-breadcrumbs-content":"","ast-featured-img":"","footer-sml-layout":"","ast-disable-related-posts":"","theme-transparent-header-meta":"default","adv-header-id-meta":"","stick-header-meta":"default","header-above-stick-meta":"","header-main-stick-meta":"","header-below-stick-meta":"","astra-migrate-meta-layouts":"set","ast-page-background-enabled":"default","ast-page-background-meta":{"desktop":{"background-color":"var(--ast-global-color-4)","background-image":"","background-repeat":"repeat","background-position":"center center","background-size":"auto","background-attachment":"scroll","background-type":"","background-media":"","overlay-type":"","overlay-color":"","overlay-opacity":"","overlay-gradient":""},"tablet":{"background-color":"","background-image":"","background-repeat":"repeat","background-position":"center center","background-size":"auto","background-attachment":"scroll","background-type":"","background-media":"","overlay-type":"","overlay-color":"","overlay-opacity":"","overlay-gradient":""},"mobile":{"background-color":"","background-image":"","background-repeat":"repeat","background-position":"center center","background-size":"auto","background-attachment":"scroll","background-type":"","background-media":"","overlay-type":"","overlay-color":"","overlay-opacity":"","overlay-gradient":""}},"ast-content-background-meta":{"desktop":{"background-color":"var(--ast-global-color-5)","background-image":"","background-repeat":"repeat","background-position":"center center","background-size":"auto","background-attachment":"scroll","background-type":"","background-media":"","overlay-type":"","overlay-color":"","overlay-opacity":"","overlay-gradient":""},"tablet":{"background-color":"var(--ast-global-color-5)","background-image":"","background-repeat":"repeat","background-position":"center center","background-size":"auto","background-attachment":"scroll","background-type":"","background-media":"","overlay-type":"","overlay-color":"","overlay-opacity":"","overlay-gradient":""},"mobile":{"background-color":"var(--ast-global-color-5)","background-image":"","background-repeat":"repeat","background-position":"center center","background-size":"auto","background-attachment":"scroll","background-type":"","background-media":"","overlay-type":"","overlay-color":"","overlay-opacity":"","overlay-gradient":""}}},"product_brand":[],"product_cat":[2163],"product_tag":[2164,2165,329,2166,2167,2168,2169,2170,2171,2172,2173,2174,2175],"class_list":{"0":"post-2694","1":"product","2":"type-product","3":"status-publish","4":"has-post-thumbnail","6":"product_cat-eggs","7":"product_tag-black-cockatoo-eggs","8":"product_tag-black-palm-cockatoo-eggs","9":"product_tag-black-palm-cockatoo-eggs-for-sale","10":"product_tag-buy-black-cockatoo-eggs-online","11":"product_tag-buy-black-palm-cockatoo-eggs","12":"product_tag-buy-black-palm-cockatoo-eggs-online","13":"product_tag-buy-fertile-black-palm-cockatoo-eggs-online","14":"product_tag-buy-fertile-probosciger-aterrimus-eggs","15":"product_tag-buy-palm-cockatoo-eggs-online","16":"product_tag-buy-probosciger-aterrimus-eggs","17":"product_tag-buy-probosciger-aterrimus-eggs-online","18":"product_tag-fertile-black-palm-eggs","19":"product_tag-palm-cockatoo-eggs","20":"desktop-align-left","21":"tablet-align-left","22":"mobile-align-left","23":"ast-product-gallery-layout-horizontal-slider","24":"ast-product-gallery-with-no-image","25":"ast-product-tabs-layout-horizontal","26":"ast-qv-on-image","28":"first","29":"instock","30":"shipping-taxable","31":"product-type-simple"},"yoast_head":"<!-- This site is optimized with the Yoast SEO Premium plugin v23.2 (Yoast SEO v27.4) - https:\/\/yoast.com\/product\/yoast-seo-premium-wordpress\/ -->\n<title>Buy Fertile Black Palm Cockatoo Eggs | Tropical Wings Birds<\/title>\n<meta name=\"description\" content=\"Buy fertile black palm cockatoo eggs online \u2014 candled, fertile eggs from proven breeding pairs with full documentation. Worldwide shipping to compliant...\" \/>\n<meta name=\"robots\" content=\"index, follow, max-snippet:-1, max-image-preview:large, max-video-preview:-1\" \/>\n<link rel=\"canonical\" href=\"https:\/\/tropicalwingsbirds.shop\/es\/comercio\/comprar-huevos-fertiles-de-cacatua-palmera-negra-en-linea-3\/\" \/>\n<meta property=\"og:locale\" content=\"es_ES\" \/>\n<meta property=\"og:type\" content=\"article\" \/>\n<meta property=\"og:title\" content=\"Buy Fertile Black Palm Cockatoo Eggs Online\" \/>\n<meta property=\"og:description\" content=\"Buy fertile black palm cockatoo eggs online \u2014 candled, fertile eggs from proven breeding pairs with full documentation. Worldwide shipping to compliant...\" \/>\n<meta property=\"og:url\" content=\"https:\/\/tropicalwingsbirds.shop\/es\/comercio\/comprar-huevos-fertiles-de-cacatua-palmera-negra-en-linea-3\/\" \/>\n<meta property=\"og:site_name\" content=\"Tropical Wings Birds\" \/>\n<meta property=\"article:publisher\" content=\"https:\/\/web.facebook.com\/profile.php?id=61551502767851&amp;mibextid=2JQ9oc&amp;_rdc=1&amp;_rdr\" \/>\n<meta property=\"article:modified_time\" content=\"2026-04-17T22:05:51+00:00\" \/>\n<meta property=\"og:image\" content=\"https:\/\/tropicalwingsbirds.shop\/wp-content\/uploads\/2023\/12\/Buy-Fertile-Black-Palm-Cockatoo-Eggs-Online-1.jpg\" \/>\n\t<meta property=\"og:image:width\" content=\"400\" \/>\n\t<meta property=\"og:image:height\" content=\"400\" \/>\n\t<meta property=\"og:image:type\" content=\"image\/jpeg\" \/>\n<meta name=\"twitter:card\" content=\"summary_large_image\" \/>\n<meta name=\"twitter:label1\" content=\"Precio\" \/>\n\t<meta name=\"twitter:data1\" content=\"\" \/>\n\t<meta name=\"twitter:label2\" content=\"Disponibilidad\" \/>\n\t<meta name=\"twitter:data2\" content=\"Disponible\" \/>\n<script type=\"application\/ld+json\" class=\"yoast-schema-graph\">{\"@context\":\"https:\\\/\\\/schema.org\",\"@graph\":[{\"@type\":\"WebPage\",\"@id\":\"https:\\\/\\\/tropicalwingsbirds.shop\\\/shop\\\/buy-fertile-black-palm-cockatoo-eggs-online-3\\\/\",\"url\":\"https:\\\/\\\/tropicalwingsbirds.shop\\\/shop\\\/buy-fertile-black-palm-cockatoo-eggs-online-3\\\/\",\"name\":\"Buy Fertile Black Palm Cockatoo Eggs | Tropical Wings Birds\",\"isPartOf\":{\"@id\":\"https:\\\/\\\/tropicalwingsbirds.shop\\\/#website\"},\"primaryImageOfPage\":{\"@id\":\"https:\\\/\\\/tropicalwingsbirds.shop\\\/shop\\\/buy-fertile-black-palm-cockatoo-eggs-online-3\\\/#primaryimage\"},\"image\":{\"@id\":\"https:\\\/\\\/tropicalwingsbirds.shop\\\/shop\\\/buy-fertile-black-palm-cockatoo-eggs-online-3\\\/#primaryimage\"},\"thumbnailUrl\":\"https:\\\/\\\/tropicalwingsbirds.shop\\\/wp-content\\\/uploads\\\/2023\\\/12\\\/Buy-Fertile-Black-Palm-Cockatoo-Eggs-Online-1.jpg\",\"datePublished\":\"2023-12-07T16:42:20+00:00\",\"dateModified\":\"2026-04-17T22:05:51+00:00\",\"description\":\"Buy fertile black palm cockatoo eggs online \u2014 candled, fertile eggs from proven breeding pairs with full documentation. Worldwide shipping to compliant...\",\"breadcrumb\":{\"@id\":\"https:\\\/\\\/tropicalwingsbirds.shop\\\/shop\\\/buy-fertile-black-palm-cockatoo-eggs-online-3\\\/#breadcrumb\"},\"inLanguage\":\"es\",\"potentialAction\":[{\"@type\":\"ReadAction\",\"target\":[\"https:\\\/\\\/tropicalwingsbirds.shop\\\/shop\\\/buy-fertile-black-palm-cockatoo-eggs-online-3\\\/\"]}]},{\"@type\":\"ImageObject\",\"inLanguage\":\"es\",\"@id\":\"https:\\\/\\\/tropicalwingsbirds.shop\\\/shop\\\/buy-fertile-black-palm-cockatoo-eggs-online-3\\\/#primaryimage\",\"url\":\"https:\\\/\\\/tropicalwingsbirds.shop\\\/wp-content\\\/uploads\\\/2023\\\/12\\\/Buy-Fertile-Black-Palm-Cockatoo-Eggs-Online-1.jpg\",\"contentUrl\":\"https:\\\/\\\/tropicalwingsbirds.shop\\\/wp-content\\\/uploads\\\/2023\\\/12\\\/Buy-Fertile-Black-Palm-Cockatoo-Eggs-Online-1.jpg\",\"width\":400,\"height\":400},{\"@type\":\"BreadcrumbList\",\"@id\":\"https:\\\/\\\/tropicalwingsbirds.shop\\\/shop\\\/buy-fertile-black-palm-cockatoo-eggs-online-3\\\/#breadcrumb\",\"itemListElement\":[{\"@type\":\"ListItem\",\"position\":1,\"name\":\"Home\",\"item\":\"https:\\\/\\\/tropicalwingsbirds.shop\\\/\"},{\"@type\":\"ListItem\",\"position\":2,\"name\":\"Shop\",\"item\":\"https:\\\/\\\/tropicalwingsbirds.shop\\\/shop\\\/\"},{\"@type\":\"ListItem\",\"position\":3,\"name\":\"Buy Fertile Black Palm Cockatoo Eggs Online\"}]},{\"@type\":\"WebSite\",\"@id\":\"https:\\\/\\\/tropicalwingsbirds.shop\\\/#website\",\"url\":\"https:\\\/\\\/tropicalwingsbirds.shop\\\/\",\"name\":\"Tropical Wings Birds\",\"description\":\"Best Exotic birds breeders online\",\"publisher\":{\"@id\":\"https:\\\/\\\/tropicalwingsbirds.shop\\\/#organization\"},\"potentialAction\":[{\"@type\":\"SearchAction\",\"target\":{\"@type\":\"EntryPoint\",\"urlTemplate\":\"https:\\\/\\\/tropicalwingsbirds.shop\\\/?s={search_term_string}\"},\"query-input\":{\"@type\":\"PropertyValueSpecification\",\"valueRequired\":true,\"valueName\":\"search_term_string\"}}],\"inLanguage\":\"es\"},{\"@type\":[\"Organization\",\"Place\",\"PetStore\"],\"@id\":\"https:\\\/\\\/tropicalwingsbirds.shop\\\/#organization\",\"name\":\"Tropical Wings Birds Shop\",\"alternateName\":\"TPWB\",\"url\":\"https:\\\/\\\/tropicalwingsbirds.shop\\\/\",\"logo\":{\"@id\":\"https:\\\/\\\/tropicalwingsbirds.shop\\\/shop\\\/buy-fertile-black-palm-cockatoo-eggs-online-3\\\/#local-main-organization-logo\"},\"image\":{\"@id\":\"https:\\\/\\\/tropicalwingsbirds.shop\\\/shop\\\/buy-fertile-black-palm-cockatoo-eggs-online-3\\\/#local-main-organization-logo\"},\"sameAs\":[\"https:\\\/\\\/web.facebook.com\\\/profile.php?id=61551502767851&mibextid=2JQ9oc&_rdc=1&_rdr\"],\"description\":\"Tropical Wings Birds is your destination for exotic avian companionship. Our boutique aviary in United States offers a curated selection of vibrant tropical birds sourced from reputable breeders worldwide. With a focus on welfare and expertise, our dedicated team is here to guide you on your journey to finding the perfect feathered friend. Visit us today and experience the magic of avian companionship at Tropical Wings Birds.\",\"legalName\":\"Tropical Wings Birds\",\"foundingDate\":\"2019-02-14\",\"numberOfEmployees\":{\"@type\":\"QuantitativeValue\",\"minValue\":\"1\",\"maxValue\":\"10\"},\"address\":{\"@id\":\"https:\\\/\\\/tropicalwingsbirds.shop\\\/shop\\\/buy-fertile-black-palm-cockatoo-eggs-online-3\\\/#local-main-place-address\"},\"geo\":{\"@type\":\"GeoCoordinates\",\"latitude\":\"40.5976725\",\"longitude\":\"-122.3716346\"},\"telephone\":[\"+1 707-733-4623\",\"+1 707-733-4623\"],\"contactPoint\":{\"@type\":\"ContactPoint\",\"telephone\":\"+1 707-733-4623\",\"email\":\"sales@tropicalwingsbirds.shop\"},\"openingHoursSpecification\":{\"@type\":\"OpeningHoursSpecification\",\"dayOfWeek\":[\"Monday\",\"Tuesday\",\"Wednesday\",\"Thursday\",\"Friday\",\"Saturday\",\"Sunday\"],\"opens\":\"00:00\",\"closes\":\"23:59\"},\"email\":\"sales@tropicalwingsbirds.shop\",\"faxNumber\":\"+1 707-733-4623\",\"areaServed\":\"United states, Porto Rico, Canada, Australia\",\"priceRange\":\"$\",\"currenciesAccepted\":\"USD, CAD, AUD,\",\"paymentAccepted\":\"Zelle, Paypal, Bitcoin, Apple pay, Credit cards, Bank transfers\"},{\"@type\":\"PostalAddress\",\"@id\":\"https:\\\/\\\/tropicalwingsbirds.shop\\\/shop\\\/buy-fertile-black-palm-cockatoo-eggs-online-3\\\/#local-main-place-address\",\"streetAddress\":\"500 Hilltop Dr,\",\"addressLocality\":\"Redding\",\"postalCode\":\"96003\",\"addressRegion\":\"California\",\"addressCountry\":\"US\"},{\"@type\":\"ImageObject\",\"inLanguage\":\"es\",\"@id\":\"https:\\\/\\\/tropicalwingsbirds.shop\\\/shop\\\/buy-fertile-black-palm-cockatoo-eggs-online-3\\\/#local-main-organization-logo\",\"url\":\"https:\\\/\\\/tropicalwingsbirds.shop\\\/wp-content\\\/uploads\\\/2024\\\/01\\\/tropical-wings-1.webp\",\"contentUrl\":\"https:\\\/\\\/tropicalwingsbirds.shop\\\/wp-content\\\/uploads\\\/2024\\\/01\\\/tropical-wings-1.webp\",\"width\":500,\"height\":500,\"caption\":\"Tropical Wings Birds Shop\"}]}<\/script>\n<meta property=\"product:price:currency\" content=\"USD\" \/>\n<meta property=\"og:availability\" content=\"instock\" \/>\n<meta property=\"product:availability\" content=\"instock\" \/>\n<meta property=\"product:condition\" content=\"new\" \/>\n<meta name=\"geo.placename\" content=\"Redding\" \/>\n<meta name=\"geo.position\" content=\"40.5976725;-122.3716346\" \/>\n<meta name=\"geo.region\" content=\"Estados Unidos (EEUU)\" \/>\n<!-- \/ Yoast SEO Premium plugin. -->","yoast_head_json":{"title":"Buy Fertile Black Palm Cockatoo Eggs | Tropical Wings Birds","description":"Buy fertile black palm cockatoo eggs online \u2014 candled, fertile eggs from proven breeding pairs with full documentation. Worldwide shipping to compliant...","robots":{"index":"index","follow":"follow","max-snippet":"max-snippet:-1","max-image-preview":"max-image-preview:large","max-video-preview":"max-video-preview:-1"},"canonical":"https:\/\/tropicalwingsbirds.shop\/es\/comercio\/comprar-huevos-fertiles-de-cacatua-palmera-negra-en-linea-3\/","og_locale":"es_ES","og_type":"article","og_title":"Buy Fertile Black Palm Cockatoo Eggs Online","og_description":"Buy fertile black palm cockatoo eggs online \u2014 candled, fertile eggs from proven breeding pairs with full documentation. Worldwide shipping to compliant...","og_url":"https:\/\/tropicalwingsbirds.shop\/es\/comercio\/comprar-huevos-fertiles-de-cacatua-palmera-negra-en-linea-3\/","og_site_name":"Tropical Wings Birds","article_publisher":"https:\/\/web.facebook.com\/profile.php?id=61551502767851&mibextid=2JQ9oc&_rdc=1&_rdr","article_modified_time":"2026-04-17T22:05:51+00:00","og_image":[{"width":400,"height":400,"url":"https:\/\/tropicalwingsbirds.shop\/wp-content\/uploads\/2023\/12\/Buy-Fertile-Black-Palm-Cockatoo-Eggs-Online-1.jpg","type":"image\/jpeg"}],"twitter_card":"summary_large_image","twitter_misc":{"Precio":"","Disponibilidad":"Disponible"},"schema":{"@context":"https:\/\/schema.org","@graph":[{"@type":"WebPage","@id":"https:\/\/tropicalwingsbirds.shop\/shop\/buy-fertile-black-palm-cockatoo-eggs-online-3\/","url":"https:\/\/tropicalwingsbirds.shop\/shop\/buy-fertile-black-palm-cockatoo-eggs-online-3\/","name":"Buy Fertile Black Palm Cockatoo Eggs | Tropical Wings Birds","isPartOf":{"@id":"https:\/\/tropicalwingsbirds.shop\/#website"},"primaryImageOfPage":{"@id":"https:\/\/tropicalwingsbirds.shop\/shop\/buy-fertile-black-palm-cockatoo-eggs-online-3\/#primaryimage"},"image":{"@id":"https:\/\/tropicalwingsbirds.shop\/shop\/buy-fertile-black-palm-cockatoo-eggs-online-3\/#primaryimage"},"thumbnailUrl":"https:\/\/tropicalwingsbirds.shop\/wp-content\/uploads\/2023\/12\/Buy-Fertile-Black-Palm-Cockatoo-Eggs-Online-1.jpg","datePublished":"2023-12-07T16:42:20+00:00","dateModified":"2026-04-17T22:05:51+00:00","description":"Buy fertile black palm cockatoo eggs online \u2014 candled, fertile eggs from proven breeding pairs with full documentation. Worldwide shipping to compliant...","breadcrumb":{"@id":"https:\/\/tropicalwingsbirds.shop\/shop\/buy-fertile-black-palm-cockatoo-eggs-online-3\/#breadcrumb"},"inLanguage":"es","potentialAction":[{"@type":"ReadAction","target":["https:\/\/tropicalwingsbirds.shop\/shop\/buy-fertile-black-palm-cockatoo-eggs-online-3\/"]}]},{"@type":"ImageObject","inLanguage":"es","@id":"https:\/\/tropicalwingsbirds.shop\/shop\/buy-fertile-black-palm-cockatoo-eggs-online-3\/#primaryimage","url":"https:\/\/tropicalwingsbirds.shop\/wp-content\/uploads\/2023\/12\/Buy-Fertile-Black-Palm-Cockatoo-Eggs-Online-1.jpg","contentUrl":"https:\/\/tropicalwingsbirds.shop\/wp-content\/uploads\/2023\/12\/Buy-Fertile-Black-Palm-Cockatoo-Eggs-Online-1.jpg","width":400,"height":400},{"@type":"BreadcrumbList","@id":"https:\/\/tropicalwingsbirds.shop\/shop\/buy-fertile-black-palm-cockatoo-eggs-online-3\/#breadcrumb","itemListElement":[{"@type":"ListItem","position":1,"name":"Home","item":"https:\/\/tropicalwingsbirds.shop\/"},{"@type":"ListItem","position":2,"name":"Shop","item":"https:\/\/tropicalwingsbirds.shop\/shop\/"},{"@type":"ListItem","position":3,"name":"Buy Fertile Black Palm Cockatoo Eggs Online"}]},{"@type":"WebSite","@id":"https:\/\/tropicalwingsbirds.shop\/#website","url":"https:\/\/tropicalwingsbirds.shop\/","name":"Aves de alas tropicales","description":"Los mejores criadores de aves ex\u00f3ticas online","publisher":{"@id":"https:\/\/tropicalwingsbirds.shop\/#organization"},"potentialAction":[{"@type":"SearchAction","target":{"@type":"EntryPoint","urlTemplate":"https:\/\/tropicalwingsbirds.shop\/?s={search_term_string}"},"query-input":{"@type":"PropertyValueSpecification","valueRequired":true,"valueName":"search_term_string"}}],"inLanguage":"es"},{"@type":["Organization","Place","PetStore"],"@id":"https:\/\/tropicalwingsbirds.shop\/#organization","name":"Tropical Wings Birds Shop","alternateName":"TPWB","url":"https:\/\/tropicalwingsbirds.shop\/","logo":{"@id":"https:\/\/tropicalwingsbirds.shop\/shop\/buy-fertile-black-palm-cockatoo-eggs-online-3\/#local-main-organization-logo"},"image":{"@id":"https:\/\/tropicalwingsbirds.shop\/shop\/buy-fertile-black-palm-cockatoo-eggs-online-3\/#local-main-organization-logo"},"sameAs":["https:\/\/web.facebook.com\/profile.php?id=61551502767851&mibextid=2JQ9oc&_rdc=1&_rdr"],"description":"Tropical Wings Birds es su destino ideal para disfrutar de la compa\u00f1\u00eda de aves ex\u00f3ticas. Nuestro aviario boutique en Estados Unidos ofrece una cuidada selecci\u00f3n de vibrantes aves tropicales provenientes de criadores de renombre mundial. Con un enfoque en el bienestar y la experiencia, nuestro dedicado equipo est\u00e1 aqu\u00ed para guiarle en su b\u00fasqueda del compa\u00f1ero emplumado perfecto. Vis\u00edtenos hoy mismo y experimente la magia de la compa\u00f1\u00eda aviar en Tropical Wings Birds.","legalName":"Tropical Wings Birds","foundingDate":"2019-02-14","numberOfEmployees":{"@type":"QuantitativeValue","minValue":"1","maxValue":"10"},"address":{"@id":"https:\/\/tropicalwingsbirds.shop\/shop\/buy-fertile-black-palm-cockatoo-eggs-online-3\/#local-main-place-address"},"geo":{"@type":"GeoCoordinates","latitude":"40.5976725","longitude":"-122.3716346"},"telephone":["+1 707-733-4623","+1 707-733-4623"],"contactPoint":{"@type":"ContactPoint","telephone":"+1 707-733-4623","email":"sales@tropicalwingsbirds.shop"},"openingHoursSpecification":{"@type":"OpeningHoursSpecification","dayOfWeek":["Monday","Tuesday","Wednesday","Thursday","Friday","Saturday","Sunday"],"opens":"00:00","closes":"23:59"},"email":"sales@tropicalwingsbirds.shop","faxNumber":"+1 707-733-4623","areaServed":"United states, Porto Rico, Canada, Australia","priceRange":"$","currenciesAccepted":"USD, CAD, AUD,","paymentAccepted":"Zelle, Paypal, Bitcoin, Apple pay, Credit cards, Bank transfers"},{"@type":"PostalAddress","@id":"https:\/\/tropicalwingsbirds.shop\/shop\/buy-fertile-black-palm-cockatoo-eggs-online-3\/#local-main-place-address","streetAddress":"500 Hilltop Dr,","addressLocality":"Redding","postalCode":"96003","addressRegion":"California","addressCountry":"US"},{"@type":"ImageObject","inLanguage":"es","@id":"https:\/\/tropicalwingsbirds.shop\/shop\/buy-fertile-black-palm-cockatoo-eggs-online-3\/#local-main-organization-logo","url":"https:\/\/tropicalwingsbirds.shop\/wp-content\/uploads\/2024\/01\/tropical-wings-1.webp","contentUrl":"https:\/\/tropicalwingsbirds.shop\/wp-content\/uploads\/2024\/01\/tropical-wings-1.webp","width":500,"height":500,"caption":"Tropical Wings Birds Shop"}]},"product_price_currency":"USD","og_availability":"instock","product_availability":"instock","product_condition":"new","geo.placename":"Redding","geo.position":{"lat":"40.5976725","long":"-122.3716346"},"geo.region":"Estados Unidos (EEUU)"},"jetpack_sharing_enabled":true,"_links":{"self":[{"href":"https:\/\/tropicalwingsbirds.shop\/es\/wp-json\/wp\/v2\/product\/2694","targetHints":{"allow":["GET"]}}],"collection":[{"href":"https:\/\/tropicalwingsbirds.shop\/es\/wp-json\/wp\/v2\/product"}],"about":[{"href":"https:\/\/tropicalwingsbirds.shop\/es\/wp-json\/wp\/v2\/types\/product"}],"replies":[{"embeddable":true,"href":"https:\/\/tropicalwingsbirds.shop\/es\/wp-json\/wp\/v2\/comments?post=2694"}],"wp:featuredmedia":[{"embeddable":true,"href":"https:\/\/tropicalwingsbirds.shop\/es\/wp-json\/wp\/v2\/media\/2682"}],"wp:attachment":[{"href":"https:\/\/tropicalwingsbirds.shop\/es\/wp-json\/wp\/v2\/media?parent=2694"}],"wp:term":[{"taxonomy":"product_brand","embeddable":true,"href":"https:\/\/tropicalwingsbirds.shop\/es\/wp-json\/wp\/v2\/product_brand?post=2694"},{"taxonomy":"product_cat","embeddable":true,"href":"https:\/\/tropicalwingsbirds.shop\/es\/wp-json\/wp\/v2\/product_cat?post=2694"},{"taxonomy":"product_tag","embeddable":true,"href":"https:\/\/tropicalwingsbirds.shop\/es\/wp-json\/wp\/v2\/product_tag?post=2694"}],"curies":[{"name":"wp","href":"https:\/\/api.w.org\/{rel}","templated":true}]}}