{"id":597,"date":"2023-12-03T14:06:00","date_gmt":"2023-12-03T14:06:00","guid":{"rendered":"https:\/\/tropicalwingsbirds.shop\/?post_type=product&#038;p=597"},"modified":"2023-12-03T14:07:45","modified_gmt":"2023-12-03T14:07:45","slug":"comprar-cacatuas-goffins","status":"publish","type":"product","link":"https:\/\/tropicalwingsbirds.shop\/es\/comercio\/comprar-cacatuas-goffins\/","title":{"rendered":"Comprar Cacat\u00faas de Goffin"},"content":{"rendered":"<div id=\"mntl-sc-block_1-0-6\" class=\"comp mntl-sc-block mntl-sc-block-html\">\n<p>&nbsp;<\/p>\n<p><span style=\"font-size: 14pt\"><strong>Cacat\u00faa Goffin en venta<\/strong> <\/span><\/p>\n<p>La cacat\u00faa de Goffin, tambi\u00e9n conocida como cacat\u00faa de Goffin o cacat\u00faa ruborizada, es una especie de cacat\u00faa end\u00e9mica de los bosques de Yamdena, Larat y Selaru, todas islas del archipi\u00e9lago de las islas Tanimbar en Indonesia. Cacat\u00faa de Goffin en venta.<\/p>\n<p>Estos loros podr\u00edan considerarse una mascota de alto mantenimiento. Si se descuidan ocasionalmente, la cacat\u00faa goffin podr\u00eda deprimirse o volverse destructiva. A estas aves les gusta agruparse en bandadas m\u00e1s grandes, frecuentemente con <a href=\"https:\/\/timiesbirds.com\/product\/buy-citron-cockatoos\/\">Cacat\u00faas de cresta de azufre<\/a>A estas criaturas sociales les gusta anidar en cavidades de \u00e1rboles, donde ponen huevos blancos que incuban durante unos 25 d\u00edas. Los polluelos abandonan el nido aproximadamente 50 d\u00edas despu\u00e9s de la eclosi\u00f3n. Las cacat\u00faas solo necesitan jaulas grandes.<\/p>\n<p>Cuanto m\u00e1s espacio le des a tu amigo emplumado, mejor a largo plazo. Como m\u00ednimo, compra una jaula de unos 90 x 70 x 120 cm. Considera a\u00f1adir un soporte para loros o un \u00e1rbol de Java para que tu ave disfrute trepando. Los juguetes que estimulan la mente son una buena idea. Compra rompecabezas para p\u00e1jaros, juguetes para buscar comida, juguetes para masticar y cualquier otra cosa que mantenga a tu loro feliz. Las cacat\u00faas son de los loros m\u00e1s ruidosos del planeta.<\/p>\n<p>&nbsp;<\/p>\n<h3>C\u00f3mo cuidar a la cacat\u00faa Goffin<\/h3>\n<p>La cacat\u00faa Goffin en venta puede tolerar temperaturas variables, pero nunca debe bajar de cero en su recinto. Podr\u00eda ser necesario cortarle las u\u00f1as, as\u00ed como el pico si no puede conseguir nueces de pandano nativas. Estos loros de plum\u00f3n en polvo disfrutan de los ba\u00f1os y deben tener la oportunidad de mojarse con regularidad. La muda es un proceso constante en el que el ave pierde una o dos plumas a la vez.\u00a0\u00a0\u00a0\u00a0\u00a0\u00a0\u00a0\u00a0\u00a0\u00a0\u00a0\u00a0\u00a0\u00a0\u00a0\u00a0\u00a0 <a href=\"https:\/\/mozillabirdsfarm.com\/product-category\/baby-parrots\/\">Comprar beb\u00e9 online<\/a><\/p>\n<p>La alimentaci\u00f3n debe consistir en una dieta granulada de alta calidad, con al menos la mitad de su dieta compuesta por frutas, frutos secos y verduras. Obtener frutos secos de su entorno natural puede ser muy beneficioso para su ave y ayudarle a mantener su pico en buen estado.<\/p>\n<\/p><\/div>\n<h3 id=\"mntl-sc-block_1-0-10\" class=\"comp mntl-sc-block mntl-sc-block-heading\"><span class=\"mntl-sc-block-heading__text\"> Temperamento <\/span><\/h3>\n<div id=\"mntl-sc-block_1-0-11\" class=\"comp mntl-sc-block mntl-sc-block-html\">\n<p>Las cacat\u00faas de Goffin tienen fama de ser muy sociables y cari\u00f1osas. Son aves juguetonas, curiosas y activas que requieren mucha interacci\u00f3n y atenci\u00f3n de sus due\u00f1os. <a href=\"https:\/\/timiesbirds.com\/product\/buy-citron-cockatoos\/\">cacat\u00faas m\u00e1s peque\u00f1as<\/a> pero tienen una gran personalidad de p\u00e1jaro y son bastante divertidos y gregarios.<\/p>\n<\/p><\/div>\n<div id=\"mntl-sc-block_1-0-13\" class=\"comp mntl-sc-block mntl-sc-block-html\">\n<p>Comparado con muchos loros, el loro de Goffin es relativamente tranquilo; grita cuando quiere tu atenci\u00f3n. No son muy buenos conversadores, aunque vocalizan, pueden aprender algunas palabras y disfrutan imitando los sonidos que escuchan. Si de verdad quieres entretenerte, pon m\u00fasica, porque les encanta bailar.<\/p>\n<\/p><\/div>\n<div id=\"mntl-sc-block_1-0-15\" class=\"comp mntl-sc-block mntl-sc-block-html\"><\/div>\n<h3 id=\"mntl-sc-block_1-0-19\" class=\"comp mntl-sc-block mntl-sc-block-heading\"><span class=\"mntl-sc-block-heading__text\"> Colores y marcas de la cacat\u00faa de Goffin <\/span><\/h3>\n<div id=\"mntl-sc-block_1-0-20\" class=\"comp mntl-sc-block mntl-sc-block-html\">\n<p>La cacat\u00faa de Goffin se confunde a menudo con la cacat\u00faa de ojos desnudos. Es mayormente blanca con toques salm\u00f3n claro o rosa a ambos lados del pico. El color salm\u00f3n tambi\u00e9n aparece cerca de la cabeza cuando el ave despliega su cresta. Bajo las alas, se puede observar un amarillo p\u00e1lido en las plumas, lo que hace que su vuelo sea un espect\u00e1culo hermoso. Las aves tienen el pico y las patas de color gris p\u00e1lido. La \u00fanica diferencia notable entre los sexos est\u00e1 en los ojos. El iris del macho es negro, mientras que el de la hembra es marr\u00f3n.<\/p>\n<\/p><\/div>\n<div id=\"mntl-sc-block_1-0-45\" class=\"comp mntl-sc-block mntl-sc-block-html\">\n<p>&nbsp;<\/p>\n<\/p><\/div>","protected":false},"excerpt":{"rendered":"<p>Las cacat\u00faas de Goffin desarrollan un fuerte v\u00ednculo con sus due\u00f1os y requieren interacci\u00f3n diaria para mantener su salud mental y emocional. Estas aves simplemente no pueden prosperar si se las descuida, y recurrir\u00e1n a comportamientos destructivos si no se satisface su necesidad de interacci\u00f3n. Debido a su personalidad, las cacat\u00faas de Goffin se recomiendan para due\u00f1os de aves con experiencia que puedan pasar tiempo considerable con ellas.<\/p>\n<p>Sexo: Femenino<br \/> Especie: Cacat\u00faa Goffin<br \/> Edad: 5 meses<br \/> Salud: Garant\u00eda\/ADN probado<br \/> Env\u00edo: Disponible<\/p>","protected":false},"featured_media":689,"comment_status":"closed","ping_status":"closed","template":"","meta":{"site-sidebar-layout":"default","site-content-layout":"","ast-site-content-layout":"default","site-content-style":"default","site-sidebar-style":"default","ast-global-header-display":"","ast-banner-title-visibility":"","ast-main-header-display":"","ast-hfb-above-header-display":"","ast-hfb-below-header-display":"","ast-hfb-mobile-header-display":"","site-post-title":"","ast-breadcrumbs-content":"","ast-featured-img":"","footer-sml-layout":"","theme-transparent-header-meta":"","adv-header-id-meta":"","stick-header-meta":"","header-above-stick-meta":"","header-main-stick-meta":"","header-below-stick-meta":"","astra-migrate-meta-layouts":"default","ast-page-background-enabled":"default","ast-page-background-meta":{"desktop":{"background-color":"var(--ast-global-color-4)","background-image":"","background-repeat":"repeat","background-position":"center center","background-size":"auto","background-attachment":"scroll","background-type":"","background-media":"","overlay-type":"","overlay-color":"","overlay-opacity":"","overlay-gradient":""},"tablet":{"background-color":"","background-image":"","background-repeat":"repeat","background-position":"center center","background-size":"auto","background-attachment":"scroll","background-type":"","background-media":"","overlay-type":"","overlay-color":"","overlay-opacity":"","overlay-gradient":""},"mobile":{"background-color":"","background-image":"","background-repeat":"repeat","background-position":"center center","background-size":"auto","background-attachment":"scroll","background-type":"","background-media":"","overlay-type":"","overlay-color":"","overlay-opacity":"","overlay-gradient":""}},"ast-content-background-meta":{"desktop":{"background-color":"var(--ast-global-color-5)","background-image":"","background-repeat":"repeat","background-position":"center center","background-size":"auto","background-attachment":"scroll","background-type":"","background-media":"","overlay-type":"","overlay-color":"","overlay-opacity":"","overlay-gradient":""},"tablet":{"background-color":"var(--ast-global-color-5)","background-image":"","background-repeat":"repeat","background-position":"center center","background-size":"auto","background-attachment":"scroll","background-type":"","background-media":"","overlay-type":"","overlay-color":"","overlay-opacity":"","overlay-gradient":""},"mobile":{"background-color":"var(--ast-global-color-5)","background-image":"","background-repeat":"repeat","background-position":"center center","background-size":"auto","background-attachment":"scroll","background-type":"","background-media":"","overlay-type":"","overlay-color":"","overlay-opacity":"","overlay-gradient":""}}},"product_brand":[],"product_cat":[155,156],"product_tag":[309,310,311,312,313,314,315,316,317,318,319,320,321],"class_list":{"0":"post-597","1":"product","2":"type-product","3":"status-publish","4":"has-post-thumbnail","6":"product_cat-cockatoos","7":"product_cat-parrots","8":"product_tag-cacatua-ducorpsii","9":"product_tag-cockatoo-length","10":"product_tag-goffin-cockatoo-and-cockatiel","11":"product_tag-goffin-cockatoo-breeders","12":"product_tag-goffin-cockatoo-cage-size","13":"product_tag-goffin-cockatoo-for-sale","14":"product_tag-goffin-cockatoo-height","15":"product_tag-goffin-cockatoo-male-or-female","16":"product_tag-goffin-cockatoo-screaming","17":"product_tag-goffin-cockatoo-talking","18":"product_tag-goffin-cockatoo-vs-umbrella","19":"product_tag-moluccan-cockatoo-size","20":"product_tag-red-vented-cockatoo-for-sale","21":"desktop-align-left","22":"tablet-align-left","23":"mobile-align-left","24":"ast-product-gallery-layout-horizontal-slider","25":"ast-product-tabs-layout-horizontal","26":"ast-qv-on-image","28":"first","29":"instock","30":"shipping-taxable","31":"product-type-simple"},"yoast_head":"<!-- This site is optimized with the Yoast SEO Premium plugin v23.2 (Yoast SEO v26.8) - https:\/\/yoast.com\/product\/yoast-seo-premium-wordpress\/ -->\n<title>Buy Goffin&#8217;s Cockatoos - Tropical Wings Birds<\/title>\n<meta name=\"robots\" content=\"index, follow, max-snippet:-1, max-image-preview:large, max-video-preview:-1\" \/>\n<link rel=\"canonical\" href=\"https:\/\/tropicalwingsbirds.shop\/es\/comercio\/comprar-cacatuas-goffins\/\" \/>\n<meta property=\"og:locale\" content=\"es_ES\" \/>\n<meta property=\"og:type\" content=\"article\" \/>\n<meta property=\"og:title\" content=\"Buy Goffin&#8217;s Cockatoos\" \/>\n<meta property=\"og:description\" content=\"Goffin Cockatoos bond strongly with their owners and require daily interaction to maintain their mental and emotional health. These birds simply cannot thrive if they are neglected, and will resort to destructive behaviors if their need for interaction is not met. Due to their personalities, Goffin&#8217;s Cockatoos are recommended for experienced bird owners that can spend significant time with them. Sex: Female Specie: Goffin cockatoo Age: 5 months old Health: Guarantee\/DNA Tested Shipping: Available\" \/>\n<meta property=\"og:url\" content=\"https:\/\/tropicalwingsbirds.shop\/es\/comercio\/comprar-cacatuas-goffins\/\" \/>\n<meta property=\"og:site_name\" content=\"Tropical Wings Birds\" \/>\n<meta property=\"article:publisher\" content=\"https:\/\/web.facebook.com\/profile.php?id=61551502767851&amp;mibextid=2JQ9oc&amp;_rdc=1&amp;_rdr\" \/>\n<meta property=\"article:modified_time\" content=\"2023-12-03T14:07:45+00:00\" \/>\n<meta property=\"og:image\" content=\"https:\/\/tropicalwingsbirds.shop\/wp-content\/uploads\/2023\/12\/WhatsApp-Image-2021-04-21-at-13.42.11.jpeg\" \/>\n\t<meta property=\"og:image:width\" content=\"1080\" \/>\n\t<meta property=\"og:image:height\" content=\"1080\" \/>\n\t<meta property=\"og:image:type\" content=\"image\/jpeg\" \/>\n<meta name=\"twitter:card\" content=\"summary_large_image\" \/>\n<meta name=\"twitter:label1\" content=\"Precio\" \/>\n\t<meta name=\"twitter:data1\" content=\"\" \/>\n\t<meta name=\"twitter:label2\" content=\"Disponibilidad\" \/>\n\t<meta name=\"twitter:data2\" content=\"Disponible\" \/>\n<script type=\"application\/ld+json\" class=\"yoast-schema-graph\">{\"@context\":\"https:\/\/schema.org\",\"@graph\":[{\"@type\":\"WebPage\",\"@id\":\"https:\/\/tropicalwingsbirds.shop\/shop\/buy-goffins-cockatoos\/\",\"url\":\"https:\/\/tropicalwingsbirds.shop\/shop\/buy-goffins-cockatoos\/\",\"name\":\"Buy Goffin&#8217;s Cockatoos - Tropical Wings Birds\",\"isPartOf\":{\"@id\":\"https:\/\/tropicalwingsbirds.shop\/#website\"},\"primaryImageOfPage\":{\"@id\":\"https:\/\/tropicalwingsbirds.shop\/shop\/buy-goffins-cockatoos\/#primaryimage\"},\"image\":{\"@id\":\"https:\/\/tropicalwingsbirds.shop\/shop\/buy-goffins-cockatoos\/#primaryimage\"},\"thumbnailUrl\":\"https:\/\/tropicalwingsbirds.shop\/wp-content\/uploads\/2023\/12\/WhatsApp-Image-2021-04-21-at-13.42.11.jpeg\",\"datePublished\":\"2023-12-03T14:06:00+00:00\",\"dateModified\":\"2023-12-03T14:07:45+00:00\",\"breadcrumb\":{\"@id\":\"https:\/\/tropicalwingsbirds.shop\/shop\/buy-goffins-cockatoos\/#breadcrumb\"},\"inLanguage\":\"es\",\"potentialAction\":[{\"@type\":\"ReadAction\",\"target\":[\"https:\/\/tropicalwingsbirds.shop\/shop\/buy-goffins-cockatoos\/\"]}]},{\"@type\":\"ImageObject\",\"inLanguage\":\"es\",\"@id\":\"https:\/\/tropicalwingsbirds.shop\/shop\/buy-goffins-cockatoos\/#primaryimage\",\"url\":\"https:\/\/tropicalwingsbirds.shop\/wp-content\/uploads\/2023\/12\/WhatsApp-Image-2021-04-21-at-13.42.11.jpeg\",\"contentUrl\":\"https:\/\/tropicalwingsbirds.shop\/wp-content\/uploads\/2023\/12\/WhatsApp-Image-2021-04-21-at-13.42.11.jpeg\",\"width\":1080,\"height\":1080},{\"@type\":\"BreadcrumbList\",\"@id\":\"https:\/\/tropicalwingsbirds.shop\/shop\/buy-goffins-cockatoos\/#breadcrumb\",\"itemListElement\":[{\"@type\":\"ListItem\",\"position\":1,\"name\":\"Home\",\"item\":\"https:\/\/tropicalwingsbirds.shop\/\"},{\"@type\":\"ListItem\",\"position\":2,\"name\":\"Shop\",\"item\":\"https:\/\/tropicalwingsbirds.shop\/shop\/\"},{\"@type\":\"ListItem\",\"position\":3,\"name\":\"Buy Goffin&#8217;s Cockatoos\"}]},{\"@type\":\"WebSite\",\"@id\":\"https:\/\/tropicalwingsbirds.shop\/#website\",\"url\":\"https:\/\/tropicalwingsbirds.shop\/\",\"name\":\"Tropical Wings Birds\",\"description\":\"Best Exotic birds breeders online\",\"publisher\":{\"@id\":\"https:\/\/tropicalwingsbirds.shop\/#organization\"},\"potentialAction\":[{\"@type\":\"SearchAction\",\"target\":{\"@type\":\"EntryPoint\",\"urlTemplate\":\"https:\/\/tropicalwingsbirds.shop\/?s={search_term_string}\"},\"query-input\":{\"@type\":\"PropertyValueSpecification\",\"valueRequired\":true,\"valueName\":\"search_term_string\"}}],\"inLanguage\":\"es\"},{\"@type\":[\"Organization\",\"Place\",\"PetStore\"],\"@id\":\"https:\/\/tropicalwingsbirds.shop\/#organization\",\"name\":\"Tropical Wings Birds Shop\",\"alternateName\":\"TPWB\",\"url\":\"https:\/\/tropicalwingsbirds.shop\/\",\"logo\":{\"@id\":\"https:\/\/tropicalwingsbirds.shop\/shop\/buy-goffins-cockatoos\/#local-main-organization-logo\"},\"image\":{\"@id\":\"https:\/\/tropicalwingsbirds.shop\/shop\/buy-goffins-cockatoos\/#local-main-organization-logo\"},\"sameAs\":[\"https:\/\/web.facebook.com\/profile.php?id=61551502767851&mibextid=2JQ9oc&_rdc=1&_rdr\"],\"description\":\"Tropical Wings Birds is your destination for exotic avian companionship. Our boutique aviary in United States offers a curated selection of vibrant tropical birds sourced from reputable breeders worldwide. With a focus on welfare and expertise, our dedicated team is here to guide you on your journey to finding the perfect feathered friend. Visit us today and experience the magic of avian companionship at Tropical Wings Birds.\",\"legalName\":\"Tropical Wings Birds\",\"foundingDate\":\"2019-02-14\",\"numberOfEmployees\":{\"@type\":\"QuantitativeValue\",\"minValue\":\"1\",\"maxValue\":\"10\"},\"address\":{\"@id\":\"https:\/\/tropicalwingsbirds.shop\/shop\/buy-goffins-cockatoos\/#local-main-place-address\"},\"geo\":{\"@type\":\"GeoCoordinates\",\"latitude\":\"40.5976725\",\"longitude\":\"-122.3716346\"},\"telephone\":[\"+1 707-733-4623\",\"+1 707-733-4623\"],\"contactPoint\":{\"@type\":\"ContactPoint\",\"telephone\":\"+1 707-733-4623\",\"email\":\"sales@tropicalwingsbirds.shop\"},\"openingHoursSpecification\":{\"@type\":\"OpeningHoursSpecification\",\"dayOfWeek\":[\"Monday\",\"Tuesday\",\"Wednesday\",\"Thursday\",\"Friday\",\"Saturday\",\"Sunday\"],\"opens\":\"00:00\",\"closes\":\"23:59\"},\"email\":\"sales@tropicalwingsbirds.shop\",\"faxNumber\":\"+1 707-733-4623\",\"areaServed\":\"United states, Porto Rico, Canada, Australia\",\"priceRange\":\"$\",\"currenciesAccepted\":\"USD, CAD, AUD,\",\"paymentAccepted\":\"Zelle, Paypal, Bitcoin, Apple pay, Credit cards, Bank transfers\"},{\"@type\":\"PostalAddress\",\"@id\":\"https:\/\/tropicalwingsbirds.shop\/shop\/buy-goffins-cockatoos\/#local-main-place-address\",\"streetAddress\":\"500 Hilltop Dr,\",\"addressLocality\":\"Redding\",\"postalCode\":\"96003\",\"addressRegion\":\"California\",\"addressCountry\":\"US\"},{\"@type\":\"ImageObject\",\"inLanguage\":\"es\",\"@id\":\"https:\/\/tropicalwingsbirds.shop\/shop\/buy-goffins-cockatoos\/#local-main-organization-logo\",\"url\":\"https:\/\/tropicalwingsbirds.shop\/wp-content\/uploads\/2024\/01\/tropical-wings-1.webp\",\"contentUrl\":\"https:\/\/tropicalwingsbirds.shop\/wp-content\/uploads\/2024\/01\/tropical-wings-1.webp\",\"width\":500,\"height\":500,\"caption\":\"Tropical Wings Birds Shop\"}]}<\/script>\n<meta property=\"product:price:currency\" content=\"USD\" \/>\n<meta property=\"og:availability\" content=\"instock\" \/>\n<meta property=\"product:availability\" content=\"instock\" \/>\n<meta property=\"product:condition\" content=\"new\" \/>\n<meta name=\"geo.placename\" content=\"Redding\" \/>\n<meta name=\"geo.position\" content=\"40.5976725;-122.3716346\" \/>\n<meta name=\"geo.region\" content=\"Estados Unidos (EEUU)\" \/>\n<!-- \/ Yoast SEO Premium plugin. -->","yoast_head_json":{"title":"Comprar Cacat\u00faas de Goffin - Tropical Wings Birds","robots":{"index":"index","follow":"follow","max-snippet":"max-snippet:-1","max-image-preview":"max-image-preview:large","max-video-preview":"max-video-preview:-1"},"canonical":"https:\/\/tropicalwingsbirds.shop\/es\/comercio\/comprar-cacatuas-goffins\/","og_locale":"es_ES","og_type":"article","og_title":"Buy Goffin&#8217;s Cockatoos","og_description":"Goffin Cockatoos bond strongly with their owners and require daily interaction to maintain their mental and emotional health. These birds simply cannot thrive if they are neglected, and will resort to destructive behaviors if their need for interaction is not met. Due to their personalities, Goffin&#8217;s Cockatoos are recommended for experienced bird owners that can spend significant time with them. Sex: Female Specie: Goffin cockatoo Age: 5 months old Health: Guarantee\/DNA Tested Shipping: Available","og_url":"https:\/\/tropicalwingsbirds.shop\/es\/comercio\/comprar-cacatuas-goffins\/","og_site_name":"Tropical Wings Birds","article_publisher":"https:\/\/web.facebook.com\/profile.php?id=61551502767851&mibextid=2JQ9oc&_rdc=1&_rdr","article_modified_time":"2023-12-03T14:07:45+00:00","og_image":[{"width":1080,"height":1080,"url":"https:\/\/tropicalwingsbirds.shop\/wp-content\/uploads\/2023\/12\/WhatsApp-Image-2021-04-21-at-13.42.11.jpeg","type":"image\/jpeg"}],"twitter_card":"summary_large_image","twitter_misc":{"Precio":"","Disponibilidad":"Disponible"},"schema":{"@context":"https:\/\/schema.org","@graph":[{"@type":"WebPage","@id":"https:\/\/tropicalwingsbirds.shop\/shop\/buy-goffins-cockatoos\/","url":"https:\/\/tropicalwingsbirds.shop\/shop\/buy-goffins-cockatoos\/","name":"Comprar Cacat\u00faas de Goffin - Tropical Wings Birds","isPartOf":{"@id":"https:\/\/tropicalwingsbirds.shop\/#website"},"primaryImageOfPage":{"@id":"https:\/\/tropicalwingsbirds.shop\/shop\/buy-goffins-cockatoos\/#primaryimage"},"image":{"@id":"https:\/\/tropicalwingsbirds.shop\/shop\/buy-goffins-cockatoos\/#primaryimage"},"thumbnailUrl":"https:\/\/tropicalwingsbirds.shop\/wp-content\/uploads\/2023\/12\/WhatsApp-Image-2021-04-21-at-13.42.11.jpeg","datePublished":"2023-12-03T14:06:00+00:00","dateModified":"2023-12-03T14:07:45+00:00","breadcrumb":{"@id":"https:\/\/tropicalwingsbirds.shop\/shop\/buy-goffins-cockatoos\/#breadcrumb"},"inLanguage":"es","potentialAction":[{"@type":"ReadAction","target":["https:\/\/tropicalwingsbirds.shop\/shop\/buy-goffins-cockatoos\/"]}]},{"@type":"ImageObject","inLanguage":"es","@id":"https:\/\/tropicalwingsbirds.shop\/shop\/buy-goffins-cockatoos\/#primaryimage","url":"https:\/\/tropicalwingsbirds.shop\/wp-content\/uploads\/2023\/12\/WhatsApp-Image-2021-04-21-at-13.42.11.jpeg","contentUrl":"https:\/\/tropicalwingsbirds.shop\/wp-content\/uploads\/2023\/12\/WhatsApp-Image-2021-04-21-at-13.42.11.jpeg","width":1080,"height":1080},{"@type":"BreadcrumbList","@id":"https:\/\/tropicalwingsbirds.shop\/shop\/buy-goffins-cockatoos\/#breadcrumb","itemListElement":[{"@type":"ListItem","position":1,"name":"Home","item":"https:\/\/tropicalwingsbirds.shop\/"},{"@type":"ListItem","position":2,"name":"Shop","item":"https:\/\/tropicalwingsbirds.shop\/shop\/"},{"@type":"ListItem","position":3,"name":"Buy Goffin&#8217;s Cockatoos"}]},{"@type":"WebSite","@id":"https:\/\/tropicalwingsbirds.shop\/#website","url":"https:\/\/tropicalwingsbirds.shop\/","name":"Aves de alas tropicales","description":"Los mejores criadores de aves ex\u00f3ticas online","publisher":{"@id":"https:\/\/tropicalwingsbirds.shop\/#organization"},"potentialAction":[{"@type":"SearchAction","target":{"@type":"EntryPoint","urlTemplate":"https:\/\/tropicalwingsbirds.shop\/?s={search_term_string}"},"query-input":{"@type":"PropertyValueSpecification","valueRequired":true,"valueName":"search_term_string"}}],"inLanguage":"es"},{"@type":["Organization","Place","PetStore"],"@id":"https:\/\/tropicalwingsbirds.shop\/#organization","name":"Tropical Wings Birds Shop","alternateName":"TPWB","url":"https:\/\/tropicalwingsbirds.shop\/","logo":{"@id":"https:\/\/tropicalwingsbirds.shop\/shop\/buy-goffins-cockatoos\/#local-main-organization-logo"},"image":{"@id":"https:\/\/tropicalwingsbirds.shop\/shop\/buy-goffins-cockatoos\/#local-main-organization-logo"},"sameAs":["https:\/\/web.facebook.com\/profile.php?id=61551502767851&mibextid=2JQ9oc&_rdc=1&_rdr"],"description":"Tropical Wings Birds es su destino ideal para disfrutar de la compa\u00f1\u00eda de aves ex\u00f3ticas. Nuestro aviario boutique en Estados Unidos ofrece una cuidada selecci\u00f3n de vibrantes aves tropicales provenientes de criadores de renombre mundial. Con un enfoque en el bienestar y la experiencia, nuestro dedicado equipo est\u00e1 aqu\u00ed para guiarle en su b\u00fasqueda del compa\u00f1ero emplumado perfecto. Vis\u00edtenos hoy mismo y experimente la magia de la compa\u00f1\u00eda aviar en Tropical Wings Birds.","legalName":"Tropical Wings Birds","foundingDate":"2019-02-14","numberOfEmployees":{"@type":"QuantitativeValue","minValue":"1","maxValue":"10"},"address":{"@id":"https:\/\/tropicalwingsbirds.shop\/shop\/buy-goffins-cockatoos\/#local-main-place-address"},"geo":{"@type":"GeoCoordinates","latitude":"40.5976725","longitude":"-122.3716346"},"telephone":["+1 707-733-4623","+1 707-733-4623"],"contactPoint":{"@type":"ContactPoint","telephone":"+1 707-733-4623","email":"sales@tropicalwingsbirds.shop"},"openingHoursSpecification":{"@type":"OpeningHoursSpecification","dayOfWeek":["Monday","Tuesday","Wednesday","Thursday","Friday","Saturday","Sunday"],"opens":"00:00","closes":"23:59"},"email":"sales@tropicalwingsbirds.shop","faxNumber":"+1 707-733-4623","areaServed":"United states, Porto Rico, Canada, Australia","priceRange":"$","currenciesAccepted":"USD, CAD, AUD,","paymentAccepted":"Zelle, Paypal, Bitcoin, Apple pay, Credit cards, Bank transfers"},{"@type":"PostalAddress","@id":"https:\/\/tropicalwingsbirds.shop\/shop\/buy-goffins-cockatoos\/#local-main-place-address","streetAddress":"500 Hilltop Dr,","addressLocality":"Redding","postalCode":"96003","addressRegion":"California","addressCountry":"US"},{"@type":"ImageObject","inLanguage":"es","@id":"https:\/\/tropicalwingsbirds.shop\/shop\/buy-goffins-cockatoos\/#local-main-organization-logo","url":"https:\/\/tropicalwingsbirds.shop\/wp-content\/uploads\/2024\/01\/tropical-wings-1.webp","contentUrl":"https:\/\/tropicalwingsbirds.shop\/wp-content\/uploads\/2024\/01\/tropical-wings-1.webp","width":500,"height":500,"caption":"Tropical Wings Birds Shop"}]},"product_price_currency":"USD","og_availability":"instock","product_availability":"instock","product_condition":"new","geo.placename":"Redding","geo.position":{"lat":"40.5976725","long":"-122.3716346"},"geo.region":"Estados Unidos (EEUU)"},"_links":{"self":[{"href":"https:\/\/tropicalwingsbirds.shop\/es\/wp-json\/wp\/v2\/product\/597","targetHints":{"allow":["GET"]}}],"collection":[{"href":"https:\/\/tropicalwingsbirds.shop\/es\/wp-json\/wp\/v2\/product"}],"about":[{"href":"https:\/\/tropicalwingsbirds.shop\/es\/wp-json\/wp\/v2\/types\/product"}],"replies":[{"embeddable":true,"href":"https:\/\/tropicalwingsbirds.shop\/es\/wp-json\/wp\/v2\/comments?post=597"}],"wp:featuredmedia":[{"embeddable":true,"href":"https:\/\/tropicalwingsbirds.shop\/es\/wp-json\/wp\/v2\/media\/689"}],"wp:attachment":[{"href":"https:\/\/tropicalwingsbirds.shop\/es\/wp-json\/wp\/v2\/media?parent=597"}],"wp:term":[{"taxonomy":"product_brand","embeddable":true,"href":"https:\/\/tropicalwingsbirds.shop\/es\/wp-json\/wp\/v2\/product_brand?post=597"},{"taxonomy":"product_cat","embeddable":true,"href":"https:\/\/tropicalwingsbirds.shop\/es\/wp-json\/wp\/v2\/product_cat?post=597"},{"taxonomy":"product_tag","embeddable":true,"href":"https:\/\/tropicalwingsbirds.shop\/es\/wp-json\/wp\/v2\/product_tag?post=597"}],"curies":[{"name":"wp","href":"https:\/\/api.w.org\/{rel}","templated":true}]}}