{"id":622,"date":"2023-12-03T14:06:25","date_gmt":"2023-12-03T14:06:25","guid":{"rendered":"https:\/\/tropicalwingsbirds.shop\/?post_type=product&#038;p=622"},"modified":"2023-12-03T14:08:23","modified_gmt":"2023-12-03T14:08:23","slug":"loro-gris-africano","status":"publish","type":"product","link":"https:\/\/tropicalwingsbirds.shop\/es\/comercio\/loro-gris-africano\/","title":{"rendered":"Loro gris africano"},"content":{"rendered":"<p><span style=\"font-size: 14pt;font-family: 'comic sans ms', sans-serif\">Loro gris africano en venta<\/span><\/p>\n<p><span style=\"font-family: verdana, geneva, sans-serif\">El loro gris africano<i>s son\u00a0<\/i> Una de las aves parlantes e imitadoras m\u00e1s talentosas del planeta, lo que le ha dado una gran reputaci\u00f3n entre los aficionados a las aves. Los aficionados a las aves no solo adoran a esta inteligente ave, sino que tambi\u00e9n es una de las especies m\u00e1s reconocibles para los principiantes: todos conocen el loro gris africano en venta. Este loro es una de las especies de psit\u00e1cidas m\u00e1s antiguas criadas por el ser humano, con registros que se remontan a tiempos b\u00edblicos. Su belleza discreta y su actitud inteligente y sensata son lo que mantienen a este loro en la cima de su popularidad. <a href=\"https:\/\/timiesbirds.com\/african-grey\/\">Comprar loro gris africano en l\u00ednea<\/a><br \/> <\/span><\/p>\n<p><span style=\"font-family: verdana, geneva, sans-serif\">A primera vista, el loro gris africano es un ave gris de tama\u00f1o mediano y aspecto polvoriento, casi como una paloma, pero una investigaci\u00f3n m\u00e1s profunda revela una cola roja brillante, ojos naranjas inteligentes y un impresionante patr\u00f3n festoneado en su plumaje.<\/span><\/p>\n<h2 class=\"species-sub\"><span style=\"font-family: 'comic sans ms', sans-serif\">Regi\u00f3n nativa \/ H\u00e1bitat natural<\/span><\/h2>\n<figure id=\"attachment_5617\" class=\"wp-caption alignright\"><figcaption id=\"caption-attachment-5617\" class=\"wp-caption-text\"><\/figcaption><\/figure>\n<p><span style=\"font-family: verdana, geneva, sans-serif\">Los loros grises africanos suelen habitar sabanas, manglares costeros, bosques y lindes de claros forestales en su \u00e1rea de distribuci\u00f3n de \u00c1frica occidental y central. Su dieta en estado silvestre consiste principalmente en nueces de palma, semillas, frutos y hojas. <a href=\"https:\/\/mozillabirdsfarm.com\/care-feeding\/\">Visita el enlace M\u00e1s informaci\u00f3n sobre el cuidado y la alimentaci\u00f3n de los loros grises africanos en venta<\/a><br \/> <\/span><\/p>\n<h2 class=\"species-sub\"><span style=\"font-family: 'comic sans ms', sans-serif\">Personalidad y comportamiento<\/span><\/h2>\n<p><span style=\"font-family: verdana, geneva, sans-serif\">La mayor\u00eda de los cuidadores de aves creen que solo un aficionado a las aves con experiencia deber\u00eda tener un loro gris africano. Son loros complejos, muy sensibles y bastante exigentes. Tambi\u00e9n son encantadores e inteligentes, pero esta combinaci\u00f3n de sensibilidad e inteligencia puede provocar problemas de comportamiento. Como an\u00e9cdota, el loro gris africano tiene una actitud m\u00e1s resistente y quiz\u00e1s sea mejor para hogares con mucha gente entrando y saliendo. El loro gris africano prefiere un poco menos de caos.<\/span><\/p>\n<div id=\"4\"><\/div>\n<h2 class=\"species-sub\"><span style=\"font-family: 'comic sans ms', sans-serif\">Habla y sonido<\/span><\/h2>\n<p><span style=\"font-family: verdana, geneva, sans-serif\">Gran parte del atractivo del loro gris reside en su capacidad para hablar. Es uno de los loros m\u00e1s parlantes de la familia, capaz de repetir palabras y frases tras escucharlas una o dos veces. Esta ave alcanza su capacidad plena para hablar alrededor del a\u00f1o de edad, y la mayor\u00eda de los ejemplares se vuelven imitadores mucho antes.<\/span><\/p>\n<h2 class=\"species-sub\"><span style=\"font-family: verdana, geneva, sans-serif\">Salud y condiciones comunes<\/span><\/h2>\n<p><span style=\"font-family: verdana, geneva, sans-serif\">Los loros grises africanos son especialmente susceptibles al picoteo de plumas, deficiencia de calcio, deficiencia de vitamina A y vitamina D, infecciones respiratorias, psitacosis y enfermedades del pico y las plumas. <\/span><a href=\"https:\/\/timiesbirds.com\/health-guarantee\/\">Garant\u00eda de salud<\/a><\/p>\n<p><span style=\"font-family: verdana, geneva, sans-serif\">\u00a0<\/span><\/p>\n<p><span style=\"font-family: verdana, geneva, sans-serif\">\u00a0<\/span><\/p>","protected":false},"excerpt":{"rendered":"<div class=\"woocommerce-product-details__short-description\">\n<p>Dom\u00e9stico, joven, parlante\u00a0<strong>Beb\u00e9 loro gris africano del Congo<\/strong> En venta. Disponibles de 2 a 10 meses, machos y hembras. Emiten sonidos divertidos y hablan. Su dieta consiste en brotes, verduras, frutas, semillas y pienso. Siempre deben tener acceso a muchos columpios y juguetes. Incluyen juguetes gratis y un manual sobre loros grises africanos \/ c\u00f3mo criar un beb\u00e9.<\/p>\n<p>&nbsp;<\/p>\n<ul class=\"meta-data list-unstyled\">\n<li>\n<dl class=\"row\">\n<dt class=\"col-xs-5\">Especie: Lobo gris africano<\/dt>\n<\/dl>\n<\/li>\n<li>\n<dl class=\"row\">\n<dt class=\"col-xs-5\">Sexo :\u00a0\u00a0<strong>Masculino \/ Femenino<\/strong><\/dt>\n<\/dl>\n<\/li>\n<li>\n<dl class=\"row\">\n<dt class=\"col-xs-5\">Edad: 2<strong>-9 meses<\/strong><\/dt>\n<\/dl>\n<\/li>\n<li>\n<dl class=\"row\">\n<dt class=\"col-xs-5\">Tama\u00f1o:\u00a0 <strong>Peque\u00f1o (Destetado \u2013 Puede comer solo)<\/strong><\/dt>\n<\/dl>\n<\/li>\n<li><strong>Salud: 100% garantizado<\/strong>\n<dl class=\"row\"><\/dl>\n<dl class=\"row\">\n<dt class=\"col-xs-5\">Env\u00edo: <strong>Incluido en el precio<\/strong><\/dt>\n<\/dl>\n<dl class=\"row\">\n<dt class=\"col-xs-5\"><\/dt>\n<\/dl>\n<\/li>\n<\/ul><\/div>\n<p>&nbsp;<\/p>\n<p>&nbsp;<\/p>\n<p>&nbsp;<\/p>\n<p>&nbsp;<\/p>","protected":false},"featured_media":724,"comment_status":"closed","ping_status":"closed","template":"","meta":{"site-sidebar-layout":"default","site-content-layout":"","ast-site-content-layout":"default","site-content-style":"default","site-sidebar-style":"default","ast-global-header-display":"","ast-banner-title-visibility":"","ast-main-header-display":"","ast-hfb-above-header-display":"","ast-hfb-below-header-display":"","ast-hfb-mobile-header-display":"","site-post-title":"","ast-breadcrumbs-content":"","ast-featured-img":"","footer-sml-layout":"","theme-transparent-header-meta":"","adv-header-id-meta":"","stick-header-meta":"","header-above-stick-meta":"","header-main-stick-meta":"","header-below-stick-meta":"","astra-migrate-meta-layouts":"default","ast-page-background-enabled":"default","ast-page-background-meta":{"desktop":{"background-color":"var(--ast-global-color-4)","background-image":"","background-repeat":"repeat","background-position":"center center","background-size":"auto","background-attachment":"scroll","background-type":"","background-media":"","overlay-type":"","overlay-color":"","overlay-opacity":"","overlay-gradient":""},"tablet":{"background-color":"","background-image":"","background-repeat":"repeat","background-position":"center center","background-size":"auto","background-attachment":"scroll","background-type":"","background-media":"","overlay-type":"","overlay-color":"","overlay-opacity":"","overlay-gradient":""},"mobile":{"background-color":"","background-image":"","background-repeat":"repeat","background-position":"center center","background-size":"auto","background-attachment":"scroll","background-type":"","background-media":"","overlay-type":"","overlay-color":"","overlay-opacity":"","overlay-gradient":""}},"ast-content-background-meta":{"desktop":{"background-color":"var(--ast-global-color-5)","background-image":"","background-repeat":"repeat","background-position":"center center","background-size":"auto","background-attachment":"scroll","background-type":"","background-media":"","overlay-type":"","overlay-color":"","overlay-opacity":"","overlay-gradient":""},"tablet":{"background-color":"var(--ast-global-color-5)","background-image":"","background-repeat":"repeat","background-position":"center center","background-size":"auto","background-attachment":"scroll","background-type":"","background-media":"","overlay-type":"","overlay-color":"","overlay-opacity":"","overlay-gradient":""},"mobile":{"background-color":"var(--ast-global-color-5)","background-image":"","background-repeat":"repeat","background-position":"center center","background-size":"auto","background-attachment":"scroll","background-type":"","background-media":"","overlay-type":"","overlay-color":"","overlay-opacity":"","overlay-gradient":""}}},"product_brand":[],"product_cat":[156],"product_tag":[381,382,383,384,385,386,387,388,389,390,391,392,393,394,395,396],"class_list":{"0":"post-622","1":"product","2":"type-product","3":"status-publish","4":"has-post-thumbnail","6":"product_cat-parrots","7":"product_tag-african-grey-parrot-care","8":"product_tag-african-grey-parrot-diet","9":"product_tag-african-grey-parrot-facts","10":"product_tag-african-grey-parrot-for-sale","11":"product_tag-african-grey-parrot-for-sale-kuwait","12":"product_tag-african-grey-parrot-for-sale-near-me","13":"product_tag-african-grey-parrot-for-sale-oman","14":"product_tag-african-grey-parrot-for-sale-thialand","15":"product_tag-african-grey-parrot-for-sale-uae","16":"product_tag-african-grey-parrot-for-sale-uk","17":"product_tag-african-grey-parrot-for-sale-usa","18":"product_tag-african-grey-parrot-intelligence","19":"product_tag-african-grey-parrot-lifespan","20":"product_tag-african-grey-parrot-talking","21":"product_tag-african-grey-parrot-talking-for-sale","22":"product_tag-african-grey-parrots-for-sale","23":"desktop-align-left","24":"tablet-align-left","25":"mobile-align-left","26":"ast-product-gallery-layout-horizontal-slider","27":"ast-product-tabs-layout-horizontal","28":"ast-qv-on-image","30":"first","31":"instock","32":"shipping-taxable","33":"product-type-simple"},"yoast_head":"<!-- This site is optimized with the Yoast SEO Premium plugin v23.2 (Yoast SEO v26.8) - https:\/\/yoast.com\/product\/yoast-seo-premium-wordpress\/ -->\n<title>African Grey Parrot - Tropical Wings Birds<\/title>\n<meta name=\"robots\" content=\"index, follow, max-snippet:-1, max-image-preview:large, max-video-preview:-1\" \/>\n<link rel=\"canonical\" href=\"https:\/\/tropicalwingsbirds.shop\/es\/comercio\/loro-gris-africano\/\" \/>\n<meta property=\"og:locale\" content=\"es_ES\" \/>\n<meta property=\"og:type\" content=\"article\" \/>\n<meta property=\"og:title\" content=\"African Grey Parrot\" \/>\n<meta property=\"og:description\" content=\"Tame, young, talking\u00a0Baby African Grey Congo Parrot for sale. 2 to 10 old months Available,\u00a0 male and female.\u00a0 They make some entertaining sounds and talking. Their diet consists of sprouts, veggies, fruits, seeds, and pellets. They should always have access to lots of swings and toys. They will come with free toys and a manual\u00a0 About African grey \u00a0\/ raise a baby parrot. &nbsp;  Species: African Grey   Sex :\u00a0\u00a0Male \/ Female   Age :\u00a0 2-9 months   Size:\u00a0 Small (Weaned \u2013 Can eat by themselves)  Health: 100% guaranteed  Shipping: Inclusive in Price    &nbsp; &nbsp; &nbsp; &nbsp;\" \/>\n<meta property=\"og:url\" content=\"https:\/\/tropicalwingsbirds.shop\/es\/comercio\/loro-gris-africano\/\" \/>\n<meta property=\"og:site_name\" content=\"Tropical Wings Birds\" \/>\n<meta property=\"article:publisher\" content=\"https:\/\/web.facebook.com\/profile.php?id=61551502767851&amp;mibextid=2JQ9oc&amp;_rdc=1&amp;_rdr\" \/>\n<meta property=\"article:modified_time\" content=\"2023-12-03T14:08:23+00:00\" \/>\n<meta property=\"og:image\" content=\"https:\/\/tropicalwingsbirds.shop\/wp-content\/uploads\/2023\/12\/WhatsApp-Image-2021-04-10-at-05.45.40.jpeg\" \/>\n\t<meta property=\"og:image:width\" content=\"1080\" \/>\n\t<meta property=\"og:image:height\" content=\"1080\" \/>\n\t<meta property=\"og:image:type\" content=\"image\/jpeg\" \/>\n<meta name=\"twitter:card\" content=\"summary_large_image\" \/>\n<meta name=\"twitter:label1\" content=\"Precio\" \/>\n\t<meta name=\"twitter:data1\" content=\"\" \/>\n\t<meta name=\"twitter:label2\" content=\"Disponibilidad\" \/>\n\t<meta name=\"twitter:data2\" content=\"Disponible\" \/>\n<script type=\"application\/ld+json\" class=\"yoast-schema-graph\">{\"@context\":\"https:\/\/schema.org\",\"@graph\":[{\"@type\":\"WebPage\",\"@id\":\"https:\/\/tropicalwingsbirds.shop\/shop\/african-grey-parrot\/\",\"url\":\"https:\/\/tropicalwingsbirds.shop\/shop\/african-grey-parrot\/\",\"name\":\"African Grey Parrot - Tropical Wings Birds\",\"isPartOf\":{\"@id\":\"https:\/\/tropicalwingsbirds.shop\/#website\"},\"primaryImageOfPage\":{\"@id\":\"https:\/\/tropicalwingsbirds.shop\/shop\/african-grey-parrot\/#primaryimage\"},\"image\":{\"@id\":\"https:\/\/tropicalwingsbirds.shop\/shop\/african-grey-parrot\/#primaryimage\"},\"thumbnailUrl\":\"https:\/\/tropicalwingsbirds.shop\/wp-content\/uploads\/2023\/12\/WhatsApp-Image-2021-04-10-at-05.45.40.jpeg\",\"datePublished\":\"2023-12-03T14:06:25+00:00\",\"dateModified\":\"2023-12-03T14:08:23+00:00\",\"breadcrumb\":{\"@id\":\"https:\/\/tropicalwingsbirds.shop\/shop\/african-grey-parrot\/#breadcrumb\"},\"inLanguage\":\"es\",\"potentialAction\":[{\"@type\":\"ReadAction\",\"target\":[\"https:\/\/tropicalwingsbirds.shop\/shop\/african-grey-parrot\/\"]}]},{\"@type\":\"ImageObject\",\"inLanguage\":\"es\",\"@id\":\"https:\/\/tropicalwingsbirds.shop\/shop\/african-grey-parrot\/#primaryimage\",\"url\":\"https:\/\/tropicalwingsbirds.shop\/wp-content\/uploads\/2023\/12\/WhatsApp-Image-2021-04-10-at-05.45.40.jpeg\",\"contentUrl\":\"https:\/\/tropicalwingsbirds.shop\/wp-content\/uploads\/2023\/12\/WhatsApp-Image-2021-04-10-at-05.45.40.jpeg\",\"width\":1080,\"height\":1080},{\"@type\":\"BreadcrumbList\",\"@id\":\"https:\/\/tropicalwingsbirds.shop\/shop\/african-grey-parrot\/#breadcrumb\",\"itemListElement\":[{\"@type\":\"ListItem\",\"position\":1,\"name\":\"Home\",\"item\":\"https:\/\/tropicalwingsbirds.shop\/\"},{\"@type\":\"ListItem\",\"position\":2,\"name\":\"Shop\",\"item\":\"https:\/\/tropicalwingsbirds.shop\/shop\/\"},{\"@type\":\"ListItem\",\"position\":3,\"name\":\"African Grey Parrot\"}]},{\"@type\":\"WebSite\",\"@id\":\"https:\/\/tropicalwingsbirds.shop\/#website\",\"url\":\"https:\/\/tropicalwingsbirds.shop\/\",\"name\":\"Tropical Wings Birds\",\"description\":\"Best Exotic birds breeders online\",\"publisher\":{\"@id\":\"https:\/\/tropicalwingsbirds.shop\/#organization\"},\"potentialAction\":[{\"@type\":\"SearchAction\",\"target\":{\"@type\":\"EntryPoint\",\"urlTemplate\":\"https:\/\/tropicalwingsbirds.shop\/?s={search_term_string}\"},\"query-input\":{\"@type\":\"PropertyValueSpecification\",\"valueRequired\":true,\"valueName\":\"search_term_string\"}}],\"inLanguage\":\"es\"},{\"@type\":[\"Organization\",\"Place\",\"PetStore\"],\"@id\":\"https:\/\/tropicalwingsbirds.shop\/#organization\",\"name\":\"Tropical Wings Birds Shop\",\"alternateName\":\"TPWB\",\"url\":\"https:\/\/tropicalwingsbirds.shop\/\",\"logo\":{\"@id\":\"https:\/\/tropicalwingsbirds.shop\/shop\/african-grey-parrot\/#local-main-organization-logo\"},\"image\":{\"@id\":\"https:\/\/tropicalwingsbirds.shop\/shop\/african-grey-parrot\/#local-main-organization-logo\"},\"sameAs\":[\"https:\/\/web.facebook.com\/profile.php?id=61551502767851&mibextid=2JQ9oc&_rdc=1&_rdr\"],\"description\":\"Tropical Wings Birds is your destination for exotic avian companionship. Our boutique aviary in United States offers a curated selection of vibrant tropical birds sourced from reputable breeders worldwide. With a focus on welfare and expertise, our dedicated team is here to guide you on your journey to finding the perfect feathered friend. Visit us today and experience the magic of avian companionship at Tropical Wings Birds.\",\"legalName\":\"Tropical Wings Birds\",\"foundingDate\":\"2019-02-14\",\"numberOfEmployees\":{\"@type\":\"QuantitativeValue\",\"minValue\":\"1\",\"maxValue\":\"10\"},\"address\":{\"@id\":\"https:\/\/tropicalwingsbirds.shop\/shop\/african-grey-parrot\/#local-main-place-address\"},\"geo\":{\"@type\":\"GeoCoordinates\",\"latitude\":\"40.5976725\",\"longitude\":\"-122.3716346\"},\"telephone\":[\"+1 707-733-4623\",\"+1 707-733-4623\"],\"contactPoint\":{\"@type\":\"ContactPoint\",\"telephone\":\"+1 707-733-4623\",\"email\":\"sales@tropicalwingsbirds.shop\"},\"openingHoursSpecification\":{\"@type\":\"OpeningHoursSpecification\",\"dayOfWeek\":[\"Monday\",\"Tuesday\",\"Wednesday\",\"Thursday\",\"Friday\",\"Saturday\",\"Sunday\"],\"opens\":\"00:00\",\"closes\":\"23:59\"},\"email\":\"sales@tropicalwingsbirds.shop\",\"faxNumber\":\"+1 707-733-4623\",\"areaServed\":\"United states, Porto Rico, Canada, Australia\",\"priceRange\":\"$\",\"currenciesAccepted\":\"USD, CAD, AUD,\",\"paymentAccepted\":\"Zelle, Paypal, Bitcoin, Apple pay, Credit cards, Bank transfers\"},{\"@type\":\"PostalAddress\",\"@id\":\"https:\/\/tropicalwingsbirds.shop\/shop\/african-grey-parrot\/#local-main-place-address\",\"streetAddress\":\"500 Hilltop Dr,\",\"addressLocality\":\"Redding\",\"postalCode\":\"96003\",\"addressRegion\":\"California\",\"addressCountry\":\"US\"},{\"@type\":\"ImageObject\",\"inLanguage\":\"es\",\"@id\":\"https:\/\/tropicalwingsbirds.shop\/shop\/african-grey-parrot\/#local-main-organization-logo\",\"url\":\"https:\/\/tropicalwingsbirds.shop\/wp-content\/uploads\/2024\/01\/tropical-wings-1.webp\",\"contentUrl\":\"https:\/\/tropicalwingsbirds.shop\/wp-content\/uploads\/2024\/01\/tropical-wings-1.webp\",\"width\":500,\"height\":500,\"caption\":\"Tropical Wings Birds Shop\"}]}<\/script>\n<meta property=\"product:price:currency\" content=\"USD\" \/>\n<meta property=\"og:availability\" content=\"instock\" \/>\n<meta property=\"product:availability\" content=\"instock\" \/>\n<meta property=\"product:condition\" content=\"new\" \/>\n<meta name=\"geo.placename\" content=\"Redding\" \/>\n<meta name=\"geo.position\" content=\"40.5976725;-122.3716346\" \/>\n<meta name=\"geo.region\" content=\"Estados Unidos (EEUU)\" \/>\n<!-- \/ Yoast SEO Premium plugin. -->","yoast_head_json":{"title":"Loro gris africano - Aves de alas tropicales","robots":{"index":"index","follow":"follow","max-snippet":"max-snippet:-1","max-image-preview":"max-image-preview:large","max-video-preview":"max-video-preview:-1"},"canonical":"https:\/\/tropicalwingsbirds.shop\/es\/comercio\/loro-gris-africano\/","og_locale":"es_ES","og_type":"article","og_title":"African Grey Parrot","og_description":"Tame, young, talking\u00a0Baby African Grey Congo Parrot for sale. 2 to 10 old months Available,\u00a0 male and female.\u00a0 They make some entertaining sounds and talking. Their diet consists of sprouts, veggies, fruits, seeds, and pellets. They should always have access to lots of swings and toys. They will come with free toys and a manual\u00a0 About African grey \u00a0\/ raise a baby parrot. &nbsp;  Species: African Grey   Sex :\u00a0\u00a0Male \/ Female   Age :\u00a0 2-9 months   Size:\u00a0 Small (Weaned \u2013 Can eat by themselves)  Health: 100% guaranteed  Shipping: Inclusive in Price    &nbsp; &nbsp; &nbsp; &nbsp;","og_url":"https:\/\/tropicalwingsbirds.shop\/es\/comercio\/loro-gris-africano\/","og_site_name":"Tropical Wings Birds","article_publisher":"https:\/\/web.facebook.com\/profile.php?id=61551502767851&mibextid=2JQ9oc&_rdc=1&_rdr","article_modified_time":"2023-12-03T14:08:23+00:00","og_image":[{"width":1080,"height":1080,"url":"https:\/\/tropicalwingsbirds.shop\/wp-content\/uploads\/2023\/12\/WhatsApp-Image-2021-04-10-at-05.45.40.jpeg","type":"image\/jpeg"}],"twitter_card":"summary_large_image","twitter_misc":{"Precio":"","Disponibilidad":"Disponible"},"schema":{"@context":"https:\/\/schema.org","@graph":[{"@type":"WebPage","@id":"https:\/\/tropicalwingsbirds.shop\/shop\/african-grey-parrot\/","url":"https:\/\/tropicalwingsbirds.shop\/shop\/african-grey-parrot\/","name":"Loro gris africano - Aves de alas tropicales","isPartOf":{"@id":"https:\/\/tropicalwingsbirds.shop\/#website"},"primaryImageOfPage":{"@id":"https:\/\/tropicalwingsbirds.shop\/shop\/african-grey-parrot\/#primaryimage"},"image":{"@id":"https:\/\/tropicalwingsbirds.shop\/shop\/african-grey-parrot\/#primaryimage"},"thumbnailUrl":"https:\/\/tropicalwingsbirds.shop\/wp-content\/uploads\/2023\/12\/WhatsApp-Image-2021-04-10-at-05.45.40.jpeg","datePublished":"2023-12-03T14:06:25+00:00","dateModified":"2023-12-03T14:08:23+00:00","breadcrumb":{"@id":"https:\/\/tropicalwingsbirds.shop\/shop\/african-grey-parrot\/#breadcrumb"},"inLanguage":"es","potentialAction":[{"@type":"ReadAction","target":["https:\/\/tropicalwingsbirds.shop\/shop\/african-grey-parrot\/"]}]},{"@type":"ImageObject","inLanguage":"es","@id":"https:\/\/tropicalwingsbirds.shop\/shop\/african-grey-parrot\/#primaryimage","url":"https:\/\/tropicalwingsbirds.shop\/wp-content\/uploads\/2023\/12\/WhatsApp-Image-2021-04-10-at-05.45.40.jpeg","contentUrl":"https:\/\/tropicalwingsbirds.shop\/wp-content\/uploads\/2023\/12\/WhatsApp-Image-2021-04-10-at-05.45.40.jpeg","width":1080,"height":1080},{"@type":"BreadcrumbList","@id":"https:\/\/tropicalwingsbirds.shop\/shop\/african-grey-parrot\/#breadcrumb","itemListElement":[{"@type":"ListItem","position":1,"name":"Home","item":"https:\/\/tropicalwingsbirds.shop\/"},{"@type":"ListItem","position":2,"name":"Shop","item":"https:\/\/tropicalwingsbirds.shop\/shop\/"},{"@type":"ListItem","position":3,"name":"African Grey Parrot"}]},{"@type":"WebSite","@id":"https:\/\/tropicalwingsbirds.shop\/#website","url":"https:\/\/tropicalwingsbirds.shop\/","name":"Aves de alas tropicales","description":"Los mejores criadores de aves ex\u00f3ticas online","publisher":{"@id":"https:\/\/tropicalwingsbirds.shop\/#organization"},"potentialAction":[{"@type":"SearchAction","target":{"@type":"EntryPoint","urlTemplate":"https:\/\/tropicalwingsbirds.shop\/?s={search_term_string}"},"query-input":{"@type":"PropertyValueSpecification","valueRequired":true,"valueName":"search_term_string"}}],"inLanguage":"es"},{"@type":["Organization","Place","PetStore"],"@id":"https:\/\/tropicalwingsbirds.shop\/#organization","name":"Tropical Wings Birds Shop","alternateName":"TPWB","url":"https:\/\/tropicalwingsbirds.shop\/","logo":{"@id":"https:\/\/tropicalwingsbirds.shop\/shop\/african-grey-parrot\/#local-main-organization-logo"},"image":{"@id":"https:\/\/tropicalwingsbirds.shop\/shop\/african-grey-parrot\/#local-main-organization-logo"},"sameAs":["https:\/\/web.facebook.com\/profile.php?id=61551502767851&mibextid=2JQ9oc&_rdc=1&_rdr"],"description":"Tropical Wings Birds es su destino ideal para disfrutar de la compa\u00f1\u00eda de aves ex\u00f3ticas. Nuestro aviario boutique en Estados Unidos ofrece una cuidada selecci\u00f3n de vibrantes aves tropicales provenientes de criadores de renombre mundial. Con un enfoque en el bienestar y la experiencia, nuestro dedicado equipo est\u00e1 aqu\u00ed para guiarle en su b\u00fasqueda del compa\u00f1ero emplumado perfecto. Vis\u00edtenos hoy mismo y experimente la magia de la compa\u00f1\u00eda aviar en Tropical Wings Birds.","legalName":"Tropical Wings Birds","foundingDate":"2019-02-14","numberOfEmployees":{"@type":"QuantitativeValue","minValue":"1","maxValue":"10"},"address":{"@id":"https:\/\/tropicalwingsbirds.shop\/shop\/african-grey-parrot\/#local-main-place-address"},"geo":{"@type":"GeoCoordinates","latitude":"40.5976725","longitude":"-122.3716346"},"telephone":["+1 707-733-4623","+1 707-733-4623"],"contactPoint":{"@type":"ContactPoint","telephone":"+1 707-733-4623","email":"sales@tropicalwingsbirds.shop"},"openingHoursSpecification":{"@type":"OpeningHoursSpecification","dayOfWeek":["Monday","Tuesday","Wednesday","Thursday","Friday","Saturday","Sunday"],"opens":"00:00","closes":"23:59"},"email":"sales@tropicalwingsbirds.shop","faxNumber":"+1 707-733-4623","areaServed":"United states, Porto Rico, Canada, Australia","priceRange":"$","currenciesAccepted":"USD, CAD, AUD,","paymentAccepted":"Zelle, Paypal, Bitcoin, Apple pay, Credit cards, Bank transfers"},{"@type":"PostalAddress","@id":"https:\/\/tropicalwingsbirds.shop\/shop\/african-grey-parrot\/#local-main-place-address","streetAddress":"500 Hilltop Dr,","addressLocality":"Redding","postalCode":"96003","addressRegion":"California","addressCountry":"US"},{"@type":"ImageObject","inLanguage":"es","@id":"https:\/\/tropicalwingsbirds.shop\/shop\/african-grey-parrot\/#local-main-organization-logo","url":"https:\/\/tropicalwingsbirds.shop\/wp-content\/uploads\/2024\/01\/tropical-wings-1.webp","contentUrl":"https:\/\/tropicalwingsbirds.shop\/wp-content\/uploads\/2024\/01\/tropical-wings-1.webp","width":500,"height":500,"caption":"Tropical Wings Birds Shop"}]},"product_price_currency":"USD","og_availability":"instock","product_availability":"instock","product_condition":"new","geo.placename":"Redding","geo.position":{"lat":"40.5976725","long":"-122.3716346"},"geo.region":"Estados Unidos (EEUU)"},"_links":{"self":[{"href":"https:\/\/tropicalwingsbirds.shop\/es\/wp-json\/wp\/v2\/product\/622","targetHints":{"allow":["GET"]}}],"collection":[{"href":"https:\/\/tropicalwingsbirds.shop\/es\/wp-json\/wp\/v2\/product"}],"about":[{"href":"https:\/\/tropicalwingsbirds.shop\/es\/wp-json\/wp\/v2\/types\/product"}],"replies":[{"embeddable":true,"href":"https:\/\/tropicalwingsbirds.shop\/es\/wp-json\/wp\/v2\/comments?post=622"}],"wp:featuredmedia":[{"embeddable":true,"href":"https:\/\/tropicalwingsbirds.shop\/es\/wp-json\/wp\/v2\/media\/724"}],"wp:attachment":[{"href":"https:\/\/tropicalwingsbirds.shop\/es\/wp-json\/wp\/v2\/media?parent=622"}],"wp:term":[{"taxonomy":"product_brand","embeddable":true,"href":"https:\/\/tropicalwingsbirds.shop\/es\/wp-json\/wp\/v2\/product_brand?post=622"},{"taxonomy":"product_cat","embeddable":true,"href":"https:\/\/tropicalwingsbirds.shop\/es\/wp-json\/wp\/v2\/product_cat?post=622"},{"taxonomy":"product_tag","embeddable":true,"href":"https:\/\/tropicalwingsbirds.shop\/es\/wp-json\/wp\/v2\/product_tag?post=622"}],"curies":[{"name":"wp","href":"https:\/\/api.w.org\/{rel}","templated":true}]}}