{"id":947,"date":"2023-12-03T14:33:47","date_gmt":"2023-12-03T14:33:47","guid":{"rendered":"https:\/\/tropicalwingsbirds.shop\/?post_type=product&#038;p=947"},"modified":"2026-04-17T22:03:51","modified_gmt":"2026-04-17T22:03:51","slug":"criadora-de-viveros-r-com-r-com-icu-mx-bs500n","status":"publish","type":"product","link":"https:\/\/tropicalwingsbirds.shop\/es\/comercio\/criadora-de-viveros-r-com-r-com-icu-mx-bs500n\/","title":{"rendered":"Criadora de viveros R-COM MX-BS500N"},"content":{"rendered":"<h1>Criadora-Guarder\u00eda R-COM UCI MX-BS500N<\/h1>\n<p>Criadora-Guarder\u00eda R-COM UCI MX-BS500N, <b>Debido al aumento de la demanda, hemos reducido temporalmente la selecci\u00f3n de productos disponibles para entrega en su regi\u00f3n. Estamos trabajando para mejorar la disponibilidad de la selecci\u00f3n lo antes posible. <\/b>Criadora de aves y animales peque\u00f1os R-Com MX-BS500 N. R-COM <a href=\"https:\/\/en.wikipedia.org\/wiki\/Incubator_(egg)\">Criadora-Guarder\u00eda<\/a> UCI MX-BS500N.<\/p>\n<h2 class=\"default\">Descripci\u00f3n del Producto<\/h2>\n<div id=\"productDescription\" class=\"a-section a-spacing-small\">\n<p>R-COM <a href=\"https:\/\/birdmanspetsource.com\/product\/hyacinth-macaw-9\/\">DIGITAL<\/a> CRIANZA GRANDE MX-BS500 N UNIDAD ICU. Fabricada por el l\u00edder en incubadoras digitales, la criadora\/UCI para aves R-COM es imprescindible para todo criador de aves que mantenga a sus pollitos en una criadora sofisticada. Esta unidad mejorar\u00e1 enormemente la facilidad y la tasa de \u00e9xito de la cr\u00eda, incluso de las especies m\u00e1s sensibles. Ya sea que cr\u00ede cr\u00edas desde el primer d\u00eda o necesite una unidad ICU, esta criadora lo hace todo. Control autom\u00e1tico de temperatura, control de humedad, suministro de aniones, bandeja grande para especies peque\u00f1as y grandes, esta criadora lo tiene todo. Controles f\u00e1ciles de entender a trav\u00e9s de una de las criadoras para aves m\u00e1s sofisticadas y avanzadas del mercado. Solo una empresa tan innovadora como R-com puede ofrecerle esta magn\u00edfica unidad. FUNCI\u00d3N PRINCIPAL: Mejora innovadora de la estabilidad y la durabilidad con el sistema de calefacci\u00f3n centralizado que aplica el elemento de memoria PTC del sistema de calefacci\u00f3n con pel\u00edcula de carbono. Filtro antibi\u00f3tico\/desodorante incorporado para aire exterior. Funci\u00f3n de activaci\u00f3n de aniones integrada. Bomba de agua incluida para humidificaci\u00f3n. Reduce hasta un 40% de consumo el\u00e9ctrico en comparaci\u00f3n con productos existentes. FUNCI\u00d3N F\u00c1CIL: Control y ajuste autom\u00e1tico de temperatura y humedad. Bandeja de cr\u00eda empotrada para una f\u00e1cil limpieza. Regulador de intensidad de 10 niveles para el control de la iluminaci\u00f3n interior. Puerta giratoria. Sistema de humidificaci\u00f3n con calefacci\u00f3n PTC que elimina g\u00e9rmenes. Reduce el ruido del ventilador dentro de las criadoras y proporciona un ambiente m\u00e1s agradable (69db). OTRA FUNCI\u00d3N: Ventilador BLDC para un control \u00f3ptimo de las condiciones internas. Dise\u00f1o exterior elegante y distribuci\u00f3n \u00f3ptima del espacio interior. Funci\u00f3n de alarma en caso de temperatura anormal. TAMA\u00d1O: Esta es la criadora mediana R-Com que mide 64 cm de ancho x 47 cm de adelante hacia atr\u00e1s x 44 cm de alto.<\/p>\n<\/p><\/div>\n<p>&nbsp;<\/p>","protected":false},"excerpt":{"rendered":"<p>Humedad y temperatura TOTALMENTE autom\u00e1tica con 1 a\u00f1o de garant\u00eda<br \/> MPN: MX-BS 500N<br \/> Modelo: MX-BS 500N<br \/> Tipo: Criadora de UCI<br \/> C\u00f3digo postal: 0738283665349<br \/> Tipo: Incubadoras digitales<br \/> Marca: R-com rcom<\/p>","protected":false},"featured_media":1040,"comment_status":"closed","ping_status":"closed","template":"","meta":{"site-sidebar-layout":"","site-content-layout":"","ast-site-content-layout":"","site-content-style":"","site-sidebar-style":"","ast-global-header-display":"","ast-banner-title-visibility":"","ast-main-header-display":"","ast-hfb-above-header-display":"","ast-hfb-below-header-display":"","ast-hfb-mobile-header-display":"","site-post-title":"","ast-breadcrumbs-content":"","ast-featured-img":"","footer-sml-layout":"","theme-transparent-header-meta":"","adv-header-id-meta":"","stick-header-meta":"","header-above-stick-meta":"","header-main-stick-meta":"","header-below-stick-meta":"","astra-migrate-meta-layouts":"","ast-page-background-enabled":"default","ast-page-background-meta":{"desktop":{"background-color":"var(--ast-global-color-4)","background-image":"","background-repeat":"repeat","background-position":"center center","background-size":"auto","background-attachment":"scroll","background-type":"","background-media":"","overlay-type":"","overlay-color":"","overlay-opacity":"","overlay-gradient":""},"tablet":{"background-color":"","background-image":"","background-repeat":"repeat","background-position":"center center","background-size":"auto","background-attachment":"scroll","background-type":"","background-media":"","overlay-type":"","overlay-color":"","overlay-opacity":"","overlay-gradient":""},"mobile":{"background-color":"","background-image":"","background-repeat":"repeat","background-position":"center center","background-size":"auto","background-attachment":"scroll","background-type":"","background-media":"","overlay-type":"","overlay-color":"","overlay-opacity":"","overlay-gradient":""}},"ast-content-background-meta":{"desktop":{"background-color":"var(--ast-global-color-5)","background-image":"","background-repeat":"repeat","background-position":"center center","background-size":"auto","background-attachment":"scroll","background-type":"","background-media":"","overlay-type":"","overlay-color":"","overlay-opacity":"","overlay-gradient":""},"tablet":{"background-color":"var(--ast-global-color-5)","background-image":"","background-repeat":"repeat","background-position":"center center","background-size":"auto","background-attachment":"scroll","background-type":"","background-media":"","overlay-type":"","overlay-color":"","overlay-opacity":"","overlay-gradient":""},"mobile":{"background-color":"var(--ast-global-color-5)","background-image":"","background-repeat":"repeat","background-position":"center center","background-size":"auto","background-attachment":"scroll","background-type":"","background-media":"","overlay-type":"","overlay-color":"","overlay-opacity":"","overlay-gradient":""}}},"product_brand":[],"product_cat":[2316],"product_tag":[460],"class_list":{"0":"post-947","1":"product","2":"type-product","3":"status-publish","4":"has-post-thumbnail","6":"product_cat-incubators-brooders-2","7":"product_tag-digital-incubators","8":"desktop-align-left","9":"tablet-align-left","10":"mobile-align-left","11":"ast-product-gallery-layout-horizontal-slider","12":"ast-product-tabs-layout-horizontal","13":"ast-qv-on-image","15":"first","16":"instock","17":"shipping-taxable","18":"product-type-simple"},"yoast_head":"<!-- This site is optimized with the Yoast SEO Premium plugin v23.2 (Yoast SEO v26.8) - https:\/\/yoast.com\/product\/yoast-seo-premium-wordpress\/ -->\n<title>R-COM RCOM Brooder Nursery ICU MX-BS500N | Tropical Wings<\/title>\n<meta name=\"description\" content=\"Shop the r-com rcom brooder nursery icu mx-bs500n from Tropical Wings Birds \u2014 professional-grade bird breeding equipment trusted by breeders worldwide....\" \/>\n<meta name=\"robots\" content=\"index, follow, max-snippet:-1, max-image-preview:large, max-video-preview:-1\" \/>\n<link rel=\"canonical\" href=\"https:\/\/tropicalwingsbirds.shop\/es\/comercio\/criadora-de-viveros-r-com-r-com-icu-mx-bs500n\/\" \/>\n<meta property=\"og:locale\" content=\"es_ES\" \/>\n<meta property=\"og:type\" content=\"article\" \/>\n<meta property=\"og:title\" content=\"R-COM RCOM Brooder Nursery ICU MX-BS500N\" \/>\n<meta property=\"og:description\" content=\"Shop the r-com rcom brooder nursery icu mx-bs500n from Tropical Wings Birds \u2014 professional-grade bird breeding equipment trusted by breeders worldwide....\" \/>\n<meta property=\"og:url\" content=\"https:\/\/tropicalwingsbirds.shop\/es\/comercio\/criadora-de-viveros-r-com-r-com-icu-mx-bs500n\/\" \/>\n<meta property=\"og:site_name\" content=\"Tropical Wings Birds\" \/>\n<meta property=\"article:publisher\" content=\"https:\/\/web.facebook.com\/profile.php?id=61551502767851&amp;mibextid=2JQ9oc&amp;_rdc=1&amp;_rdr\" \/>\n<meta property=\"article:modified_time\" content=\"2026-04-17T22:03:51+00:00\" \/>\n<meta property=\"og:image\" content=\"https:\/\/tropicalwingsbirds.shop\/wp-content\/uploads\/2023\/12\/7-92788334_349889283_348908230984_n.jpg\" \/>\n\t<meta property=\"og:image:width\" content=\"500\" \/>\n\t<meta property=\"og:image:height\" content=\"434\" \/>\n\t<meta property=\"og:image:type\" content=\"image\/jpeg\" \/>\n<meta name=\"twitter:card\" content=\"summary_large_image\" \/>\n<meta name=\"twitter:label1\" content=\"Precio\" \/>\n\t<meta name=\"twitter:data1\" content=\"\" \/>\n\t<meta name=\"twitter:label2\" content=\"Disponibilidad\" \/>\n\t<meta name=\"twitter:data2\" content=\"Disponible\" \/>\n<script type=\"application\/ld+json\" class=\"yoast-schema-graph\">{\"@context\":\"https:\/\/schema.org\",\"@graph\":[{\"@type\":\"WebPage\",\"@id\":\"https:\/\/tropicalwingsbirds.shop\/shop\/r-com-rcom-brooder-nursery-icu-mx-bs500n\/\",\"url\":\"https:\/\/tropicalwingsbirds.shop\/shop\/r-com-rcom-brooder-nursery-icu-mx-bs500n\/\",\"name\":\"R-COM RCOM Brooder Nursery ICU MX-BS500N | Tropical Wings\",\"isPartOf\":{\"@id\":\"https:\/\/tropicalwingsbirds.shop\/#website\"},\"primaryImageOfPage\":{\"@id\":\"https:\/\/tropicalwingsbirds.shop\/shop\/r-com-rcom-brooder-nursery-icu-mx-bs500n\/#primaryimage\"},\"image\":{\"@id\":\"https:\/\/tropicalwingsbirds.shop\/shop\/r-com-rcom-brooder-nursery-icu-mx-bs500n\/#primaryimage\"},\"thumbnailUrl\":\"https:\/\/tropicalwingsbirds.shop\/wp-content\/uploads\/2023\/12\/7-92788334_349889283_348908230984_n.jpg\",\"datePublished\":\"2023-12-03T14:33:47+00:00\",\"dateModified\":\"2026-04-17T22:03:51+00:00\",\"description\":\"Shop the r-com rcom brooder nursery icu mx-bs500n from Tropical Wings Birds \u2014 professional-grade bird breeding equipment trusted by breeders worldwide....\",\"breadcrumb\":{\"@id\":\"https:\/\/tropicalwingsbirds.shop\/shop\/r-com-rcom-brooder-nursery-icu-mx-bs500n\/#breadcrumb\"},\"inLanguage\":\"es\",\"potentialAction\":[{\"@type\":\"ReadAction\",\"target\":[\"https:\/\/tropicalwingsbirds.shop\/shop\/r-com-rcom-brooder-nursery-icu-mx-bs500n\/\"]}]},{\"@type\":\"ImageObject\",\"inLanguage\":\"es\",\"@id\":\"https:\/\/tropicalwingsbirds.shop\/shop\/r-com-rcom-brooder-nursery-icu-mx-bs500n\/#primaryimage\",\"url\":\"https:\/\/tropicalwingsbirds.shop\/wp-content\/uploads\/2023\/12\/7-92788334_349889283_348908230984_n.jpg\",\"contentUrl\":\"https:\/\/tropicalwingsbirds.shop\/wp-content\/uploads\/2023\/12\/7-92788334_349889283_348908230984_n.jpg\",\"width\":500,\"height\":434},{\"@type\":\"BreadcrumbList\",\"@id\":\"https:\/\/tropicalwingsbirds.shop\/shop\/r-com-rcom-brooder-nursery-icu-mx-bs500n\/#breadcrumb\",\"itemListElement\":[{\"@type\":\"ListItem\",\"position\":1,\"name\":\"Home\",\"item\":\"https:\/\/tropicalwingsbirds.shop\/\"},{\"@type\":\"ListItem\",\"position\":2,\"name\":\"Shop\",\"item\":\"https:\/\/tropicalwingsbirds.shop\/shop\/\"},{\"@type\":\"ListItem\",\"position\":3,\"name\":\"R-COM RCOM Brooder Nursery ICU MX-BS500N\"}]},{\"@type\":\"WebSite\",\"@id\":\"https:\/\/tropicalwingsbirds.shop\/#website\",\"url\":\"https:\/\/tropicalwingsbirds.shop\/\",\"name\":\"Tropical Wings Birds\",\"description\":\"Best Exotic birds breeders online\",\"publisher\":{\"@id\":\"https:\/\/tropicalwingsbirds.shop\/#organization\"},\"potentialAction\":[{\"@type\":\"SearchAction\",\"target\":{\"@type\":\"EntryPoint\",\"urlTemplate\":\"https:\/\/tropicalwingsbirds.shop\/?s={search_term_string}\"},\"query-input\":{\"@type\":\"PropertyValueSpecification\",\"valueRequired\":true,\"valueName\":\"search_term_string\"}}],\"inLanguage\":\"es\"},{\"@type\":[\"Organization\",\"Place\",\"PetStore\"],\"@id\":\"https:\/\/tropicalwingsbirds.shop\/#organization\",\"name\":\"Tropical Wings Birds Shop\",\"alternateName\":\"TPWB\",\"url\":\"https:\/\/tropicalwingsbirds.shop\/\",\"logo\":{\"@id\":\"https:\/\/tropicalwingsbirds.shop\/shop\/r-com-rcom-brooder-nursery-icu-mx-bs500n\/#local-main-organization-logo\"},\"image\":{\"@id\":\"https:\/\/tropicalwingsbirds.shop\/shop\/r-com-rcom-brooder-nursery-icu-mx-bs500n\/#local-main-organization-logo\"},\"sameAs\":[\"https:\/\/web.facebook.com\/profile.php?id=61551502767851&mibextid=2JQ9oc&_rdc=1&_rdr\"],\"description\":\"Tropical Wings Birds is your destination for exotic avian companionship. Our boutique aviary in United States offers a curated selection of vibrant tropical birds sourced from reputable breeders worldwide. With a focus on welfare and expertise, our dedicated team is here to guide you on your journey to finding the perfect feathered friend. Visit us today and experience the magic of avian companionship at Tropical Wings Birds.\",\"legalName\":\"Tropical Wings Birds\",\"foundingDate\":\"2019-02-14\",\"numberOfEmployees\":{\"@type\":\"QuantitativeValue\",\"minValue\":\"1\",\"maxValue\":\"10\"},\"address\":{\"@id\":\"https:\/\/tropicalwingsbirds.shop\/shop\/r-com-rcom-brooder-nursery-icu-mx-bs500n\/#local-main-place-address\"},\"geo\":{\"@type\":\"GeoCoordinates\",\"latitude\":\"40.5976725\",\"longitude\":\"-122.3716346\"},\"telephone\":[\"+1 707-733-4623\",\"+1 707-733-4623\"],\"contactPoint\":{\"@type\":\"ContactPoint\",\"telephone\":\"+1 707-733-4623\",\"email\":\"sales@tropicalwingsbirds.shop\"},\"openingHoursSpecification\":{\"@type\":\"OpeningHoursSpecification\",\"dayOfWeek\":[\"Monday\",\"Tuesday\",\"Wednesday\",\"Thursday\",\"Friday\",\"Saturday\",\"Sunday\"],\"opens\":\"00:00\",\"closes\":\"23:59\"},\"email\":\"sales@tropicalwingsbirds.shop\",\"faxNumber\":\"+1 707-733-4623\",\"areaServed\":\"United states, Porto Rico, Canada, Australia\",\"priceRange\":\"$\",\"currenciesAccepted\":\"USD, CAD, AUD,\",\"paymentAccepted\":\"Zelle, Paypal, Bitcoin, Apple pay, Credit cards, Bank transfers\"},{\"@type\":\"PostalAddress\",\"@id\":\"https:\/\/tropicalwingsbirds.shop\/shop\/r-com-rcom-brooder-nursery-icu-mx-bs500n\/#local-main-place-address\",\"streetAddress\":\"500 Hilltop Dr,\",\"addressLocality\":\"Redding\",\"postalCode\":\"96003\",\"addressRegion\":\"California\",\"addressCountry\":\"US\"},{\"@type\":\"ImageObject\",\"inLanguage\":\"es\",\"@id\":\"https:\/\/tropicalwingsbirds.shop\/shop\/r-com-rcom-brooder-nursery-icu-mx-bs500n\/#local-main-organization-logo\",\"url\":\"https:\/\/tropicalwingsbirds.shop\/wp-content\/uploads\/2024\/01\/tropical-wings-1.webp\",\"contentUrl\":\"https:\/\/tropicalwingsbirds.shop\/wp-content\/uploads\/2024\/01\/tropical-wings-1.webp\",\"width\":500,\"height\":500,\"caption\":\"Tropical Wings Birds Shop\"}]}<\/script>\n<meta property=\"product:price:currency\" content=\"USD\" \/>\n<meta property=\"og:availability\" content=\"instock\" \/>\n<meta property=\"product:availability\" content=\"instock\" \/>\n<meta property=\"product:condition\" content=\"new\" \/>\n<meta name=\"geo.placename\" content=\"Redding\" \/>\n<meta name=\"geo.position\" content=\"40.5976725;-122.3716346\" \/>\n<meta name=\"geo.region\" content=\"Estados Unidos (EEUU)\" \/>\n<!-- \/ Yoast SEO Premium plugin. -->","yoast_head_json":{"title":"R-COM RCOM Brooder Nursery ICU MX-BS500N | Tropical Wings","description":"Shop the r-com rcom brooder nursery icu mx-bs500n from Tropical Wings Birds \u2014 professional-grade bird breeding equipment trusted by breeders worldwide....","robots":{"index":"index","follow":"follow","max-snippet":"max-snippet:-1","max-image-preview":"max-image-preview:large","max-video-preview":"max-video-preview:-1"},"canonical":"https:\/\/tropicalwingsbirds.shop\/es\/comercio\/criadora-de-viveros-r-com-r-com-icu-mx-bs500n\/","og_locale":"es_ES","og_type":"article","og_title":"R-COM RCOM Brooder Nursery ICU MX-BS500N","og_description":"Shop the r-com rcom brooder nursery icu mx-bs500n from Tropical Wings Birds \u2014 professional-grade bird breeding equipment trusted by breeders worldwide....","og_url":"https:\/\/tropicalwingsbirds.shop\/es\/comercio\/criadora-de-viveros-r-com-r-com-icu-mx-bs500n\/","og_site_name":"Tropical Wings Birds","article_publisher":"https:\/\/web.facebook.com\/profile.php?id=61551502767851&mibextid=2JQ9oc&_rdc=1&_rdr","article_modified_time":"2026-04-17T22:03:51+00:00","og_image":[{"width":500,"height":434,"url":"https:\/\/tropicalwingsbirds.shop\/wp-content\/uploads\/2023\/12\/7-92788334_349889283_348908230984_n.jpg","type":"image\/jpeg"}],"twitter_card":"summary_large_image","twitter_misc":{"Precio":"","Disponibilidad":"Disponible"},"schema":{"@context":"https:\/\/schema.org","@graph":[{"@type":"WebPage","@id":"https:\/\/tropicalwingsbirds.shop\/shop\/r-com-rcom-brooder-nursery-icu-mx-bs500n\/","url":"https:\/\/tropicalwingsbirds.shop\/shop\/r-com-rcom-brooder-nursery-icu-mx-bs500n\/","name":"R-COM RCOM Brooder Nursery ICU MX-BS500N | Tropical Wings","isPartOf":{"@id":"https:\/\/tropicalwingsbirds.shop\/#website"},"primaryImageOfPage":{"@id":"https:\/\/tropicalwingsbirds.shop\/shop\/r-com-rcom-brooder-nursery-icu-mx-bs500n\/#primaryimage"},"image":{"@id":"https:\/\/tropicalwingsbirds.shop\/shop\/r-com-rcom-brooder-nursery-icu-mx-bs500n\/#primaryimage"},"thumbnailUrl":"https:\/\/tropicalwingsbirds.shop\/wp-content\/uploads\/2023\/12\/7-92788334_349889283_348908230984_n.jpg","datePublished":"2023-12-03T14:33:47+00:00","dateModified":"2026-04-17T22:03:51+00:00","description":"Shop the r-com rcom brooder nursery icu mx-bs500n from Tropical Wings Birds \u2014 professional-grade bird breeding equipment trusted by breeders worldwide....","breadcrumb":{"@id":"https:\/\/tropicalwingsbirds.shop\/shop\/r-com-rcom-brooder-nursery-icu-mx-bs500n\/#breadcrumb"},"inLanguage":"es","potentialAction":[{"@type":"ReadAction","target":["https:\/\/tropicalwingsbirds.shop\/shop\/r-com-rcom-brooder-nursery-icu-mx-bs500n\/"]}]},{"@type":"ImageObject","inLanguage":"es","@id":"https:\/\/tropicalwingsbirds.shop\/shop\/r-com-rcom-brooder-nursery-icu-mx-bs500n\/#primaryimage","url":"https:\/\/tropicalwingsbirds.shop\/wp-content\/uploads\/2023\/12\/7-92788334_349889283_348908230984_n.jpg","contentUrl":"https:\/\/tropicalwingsbirds.shop\/wp-content\/uploads\/2023\/12\/7-92788334_349889283_348908230984_n.jpg","width":500,"height":434},{"@type":"BreadcrumbList","@id":"https:\/\/tropicalwingsbirds.shop\/shop\/r-com-rcom-brooder-nursery-icu-mx-bs500n\/#breadcrumb","itemListElement":[{"@type":"ListItem","position":1,"name":"Home","item":"https:\/\/tropicalwingsbirds.shop\/"},{"@type":"ListItem","position":2,"name":"Shop","item":"https:\/\/tropicalwingsbirds.shop\/shop\/"},{"@type":"ListItem","position":3,"name":"R-COM RCOM Brooder Nursery ICU MX-BS500N"}]},{"@type":"WebSite","@id":"https:\/\/tropicalwingsbirds.shop\/#website","url":"https:\/\/tropicalwingsbirds.shop\/","name":"Aves de alas tropicales","description":"Los mejores criadores de aves ex\u00f3ticas online","publisher":{"@id":"https:\/\/tropicalwingsbirds.shop\/#organization"},"potentialAction":[{"@type":"SearchAction","target":{"@type":"EntryPoint","urlTemplate":"https:\/\/tropicalwingsbirds.shop\/?s={search_term_string}"},"query-input":{"@type":"PropertyValueSpecification","valueRequired":true,"valueName":"search_term_string"}}],"inLanguage":"es"},{"@type":["Organization","Place","PetStore"],"@id":"https:\/\/tropicalwingsbirds.shop\/#organization","name":"Tropical Wings Birds Shop","alternateName":"TPWB","url":"https:\/\/tropicalwingsbirds.shop\/","logo":{"@id":"https:\/\/tropicalwingsbirds.shop\/shop\/r-com-rcom-brooder-nursery-icu-mx-bs500n\/#local-main-organization-logo"},"image":{"@id":"https:\/\/tropicalwingsbirds.shop\/shop\/r-com-rcom-brooder-nursery-icu-mx-bs500n\/#local-main-organization-logo"},"sameAs":["https:\/\/web.facebook.com\/profile.php?id=61551502767851&mibextid=2JQ9oc&_rdc=1&_rdr"],"description":"Tropical Wings Birds es su destino ideal para disfrutar de la compa\u00f1\u00eda de aves ex\u00f3ticas. Nuestro aviario boutique en Estados Unidos ofrece una cuidada selecci\u00f3n de vibrantes aves tropicales provenientes de criadores de renombre mundial. Con un enfoque en el bienestar y la experiencia, nuestro dedicado equipo est\u00e1 aqu\u00ed para guiarle en su b\u00fasqueda del compa\u00f1ero emplumado perfecto. Vis\u00edtenos hoy mismo y experimente la magia de la compa\u00f1\u00eda aviar en Tropical Wings Birds.","legalName":"Tropical Wings Birds","foundingDate":"2019-02-14","numberOfEmployees":{"@type":"QuantitativeValue","minValue":"1","maxValue":"10"},"address":{"@id":"https:\/\/tropicalwingsbirds.shop\/shop\/r-com-rcom-brooder-nursery-icu-mx-bs500n\/#local-main-place-address"},"geo":{"@type":"GeoCoordinates","latitude":"40.5976725","longitude":"-122.3716346"},"telephone":["+1 707-733-4623","+1 707-733-4623"],"contactPoint":{"@type":"ContactPoint","telephone":"+1 707-733-4623","email":"sales@tropicalwingsbirds.shop"},"openingHoursSpecification":{"@type":"OpeningHoursSpecification","dayOfWeek":["Monday","Tuesday","Wednesday","Thursday","Friday","Saturday","Sunday"],"opens":"00:00","closes":"23:59"},"email":"sales@tropicalwingsbirds.shop","faxNumber":"+1 707-733-4623","areaServed":"United states, Porto Rico, Canada, Australia","priceRange":"$","currenciesAccepted":"USD, CAD, AUD,","paymentAccepted":"Zelle, Paypal, Bitcoin, Apple pay, Credit cards, Bank transfers"},{"@type":"PostalAddress","@id":"https:\/\/tropicalwingsbirds.shop\/shop\/r-com-rcom-brooder-nursery-icu-mx-bs500n\/#local-main-place-address","streetAddress":"500 Hilltop Dr,","addressLocality":"Redding","postalCode":"96003","addressRegion":"California","addressCountry":"US"},{"@type":"ImageObject","inLanguage":"es","@id":"https:\/\/tropicalwingsbirds.shop\/shop\/r-com-rcom-brooder-nursery-icu-mx-bs500n\/#local-main-organization-logo","url":"https:\/\/tropicalwingsbirds.shop\/wp-content\/uploads\/2024\/01\/tropical-wings-1.webp","contentUrl":"https:\/\/tropicalwingsbirds.shop\/wp-content\/uploads\/2024\/01\/tropical-wings-1.webp","width":500,"height":500,"caption":"Tropical Wings Birds Shop"}]},"product_price_currency":"USD","og_availability":"instock","product_availability":"instock","product_condition":"new","geo.placename":"Redding","geo.position":{"lat":"40.5976725","long":"-122.3716346"},"geo.region":"Estados Unidos (EEUU)"},"jetpack_sharing_enabled":true,"_links":{"self":[{"href":"https:\/\/tropicalwingsbirds.shop\/es\/wp-json\/wp\/v2\/product\/947","targetHints":{"allow":["GET"]}}],"collection":[{"href":"https:\/\/tropicalwingsbirds.shop\/es\/wp-json\/wp\/v2\/product"}],"about":[{"href":"https:\/\/tropicalwingsbirds.shop\/es\/wp-json\/wp\/v2\/types\/product"}],"replies":[{"embeddable":true,"href":"https:\/\/tropicalwingsbirds.shop\/es\/wp-json\/wp\/v2\/comments?post=947"}],"wp:featuredmedia":[{"embeddable":true,"href":"https:\/\/tropicalwingsbirds.shop\/es\/wp-json\/wp\/v2\/media\/1040"}],"wp:attachment":[{"href":"https:\/\/tropicalwingsbirds.shop\/es\/wp-json\/wp\/v2\/media?parent=947"}],"wp:term":[{"taxonomy":"product_brand","embeddable":true,"href":"https:\/\/tropicalwingsbirds.shop\/es\/wp-json\/wp\/v2\/product_brand?post=947"},{"taxonomy":"product_cat","embeddable":true,"href":"https:\/\/tropicalwingsbirds.shop\/es\/wp-json\/wp\/v2\/product_cat?post=947"},{"taxonomy":"product_tag","embeddable":true,"href":"https:\/\/tropicalwingsbirds.shop\/es\/wp-json\/wp\/v2\/product_tag?post=947"}],"curies":[{"name":"wp","href":"https:\/\/api.w.org\/{rel}","templated":true}]}}