{"id":964,"date":"2023-12-03T14:35:07","date_gmt":"2023-12-03T14:35:07","guid":{"rendered":"https:\/\/tropicalwingsbirds.shop\/?post_type=product&#038;p=964"},"modified":"2023-12-03T14:43:17","modified_gmt":"2023-12-03T14:43:17","slug":"r-com-rcom-juragon-pro-90-px-r90","status":"publish","type":"product","link":"https:\/\/tropicalwingsbirds.shop\/es\/comercio\/r-com-rcom-juragon-pro-90-px-r90\/","title":{"rendered":"R-com Rcom Juragon Pro 90 PX R90"},"content":{"rendered":"<h1>Rcom Juragon Pro 90-PX-R90<\/h1>\n<p><a href=\"https:\/\/birdmanspetsource.com\/product\/hyacinth-macaw-3\/\">Rcom<\/a> Juragon Pro 90-PX-R90, <b>Debido al aumento de la demanda, hemos reducido temporalmente la selecci\u00f3n de productos disponibles para entrega en su regi\u00f3n. Estamos trabajando para mejorar la disponibilidad de la selecci\u00f3n lo antes posible. Rcom Juragon Pro 90-PX-R<a href=\"https:\/\/en.wikipedia.org\/wiki\/Reliance_Group\">90<\/a>.\u00a0<\/b><\/p>\n<h2 class=\"a-spacing-small\">Especificaciones de este art\u00edculo<\/h2>\n<div class=\"a-row\">\n<div class=\"a-column a-span12 a-span-last\">\n<div class=\"a-expander-collapsed-height a-row a-expander-container a-expander-partial-collapse-container\" data-a-expander-name=\"psw_table_expander\" data-a-expander-collapsed-height=\"300\">\n<div class=\"a-expander-content a-expander-partial-collapse-content a-expander-content-expanded\">\n<table id=\"product-specification-table\" class=\"a-keyvalue\">\n<tbody>\n<tr>\n<th class=\"a-span4 a-text-right\">\n<h3>Nombre de marca<\/h3>\n<\/th>\n<td>\n<h3>R+Co<\/h3>\n<\/td>\n<\/tr>\n<tr>\n<th class=\"a-span4 a-text-right\">\n<h3>Color<\/h3>\n<\/th>\n<td>\n<h3>Blanco<\/h3>\n<\/td>\n<\/tr>\n<tr>\n<th class=\"a-span4 a-text-right\">\n<h3>Ean<\/h3>\n<\/th>\n<td>\n<h3>0738283665318<\/h3>\n<\/td>\n<\/tr>\n<tr>\n<th class=\"a-span4 a-text-right\">\n<h3>Altura<\/h3>\n<\/th>\n<td>\n<h3>7.0 pulgadas<\/h3>\n<\/td>\n<\/tr>\n<tr>\n<th class=\"a-span4 a-text-right\">\n<h3>Componentes incluidos<\/h3>\n<\/th>\n<td>\n<h3>Incubadora, fuente de alimentaci\u00f3n<\/h3>\n<\/td>\n<\/tr>\n<tr>\n<th class=\"a-span4 a-text-right\">\n<h3>Peso del art\u00edculo<\/h3>\n<\/th>\n<td>\n<h3>10,00 libras<\/h3>\n<\/td>\n<\/tr>\n<tr>\n<th class=\"a-span4 a-text-right\">\n<h3>Longitud<\/h3>\n<\/th>\n<td>\n<h3>25,0 pulgadas<\/h3>\n<\/td>\n<\/tr>\n<tr>\n<th class=\"a-span4 a-text-right\">\n<h3>Material<\/h3>\n<\/th>\n<td>\n<h3>Metal\/Pl\u00e1stico<\/h3>\n<\/td>\n<\/tr>\n<tr>\n<th class=\"a-span4 a-text-right\">\n<h3>N\u00famero de modelo<\/h3>\n<\/th>\n<td>\n<h3>PX-R90<\/h3>\n<\/td>\n<\/tr>\n<tr>\n<th class=\"a-span4 a-text-right\">\n<h3>N\u00famero de art\u00edculos<\/h3>\n<\/th>\n<td>\n<h3>1<\/h3>\n<\/td>\n<\/tr>\n<tr>\n<th class=\"a-span4 a-text-right\">\n<h3>N\u00famero de pieza<\/h3>\n<\/th>\n<td>\n<h3>PX-R90<\/h3>\n<\/td>\n<\/tr>\n<tr>\n<th class=\"a-span4 a-text-right\">\n<h3>Tipo de fuente de alimentaci\u00f3n<\/h3>\n<\/th>\n<td>\n<h3>El\u00e9ctrico<\/h3>\n<\/td>\n<\/tr>\n<tr>\n<th class=\"a-span4 a-text-right\">\n<h3>C\u00f3digo UNSPSC<\/h3>\n<\/th>\n<td>\n<h3>41000000<\/h3>\n<\/td>\n<\/tr>\n<tr>\n<th class=\"a-span4 a-text-right\">\n<h3>C\u00f3digo Postal<\/h3>\n<\/th>\n<td>\n<h3>738283665318<\/h3>\n<\/td>\n<\/tr>\n<tr>\n<th class=\"a-span4 a-text-right\">\n<h3>Voltaje<\/h3>\n<\/th>\n<td>\n<h3>110,00 voltios<\/h3>\n<\/td>\n<\/tr>\n<tr>\n<th class=\"a-span4 a-text-right\">\n<h3>Descripci\u00f3n de la garant\u00eda<\/h3>\n<\/th>\n<td>\n<h3>Garant\u00eda del fabricante de 1 a\u00f1o. Centro de servicio de criadoras e incubadoras A&amp;I en Florida, EE. UU.<\/h3>\n<\/td>\n<\/tr>\n<tr>\n<th class=\"a-span4 a-text-right\">\n<h3>Ancho<\/h3>\n<\/th>\n<td>\n<h3>20,0 pulgadas<\/h3>\n<\/td>\n<\/tr>\n<\/tbody>\n<\/table>\n<h3 class=\"default\">Descripci\u00f3n del Producto<\/h3>\n<div id=\"productDescription\" class=\"a-section a-spacing-small\">\n<p>Ajuste y control autom\u00e1tico de temperatura. Ajuste y control autom\u00e1tico de humedad. Intercambiable de Fahrenheit a Celsius. Funciones de alarma de lectura. Capacidad de 10 a 120 huevos. La tapa transparente grande permite ver f\u00e1cilmente los huevos. Pantalla grande para todas las lecturas, ajustes y controles. Alarma audible si el dep\u00f3sito de agua se est\u00e1 agotando (humedad). El chip del microprocesador controla todas las condiciones de incubaci\u00f3n para varias especies de reptiles, lo que permite un uso f\u00e1cil para principiantes. Los gr\u00e1ficos LCD animados muestran f\u00e1cilmente el estado de todas las funciones. La parte inferior del cuerpo se desmonta r\u00e1pidamente para facilitar la limpieza entre eclosiones. Ajuste diario de la diferencia de temperatura disponible. Ventilador BLDC para mantener una diferencia de temperatura uniforme. Observaci\u00f3n del movimiento del ventilador de c\u00e1lculo. Botones de f\u00e1cil bloqueo para asegurar las partes superior e inferior del cuerpo. Durante un corte de energ\u00eda CA, la unidad almacena todos los datos de funcionamiento para reanudar la misma configuraci\u00f3n al apagarla.<\/p>\n<\/p><\/div>\n<table id=\"productDetailsTable\" border=\"0\" cellspacing=\"0\" cellpadding=\"0\">\n<tbody>\n<tr>\n<td class=\"bucket\">\n<h4>Detalles del producto<\/h4>\n<div class=\"content\">\n<ul>\n<li><b>Dimensiones del producto:\u00a0<\/b>18 x 17 x 9 pulgadas; 10 libras<\/li>\n<li><b>Peso del env\u00edo:<\/b>\u00a012,8 libras (Ver tarifas y pol\u00edticas de env\u00edo)<\/li>\n<li><b>ASIN:<\/b>\u00a0B0196G9ZGI<\/li>\n<li><b>N\u00famero de modelo del art\u00edculo:<\/b>\u00a0PX-R90<\/li>\n<\/ul><\/div>\n<\/td>\n<\/tr>\n<\/tbody>\n<\/table><\/div>\n<\/p><\/div>\n<\/p><\/div>\n<\/p><\/div>","protected":false},"excerpt":{"rendered":"<p>GTIN: 0738283665325<br \/> MARCA: Rcom<br \/> MPN: PXR90<br \/> C\u00f3digo postal: 0738283665325<br \/> Modelo: Pro 90<br \/> Tipo: Incubadoras digitales<\/p>","protected":false},"featured_media":1050,"comment_status":"closed","ping_status":"closed","template":"","meta":{"site-sidebar-layout":"default","site-content-layout":"","ast-site-content-layout":"default","site-content-style":"default","site-sidebar-style":"default","ast-global-header-display":"","ast-banner-title-visibility":"","ast-main-header-display":"","ast-hfb-above-header-display":"","ast-hfb-below-header-display":"","ast-hfb-mobile-header-display":"","site-post-title":"","ast-breadcrumbs-content":"","ast-featured-img":"","footer-sml-layout":"","theme-transparent-header-meta":"","adv-header-id-meta":"","stick-header-meta":"","header-above-stick-meta":"","header-main-stick-meta":"","header-below-stick-meta":"","astra-migrate-meta-layouts":"default","ast-page-background-enabled":"default","ast-page-background-meta":{"desktop":{"background-color":"var(--ast-global-color-4)","background-image":"","background-repeat":"repeat","background-position":"center center","background-size":"auto","background-attachment":"scroll","background-type":"","background-media":"","overlay-type":"","overlay-color":"","overlay-opacity":"","overlay-gradient":""},"tablet":{"background-color":"","background-image":"","background-repeat":"repeat","background-position":"center center","background-size":"auto","background-attachment":"scroll","background-type":"","background-media":"","overlay-type":"","overlay-color":"","overlay-opacity":"","overlay-gradient":""},"mobile":{"background-color":"","background-image":"","background-repeat":"repeat","background-position":"center center","background-size":"auto","background-attachment":"scroll","background-type":"","background-media":"","overlay-type":"","overlay-color":"","overlay-opacity":"","overlay-gradient":""}},"ast-content-background-meta":{"desktop":{"background-color":"var(--ast-global-color-5)","background-image":"","background-repeat":"repeat","background-position":"center center","background-size":"auto","background-attachment":"scroll","background-type":"","background-media":"","overlay-type":"","overlay-color":"","overlay-opacity":"","overlay-gradient":""},"tablet":{"background-color":"var(--ast-global-color-5)","background-image":"","background-repeat":"repeat","background-position":"center center","background-size":"auto","background-attachment":"scroll","background-type":"","background-media":"","overlay-type":"","overlay-color":"","overlay-opacity":"","overlay-gradient":""},"mobile":{"background-color":"var(--ast-global-color-5)","background-image":"","background-repeat":"repeat","background-position":"center center","background-size":"auto","background-attachment":"scroll","background-type":"","background-media":"","overlay-type":"","overlay-color":"","overlay-opacity":"","overlay-gradient":""}}},"product_brand":[],"product_cat":[459],"product_tag":[460],"class_list":{"0":"post-964","1":"product","2":"type-product","3":"status-publish","4":"has-post-thumbnail","6":"product_cat-incubators","7":"product_tag-digital-incubators","8":"desktop-align-left","9":"tablet-align-left","10":"mobile-align-left","11":"ast-product-gallery-layout-horizontal-slider","12":"ast-product-tabs-layout-horizontal","13":"ast-qv-on-image","15":"first","16":"instock","17":"shipping-taxable","18":"product-type-simple"},"yoast_head":"<!-- This site is optimized with the Yoast SEO Premium plugin v23.2 (Yoast SEO v26.8) - https:\/\/yoast.com\/product\/yoast-seo-premium-wordpress\/ -->\n<title>R-com Rcom Juragon Pro 90 PX R90 - Tropical Wings Birds<\/title>\n<meta name=\"robots\" content=\"index, follow, max-snippet:-1, max-image-preview:large, max-video-preview:-1\" \/>\n<link rel=\"canonical\" href=\"https:\/\/tropicalwingsbirds.shop\/es\/comercio\/r-com-rcom-juragon-pro-90-px-r90\/\" \/>\n<meta property=\"og:locale\" content=\"es_ES\" \/>\n<meta property=\"og:type\" content=\"article\" \/>\n<meta property=\"og:title\" content=\"R-com Rcom Juragon Pro 90 PX R90\" \/>\n<meta property=\"og:description\" content=\"GTIN: 0738283665325 BRAND: Rcom MPN: PXR90 UPC: 0738283665325 Model: Pro 90 Type: Digital Incubators\" \/>\n<meta property=\"og:url\" content=\"https:\/\/tropicalwingsbirds.shop\/es\/comercio\/r-com-rcom-juragon-pro-90-px-r90\/\" \/>\n<meta property=\"og:site_name\" content=\"Tropical Wings Birds\" \/>\n<meta property=\"article:publisher\" content=\"https:\/\/web.facebook.com\/profile.php?id=61551502767851&amp;mibextid=2JQ9oc&amp;_rdc=1&amp;_rdr\" \/>\n<meta property=\"article:modified_time\" content=\"2023-12-03T14:43:17+00:00\" \/>\n<meta property=\"og:image\" content=\"https:\/\/tropicalwingsbirds.shop\/wp-content\/uploads\/2023\/12\/23423.jpg\" \/>\n\t<meta property=\"og:image:width\" content=\"750\" \/>\n\t<meta property=\"og:image:height\" content=\"512\" \/>\n\t<meta property=\"og:image:type\" content=\"image\/jpeg\" \/>\n<meta name=\"twitter:card\" content=\"summary_large_image\" \/>\n<meta name=\"twitter:label1\" content=\"Precio\" \/>\n\t<meta name=\"twitter:data1\" content=\"\" \/>\n\t<meta name=\"twitter:label2\" content=\"Disponibilidad\" \/>\n\t<meta name=\"twitter:data2\" content=\"Disponible\" \/>\n<script type=\"application\/ld+json\" class=\"yoast-schema-graph\">{\"@context\":\"https:\/\/schema.org\",\"@graph\":[{\"@type\":\"WebPage\",\"@id\":\"https:\/\/tropicalwingsbirds.shop\/shop\/r-com-rcom-juragon-pro-90-px-r90\/\",\"url\":\"https:\/\/tropicalwingsbirds.shop\/shop\/r-com-rcom-juragon-pro-90-px-r90\/\",\"name\":\"R-com Rcom Juragon Pro 90 PX R90 - Tropical Wings Birds\",\"isPartOf\":{\"@id\":\"https:\/\/tropicalwingsbirds.shop\/#website\"},\"primaryImageOfPage\":{\"@id\":\"https:\/\/tropicalwingsbirds.shop\/shop\/r-com-rcom-juragon-pro-90-px-r90\/#primaryimage\"},\"image\":{\"@id\":\"https:\/\/tropicalwingsbirds.shop\/shop\/r-com-rcom-juragon-pro-90-px-r90\/#primaryimage\"},\"thumbnailUrl\":\"https:\/\/tropicalwingsbirds.shop\/wp-content\/uploads\/2023\/12\/23423.jpg\",\"datePublished\":\"2023-12-03T14:35:07+00:00\",\"dateModified\":\"2023-12-03T14:43:17+00:00\",\"breadcrumb\":{\"@id\":\"https:\/\/tropicalwingsbirds.shop\/shop\/r-com-rcom-juragon-pro-90-px-r90\/#breadcrumb\"},\"inLanguage\":\"es\",\"potentialAction\":[{\"@type\":\"ReadAction\",\"target\":[\"https:\/\/tropicalwingsbirds.shop\/shop\/r-com-rcom-juragon-pro-90-px-r90\/\"]}]},{\"@type\":\"ImageObject\",\"inLanguage\":\"es\",\"@id\":\"https:\/\/tropicalwingsbirds.shop\/shop\/r-com-rcom-juragon-pro-90-px-r90\/#primaryimage\",\"url\":\"https:\/\/tropicalwingsbirds.shop\/wp-content\/uploads\/2023\/12\/23423.jpg\",\"contentUrl\":\"https:\/\/tropicalwingsbirds.shop\/wp-content\/uploads\/2023\/12\/23423.jpg\",\"width\":750,\"height\":512},{\"@type\":\"BreadcrumbList\",\"@id\":\"https:\/\/tropicalwingsbirds.shop\/shop\/r-com-rcom-juragon-pro-90-px-r90\/#breadcrumb\",\"itemListElement\":[{\"@type\":\"ListItem\",\"position\":1,\"name\":\"Home\",\"item\":\"https:\/\/tropicalwingsbirds.shop\/\"},{\"@type\":\"ListItem\",\"position\":2,\"name\":\"Shop\",\"item\":\"https:\/\/tropicalwingsbirds.shop\/shop\/\"},{\"@type\":\"ListItem\",\"position\":3,\"name\":\"R-com Rcom Juragon Pro 90 PX R90\"}]},{\"@type\":\"WebSite\",\"@id\":\"https:\/\/tropicalwingsbirds.shop\/#website\",\"url\":\"https:\/\/tropicalwingsbirds.shop\/\",\"name\":\"Tropical Wings Birds\",\"description\":\"Best Exotic birds breeders online\",\"publisher\":{\"@id\":\"https:\/\/tropicalwingsbirds.shop\/#organization\"},\"potentialAction\":[{\"@type\":\"SearchAction\",\"target\":{\"@type\":\"EntryPoint\",\"urlTemplate\":\"https:\/\/tropicalwingsbirds.shop\/?s={search_term_string}\"},\"query-input\":{\"@type\":\"PropertyValueSpecification\",\"valueRequired\":true,\"valueName\":\"search_term_string\"}}],\"inLanguage\":\"es\"},{\"@type\":[\"Organization\",\"Place\",\"PetStore\"],\"@id\":\"https:\/\/tropicalwingsbirds.shop\/#organization\",\"name\":\"Tropical Wings Birds Shop\",\"alternateName\":\"TPWB\",\"url\":\"https:\/\/tropicalwingsbirds.shop\/\",\"logo\":{\"@id\":\"https:\/\/tropicalwingsbirds.shop\/shop\/r-com-rcom-juragon-pro-90-px-r90\/#local-main-organization-logo\"},\"image\":{\"@id\":\"https:\/\/tropicalwingsbirds.shop\/shop\/r-com-rcom-juragon-pro-90-px-r90\/#local-main-organization-logo\"},\"sameAs\":[\"https:\/\/web.facebook.com\/profile.php?id=61551502767851&mibextid=2JQ9oc&_rdc=1&_rdr\"],\"description\":\"Tropical Wings Birds is your destination for exotic avian companionship. Our boutique aviary in United States offers a curated selection of vibrant tropical birds sourced from reputable breeders worldwide. With a focus on welfare and expertise, our dedicated team is here to guide you on your journey to finding the perfect feathered friend. Visit us today and experience the magic of avian companionship at Tropical Wings Birds.\",\"legalName\":\"Tropical Wings Birds\",\"foundingDate\":\"2019-02-14\",\"numberOfEmployees\":{\"@type\":\"QuantitativeValue\",\"minValue\":\"1\",\"maxValue\":\"10\"},\"address\":{\"@id\":\"https:\/\/tropicalwingsbirds.shop\/shop\/r-com-rcom-juragon-pro-90-px-r90\/#local-main-place-address\"},\"geo\":{\"@type\":\"GeoCoordinates\",\"latitude\":\"40.5976725\",\"longitude\":\"-122.3716346\"},\"telephone\":[\"+1 707-733-4623\",\"+1 707-733-4623\"],\"contactPoint\":{\"@type\":\"ContactPoint\",\"telephone\":\"+1 707-733-4623\",\"email\":\"sales@tropicalwingsbirds.shop\"},\"openingHoursSpecification\":{\"@type\":\"OpeningHoursSpecification\",\"dayOfWeek\":[\"Monday\",\"Tuesday\",\"Wednesday\",\"Thursday\",\"Friday\",\"Saturday\",\"Sunday\"],\"opens\":\"00:00\",\"closes\":\"23:59\"},\"email\":\"sales@tropicalwingsbirds.shop\",\"faxNumber\":\"+1 707-733-4623\",\"areaServed\":\"United states, Porto Rico, Canada, Australia\",\"priceRange\":\"$\",\"currenciesAccepted\":\"USD, CAD, AUD,\",\"paymentAccepted\":\"Zelle, Paypal, Bitcoin, Apple pay, Credit cards, Bank transfers\"},{\"@type\":\"PostalAddress\",\"@id\":\"https:\/\/tropicalwingsbirds.shop\/shop\/r-com-rcom-juragon-pro-90-px-r90\/#local-main-place-address\",\"streetAddress\":\"500 Hilltop Dr,\",\"addressLocality\":\"Redding\",\"postalCode\":\"96003\",\"addressRegion\":\"California\",\"addressCountry\":\"US\"},{\"@type\":\"ImageObject\",\"inLanguage\":\"es\",\"@id\":\"https:\/\/tropicalwingsbirds.shop\/shop\/r-com-rcom-juragon-pro-90-px-r90\/#local-main-organization-logo\",\"url\":\"https:\/\/tropicalwingsbirds.shop\/wp-content\/uploads\/2024\/01\/tropical-wings-1.webp\",\"contentUrl\":\"https:\/\/tropicalwingsbirds.shop\/wp-content\/uploads\/2024\/01\/tropical-wings-1.webp\",\"width\":500,\"height\":500,\"caption\":\"Tropical Wings Birds Shop\"}]}<\/script>\n<meta property=\"product:price:currency\" content=\"USD\" \/>\n<meta property=\"og:availability\" content=\"instock\" \/>\n<meta property=\"product:availability\" content=\"instock\" \/>\n<meta property=\"product:condition\" content=\"new\" \/>\n<meta name=\"geo.placename\" content=\"Redding\" \/>\n<meta name=\"geo.position\" content=\"40.5976725;-122.3716346\" \/>\n<meta name=\"geo.region\" content=\"Estados Unidos (EEUU)\" \/>\n<!-- \/ Yoast SEO Premium plugin. -->","yoast_head_json":{"title":"R-com Rcom Juragon Pro 90 PX R90 - Aves de alas tropicales","robots":{"index":"index","follow":"follow","max-snippet":"max-snippet:-1","max-image-preview":"max-image-preview:large","max-video-preview":"max-video-preview:-1"},"canonical":"https:\/\/tropicalwingsbirds.shop\/es\/comercio\/r-com-rcom-juragon-pro-90-px-r90\/","og_locale":"es_ES","og_type":"article","og_title":"R-com Rcom Juragon Pro 90 PX R90","og_description":"GTIN: 0738283665325 BRAND: Rcom MPN: PXR90 UPC: 0738283665325 Model: Pro 90 Type: Digital Incubators","og_url":"https:\/\/tropicalwingsbirds.shop\/es\/comercio\/r-com-rcom-juragon-pro-90-px-r90\/","og_site_name":"Tropical Wings Birds","article_publisher":"https:\/\/web.facebook.com\/profile.php?id=61551502767851&mibextid=2JQ9oc&_rdc=1&_rdr","article_modified_time":"2023-12-03T14:43:17+00:00","og_image":[{"width":750,"height":512,"url":"https:\/\/tropicalwingsbirds.shop\/wp-content\/uploads\/2023\/12\/23423.jpg","type":"image\/jpeg"}],"twitter_card":"summary_large_image","twitter_misc":{"Precio":"","Disponibilidad":"Disponible"},"schema":{"@context":"https:\/\/schema.org","@graph":[{"@type":"WebPage","@id":"https:\/\/tropicalwingsbirds.shop\/shop\/r-com-rcom-juragon-pro-90-px-r90\/","url":"https:\/\/tropicalwingsbirds.shop\/shop\/r-com-rcom-juragon-pro-90-px-r90\/","name":"R-com Rcom Juragon Pro 90 PX R90 - Aves de alas tropicales","isPartOf":{"@id":"https:\/\/tropicalwingsbirds.shop\/#website"},"primaryImageOfPage":{"@id":"https:\/\/tropicalwingsbirds.shop\/shop\/r-com-rcom-juragon-pro-90-px-r90\/#primaryimage"},"image":{"@id":"https:\/\/tropicalwingsbirds.shop\/shop\/r-com-rcom-juragon-pro-90-px-r90\/#primaryimage"},"thumbnailUrl":"https:\/\/tropicalwingsbirds.shop\/wp-content\/uploads\/2023\/12\/23423.jpg","datePublished":"2023-12-03T14:35:07+00:00","dateModified":"2023-12-03T14:43:17+00:00","breadcrumb":{"@id":"https:\/\/tropicalwingsbirds.shop\/shop\/r-com-rcom-juragon-pro-90-px-r90\/#breadcrumb"},"inLanguage":"es","potentialAction":[{"@type":"ReadAction","target":["https:\/\/tropicalwingsbirds.shop\/shop\/r-com-rcom-juragon-pro-90-px-r90\/"]}]},{"@type":"ImageObject","inLanguage":"es","@id":"https:\/\/tropicalwingsbirds.shop\/shop\/r-com-rcom-juragon-pro-90-px-r90\/#primaryimage","url":"https:\/\/tropicalwingsbirds.shop\/wp-content\/uploads\/2023\/12\/23423.jpg","contentUrl":"https:\/\/tropicalwingsbirds.shop\/wp-content\/uploads\/2023\/12\/23423.jpg","width":750,"height":512},{"@type":"BreadcrumbList","@id":"https:\/\/tropicalwingsbirds.shop\/shop\/r-com-rcom-juragon-pro-90-px-r90\/#breadcrumb","itemListElement":[{"@type":"ListItem","position":1,"name":"Home","item":"https:\/\/tropicalwingsbirds.shop\/"},{"@type":"ListItem","position":2,"name":"Shop","item":"https:\/\/tropicalwingsbirds.shop\/shop\/"},{"@type":"ListItem","position":3,"name":"R-com Rcom Juragon Pro 90 PX R90"}]},{"@type":"WebSite","@id":"https:\/\/tropicalwingsbirds.shop\/#website","url":"https:\/\/tropicalwingsbirds.shop\/","name":"Aves de alas tropicales","description":"Los mejores criadores de aves ex\u00f3ticas online","publisher":{"@id":"https:\/\/tropicalwingsbirds.shop\/#organization"},"potentialAction":[{"@type":"SearchAction","target":{"@type":"EntryPoint","urlTemplate":"https:\/\/tropicalwingsbirds.shop\/?s={search_term_string}"},"query-input":{"@type":"PropertyValueSpecification","valueRequired":true,"valueName":"search_term_string"}}],"inLanguage":"es"},{"@type":["Organization","Place","PetStore"],"@id":"https:\/\/tropicalwingsbirds.shop\/#organization","name":"Tropical Wings Birds Shop","alternateName":"TPWB","url":"https:\/\/tropicalwingsbirds.shop\/","logo":{"@id":"https:\/\/tropicalwingsbirds.shop\/shop\/r-com-rcom-juragon-pro-90-px-r90\/#local-main-organization-logo"},"image":{"@id":"https:\/\/tropicalwingsbirds.shop\/shop\/r-com-rcom-juragon-pro-90-px-r90\/#local-main-organization-logo"},"sameAs":["https:\/\/web.facebook.com\/profile.php?id=61551502767851&mibextid=2JQ9oc&_rdc=1&_rdr"],"description":"Tropical Wings Birds es su destino ideal para disfrutar de la compa\u00f1\u00eda de aves ex\u00f3ticas. Nuestro aviario boutique en Estados Unidos ofrece una cuidada selecci\u00f3n de vibrantes aves tropicales provenientes de criadores de renombre mundial. Con un enfoque en el bienestar y la experiencia, nuestro dedicado equipo est\u00e1 aqu\u00ed para guiarle en su b\u00fasqueda del compa\u00f1ero emplumado perfecto. Vis\u00edtenos hoy mismo y experimente la magia de la compa\u00f1\u00eda aviar en Tropical Wings Birds.","legalName":"Tropical Wings Birds","foundingDate":"2019-02-14","numberOfEmployees":{"@type":"QuantitativeValue","minValue":"1","maxValue":"10"},"address":{"@id":"https:\/\/tropicalwingsbirds.shop\/shop\/r-com-rcom-juragon-pro-90-px-r90\/#local-main-place-address"},"geo":{"@type":"GeoCoordinates","latitude":"40.5976725","longitude":"-122.3716346"},"telephone":["+1 707-733-4623","+1 707-733-4623"],"contactPoint":{"@type":"ContactPoint","telephone":"+1 707-733-4623","email":"sales@tropicalwingsbirds.shop"},"openingHoursSpecification":{"@type":"OpeningHoursSpecification","dayOfWeek":["Monday","Tuesday","Wednesday","Thursday","Friday","Saturday","Sunday"],"opens":"00:00","closes":"23:59"},"email":"sales@tropicalwingsbirds.shop","faxNumber":"+1 707-733-4623","areaServed":"United states, Porto Rico, Canada, Australia","priceRange":"$","currenciesAccepted":"USD, CAD, AUD,","paymentAccepted":"Zelle, Paypal, Bitcoin, Apple pay, Credit cards, Bank transfers"},{"@type":"PostalAddress","@id":"https:\/\/tropicalwingsbirds.shop\/shop\/r-com-rcom-juragon-pro-90-px-r90\/#local-main-place-address","streetAddress":"500 Hilltop Dr,","addressLocality":"Redding","postalCode":"96003","addressRegion":"California","addressCountry":"US"},{"@type":"ImageObject","inLanguage":"es","@id":"https:\/\/tropicalwingsbirds.shop\/shop\/r-com-rcom-juragon-pro-90-px-r90\/#local-main-organization-logo","url":"https:\/\/tropicalwingsbirds.shop\/wp-content\/uploads\/2024\/01\/tropical-wings-1.webp","contentUrl":"https:\/\/tropicalwingsbirds.shop\/wp-content\/uploads\/2024\/01\/tropical-wings-1.webp","width":500,"height":500,"caption":"Tropical Wings Birds Shop"}]},"product_price_currency":"USD","og_availability":"instock","product_availability":"instock","product_condition":"new","geo.placename":"Redding","geo.position":{"lat":"40.5976725","long":"-122.3716346"},"geo.region":"Estados Unidos (EEUU)"},"_links":{"self":[{"href":"https:\/\/tropicalwingsbirds.shop\/es\/wp-json\/wp\/v2\/product\/964","targetHints":{"allow":["GET"]}}],"collection":[{"href":"https:\/\/tropicalwingsbirds.shop\/es\/wp-json\/wp\/v2\/product"}],"about":[{"href":"https:\/\/tropicalwingsbirds.shop\/es\/wp-json\/wp\/v2\/types\/product"}],"replies":[{"embeddable":true,"href":"https:\/\/tropicalwingsbirds.shop\/es\/wp-json\/wp\/v2\/comments?post=964"}],"wp:featuredmedia":[{"embeddable":true,"href":"https:\/\/tropicalwingsbirds.shop\/es\/wp-json\/wp\/v2\/media\/1050"}],"wp:attachment":[{"href":"https:\/\/tropicalwingsbirds.shop\/es\/wp-json\/wp\/v2\/media?parent=964"}],"wp:term":[{"taxonomy":"product_brand","embeddable":true,"href":"https:\/\/tropicalwingsbirds.shop\/es\/wp-json\/wp\/v2\/product_brand?post=964"},{"taxonomy":"product_cat","embeddable":true,"href":"https:\/\/tropicalwingsbirds.shop\/es\/wp-json\/wp\/v2\/product_cat?post=964"},{"taxonomy":"product_tag","embeddable":true,"href":"https:\/\/tropicalwingsbirds.shop\/es\/wp-json\/wp\/v2\/product_tag?post=964"}],"curies":[{"name":"wp","href":"https:\/\/api.w.org\/{rel}","templated":true}]}}