{"id":1440,"date":"2023-12-07T14:11:43","date_gmt":"2023-12-07T14:11:43","guid":{"rendered":"https:\/\/tropicalwingsbirds.shop\/?post_type=product&#038;p=1440"},"modified":"2023-12-07T14:14:07","modified_gmt":"2023-12-07T14:14:07","slug":"buy-rainbow-lorikeet-parrots-egg-online","status":"publish","type":"product","link":"https:\/\/tropicalwingsbirds.shop\/es_pr\/comercio\/buy-rainbow-lorikeet-parrots-egg-online\/","title":{"rendered":"Comprar huevos de loro arco\u00edris online"},"content":{"rendered":"<p>Egg make excellent for those who committ to providing excellent quality care for their pets. also, ave plenty of free time to spend with them. These are friendly, funny, affectionate birds.<\/p>\n<p>Rainbow Lorikeets are found in Australian mainly in northern and\u00a0eastern areas. Their habitat are wet sclerophyll forest, rainforest, coastal forests, suburbs and\u00a0 urban areas with trees. They can also be found in Indonesia, Vanuatu and New Caledonia. They have been introduced into Perth and a well establish population has occur.<\/p>\n<p>Typically bond strongly to their owners, so it is important for those who want a Rainbow Lorikeet to realize that adopting one of these birds means committing to 20+ years of daily interaction.<\/p>\n<p>Lorikeets being especially messy due to their liquid-based diets. When choosing a location for a Lorikeet\u2019s cage, it\u2019s important to take this into consideration. Place the cage in an area where there is no carpet and where the floors and walls can be easily wiped clean.<\/p>\n<p>Thankfully, Rainbow Lorikeets are very intelligent birds and can be easy \u201cpotty trained\u201d\u00a0if an owner so chooses. We have a lot of variation of rainbow lorikeet price. Have look on our Store.<\/p>","protected":false},"excerpt":{"rendered":"<p>Egg make excellent for those who committ to providing excellent quality care for their pets. also, ave plenty of free time to spend with them. These are friendly, funny, affectionate birds. Rainbow Lorikeets are found in Australian mainly in northern and\u00a0eastern areas. Their habitat are wet sclerophyll forest, rainforest, coastal forests, suburbs and\u00a0 urban areas [&hellip;]<\/p>","protected":false},"featured_media":1485,"comment_status":"closed","ping_status":"closed","template":"","meta":{"site-sidebar-layout":"default","site-content-layout":"","ast-site-content-layout":"default","site-content-style":"default","site-sidebar-style":"default","ast-global-header-display":"","ast-banner-title-visibility":"","ast-main-header-display":"","ast-hfb-above-header-display":"","ast-hfb-below-header-display":"","ast-hfb-mobile-header-display":"","site-post-title":"","ast-breadcrumbs-content":"","ast-featured-img":"","footer-sml-layout":"","theme-transparent-header-meta":"","adv-header-id-meta":"","stick-header-meta":"","header-above-stick-meta":"","header-main-stick-meta":"","header-below-stick-meta":"","astra-migrate-meta-layouts":"default","ast-page-background-enabled":"default","ast-page-background-meta":{"desktop":{"background-color":"var(--ast-global-color-4)","background-image":"","background-repeat":"repeat","background-position":"center center","background-size":"auto","background-attachment":"scroll","background-type":"","background-media":"","overlay-type":"","overlay-color":"","overlay-opacity":"","overlay-gradient":""},"tablet":{"background-color":"","background-image":"","background-repeat":"repeat","background-position":"center center","background-size":"auto","background-attachment":"scroll","background-type":"","background-media":"","overlay-type":"","overlay-color":"","overlay-opacity":"","overlay-gradient":""},"mobile":{"background-color":"","background-image":"","background-repeat":"repeat","background-position":"center center","background-size":"auto","background-attachment":"scroll","background-type":"","background-media":"","overlay-type":"","overlay-color":"","overlay-opacity":"","overlay-gradient":""}},"ast-content-background-meta":{"desktop":{"background-color":"var(--ast-global-color-5)","background-image":"","background-repeat":"repeat","background-position":"center center","background-size":"auto","background-attachment":"scroll","background-type":"","background-media":"","overlay-type":"","overlay-color":"","overlay-opacity":"","overlay-gradient":""},"tablet":{"background-color":"var(--ast-global-color-5)","background-image":"","background-repeat":"repeat","background-position":"center center","background-size":"auto","background-attachment":"scroll","background-type":"","background-media":"","overlay-type":"","overlay-color":"","overlay-opacity":"","overlay-gradient":""},"mobile":{"background-color":"var(--ast-global-color-5)","background-image":"","background-repeat":"repeat","background-position":"center center","background-size":"auto","background-attachment":"scroll","background-type":"","background-media":"","overlay-type":"","overlay-color":"","overlay-opacity":"","overlay-gradient":""}}},"product_brand":[],"product_cat":[486],"product_tag":[618,619,620,621,622,623,624,625,626,627,628,629,630,631,632,633,634,635,636,637,638,639,640,641,642,643,644,645,646,647,648,649,650,651,652,653,654,655,656,657,658,659,660,661,662,663,664,665,666,667,668,669,670,671,672,673,674,675,676,677,678,679,680,681,682,683,684,685,686,687,688,689,690,691,692,693,694,695,696,697,698,699,700,701,702,703,704,705,706,707,708,709,710,711,712,713,714,715,716],"class_list":{"0":"post-1440","1":"product","2":"type-product","3":"status-publish","4":"has-post-thumbnail","6":"product_cat-fertile-parrot-eggs","7":"product_tag-a-rainbow-bird","8":"product_tag-a-rainbow-parrot","9":"product_tag-baby-rainbow-parrot","10":"product_tag-big-rainbow-parrot","11":"product_tag-cute-rainbow-parrots","12":"product_tag-my-rainbow-lorikeet-laid-an-egg","13":"product_tag-parrot-rainbow","14":"product_tag-parrots-rainbow","15":"product_tag-rainbow-lorikeet-egg","16":"product_tag-rainbow-lorikeet-egg-incubation","17":"product_tag-rainbow-lorikeet-egg-laying","18":"product_tag-rainbow-lorikeet-egg-size","19":"product_tag-rainbow-lorikeet-parrot","20":"product_tag-rainbow-lorikeet-parrots-egg-allergy","21":"product_tag-rainbow-lorikeet-parrots-egg-and-banana","22":"product_tag-rainbow-lorikeet-parrots-egg-and-bird","23":"product_tag-rainbow-lorikeet-parrots-egg-and-cheese","24":"product_tag-rainbow-lorikeet-parrots-egg-and-i","25":"product_tag-rainbow-lorikeet-parrots-egg-and-i-menu","26":"product_tag-rainbow-lorikeet-parrots-egg-australian","27":"product_tag-rainbow-lorikeet-parrots-egg-backyards","28":"product_tag-rainbow-lorikeet-parrots-egg-bake","29":"product_tag-rainbow-lorikeet-parrots-egg-bites","30":"product_tag-rainbow-lorikeet-parrots-egg-bites-recipe","31":"product_tag-rainbow-lorikeet-parrots-egg-blue","32":"product_tag-rainbow-lorikeet-parrots-egg-blue-color","33":"product_tag-rainbow-lorikeet-parrots-egg-bound","34":"product_tag-rainbow-lorikeet-parrots-egg-cafe","35":"product_tag-rainbow-lorikeet-parrots-egg-casserole","36":"product_tag-rainbow-lorikeet-parrots-egg-color","37":"product_tag-rainbow-lorikeet-parrots-egg-color-chart","38":"product_tag-rainbow-lorikeet-parrots-egg-cups","39":"product_tag-rainbow-lorikeet-parrots-egg-custard","40":"product_tag-rainbow-lorikeet-parrots-egg-diet","41":"product_tag-rainbow-lorikeet-parrots-egg-do","42":"product_tag-rainbow-lorikeet-parrots-egg-donation","43":"product_tag-rainbow-lorikeet-parrots-egg-drop","44":"product_tag-rainbow-lorikeet-parrots-egg-drop-soup","45":"product_tag-rainbow-lorikeet-parrots-egg-eaters","46":"product_tag-rainbow-lorikeet-parrots-egg-eating","47":"product_tag-rainbow-lorikeet-parrots-egg-eating-snakes","48":"product_tag-rainbow-lorikeet-parrots-egg-farm","49":"product_tag-rainbow-lorikeet-parrots-egg-fast","50":"product_tag-rainbow-lorikeet-parrots-egg-foo-young","51":"product_tag-rainbow-lorikeet-parrots-egg-food","52":"product_tag-rainbow-lorikeet-parrots-egg-for-sale","53":"product_tag-rainbow-lorikeet-parrots-egg-free","54":"product_tag-rainbow-lorikeet-parrots-egg-fried-rice","55":"product_tag-rainbow-lorikeet-parrots-egg-game","56":"product_tag-rainbow-lorikeet-parrots-egg-glass","57":"product_tag-rainbow-lorikeet-parrots-egg-green","58":"product_tag-rainbow-lorikeet-parrots-egg-grill","59":"product_tag-rainbow-lorikeet-parrots-egg-group","60":"product_tag-rainbow-lorikeet-parrots-egg-guide","61":"product_tag-rainbow-lorikeet-parrots-egg-harbor","62":"product_tag-rainbow-lorikeet-parrots-egg-harbor-township","63":"product_tag-rainbow-lorikeet-parrots-egg-harbor-township-nj","64":"product_tag-rainbow-lorikeet-parrots-egg-hatching","65":"product_tag-rainbow-lorikeet-parrots-egg-hunt","66":"product_tag-rainbow-lorikeet-parrots-egg-identification","67":"product_tag-rainbow-lorikeet-parrots-egg-in-backyards","68":"product_tag-rainbow-lorikeet-parrots-egg-in-microwave","69":"product_tag-rainbow-lorikeet-parrots-egg-incubation-time","70":"product_tag-rainbow-lorikeet-parrots-egg-incubator","71":"product_tag-rainbow-lorikeet-parrots-egg-is-bad","72":"product_tag-rainbow-lorikeet-parrots-egg-island","73":"product_tag-rainbow-lorikeet-parrots-egg-joke","74":"product_tag-rainbow-lorikeet-parrots-egg-jordan","75":"product_tag-rainbow-lorikeet-parrots-egg-juice","76":"product_tag-rainbow-lorikeet-parrots-egg-juice-recipe","77":"product_tag-rainbow-lorikeet-parrots-egg-kibble","78":"product_tag-rainbow-lorikeet-parrots-egg-kit","79":"product_tag-rainbow-lorikeet-parrots-egg-kosher","80":"product_tag-rainbow-lorikeet-parrots-egg-lamp","81":"product_tag-rainbow-lorikeet-parrots-egg-layers","82":"product_tag-rainbow-lorikeet-parrots-egg-laying","83":"product_tag-rainbow-lorikeet-parrots-egg-laying-behavior","84":"product_tag-rainbow-lorikeet-parrots-egg-list","85":"product_tag-rainbow-lorikeet-parrots-egg-loaf","86":"product_tag-rainbow-lorikeet-parrots-egg-locations","87":"product_tag-rainbow-lorikeet-parrots-egg-material","88":"product_tag-rainbow-lorikeet-parrots-egg-mcmuffin","89":"product_tag-rainbow-lorikeet-parrots-egg-meal","90":"product_tag-rainbow-lorikeet-parrots-egg-menu","91":"product_tag-rainbow-lorikeet-parrots-egg-minecraft","92":"product_tag-rainbow-lorikeet-parrots-egg-mix","93":"product_tag-rainbow-lorikeet-parrots-egg-muffins","94":"product_tag-rainbow-lorikeet-parrots-egg-my","95":"product_tag-rainbow-lorikeet-parrots-egg-necklace","96":"product_tag-rainbow-lorikeet-parrots-egg-nest","97":"product_tag-rainbow-lorikeet-parrots-egg-nog","98":"product_tag-rainbow-lorikeet-parrots-egg-noodles","99":"product_tag-rainbow-lorikeet-parrots-egg-nutrition","100":"product_tag-rainbow-lorikeet-parrots-egg-or-chicken","101":"product_tag-rainbow-lorikeet-parrots-egg-order","102":"product_tag-rainbow-lorikeet-parrots-eggs-keeps-laying","103":"product_tag-rainbow-lorikeets-parrots-egg-can","104":"product_tag-rainbow-lory-price","105":"product_tag-rainbow-parrot","106":"desktop-align-left","107":"tablet-align-left","108":"mobile-align-left","109":"ast-product-gallery-layout-horizontal-slider","110":"ast-product-gallery-with-no-image","111":"ast-product-tabs-layout-horizontal","112":"ast-qv-on-image","114":"first","115":"instock","116":"shipping-taxable","117":"product-type-simple"},"yoast_head":"<!-- This site is optimized with the Yoast SEO Premium plugin v23.2 (Yoast SEO v26.8) - https:\/\/yoast.com\/product\/yoast-seo-premium-wordpress\/ -->\n<title>Buy Rainbow Lorikeet Parrots Egg Online - Tropical Wings Birds<\/title>\n<meta name=\"robots\" content=\"index, follow, max-snippet:-1, max-image-preview:large, max-video-preview:-1\" \/>\n<link rel=\"canonical\" href=\"https:\/\/tropicalwingsbirds.shop\/es_pr\/comercio\/buy-rainbow-lorikeet-parrots-egg-online\/\" \/>\n<meta property=\"og:locale\" content=\"es_ES\" \/>\n<meta property=\"og:type\" content=\"article\" \/>\n<meta property=\"og:title\" content=\"Buy Rainbow Lorikeet Parrots Egg Online\" \/>\n<meta property=\"og:description\" content=\"Egg make excellent for those who committ to providing excellent quality care for their pets. also, ave plenty of free time to spend with them. These are friendly, funny, affectionate birds. Rainbow Lorikeets are found in Australian mainly in northern and\u00a0eastern areas. Their habitat are wet sclerophyll forest, rainforest, coastal forests, suburbs and\u00a0 urban areas [&hellip;]\" \/>\n<meta property=\"og:url\" content=\"https:\/\/tropicalwingsbirds.shop\/es_pr\/comercio\/buy-rainbow-lorikeet-parrots-egg-online\/\" \/>\n<meta property=\"og:site_name\" content=\"Tropical Wings Birds\" \/>\n<meta property=\"article:publisher\" content=\"https:\/\/web.facebook.com\/profile.php?id=61551502767851&amp;mibextid=2JQ9oc&amp;_rdc=1&amp;_rdr\" \/>\n<meta property=\"article:modified_time\" content=\"2023-12-07T14:14:07+00:00\" \/>\n<meta property=\"og:image\" content=\"https:\/\/tropicalwingsbirds.shop\/wp-content\/uploads\/2023\/12\/e14.jpg\" \/>\n\t<meta property=\"og:image:width\" content=\"717\" \/>\n\t<meta property=\"og:image:height\" content=\"960\" \/>\n\t<meta property=\"og:image:type\" content=\"image\/jpeg\" \/>\n<meta name=\"twitter:card\" content=\"summary_large_image\" \/>\n<meta name=\"twitter:label1\" content=\"Price\" \/>\n\t<meta name=\"twitter:data1\" content=\"\" \/>\n\t<meta name=\"twitter:label2\" content=\"Availability\" \/>\n\t<meta name=\"twitter:data2\" content=\"In stock\" \/>\n<script type=\"application\/ld+json\" class=\"yoast-schema-graph\">{\"@context\":\"https:\/\/schema.org\",\"@graph\":[{\"@type\":\"WebPage\",\"@id\":\"https:\/\/tropicalwingsbirds.shop\/shop\/buy-rainbow-lorikeet-parrots-egg-online\/\",\"url\":\"https:\/\/tropicalwingsbirds.shop\/shop\/buy-rainbow-lorikeet-parrots-egg-online\/\",\"name\":\"Buy Rainbow Lorikeet Parrots Egg Online - Tropical Wings Birds\",\"isPartOf\":{\"@id\":\"https:\/\/tropicalwingsbirds.shop\/#website\"},\"primaryImageOfPage\":{\"@id\":\"https:\/\/tropicalwingsbirds.shop\/shop\/buy-rainbow-lorikeet-parrots-egg-online\/#primaryimage\"},\"image\":{\"@id\":\"https:\/\/tropicalwingsbirds.shop\/shop\/buy-rainbow-lorikeet-parrots-egg-online\/#primaryimage\"},\"thumbnailUrl\":\"https:\/\/tropicalwingsbirds.shop\/wp-content\/uploads\/2023\/12\/e14.jpg\",\"datePublished\":\"2023-12-07T14:11:43+00:00\",\"dateModified\":\"2023-12-07T14:14:07+00:00\",\"breadcrumb\":{\"@id\":\"https:\/\/tropicalwingsbirds.shop\/shop\/buy-rainbow-lorikeet-parrots-egg-online\/#breadcrumb\"},\"inLanguage\":\"es\",\"potentialAction\":[{\"@type\":\"ReadAction\",\"target\":[\"https:\/\/tropicalwingsbirds.shop\/shop\/buy-rainbow-lorikeet-parrots-egg-online\/\"]}]},{\"@type\":\"ImageObject\",\"inLanguage\":\"es\",\"@id\":\"https:\/\/tropicalwingsbirds.shop\/shop\/buy-rainbow-lorikeet-parrots-egg-online\/#primaryimage\",\"url\":\"https:\/\/tropicalwingsbirds.shop\/wp-content\/uploads\/2023\/12\/e14.jpg\",\"contentUrl\":\"https:\/\/tropicalwingsbirds.shop\/wp-content\/uploads\/2023\/12\/e14.jpg\",\"width\":717,\"height\":960},{\"@type\":\"BreadcrumbList\",\"@id\":\"https:\/\/tropicalwingsbirds.shop\/shop\/buy-rainbow-lorikeet-parrots-egg-online\/#breadcrumb\",\"itemListElement\":[{\"@type\":\"ListItem\",\"position\":1,\"name\":\"Home\",\"item\":\"https:\/\/tropicalwingsbirds.shop\/\"},{\"@type\":\"ListItem\",\"position\":2,\"name\":\"Shop\",\"item\":\"https:\/\/tropicalwingsbirds.shop\/shop\/\"},{\"@type\":\"ListItem\",\"position\":3,\"name\":\"Buy Rainbow Lorikeet Parrots Egg Online\"}]},{\"@type\":\"WebSite\",\"@id\":\"https:\/\/tropicalwingsbirds.shop\/#website\",\"url\":\"https:\/\/tropicalwingsbirds.shop\/\",\"name\":\"Tropical Wings Birds\",\"description\":\"Best Exotic birds breeders online\",\"publisher\":{\"@id\":\"https:\/\/tropicalwingsbirds.shop\/#organization\"},\"potentialAction\":[{\"@type\":\"SearchAction\",\"target\":{\"@type\":\"EntryPoint\",\"urlTemplate\":\"https:\/\/tropicalwingsbirds.shop\/?s={search_term_string}\"},\"query-input\":{\"@type\":\"PropertyValueSpecification\",\"valueRequired\":true,\"valueName\":\"search_term_string\"}}],\"inLanguage\":\"es\"},{\"@type\":[\"Organization\",\"Place\",\"PetStore\"],\"@id\":\"https:\/\/tropicalwingsbirds.shop\/#organization\",\"name\":\"Tropical Wings Birds Shop\",\"alternateName\":\"TPWB\",\"url\":\"https:\/\/tropicalwingsbirds.shop\/\",\"logo\":{\"@id\":\"https:\/\/tropicalwingsbirds.shop\/shop\/buy-rainbow-lorikeet-parrots-egg-online\/#local-main-organization-logo\"},\"image\":{\"@id\":\"https:\/\/tropicalwingsbirds.shop\/shop\/buy-rainbow-lorikeet-parrots-egg-online\/#local-main-organization-logo\"},\"sameAs\":[\"https:\/\/web.facebook.com\/profile.php?id=61551502767851&mibextid=2JQ9oc&_rdc=1&_rdr\"],\"description\":\"Tropical Wings Birds is your destination for exotic avian companionship. Our boutique aviary in United States offers a curated selection of vibrant tropical birds sourced from reputable breeders worldwide. With a focus on welfare and expertise, our dedicated team is here to guide you on your journey to finding the perfect feathered friend. Visit us today and experience the magic of avian companionship at Tropical Wings Birds.\",\"legalName\":\"Tropical Wings Birds\",\"foundingDate\":\"2019-02-14\",\"numberOfEmployees\":{\"@type\":\"QuantitativeValue\",\"minValue\":\"1\",\"maxValue\":\"10\"},\"address\":{\"@id\":\"https:\/\/tropicalwingsbirds.shop\/shop\/buy-rainbow-lorikeet-parrots-egg-online\/#local-main-place-address\"},\"geo\":{\"@type\":\"GeoCoordinates\",\"latitude\":\"40.5976725\",\"longitude\":\"-122.3716346\"},\"telephone\":[\"+1 707-733-4623\",\"+1 707-733-4623\"],\"contactPoint\":{\"@type\":\"ContactPoint\",\"telephone\":\"+1 707-733-4623\",\"email\":\"sales@tropicalwingsbirds.shop\"},\"openingHoursSpecification\":{\"@type\":\"OpeningHoursSpecification\",\"dayOfWeek\":[\"Monday\",\"Tuesday\",\"Wednesday\",\"Thursday\",\"Friday\",\"Saturday\",\"Sunday\"],\"opens\":\"00:00\",\"closes\":\"23:59\"},\"email\":\"sales@tropicalwingsbirds.shop\",\"faxNumber\":\"+1 707-733-4623\",\"areaServed\":\"United states, Porto Rico, Canada, Australia\",\"priceRange\":\"$\",\"currenciesAccepted\":\"USD, CAD, AUD,\",\"paymentAccepted\":\"Zelle, Paypal, Bitcoin, Apple pay, Credit cards, Bank transfers\"},{\"@type\":\"PostalAddress\",\"@id\":\"https:\/\/tropicalwingsbirds.shop\/shop\/buy-rainbow-lorikeet-parrots-egg-online\/#local-main-place-address\",\"streetAddress\":\"500 Hilltop Dr,\",\"addressLocality\":\"Redding\",\"postalCode\":\"96003\",\"addressRegion\":\"California\",\"addressCountry\":\"US\"},{\"@type\":\"ImageObject\",\"inLanguage\":\"es\",\"@id\":\"https:\/\/tropicalwingsbirds.shop\/shop\/buy-rainbow-lorikeet-parrots-egg-online\/#local-main-organization-logo\",\"url\":\"https:\/\/tropicalwingsbirds.shop\/wp-content\/uploads\/2024\/01\/tropical-wings-1.webp\",\"contentUrl\":\"https:\/\/tropicalwingsbirds.shop\/wp-content\/uploads\/2024\/01\/tropical-wings-1.webp\",\"width\":500,\"height\":500,\"caption\":\"Tropical Wings Birds Shop\"}]}<\/script>\n<meta property=\"product:price:currency\" content=\"USD\" \/>\n<meta property=\"og:availability\" content=\"instock\" \/>\n<meta property=\"product:availability\" content=\"instock\" \/>\n<meta property=\"product:condition\" content=\"new\" \/>\n<meta name=\"geo.placename\" content=\"Redding\" \/>\n<meta name=\"geo.position\" content=\"40.5976725;-122.3716346\" \/>\n<meta name=\"geo.region\" content=\"United States (US)\" \/>\n<!-- \/ Yoast SEO Premium plugin. -->","yoast_head_json":{"title":"Buy Rainbow Lorikeet Parrots Egg Online - Tropical Wings Birds","robots":{"index":"index","follow":"follow","max-snippet":"max-snippet:-1","max-image-preview":"max-image-preview:large","max-video-preview":"max-video-preview:-1"},"canonical":"https:\/\/tropicalwingsbirds.shop\/es_pr\/comercio\/buy-rainbow-lorikeet-parrots-egg-online\/","og_locale":"es_ES","og_type":"article","og_title":"Buy Rainbow Lorikeet Parrots Egg Online","og_description":"Egg make excellent for those who committ to providing excellent quality care for their pets. also, ave plenty of free time to spend with them. These are friendly, funny, affectionate birds. Rainbow Lorikeets are found in Australian mainly in northern and\u00a0eastern areas. Their habitat are wet sclerophyll forest, rainforest, coastal forests, suburbs and\u00a0 urban areas [&hellip;]","og_url":"https:\/\/tropicalwingsbirds.shop\/es_pr\/comercio\/buy-rainbow-lorikeet-parrots-egg-online\/","og_site_name":"Tropical Wings Birds","article_publisher":"https:\/\/web.facebook.com\/profile.php?id=61551502767851&mibextid=2JQ9oc&_rdc=1&_rdr","article_modified_time":"2023-12-07T14:14:07+00:00","og_image":[{"width":717,"height":960,"url":"https:\/\/tropicalwingsbirds.shop\/wp-content\/uploads\/2023\/12\/e14.jpg","type":"image\/jpeg"}],"twitter_card":"summary_large_image","twitter_misc":{"Price":"","Availability":"In stock"},"schema":{"@context":"https:\/\/schema.org","@graph":[{"@type":"WebPage","@id":"https:\/\/tropicalwingsbirds.shop\/shop\/buy-rainbow-lorikeet-parrots-egg-online\/","url":"https:\/\/tropicalwingsbirds.shop\/shop\/buy-rainbow-lorikeet-parrots-egg-online\/","name":"Buy Rainbow Lorikeet Parrots Egg Online - Tropical Wings Birds","isPartOf":{"@id":"https:\/\/tropicalwingsbirds.shop\/#website"},"primaryImageOfPage":{"@id":"https:\/\/tropicalwingsbirds.shop\/shop\/buy-rainbow-lorikeet-parrots-egg-online\/#primaryimage"},"image":{"@id":"https:\/\/tropicalwingsbirds.shop\/shop\/buy-rainbow-lorikeet-parrots-egg-online\/#primaryimage"},"thumbnailUrl":"https:\/\/tropicalwingsbirds.shop\/wp-content\/uploads\/2023\/12\/e14.jpg","datePublished":"2023-12-07T14:11:43+00:00","dateModified":"2023-12-07T14:14:07+00:00","breadcrumb":{"@id":"https:\/\/tropicalwingsbirds.shop\/shop\/buy-rainbow-lorikeet-parrots-egg-online\/#breadcrumb"},"inLanguage":"es","potentialAction":[{"@type":"ReadAction","target":["https:\/\/tropicalwingsbirds.shop\/shop\/buy-rainbow-lorikeet-parrots-egg-online\/"]}]},{"@type":"ImageObject","inLanguage":"es","@id":"https:\/\/tropicalwingsbirds.shop\/shop\/buy-rainbow-lorikeet-parrots-egg-online\/#primaryimage","url":"https:\/\/tropicalwingsbirds.shop\/wp-content\/uploads\/2023\/12\/e14.jpg","contentUrl":"https:\/\/tropicalwingsbirds.shop\/wp-content\/uploads\/2023\/12\/e14.jpg","width":717,"height":960},{"@type":"BreadcrumbList","@id":"https:\/\/tropicalwingsbirds.shop\/shop\/buy-rainbow-lorikeet-parrots-egg-online\/#breadcrumb","itemListElement":[{"@type":"ListItem","position":1,"name":"Home","item":"https:\/\/tropicalwingsbirds.shop\/"},{"@type":"ListItem","position":2,"name":"Shop","item":"https:\/\/tropicalwingsbirds.shop\/shop\/"},{"@type":"ListItem","position":3,"name":"Buy Rainbow Lorikeet Parrots Egg Online"}]},{"@type":"WebSite","@id":"https:\/\/tropicalwingsbirds.shop\/#website","url":"https:\/\/tropicalwingsbirds.shop\/","name":"Aves de alas tropicales","description":"Los mejores criadores de aves ex\u00f3ticas online","publisher":{"@id":"https:\/\/tropicalwingsbirds.shop\/#organization"},"potentialAction":[{"@type":"SearchAction","target":{"@type":"EntryPoint","urlTemplate":"https:\/\/tropicalwingsbirds.shop\/?s={search_term_string}"},"query-input":{"@type":"PropertyValueSpecification","valueRequired":true,"valueName":"search_term_string"}}],"inLanguage":"es"},{"@type":["Organization","Place","PetStore"],"@id":"https:\/\/tropicalwingsbirds.shop\/#organization","name":"Tropical Wings Birds Shop","alternateName":"TPWB","url":"https:\/\/tropicalwingsbirds.shop\/","logo":{"@id":"https:\/\/tropicalwingsbirds.shop\/shop\/buy-rainbow-lorikeet-parrots-egg-online\/#local-main-organization-logo"},"image":{"@id":"https:\/\/tropicalwingsbirds.shop\/shop\/buy-rainbow-lorikeet-parrots-egg-online\/#local-main-organization-logo"},"sameAs":["https:\/\/web.facebook.com\/profile.php?id=61551502767851&mibextid=2JQ9oc&_rdc=1&_rdr"],"description":"Tropical Wings Birds es su destino ideal para disfrutar de la compa\u00f1\u00eda de aves ex\u00f3ticas. Nuestro aviario boutique en Estados Unidos ofrece una cuidada selecci\u00f3n de vibrantes aves tropicales provenientes de criadores de renombre mundial. Con un enfoque en el bienestar y la experiencia, nuestro dedicado equipo est\u00e1 aqu\u00ed para guiarle en su b\u00fasqueda del compa\u00f1ero emplumado perfecto. Vis\u00edtenos hoy mismo y experimente la magia de la compa\u00f1\u00eda aviar en Tropical Wings Birds.","legalName":"Tropical Wings Birds","foundingDate":"2019-02-14","numberOfEmployees":{"@type":"QuantitativeValue","minValue":"1","maxValue":"10"},"address":{"@id":"https:\/\/tropicalwingsbirds.shop\/shop\/buy-rainbow-lorikeet-parrots-egg-online\/#local-main-place-address"},"geo":{"@type":"GeoCoordinates","latitude":"40.5976725","longitude":"-122.3716346"},"telephone":["+1 707-733-4623","+1 707-733-4623"],"contactPoint":{"@type":"ContactPoint","telephone":"+1 707-733-4623","email":"sales@tropicalwingsbirds.shop"},"openingHoursSpecification":{"@type":"OpeningHoursSpecification","dayOfWeek":["Monday","Tuesday","Wednesday","Thursday","Friday","Saturday","Sunday"],"opens":"00:00","closes":"23:59"},"email":"sales@tropicalwingsbirds.shop","faxNumber":"+1 707-733-4623","areaServed":"United states, Porto Rico, Canada, Australia","priceRange":"$","currenciesAccepted":"USD, CAD, AUD,","paymentAccepted":"Zelle, Paypal, Bitcoin, Apple pay, Credit cards, Bank transfers"},{"@type":"PostalAddress","@id":"https:\/\/tropicalwingsbirds.shop\/shop\/buy-rainbow-lorikeet-parrots-egg-online\/#local-main-place-address","streetAddress":"500 Hilltop Dr,","addressLocality":"Redding","postalCode":"96003","addressRegion":"California","addressCountry":"US"},{"@type":"ImageObject","inLanguage":"es","@id":"https:\/\/tropicalwingsbirds.shop\/shop\/buy-rainbow-lorikeet-parrots-egg-online\/#local-main-organization-logo","url":"https:\/\/tropicalwingsbirds.shop\/wp-content\/uploads\/2024\/01\/tropical-wings-1.webp","contentUrl":"https:\/\/tropicalwingsbirds.shop\/wp-content\/uploads\/2024\/01\/tropical-wings-1.webp","width":500,"height":500,"caption":"Tropical Wings Birds Shop"}]},"product_price_currency":"USD","og_availability":"instock","product_availability":"instock","product_condition":"new","geo.placename":"Redding","geo.position":{"lat":"40.5976725","long":"-122.3716346"},"geo.region":"United States (US)"},"_links":{"self":[{"href":"https:\/\/tropicalwingsbirds.shop\/es_pr\/wp-json\/wp\/v2\/product\/1440","targetHints":{"allow":["GET"]}}],"collection":[{"href":"https:\/\/tropicalwingsbirds.shop\/es_pr\/wp-json\/wp\/v2\/product"}],"about":[{"href":"https:\/\/tropicalwingsbirds.shop\/es_pr\/wp-json\/wp\/v2\/types\/product"}],"replies":[{"embeddable":true,"href":"https:\/\/tropicalwingsbirds.shop\/es_pr\/wp-json\/wp\/v2\/comments?post=1440"}],"wp:featuredmedia":[{"embeddable":true,"href":"https:\/\/tropicalwingsbirds.shop\/es_pr\/wp-json\/wp\/v2\/media\/1485"}],"wp:attachment":[{"href":"https:\/\/tropicalwingsbirds.shop\/es_pr\/wp-json\/wp\/v2\/media?parent=1440"}],"wp:term":[{"taxonomy":"product_brand","embeddable":true,"href":"https:\/\/tropicalwingsbirds.shop\/es_pr\/wp-json\/wp\/v2\/product_brand?post=1440"},{"taxonomy":"product_cat","embeddable":true,"href":"https:\/\/tropicalwingsbirds.shop\/es_pr\/wp-json\/wp\/v2\/product_cat?post=1440"},{"taxonomy":"product_tag","embeddable":true,"href":"https:\/\/tropicalwingsbirds.shop\/es_pr\/wp-json\/wp\/v2\/product_tag?post=1440"}],"curies":[{"name":"wp","href":"https:\/\/api.w.org\/{rel}","templated":true}]}}