{"id":1766,"date":"2023-12-07T14:24:17","date_gmt":"2023-12-07T14:24:17","guid":{"rendered":"https:\/\/tropicalwingsbirds.shop\/?post_type=product&#038;p=1766"},"modified":"2023-12-07T14:26:10","modified_gmt":"2023-12-07T14:26:10","slug":"comprar-wing-predators-falcon-en-linea","status":"publish","type":"product","link":"https:\/\/tropicalwingsbirds.shop\/es_pr\/comercio\/comprar-wing-predators-falcon-en-linea\/","title":{"rendered":"Compra Wing Predators Falcon en l\u00ednea"},"content":{"rendered":"<div class=\"bordered-container\">\n<p>Son rapaces depredadoras grandes y r\u00e1pidas. Sus fuertes y afiladas garras amarillas le permiten capturar otras aves, incluso en vuelo. Los halcones pueden ser dif\u00edciles de identificar debido a su vuelo veloz y su coloraci\u00f3n de camuflaje. Las alas y la cola son de color gris azulado, mientras que el dorso y la cabeza son de un marr\u00f3n m\u00e1s oscuro.<\/p>\n<p>A veces, las mejillas pueden presentar una marca marr\u00f3n oscuro en forma de l\u00e1grima. La barbilla y el cuello son blancos, y cada ojo est\u00e1 rodeado por un c\u00edrculo amarillo. Barras marr\u00f3n oscuro recorren su pecho blanco. Si las alas est\u00e1n abiertas, tambi\u00e9n se ven barras marr\u00f3n oscuro a lo largo de ellas. Los halcones peregrinos miden aproximadamente 40 cm (1,5 pies) de altura y tienen una envergadura de un metro (3,5 pies).<\/p>\n<\/p><\/div>\n<div class=\"bordered-container\">\n<div class=\"bordered-container\">\n<p>Los halcones peregrinos se alimentan principalmente de otras aves. Consumen una variedad de especies: se han documentado alrededor de 450 especies norteamericanas como presas, y la cifra mundial podr\u00eda alcanzar las 2000. Aves tan grandes como las grullas canadienses y tan peque\u00f1as como los colibr\u00edes han sido devoradas por halcones. Sus presas t\u00edpicas incluyen aves playeras, patos, zampullines, gaviotas, palomas y aves cantoras. Los halcones peregrinos tambi\u00e9n se alimentan de murci\u00e9lagos y, ocasionalmente, roban presas, como peces y roedores, a otras aves rapaces.<\/p>\n<\/p><\/div>\n<\/p><\/div>\n<p>Las aves rapaces son los depredadores del cielo. Ya sea descendiendo desde grandes alturas a velocidades fenomenales o desplaz\u00e1ndose silenciosamente entre los \u00e1rboles, estos animales \u00fanicos cautivan nuestra imaginaci\u00f3n y despiertan nuestra admiraci\u00f3n. Cada especie est\u00e1 especialmente adaptada a la caza en su nicho ecol\u00f3gico particular. Sus cuerpos y sentidos han evolucionado para ser aptos para un solo prop\u00f3sito: la depredaci\u00f3n.<\/p>","protected":false},"excerpt":{"rendered":"<p>are quick, large predatory raptors. The falcon\u2019s strong, sharp yellow talons allow it to capture other birds, even while in flight.falcons can be hard to identify because of their quick flight and camouflage coloring. The wings and tail are bluish-gray, while the back and head are a darker brown. Sometimes the cheeks can have a [&hellip;]<\/p>","protected":false},"featured_media":1805,"comment_status":"closed","ping_status":"closed","template":"","meta":{"site-sidebar-layout":"default","site-content-layout":"","ast-site-content-layout":"default","site-content-style":"default","site-sidebar-style":"default","ast-global-header-display":"","ast-banner-title-visibility":"","ast-main-header-display":"","ast-hfb-above-header-display":"","ast-hfb-below-header-display":"","ast-hfb-mobile-header-display":"","site-post-title":"","ast-breadcrumbs-content":"","ast-featured-img":"","footer-sml-layout":"","theme-transparent-header-meta":"","adv-header-id-meta":"","stick-header-meta":"","header-above-stick-meta":"","header-main-stick-meta":"","header-below-stick-meta":"","astra-migrate-meta-layouts":"default","ast-page-background-enabled":"default","ast-page-background-meta":{"desktop":{"background-color":"var(--ast-global-color-4)","background-image":"","background-repeat":"repeat","background-position":"center center","background-size":"auto","background-attachment":"scroll","background-type":"","background-media":"","overlay-type":"","overlay-color":"","overlay-opacity":"","overlay-gradient":""},"tablet":{"background-color":"","background-image":"","background-repeat":"repeat","background-position":"center center","background-size":"auto","background-attachment":"scroll","background-type":"","background-media":"","overlay-type":"","overlay-color":"","overlay-opacity":"","overlay-gradient":""},"mobile":{"background-color":"","background-image":"","background-repeat":"repeat","background-position":"center center","background-size":"auto","background-attachment":"scroll","background-type":"","background-media":"","overlay-type":"","overlay-color":"","overlay-opacity":"","overlay-gradient":""}},"ast-content-background-meta":{"desktop":{"background-color":"var(--ast-global-color-5)","background-image":"","background-repeat":"repeat","background-position":"center center","background-size":"auto","background-attachment":"scroll","background-type":"","background-media":"","overlay-type":"","overlay-color":"","overlay-opacity":"","overlay-gradient":""},"tablet":{"background-color":"var(--ast-global-color-5)","background-image":"","background-repeat":"repeat","background-position":"center center","background-size":"auto","background-attachment":"scroll","background-type":"","background-media":"","overlay-type":"","overlay-color":"","overlay-opacity":"","overlay-gradient":""},"mobile":{"background-color":"var(--ast-global-color-5)","background-image":"","background-repeat":"repeat","background-position":"center center","background-size":"auto","background-attachment":"scroll","background-type":"","background-media":"","overlay-type":"","overlay-color":"","overlay-opacity":"","overlay-gradient":""}}},"product_brand":[],"product_cat":[820],"product_tag":[1644,1645,1646,1647,1648,1649,1650,1651,1652,1653,1654,1655,1656,1657,1658,1659,1660,1661,1662,1663,1664,1665,1666,1667,1668,1669,1670,1671,1672,1673,1674,1675,1676,1677,1678,1679,1680,1681,1682,1683,1684,1685,1686,1687,1688,1689,1690,1691,1692,1693,1694,1695,1696,1697,1698,1699,1700,1701,1702,1703,1704,1705,1706,1707,1708,1709,1710,1711,1712,1713,1714,1715,1716,1717,1718,1719,1720,1721,1722,1723,1724,1725,1726,1727,1728,1729,1730,1731,1732],"class_list":{"0":"post-1766","1":"product","2":"type-product","3":"status-publish","4":"has-post-thumbnail","6":"product_cat-falcon","7":"product_tag-a-winged-unicorn","8":"product_tag-eagles-falcons-predictions","9":"product_tag-falcon-prey-animals","10":"product_tag-falcon-spread-wings","11":"product_tag-falcon-wing-spread","12":"product_tag-falcon-wingspan","13":"product_tag-falcon-with-cap","14":"product_tag-falcon-with-hat","15":"product_tag-falcons-prey","16":"product_tag-falcons-predators","17":"product_tag-gyrfalcon-predators","18":"product_tag-hunt-with-falcons","19":"product_tag-is-a-falcon-an-apex-predator","20":"product_tag-predator-falcon","21":"product_tag-predators-of-falcons","22":"product_tag-red-winged-falcon","23":"product_tag-what-are-the-predators-of-peregrine-falcons","24":"product_tag-winged-predator-falcon-alarm","25":"product_tag-winged-predator-falcon-apex","26":"product_tag-winged-predator-falcon-bass-boat","27":"product_tag-winged-predator-falcon-bass-boat-problems","28":"product_tag-winged-predator-falcon-boat-for-sale","29":"product_tag-winged-predator-falcon-evo-4","30":"product_tag-winged-predator-falcon-f20","31":"product_tag-winged-predator-falcon-f21","32":"product_tag-winged-predators","33":"product_tag-winged-predators-falcon-adidas","34":"product_tag-winged-predators-falcon-aer","35":"product_tag-winged-predators-falcon-air","36":"product_tag-winged-predators-falcon-and","37":"product_tag-winged-predators-falcon-and-the-snowman","38":"product_tag-winged-predators-falcon-auto","39":"product_tag-winged-predators-falcon-avengers","40":"product_tag-winged-predators-falcon-back","41":"product_tag-winged-predators-falcon-bank","42":"product_tag-winged-predators-falcon-bird","43":"product_tag-winged-predators-falcon-boats","44":"product_tag-winged-predators-falcon-brook","45":"product_tag-winged-predators-falcon-by","46":"product_tag-winged-predators-falcon-by-ford","47":"product_tag-winged-predators-falcon-camera","48":"product_tag-winged-predators-falcon-cave","49":"product_tag-winged-predators-falcon-co","50":"product_tag-winged-predators-falcon-colorado","51":"product_tag-winged-predators-falcon-county","52":"product_tag-winged-predators-falcon-credit","53":"product_tag-winged-predators-falcon-crest","54":"product_tag-winged-predators-falcon-dion","55":"product_tag-winged-predators-falcon-dodge","56":"product_tag-winged-predators-falcon-dodge-charger","57":"product_tag-winged-predators-falcon-doors","58":"product_tag-winged-predators-falcon-draconic","59":"product_tag-winged-predators-falcon-drive","60":"product_tag-winged-predators-falcon-drive-dunedin-fl","61":"product_tag-winged-predators-falcon-east","62":"product_tag-winged-predators-falcon-english","63":"product_tag-winged-predators-falcon-error","64":"product_tag-winged-predators-falcon-express","65":"product_tag-winged-predators-falcon-f7","66":"product_tag-winged-predators-falcon-football","67":"product_tag-winged-predators-falcon-for-sale","68":"product_tag-winged-predators-falcon-ford","69":"product_tag-winged-predators-falcon-ga","70":"product_tag-winged-predators-falcon-gads","71":"product_tag-winged-predators-falcon-game","72":"product_tag-winged-predators-falcon-gib","73":"product_tag-winged-predators-falcon-glen","74":"product_tag-winged-predators-falcon-glen-apartments","75":"product_tag-winged-predators-falcon-goldberg","76":"product_tag-winged-predators-falcon-grill","77":"product_tag-winged-predators-falcon-harbor","78":"product_tag-winged-predators-falcon-heavy","79":"product_tag-winged-predators-falcon-heavy-launch","80":"product_tag-winged-predators-falcon-herb","81":"product_tag-winged-predators-falcon-high","82":"product_tag-winged-predators-falcon-high-school","83":"product_tag-winged-predators-falcon-honda","84":"product_tag-winged-predators-falcon-inc","85":"product_tag-winged-predators-falcon-information","86":"product_tag-winged-predators-falcon-instructions","87":"product_tag-winged-predators-falcon-insurance","88":"product_tag-winged-predators-falcon-insurance-company","89":"product_tag-wings-predators-falcon-car","90":"product_tag-wings-predators-falcon-costume","91":"product_tag-wings-predators-falcon-cynthia-voigt","92":"product_tag-wings-predators-falcon-graphic","93":"product_tag-wings-predators-falcon-gulfstream","94":"product_tag-wings-predators-falcon-hd-wallpaper","95":"product_tag-wingspan-predator-succeeds","96":"desktop-align-left","97":"tablet-align-left","98":"mobile-align-left","99":"ast-product-gallery-layout-horizontal-slider","100":"ast-product-tabs-layout-horizontal","101":"ast-qv-on-image","103":"first","104":"instock","105":"shipping-taxable","106":"product-type-simple"},"yoast_head":"<!-- This site is optimized with the Yoast SEO Premium plugin v23.2 (Yoast SEO v26.8) - https:\/\/yoast.com\/product\/yoast-seo-premium-wordpress\/ -->\n<title>Buy Wing Predators Falcon Online - Tropical Wings Birds<\/title>\n<meta name=\"robots\" content=\"index, follow, max-snippet:-1, max-image-preview:large, max-video-preview:-1\" \/>\n<link rel=\"canonical\" href=\"https:\/\/tropicalwingsbirds.shop\/es_pr\/comercio\/comprar-wing-predators-falcon-en-linea\/\" \/>\n<meta property=\"og:locale\" content=\"es_ES\" \/>\n<meta property=\"og:type\" content=\"article\" \/>\n<meta property=\"og:title\" content=\"Buy Wing Predators Falcon Online\" \/>\n<meta property=\"og:description\" content=\"are quick, large predatory raptors. The falcon\u2019s strong, sharp yellow talons allow it to capture other birds, even while in flight.falcons can be hard to identify because of their quick flight and camouflage coloring. The wings and tail are bluish-gray, while the back and head are a darker brown. Sometimes the cheeks can have a [&hellip;]\" \/>\n<meta property=\"og:url\" content=\"https:\/\/tropicalwingsbirds.shop\/es_pr\/comercio\/comprar-wing-predators-falcon-en-linea\/\" \/>\n<meta property=\"og:site_name\" content=\"Tropical Wings Birds\" \/>\n<meta property=\"article:publisher\" content=\"https:\/\/web.facebook.com\/profile.php?id=61551502767851&amp;mibextid=2JQ9oc&amp;_rdc=1&amp;_rdr\" \/>\n<meta property=\"article:modified_time\" content=\"2023-12-07T14:26:10+00:00\" \/>\n<meta property=\"og:image\" content=\"https:\/\/tropicalwingsbirds.shop\/wp-content\/uploads\/2023\/12\/k9.jpg\" \/>\n\t<meta property=\"og:image:width\" content=\"1080\" \/>\n\t<meta property=\"og:image:height\" content=\"1080\" \/>\n\t<meta property=\"og:image:type\" content=\"image\/jpeg\" \/>\n<meta name=\"twitter:card\" content=\"summary_large_image\" \/>\n<meta name=\"twitter:label1\" content=\"Price\" \/>\n\t<meta name=\"twitter:data1\" content=\"\" \/>\n\t<meta name=\"twitter:label2\" content=\"Availability\" \/>\n\t<meta name=\"twitter:data2\" content=\"In stock\" \/>\n<script type=\"application\/ld+json\" class=\"yoast-schema-graph\">{\"@context\":\"https:\/\/schema.org\",\"@graph\":[{\"@type\":\"WebPage\",\"@id\":\"https:\/\/tropicalwingsbirds.shop\/shop\/buy-wing-predators-falcon-online\/\",\"url\":\"https:\/\/tropicalwingsbirds.shop\/shop\/buy-wing-predators-falcon-online\/\",\"name\":\"Buy Wing Predators Falcon Online - Tropical Wings Birds\",\"isPartOf\":{\"@id\":\"https:\/\/tropicalwingsbirds.shop\/#website\"},\"primaryImageOfPage\":{\"@id\":\"https:\/\/tropicalwingsbirds.shop\/shop\/buy-wing-predators-falcon-online\/#primaryimage\"},\"image\":{\"@id\":\"https:\/\/tropicalwingsbirds.shop\/shop\/buy-wing-predators-falcon-online\/#primaryimage\"},\"thumbnailUrl\":\"https:\/\/tropicalwingsbirds.shop\/wp-content\/uploads\/2023\/12\/k9.jpg\",\"datePublished\":\"2023-12-07T14:24:17+00:00\",\"dateModified\":\"2023-12-07T14:26:10+00:00\",\"breadcrumb\":{\"@id\":\"https:\/\/tropicalwingsbirds.shop\/shop\/buy-wing-predators-falcon-online\/#breadcrumb\"},\"inLanguage\":\"es\",\"potentialAction\":[{\"@type\":\"ReadAction\",\"target\":[\"https:\/\/tropicalwingsbirds.shop\/shop\/buy-wing-predators-falcon-online\/\"]}]},{\"@type\":\"ImageObject\",\"inLanguage\":\"es\",\"@id\":\"https:\/\/tropicalwingsbirds.shop\/shop\/buy-wing-predators-falcon-online\/#primaryimage\",\"url\":\"https:\/\/tropicalwingsbirds.shop\/wp-content\/uploads\/2023\/12\/k9.jpg\",\"contentUrl\":\"https:\/\/tropicalwingsbirds.shop\/wp-content\/uploads\/2023\/12\/k9.jpg\",\"width\":1080,\"height\":1080},{\"@type\":\"BreadcrumbList\",\"@id\":\"https:\/\/tropicalwingsbirds.shop\/shop\/buy-wing-predators-falcon-online\/#breadcrumb\",\"itemListElement\":[{\"@type\":\"ListItem\",\"position\":1,\"name\":\"Home\",\"item\":\"https:\/\/tropicalwingsbirds.shop\/\"},{\"@type\":\"ListItem\",\"position\":2,\"name\":\"Shop\",\"item\":\"https:\/\/tropicalwingsbirds.shop\/shop\/\"},{\"@type\":\"ListItem\",\"position\":3,\"name\":\"Buy Wing Predators Falcon Online\"}]},{\"@type\":\"WebSite\",\"@id\":\"https:\/\/tropicalwingsbirds.shop\/#website\",\"url\":\"https:\/\/tropicalwingsbirds.shop\/\",\"name\":\"Tropical Wings Birds\",\"description\":\"Best Exotic birds breeders online\",\"publisher\":{\"@id\":\"https:\/\/tropicalwingsbirds.shop\/#organization\"},\"potentialAction\":[{\"@type\":\"SearchAction\",\"target\":{\"@type\":\"EntryPoint\",\"urlTemplate\":\"https:\/\/tropicalwingsbirds.shop\/?s={search_term_string}\"},\"query-input\":{\"@type\":\"PropertyValueSpecification\",\"valueRequired\":true,\"valueName\":\"search_term_string\"}}],\"inLanguage\":\"es\"},{\"@type\":[\"Organization\",\"Place\",\"PetStore\"],\"@id\":\"https:\/\/tropicalwingsbirds.shop\/#organization\",\"name\":\"Tropical Wings Birds Shop\",\"alternateName\":\"TPWB\",\"url\":\"https:\/\/tropicalwingsbirds.shop\/\",\"logo\":{\"@id\":\"https:\/\/tropicalwingsbirds.shop\/shop\/buy-wing-predators-falcon-online\/#local-main-organization-logo\"},\"image\":{\"@id\":\"https:\/\/tropicalwingsbirds.shop\/shop\/buy-wing-predators-falcon-online\/#local-main-organization-logo\"},\"sameAs\":[\"https:\/\/web.facebook.com\/profile.php?id=61551502767851&mibextid=2JQ9oc&_rdc=1&_rdr\"],\"description\":\"Tropical Wings Birds is your destination for exotic avian companionship. Our boutique aviary in United States offers a curated selection of vibrant tropical birds sourced from reputable breeders worldwide. With a focus on welfare and expertise, our dedicated team is here to guide you on your journey to finding the perfect feathered friend. Visit us today and experience the magic of avian companionship at Tropical Wings Birds.\",\"legalName\":\"Tropical Wings Birds\",\"foundingDate\":\"2019-02-14\",\"numberOfEmployees\":{\"@type\":\"QuantitativeValue\",\"minValue\":\"1\",\"maxValue\":\"10\"},\"address\":{\"@id\":\"https:\/\/tropicalwingsbirds.shop\/shop\/buy-wing-predators-falcon-online\/#local-main-place-address\"},\"geo\":{\"@type\":\"GeoCoordinates\",\"latitude\":\"40.5976725\",\"longitude\":\"-122.3716346\"},\"telephone\":[\"+1 707-733-4623\",\"+1 707-733-4623\"],\"contactPoint\":{\"@type\":\"ContactPoint\",\"telephone\":\"+1 707-733-4623\",\"email\":\"sales@tropicalwingsbirds.shop\"},\"openingHoursSpecification\":{\"@type\":\"OpeningHoursSpecification\",\"dayOfWeek\":[\"Monday\",\"Tuesday\",\"Wednesday\",\"Thursday\",\"Friday\",\"Saturday\",\"Sunday\"],\"opens\":\"00:00\",\"closes\":\"23:59\"},\"email\":\"sales@tropicalwingsbirds.shop\",\"faxNumber\":\"+1 707-733-4623\",\"areaServed\":\"United states, Porto Rico, Canada, Australia\",\"priceRange\":\"$\",\"currenciesAccepted\":\"USD, CAD, AUD,\",\"paymentAccepted\":\"Zelle, Paypal, Bitcoin, Apple pay, Credit cards, Bank transfers\"},{\"@type\":\"PostalAddress\",\"@id\":\"https:\/\/tropicalwingsbirds.shop\/shop\/buy-wing-predators-falcon-online\/#local-main-place-address\",\"streetAddress\":\"500 Hilltop Dr,\",\"addressLocality\":\"Redding\",\"postalCode\":\"96003\",\"addressRegion\":\"California\",\"addressCountry\":\"US\"},{\"@type\":\"ImageObject\",\"inLanguage\":\"es\",\"@id\":\"https:\/\/tropicalwingsbirds.shop\/shop\/buy-wing-predators-falcon-online\/#local-main-organization-logo\",\"url\":\"https:\/\/tropicalwingsbirds.shop\/wp-content\/uploads\/2024\/01\/tropical-wings-1.webp\",\"contentUrl\":\"https:\/\/tropicalwingsbirds.shop\/wp-content\/uploads\/2024\/01\/tropical-wings-1.webp\",\"width\":500,\"height\":500,\"caption\":\"Tropical Wings Birds Shop\"}]}<\/script>\n<meta property=\"product:price:currency\" content=\"USD\" \/>\n<meta property=\"og:availability\" content=\"instock\" \/>\n<meta property=\"product:availability\" content=\"instock\" \/>\n<meta property=\"product:condition\" content=\"new\" \/>\n<meta name=\"geo.placename\" content=\"Redding\" \/>\n<meta name=\"geo.position\" content=\"40.5976725;-122.3716346\" \/>\n<meta name=\"geo.region\" content=\"United States (US)\" \/>\n<!-- \/ Yoast SEO Premium plugin. -->","yoast_head_json":{"title":"Compra Wing Predators Falcon en l\u00ednea - Tropical Wings Birds","robots":{"index":"index","follow":"follow","max-snippet":"max-snippet:-1","max-image-preview":"max-image-preview:large","max-video-preview":"max-video-preview:-1"},"canonical":"https:\/\/tropicalwingsbirds.shop\/es_pr\/comercio\/comprar-wing-predators-falcon-en-linea\/","og_locale":"es_ES","og_type":"article","og_title":"Buy Wing Predators Falcon Online","og_description":"are quick, large predatory raptors. The falcon\u2019s strong, sharp yellow talons allow it to capture other birds, even while in flight.falcons can be hard to identify because of their quick flight and camouflage coloring. The wings and tail are bluish-gray, while the back and head are a darker brown. Sometimes the cheeks can have a [&hellip;]","og_url":"https:\/\/tropicalwingsbirds.shop\/es_pr\/comercio\/comprar-wing-predators-falcon-en-linea\/","og_site_name":"Tropical Wings Birds","article_publisher":"https:\/\/web.facebook.com\/profile.php?id=61551502767851&mibextid=2JQ9oc&_rdc=1&_rdr","article_modified_time":"2023-12-07T14:26:10+00:00","og_image":[{"width":1080,"height":1080,"url":"https:\/\/tropicalwingsbirds.shop\/wp-content\/uploads\/2023\/12\/k9.jpg","type":"image\/jpeg"}],"twitter_card":"summary_large_image","twitter_misc":{"Price":"","Availability":"In stock"},"schema":{"@context":"https:\/\/schema.org","@graph":[{"@type":"WebPage","@id":"https:\/\/tropicalwingsbirds.shop\/shop\/buy-wing-predators-falcon-online\/","url":"https:\/\/tropicalwingsbirds.shop\/shop\/buy-wing-predators-falcon-online\/","name":"Compra Wing Predators Falcon en l\u00ednea - Tropical Wings Birds","isPartOf":{"@id":"https:\/\/tropicalwingsbirds.shop\/#website"},"primaryImageOfPage":{"@id":"https:\/\/tropicalwingsbirds.shop\/shop\/buy-wing-predators-falcon-online\/#primaryimage"},"image":{"@id":"https:\/\/tropicalwingsbirds.shop\/shop\/buy-wing-predators-falcon-online\/#primaryimage"},"thumbnailUrl":"https:\/\/tropicalwingsbirds.shop\/wp-content\/uploads\/2023\/12\/k9.jpg","datePublished":"2023-12-07T14:24:17+00:00","dateModified":"2023-12-07T14:26:10+00:00","breadcrumb":{"@id":"https:\/\/tropicalwingsbirds.shop\/shop\/buy-wing-predators-falcon-online\/#breadcrumb"},"inLanguage":"es","potentialAction":[{"@type":"ReadAction","target":["https:\/\/tropicalwingsbirds.shop\/shop\/buy-wing-predators-falcon-online\/"]}]},{"@type":"ImageObject","inLanguage":"es","@id":"https:\/\/tropicalwingsbirds.shop\/shop\/buy-wing-predators-falcon-online\/#primaryimage","url":"https:\/\/tropicalwingsbirds.shop\/wp-content\/uploads\/2023\/12\/k9.jpg","contentUrl":"https:\/\/tropicalwingsbirds.shop\/wp-content\/uploads\/2023\/12\/k9.jpg","width":1080,"height":1080},{"@type":"BreadcrumbList","@id":"https:\/\/tropicalwingsbirds.shop\/shop\/buy-wing-predators-falcon-online\/#breadcrumb","itemListElement":[{"@type":"ListItem","position":1,"name":"Home","item":"https:\/\/tropicalwingsbirds.shop\/"},{"@type":"ListItem","position":2,"name":"Shop","item":"https:\/\/tropicalwingsbirds.shop\/shop\/"},{"@type":"ListItem","position":3,"name":"Buy Wing Predators Falcon Online"}]},{"@type":"WebSite","@id":"https:\/\/tropicalwingsbirds.shop\/#website","url":"https:\/\/tropicalwingsbirds.shop\/","name":"Aves de alas tropicales","description":"Los mejores criadores de aves ex\u00f3ticas online","publisher":{"@id":"https:\/\/tropicalwingsbirds.shop\/#organization"},"potentialAction":[{"@type":"SearchAction","target":{"@type":"EntryPoint","urlTemplate":"https:\/\/tropicalwingsbirds.shop\/?s={search_term_string}"},"query-input":{"@type":"PropertyValueSpecification","valueRequired":true,"valueName":"search_term_string"}}],"inLanguage":"es"},{"@type":["Organization","Place","PetStore"],"@id":"https:\/\/tropicalwingsbirds.shop\/#organization","name":"Tropical Wings Birds Shop","alternateName":"TPWB","url":"https:\/\/tropicalwingsbirds.shop\/","logo":{"@id":"https:\/\/tropicalwingsbirds.shop\/shop\/buy-wing-predators-falcon-online\/#local-main-organization-logo"},"image":{"@id":"https:\/\/tropicalwingsbirds.shop\/shop\/buy-wing-predators-falcon-online\/#local-main-organization-logo"},"sameAs":["https:\/\/web.facebook.com\/profile.php?id=61551502767851&mibextid=2JQ9oc&_rdc=1&_rdr"],"description":"Tropical Wings Birds es su destino ideal para disfrutar de la compa\u00f1\u00eda de aves ex\u00f3ticas. Nuestro aviario boutique en Estados Unidos ofrece una cuidada selecci\u00f3n de vibrantes aves tropicales provenientes de criadores de renombre mundial. Con un enfoque en el bienestar y la experiencia, nuestro dedicado equipo est\u00e1 aqu\u00ed para guiarle en su b\u00fasqueda del compa\u00f1ero emplumado perfecto. Vis\u00edtenos hoy mismo y experimente la magia de la compa\u00f1\u00eda aviar en Tropical Wings Birds.","legalName":"Tropical Wings Birds","foundingDate":"2019-02-14","numberOfEmployees":{"@type":"QuantitativeValue","minValue":"1","maxValue":"10"},"address":{"@id":"https:\/\/tropicalwingsbirds.shop\/shop\/buy-wing-predators-falcon-online\/#local-main-place-address"},"geo":{"@type":"GeoCoordinates","latitude":"40.5976725","longitude":"-122.3716346"},"telephone":["+1 707-733-4623","+1 707-733-4623"],"contactPoint":{"@type":"ContactPoint","telephone":"+1 707-733-4623","email":"sales@tropicalwingsbirds.shop"},"openingHoursSpecification":{"@type":"OpeningHoursSpecification","dayOfWeek":["Monday","Tuesday","Wednesday","Thursday","Friday","Saturday","Sunday"],"opens":"00:00","closes":"23:59"},"email":"sales@tropicalwingsbirds.shop","faxNumber":"+1 707-733-4623","areaServed":"United states, Porto Rico, Canada, Australia","priceRange":"$","currenciesAccepted":"USD, CAD, AUD,","paymentAccepted":"Zelle, Paypal, Bitcoin, Apple pay, Credit cards, Bank transfers"},{"@type":"PostalAddress","@id":"https:\/\/tropicalwingsbirds.shop\/shop\/buy-wing-predators-falcon-online\/#local-main-place-address","streetAddress":"500 Hilltop Dr,","addressLocality":"Redding","postalCode":"96003","addressRegion":"California","addressCountry":"US"},{"@type":"ImageObject","inLanguage":"es","@id":"https:\/\/tropicalwingsbirds.shop\/shop\/buy-wing-predators-falcon-online\/#local-main-organization-logo","url":"https:\/\/tropicalwingsbirds.shop\/wp-content\/uploads\/2024\/01\/tropical-wings-1.webp","contentUrl":"https:\/\/tropicalwingsbirds.shop\/wp-content\/uploads\/2024\/01\/tropical-wings-1.webp","width":500,"height":500,"caption":"Tropical Wings Birds Shop"}]},"product_price_currency":"USD","og_availability":"instock","product_availability":"instock","product_condition":"new","geo.placename":"Redding","geo.position":{"lat":"40.5976725","long":"-122.3716346"},"geo.region":"United States (US)"},"_links":{"self":[{"href":"https:\/\/tropicalwingsbirds.shop\/es_pr\/wp-json\/wp\/v2\/product\/1766","targetHints":{"allow":["GET"]}}],"collection":[{"href":"https:\/\/tropicalwingsbirds.shop\/es_pr\/wp-json\/wp\/v2\/product"}],"about":[{"href":"https:\/\/tropicalwingsbirds.shop\/es_pr\/wp-json\/wp\/v2\/types\/product"}],"replies":[{"embeddable":true,"href":"https:\/\/tropicalwingsbirds.shop\/es_pr\/wp-json\/wp\/v2\/comments?post=1766"}],"wp:featuredmedia":[{"embeddable":true,"href":"https:\/\/tropicalwingsbirds.shop\/es_pr\/wp-json\/wp\/v2\/media\/1805"}],"wp:attachment":[{"href":"https:\/\/tropicalwingsbirds.shop\/es_pr\/wp-json\/wp\/v2\/media?parent=1766"}],"wp:term":[{"taxonomy":"product_brand","embeddable":true,"href":"https:\/\/tropicalwingsbirds.shop\/es_pr\/wp-json\/wp\/v2\/product_brand?post=1766"},{"taxonomy":"product_cat","embeddable":true,"href":"https:\/\/tropicalwingsbirds.shop\/es_pr\/wp-json\/wp\/v2\/product_cat?post=1766"},{"taxonomy":"product_tag","embeddable":true,"href":"https:\/\/tropicalwingsbirds.shop\/es_pr\/wp-json\/wp\/v2\/product_tag?post=1766"}],"curies":[{"name":"wp","href":"https:\/\/api.w.org\/{rel}","templated":true}]}}