{"id":2222,"date":"2023-12-07T14:47:38","date_gmt":"2023-12-07T14:47:38","guid":{"rendered":"https:\/\/tropicalwingsbirds.shop\/?post_type=product&#038;p=2222"},"modified":"2023-12-07T14:52:35","modified_gmt":"2023-12-07T14:52:35","slug":"compre-patos-eider-comunes-en-linea","status":"publish","type":"product","link":"https:\/\/tropicalwingsbirds.shop\/es_pr\/comercio\/compre-patos-eider-comunes-en-linea\/","title":{"rendered":"Compre patos eider comunes en l\u00ednea\u00a0"},"content":{"rendered":"<p>Los eideres comunes (Somateria mollissima) son patos marinos grandes y exquisitos. Son originarios de Norteam\u00e9rica y su aviicultura es poco com\u00fan.<\/p>\n<p>Los eideres comunes son patos corpulentos y robustos. Tienen un pico cuneiforme muy caracter\u00edstico, con plumas que se extienden a lo largo de la parte inferior. En plumaje nupcial, el macho presenta una llamativa coloraci\u00f3n blanquinegro con un brillo verde en la nuca. La hembra es m\u00e1s parda, pero tambi\u00e9n presenta la t\u00edpica forma de cabeza del eider, con un gran pico cuneiforme. Los machos en eclipse y los j\u00f3venes se parecen mucho a las hembras.<\/p>\n<p>Son aves seguras de s\u00ed mismas y a menudo bastante amigables y accesibles para los humanos, incluso en la naturaleza.<\/p>\n<p>Distribuci\u00f3n: Los eideres comunes se reproducen en el \u00c1rtico y las regiones septentrionales de Norteam\u00e9rica y el este de Siberia. En invierno, migran a zonas m\u00e1s meridionales, pero permanecen en las costas septentrionales, m\u00e1s fr\u00edas.<\/p>\n<p>H\u00e1bitat: Son patos marinos costeros y buscan alimento buceando en aguas costeras. Adem\u00e1s, son excelentes voladores, alcanzando velocidades de hasta 112 km\/h. Usan sus alas para nadar bajo el agua y pueden salir volando del agua tras una inmersi\u00f3n.<\/p>\n<p>Estado en estado salvaje: Los patos eider comunes son actualmente abundantes en estado salvaje.<\/p>\n<p>Estado en la avicultura: Si bien estas aves son resistentes y adaptables, necesitan espacio y una gran cantidad de agua para prosperar. Son relativamente dif\u00edciles de encontrar en cautiverio.<\/p>\n<p>Reproducci\u00f3n: La reproducci\u00f3n es mon\u00f3gama y ocurre en primavera. La anidaci\u00f3n suele realizarse en bandadas, donde las hembras cooperan en la crianza y alimentaci\u00f3n de las cr\u00edas una vez que nacen. Los nidos se ubican en el suelo, generalmente entre la hierba o la vegetaci\u00f3n rocosa. Est\u00e1n acolchados y recubiertos con plum\u00f3n valioso y materia vegetal. La puesta suele constar de 3 a 5 huevos grandes, de hasta 7,6 cm de largo, de color oliva claro o oliva parduzco. La incubaci\u00f3n dura entre 25 y 30 d\u00edas. La reproducci\u00f3n del eider com\u00fan en cautividad puede ser complicada.<\/p>\n<p>Esperanza de vida: Como la mayor\u00eda de los patos marinos, los eideres comunes no son aves f\u00e1ciles de mantener en cautiverio; su esperanza de vida suele ser inferior a 4 a\u00f1os.<\/p>\n<p>Tama\u00f1o: Los eideres comunes son la especie de pato silvestre m\u00e1s grande de Norteam\u00e9rica. Pesan entre 2 y 2,3 kg. Tienen una envergadura de 89 a 107 cm y una longitud de 58 a 68 cm.<\/p>\n<p>Requisitos de vivienda: Los eideres comunes son patos ideales para avicultores experimentados y requieren experiencia. Son resistentes al invierno, pero tambi\u00e9n necesitan una fuente importante de agua para prosperar.<\/p>\n<p>Dieta: La dieta salvaje del eider com\u00fan se basa principalmente en alimentos marinos. Puede sumergirse entre 10 y 18 metros y recolectar mariscos (crust\u00e1ceos y moluscos) del fondo marino. Los traga enteros y puede romper las conchas dentro de sus mollejas. Tambi\u00e9n consume materia vegetal, algas e incluso pescado ocasionalmente. Imitando esta dieta diversa y rica en prote\u00ednas ser\u00eda necesario mantener a estas aves en cautiverio. La dieta para patos marinos Mazuri est\u00e1 disponible comercialmente.<\/p>\n<p>Notas varias: El plum\u00f3n del eider com\u00fan hembra (el plum\u00f3n de eider) se considera el m\u00e1s suave y aislante del mundo. Antiguamente, estos patos eran cazados por su plum\u00f3n, pero la industria ha cambiado para ser m\u00e1s respetuosa con el bienestar y la sostenibilidad de los patos. Ahora, el plum\u00f3n se recoge de los nidos poco despu\u00e9s de que los patitos hayan salido. Para recolectar medio kilo de plum\u00f3n, se deben visitar entre 35 y 40 nidos.<\/p>","protected":false},"excerpt":{"rendered":"<p>Common Eider Ducks, Somateria mollissima, are large and exquisite sea ducks. They are native to North America and are rare to find in aviculture. Common Eiders are bulky and hefty-looking ducks. They have a very characteristic wedge-shaped bill, with feathering that extends along the lower side of the bill. In breeding plumage, the male has [&hellip;]<\/p>","protected":false},"featured_media":2328,"comment_status":"closed","ping_status":"closed","template":"","meta":{"site-sidebar-layout":"default","site-content-layout":"","ast-site-content-layout":"default","site-content-style":"default","site-sidebar-style":"default","ast-global-header-display":"","ast-banner-title-visibility":"","ast-main-header-display":"","ast-hfb-above-header-display":"","ast-hfb-below-header-display":"","ast-hfb-mobile-header-display":"","site-post-title":"","ast-breadcrumbs-content":"","ast-featured-img":"","footer-sml-layout":"","theme-transparent-header-meta":"","adv-header-id-meta":"","stick-header-meta":"","header-above-stick-meta":"","header-main-stick-meta":"","header-below-stick-meta":"","astra-migrate-meta-layouts":"default","ast-page-background-enabled":"default","ast-page-background-meta":{"desktop":{"background-color":"var(--ast-global-color-4)","background-image":"","background-repeat":"repeat","background-position":"center center","background-size":"auto","background-attachment":"scroll","background-type":"","background-media":"","overlay-type":"","overlay-color":"","overlay-opacity":"","overlay-gradient":""},"tablet":{"background-color":"","background-image":"","background-repeat":"repeat","background-position":"center center","background-size":"auto","background-attachment":"scroll","background-type":"","background-media":"","overlay-type":"","overlay-color":"","overlay-opacity":"","overlay-gradient":""},"mobile":{"background-color":"","background-image":"","background-repeat":"repeat","background-position":"center center","background-size":"auto","background-attachment":"scroll","background-type":"","background-media":"","overlay-type":"","overlay-color":"","overlay-opacity":"","overlay-gradient":""}},"ast-content-background-meta":{"desktop":{"background-color":"var(--ast-global-color-5)","background-image":"","background-repeat":"repeat","background-position":"center center","background-size":"auto","background-attachment":"scroll","background-type":"","background-media":"","overlay-type":"","overlay-color":"","overlay-opacity":"","overlay-gradient":""},"tablet":{"background-color":"var(--ast-global-color-5)","background-image":"","background-repeat":"repeat","background-position":"center center","background-size":"auto","background-attachment":"scroll","background-type":"","background-media":"","overlay-type":"","overlay-color":"","overlay-opacity":"","overlay-gradient":""},"mobile":{"background-color":"var(--ast-global-color-5)","background-image":"","background-repeat":"repeat","background-position":"center center","background-size":"auto","background-attachment":"scroll","background-type":"","background-media":"","overlay-type":"","overlay-color":"","overlay-opacity":"","overlay-gradient":""}}},"product_brand":[],"product_cat":[2113],"product_tag":[],"class_list":{"0":"post-2222","1":"product","2":"type-product","3":"status-publish","4":"has-post-thumbnail","6":"product_cat-wild-ducks","7":"desktop-align-left","8":"tablet-align-left","9":"mobile-align-left","10":"ast-product-gallery-layout-horizontal-slider","11":"ast-product-tabs-layout-horizontal","12":"ast-qv-on-image","14":"first","15":"instock","16":"shipping-taxable","17":"product-type-simple"},"yoast_head":"<!-- This site is optimized with the Yoast SEO Premium plugin v23.2 (Yoast SEO v26.8) - https:\/\/yoast.com\/product\/yoast-seo-premium-wordpress\/ -->\n<title>Buy\u00a0Common Eider Ducks Online\u00a0 - Tropical Wings Birds<\/title>\n<meta name=\"robots\" content=\"index, follow, max-snippet:-1, max-image-preview:large, max-video-preview:-1\" \/>\n<link rel=\"canonical\" href=\"https:\/\/tropicalwingsbirds.shop\/es_pr\/comercio\/compre-patos-eider-comunes-en-linea\/\" \/>\n<meta property=\"og:locale\" content=\"es_ES\" \/>\n<meta property=\"og:type\" content=\"article\" \/>\n<meta property=\"og:title\" content=\"Buy\u00a0Common Eider Ducks Online\u00a0\" \/>\n<meta property=\"og:description\" content=\"Common Eider Ducks, Somateria mollissima, are large and exquisite sea ducks. They are native to North America and are rare to find in aviculture. Common Eiders are bulky and hefty-looking ducks. They have a very characteristic wedge-shaped bill, with feathering that extends along the lower side of the bill. In breeding plumage, the male has [&hellip;]\" \/>\n<meta property=\"og:url\" content=\"https:\/\/tropicalwingsbirds.shop\/es_pr\/comercio\/compre-patos-eider-comunes-en-linea\/\" \/>\n<meta property=\"og:site_name\" content=\"Tropical Wings Birds\" \/>\n<meta property=\"article:publisher\" content=\"https:\/\/web.facebook.com\/profile.php?id=61551502767851&amp;mibextid=2JQ9oc&amp;_rdc=1&amp;_rdr\" \/>\n<meta property=\"article:modified_time\" content=\"2023-12-07T14:52:35+00:00\" \/>\n<meta property=\"og:image\" content=\"https:\/\/tropicalwingsbirds.shop\/wp-content\/uploads\/2023\/12\/778a9427acf8bb0a1a6fdc6a7c8237f8.image_.330x330.jpg\" \/>\n\t<meta property=\"og:image:width\" content=\"330\" \/>\n\t<meta property=\"og:image:height\" content=\"330\" \/>\n\t<meta property=\"og:image:type\" content=\"image\/jpeg\" \/>\n<meta name=\"twitter:card\" content=\"summary_large_image\" \/>\n<meta name=\"twitter:label1\" content=\"Price\" \/>\n\t<meta name=\"twitter:data1\" content=\"\" \/>\n\t<meta name=\"twitter:label2\" content=\"Availability\" \/>\n\t<meta name=\"twitter:data2\" content=\"In stock\" \/>\n<script type=\"application\/ld+json\" class=\"yoast-schema-graph\">{\"@context\":\"https:\/\/schema.org\",\"@graph\":[{\"@type\":\"WebPage\",\"@id\":\"https:\/\/tropicalwingsbirds.shop\/shop\/buy-common-eider-ducks-online\/\",\"url\":\"https:\/\/tropicalwingsbirds.shop\/shop\/buy-common-eider-ducks-online\/\",\"name\":\"Buy\u00a0Common Eider Ducks Online\u00a0 - Tropical Wings Birds\",\"isPartOf\":{\"@id\":\"https:\/\/tropicalwingsbirds.shop\/#website\"},\"primaryImageOfPage\":{\"@id\":\"https:\/\/tropicalwingsbirds.shop\/shop\/buy-common-eider-ducks-online\/#primaryimage\"},\"image\":{\"@id\":\"https:\/\/tropicalwingsbirds.shop\/shop\/buy-common-eider-ducks-online\/#primaryimage\"},\"thumbnailUrl\":\"https:\/\/tropicalwingsbirds.shop\/wp-content\/uploads\/2023\/12\/778a9427acf8bb0a1a6fdc6a7c8237f8.image_.330x330.jpg\",\"datePublished\":\"2023-12-07T14:47:38+00:00\",\"dateModified\":\"2023-12-07T14:52:35+00:00\",\"breadcrumb\":{\"@id\":\"https:\/\/tropicalwingsbirds.shop\/shop\/buy-common-eider-ducks-online\/#breadcrumb\"},\"inLanguage\":\"es\",\"potentialAction\":[{\"@type\":\"ReadAction\",\"target\":[\"https:\/\/tropicalwingsbirds.shop\/shop\/buy-common-eider-ducks-online\/\"]}]},{\"@type\":\"ImageObject\",\"inLanguage\":\"es\",\"@id\":\"https:\/\/tropicalwingsbirds.shop\/shop\/buy-common-eider-ducks-online\/#primaryimage\",\"url\":\"https:\/\/tropicalwingsbirds.shop\/wp-content\/uploads\/2023\/12\/778a9427acf8bb0a1a6fdc6a7c8237f8.image_.330x330.jpg\",\"contentUrl\":\"https:\/\/tropicalwingsbirds.shop\/wp-content\/uploads\/2023\/12\/778a9427acf8bb0a1a6fdc6a7c8237f8.image_.330x330.jpg\",\"width\":330,\"height\":330},{\"@type\":\"BreadcrumbList\",\"@id\":\"https:\/\/tropicalwingsbirds.shop\/shop\/buy-common-eider-ducks-online\/#breadcrumb\",\"itemListElement\":[{\"@type\":\"ListItem\",\"position\":1,\"name\":\"Home\",\"item\":\"https:\/\/tropicalwingsbirds.shop\/\"},{\"@type\":\"ListItem\",\"position\":2,\"name\":\"Shop\",\"item\":\"https:\/\/tropicalwingsbirds.shop\/shop\/\"},{\"@type\":\"ListItem\",\"position\":3,\"name\":\"Buy\u00a0Common Eider Ducks Online\u00a0\"}]},{\"@type\":\"WebSite\",\"@id\":\"https:\/\/tropicalwingsbirds.shop\/#website\",\"url\":\"https:\/\/tropicalwingsbirds.shop\/\",\"name\":\"Tropical Wings Birds\",\"description\":\"Best Exotic birds breeders online\",\"publisher\":{\"@id\":\"https:\/\/tropicalwingsbirds.shop\/#organization\"},\"potentialAction\":[{\"@type\":\"SearchAction\",\"target\":{\"@type\":\"EntryPoint\",\"urlTemplate\":\"https:\/\/tropicalwingsbirds.shop\/?s={search_term_string}\"},\"query-input\":{\"@type\":\"PropertyValueSpecification\",\"valueRequired\":true,\"valueName\":\"search_term_string\"}}],\"inLanguage\":\"es\"},{\"@type\":[\"Organization\",\"Place\",\"PetStore\"],\"@id\":\"https:\/\/tropicalwingsbirds.shop\/#organization\",\"name\":\"Tropical Wings Birds Shop\",\"alternateName\":\"TPWB\",\"url\":\"https:\/\/tropicalwingsbirds.shop\/\",\"logo\":{\"@id\":\"https:\/\/tropicalwingsbirds.shop\/shop\/buy-common-eider-ducks-online\/#local-main-organization-logo\"},\"image\":{\"@id\":\"https:\/\/tropicalwingsbirds.shop\/shop\/buy-common-eider-ducks-online\/#local-main-organization-logo\"},\"sameAs\":[\"https:\/\/web.facebook.com\/profile.php?id=61551502767851&mibextid=2JQ9oc&_rdc=1&_rdr\"],\"description\":\"Tropical Wings Birds is your destination for exotic avian companionship. Our boutique aviary in United States offers a curated selection of vibrant tropical birds sourced from reputable breeders worldwide. With a focus on welfare and expertise, our dedicated team is here to guide you on your journey to finding the perfect feathered friend. Visit us today and experience the magic of avian companionship at Tropical Wings Birds.\",\"legalName\":\"Tropical Wings Birds\",\"foundingDate\":\"2019-02-14\",\"numberOfEmployees\":{\"@type\":\"QuantitativeValue\",\"minValue\":\"1\",\"maxValue\":\"10\"},\"address\":{\"@id\":\"https:\/\/tropicalwingsbirds.shop\/shop\/buy-common-eider-ducks-online\/#local-main-place-address\"},\"geo\":{\"@type\":\"GeoCoordinates\",\"latitude\":\"40.5976725\",\"longitude\":\"-122.3716346\"},\"telephone\":[\"+1 707-733-4623\",\"+1 707-733-4623\"],\"contactPoint\":{\"@type\":\"ContactPoint\",\"telephone\":\"+1 707-733-4623\",\"email\":\"sales@tropicalwingsbirds.shop\"},\"openingHoursSpecification\":{\"@type\":\"OpeningHoursSpecification\",\"dayOfWeek\":[\"Monday\",\"Tuesday\",\"Wednesday\",\"Thursday\",\"Friday\",\"Saturday\",\"Sunday\"],\"opens\":\"00:00\",\"closes\":\"23:59\"},\"email\":\"sales@tropicalwingsbirds.shop\",\"faxNumber\":\"+1 707-733-4623\",\"areaServed\":\"United states, Porto Rico, Canada, Australia\",\"priceRange\":\"$\",\"currenciesAccepted\":\"USD, CAD, AUD,\",\"paymentAccepted\":\"Zelle, Paypal, Bitcoin, Apple pay, Credit cards, Bank transfers\"},{\"@type\":\"PostalAddress\",\"@id\":\"https:\/\/tropicalwingsbirds.shop\/shop\/buy-common-eider-ducks-online\/#local-main-place-address\",\"streetAddress\":\"500 Hilltop Dr,\",\"addressLocality\":\"Redding\",\"postalCode\":\"96003\",\"addressRegion\":\"California\",\"addressCountry\":\"US\"},{\"@type\":\"ImageObject\",\"inLanguage\":\"es\",\"@id\":\"https:\/\/tropicalwingsbirds.shop\/shop\/buy-common-eider-ducks-online\/#local-main-organization-logo\",\"url\":\"https:\/\/tropicalwingsbirds.shop\/wp-content\/uploads\/2024\/01\/tropical-wings-1.webp\",\"contentUrl\":\"https:\/\/tropicalwingsbirds.shop\/wp-content\/uploads\/2024\/01\/tropical-wings-1.webp\",\"width\":500,\"height\":500,\"caption\":\"Tropical Wings Birds Shop\"}]}<\/script>\n<meta property=\"product:price:currency\" content=\"USD\" \/>\n<meta property=\"og:availability\" content=\"instock\" \/>\n<meta property=\"product:availability\" content=\"instock\" \/>\n<meta property=\"product:retailer_item_id\" content=\"CEID\" \/>\n<meta property=\"product:condition\" content=\"new\" \/>\n<meta name=\"geo.placename\" content=\"Redding\" \/>\n<meta name=\"geo.position\" content=\"40.5976725;-122.3716346\" \/>\n<meta name=\"geo.region\" content=\"United States (US)\" \/>\n<!-- \/ Yoast SEO Premium plugin. -->","yoast_head_json":{"title":"Compra patos eider comunes online - Tropical Wings Birds","robots":{"index":"index","follow":"follow","max-snippet":"max-snippet:-1","max-image-preview":"max-image-preview:large","max-video-preview":"max-video-preview:-1"},"canonical":"https:\/\/tropicalwingsbirds.shop\/es_pr\/comercio\/compre-patos-eider-comunes-en-linea\/","og_locale":"es_ES","og_type":"article","og_title":"Buy\u00a0Common Eider Ducks Online\u00a0","og_description":"Common Eider Ducks, Somateria mollissima, are large and exquisite sea ducks. They are native to North America and are rare to find in aviculture. Common Eiders are bulky and hefty-looking ducks. They have a very characteristic wedge-shaped bill, with feathering that extends along the lower side of the bill. In breeding plumage, the male has [&hellip;]","og_url":"https:\/\/tropicalwingsbirds.shop\/es_pr\/comercio\/compre-patos-eider-comunes-en-linea\/","og_site_name":"Tropical Wings Birds","article_publisher":"https:\/\/web.facebook.com\/profile.php?id=61551502767851&mibextid=2JQ9oc&_rdc=1&_rdr","article_modified_time":"2023-12-07T14:52:35+00:00","og_image":[{"width":330,"height":330,"url":"https:\/\/tropicalwingsbirds.shop\/wp-content\/uploads\/2023\/12\/778a9427acf8bb0a1a6fdc6a7c8237f8.image_.330x330.jpg","type":"image\/jpeg"}],"twitter_card":"summary_large_image","twitter_misc":{"Price":"","Availability":"In stock"},"schema":{"@context":"https:\/\/schema.org","@graph":[{"@type":"WebPage","@id":"https:\/\/tropicalwingsbirds.shop\/shop\/buy-common-eider-ducks-online\/","url":"https:\/\/tropicalwingsbirds.shop\/shop\/buy-common-eider-ducks-online\/","name":"Compra patos eider comunes online - Tropical Wings Birds","isPartOf":{"@id":"https:\/\/tropicalwingsbirds.shop\/#website"},"primaryImageOfPage":{"@id":"https:\/\/tropicalwingsbirds.shop\/shop\/buy-common-eider-ducks-online\/#primaryimage"},"image":{"@id":"https:\/\/tropicalwingsbirds.shop\/shop\/buy-common-eider-ducks-online\/#primaryimage"},"thumbnailUrl":"https:\/\/tropicalwingsbirds.shop\/wp-content\/uploads\/2023\/12\/778a9427acf8bb0a1a6fdc6a7c8237f8.image_.330x330.jpg","datePublished":"2023-12-07T14:47:38+00:00","dateModified":"2023-12-07T14:52:35+00:00","breadcrumb":{"@id":"https:\/\/tropicalwingsbirds.shop\/shop\/buy-common-eider-ducks-online\/#breadcrumb"},"inLanguage":"es","potentialAction":[{"@type":"ReadAction","target":["https:\/\/tropicalwingsbirds.shop\/shop\/buy-common-eider-ducks-online\/"]}]},{"@type":"ImageObject","inLanguage":"es","@id":"https:\/\/tropicalwingsbirds.shop\/shop\/buy-common-eider-ducks-online\/#primaryimage","url":"https:\/\/tropicalwingsbirds.shop\/wp-content\/uploads\/2023\/12\/778a9427acf8bb0a1a6fdc6a7c8237f8.image_.330x330.jpg","contentUrl":"https:\/\/tropicalwingsbirds.shop\/wp-content\/uploads\/2023\/12\/778a9427acf8bb0a1a6fdc6a7c8237f8.image_.330x330.jpg","width":330,"height":330},{"@type":"BreadcrumbList","@id":"https:\/\/tropicalwingsbirds.shop\/shop\/buy-common-eider-ducks-online\/#breadcrumb","itemListElement":[{"@type":"ListItem","position":1,"name":"Home","item":"https:\/\/tropicalwingsbirds.shop\/"},{"@type":"ListItem","position":2,"name":"Shop","item":"https:\/\/tropicalwingsbirds.shop\/shop\/"},{"@type":"ListItem","position":3,"name":"Buy\u00a0Common Eider Ducks Online\u00a0"}]},{"@type":"WebSite","@id":"https:\/\/tropicalwingsbirds.shop\/#website","url":"https:\/\/tropicalwingsbirds.shop\/","name":"Aves de alas tropicales","description":"Los mejores criadores de aves ex\u00f3ticas online","publisher":{"@id":"https:\/\/tropicalwingsbirds.shop\/#organization"},"potentialAction":[{"@type":"SearchAction","target":{"@type":"EntryPoint","urlTemplate":"https:\/\/tropicalwingsbirds.shop\/?s={search_term_string}"},"query-input":{"@type":"PropertyValueSpecification","valueRequired":true,"valueName":"search_term_string"}}],"inLanguage":"es"},{"@type":["Organization","Place","PetStore"],"@id":"https:\/\/tropicalwingsbirds.shop\/#organization","name":"Tropical Wings Birds Shop","alternateName":"TPWB","url":"https:\/\/tropicalwingsbirds.shop\/","logo":{"@id":"https:\/\/tropicalwingsbirds.shop\/shop\/buy-common-eider-ducks-online\/#local-main-organization-logo"},"image":{"@id":"https:\/\/tropicalwingsbirds.shop\/shop\/buy-common-eider-ducks-online\/#local-main-organization-logo"},"sameAs":["https:\/\/web.facebook.com\/profile.php?id=61551502767851&mibextid=2JQ9oc&_rdc=1&_rdr"],"description":"Tropical Wings Birds es su destino ideal para disfrutar de la compa\u00f1\u00eda de aves ex\u00f3ticas. Nuestro aviario boutique en Estados Unidos ofrece una cuidada selecci\u00f3n de vibrantes aves tropicales provenientes de criadores de renombre mundial. Con un enfoque en el bienestar y la experiencia, nuestro dedicado equipo est\u00e1 aqu\u00ed para guiarle en su b\u00fasqueda del compa\u00f1ero emplumado perfecto. Vis\u00edtenos hoy mismo y experimente la magia de la compa\u00f1\u00eda aviar en Tropical Wings Birds.","legalName":"Tropical Wings Birds","foundingDate":"2019-02-14","numberOfEmployees":{"@type":"QuantitativeValue","minValue":"1","maxValue":"10"},"address":{"@id":"https:\/\/tropicalwingsbirds.shop\/shop\/buy-common-eider-ducks-online\/#local-main-place-address"},"geo":{"@type":"GeoCoordinates","latitude":"40.5976725","longitude":"-122.3716346"},"telephone":["+1 707-733-4623","+1 707-733-4623"],"contactPoint":{"@type":"ContactPoint","telephone":"+1 707-733-4623","email":"sales@tropicalwingsbirds.shop"},"openingHoursSpecification":{"@type":"OpeningHoursSpecification","dayOfWeek":["Monday","Tuesday","Wednesday","Thursday","Friday","Saturday","Sunday"],"opens":"00:00","closes":"23:59"},"email":"sales@tropicalwingsbirds.shop","faxNumber":"+1 707-733-4623","areaServed":"United states, Porto Rico, Canada, Australia","priceRange":"$","currenciesAccepted":"USD, CAD, AUD,","paymentAccepted":"Zelle, Paypal, Bitcoin, Apple pay, Credit cards, Bank transfers"},{"@type":"PostalAddress","@id":"https:\/\/tropicalwingsbirds.shop\/shop\/buy-common-eider-ducks-online\/#local-main-place-address","streetAddress":"500 Hilltop Dr,","addressLocality":"Redding","postalCode":"96003","addressRegion":"California","addressCountry":"US"},{"@type":"ImageObject","inLanguage":"es","@id":"https:\/\/tropicalwingsbirds.shop\/shop\/buy-common-eider-ducks-online\/#local-main-organization-logo","url":"https:\/\/tropicalwingsbirds.shop\/wp-content\/uploads\/2024\/01\/tropical-wings-1.webp","contentUrl":"https:\/\/tropicalwingsbirds.shop\/wp-content\/uploads\/2024\/01\/tropical-wings-1.webp","width":500,"height":500,"caption":"Tropical Wings Birds Shop"}]},"product_price_currency":"USD","og_availability":"instock","product_availability":"instock","product_retailer_item_id":"CEID","product_condition":"new","geo.placename":"Redding","geo.position":{"lat":"40.5976725","long":"-122.3716346"},"geo.region":"United States (US)"},"_links":{"self":[{"href":"https:\/\/tropicalwingsbirds.shop\/es_pr\/wp-json\/wp\/v2\/product\/2222","targetHints":{"allow":["GET"]}}],"collection":[{"href":"https:\/\/tropicalwingsbirds.shop\/es_pr\/wp-json\/wp\/v2\/product"}],"about":[{"href":"https:\/\/tropicalwingsbirds.shop\/es_pr\/wp-json\/wp\/v2\/types\/product"}],"replies":[{"embeddable":true,"href":"https:\/\/tropicalwingsbirds.shop\/es_pr\/wp-json\/wp\/v2\/comments?post=2222"}],"wp:featuredmedia":[{"embeddable":true,"href":"https:\/\/tropicalwingsbirds.shop\/es_pr\/wp-json\/wp\/v2\/media\/2328"}],"wp:attachment":[{"href":"https:\/\/tropicalwingsbirds.shop\/es_pr\/wp-json\/wp\/v2\/media?parent=2222"}],"wp:term":[{"taxonomy":"product_brand","embeddable":true,"href":"https:\/\/tropicalwingsbirds.shop\/es_pr\/wp-json\/wp\/v2\/product_brand?post=2222"},{"taxonomy":"product_cat","embeddable":true,"href":"https:\/\/tropicalwingsbirds.shop\/es_pr\/wp-json\/wp\/v2\/product_cat?post=2222"},{"taxonomy":"product_tag","embeddable":true,"href":"https:\/\/tropicalwingsbirds.shop\/es_pr\/wp-json\/wp\/v2\/product_tag?post=2222"}],"curies":[{"name":"wp","href":"https:\/\/api.w.org\/{rel}","templated":true}]}}