{"id":2237,"date":"2023-12-07T14:48:15","date_gmt":"2023-12-07T14:48:15","guid":{"rendered":"https:\/\/tropicalwingsbirds.shop\/?post_type=product&#038;p=2237"},"modified":"2023-12-07T14:53:27","modified_gmt":"2023-12-07T14:53:27","slug":"buy-blue-winged-teal-ducksonline","status":"publish","type":"product","link":"https:\/\/tropicalwingsbirds.shop\/es_pr\/comercio\/buy-blue-winged-teal-ducksonline\/","title":{"rendered":"Buy  Blue-winged Teal DucksOnline"},"content":{"rendered":"<h2>Blue-winged Teal Ducks<\/h2>\n<p>Anas discors<\/p>\n<p>People raise Blue Winged Teal Ducks for many different reasons. Aviculturists raise them as part of mixed collections, and some people raise them simply for their beauty.<\/p>\n<p>During breeding season, the male Blue Winged Teal Duck has a bright white crescent around his eyes, a head sometimes described as steel blue and others as purple-blue, and the majority of his body is buff with dark brown spots. The wings have a green speculum and a pale blue shoulder patch that is visible in flight. Males have a dark blue-black bill and yellow legs.<\/p>\n<p>The female is less dramatically colored, and very similar to the Cinnamon Teal hen. Her bill is a lighter grey-blue, and her legs yellow. Females also have the light blue wing patch, but are otherwise brown and buff patterned.<\/p>\n<p>Range: Depending on the source of information and the year you are researching, Blue Winged Teals are either the second or third most common duck in the US in the wild. They are highly migratory and their range includes areas from northern Canada to the northern parts of South America.<\/p>\n<p>Habitat: Blue Winged Teal Ducks prefer areas with abundant fresh water sources &#8212; ponds, lakes, lagoons, and even swamps. The central grasslands of north America are their favorite breeding grounds. They travel farther south, and earlier than any other duck for the winter.<\/p>\n<p>Status in the Wild: The population of Blue Winged Teal Ducks is plentiful and stable.<\/p>\n<p>Status in Aviculture: With so many Blue Winged Teals in the wild, it is no surprise that they are relatively common in aviculture as well.<\/p>\n<p>Breeding and Incubation: Though Blue Winged Teal Ducks are among the first to migrate in the spring, they nest late in the season, usually in April and May. They often form pairs before leaving the wintering grounds, and sometimes en route to the breeding grounds. Hens lay an average of 10 to 12 eggs per clutch, and incubate them for 21 to 27 days.<\/p>\n<p>Lifespan: As is the case with most birds in the wild, it is unusual for Blue Winged Teals to survive more than a few years. However, in captivity &#8212; or if they are very lucky in the wild &#8212; they can live as long 17 years.<\/p>\n<p>Mature Weight: Blue Winged Teal Ducks are smaller than many other types of duck. Both sexes of Blue Winged Teals weigh between 8.1 to 19.2 ounces.<\/p>\n<p>Housing Requirements: In captivity, these ducks require a secure pen. They are highly migratory and will fly away if they can. They also need a supply of fresh water and warmth in the winter.<\/p>\n<p>Diet: Dabbling ducks, including Blue Winged Teal Ducks, don&#8217;t dive for food &#8212; or at least not often. They eat insects and plant matter from the shallows instead. Blue Winged Teals are dabblers, and usually feed around dusk.<\/p>\n<p>Miscellaneous: Drakes lose their distinctive white crescent when it is not breeding season. Because of their migration pattern, Blue Winged Teals are gone from many areas of the US before duck hunting season begins.<\/p>","protected":false},"excerpt":{"rendered":"<p>Blue-winged Teal Ducks Anas discors People raise Blue Winged Teal Ducks for many different reasons. Aviculturists raise them as part of mixed collections, and some people raise them simply for their beauty. During breeding season, the male Blue Winged Teal Duck has a bright white crescent around his eyes, a head sometimes described as steel [&hellip;]<\/p>","protected":false},"featured_media":2359,"comment_status":"closed","ping_status":"closed","template":"","meta":{"site-sidebar-layout":"default","site-content-layout":"","ast-site-content-layout":"default","site-content-style":"default","site-sidebar-style":"default","ast-global-header-display":"","ast-banner-title-visibility":"","ast-main-header-display":"","ast-hfb-above-header-display":"","ast-hfb-below-header-display":"","ast-hfb-mobile-header-display":"","site-post-title":"","ast-breadcrumbs-content":"","ast-featured-img":"","footer-sml-layout":"","theme-transparent-header-meta":"","adv-header-id-meta":"","stick-header-meta":"","header-above-stick-meta":"","header-main-stick-meta":"","header-below-stick-meta":"","astra-migrate-meta-layouts":"default","ast-page-background-enabled":"default","ast-page-background-meta":{"desktop":{"background-color":"var(--ast-global-color-4)","background-image":"","background-repeat":"repeat","background-position":"center center","background-size":"auto","background-attachment":"scroll","background-type":"","background-media":"","overlay-type":"","overlay-color":"","overlay-opacity":"","overlay-gradient":""},"tablet":{"background-color":"","background-image":"","background-repeat":"repeat","background-position":"center center","background-size":"auto","background-attachment":"scroll","background-type":"","background-media":"","overlay-type":"","overlay-color":"","overlay-opacity":"","overlay-gradient":""},"mobile":{"background-color":"","background-image":"","background-repeat":"repeat","background-position":"center center","background-size":"auto","background-attachment":"scroll","background-type":"","background-media":"","overlay-type":"","overlay-color":"","overlay-opacity":"","overlay-gradient":""}},"ast-content-background-meta":{"desktop":{"background-color":"var(--ast-global-color-5)","background-image":"","background-repeat":"repeat","background-position":"center center","background-size":"auto","background-attachment":"scroll","background-type":"","background-media":"","overlay-type":"","overlay-color":"","overlay-opacity":"","overlay-gradient":""},"tablet":{"background-color":"var(--ast-global-color-5)","background-image":"","background-repeat":"repeat","background-position":"center center","background-size":"auto","background-attachment":"scroll","background-type":"","background-media":"","overlay-type":"","overlay-color":"","overlay-opacity":"","overlay-gradient":""},"mobile":{"background-color":"var(--ast-global-color-5)","background-image":"","background-repeat":"repeat","background-position":"center center","background-size":"auto","background-attachment":"scroll","background-type":"","background-media":"","overlay-type":"","overlay-color":"","overlay-opacity":"","overlay-gradient":""}}},"product_brand":[],"product_cat":[2113],"product_tag":[],"class_list":{"0":"post-2237","1":"product","2":"type-product","3":"status-publish","4":"has-post-thumbnail","6":"product_cat-wild-ducks","7":"desktop-align-left","8":"tablet-align-left","9":"mobile-align-left","10":"ast-product-gallery-layout-horizontal-slider","11":"ast-product-tabs-layout-horizontal","12":"ast-qv-on-image","14":"first","15":"instock","16":"shipping-taxable","17":"product-type-simple"},"yoast_head":"<!-- This site is optimized with the Yoast SEO Premium plugin v23.2 (Yoast SEO v26.8) - https:\/\/yoast.com\/product\/yoast-seo-premium-wordpress\/ -->\n<title>Buy Blue-winged Teal DucksOnline - Tropical Wings Birds<\/title>\n<meta name=\"robots\" content=\"index, follow, max-snippet:-1, max-image-preview:large, max-video-preview:-1\" \/>\n<link rel=\"canonical\" href=\"https:\/\/tropicalwingsbirds.shop\/es_pr\/comercio\/buy-blue-winged-teal-ducksonline\/\" \/>\n<meta property=\"og:locale\" content=\"es_ES\" \/>\n<meta property=\"og:type\" content=\"article\" \/>\n<meta property=\"og:title\" content=\"Buy Blue-winged Teal DucksOnline\" \/>\n<meta property=\"og:description\" content=\"Blue-winged Teal Ducks Anas discors People raise Blue Winged Teal Ducks for many different reasons. Aviculturists raise them as part of mixed collections, and some people raise them simply for their beauty. During breeding season, the male Blue Winged Teal Duck has a bright white crescent around his eyes, a head sometimes described as steel [&hellip;]\" \/>\n<meta property=\"og:url\" content=\"https:\/\/tropicalwingsbirds.shop\/es_pr\/comercio\/buy-blue-winged-teal-ducksonline\/\" \/>\n<meta property=\"og:site_name\" content=\"Tropical Wings Birds\" \/>\n<meta property=\"article:publisher\" content=\"https:\/\/web.facebook.com\/profile.php?id=61551502767851&amp;mibextid=2JQ9oc&amp;_rdc=1&amp;_rdr\" \/>\n<meta property=\"article:modified_time\" content=\"2023-12-07T14:53:27+00:00\" \/>\n<meta property=\"og:image\" content=\"https:\/\/tropicalwingsbirds.shop\/wp-content\/uploads\/2023\/12\/3da4c682f33a42ac43c4ddb809bcf0fd.image_.330x330-1.jpg\" \/>\n\t<meta property=\"og:image:width\" content=\"330\" \/>\n\t<meta property=\"og:image:height\" content=\"330\" \/>\n\t<meta property=\"og:image:type\" content=\"image\/jpeg\" \/>\n<meta name=\"twitter:card\" content=\"summary_large_image\" \/>\n<meta name=\"twitter:label1\" content=\"Price\" \/>\n\t<meta name=\"twitter:data1\" content=\"\" \/>\n\t<meta name=\"twitter:label2\" content=\"Availability\" \/>\n\t<meta name=\"twitter:data2\" content=\"In stock\" \/>\n<script type=\"application\/ld+json\" class=\"yoast-schema-graph\">{\"@context\":\"https:\/\/schema.org\",\"@graph\":[{\"@type\":\"WebPage\",\"@id\":\"https:\/\/tropicalwingsbirds.shop\/shop\/buy-blue-winged-teal-ducksonline\/\",\"url\":\"https:\/\/tropicalwingsbirds.shop\/shop\/buy-blue-winged-teal-ducksonline\/\",\"name\":\"Buy Blue-winged Teal DucksOnline - Tropical Wings Birds\",\"isPartOf\":{\"@id\":\"https:\/\/tropicalwingsbirds.shop\/#website\"},\"primaryImageOfPage\":{\"@id\":\"https:\/\/tropicalwingsbirds.shop\/shop\/buy-blue-winged-teal-ducksonline\/#primaryimage\"},\"image\":{\"@id\":\"https:\/\/tropicalwingsbirds.shop\/shop\/buy-blue-winged-teal-ducksonline\/#primaryimage\"},\"thumbnailUrl\":\"https:\/\/tropicalwingsbirds.shop\/wp-content\/uploads\/2023\/12\/3da4c682f33a42ac43c4ddb809bcf0fd.image_.330x330-1.jpg\",\"datePublished\":\"2023-12-07T14:48:15+00:00\",\"dateModified\":\"2023-12-07T14:53:27+00:00\",\"breadcrumb\":{\"@id\":\"https:\/\/tropicalwingsbirds.shop\/shop\/buy-blue-winged-teal-ducksonline\/#breadcrumb\"},\"inLanguage\":\"es\",\"potentialAction\":[{\"@type\":\"ReadAction\",\"target\":[\"https:\/\/tropicalwingsbirds.shop\/shop\/buy-blue-winged-teal-ducksonline\/\"]}]},{\"@type\":\"ImageObject\",\"inLanguage\":\"es\",\"@id\":\"https:\/\/tropicalwingsbirds.shop\/shop\/buy-blue-winged-teal-ducksonline\/#primaryimage\",\"url\":\"https:\/\/tropicalwingsbirds.shop\/wp-content\/uploads\/2023\/12\/3da4c682f33a42ac43c4ddb809bcf0fd.image_.330x330-1.jpg\",\"contentUrl\":\"https:\/\/tropicalwingsbirds.shop\/wp-content\/uploads\/2023\/12\/3da4c682f33a42ac43c4ddb809bcf0fd.image_.330x330-1.jpg\",\"width\":330,\"height\":330},{\"@type\":\"BreadcrumbList\",\"@id\":\"https:\/\/tropicalwingsbirds.shop\/shop\/buy-blue-winged-teal-ducksonline\/#breadcrumb\",\"itemListElement\":[{\"@type\":\"ListItem\",\"position\":1,\"name\":\"Home\",\"item\":\"https:\/\/tropicalwingsbirds.shop\/\"},{\"@type\":\"ListItem\",\"position\":2,\"name\":\"Shop\",\"item\":\"https:\/\/tropicalwingsbirds.shop\/shop\/\"},{\"@type\":\"ListItem\",\"position\":3,\"name\":\"Buy Blue-winged Teal DucksOnline\"}]},{\"@type\":\"WebSite\",\"@id\":\"https:\/\/tropicalwingsbirds.shop\/#website\",\"url\":\"https:\/\/tropicalwingsbirds.shop\/\",\"name\":\"Tropical Wings Birds\",\"description\":\"Best Exotic birds breeders online\",\"publisher\":{\"@id\":\"https:\/\/tropicalwingsbirds.shop\/#organization\"},\"potentialAction\":[{\"@type\":\"SearchAction\",\"target\":{\"@type\":\"EntryPoint\",\"urlTemplate\":\"https:\/\/tropicalwingsbirds.shop\/?s={search_term_string}\"},\"query-input\":{\"@type\":\"PropertyValueSpecification\",\"valueRequired\":true,\"valueName\":\"search_term_string\"}}],\"inLanguage\":\"es\"},{\"@type\":[\"Organization\",\"Place\",\"PetStore\"],\"@id\":\"https:\/\/tropicalwingsbirds.shop\/#organization\",\"name\":\"Tropical Wings Birds Shop\",\"alternateName\":\"TPWB\",\"url\":\"https:\/\/tropicalwingsbirds.shop\/\",\"logo\":{\"@id\":\"https:\/\/tropicalwingsbirds.shop\/shop\/buy-blue-winged-teal-ducksonline\/#local-main-organization-logo\"},\"image\":{\"@id\":\"https:\/\/tropicalwingsbirds.shop\/shop\/buy-blue-winged-teal-ducksonline\/#local-main-organization-logo\"},\"sameAs\":[\"https:\/\/web.facebook.com\/profile.php?id=61551502767851&mibextid=2JQ9oc&_rdc=1&_rdr\"],\"description\":\"Tropical Wings Birds is your destination for exotic avian companionship. Our boutique aviary in United States offers a curated selection of vibrant tropical birds sourced from reputable breeders worldwide. With a focus on welfare and expertise, our dedicated team is here to guide you on your journey to finding the perfect feathered friend. Visit us today and experience the magic of avian companionship at Tropical Wings Birds.\",\"legalName\":\"Tropical Wings Birds\",\"foundingDate\":\"2019-02-14\",\"numberOfEmployees\":{\"@type\":\"QuantitativeValue\",\"minValue\":\"1\",\"maxValue\":\"10\"},\"address\":{\"@id\":\"https:\/\/tropicalwingsbirds.shop\/shop\/buy-blue-winged-teal-ducksonline\/#local-main-place-address\"},\"geo\":{\"@type\":\"GeoCoordinates\",\"latitude\":\"40.5976725\",\"longitude\":\"-122.3716346\"},\"telephone\":[\"+1 707-733-4623\",\"+1 707-733-4623\"],\"contactPoint\":{\"@type\":\"ContactPoint\",\"telephone\":\"+1 707-733-4623\",\"email\":\"sales@tropicalwingsbirds.shop\"},\"openingHoursSpecification\":{\"@type\":\"OpeningHoursSpecification\",\"dayOfWeek\":[\"Monday\",\"Tuesday\",\"Wednesday\",\"Thursday\",\"Friday\",\"Saturday\",\"Sunday\"],\"opens\":\"00:00\",\"closes\":\"23:59\"},\"email\":\"sales@tropicalwingsbirds.shop\",\"faxNumber\":\"+1 707-733-4623\",\"areaServed\":\"United states, Porto Rico, Canada, Australia\",\"priceRange\":\"$\",\"currenciesAccepted\":\"USD, CAD, AUD,\",\"paymentAccepted\":\"Zelle, Paypal, Bitcoin, Apple pay, Credit cards, Bank transfers\"},{\"@type\":\"PostalAddress\",\"@id\":\"https:\/\/tropicalwingsbirds.shop\/shop\/buy-blue-winged-teal-ducksonline\/#local-main-place-address\",\"streetAddress\":\"500 Hilltop Dr,\",\"addressLocality\":\"Redding\",\"postalCode\":\"96003\",\"addressRegion\":\"California\",\"addressCountry\":\"US\"},{\"@type\":\"ImageObject\",\"inLanguage\":\"es\",\"@id\":\"https:\/\/tropicalwingsbirds.shop\/shop\/buy-blue-winged-teal-ducksonline\/#local-main-organization-logo\",\"url\":\"https:\/\/tropicalwingsbirds.shop\/wp-content\/uploads\/2024\/01\/tropical-wings-1.webp\",\"contentUrl\":\"https:\/\/tropicalwingsbirds.shop\/wp-content\/uploads\/2024\/01\/tropical-wings-1.webp\",\"width\":500,\"height\":500,\"caption\":\"Tropical Wings Birds Shop\"}]}<\/script>\n<meta property=\"product:price:currency\" content=\"USD\" \/>\n<meta property=\"og:availability\" content=\"instock\" \/>\n<meta property=\"product:availability\" content=\"instock\" \/>\n<meta property=\"product:retailer_item_id\" content=\"BWTD\" \/>\n<meta property=\"product:condition\" content=\"new\" \/>\n<meta name=\"geo.placename\" content=\"Redding\" \/>\n<meta name=\"geo.position\" content=\"40.5976725;-122.3716346\" \/>\n<meta name=\"geo.region\" content=\"United States (US)\" \/>\n<!-- \/ Yoast SEO Premium plugin. -->","yoast_head_json":{"title":"Buy Blue-winged Teal DucksOnline - Tropical Wings Birds","robots":{"index":"index","follow":"follow","max-snippet":"max-snippet:-1","max-image-preview":"max-image-preview:large","max-video-preview":"max-video-preview:-1"},"canonical":"https:\/\/tropicalwingsbirds.shop\/es_pr\/comercio\/buy-blue-winged-teal-ducksonline\/","og_locale":"es_ES","og_type":"article","og_title":"Buy Blue-winged Teal DucksOnline","og_description":"Blue-winged Teal Ducks Anas discors People raise Blue Winged Teal Ducks for many different reasons. Aviculturists raise them as part of mixed collections, and some people raise them simply for their beauty. During breeding season, the male Blue Winged Teal Duck has a bright white crescent around his eyes, a head sometimes described as steel [&hellip;]","og_url":"https:\/\/tropicalwingsbirds.shop\/es_pr\/comercio\/buy-blue-winged-teal-ducksonline\/","og_site_name":"Tropical Wings Birds","article_publisher":"https:\/\/web.facebook.com\/profile.php?id=61551502767851&mibextid=2JQ9oc&_rdc=1&_rdr","article_modified_time":"2023-12-07T14:53:27+00:00","og_image":[{"width":330,"height":330,"url":"https:\/\/tropicalwingsbirds.shop\/wp-content\/uploads\/2023\/12\/3da4c682f33a42ac43c4ddb809bcf0fd.image_.330x330-1.jpg","type":"image\/jpeg"}],"twitter_card":"summary_large_image","twitter_misc":{"Price":"","Availability":"In stock"},"schema":{"@context":"https:\/\/schema.org","@graph":[{"@type":"WebPage","@id":"https:\/\/tropicalwingsbirds.shop\/shop\/buy-blue-winged-teal-ducksonline\/","url":"https:\/\/tropicalwingsbirds.shop\/shop\/buy-blue-winged-teal-ducksonline\/","name":"Buy Blue-winged Teal DucksOnline - Tropical Wings Birds","isPartOf":{"@id":"https:\/\/tropicalwingsbirds.shop\/#website"},"primaryImageOfPage":{"@id":"https:\/\/tropicalwingsbirds.shop\/shop\/buy-blue-winged-teal-ducksonline\/#primaryimage"},"image":{"@id":"https:\/\/tropicalwingsbirds.shop\/shop\/buy-blue-winged-teal-ducksonline\/#primaryimage"},"thumbnailUrl":"https:\/\/tropicalwingsbirds.shop\/wp-content\/uploads\/2023\/12\/3da4c682f33a42ac43c4ddb809bcf0fd.image_.330x330-1.jpg","datePublished":"2023-12-07T14:48:15+00:00","dateModified":"2023-12-07T14:53:27+00:00","breadcrumb":{"@id":"https:\/\/tropicalwingsbirds.shop\/shop\/buy-blue-winged-teal-ducksonline\/#breadcrumb"},"inLanguage":"es","potentialAction":[{"@type":"ReadAction","target":["https:\/\/tropicalwingsbirds.shop\/shop\/buy-blue-winged-teal-ducksonline\/"]}]},{"@type":"ImageObject","inLanguage":"es","@id":"https:\/\/tropicalwingsbirds.shop\/shop\/buy-blue-winged-teal-ducksonline\/#primaryimage","url":"https:\/\/tropicalwingsbirds.shop\/wp-content\/uploads\/2023\/12\/3da4c682f33a42ac43c4ddb809bcf0fd.image_.330x330-1.jpg","contentUrl":"https:\/\/tropicalwingsbirds.shop\/wp-content\/uploads\/2023\/12\/3da4c682f33a42ac43c4ddb809bcf0fd.image_.330x330-1.jpg","width":330,"height":330},{"@type":"BreadcrumbList","@id":"https:\/\/tropicalwingsbirds.shop\/shop\/buy-blue-winged-teal-ducksonline\/#breadcrumb","itemListElement":[{"@type":"ListItem","position":1,"name":"Home","item":"https:\/\/tropicalwingsbirds.shop\/"},{"@type":"ListItem","position":2,"name":"Shop","item":"https:\/\/tropicalwingsbirds.shop\/shop\/"},{"@type":"ListItem","position":3,"name":"Buy Blue-winged Teal DucksOnline"}]},{"@type":"WebSite","@id":"https:\/\/tropicalwingsbirds.shop\/#website","url":"https:\/\/tropicalwingsbirds.shop\/","name":"Aves de alas tropicales","description":"Los mejores criadores de aves ex\u00f3ticas online","publisher":{"@id":"https:\/\/tropicalwingsbirds.shop\/#organization"},"potentialAction":[{"@type":"SearchAction","target":{"@type":"EntryPoint","urlTemplate":"https:\/\/tropicalwingsbirds.shop\/?s={search_term_string}"},"query-input":{"@type":"PropertyValueSpecification","valueRequired":true,"valueName":"search_term_string"}}],"inLanguage":"es"},{"@type":["Organization","Place","PetStore"],"@id":"https:\/\/tropicalwingsbirds.shop\/#organization","name":"Tropical Wings Birds Shop","alternateName":"TPWB","url":"https:\/\/tropicalwingsbirds.shop\/","logo":{"@id":"https:\/\/tropicalwingsbirds.shop\/shop\/buy-blue-winged-teal-ducksonline\/#local-main-organization-logo"},"image":{"@id":"https:\/\/tropicalwingsbirds.shop\/shop\/buy-blue-winged-teal-ducksonline\/#local-main-organization-logo"},"sameAs":["https:\/\/web.facebook.com\/profile.php?id=61551502767851&mibextid=2JQ9oc&_rdc=1&_rdr"],"description":"Tropical Wings Birds es su destino ideal para disfrutar de la compa\u00f1\u00eda de aves ex\u00f3ticas. Nuestro aviario boutique en Estados Unidos ofrece una cuidada selecci\u00f3n de vibrantes aves tropicales provenientes de criadores de renombre mundial. Con un enfoque en el bienestar y la experiencia, nuestro dedicado equipo est\u00e1 aqu\u00ed para guiarle en su b\u00fasqueda del compa\u00f1ero emplumado perfecto. Vis\u00edtenos hoy mismo y experimente la magia de la compa\u00f1\u00eda aviar en Tropical Wings Birds.","legalName":"Tropical Wings Birds","foundingDate":"2019-02-14","numberOfEmployees":{"@type":"QuantitativeValue","minValue":"1","maxValue":"10"},"address":{"@id":"https:\/\/tropicalwingsbirds.shop\/shop\/buy-blue-winged-teal-ducksonline\/#local-main-place-address"},"geo":{"@type":"GeoCoordinates","latitude":"40.5976725","longitude":"-122.3716346"},"telephone":["+1 707-733-4623","+1 707-733-4623"],"contactPoint":{"@type":"ContactPoint","telephone":"+1 707-733-4623","email":"sales@tropicalwingsbirds.shop"},"openingHoursSpecification":{"@type":"OpeningHoursSpecification","dayOfWeek":["Monday","Tuesday","Wednesday","Thursday","Friday","Saturday","Sunday"],"opens":"00:00","closes":"23:59"},"email":"sales@tropicalwingsbirds.shop","faxNumber":"+1 707-733-4623","areaServed":"United states, Porto Rico, Canada, Australia","priceRange":"$","currenciesAccepted":"USD, CAD, AUD,","paymentAccepted":"Zelle, Paypal, Bitcoin, Apple pay, Credit cards, Bank transfers"},{"@type":"PostalAddress","@id":"https:\/\/tropicalwingsbirds.shop\/shop\/buy-blue-winged-teal-ducksonline\/#local-main-place-address","streetAddress":"500 Hilltop Dr,","addressLocality":"Redding","postalCode":"96003","addressRegion":"California","addressCountry":"US"},{"@type":"ImageObject","inLanguage":"es","@id":"https:\/\/tropicalwingsbirds.shop\/shop\/buy-blue-winged-teal-ducksonline\/#local-main-organization-logo","url":"https:\/\/tropicalwingsbirds.shop\/wp-content\/uploads\/2024\/01\/tropical-wings-1.webp","contentUrl":"https:\/\/tropicalwingsbirds.shop\/wp-content\/uploads\/2024\/01\/tropical-wings-1.webp","width":500,"height":500,"caption":"Tropical Wings Birds Shop"}]},"product_price_currency":"USD","og_availability":"instock","product_availability":"instock","product_retailer_item_id":"BWTD","product_condition":"new","geo.placename":"Redding","geo.position":{"lat":"40.5976725","long":"-122.3716346"},"geo.region":"United States (US)"},"_links":{"self":[{"href":"https:\/\/tropicalwingsbirds.shop\/es_pr\/wp-json\/wp\/v2\/product\/2237","targetHints":{"allow":["GET"]}}],"collection":[{"href":"https:\/\/tropicalwingsbirds.shop\/es_pr\/wp-json\/wp\/v2\/product"}],"about":[{"href":"https:\/\/tropicalwingsbirds.shop\/es_pr\/wp-json\/wp\/v2\/types\/product"}],"replies":[{"embeddable":true,"href":"https:\/\/tropicalwingsbirds.shop\/es_pr\/wp-json\/wp\/v2\/comments?post=2237"}],"wp:featuredmedia":[{"embeddable":true,"href":"https:\/\/tropicalwingsbirds.shop\/es_pr\/wp-json\/wp\/v2\/media\/2359"}],"wp:attachment":[{"href":"https:\/\/tropicalwingsbirds.shop\/es_pr\/wp-json\/wp\/v2\/media?parent=2237"}],"wp:term":[{"taxonomy":"product_brand","embeddable":true,"href":"https:\/\/tropicalwingsbirds.shop\/es_pr\/wp-json\/wp\/v2\/product_brand?post=2237"},{"taxonomy":"product_cat","embeddable":true,"href":"https:\/\/tropicalwingsbirds.shop\/es_pr\/wp-json\/wp\/v2\/product_cat?post=2237"},{"taxonomy":"product_tag","embeddable":true,"href":"https:\/\/tropicalwingsbirds.shop\/es_pr\/wp-json\/wp\/v2\/product_tag?post=2237"}],"curies":[{"name":"wp","href":"https:\/\/api.w.org\/{rel}","templated":true}]}}