{"id":330,"date":"2023-12-03T13:37:58","date_gmt":"2023-12-03T13:37:58","guid":{"rendered":"https:\/\/tropicalwingsbirds.shop\/?post_type=product&#038;p=330"},"modified":"2023-12-03T13:48:02","modified_gmt":"2023-12-03T13:48:02","slug":"loros-cuaqueros-azules","status":"publish","type":"product","link":"https:\/\/tropicalwingsbirds.shop\/es_pr\/comercio\/loros-cuaqueros-azules\/","title":{"rendered":"Loros cu\u00e1queros azules"},"content":{"rendered":"<p>A menudo llamados &quot;payasos&quot;,\u00a0<a href=\"https:\/\/www.thesprucepets.com\/quaker-parrots-390511\" target=\"_blank\" rel=\"noopener\" data-saferedirecturl=\"https:\/\/www.google.com\/url?q=https:\/\/www.thesprucepets.com\/quaker-parrots-390511&amp;source=gmail&amp;ust=1666079769075000&amp;usg=AOvVaw3IqE043D0T7fCV2EO0gWje\">loros cu\u00e1queros<\/a>\u00a0Son conocidos por sus personalidades divertidas y c\u00f3micas, y su naturaleza en\u00e9rgica y vivaz. No todos pueden cumplir con sus expectativas.\u00a0<a href=\"https:\/\/www.thesprucepets.com\/beginners-guide-to-birds-1238428\" target=\"_blank\" rel=\"noopener\" data-saferedirecturl=\"https:\/\/www.google.com\/url?q=https:\/\/www.thesprucepets.com\/beginners-guide-to-birds-1238428&amp;source=gmail&amp;ust=1666079769075000&amp;usg=AOvVaw1PjWlFbPDlVVd1tM5x5mrm\">necesidades de cuidado<\/a>, ya que prefieren mucha atenci\u00f3n. Pero para la persona adecuada, un loro Quaker puede ser un compa\u00f1ero cari\u00f1oso y entretenido. Antes de traer un Quaker a su hogar, es importante comprender completamente esta encantadora especie de loro\u2026<\/p>","protected":false},"excerpt":{"rendered":"<p>A menudo llamados &quot;payasos&quot;,\u00a0<a href=\"https:\/\/www.thesprucepets.com\/quaker-parrots-390511\" target=\"_blank\" rel=\"noopener\" data-saferedirecturl=\"https:\/\/www.google.com\/url?q=https:\/\/www.thesprucepets.com\/quaker-parrots-390511&amp;source=gmail&amp;ust=1666079769075000&amp;usg=AOvVaw3IqE043D0T7fCV2EO0gWje\">loros cu\u00e1queros<\/a>\u00a0Son conocidos por sus personalidades divertidas y c\u00f3micas, y su naturaleza en\u00e9rgica y vivaz. No todos pueden cumplir con sus expectativas.\u00a0<a href=\"https:\/\/www.thesprucepets.com\/beginners-guide-to-birds-1238428\" target=\"_blank\" rel=\"noopener\" data-saferedirecturl=\"https:\/\/www.google.com\/url?q=https:\/\/www.thesprucepets.com\/beginners-guide-to-birds-1238428&amp;source=gmail&amp;ust=1666079769075000&amp;usg=AOvVaw1PjWlFbPDlVVd1tM5x5mrm\">necesidades de cuidado<\/a>, ya que prefieren mucha atenci\u00f3n. Pero para la persona adecuada, un loro Quaker puede ser un compa\u00f1ero cari\u00f1oso y entretenido. Antes de traer un Quaker a su hogar, es importante comprender completamente esta encantadora especie de loro\u2026<\/p>","protected":false},"featured_media":405,"comment_status":"closed","ping_status":"closed","template":"","meta":{"site-sidebar-layout":"default","site-content-layout":"","ast-site-content-layout":"default","site-content-style":"default","site-sidebar-style":"default","ast-global-header-display":"","ast-banner-title-visibility":"","ast-main-header-display":"","ast-hfb-above-header-display":"","ast-hfb-below-header-display":"","ast-hfb-mobile-header-display":"","site-post-title":"","ast-breadcrumbs-content":"","ast-featured-img":"","footer-sml-layout":"","theme-transparent-header-meta":"","adv-header-id-meta":"","stick-header-meta":"","header-above-stick-meta":"","header-main-stick-meta":"","header-below-stick-meta":"","astra-migrate-meta-layouts":"default","ast-page-background-enabled":"default","ast-page-background-meta":{"desktop":{"background-color":"var(--ast-global-color-4)","background-image":"","background-repeat":"repeat","background-position":"center center","background-size":"auto","background-attachment":"scroll","background-type":"","background-media":"","overlay-type":"","overlay-color":"","overlay-opacity":"","overlay-gradient":""},"tablet":{"background-color":"","background-image":"","background-repeat":"repeat","background-position":"center center","background-size":"auto","background-attachment":"scroll","background-type":"","background-media":"","overlay-type":"","overlay-color":"","overlay-opacity":"","overlay-gradient":""},"mobile":{"background-color":"","background-image":"","background-repeat":"repeat","background-position":"center center","background-size":"auto","background-attachment":"scroll","background-type":"","background-media":"","overlay-type":"","overlay-color":"","overlay-opacity":"","overlay-gradient":""}},"ast-content-background-meta":{"desktop":{"background-color":"var(--ast-global-color-5)","background-image":"","background-repeat":"repeat","background-position":"center center","background-size":"auto","background-attachment":"scroll","background-type":"","background-media":"","overlay-type":"","overlay-color":"","overlay-opacity":"","overlay-gradient":""},"tablet":{"background-color":"var(--ast-global-color-5)","background-image":"","background-repeat":"repeat","background-position":"center center","background-size":"auto","background-attachment":"scroll","background-type":"","background-media":"","overlay-type":"","overlay-color":"","overlay-opacity":"","overlay-gradient":""},"mobile":{"background-color":"var(--ast-global-color-5)","background-image":"","background-repeat":"repeat","background-position":"center center","background-size":"auto","background-attachment":"scroll","background-type":"","background-media":"","overlay-type":"","overlay-color":"","overlay-opacity":"","overlay-gradient":""}}},"product_brand":[],"product_cat":[29],"product_tag":[],"class_list":{"0":"post-330","1":"product","2":"type-product","3":"status-publish","4":"has-post-thumbnail","6":"product_cat-quaker-parrots","7":"desktop-align-left","8":"tablet-align-left","9":"mobile-align-left","10":"ast-product-gallery-layout-horizontal-slider","11":"ast-product-tabs-layout-horizontal","12":"ast-qv-on-image","14":"first","15":"instock","16":"shipping-taxable","17":"product-type-simple"},"yoast_head":"<!-- This site is optimized with the Yoast SEO Premium plugin v23.2 (Yoast SEO v26.8) - https:\/\/yoast.com\/product\/yoast-seo-premium-wordpress\/ -->\n<title>Blue Quaker parrots - Tropical Wings Birds<\/title>\n<meta name=\"robots\" content=\"index, follow, max-snippet:-1, max-image-preview:large, max-video-preview:-1\" \/>\n<link rel=\"canonical\" href=\"https:\/\/tropicalwingsbirds.shop\/es_pr\/comercio\/loros-cuaqueros-azules\/\" \/>\n<meta property=\"og:locale\" content=\"es_ES\" \/>\n<meta property=\"og:type\" content=\"article\" \/>\n<meta property=\"og:title\" content=\"Blue Quaker parrots\" \/>\n<meta property=\"og:description\" content=\"Often referred to as &#8220;clowns,&#8221;\u00a0quaker parrots\u00a0are known for their fun-loving, comical personalities and their energetic, spunky nature. Not everyone can meet their\u00a0care needs, as they prefer a lot of attention. But for the right person, a quaker parrot can make an affectionate and entertaining companion. Before you bring a quaker into your home, first it&#8217;s important to fully understand this charming parrot species&#8230;\" \/>\n<meta property=\"og:url\" content=\"https:\/\/tropicalwingsbirds.shop\/es_pr\/comercio\/loros-cuaqueros-azules\/\" \/>\n<meta property=\"og:site_name\" content=\"Tropical Wings Birds\" \/>\n<meta property=\"article:publisher\" content=\"https:\/\/web.facebook.com\/profile.php?id=61551502767851&amp;mibextid=2JQ9oc&amp;_rdc=1&amp;_rdr\" \/>\n<meta property=\"article:modified_time\" content=\"2023-12-03T13:48:02+00:00\" \/>\n<meta property=\"og:image\" content=\"https:\/\/tropicalwingsbirds.shop\/wp-content\/uploads\/2023\/12\/Blue-Quaker-Parrot-1.jpg\" \/>\n\t<meta property=\"og:image:width\" content=\"480\" \/>\n\t<meta property=\"og:image:height\" content=\"640\" \/>\n\t<meta property=\"og:image:type\" content=\"image\/jpeg\" \/>\n<meta name=\"twitter:card\" content=\"summary_large_image\" \/>\n<meta name=\"twitter:label1\" content=\"Price\" \/>\n\t<meta name=\"twitter:data1\" content=\"\" \/>\n\t<meta name=\"twitter:label2\" content=\"Availability\" \/>\n\t<meta name=\"twitter:data2\" content=\"In stock\" \/>\n<script type=\"application\/ld+json\" class=\"yoast-schema-graph\">{\"@context\":\"https:\/\/schema.org\",\"@graph\":[{\"@type\":\"WebPage\",\"@id\":\"https:\/\/tropicalwingsbirds.shop\/shop\/blue-quaker-parrots\/\",\"url\":\"https:\/\/tropicalwingsbirds.shop\/shop\/blue-quaker-parrots\/\",\"name\":\"Blue Quaker parrots - Tropical Wings Birds\",\"isPartOf\":{\"@id\":\"https:\/\/tropicalwingsbirds.shop\/#website\"},\"primaryImageOfPage\":{\"@id\":\"https:\/\/tropicalwingsbirds.shop\/shop\/blue-quaker-parrots\/#primaryimage\"},\"image\":{\"@id\":\"https:\/\/tropicalwingsbirds.shop\/shop\/blue-quaker-parrots\/#primaryimage\"},\"thumbnailUrl\":\"https:\/\/tropicalwingsbirds.shop\/wp-content\/uploads\/2023\/12\/Blue-Quaker-Parrot-1.jpg\",\"datePublished\":\"2023-12-03T13:37:58+00:00\",\"dateModified\":\"2023-12-03T13:48:02+00:00\",\"breadcrumb\":{\"@id\":\"https:\/\/tropicalwingsbirds.shop\/shop\/blue-quaker-parrots\/#breadcrumb\"},\"inLanguage\":\"es\",\"potentialAction\":[{\"@type\":\"ReadAction\",\"target\":[\"https:\/\/tropicalwingsbirds.shop\/shop\/blue-quaker-parrots\/\"]}]},{\"@type\":\"ImageObject\",\"inLanguage\":\"es\",\"@id\":\"https:\/\/tropicalwingsbirds.shop\/shop\/blue-quaker-parrots\/#primaryimage\",\"url\":\"https:\/\/tropicalwingsbirds.shop\/wp-content\/uploads\/2023\/12\/Blue-Quaker-Parrot-1.jpg\",\"contentUrl\":\"https:\/\/tropicalwingsbirds.shop\/wp-content\/uploads\/2023\/12\/Blue-Quaker-Parrot-1.jpg\",\"width\":480,\"height\":640},{\"@type\":\"BreadcrumbList\",\"@id\":\"https:\/\/tropicalwingsbirds.shop\/shop\/blue-quaker-parrots\/#breadcrumb\",\"itemListElement\":[{\"@type\":\"ListItem\",\"position\":1,\"name\":\"Home\",\"item\":\"https:\/\/tropicalwingsbirds.shop\/\"},{\"@type\":\"ListItem\",\"position\":2,\"name\":\"Shop\",\"item\":\"https:\/\/tropicalwingsbirds.shop\/shop\/\"},{\"@type\":\"ListItem\",\"position\":3,\"name\":\"Blue Quaker parrots\"}]},{\"@type\":\"WebSite\",\"@id\":\"https:\/\/tropicalwingsbirds.shop\/#website\",\"url\":\"https:\/\/tropicalwingsbirds.shop\/\",\"name\":\"Tropical Wings Birds\",\"description\":\"Best Exotic birds breeders online\",\"publisher\":{\"@id\":\"https:\/\/tropicalwingsbirds.shop\/#organization\"},\"potentialAction\":[{\"@type\":\"SearchAction\",\"target\":{\"@type\":\"EntryPoint\",\"urlTemplate\":\"https:\/\/tropicalwingsbirds.shop\/?s={search_term_string}\"},\"query-input\":{\"@type\":\"PropertyValueSpecification\",\"valueRequired\":true,\"valueName\":\"search_term_string\"}}],\"inLanguage\":\"es\"},{\"@type\":[\"Organization\",\"Place\",\"PetStore\"],\"@id\":\"https:\/\/tropicalwingsbirds.shop\/#organization\",\"name\":\"Tropical Wings Birds Shop\",\"alternateName\":\"TPWB\",\"url\":\"https:\/\/tropicalwingsbirds.shop\/\",\"logo\":{\"@id\":\"https:\/\/tropicalwingsbirds.shop\/shop\/blue-quaker-parrots\/#local-main-organization-logo\"},\"image\":{\"@id\":\"https:\/\/tropicalwingsbirds.shop\/shop\/blue-quaker-parrots\/#local-main-organization-logo\"},\"sameAs\":[\"https:\/\/web.facebook.com\/profile.php?id=61551502767851&mibextid=2JQ9oc&_rdc=1&_rdr\"],\"description\":\"Tropical Wings Birds is your destination for exotic avian companionship. Our boutique aviary in United States offers a curated selection of vibrant tropical birds sourced from reputable breeders worldwide. With a focus on welfare and expertise, our dedicated team is here to guide you on your journey to finding the perfect feathered friend. Visit us today and experience the magic of avian companionship at Tropical Wings Birds.\",\"legalName\":\"Tropical Wings Birds\",\"foundingDate\":\"2019-02-14\",\"numberOfEmployees\":{\"@type\":\"QuantitativeValue\",\"minValue\":\"1\",\"maxValue\":\"10\"},\"address\":{\"@id\":\"https:\/\/tropicalwingsbirds.shop\/shop\/blue-quaker-parrots\/#local-main-place-address\"},\"geo\":{\"@type\":\"GeoCoordinates\",\"latitude\":\"40.5976725\",\"longitude\":\"-122.3716346\"},\"telephone\":[\"+1 707-733-4623\",\"+1 707-733-4623\"],\"contactPoint\":{\"@type\":\"ContactPoint\",\"telephone\":\"+1 707-733-4623\",\"email\":\"sales@tropicalwingsbirds.shop\"},\"openingHoursSpecification\":{\"@type\":\"OpeningHoursSpecification\",\"dayOfWeek\":[\"Monday\",\"Tuesday\",\"Wednesday\",\"Thursday\",\"Friday\",\"Saturday\",\"Sunday\"],\"opens\":\"00:00\",\"closes\":\"23:59\"},\"email\":\"sales@tropicalwingsbirds.shop\",\"faxNumber\":\"+1 707-733-4623\",\"areaServed\":\"United states, Porto Rico, Canada, Australia\",\"priceRange\":\"$\",\"currenciesAccepted\":\"USD, CAD, AUD,\",\"paymentAccepted\":\"Zelle, Paypal, Bitcoin, Apple pay, Credit cards, Bank transfers\"},{\"@type\":\"PostalAddress\",\"@id\":\"https:\/\/tropicalwingsbirds.shop\/shop\/blue-quaker-parrots\/#local-main-place-address\",\"streetAddress\":\"500 Hilltop Dr,\",\"addressLocality\":\"Redding\",\"postalCode\":\"96003\",\"addressRegion\":\"California\",\"addressCountry\":\"US\"},{\"@type\":\"ImageObject\",\"inLanguage\":\"es\",\"@id\":\"https:\/\/tropicalwingsbirds.shop\/shop\/blue-quaker-parrots\/#local-main-organization-logo\",\"url\":\"https:\/\/tropicalwingsbirds.shop\/wp-content\/uploads\/2024\/01\/tropical-wings-1.webp\",\"contentUrl\":\"https:\/\/tropicalwingsbirds.shop\/wp-content\/uploads\/2024\/01\/tropical-wings-1.webp\",\"width\":500,\"height\":500,\"caption\":\"Tropical Wings Birds Shop\"}]}<\/script>\n<meta property=\"product:price:currency\" content=\"USD\" \/>\n<meta property=\"og:availability\" content=\"instock\" \/>\n<meta property=\"product:availability\" content=\"instock\" \/>\n<meta property=\"product:condition\" content=\"new\" \/>\n<meta name=\"geo.placename\" content=\"Redding\" \/>\n<meta name=\"geo.position\" content=\"40.5976725;-122.3716346\" \/>\n<meta name=\"geo.region\" content=\"United States (US)\" \/>\n<!-- \/ Yoast SEO Premium plugin. -->","yoast_head_json":{"title":"Loros cu\u00e1queros azules - Aves de alas tropicales","robots":{"index":"index","follow":"follow","max-snippet":"max-snippet:-1","max-image-preview":"max-image-preview:large","max-video-preview":"max-video-preview:-1"},"canonical":"https:\/\/tropicalwingsbirds.shop\/es_pr\/comercio\/loros-cuaqueros-azules\/","og_locale":"es_ES","og_type":"article","og_title":"Blue Quaker parrots","og_description":"Often referred to as &#8220;clowns,&#8221;\u00a0quaker parrots\u00a0are known for their fun-loving, comical personalities and their energetic, spunky nature. Not everyone can meet their\u00a0care needs, as they prefer a lot of attention. But for the right person, a quaker parrot can make an affectionate and entertaining companion. Before you bring a quaker into your home, first it&#8217;s important to fully understand this charming parrot species&#8230;","og_url":"https:\/\/tropicalwingsbirds.shop\/es_pr\/comercio\/loros-cuaqueros-azules\/","og_site_name":"Tropical Wings Birds","article_publisher":"https:\/\/web.facebook.com\/profile.php?id=61551502767851&mibextid=2JQ9oc&_rdc=1&_rdr","article_modified_time":"2023-12-03T13:48:02+00:00","og_image":[{"width":480,"height":640,"url":"https:\/\/tropicalwingsbirds.shop\/wp-content\/uploads\/2023\/12\/Blue-Quaker-Parrot-1.jpg","type":"image\/jpeg"}],"twitter_card":"summary_large_image","twitter_misc":{"Price":"","Availability":"In stock"},"schema":{"@context":"https:\/\/schema.org","@graph":[{"@type":"WebPage","@id":"https:\/\/tropicalwingsbirds.shop\/shop\/blue-quaker-parrots\/","url":"https:\/\/tropicalwingsbirds.shop\/shop\/blue-quaker-parrots\/","name":"Loros cu\u00e1queros azules - Aves de alas tropicales","isPartOf":{"@id":"https:\/\/tropicalwingsbirds.shop\/#website"},"primaryImageOfPage":{"@id":"https:\/\/tropicalwingsbirds.shop\/shop\/blue-quaker-parrots\/#primaryimage"},"image":{"@id":"https:\/\/tropicalwingsbirds.shop\/shop\/blue-quaker-parrots\/#primaryimage"},"thumbnailUrl":"https:\/\/tropicalwingsbirds.shop\/wp-content\/uploads\/2023\/12\/Blue-Quaker-Parrot-1.jpg","datePublished":"2023-12-03T13:37:58+00:00","dateModified":"2023-12-03T13:48:02+00:00","breadcrumb":{"@id":"https:\/\/tropicalwingsbirds.shop\/shop\/blue-quaker-parrots\/#breadcrumb"},"inLanguage":"es","potentialAction":[{"@type":"ReadAction","target":["https:\/\/tropicalwingsbirds.shop\/shop\/blue-quaker-parrots\/"]}]},{"@type":"ImageObject","inLanguage":"es","@id":"https:\/\/tropicalwingsbirds.shop\/shop\/blue-quaker-parrots\/#primaryimage","url":"https:\/\/tropicalwingsbirds.shop\/wp-content\/uploads\/2023\/12\/Blue-Quaker-Parrot-1.jpg","contentUrl":"https:\/\/tropicalwingsbirds.shop\/wp-content\/uploads\/2023\/12\/Blue-Quaker-Parrot-1.jpg","width":480,"height":640},{"@type":"BreadcrumbList","@id":"https:\/\/tropicalwingsbirds.shop\/shop\/blue-quaker-parrots\/#breadcrumb","itemListElement":[{"@type":"ListItem","position":1,"name":"Home","item":"https:\/\/tropicalwingsbirds.shop\/"},{"@type":"ListItem","position":2,"name":"Shop","item":"https:\/\/tropicalwingsbirds.shop\/shop\/"},{"@type":"ListItem","position":3,"name":"Blue Quaker parrots"}]},{"@type":"WebSite","@id":"https:\/\/tropicalwingsbirds.shop\/#website","url":"https:\/\/tropicalwingsbirds.shop\/","name":"Aves de alas tropicales","description":"Los mejores criadores de aves ex\u00f3ticas online","publisher":{"@id":"https:\/\/tropicalwingsbirds.shop\/#organization"},"potentialAction":[{"@type":"SearchAction","target":{"@type":"EntryPoint","urlTemplate":"https:\/\/tropicalwingsbirds.shop\/?s={search_term_string}"},"query-input":{"@type":"PropertyValueSpecification","valueRequired":true,"valueName":"search_term_string"}}],"inLanguage":"es"},{"@type":["Organization","Place","PetStore"],"@id":"https:\/\/tropicalwingsbirds.shop\/#organization","name":"Tropical Wings Birds Shop","alternateName":"TPWB","url":"https:\/\/tropicalwingsbirds.shop\/","logo":{"@id":"https:\/\/tropicalwingsbirds.shop\/shop\/blue-quaker-parrots\/#local-main-organization-logo"},"image":{"@id":"https:\/\/tropicalwingsbirds.shop\/shop\/blue-quaker-parrots\/#local-main-organization-logo"},"sameAs":["https:\/\/web.facebook.com\/profile.php?id=61551502767851&mibextid=2JQ9oc&_rdc=1&_rdr"],"description":"Tropical Wings Birds es su destino ideal para disfrutar de la compa\u00f1\u00eda de aves ex\u00f3ticas. Nuestro aviario boutique en Estados Unidos ofrece una cuidada selecci\u00f3n de vibrantes aves tropicales provenientes de criadores de renombre mundial. Con un enfoque en el bienestar y la experiencia, nuestro dedicado equipo est\u00e1 aqu\u00ed para guiarle en su b\u00fasqueda del compa\u00f1ero emplumado perfecto. Vis\u00edtenos hoy mismo y experimente la magia de la compa\u00f1\u00eda aviar en Tropical Wings Birds.","legalName":"Tropical Wings Birds","foundingDate":"2019-02-14","numberOfEmployees":{"@type":"QuantitativeValue","minValue":"1","maxValue":"10"},"address":{"@id":"https:\/\/tropicalwingsbirds.shop\/shop\/blue-quaker-parrots\/#local-main-place-address"},"geo":{"@type":"GeoCoordinates","latitude":"40.5976725","longitude":"-122.3716346"},"telephone":["+1 707-733-4623","+1 707-733-4623"],"contactPoint":{"@type":"ContactPoint","telephone":"+1 707-733-4623","email":"sales@tropicalwingsbirds.shop"},"openingHoursSpecification":{"@type":"OpeningHoursSpecification","dayOfWeek":["Monday","Tuesday","Wednesday","Thursday","Friday","Saturday","Sunday"],"opens":"00:00","closes":"23:59"},"email":"sales@tropicalwingsbirds.shop","faxNumber":"+1 707-733-4623","areaServed":"United states, Porto Rico, Canada, Australia","priceRange":"$","currenciesAccepted":"USD, CAD, AUD,","paymentAccepted":"Zelle, Paypal, Bitcoin, Apple pay, Credit cards, Bank transfers"},{"@type":"PostalAddress","@id":"https:\/\/tropicalwingsbirds.shop\/shop\/blue-quaker-parrots\/#local-main-place-address","streetAddress":"500 Hilltop Dr,","addressLocality":"Redding","postalCode":"96003","addressRegion":"California","addressCountry":"US"},{"@type":"ImageObject","inLanguage":"es","@id":"https:\/\/tropicalwingsbirds.shop\/shop\/blue-quaker-parrots\/#local-main-organization-logo","url":"https:\/\/tropicalwingsbirds.shop\/wp-content\/uploads\/2024\/01\/tropical-wings-1.webp","contentUrl":"https:\/\/tropicalwingsbirds.shop\/wp-content\/uploads\/2024\/01\/tropical-wings-1.webp","width":500,"height":500,"caption":"Tropical Wings Birds Shop"}]},"product_price_currency":"USD","og_availability":"instock","product_availability":"instock","product_condition":"new","geo.placename":"Redding","geo.position":{"lat":"40.5976725","long":"-122.3716346"},"geo.region":"United States (US)"},"_links":{"self":[{"href":"https:\/\/tropicalwingsbirds.shop\/es_pr\/wp-json\/wp\/v2\/product\/330","targetHints":{"allow":["GET"]}}],"collection":[{"href":"https:\/\/tropicalwingsbirds.shop\/es_pr\/wp-json\/wp\/v2\/product"}],"about":[{"href":"https:\/\/tropicalwingsbirds.shop\/es_pr\/wp-json\/wp\/v2\/types\/product"}],"replies":[{"embeddable":true,"href":"https:\/\/tropicalwingsbirds.shop\/es_pr\/wp-json\/wp\/v2\/comments?post=330"}],"wp:featuredmedia":[{"embeddable":true,"href":"https:\/\/tropicalwingsbirds.shop\/es_pr\/wp-json\/wp\/v2\/media\/405"}],"wp:attachment":[{"href":"https:\/\/tropicalwingsbirds.shop\/es_pr\/wp-json\/wp\/v2\/media?parent=330"}],"wp:term":[{"taxonomy":"product_brand","embeddable":true,"href":"https:\/\/tropicalwingsbirds.shop\/es_pr\/wp-json\/wp\/v2\/product_brand?post=330"},{"taxonomy":"product_cat","embeddable":true,"href":"https:\/\/tropicalwingsbirds.shop\/es_pr\/wp-json\/wp\/v2\/product_cat?post=330"},{"taxonomy":"product_tag","embeddable":true,"href":"https:\/\/tropicalwingsbirds.shop\/es_pr\/wp-json\/wp\/v2\/product_tag?post=330"}],"curies":[{"name":"wp","href":"https:\/\/api.w.org\/{rel}","templated":true}]}}