{"id":596,"date":"2023-12-03T14:06:00","date_gmt":"2023-12-03T14:06:00","guid":{"rendered":"https:\/\/tropicalwingsbirds.shop\/?post_type=product&#038;p=596"},"modified":"2023-12-03T14:07:42","modified_gmt":"2023-12-03T14:07:42","slug":"comprar-cacatuas-major-mitchells","status":"publish","type":"product","link":"https:\/\/tropicalwingsbirds.shop\/es_pr\/comercio\/comprar-cacatuas-major-mitchells\/","title":{"rendered":"Comprar cacat\u00faas del Mayor Mitchell"},"content":{"rendered":"<p><strong>Cacat\u00faa Major Mitchell en venta<\/strong><\/p>\n<p>La cacat\u00faa Mayor Mitchell es originaria de Australia, donde habita en las zonas \u00e1ridas del interior. Estas aves anidan en parejas en bosques y zonas sin \u00e1rboles, siempre cerca del agua. Escribi\u00f3 sobre ella: \u00abPocas aves animan tanto los tonos mon\u00f3tonos del bosque australiano como esta hermosa especie\u00bb. Esta ave es la \u00fanica del subg\u00e9nero Lophocroa. Tambi\u00e9n es la \u00fanica cacat\u00faa con cresta multicolor. Mayor Mitchell en venta.<\/p>\n<p><strong>Temperamento de la cacat\u00faa Major Mitchell<br \/> <\/strong><\/p>\n<p>Las cacat\u00faas de Major Mitchell requieren mucha socializaci\u00f3n e interacci\u00f3n con sus due\u00f1os para su salud emocional. Esto se debe a su tendencia natural a formar una pareja muy unida, y as\u00ed replicar\u00e1n la experiencia de &quot;bandada&quot; que las cacat\u00faas necesitan en su h\u00e1bitat natural.<\/p>\n<p>Dado que tienden a conectar con una sola persona, las cacat\u00faas de Major Mitchell pueden mostrar celos cuando sus due\u00f1os interact\u00faan con otras personas. Pueden intentar morder o pellizcar a la otra persona para demostrar su irritaci\u00f3n. Esta es una de las razones por las que esta ave no es una buena mascota para familias con ni\u00f1os peque\u00f1os.<\/p>\n<p>Estas aves son extremadamente inteligentes y se les pueden ense\u00f1ar trucos. Algunas aprenden a hablar, o al menos pueden silbar para llamar la atenci\u00f3n de su due\u00f1o. Pueden alcanzar notas muy agudas y tienen un llamado de alarma natural que capta la atenci\u00f3n de cualquiera.<\/p>\n<p>&nbsp;<\/p>\n<p><strong>Colores y marcas de la cacat\u00faa Major Mitchell<\/strong><\/p>\n<p>Las coloridas cacat\u00faas Major Mitchell a la venta son principalmente de color blanco rosado y muy f\u00e1ciles de reconocer. Estas llamativas aves tienen amplias manchas rosadas alrededor del cuello y la parte inferior del vientre. Suelen tener un rosa intenso bajo las alas con puntas blancas.<\/p>\n<p>La cresta suele ser lo primero que se nota en esta ave. Al extenderla, se ven plumas de color rosa brillante y amarillo anaranjado con puntas blancas.<\/p>\n<p>Los machos tienden a ser m\u00e1s brillantes que las hembras, aunque estas \u00faltimas tienen m\u00e1s naranja en la cresta. Mientras que los machos tienen ojos marrones, estos son m\u00e1s bien de un rosa rojizo en las hembras. Ambos sexos tienen patas grises y picos de color cuerno.<\/p>\n<p><strong>Cuidando de<\/strong><strong> Cacat\u00faa Major Mitchell en venta<\/strong><\/p>\n<p>Si bien puede ser tentador salir corriendo a comprar una de estas hermosas aves, la cacat\u00faa Major Mitchell necesita cuidados y entornos especializados que no todos los due\u00f1os de aves pueden adaptar. Lo mejor es que viva en una jaula transitable de al menos 4 metros de largo. Esto le permite a esta ave de tama\u00f1o mediano tener mucho espacio para moverse. Adem\u00e1s de necesitar una jaula grande, <a href=\"https:\/\/mozillabirdsfarm.com\/product\/major-mitchell-cockatoos\/\">Cacat\u00faa del Mayor Mitchell<\/a> Son vocalizadores fuertes.<\/p>\n<p>Estas son aves sensibles y de alto mantenimiento, as\u00ed que si planeas adoptar una como mascota, prep\u00e1rate para pasar mucho tiempo interactuando con ellas. Las cacat\u00faas y otras aves en cautiverio que reciben un trato descuidado pueden recurrir a comportamientos destructivos.<\/p>\n<p>Algunos due\u00f1os de Major Mitchell han contado que su ave incluso los rechaz\u00f3 despu\u00e9s de unas cortas vacaciones. Tambi\u00e9n admiten que les llev\u00f3 tiempo recuperar su confianza, as\u00ed que tengan en cuenta que esta especie puede ser muy temperamental.<br \/> <a href=\"https:\/\/timiesbirds.com\/feeding-your-parrot\/\">Alimentando a las cacat\u00faas del Mayor Mitchell<\/a><\/p>\n<p>Como todas las cacat\u00faas, la cacat\u00faa Mayor Mitchell puede tener dificultades para subir de peso. Es importante que los due\u00f1os controlen su consumo de grasa. La dieta ideal para estas aves consiste en pellets de alta calidad, una cantidad moderada de mezcla de semillas y raciones diarias de frutas y verduras frescas, seguras para las aves y bien lavadas.<\/p>\n<p>Suelen disfrutar de verduras de hoja verde como lechuga, espinaca y acelga, as\u00ed como zanahorias, apio, ma\u00edz, jud\u00edas verdes y calabac\u00edn. Muchos tambi\u00e9n disfrutan de frutos secos, como avellanas, cacahuetes, nueces pecanas y nueces.<\/p>\n<p><strong>Ejercicio para el Mayor Mitchell Cacat\u00faa en venta <\/strong><\/p>\n<p>Al igual que sus cong\u00e9neres de la familia de los loros, las cacat\u00faas de Major Mitchell en venta son aves activas que necesitan mucho ejercicio para mantenerse en forma. Necesitan pasar un m\u00ednimo de tres a cuatro horas diarias fuera de la jaula para estirar las alas. Un due\u00f1o inteligente les proporcionar\u00e1 juguetes masticables seguros para que ejerciten su pico.<\/p>\n<p>Es recomendable darle regularmente a tu ave piezas o juguetes de madera de sa\u00faco, abeto, pino o sauce sin tratar. Los juguetes de cuero e incluso las pi\u00f1as esterilizadas con calor son los favoritos de estas aves y tambi\u00e9n los apreciar\u00e1 tu mascota.<br \/> <a href=\"https:\/\/timiesbirds.com\/product\/buy-major-mitchells-cockatoos\/\"><span style=\"font-size: 12pt\">Comprar cacat\u00faa Major Mitchell en l\u00ednea<\/span> <\/a><\/p>","protected":false},"excerpt":{"rendered":"<p>La Cacat\u00faa de Major Mitchell es un ave atractiva e inteligente, y se encuentra entre las especies de cacat\u00faa m\u00e1s codiciadas. Si bien puede ser tentador comprar una de estas hermosas aves, las Cacat\u00faas de Major Mitchell requieren cuidados y entornos especializados que no todos los due\u00f1os de aves pueden adaptar. Se recomiendan para due\u00f1os de aves con experiencia, preferiblemente familiarizados con loros grandes.<\/p>\n<p>&nbsp;<\/p>","protected":false},"featured_media":684,"comment_status":"closed","ping_status":"closed","template":"","meta":{"site-sidebar-layout":"default","site-content-layout":"","ast-site-content-layout":"default","site-content-style":"default","site-sidebar-style":"default","ast-global-header-display":"","ast-banner-title-visibility":"","ast-main-header-display":"","ast-hfb-above-header-display":"","ast-hfb-below-header-display":"","ast-hfb-mobile-header-display":"","site-post-title":"","ast-breadcrumbs-content":"","ast-featured-img":"","footer-sml-layout":"","theme-transparent-header-meta":"","adv-header-id-meta":"","stick-header-meta":"","header-above-stick-meta":"","header-main-stick-meta":"","header-below-stick-meta":"","astra-migrate-meta-layouts":"default","ast-page-background-enabled":"default","ast-page-background-meta":{"desktop":{"background-color":"var(--ast-global-color-4)","background-image":"","background-repeat":"repeat","background-position":"center center","background-size":"auto","background-attachment":"scroll","background-type":"","background-media":"","overlay-type":"","overlay-color":"","overlay-opacity":"","overlay-gradient":""},"tablet":{"background-color":"","background-image":"","background-repeat":"repeat","background-position":"center center","background-size":"auto","background-attachment":"scroll","background-type":"","background-media":"","overlay-type":"","overlay-color":"","overlay-opacity":"","overlay-gradient":""},"mobile":{"background-color":"","background-image":"","background-repeat":"repeat","background-position":"center center","background-size":"auto","background-attachment":"scroll","background-type":"","background-media":"","overlay-type":"","overlay-color":"","overlay-opacity":"","overlay-gradient":""}},"ast-content-background-meta":{"desktop":{"background-color":"var(--ast-global-color-5)","background-image":"","background-repeat":"repeat","background-position":"center center","background-size":"auto","background-attachment":"scroll","background-type":"","background-media":"","overlay-type":"","overlay-color":"","overlay-opacity":"","overlay-gradient":""},"tablet":{"background-color":"var(--ast-global-color-5)","background-image":"","background-repeat":"repeat","background-position":"center center","background-size":"auto","background-attachment":"scroll","background-type":"","background-media":"","overlay-type":"","overlay-color":"","overlay-opacity":"","overlay-gradient":""},"mobile":{"background-color":"var(--ast-global-color-5)","background-image":"","background-repeat":"repeat","background-position":"center center","background-size":"auto","background-attachment":"scroll","background-type":"","background-media":"","overlay-type":"","overlay-color":"","overlay-opacity":"","overlay-gradient":""}}},"product_brand":[],"product_cat":[155,156],"product_tag":[302,303,304,305,306,307,308],"class_list":{"0":"post-596","1":"product","2":"type-product","3":"status-publish","4":"has-post-thumbnail","6":"product_cat-cockatoos","7":"product_cat-parrots","8":"product_tag-buy-baby-major-mitchell-cockatoo","9":"product_tag-buy-major-mitchell-cockatoo","10":"product_tag-major-mitchell-cockatoo","11":"product_tag-major-mitchell-cockatoo-adoption","12":"product_tag-major-mitchell-cockatoo-for-sale","13":"product_tag-major-mitchell-cockatoo-price","14":"product_tag-major-mitchell-cockatoo-size","15":"desktop-align-left","16":"tablet-align-left","17":"mobile-align-left","18":"ast-product-gallery-layout-horizontal-slider","19":"ast-product-tabs-layout-horizontal","20":"ast-qv-on-image","22":"first","23":"instock","24":"shipping-taxable","25":"product-type-simple"},"yoast_head":"<!-- This site is optimized with the Yoast SEO Premium plugin v23.2 (Yoast SEO v26.8) - https:\/\/yoast.com\/product\/yoast-seo-premium-wordpress\/ -->\n<title>Buy Major Mitchell&#8217;s Cockatoos - Tropical Wings Birds<\/title>\n<meta name=\"robots\" content=\"index, follow, max-snippet:-1, max-image-preview:large, max-video-preview:-1\" \/>\n<link rel=\"canonical\" href=\"https:\/\/tropicalwingsbirds.shop\/es_pr\/comercio\/comprar-cacatuas-major-mitchells\/\" \/>\n<meta property=\"og:locale\" content=\"es_ES\" \/>\n<meta property=\"og:type\" content=\"article\" \/>\n<meta property=\"og:title\" content=\"Buy Major Mitchell&#8217;s Cockatoos\" \/>\n<meta property=\"og:description\" content=\"The Major Mitchell&#8217;s Cockatoo is an attractive and intelligent bird and is among the most sought-after cockatoo species. While it can be tempting to rush out and buy one of these beautiful birds, Major Mitchell&#8217;s Cockatoos need specialized care and environments that not all bird owners can accommodate. They are recommended for experienced bird owners, preferably those who are familiar with large parrots. &nbsp;\" \/>\n<meta property=\"og:url\" content=\"https:\/\/tropicalwingsbirds.shop\/es_pr\/comercio\/comprar-cacatuas-major-mitchells\/\" \/>\n<meta property=\"og:site_name\" content=\"Tropical Wings Birds\" \/>\n<meta property=\"article:publisher\" content=\"https:\/\/web.facebook.com\/profile.php?id=61551502767851&amp;mibextid=2JQ9oc&amp;_rdc=1&amp;_rdr\" \/>\n<meta property=\"article:modified_time\" content=\"2023-12-03T14:07:42+00:00\" \/>\n<meta property=\"og:image\" content=\"https:\/\/tropicalwingsbirds.shop\/wp-content\/uploads\/2023\/12\/WhatsApp-Image-2021-04-08-at-03.46.07-1.jpeg\" \/>\n\t<meta property=\"og:image:width\" content=\"1080\" \/>\n\t<meta property=\"og:image:height\" content=\"1080\" \/>\n\t<meta property=\"og:image:type\" content=\"image\/jpeg\" \/>\n<meta name=\"twitter:card\" content=\"summary_large_image\" \/>\n<meta name=\"twitter:label1\" content=\"Price\" \/>\n\t<meta name=\"twitter:data1\" content=\"\" \/>\n\t<meta name=\"twitter:label2\" content=\"Availability\" \/>\n\t<meta name=\"twitter:data2\" content=\"In stock\" \/>\n<script type=\"application\/ld+json\" class=\"yoast-schema-graph\">{\"@context\":\"https:\/\/schema.org\",\"@graph\":[{\"@type\":\"WebPage\",\"@id\":\"https:\/\/tropicalwingsbirds.shop\/shop\/buy-major-mitchells-cockatoos\/\",\"url\":\"https:\/\/tropicalwingsbirds.shop\/shop\/buy-major-mitchells-cockatoos\/\",\"name\":\"Buy Major Mitchell&#8217;s Cockatoos - Tropical Wings Birds\",\"isPartOf\":{\"@id\":\"https:\/\/tropicalwingsbirds.shop\/#website\"},\"primaryImageOfPage\":{\"@id\":\"https:\/\/tropicalwingsbirds.shop\/shop\/buy-major-mitchells-cockatoos\/#primaryimage\"},\"image\":{\"@id\":\"https:\/\/tropicalwingsbirds.shop\/shop\/buy-major-mitchells-cockatoos\/#primaryimage\"},\"thumbnailUrl\":\"https:\/\/tropicalwingsbirds.shop\/wp-content\/uploads\/2023\/12\/WhatsApp-Image-2021-04-08-at-03.46.07-1.jpeg\",\"datePublished\":\"2023-12-03T14:06:00+00:00\",\"dateModified\":\"2023-12-03T14:07:42+00:00\",\"breadcrumb\":{\"@id\":\"https:\/\/tropicalwingsbirds.shop\/shop\/buy-major-mitchells-cockatoos\/#breadcrumb\"},\"inLanguage\":\"es\",\"potentialAction\":[{\"@type\":\"ReadAction\",\"target\":[\"https:\/\/tropicalwingsbirds.shop\/shop\/buy-major-mitchells-cockatoos\/\"]}]},{\"@type\":\"ImageObject\",\"inLanguage\":\"es\",\"@id\":\"https:\/\/tropicalwingsbirds.shop\/shop\/buy-major-mitchells-cockatoos\/#primaryimage\",\"url\":\"https:\/\/tropicalwingsbirds.shop\/wp-content\/uploads\/2023\/12\/WhatsApp-Image-2021-04-08-at-03.46.07-1.jpeg\",\"contentUrl\":\"https:\/\/tropicalwingsbirds.shop\/wp-content\/uploads\/2023\/12\/WhatsApp-Image-2021-04-08-at-03.46.07-1.jpeg\",\"width\":1080,\"height\":1080},{\"@type\":\"BreadcrumbList\",\"@id\":\"https:\/\/tropicalwingsbirds.shop\/shop\/buy-major-mitchells-cockatoos\/#breadcrumb\",\"itemListElement\":[{\"@type\":\"ListItem\",\"position\":1,\"name\":\"Home\",\"item\":\"https:\/\/tropicalwingsbirds.shop\/\"},{\"@type\":\"ListItem\",\"position\":2,\"name\":\"Shop\",\"item\":\"https:\/\/tropicalwingsbirds.shop\/shop\/\"},{\"@type\":\"ListItem\",\"position\":3,\"name\":\"Buy Major Mitchell&#8217;s Cockatoos\"}]},{\"@type\":\"WebSite\",\"@id\":\"https:\/\/tropicalwingsbirds.shop\/#website\",\"url\":\"https:\/\/tropicalwingsbirds.shop\/\",\"name\":\"Tropical Wings Birds\",\"description\":\"Best Exotic birds breeders online\",\"publisher\":{\"@id\":\"https:\/\/tropicalwingsbirds.shop\/#organization\"},\"potentialAction\":[{\"@type\":\"SearchAction\",\"target\":{\"@type\":\"EntryPoint\",\"urlTemplate\":\"https:\/\/tropicalwingsbirds.shop\/?s={search_term_string}\"},\"query-input\":{\"@type\":\"PropertyValueSpecification\",\"valueRequired\":true,\"valueName\":\"search_term_string\"}}],\"inLanguage\":\"es\"},{\"@type\":[\"Organization\",\"Place\",\"PetStore\"],\"@id\":\"https:\/\/tropicalwingsbirds.shop\/#organization\",\"name\":\"Tropical Wings Birds Shop\",\"alternateName\":\"TPWB\",\"url\":\"https:\/\/tropicalwingsbirds.shop\/\",\"logo\":{\"@id\":\"https:\/\/tropicalwingsbirds.shop\/shop\/buy-major-mitchells-cockatoos\/#local-main-organization-logo\"},\"image\":{\"@id\":\"https:\/\/tropicalwingsbirds.shop\/shop\/buy-major-mitchells-cockatoos\/#local-main-organization-logo\"},\"sameAs\":[\"https:\/\/web.facebook.com\/profile.php?id=61551502767851&mibextid=2JQ9oc&_rdc=1&_rdr\"],\"description\":\"Tropical Wings Birds is your destination for exotic avian companionship. Our boutique aviary in United States offers a curated selection of vibrant tropical birds sourced from reputable breeders worldwide. With a focus on welfare and expertise, our dedicated team is here to guide you on your journey to finding the perfect feathered friend. Visit us today and experience the magic of avian companionship at Tropical Wings Birds.\",\"legalName\":\"Tropical Wings Birds\",\"foundingDate\":\"2019-02-14\",\"numberOfEmployees\":{\"@type\":\"QuantitativeValue\",\"minValue\":\"1\",\"maxValue\":\"10\"},\"address\":{\"@id\":\"https:\/\/tropicalwingsbirds.shop\/shop\/buy-major-mitchells-cockatoos\/#local-main-place-address\"},\"geo\":{\"@type\":\"GeoCoordinates\",\"latitude\":\"40.5976725\",\"longitude\":\"-122.3716346\"},\"telephone\":[\"+1 707-733-4623\",\"+1 707-733-4623\"],\"contactPoint\":{\"@type\":\"ContactPoint\",\"telephone\":\"+1 707-733-4623\",\"email\":\"sales@tropicalwingsbirds.shop\"},\"openingHoursSpecification\":{\"@type\":\"OpeningHoursSpecification\",\"dayOfWeek\":[\"Monday\",\"Tuesday\",\"Wednesday\",\"Thursday\",\"Friday\",\"Saturday\",\"Sunday\"],\"opens\":\"00:00\",\"closes\":\"23:59\"},\"email\":\"sales@tropicalwingsbirds.shop\",\"faxNumber\":\"+1 707-733-4623\",\"areaServed\":\"United states, Porto Rico, Canada, Australia\",\"priceRange\":\"$\",\"currenciesAccepted\":\"USD, CAD, AUD,\",\"paymentAccepted\":\"Zelle, Paypal, Bitcoin, Apple pay, Credit cards, Bank transfers\"},{\"@type\":\"PostalAddress\",\"@id\":\"https:\/\/tropicalwingsbirds.shop\/shop\/buy-major-mitchells-cockatoos\/#local-main-place-address\",\"streetAddress\":\"500 Hilltop Dr,\",\"addressLocality\":\"Redding\",\"postalCode\":\"96003\",\"addressRegion\":\"California\",\"addressCountry\":\"US\"},{\"@type\":\"ImageObject\",\"inLanguage\":\"es\",\"@id\":\"https:\/\/tropicalwingsbirds.shop\/shop\/buy-major-mitchells-cockatoos\/#local-main-organization-logo\",\"url\":\"https:\/\/tropicalwingsbirds.shop\/wp-content\/uploads\/2024\/01\/tropical-wings-1.webp\",\"contentUrl\":\"https:\/\/tropicalwingsbirds.shop\/wp-content\/uploads\/2024\/01\/tropical-wings-1.webp\",\"width\":500,\"height\":500,\"caption\":\"Tropical Wings Birds Shop\"}]}<\/script>\n<meta property=\"product:price:currency\" content=\"USD\" \/>\n<meta property=\"og:availability\" content=\"instock\" \/>\n<meta property=\"product:availability\" content=\"instock\" \/>\n<meta property=\"product:condition\" content=\"new\" \/>\n<meta name=\"geo.placename\" content=\"Redding\" \/>\n<meta name=\"geo.position\" content=\"40.5976725;-122.3716346\" \/>\n<meta name=\"geo.region\" content=\"United States (US)\" \/>\n<!-- \/ Yoast SEO Premium plugin. -->","yoast_head_json":{"title":"Comprar cacat\u00faas del Mayor Mitchell - Tropical Wings Birds","robots":{"index":"index","follow":"follow","max-snippet":"max-snippet:-1","max-image-preview":"max-image-preview:large","max-video-preview":"max-video-preview:-1"},"canonical":"https:\/\/tropicalwingsbirds.shop\/es_pr\/comercio\/comprar-cacatuas-major-mitchells\/","og_locale":"es_ES","og_type":"article","og_title":"Buy Major Mitchell&#8217;s Cockatoos","og_description":"The Major Mitchell&#8217;s Cockatoo is an attractive and intelligent bird and is among the most sought-after cockatoo species. While it can be tempting to rush out and buy one of these beautiful birds, Major Mitchell&#8217;s Cockatoos need specialized care and environments that not all bird owners can accommodate. They are recommended for experienced bird owners, preferably those who are familiar with large parrots. &nbsp;","og_url":"https:\/\/tropicalwingsbirds.shop\/es_pr\/comercio\/comprar-cacatuas-major-mitchells\/","og_site_name":"Tropical Wings Birds","article_publisher":"https:\/\/web.facebook.com\/profile.php?id=61551502767851&mibextid=2JQ9oc&_rdc=1&_rdr","article_modified_time":"2023-12-03T14:07:42+00:00","og_image":[{"width":1080,"height":1080,"url":"https:\/\/tropicalwingsbirds.shop\/wp-content\/uploads\/2023\/12\/WhatsApp-Image-2021-04-08-at-03.46.07-1.jpeg","type":"image\/jpeg"}],"twitter_card":"summary_large_image","twitter_misc":{"Price":"","Availability":"In stock"},"schema":{"@context":"https:\/\/schema.org","@graph":[{"@type":"WebPage","@id":"https:\/\/tropicalwingsbirds.shop\/shop\/buy-major-mitchells-cockatoos\/","url":"https:\/\/tropicalwingsbirds.shop\/shop\/buy-major-mitchells-cockatoos\/","name":"Comprar cacat\u00faas del Mayor Mitchell - Tropical Wings Birds","isPartOf":{"@id":"https:\/\/tropicalwingsbirds.shop\/#website"},"primaryImageOfPage":{"@id":"https:\/\/tropicalwingsbirds.shop\/shop\/buy-major-mitchells-cockatoos\/#primaryimage"},"image":{"@id":"https:\/\/tropicalwingsbirds.shop\/shop\/buy-major-mitchells-cockatoos\/#primaryimage"},"thumbnailUrl":"https:\/\/tropicalwingsbirds.shop\/wp-content\/uploads\/2023\/12\/WhatsApp-Image-2021-04-08-at-03.46.07-1.jpeg","datePublished":"2023-12-03T14:06:00+00:00","dateModified":"2023-12-03T14:07:42+00:00","breadcrumb":{"@id":"https:\/\/tropicalwingsbirds.shop\/shop\/buy-major-mitchells-cockatoos\/#breadcrumb"},"inLanguage":"es","potentialAction":[{"@type":"ReadAction","target":["https:\/\/tropicalwingsbirds.shop\/shop\/buy-major-mitchells-cockatoos\/"]}]},{"@type":"ImageObject","inLanguage":"es","@id":"https:\/\/tropicalwingsbirds.shop\/shop\/buy-major-mitchells-cockatoos\/#primaryimage","url":"https:\/\/tropicalwingsbirds.shop\/wp-content\/uploads\/2023\/12\/WhatsApp-Image-2021-04-08-at-03.46.07-1.jpeg","contentUrl":"https:\/\/tropicalwingsbirds.shop\/wp-content\/uploads\/2023\/12\/WhatsApp-Image-2021-04-08-at-03.46.07-1.jpeg","width":1080,"height":1080},{"@type":"BreadcrumbList","@id":"https:\/\/tropicalwingsbirds.shop\/shop\/buy-major-mitchells-cockatoos\/#breadcrumb","itemListElement":[{"@type":"ListItem","position":1,"name":"Home","item":"https:\/\/tropicalwingsbirds.shop\/"},{"@type":"ListItem","position":2,"name":"Shop","item":"https:\/\/tropicalwingsbirds.shop\/shop\/"},{"@type":"ListItem","position":3,"name":"Buy Major Mitchell&#8217;s Cockatoos"}]},{"@type":"WebSite","@id":"https:\/\/tropicalwingsbirds.shop\/#website","url":"https:\/\/tropicalwingsbirds.shop\/","name":"Aves de alas tropicales","description":"Los mejores criadores de aves ex\u00f3ticas online","publisher":{"@id":"https:\/\/tropicalwingsbirds.shop\/#organization"},"potentialAction":[{"@type":"SearchAction","target":{"@type":"EntryPoint","urlTemplate":"https:\/\/tropicalwingsbirds.shop\/?s={search_term_string}"},"query-input":{"@type":"PropertyValueSpecification","valueRequired":true,"valueName":"search_term_string"}}],"inLanguage":"es"},{"@type":["Organization","Place","PetStore"],"@id":"https:\/\/tropicalwingsbirds.shop\/#organization","name":"Tropical Wings Birds Shop","alternateName":"TPWB","url":"https:\/\/tropicalwingsbirds.shop\/","logo":{"@id":"https:\/\/tropicalwingsbirds.shop\/shop\/buy-major-mitchells-cockatoos\/#local-main-organization-logo"},"image":{"@id":"https:\/\/tropicalwingsbirds.shop\/shop\/buy-major-mitchells-cockatoos\/#local-main-organization-logo"},"sameAs":["https:\/\/web.facebook.com\/profile.php?id=61551502767851&mibextid=2JQ9oc&_rdc=1&_rdr"],"description":"Tropical Wings Birds es su destino ideal para disfrutar de la compa\u00f1\u00eda de aves ex\u00f3ticas. Nuestro aviario boutique en Estados Unidos ofrece una cuidada selecci\u00f3n de vibrantes aves tropicales provenientes de criadores de renombre mundial. Con un enfoque en el bienestar y la experiencia, nuestro dedicado equipo est\u00e1 aqu\u00ed para guiarle en su b\u00fasqueda del compa\u00f1ero emplumado perfecto. Vis\u00edtenos hoy mismo y experimente la magia de la compa\u00f1\u00eda aviar en Tropical Wings Birds.","legalName":"Tropical Wings Birds","foundingDate":"2019-02-14","numberOfEmployees":{"@type":"QuantitativeValue","minValue":"1","maxValue":"10"},"address":{"@id":"https:\/\/tropicalwingsbirds.shop\/shop\/buy-major-mitchells-cockatoos\/#local-main-place-address"},"geo":{"@type":"GeoCoordinates","latitude":"40.5976725","longitude":"-122.3716346"},"telephone":["+1 707-733-4623","+1 707-733-4623"],"contactPoint":{"@type":"ContactPoint","telephone":"+1 707-733-4623","email":"sales@tropicalwingsbirds.shop"},"openingHoursSpecification":{"@type":"OpeningHoursSpecification","dayOfWeek":["Monday","Tuesday","Wednesday","Thursday","Friday","Saturday","Sunday"],"opens":"00:00","closes":"23:59"},"email":"sales@tropicalwingsbirds.shop","faxNumber":"+1 707-733-4623","areaServed":"United states, Porto Rico, Canada, Australia","priceRange":"$","currenciesAccepted":"USD, CAD, AUD,","paymentAccepted":"Zelle, Paypal, Bitcoin, Apple pay, Credit cards, Bank transfers"},{"@type":"PostalAddress","@id":"https:\/\/tropicalwingsbirds.shop\/shop\/buy-major-mitchells-cockatoos\/#local-main-place-address","streetAddress":"500 Hilltop Dr,","addressLocality":"Redding","postalCode":"96003","addressRegion":"California","addressCountry":"US"},{"@type":"ImageObject","inLanguage":"es","@id":"https:\/\/tropicalwingsbirds.shop\/shop\/buy-major-mitchells-cockatoos\/#local-main-organization-logo","url":"https:\/\/tropicalwingsbirds.shop\/wp-content\/uploads\/2024\/01\/tropical-wings-1.webp","contentUrl":"https:\/\/tropicalwingsbirds.shop\/wp-content\/uploads\/2024\/01\/tropical-wings-1.webp","width":500,"height":500,"caption":"Tropical Wings Birds Shop"}]},"product_price_currency":"USD","og_availability":"instock","product_availability":"instock","product_condition":"new","geo.placename":"Redding","geo.position":{"lat":"40.5976725","long":"-122.3716346"},"geo.region":"United States (US)"},"_links":{"self":[{"href":"https:\/\/tropicalwingsbirds.shop\/es_pr\/wp-json\/wp\/v2\/product\/596","targetHints":{"allow":["GET"]}}],"collection":[{"href":"https:\/\/tropicalwingsbirds.shop\/es_pr\/wp-json\/wp\/v2\/product"}],"about":[{"href":"https:\/\/tropicalwingsbirds.shop\/es_pr\/wp-json\/wp\/v2\/types\/product"}],"replies":[{"embeddable":true,"href":"https:\/\/tropicalwingsbirds.shop\/es_pr\/wp-json\/wp\/v2\/comments?post=596"}],"wp:featuredmedia":[{"embeddable":true,"href":"https:\/\/tropicalwingsbirds.shop\/es_pr\/wp-json\/wp\/v2\/media\/684"}],"wp:attachment":[{"href":"https:\/\/tropicalwingsbirds.shop\/es_pr\/wp-json\/wp\/v2\/media?parent=596"}],"wp:term":[{"taxonomy":"product_brand","embeddable":true,"href":"https:\/\/tropicalwingsbirds.shop\/es_pr\/wp-json\/wp\/v2\/product_brand?post=596"},{"taxonomy":"product_cat","embeddable":true,"href":"https:\/\/tropicalwingsbirds.shop\/es_pr\/wp-json\/wp\/v2\/product_cat?post=596"},{"taxonomy":"product_tag","embeddable":true,"href":"https:\/\/tropicalwingsbirds.shop\/es_pr\/wp-json\/wp\/v2\/product_tag?post=596"}],"curies":[{"name":"wp","href":"https:\/\/api.w.org\/{rel}","templated":true}]}}